{"id":73327,"date":"2024-04-18T16:00:59","date_gmt":"2024-04-18T14:00:59","guid":{"rendered":"https:\/\/clavreuil-wordpress.logiciel-arteo.fr\/amiraute-de-morlaix-jugement-des-commissaires-etablis-pour-la-verification-des-droits-maritimes-qui-fixe-le-droit-de-tolleau-appartenant-aux-sieurs-de-catuelan-sur-le-poisson-amene-par-bateaux-au\/"},"modified":"2024-04-22T15:57:43","modified_gmt":"2024-04-22T13:57:43","slug":"amiraute-de-morlaix-jugement-des-commissaires-etablis-pour-la-verification-des-droits-maritimes-qui-fixe-le-droit-de-tolleau-appartenant-aux-sieurs-de-catuelan-sur-le-poisson-amene-par-bateaux-au","status":"publish","type":"product","link":"https:\/\/clavreuil-wordpress.logiciel-arteo.fr\/en\/amiraute-de-morlaix-jugement-des-commissaires-etablis-pour-la-verification-des-droits-maritimes-qui-fixe-le-droit-de-tolleau-appartenant-aux-sieurs-de-catuelan-sur-le-poisson-amene-par-bateaux-au\/","title":{"rendered":"MARINE Amiraut\u00e9 de Morlaix : Jugement des commissaires..."},"content":{"rendered":"<p>Judgement regulating the duties levied by the Sirs of Catuelan in the port of Lannion.<\/p>\n<p>&quot;Sur chacun bateau portant poisson &amp; des deux c&ocirc;t&eacute;s du m&acirc;t, en deux poissons &amp; huit deniers, s&#039;il n&#039;y en a qu&#039;&agrave; un bout, en quatre denier &amp; un poisson, le second apr&egrave;s le choix du marchand apr&egrave;s qu&#039;il en aura pris un&quot;.<\/p>\n","protected":false},"excerpt":{"rendered":"<p>4to (242 x 195 mm) 6 pp., 1 unn.l. (blank). Unbound.<\/p>\n","protected":false},"featured_media":73324,"comment_status":"open","ping_status":"closed","template":"","meta":{"_acf_changed":false},"product_brand":[],"product_cat":[536],"product_tag":[562],"class_list":{"0":"post-73327","1":"product","2":"type-product","3":"status-publish","4":"has-post-thumbnail","6":"product_cat-right-economy","7":"product_tag-marine-2","8":"pa_auteur-marine-3","9":"pa_type-de-livre-printed-book","11":"first","12":"instock","13":"shipping-taxable","14":"purchasable","15":"product-type-simple"},"acf":[],"yoast_head":"<!-- This site is optimized with the Yoast SEO plugin v24.3 - https:\/\/yoast.com\/wordpress\/plugins\/seo\/ -->\n<title>MARINE  Amiraut\u00e9 de Morlaix : Jugement des commissaires \u00e9tablis pour la v\u00e9rification des droits maritimes. Qui fixe le droit de Tolleau, appartenant aux sieurs de Catuelan, sur le poisson amen\u00e9 par bateaux au port de la ville de Lannion. - Libairie Clavreuil<\/title>\n<meta name=\"robots\" content=\"noindex, follow, max-snippet:-1, max-image-preview:large, max-video-preview:-1\" \/>\n<meta property=\"og:locale\" content=\"en_US\" \/>\n<meta property=\"og:type\" content=\"article\" \/>\n<meta property=\"og:title\" content=\"MARINE  Amiraut\u00e9 de Morlaix : Jugement des commissaires \u00e9tablis pour la v\u00e9rification des droits maritimes. Qui fixe le droit de Tolleau, appartenant aux sieurs de Catuelan, sur le poisson amen\u00e9 par bateaux au port de la ville de Lannion. - Libairie Clavreuil\" \/>\n<meta property=\"og:description\" content=\"4to (242 x 195 mm) 6 pp., 1 unn.l. (blank). Unbound.\" \/>\n<meta property=\"og:url\" content=\"https:\/\/clavreuil-wordpress.logiciel-arteo.fr\/en\/amiraute-de-morlaix-jugement-des-commissaires-etablis-pour-la-verification-des-droits-maritimes-qui-fixe-le-droit-de-tolleau-appartenant-aux-sieurs-de-catuelan-sur-le-poisson-amene-par-bateaux-au\/\" \/>\n<meta property=\"og:site_name\" content=\"Libairie Clavreuil\" \/>\n<meta property=\"article:modified_time\" content=\"2024-04-22T13:57:43+00:00\" \/>\n<meta property=\"og:image\" content=\"https:\/\/clavreuil-wordpress.logiciel-arteo.fr\/wp-content\/uploads\/2024\/04\/marine-amiraute-de-morlaix-jugement-des-commissaires-etablis-pour-la-verification-des-droits-maritimes-qui-fixe-le-droit-de-tolleau-appartenant-aux-si-scaled.jpg\" \/>\n\t<meta property=\"og:image:width\" content=\"2193\" \/>\n\t<meta property=\"og:image:height\" content=\"2560\" \/>\n\t<meta property=\"og:image:type\" content=\"image\/jpeg\" \/>\n<meta name=\"twitter:card\" content=\"summary_large_image\" \/>\n<script type=\"application\/ld+json\" class=\"yoast-schema-graph\">{\"@context\":\"https:\/\/schema.org\",\"@graph\":[{\"@type\":\"WebPage\",\"@id\":\"https:\/\/clavreuil-wordpress.logiciel-arteo.fr\/en\/amiraute-de-morlaix-jugement-des-commissaires-etablis-pour-la-verification-des-droits-maritimes-qui-fixe-le-droit-de-tolleau-appartenant-aux-sieurs-de-catuelan-sur-le-poisson-amene-par-bateaux-au\/\",\"url\":\"https:\/\/clavreuil-wordpress.logiciel-arteo.fr\/en\/amiraute-de-morlaix-jugement-des-commissaires-etablis-pour-la-verification-des-droits-maritimes-qui-fixe-le-droit-de-tolleau-appartenant-aux-sieurs-de-catuelan-sur-le-poisson-amene-par-bateaux-au\/\",\"name\":\"MARINE Amiraut\u00e9 de Morlaix : Jugement des commissaires \u00e9tablis pour la v\u00e9rification des droits maritimes. Qui fixe le droit de Tolleau, appartenant aux sieurs de Catuelan, sur le poisson amen\u00e9 par bateaux au port de la ville de Lannion. - Libairie Clavreuil\",\"isPartOf\":{\"@id\":\"https:\/\/clavreuil-wordpress.logiciel-arteo.fr\/#website\"},\"primaryImageOfPage\":{\"@id\":\"https:\/\/clavreuil-wordpress.logiciel-arteo.fr\/en\/amiraute-de-morlaix-jugement-des-commissaires-etablis-pour-la-verification-des-droits-maritimes-qui-fixe-le-droit-de-tolleau-appartenant-aux-sieurs-de-catuelan-sur-le-poisson-amene-par-bateaux-au\/#primaryimage\"},\"image\":{\"@id\":\"https:\/\/clavreuil-wordpress.logiciel-arteo.fr\/en\/amiraute-de-morlaix-jugement-des-commissaires-etablis-pour-la-verification-des-droits-maritimes-qui-fixe-le-droit-de-tolleau-appartenant-aux-sieurs-de-catuelan-sur-le-poisson-amene-par-bateaux-au\/#primaryimage\"},\"thumbnailUrl\":\"https:\/\/clavreuil-wordpress.logiciel-arteo.fr\/wp-content\/uploads\/2024\/04\/marine-amiraute-de-morlaix-jugement-des-commissaires-etablis-pour-la-verification-des-droits-maritimes-qui-fixe-le-droit-de-tolleau-appartenant-aux-si-scaled.jpg\",\"datePublished\":\"2024-04-18T14:00:59+00:00\",\"dateModified\":\"2024-04-22T13:57:43+00:00\",\"breadcrumb\":{\"@id\":\"https:\/\/clavreuil-wordpress.logiciel-arteo.fr\/en\/amiraute-de-morlaix-jugement-des-commissaires-etablis-pour-la-verification-des-droits-maritimes-qui-fixe-le-droit-de-tolleau-appartenant-aux-sieurs-de-catuelan-sur-le-poisson-amene-par-bateaux-au\/#breadcrumb\"},\"inLanguage\":\"en-US\",\"potentialAction\":[{\"@type\":\"ReadAction\",\"target\":[\"https:\/\/clavreuil-wordpress.logiciel-arteo.fr\/en\/amiraute-de-morlaix-jugement-des-commissaires-etablis-pour-la-verification-des-droits-maritimes-qui-fixe-le-droit-de-tolleau-appartenant-aux-sieurs-de-catuelan-sur-le-poisson-amene-par-bateaux-au\/\"]}]},{\"@type\":\"ImageObject\",\"inLanguage\":\"en-US\",\"@id\":\"https:\/\/clavreuil-wordpress.logiciel-arteo.fr\/en\/amiraute-de-morlaix-jugement-des-commissaires-etablis-pour-la-verification-des-droits-maritimes-qui-fixe-le-droit-de-tolleau-appartenant-aux-sieurs-de-catuelan-sur-le-poisson-amene-par-bateaux-au\/#primaryimage\",\"url\":\"https:\/\/clavreuil-wordpress.logiciel-arteo.fr\/wp-content\/uploads\/2024\/04\/marine-amiraute-de-morlaix-jugement-des-commissaires-etablis-pour-la-verification-des-droits-maritimes-qui-fixe-le-droit-de-tolleau-appartenant-aux-si-scaled.jpg\",\"contentUrl\":\"https:\/\/clavreuil-wordpress.logiciel-arteo.fr\/wp-content\/uploads\/2024\/04\/marine-amiraute-de-morlaix-jugement-des-commissaires-etablis-pour-la-verification-des-droits-maritimes-qui-fixe-le-droit-de-tolleau-appartenant-aux-si-scaled.jpg\",\"width\":2193,\"height\":2560},{\"@type\":\"BreadcrumbList\",\"@id\":\"https:\/\/clavreuil-wordpress.logiciel-arteo.fr\/en\/amiraute-de-morlaix-jugement-des-commissaires-etablis-pour-la-verification-des-droits-maritimes-qui-fixe-le-droit-de-tolleau-appartenant-aux-sieurs-de-catuelan-sur-le-poisson-amene-par-bateaux-au\/#breadcrumb\",\"itemListElement\":[{\"@type\":\"ListItem\",\"position\":1,\"name\":\"Accueil\",\"item\":\"https:\/\/clavreuil-wordpress.logiciel-arteo.fr\/\"},{\"@type\":\"ListItem\",\"position\":2,\"name\":\"All our books\",\"item\":\"https:\/\/clavreuil-wordpress.logiciel-arteo.fr\/en\/all-our-books\/\"},{\"@type\":\"ListItem\",\"position\":3,\"name\":\"MARINE Amiraut\u00e9 de Morlaix : Jugement des commissaires...\"}]},{\"@type\":\"WebSite\",\"@id\":\"https:\/\/clavreuil-wordpress.logiciel-arteo.fr\/#website\",\"url\":\"https:\/\/clavreuil-wordpress.logiciel-arteo.fr\/\",\"name\":\"Libairie Clavreuil\",\"description\":\"\",\"publisher\":{\"@id\":\"https:\/\/clavreuil-wordpress.logiciel-arteo.fr\/#organization\"},\"potentialAction\":[{\"@type\":\"SearchAction\",\"target\":{\"@type\":\"EntryPoint\",\"urlTemplate\":\"https:\/\/clavreuil-wordpress.logiciel-arteo.fr\/?s={search_term_string}\"},\"query-input\":{\"@type\":\"PropertyValueSpecification\",\"valueRequired\":true,\"valueName\":\"search_term_string\"}}],\"inLanguage\":\"en-US\"},{\"@type\":\"Organization\",\"@id\":\"https:\/\/clavreuil-wordpress.logiciel-arteo.fr\/#organization\",\"name\":\"Libairie Clavreuil\",\"url\":\"https:\/\/clavreuil-wordpress.logiciel-arteo.fr\/\",\"logo\":{\"@type\":\"ImageObject\",\"inLanguage\":\"en-US\",\"@id\":\"https:\/\/clavreuil-wordpress.logiciel-arteo.fr\/#\/schema\/logo\/image\/\",\"url\":\"https:\/\/clavreuil-wordpress.logiciel-arteo.fr\/wp-content\/uploads\/2021\/05\/LOGO_PNG_DATE-_gold.png\",\"contentUrl\":\"https:\/\/clavreuil-wordpress.logiciel-arteo.fr\/wp-content\/uploads\/2021\/05\/LOGO_PNG_DATE-_gold.png\",\"width\":2083,\"height\":1917,\"caption\":\"Libairie Clavreuil\"},\"image\":{\"@id\":\"https:\/\/clavreuil-wordpress.logiciel-arteo.fr\/#\/schema\/logo\/image\/\"}}]}<\/script>\n<!-- \/ Yoast SEO plugin. -->","yoast_head_json":{"title":"MARINE  Amiraut\u00e9 de Morlaix : Jugement des commissaires \u00e9tablis pour la v\u00e9rification des droits maritimes. Qui fixe le droit de Tolleau, appartenant aux sieurs de Catuelan, sur le poisson amen\u00e9 par bateaux au port de la ville de Lannion. - Libairie Clavreuil","robots":{"index":"noindex","follow":"follow","max-snippet":"max-snippet:-1","max-image-preview":"max-image-preview:large","max-video-preview":"max-video-preview:-1"},"og_locale":"en_US","og_type":"article","og_title":"MARINE  Amiraut\u00e9 de Morlaix : Jugement des commissaires \u00e9tablis pour la v\u00e9rification des droits maritimes. Qui fixe le droit de Tolleau, appartenant aux sieurs de Catuelan, sur le poisson amen\u00e9 par bateaux au port de la ville de Lannion. - Libairie Clavreuil","og_description":"4to (242 x 195 mm) 6 pp., 1 unn.l. (blank). Unbound.","og_url":"https:\/\/clavreuil-wordpress.logiciel-arteo.fr\/en\/amiraute-de-morlaix-jugement-des-commissaires-etablis-pour-la-verification-des-droits-maritimes-qui-fixe-le-droit-de-tolleau-appartenant-aux-sieurs-de-catuelan-sur-le-poisson-amene-par-bateaux-au\/","og_site_name":"Libairie Clavreuil","article_modified_time":"2024-04-22T13:57:43+00:00","og_image":[{"width":2193,"height":2560,"url":"https:\/\/clavreuil-wordpress.logiciel-arteo.fr\/wp-content\/uploads\/2024\/04\/marine-amiraute-de-morlaix-jugement-des-commissaires-etablis-pour-la-verification-des-droits-maritimes-qui-fixe-le-droit-de-tolleau-appartenant-aux-si-scaled.jpg","type":"image\/jpeg"}],"twitter_card":"summary_large_image","schema":{"@context":"https:\/\/schema.org","@graph":[{"@type":"WebPage","@id":"https:\/\/clavreuil-wordpress.logiciel-arteo.fr\/en\/amiraute-de-morlaix-jugement-des-commissaires-etablis-pour-la-verification-des-droits-maritimes-qui-fixe-le-droit-de-tolleau-appartenant-aux-sieurs-de-catuelan-sur-le-poisson-amene-par-bateaux-au\/","url":"https:\/\/clavreuil-wordpress.logiciel-arteo.fr\/en\/amiraute-de-morlaix-jugement-des-commissaires-etablis-pour-la-verification-des-droits-maritimes-qui-fixe-le-droit-de-tolleau-appartenant-aux-sieurs-de-catuelan-sur-le-poisson-amene-par-bateaux-au\/","name":"MARINE Amiraut\u00e9 de Morlaix : Jugement des commissaires \u00e9tablis pour la v\u00e9rification des droits maritimes. Qui fixe le droit de Tolleau, appartenant aux sieurs de Catuelan, sur le poisson amen\u00e9 par bateaux au port de la ville de Lannion. - Libairie Clavreuil","isPartOf":{"@id":"https:\/\/clavreuil-wordpress.logiciel-arteo.fr\/#website"},"primaryImageOfPage":{"@id":"https:\/\/clavreuil-wordpress.logiciel-arteo.fr\/en\/amiraute-de-morlaix-jugement-des-commissaires-etablis-pour-la-verification-des-droits-maritimes-qui-fixe-le-droit-de-tolleau-appartenant-aux-sieurs-de-catuelan-sur-le-poisson-amene-par-bateaux-au\/#primaryimage"},"image":{"@id":"https:\/\/clavreuil-wordpress.logiciel-arteo.fr\/en\/amiraute-de-morlaix-jugement-des-commissaires-etablis-pour-la-verification-des-droits-maritimes-qui-fixe-le-droit-de-tolleau-appartenant-aux-sieurs-de-catuelan-sur-le-poisson-amene-par-bateaux-au\/#primaryimage"},"thumbnailUrl":"https:\/\/clavreuil-wordpress.logiciel-arteo.fr\/wp-content\/uploads\/2024\/04\/marine-amiraute-de-morlaix-jugement-des-commissaires-etablis-pour-la-verification-des-droits-maritimes-qui-fixe-le-droit-de-tolleau-appartenant-aux-si-scaled.jpg","datePublished":"2024-04-18T14:00:59+00:00","dateModified":"2024-04-22T13:57:43+00:00","breadcrumb":{"@id":"https:\/\/clavreuil-wordpress.logiciel-arteo.fr\/en\/amiraute-de-morlaix-jugement-des-commissaires-etablis-pour-la-verification-des-droits-maritimes-qui-fixe-le-droit-de-tolleau-appartenant-aux-sieurs-de-catuelan-sur-le-poisson-amene-par-bateaux-au\/#breadcrumb"},"inLanguage":"en-US","potentialAction":[{"@type":"ReadAction","target":["https:\/\/clavreuil-wordpress.logiciel-arteo.fr\/en\/amiraute-de-morlaix-jugement-des-commissaires-etablis-pour-la-verification-des-droits-maritimes-qui-fixe-le-droit-de-tolleau-appartenant-aux-sieurs-de-catuelan-sur-le-poisson-amene-par-bateaux-au\/"]}]},{"@type":"ImageObject","inLanguage":"en-US","@id":"https:\/\/clavreuil-wordpress.logiciel-arteo.fr\/en\/amiraute-de-morlaix-jugement-des-commissaires-etablis-pour-la-verification-des-droits-maritimes-qui-fixe-le-droit-de-tolleau-appartenant-aux-sieurs-de-catuelan-sur-le-poisson-amene-par-bateaux-au\/#primaryimage","url":"https:\/\/clavreuil-wordpress.logiciel-arteo.fr\/wp-content\/uploads\/2024\/04\/marine-amiraute-de-morlaix-jugement-des-commissaires-etablis-pour-la-verification-des-droits-maritimes-qui-fixe-le-droit-de-tolleau-appartenant-aux-si-scaled.jpg","contentUrl":"https:\/\/clavreuil-wordpress.logiciel-arteo.fr\/wp-content\/uploads\/2024\/04\/marine-amiraute-de-morlaix-jugement-des-commissaires-etablis-pour-la-verification-des-droits-maritimes-qui-fixe-le-droit-de-tolleau-appartenant-aux-si-scaled.jpg","width":2193,"height":2560},{"@type":"BreadcrumbList","@id":"https:\/\/clavreuil-wordpress.logiciel-arteo.fr\/en\/amiraute-de-morlaix-jugement-des-commissaires-etablis-pour-la-verification-des-droits-maritimes-qui-fixe-le-droit-de-tolleau-appartenant-aux-sieurs-de-catuelan-sur-le-poisson-amene-par-bateaux-au\/#breadcrumb","itemListElement":[{"@type":"ListItem","position":1,"name":"Accueil","item":"https:\/\/clavreuil-wordpress.logiciel-arteo.fr\/"},{"@type":"ListItem","position":2,"name":"All our books","item":"https:\/\/clavreuil-wordpress.logiciel-arteo.fr\/en\/all-our-books\/"},{"@type":"ListItem","position":3,"name":"MARINE Amiraut\u00e9 de Morlaix : Jugement des commissaires..."}]},{"@type":"WebSite","@id":"https:\/\/clavreuil-wordpress.logiciel-arteo.fr\/#website","url":"https:\/\/clavreuil-wordpress.logiciel-arteo.fr\/","name":"Libairie Clavreuil","description":"","publisher":{"@id":"https:\/\/clavreuil-wordpress.logiciel-arteo.fr\/#organization"},"potentialAction":[{"@type":"SearchAction","target":{"@type":"EntryPoint","urlTemplate":"https:\/\/clavreuil-wordpress.logiciel-arteo.fr\/?s={search_term_string}"},"query-input":{"@type":"PropertyValueSpecification","valueRequired":true,"valueName":"search_term_string"}}],"inLanguage":"en-US"},{"@type":"Organization","@id":"https:\/\/clavreuil-wordpress.logiciel-arteo.fr\/#organization","name":"Libairie Clavreuil","url":"https:\/\/clavreuil-wordpress.logiciel-arteo.fr\/","logo":{"@type":"ImageObject","inLanguage":"en-US","@id":"https:\/\/clavreuil-wordpress.logiciel-arteo.fr\/#\/schema\/logo\/image\/","url":"https:\/\/clavreuil-wordpress.logiciel-arteo.fr\/wp-content\/uploads\/2021\/05\/LOGO_PNG_DATE-_gold.png","contentUrl":"https:\/\/clavreuil-wordpress.logiciel-arteo.fr\/wp-content\/uploads\/2021\/05\/LOGO_PNG_DATE-_gold.png","width":2083,"height":1917,"caption":"Libairie Clavreuil"},"image":{"@id":"https:\/\/clavreuil-wordpress.logiciel-arteo.fr\/#\/schema\/logo\/image\/"}}]}},"_links":{"self":[{"href":"https:\/\/clavreuil-wordpress.logiciel-arteo.fr\/en\/wp-json\/wp\/v2\/product\/73327","targetHints":{"allow":["GET"]}}],"collection":[{"href":"https:\/\/clavreuil-wordpress.logiciel-arteo.fr\/en\/wp-json\/wp\/v2\/product"}],"about":[{"href":"https:\/\/clavreuil-wordpress.logiciel-arteo.fr\/en\/wp-json\/wp\/v2\/types\/product"}],"replies":[{"embeddable":true,"href":"https:\/\/clavreuil-wordpress.logiciel-arteo.fr\/en\/wp-json\/wp\/v2\/comments?post=73327"}],"wp:featuredmedia":[{"embeddable":true,"href":"https:\/\/clavreuil-wordpress.logiciel-arteo.fr\/en\/wp-json\/wp\/v2\/media\/73324"}],"wp:attachment":[{"href":"https:\/\/clavreuil-wordpress.logiciel-arteo.fr\/en\/wp-json\/wp\/v2\/media?parent=73327"}],"wp:term":[{"taxonomy":"product_brand","embeddable":true,"href":"https:\/\/clavreuil-wordpress.logiciel-arteo.fr\/en\/wp-json\/wp\/v2\/product_brand?post=73327"},{"taxonomy":"product_cat","embeddable":true,"href":"https:\/\/clavreuil-wordpress.logiciel-arteo.fr\/en\/wp-json\/wp\/v2\/product_cat?post=73327"},{"taxonomy":"product_tag","embeddable":true,"href":"https:\/\/clavreuil-wordpress.logiciel-arteo.fr\/en\/wp-json\/wp\/v2\/product_tag?post=73327"}],"curies":[{"name":"wp","href":"https:\/\/api.w.org\/{rel}","templated":true}]}}