{"id":73341,"date":"2024-04-18T16:02:41","date_gmt":"2024-04-18T14:02:41","guid":{"rendered":"https:\/\/clavreuil-wordpress.logiciel-arteo.fr\/arrest-du-conseil-destat-du-roi-portant-reglement-pour-le-commerce-qui-se-fait-a-marseille-des-toiles-de-coton-blanche-etoffes-de-soye-pure-ou-meslees-dor-dargent-decorce-darbres-d\/"},"modified":"2024-04-22T15:59:40","modified_gmt":"2024-04-22T13:59:40","slug":"arrest-du-conseil-destat-du-roi-portant-reglement-pour-le-commerce-qui-se-fait-a-marseille-des-toiles-de-coton-blanche-etoffes-de-soye-pure-ou-meslees-dor-dargent-decorce-darbres-d","status":"publish","type":"product","link":"https:\/\/clavreuil-wordpress.logiciel-arteo.fr\/en\/arrest-du-conseil-destat-du-roi-portant-reglement-pour-le-commerce-qui-se-fait-a-marseille-des-toiles-de-coton-blanche-etoffes-de-soye-pure-ou-meslees-dor-dargent-decorce-darbres-d\/","title":{"rendered":"COMPAGNIE DES INDES Arrest du conseil d&#8217;estat du..."},"content":{"rendered":"<p style=\"text-align:justify\">Ruling concerning the import of tissue by the East India Company, mentioning John Law in his capacity as King&#039;s Councillor&#039; &quot;o&uuml;y le rapport su Sr. Law, conseiller du roi en tous ses conseils&quot;.<\/p>\n<p style=\"text-align:justify\">&quot;Sur ce qui a est&eacute; repr&eacute;sent&eacute; au roy, estant en son conseil, par la Compagnie des Indes, que pour favoriser les manufactures du royaume, l&#039;entr&eacute;e par tous les ports &amp; passages &amp; l&#039;usage des toiles peintes &amp; &eacute;toffes des Indes, de la Chine &amp; du Levant ont est&eacute; prohibez par plusieurs arrests sous des peines tr&egrave;s s&eacute;v&egrave;re&quot;.<\/p>\n<p style=\"text-align:justify\">Bound, small light waterstain<\/p>\n","protected":false},"excerpt":{"rendered":"<p>4to (250 x 197 mm) 4 pp. Unbound, modern marbled paper.&nbsp;<\/p>\n","protected":false},"featured_media":73338,"comment_status":"open","ping_status":"closed","template":"","meta":{"_acf_changed":false},"product_brand":[],"product_cat":[536],"product_tag":[1217,560],"class_list":{"0":"post-73341","1":"product","2":"type-product","3":"status-publish","4":"has-post-thumbnail","6":"product_cat-right-economy","7":"product_tag-arrest","8":"product_tag-trade","9":"pa_auteur-compagnie-des-indes-2","10":"pa_type-de-livre-printed-book","12":"first","13":"instock","14":"shipping-taxable","15":"purchasable","16":"product-type-simple"},"acf":[],"yoast_head":"<!-- This site is optimized with the Yoast SEO plugin v24.3 - https:\/\/yoast.com\/wordpress\/plugins\/seo\/ -->\n<title>COMPAGNIE DES INDES  Arrest du conseil d&#039;estat du roi, portant r\u00e8glement pour le commerce qui se fait \u00e0 Marseille des toiles de coton blanche, \u00e9toffes de soye pure, ou mesl\u00e9es d&#039;or &amp; d&#039;argent, d&#039;\u00e9corce d&#039;arbres du cr\u00fb ou fabrique du Levant. - Libairie Clavreuil<\/title>\n<meta name=\"robots\" content=\"noindex, follow, max-snippet:-1, max-image-preview:large, max-video-preview:-1\" \/>\n<meta property=\"og:locale\" content=\"en_US\" \/>\n<meta property=\"og:type\" content=\"article\" \/>\n<meta property=\"og:title\" content=\"COMPAGNIE DES INDES  Arrest du conseil d&#039;estat du roi, portant r\u00e8glement pour le commerce qui se fait \u00e0 Marseille des toiles de coton blanche, \u00e9toffes de soye pure, ou mesl\u00e9es d&#039;or &amp; d&#039;argent, d&#039;\u00e9corce d&#039;arbres du cr\u00fb ou fabrique du Levant. - Libairie Clavreuil\" \/>\n<meta property=\"og:description\" content=\"4to (250 x 197 mm) 4 pp. Unbound, modern marbled paper.&nbsp;\" \/>\n<meta property=\"og:url\" content=\"https:\/\/clavreuil-wordpress.logiciel-arteo.fr\/en\/arrest-du-conseil-destat-du-roi-portant-reglement-pour-le-commerce-qui-se-fait-a-marseille-des-toiles-de-coton-blanche-etoffes-de-soye-pure-ou-meslees-dor-dargent-decorce-darbres-d\/\" \/>\n<meta property=\"og:site_name\" content=\"Libairie Clavreuil\" \/>\n<meta property=\"article:modified_time\" content=\"2024-04-22T13:59:40+00:00\" \/>\n<meta property=\"og:image\" content=\"https:\/\/clavreuil-wordpress.logiciel-arteo.fr\/wp-content\/uploads\/2024\/04\/compagnie-des-indes-arrest-du-conseil-d-estat-du-roi-portant-reglement-pour-le-commerce-qui-se-fait-a-marseille-des-toiles-de-coton-blanche-etoffes-de-scaled.jpg\" \/>\n\t<meta property=\"og:image:width\" content=\"2025\" \/>\n\t<meta property=\"og:image:height\" content=\"2560\" \/>\n\t<meta property=\"og:image:type\" content=\"image\/jpeg\" \/>\n<meta name=\"twitter:card\" content=\"summary_large_image\" \/>\n<meta name=\"twitter:label1\" content=\"Est. reading time\" \/>\n\t<meta name=\"twitter:data1\" content=\"1 minute\" \/>\n<script type=\"application\/ld+json\" class=\"yoast-schema-graph\">{\"@context\":\"https:\/\/schema.org\",\"@graph\":[{\"@type\":\"WebPage\",\"@id\":\"https:\/\/clavreuil-wordpress.logiciel-arteo.fr\/en\/arrest-du-conseil-destat-du-roi-portant-reglement-pour-le-commerce-qui-se-fait-a-marseille-des-toiles-de-coton-blanche-etoffes-de-soye-pure-ou-meslees-dor-dargent-decorce-darbres-d\/\",\"url\":\"https:\/\/clavreuil-wordpress.logiciel-arteo.fr\/en\/arrest-du-conseil-destat-du-roi-portant-reglement-pour-le-commerce-qui-se-fait-a-marseille-des-toiles-de-coton-blanche-etoffes-de-soye-pure-ou-meslees-dor-dargent-decorce-darbres-d\/\",\"name\":\"COMPAGNIE DES INDES Arrest du conseil d'estat du roi, portant r\u00e8glement pour le commerce qui se fait \u00e0 Marseille des toiles de coton blanche, \u00e9toffes de soye pure, ou mesl\u00e9es d'or &amp; d'argent, d'\u00e9corce d'arbres du cr\u00fb ou fabrique du Levant. - Libairie Clavreuil\",\"isPartOf\":{\"@id\":\"https:\/\/clavreuil-wordpress.logiciel-arteo.fr\/#website\"},\"primaryImageOfPage\":{\"@id\":\"https:\/\/clavreuil-wordpress.logiciel-arteo.fr\/en\/arrest-du-conseil-destat-du-roi-portant-reglement-pour-le-commerce-qui-se-fait-a-marseille-des-toiles-de-coton-blanche-etoffes-de-soye-pure-ou-meslees-dor-dargent-decorce-darbres-d\/#primaryimage\"},\"image\":{\"@id\":\"https:\/\/clavreuil-wordpress.logiciel-arteo.fr\/en\/arrest-du-conseil-destat-du-roi-portant-reglement-pour-le-commerce-qui-se-fait-a-marseille-des-toiles-de-coton-blanche-etoffes-de-soye-pure-ou-meslees-dor-dargent-decorce-darbres-d\/#primaryimage\"},\"thumbnailUrl\":\"https:\/\/clavreuil-wordpress.logiciel-arteo.fr\/wp-content\/uploads\/2024\/04\/compagnie-des-indes-arrest-du-conseil-d-estat-du-roi-portant-reglement-pour-le-commerce-qui-se-fait-a-marseille-des-toiles-de-coton-blanche-etoffes-de-scaled.jpg\",\"datePublished\":\"2024-04-18T14:02:41+00:00\",\"dateModified\":\"2024-04-22T13:59:40+00:00\",\"breadcrumb\":{\"@id\":\"https:\/\/clavreuil-wordpress.logiciel-arteo.fr\/en\/arrest-du-conseil-destat-du-roi-portant-reglement-pour-le-commerce-qui-se-fait-a-marseille-des-toiles-de-coton-blanche-etoffes-de-soye-pure-ou-meslees-dor-dargent-decorce-darbres-d\/#breadcrumb\"},\"inLanguage\":\"en-US\",\"potentialAction\":[{\"@type\":\"ReadAction\",\"target\":[\"https:\/\/clavreuil-wordpress.logiciel-arteo.fr\/en\/arrest-du-conseil-destat-du-roi-portant-reglement-pour-le-commerce-qui-se-fait-a-marseille-des-toiles-de-coton-blanche-etoffes-de-soye-pure-ou-meslees-dor-dargent-decorce-darbres-d\/\"]}]},{\"@type\":\"ImageObject\",\"inLanguage\":\"en-US\",\"@id\":\"https:\/\/clavreuil-wordpress.logiciel-arteo.fr\/en\/arrest-du-conseil-destat-du-roi-portant-reglement-pour-le-commerce-qui-se-fait-a-marseille-des-toiles-de-coton-blanche-etoffes-de-soye-pure-ou-meslees-dor-dargent-decorce-darbres-d\/#primaryimage\",\"url\":\"https:\/\/clavreuil-wordpress.logiciel-arteo.fr\/wp-content\/uploads\/2024\/04\/compagnie-des-indes-arrest-du-conseil-d-estat-du-roi-portant-reglement-pour-le-commerce-qui-se-fait-a-marseille-des-toiles-de-coton-blanche-etoffes-de-scaled.jpg\",\"contentUrl\":\"https:\/\/clavreuil-wordpress.logiciel-arteo.fr\/wp-content\/uploads\/2024\/04\/compagnie-des-indes-arrest-du-conseil-d-estat-du-roi-portant-reglement-pour-le-commerce-qui-se-fait-a-marseille-des-toiles-de-coton-blanche-etoffes-de-scaled.jpg\",\"width\":2025,\"height\":2560},{\"@type\":\"BreadcrumbList\",\"@id\":\"https:\/\/clavreuil-wordpress.logiciel-arteo.fr\/en\/arrest-du-conseil-destat-du-roi-portant-reglement-pour-le-commerce-qui-se-fait-a-marseille-des-toiles-de-coton-blanche-etoffes-de-soye-pure-ou-meslees-dor-dargent-decorce-darbres-d\/#breadcrumb\",\"itemListElement\":[{\"@type\":\"ListItem\",\"position\":1,\"name\":\"Accueil\",\"item\":\"https:\/\/clavreuil-wordpress.logiciel-arteo.fr\/\"},{\"@type\":\"ListItem\",\"position\":2,\"name\":\"All our books\",\"item\":\"https:\/\/clavreuil-wordpress.logiciel-arteo.fr\/en\/all-our-books\/\"},{\"@type\":\"ListItem\",\"position\":3,\"name\":\"COMPAGNIE DES INDES Arrest du conseil d&#8217;estat du...\"}]},{\"@type\":\"WebSite\",\"@id\":\"https:\/\/clavreuil-wordpress.logiciel-arteo.fr\/#website\",\"url\":\"https:\/\/clavreuil-wordpress.logiciel-arteo.fr\/\",\"name\":\"Libairie Clavreuil\",\"description\":\"\",\"publisher\":{\"@id\":\"https:\/\/clavreuil-wordpress.logiciel-arteo.fr\/#organization\"},\"potentialAction\":[{\"@type\":\"SearchAction\",\"target\":{\"@type\":\"EntryPoint\",\"urlTemplate\":\"https:\/\/clavreuil-wordpress.logiciel-arteo.fr\/?s={search_term_string}\"},\"query-input\":{\"@type\":\"PropertyValueSpecification\",\"valueRequired\":true,\"valueName\":\"search_term_string\"}}],\"inLanguage\":\"en-US\"},{\"@type\":\"Organization\",\"@id\":\"https:\/\/clavreuil-wordpress.logiciel-arteo.fr\/#organization\",\"name\":\"Libairie Clavreuil\",\"url\":\"https:\/\/clavreuil-wordpress.logiciel-arteo.fr\/\",\"logo\":{\"@type\":\"ImageObject\",\"inLanguage\":\"en-US\",\"@id\":\"https:\/\/clavreuil-wordpress.logiciel-arteo.fr\/#\/schema\/logo\/image\/\",\"url\":\"https:\/\/clavreuil-wordpress.logiciel-arteo.fr\/wp-content\/uploads\/2021\/05\/LOGO_PNG_DATE-_gold.png\",\"contentUrl\":\"https:\/\/clavreuil-wordpress.logiciel-arteo.fr\/wp-content\/uploads\/2021\/05\/LOGO_PNG_DATE-_gold.png\",\"width\":2083,\"height\":1917,\"caption\":\"Libairie Clavreuil\"},\"image\":{\"@id\":\"https:\/\/clavreuil-wordpress.logiciel-arteo.fr\/#\/schema\/logo\/image\/\"}}]}<\/script>\n<!-- \/ Yoast SEO plugin. -->","yoast_head_json":{"title":"COMPAGNIE DES INDES  Arrest du conseil d'estat du roi, portant r\u00e8glement pour le commerce qui se fait \u00e0 Marseille des toiles de coton blanche, \u00e9toffes de soye pure, ou mesl\u00e9es d'or &amp; d'argent, d'\u00e9corce d'arbres du cr\u00fb ou fabrique du Levant. - Libairie Clavreuil","robots":{"index":"noindex","follow":"follow","max-snippet":"max-snippet:-1","max-image-preview":"max-image-preview:large","max-video-preview":"max-video-preview:-1"},"og_locale":"en_US","og_type":"article","og_title":"COMPAGNIE DES INDES  Arrest du conseil d'estat du roi, portant r\u00e8glement pour le commerce qui se fait \u00e0 Marseille des toiles de coton blanche, \u00e9toffes de soye pure, ou mesl\u00e9es d'or &amp; d'argent, d'\u00e9corce d'arbres du cr\u00fb ou fabrique du Levant. - Libairie Clavreuil","og_description":"4to (250 x 197 mm) 4 pp. Unbound, modern marbled paper.&nbsp;","og_url":"https:\/\/clavreuil-wordpress.logiciel-arteo.fr\/en\/arrest-du-conseil-destat-du-roi-portant-reglement-pour-le-commerce-qui-se-fait-a-marseille-des-toiles-de-coton-blanche-etoffes-de-soye-pure-ou-meslees-dor-dargent-decorce-darbres-d\/","og_site_name":"Libairie Clavreuil","article_modified_time":"2024-04-22T13:59:40+00:00","og_image":[{"width":2025,"height":2560,"url":"https:\/\/clavreuil-wordpress.logiciel-arteo.fr\/wp-content\/uploads\/2024\/04\/compagnie-des-indes-arrest-du-conseil-d-estat-du-roi-portant-reglement-pour-le-commerce-qui-se-fait-a-marseille-des-toiles-de-coton-blanche-etoffes-de-scaled.jpg","type":"image\/jpeg"}],"twitter_card":"summary_large_image","twitter_misc":{"Est. reading time":"1 minute"},"schema":{"@context":"https:\/\/schema.org","@graph":[{"@type":"WebPage","@id":"https:\/\/clavreuil-wordpress.logiciel-arteo.fr\/en\/arrest-du-conseil-destat-du-roi-portant-reglement-pour-le-commerce-qui-se-fait-a-marseille-des-toiles-de-coton-blanche-etoffes-de-soye-pure-ou-meslees-dor-dargent-decorce-darbres-d\/","url":"https:\/\/clavreuil-wordpress.logiciel-arteo.fr\/en\/arrest-du-conseil-destat-du-roi-portant-reglement-pour-le-commerce-qui-se-fait-a-marseille-des-toiles-de-coton-blanche-etoffes-de-soye-pure-ou-meslees-dor-dargent-decorce-darbres-d\/","name":"COMPAGNIE DES INDES Arrest du conseil d'estat du roi, portant r\u00e8glement pour le commerce qui se fait \u00e0 Marseille des toiles de coton blanche, \u00e9toffes de soye pure, ou mesl\u00e9es d'or &amp; d'argent, d'\u00e9corce d'arbres du cr\u00fb ou fabrique du Levant. - Libairie Clavreuil","isPartOf":{"@id":"https:\/\/clavreuil-wordpress.logiciel-arteo.fr\/#website"},"primaryImageOfPage":{"@id":"https:\/\/clavreuil-wordpress.logiciel-arteo.fr\/en\/arrest-du-conseil-destat-du-roi-portant-reglement-pour-le-commerce-qui-se-fait-a-marseille-des-toiles-de-coton-blanche-etoffes-de-soye-pure-ou-meslees-dor-dargent-decorce-darbres-d\/#primaryimage"},"image":{"@id":"https:\/\/clavreuil-wordpress.logiciel-arteo.fr\/en\/arrest-du-conseil-destat-du-roi-portant-reglement-pour-le-commerce-qui-se-fait-a-marseille-des-toiles-de-coton-blanche-etoffes-de-soye-pure-ou-meslees-dor-dargent-decorce-darbres-d\/#primaryimage"},"thumbnailUrl":"https:\/\/clavreuil-wordpress.logiciel-arteo.fr\/wp-content\/uploads\/2024\/04\/compagnie-des-indes-arrest-du-conseil-d-estat-du-roi-portant-reglement-pour-le-commerce-qui-se-fait-a-marseille-des-toiles-de-coton-blanche-etoffes-de-scaled.jpg","datePublished":"2024-04-18T14:02:41+00:00","dateModified":"2024-04-22T13:59:40+00:00","breadcrumb":{"@id":"https:\/\/clavreuil-wordpress.logiciel-arteo.fr\/en\/arrest-du-conseil-destat-du-roi-portant-reglement-pour-le-commerce-qui-se-fait-a-marseille-des-toiles-de-coton-blanche-etoffes-de-soye-pure-ou-meslees-dor-dargent-decorce-darbres-d\/#breadcrumb"},"inLanguage":"en-US","potentialAction":[{"@type":"ReadAction","target":["https:\/\/clavreuil-wordpress.logiciel-arteo.fr\/en\/arrest-du-conseil-destat-du-roi-portant-reglement-pour-le-commerce-qui-se-fait-a-marseille-des-toiles-de-coton-blanche-etoffes-de-soye-pure-ou-meslees-dor-dargent-decorce-darbres-d\/"]}]},{"@type":"ImageObject","inLanguage":"en-US","@id":"https:\/\/clavreuil-wordpress.logiciel-arteo.fr\/en\/arrest-du-conseil-destat-du-roi-portant-reglement-pour-le-commerce-qui-se-fait-a-marseille-des-toiles-de-coton-blanche-etoffes-de-soye-pure-ou-meslees-dor-dargent-decorce-darbres-d\/#primaryimage","url":"https:\/\/clavreuil-wordpress.logiciel-arteo.fr\/wp-content\/uploads\/2024\/04\/compagnie-des-indes-arrest-du-conseil-d-estat-du-roi-portant-reglement-pour-le-commerce-qui-se-fait-a-marseille-des-toiles-de-coton-blanche-etoffes-de-scaled.jpg","contentUrl":"https:\/\/clavreuil-wordpress.logiciel-arteo.fr\/wp-content\/uploads\/2024\/04\/compagnie-des-indes-arrest-du-conseil-d-estat-du-roi-portant-reglement-pour-le-commerce-qui-se-fait-a-marseille-des-toiles-de-coton-blanche-etoffes-de-scaled.jpg","width":2025,"height":2560},{"@type":"BreadcrumbList","@id":"https:\/\/clavreuil-wordpress.logiciel-arteo.fr\/en\/arrest-du-conseil-destat-du-roi-portant-reglement-pour-le-commerce-qui-se-fait-a-marseille-des-toiles-de-coton-blanche-etoffes-de-soye-pure-ou-meslees-dor-dargent-decorce-darbres-d\/#breadcrumb","itemListElement":[{"@type":"ListItem","position":1,"name":"Accueil","item":"https:\/\/clavreuil-wordpress.logiciel-arteo.fr\/"},{"@type":"ListItem","position":2,"name":"All our books","item":"https:\/\/clavreuil-wordpress.logiciel-arteo.fr\/en\/all-our-books\/"},{"@type":"ListItem","position":3,"name":"COMPAGNIE DES INDES Arrest du conseil d&#8217;estat du..."}]},{"@type":"WebSite","@id":"https:\/\/clavreuil-wordpress.logiciel-arteo.fr\/#website","url":"https:\/\/clavreuil-wordpress.logiciel-arteo.fr\/","name":"Libairie Clavreuil","description":"","publisher":{"@id":"https:\/\/clavreuil-wordpress.logiciel-arteo.fr\/#organization"},"potentialAction":[{"@type":"SearchAction","target":{"@type":"EntryPoint","urlTemplate":"https:\/\/clavreuil-wordpress.logiciel-arteo.fr\/?s={search_term_string}"},"query-input":{"@type":"PropertyValueSpecification","valueRequired":true,"valueName":"search_term_string"}}],"inLanguage":"en-US"},{"@type":"Organization","@id":"https:\/\/clavreuil-wordpress.logiciel-arteo.fr\/#organization","name":"Libairie Clavreuil","url":"https:\/\/clavreuil-wordpress.logiciel-arteo.fr\/","logo":{"@type":"ImageObject","inLanguage":"en-US","@id":"https:\/\/clavreuil-wordpress.logiciel-arteo.fr\/#\/schema\/logo\/image\/","url":"https:\/\/clavreuil-wordpress.logiciel-arteo.fr\/wp-content\/uploads\/2021\/05\/LOGO_PNG_DATE-_gold.png","contentUrl":"https:\/\/clavreuil-wordpress.logiciel-arteo.fr\/wp-content\/uploads\/2021\/05\/LOGO_PNG_DATE-_gold.png","width":2083,"height":1917,"caption":"Libairie Clavreuil"},"image":{"@id":"https:\/\/clavreuil-wordpress.logiciel-arteo.fr\/#\/schema\/logo\/image\/"}}]}},"_links":{"self":[{"href":"https:\/\/clavreuil-wordpress.logiciel-arteo.fr\/en\/wp-json\/wp\/v2\/product\/73341","targetHints":{"allow":["GET"]}}],"collection":[{"href":"https:\/\/clavreuil-wordpress.logiciel-arteo.fr\/en\/wp-json\/wp\/v2\/product"}],"about":[{"href":"https:\/\/clavreuil-wordpress.logiciel-arteo.fr\/en\/wp-json\/wp\/v2\/types\/product"}],"replies":[{"embeddable":true,"href":"https:\/\/clavreuil-wordpress.logiciel-arteo.fr\/en\/wp-json\/wp\/v2\/comments?post=73341"}],"wp:featuredmedia":[{"embeddable":true,"href":"https:\/\/clavreuil-wordpress.logiciel-arteo.fr\/en\/wp-json\/wp\/v2\/media\/73338"}],"wp:attachment":[{"href":"https:\/\/clavreuil-wordpress.logiciel-arteo.fr\/en\/wp-json\/wp\/v2\/media?parent=73341"}],"wp:term":[{"taxonomy":"product_brand","embeddable":true,"href":"https:\/\/clavreuil-wordpress.logiciel-arteo.fr\/en\/wp-json\/wp\/v2\/product_brand?post=73341"},{"taxonomy":"product_cat","embeddable":true,"href":"https:\/\/clavreuil-wordpress.logiciel-arteo.fr\/en\/wp-json\/wp\/v2\/product_cat?post=73341"},{"taxonomy":"product_tag","embeddable":true,"href":"https:\/\/clavreuil-wordpress.logiciel-arteo.fr\/en\/wp-json\/wp\/v2\/product_tag?post=73341"}],"curies":[{"name":"wp","href":"https:\/\/api.w.org\/{rel}","templated":true}]}}