{"id":73345,"date":"2024-04-18T16:03:15","date_gmt":"2024-04-18T14:03:15","guid":{"rendered":"https:\/\/clavreuil-wordpress.logiciel-arteo.fr\/arrest-du-conseil-destat-du-roi-qui-fixe-a-quarante-livres-du-cent-pesant-les-droits-dentree-des-cinq-grosses-fermes-sur-les-toiles-de-coton-mousselines-unies-ou-brodees-mouchoirs-basins-am\/"},"modified":"2024-04-22T16:00:04","modified_gmt":"2024-04-22T14:00:04","slug":"arrest-du-conseil-destat-du-roi-qui-fixe-a-quarante-livres-du-cent-pesant-les-droits-dentree-des-cinq-grosses-fermes-sur-les-toiles-de-coton-mousselines-unies-ou-brodees-mouchoirs-basins-am","status":"publish","type":"product","link":"https:\/\/clavreuil-wordpress.logiciel-arteo.fr\/en\/arrest-du-conseil-destat-du-roi-qui-fixe-a-quarante-livres-du-cent-pesant-les-droits-dentree-des-cinq-grosses-fermes-sur-les-toiles-de-coton-mousselines-unies-ou-brodees-mouchoirs-basins-am\/","title":{"rendered":"COMPAGNIE DES INDES Arrest du conseil d&#8217;estat du..."},"content":{"rendered":"<p>Law regulating entry fees &quot;dans le royaume, des soyes, &amp; autres marchandises de Levant, pa&iuml;s de la domination du Grand-Seigneur, du roi de Perse &amp; de l&#039;Afrique, &amp; entre autres chsoses&quot;.<\/p>\n","protected":false},"excerpt":{"rendered":"<p>4to (230 x 170 mm) 4 pp. Unbound.<\/p>\n","protected":false},"featured_media":73342,"comment_status":"open","ping_status":"closed","template":"","meta":{"_acf_changed":false},"product_brand":[],"product_cat":[536],"product_tag":[1217,560],"class_list":{"0":"post-73345","1":"product","2":"type-product","3":"status-publish","4":"has-post-thumbnail","6":"product_cat-right-economy","7":"product_tag-arrest","8":"product_tag-trade","9":"pa_auteur-compagnie-des-indes-2","10":"pa_type-de-livre-printed-book","12":"first","13":"instock","14":"shipping-taxable","15":"purchasable","16":"product-type-simple"},"acf":[],"yoast_head":"<!-- This site is optimized with the Yoast SEO plugin v24.3 - https:\/\/yoast.com\/wordpress\/plugins\/seo\/ -->\n<title>COMPAGNIE DES INDES  Arrest du conseil d&#039;estat du roi, qui fixe \u00e0 quarante livres du cent pesant, les droits d&#039;entr\u00e9e des Cinq Grosses Fermes sur les toiles de coton, mousselines unies ou brod\u00e9es, mouchoirs, basins, &amp; autres marchandises semblables &amp; permises, provenant des ventes de la Compagnie des Indes, au lieu de ceux reglez par le tarif de 1664. Du 21 juillet 1733 - Libairie Clavreuil<\/title>\n<meta name=\"robots\" content=\"noindex, follow, max-snippet:-1, max-image-preview:large, max-video-preview:-1\" \/>\n<meta property=\"og:locale\" content=\"en_US\" \/>\n<meta property=\"og:type\" content=\"article\" \/>\n<meta property=\"og:title\" content=\"COMPAGNIE DES INDES  Arrest du conseil d&#039;estat du roi, qui fixe \u00e0 quarante livres du cent pesant, les droits d&#039;entr\u00e9e des Cinq Grosses Fermes sur les toiles de coton, mousselines unies ou brod\u00e9es, mouchoirs, basins, &amp; autres marchandises semblables &amp; permises, provenant des ventes de la Compagnie des Indes, au lieu de ceux reglez par le tarif de 1664. Du 21 juillet 1733 - Libairie Clavreuil\" \/>\n<meta property=\"og:description\" content=\"4to (230 x 170 mm) 4 pp. Unbound.\" \/>\n<meta property=\"og:url\" content=\"https:\/\/clavreuil-wordpress.logiciel-arteo.fr\/en\/arrest-du-conseil-destat-du-roi-qui-fixe-a-quarante-livres-du-cent-pesant-les-droits-dentree-des-cinq-grosses-fermes-sur-les-toiles-de-coton-mousselines-unies-ou-brodees-mouchoirs-basins-am\/\" \/>\n<meta property=\"og:site_name\" content=\"Libairie Clavreuil\" \/>\n<meta property=\"article:modified_time\" content=\"2024-04-22T14:00:04+00:00\" \/>\n<meta property=\"og:image\" content=\"https:\/\/clavreuil-wordpress.logiciel-arteo.fr\/wp-content\/uploads\/2024\/04\/compagnie-des-indes-arrest-du-conseil-d-estat-du-roi-qui-fixe-a-quarante-livres-du-cent-pesant-les-droits-d-entree-des-cinq-grosses-fermes-sur-les-toi-scaled.jpg\" \/>\n\t<meta property=\"og:image:width\" content=\"1920\" \/>\n\t<meta property=\"og:image:height\" content=\"2560\" \/>\n\t<meta property=\"og:image:type\" content=\"image\/jpeg\" \/>\n<meta name=\"twitter:card\" content=\"summary_large_image\" \/>\n<script type=\"application\/ld+json\" class=\"yoast-schema-graph\">{\"@context\":\"https:\/\/schema.org\",\"@graph\":[{\"@type\":\"WebPage\",\"@id\":\"https:\/\/clavreuil-wordpress.logiciel-arteo.fr\/en\/arrest-du-conseil-destat-du-roi-qui-fixe-a-quarante-livres-du-cent-pesant-les-droits-dentree-des-cinq-grosses-fermes-sur-les-toiles-de-coton-mousselines-unies-ou-brodees-mouchoirs-basins-am\/\",\"url\":\"https:\/\/clavreuil-wordpress.logiciel-arteo.fr\/en\/arrest-du-conseil-destat-du-roi-qui-fixe-a-quarante-livres-du-cent-pesant-les-droits-dentree-des-cinq-grosses-fermes-sur-les-toiles-de-coton-mousselines-unies-ou-brodees-mouchoirs-basins-am\/\",\"name\":\"COMPAGNIE DES INDES Arrest du conseil d'estat du roi, qui fixe \u00e0 quarante livres du cent pesant, les droits d'entr\u00e9e des Cinq Grosses Fermes sur les toiles de coton, mousselines unies ou brod\u00e9es, mouchoirs, basins, &amp; autres marchandises semblables &amp; permises, provenant des ventes de la Compagnie des Indes, au lieu de ceux reglez par le tarif de 1664. Du 21 juillet 1733 - Libairie Clavreuil\",\"isPartOf\":{\"@id\":\"https:\/\/clavreuil-wordpress.logiciel-arteo.fr\/#website\"},\"primaryImageOfPage\":{\"@id\":\"https:\/\/clavreuil-wordpress.logiciel-arteo.fr\/en\/arrest-du-conseil-destat-du-roi-qui-fixe-a-quarante-livres-du-cent-pesant-les-droits-dentree-des-cinq-grosses-fermes-sur-les-toiles-de-coton-mousselines-unies-ou-brodees-mouchoirs-basins-am\/#primaryimage\"},\"image\":{\"@id\":\"https:\/\/clavreuil-wordpress.logiciel-arteo.fr\/en\/arrest-du-conseil-destat-du-roi-qui-fixe-a-quarante-livres-du-cent-pesant-les-droits-dentree-des-cinq-grosses-fermes-sur-les-toiles-de-coton-mousselines-unies-ou-brodees-mouchoirs-basins-am\/#primaryimage\"},\"thumbnailUrl\":\"https:\/\/clavreuil-wordpress.logiciel-arteo.fr\/wp-content\/uploads\/2024\/04\/compagnie-des-indes-arrest-du-conseil-d-estat-du-roi-qui-fixe-a-quarante-livres-du-cent-pesant-les-droits-d-entree-des-cinq-grosses-fermes-sur-les-toi-scaled.jpg\",\"datePublished\":\"2024-04-18T14:03:15+00:00\",\"dateModified\":\"2024-04-22T14:00:04+00:00\",\"breadcrumb\":{\"@id\":\"https:\/\/clavreuil-wordpress.logiciel-arteo.fr\/en\/arrest-du-conseil-destat-du-roi-qui-fixe-a-quarante-livres-du-cent-pesant-les-droits-dentree-des-cinq-grosses-fermes-sur-les-toiles-de-coton-mousselines-unies-ou-brodees-mouchoirs-basins-am\/#breadcrumb\"},\"inLanguage\":\"en-US\",\"potentialAction\":[{\"@type\":\"ReadAction\",\"target\":[\"https:\/\/clavreuil-wordpress.logiciel-arteo.fr\/en\/arrest-du-conseil-destat-du-roi-qui-fixe-a-quarante-livres-du-cent-pesant-les-droits-dentree-des-cinq-grosses-fermes-sur-les-toiles-de-coton-mousselines-unies-ou-brodees-mouchoirs-basins-am\/\"]}]},{\"@type\":\"ImageObject\",\"inLanguage\":\"en-US\",\"@id\":\"https:\/\/clavreuil-wordpress.logiciel-arteo.fr\/en\/arrest-du-conseil-destat-du-roi-qui-fixe-a-quarante-livres-du-cent-pesant-les-droits-dentree-des-cinq-grosses-fermes-sur-les-toiles-de-coton-mousselines-unies-ou-brodees-mouchoirs-basins-am\/#primaryimage\",\"url\":\"https:\/\/clavreuil-wordpress.logiciel-arteo.fr\/wp-content\/uploads\/2024\/04\/compagnie-des-indes-arrest-du-conseil-d-estat-du-roi-qui-fixe-a-quarante-livres-du-cent-pesant-les-droits-d-entree-des-cinq-grosses-fermes-sur-les-toi-scaled.jpg\",\"contentUrl\":\"https:\/\/clavreuil-wordpress.logiciel-arteo.fr\/wp-content\/uploads\/2024\/04\/compagnie-des-indes-arrest-du-conseil-d-estat-du-roi-qui-fixe-a-quarante-livres-du-cent-pesant-les-droits-d-entree-des-cinq-grosses-fermes-sur-les-toi-scaled.jpg\",\"width\":1920,\"height\":2560},{\"@type\":\"BreadcrumbList\",\"@id\":\"https:\/\/clavreuil-wordpress.logiciel-arteo.fr\/en\/arrest-du-conseil-destat-du-roi-qui-fixe-a-quarante-livres-du-cent-pesant-les-droits-dentree-des-cinq-grosses-fermes-sur-les-toiles-de-coton-mousselines-unies-ou-brodees-mouchoirs-basins-am\/#breadcrumb\",\"itemListElement\":[{\"@type\":\"ListItem\",\"position\":1,\"name\":\"Accueil\",\"item\":\"https:\/\/clavreuil-wordpress.logiciel-arteo.fr\/\"},{\"@type\":\"ListItem\",\"position\":2,\"name\":\"All our books\",\"item\":\"https:\/\/clavreuil-wordpress.logiciel-arteo.fr\/en\/all-our-books\/\"},{\"@type\":\"ListItem\",\"position\":3,\"name\":\"COMPAGNIE DES INDES Arrest du conseil d&#8217;estat du...\"}]},{\"@type\":\"WebSite\",\"@id\":\"https:\/\/clavreuil-wordpress.logiciel-arteo.fr\/#website\",\"url\":\"https:\/\/clavreuil-wordpress.logiciel-arteo.fr\/\",\"name\":\"Libairie Clavreuil\",\"description\":\"\",\"publisher\":{\"@id\":\"https:\/\/clavreuil-wordpress.logiciel-arteo.fr\/#organization\"},\"potentialAction\":[{\"@type\":\"SearchAction\",\"target\":{\"@type\":\"EntryPoint\",\"urlTemplate\":\"https:\/\/clavreuil-wordpress.logiciel-arteo.fr\/?s={search_term_string}\"},\"query-input\":{\"@type\":\"PropertyValueSpecification\",\"valueRequired\":true,\"valueName\":\"search_term_string\"}}],\"inLanguage\":\"en-US\"},{\"@type\":\"Organization\",\"@id\":\"https:\/\/clavreuil-wordpress.logiciel-arteo.fr\/#organization\",\"name\":\"Libairie Clavreuil\",\"url\":\"https:\/\/clavreuil-wordpress.logiciel-arteo.fr\/\",\"logo\":{\"@type\":\"ImageObject\",\"inLanguage\":\"en-US\",\"@id\":\"https:\/\/clavreuil-wordpress.logiciel-arteo.fr\/#\/schema\/logo\/image\/\",\"url\":\"https:\/\/clavreuil-wordpress.logiciel-arteo.fr\/wp-content\/uploads\/2021\/05\/LOGO_PNG_DATE-_gold.png\",\"contentUrl\":\"https:\/\/clavreuil-wordpress.logiciel-arteo.fr\/wp-content\/uploads\/2021\/05\/LOGO_PNG_DATE-_gold.png\",\"width\":2083,\"height\":1917,\"caption\":\"Libairie Clavreuil\"},\"image\":{\"@id\":\"https:\/\/clavreuil-wordpress.logiciel-arteo.fr\/#\/schema\/logo\/image\/\"}}]}<\/script>\n<!-- \/ Yoast SEO plugin. -->","yoast_head_json":{"title":"COMPAGNIE DES INDES  Arrest du conseil d'estat du roi, qui fixe \u00e0 quarante livres du cent pesant, les droits d'entr\u00e9e des Cinq Grosses Fermes sur les toiles de coton, mousselines unies ou brod\u00e9es, mouchoirs, basins, &amp; autres marchandises semblables &amp; permises, provenant des ventes de la Compagnie des Indes, au lieu de ceux reglez par le tarif de 1664. Du 21 juillet 1733 - Libairie Clavreuil","robots":{"index":"noindex","follow":"follow","max-snippet":"max-snippet:-1","max-image-preview":"max-image-preview:large","max-video-preview":"max-video-preview:-1"},"og_locale":"en_US","og_type":"article","og_title":"COMPAGNIE DES INDES  Arrest du conseil d'estat du roi, qui fixe \u00e0 quarante livres du cent pesant, les droits d'entr\u00e9e des Cinq Grosses Fermes sur les toiles de coton, mousselines unies ou brod\u00e9es, mouchoirs, basins, &amp; autres marchandises semblables &amp; permises, provenant des ventes de la Compagnie des Indes, au lieu de ceux reglez par le tarif de 1664. Du 21 juillet 1733 - Libairie Clavreuil","og_description":"4to (230 x 170 mm) 4 pp. Unbound.","og_url":"https:\/\/clavreuil-wordpress.logiciel-arteo.fr\/en\/arrest-du-conseil-destat-du-roi-qui-fixe-a-quarante-livres-du-cent-pesant-les-droits-dentree-des-cinq-grosses-fermes-sur-les-toiles-de-coton-mousselines-unies-ou-brodees-mouchoirs-basins-am\/","og_site_name":"Libairie Clavreuil","article_modified_time":"2024-04-22T14:00:04+00:00","og_image":[{"width":1920,"height":2560,"url":"https:\/\/clavreuil-wordpress.logiciel-arteo.fr\/wp-content\/uploads\/2024\/04\/compagnie-des-indes-arrest-du-conseil-d-estat-du-roi-qui-fixe-a-quarante-livres-du-cent-pesant-les-droits-d-entree-des-cinq-grosses-fermes-sur-les-toi-scaled.jpg","type":"image\/jpeg"}],"twitter_card":"summary_large_image","schema":{"@context":"https:\/\/schema.org","@graph":[{"@type":"WebPage","@id":"https:\/\/clavreuil-wordpress.logiciel-arteo.fr\/en\/arrest-du-conseil-destat-du-roi-qui-fixe-a-quarante-livres-du-cent-pesant-les-droits-dentree-des-cinq-grosses-fermes-sur-les-toiles-de-coton-mousselines-unies-ou-brodees-mouchoirs-basins-am\/","url":"https:\/\/clavreuil-wordpress.logiciel-arteo.fr\/en\/arrest-du-conseil-destat-du-roi-qui-fixe-a-quarante-livres-du-cent-pesant-les-droits-dentree-des-cinq-grosses-fermes-sur-les-toiles-de-coton-mousselines-unies-ou-brodees-mouchoirs-basins-am\/","name":"COMPAGNIE DES INDES Arrest du conseil d'estat du roi, qui fixe \u00e0 quarante livres du cent pesant, les droits d'entr\u00e9e des Cinq Grosses Fermes sur les toiles de coton, mousselines unies ou brod\u00e9es, mouchoirs, basins, &amp; autres marchandises semblables &amp; permises, provenant des ventes de la Compagnie des Indes, au lieu de ceux reglez par le tarif de 1664. Du 21 juillet 1733 - Libairie Clavreuil","isPartOf":{"@id":"https:\/\/clavreuil-wordpress.logiciel-arteo.fr\/#website"},"primaryImageOfPage":{"@id":"https:\/\/clavreuil-wordpress.logiciel-arteo.fr\/en\/arrest-du-conseil-destat-du-roi-qui-fixe-a-quarante-livres-du-cent-pesant-les-droits-dentree-des-cinq-grosses-fermes-sur-les-toiles-de-coton-mousselines-unies-ou-brodees-mouchoirs-basins-am\/#primaryimage"},"image":{"@id":"https:\/\/clavreuil-wordpress.logiciel-arteo.fr\/en\/arrest-du-conseil-destat-du-roi-qui-fixe-a-quarante-livres-du-cent-pesant-les-droits-dentree-des-cinq-grosses-fermes-sur-les-toiles-de-coton-mousselines-unies-ou-brodees-mouchoirs-basins-am\/#primaryimage"},"thumbnailUrl":"https:\/\/clavreuil-wordpress.logiciel-arteo.fr\/wp-content\/uploads\/2024\/04\/compagnie-des-indes-arrest-du-conseil-d-estat-du-roi-qui-fixe-a-quarante-livres-du-cent-pesant-les-droits-d-entree-des-cinq-grosses-fermes-sur-les-toi-scaled.jpg","datePublished":"2024-04-18T14:03:15+00:00","dateModified":"2024-04-22T14:00:04+00:00","breadcrumb":{"@id":"https:\/\/clavreuil-wordpress.logiciel-arteo.fr\/en\/arrest-du-conseil-destat-du-roi-qui-fixe-a-quarante-livres-du-cent-pesant-les-droits-dentree-des-cinq-grosses-fermes-sur-les-toiles-de-coton-mousselines-unies-ou-brodees-mouchoirs-basins-am\/#breadcrumb"},"inLanguage":"en-US","potentialAction":[{"@type":"ReadAction","target":["https:\/\/clavreuil-wordpress.logiciel-arteo.fr\/en\/arrest-du-conseil-destat-du-roi-qui-fixe-a-quarante-livres-du-cent-pesant-les-droits-dentree-des-cinq-grosses-fermes-sur-les-toiles-de-coton-mousselines-unies-ou-brodees-mouchoirs-basins-am\/"]}]},{"@type":"ImageObject","inLanguage":"en-US","@id":"https:\/\/clavreuil-wordpress.logiciel-arteo.fr\/en\/arrest-du-conseil-destat-du-roi-qui-fixe-a-quarante-livres-du-cent-pesant-les-droits-dentree-des-cinq-grosses-fermes-sur-les-toiles-de-coton-mousselines-unies-ou-brodees-mouchoirs-basins-am\/#primaryimage","url":"https:\/\/clavreuil-wordpress.logiciel-arteo.fr\/wp-content\/uploads\/2024\/04\/compagnie-des-indes-arrest-du-conseil-d-estat-du-roi-qui-fixe-a-quarante-livres-du-cent-pesant-les-droits-d-entree-des-cinq-grosses-fermes-sur-les-toi-scaled.jpg","contentUrl":"https:\/\/clavreuil-wordpress.logiciel-arteo.fr\/wp-content\/uploads\/2024\/04\/compagnie-des-indes-arrest-du-conseil-d-estat-du-roi-qui-fixe-a-quarante-livres-du-cent-pesant-les-droits-d-entree-des-cinq-grosses-fermes-sur-les-toi-scaled.jpg","width":1920,"height":2560},{"@type":"BreadcrumbList","@id":"https:\/\/clavreuil-wordpress.logiciel-arteo.fr\/en\/arrest-du-conseil-destat-du-roi-qui-fixe-a-quarante-livres-du-cent-pesant-les-droits-dentree-des-cinq-grosses-fermes-sur-les-toiles-de-coton-mousselines-unies-ou-brodees-mouchoirs-basins-am\/#breadcrumb","itemListElement":[{"@type":"ListItem","position":1,"name":"Accueil","item":"https:\/\/clavreuil-wordpress.logiciel-arteo.fr\/"},{"@type":"ListItem","position":2,"name":"All our books","item":"https:\/\/clavreuil-wordpress.logiciel-arteo.fr\/en\/all-our-books\/"},{"@type":"ListItem","position":3,"name":"COMPAGNIE DES INDES Arrest du conseil d&#8217;estat du..."}]},{"@type":"WebSite","@id":"https:\/\/clavreuil-wordpress.logiciel-arteo.fr\/#website","url":"https:\/\/clavreuil-wordpress.logiciel-arteo.fr\/","name":"Libairie Clavreuil","description":"","publisher":{"@id":"https:\/\/clavreuil-wordpress.logiciel-arteo.fr\/#organization"},"potentialAction":[{"@type":"SearchAction","target":{"@type":"EntryPoint","urlTemplate":"https:\/\/clavreuil-wordpress.logiciel-arteo.fr\/?s={search_term_string}"},"query-input":{"@type":"PropertyValueSpecification","valueRequired":true,"valueName":"search_term_string"}}],"inLanguage":"en-US"},{"@type":"Organization","@id":"https:\/\/clavreuil-wordpress.logiciel-arteo.fr\/#organization","name":"Libairie Clavreuil","url":"https:\/\/clavreuil-wordpress.logiciel-arteo.fr\/","logo":{"@type":"ImageObject","inLanguage":"en-US","@id":"https:\/\/clavreuil-wordpress.logiciel-arteo.fr\/#\/schema\/logo\/image\/","url":"https:\/\/clavreuil-wordpress.logiciel-arteo.fr\/wp-content\/uploads\/2021\/05\/LOGO_PNG_DATE-_gold.png","contentUrl":"https:\/\/clavreuil-wordpress.logiciel-arteo.fr\/wp-content\/uploads\/2021\/05\/LOGO_PNG_DATE-_gold.png","width":2083,"height":1917,"caption":"Libairie Clavreuil"},"image":{"@id":"https:\/\/clavreuil-wordpress.logiciel-arteo.fr\/#\/schema\/logo\/image\/"}}]}},"_links":{"self":[{"href":"https:\/\/clavreuil-wordpress.logiciel-arteo.fr\/en\/wp-json\/wp\/v2\/product\/73345","targetHints":{"allow":["GET"]}}],"collection":[{"href":"https:\/\/clavreuil-wordpress.logiciel-arteo.fr\/en\/wp-json\/wp\/v2\/product"}],"about":[{"href":"https:\/\/clavreuil-wordpress.logiciel-arteo.fr\/en\/wp-json\/wp\/v2\/types\/product"}],"replies":[{"embeddable":true,"href":"https:\/\/clavreuil-wordpress.logiciel-arteo.fr\/en\/wp-json\/wp\/v2\/comments?post=73345"}],"wp:featuredmedia":[{"embeddable":true,"href":"https:\/\/clavreuil-wordpress.logiciel-arteo.fr\/en\/wp-json\/wp\/v2\/media\/73342"}],"wp:attachment":[{"href":"https:\/\/clavreuil-wordpress.logiciel-arteo.fr\/en\/wp-json\/wp\/v2\/media?parent=73345"}],"wp:term":[{"taxonomy":"product_brand","embeddable":true,"href":"https:\/\/clavreuil-wordpress.logiciel-arteo.fr\/en\/wp-json\/wp\/v2\/product_brand?post=73345"},{"taxonomy":"product_cat","embeddable":true,"href":"https:\/\/clavreuil-wordpress.logiciel-arteo.fr\/en\/wp-json\/wp\/v2\/product_cat?post=73345"},{"taxonomy":"product_tag","embeddable":true,"href":"https:\/\/clavreuil-wordpress.logiciel-arteo.fr\/en\/wp-json\/wp\/v2\/product_tag?post=73345"}],"curies":[{"name":"wp","href":"https:\/\/api.w.org\/{rel}","templated":true}]}}