{"id":73361,"date":"2024-04-18T16:05:33","date_gmt":"2024-04-18T14:05:33","guid":{"rendered":"https:\/\/clavreuil-wordpress.logiciel-arteo.fr\/arrest-du-conseil-detat-du-roy-qui-defend-pendant-un-an-la-sortie-du-royaume-de-la-gomme-du-senegal-a-peine-de-confiscation-de-trois-cens-livres-damende-du-2-novembre-1751-senegal\/"},"modified":"2024-04-22T15:56:55","modified_gmt":"2024-04-22T13:56:55","slug":"arrest-du-conseil-detat-du-roy-qui-defend-pendant-un-an-la-sortie-du-royaume-de-la-gomme-du-senegal-a-peine-de-confiscation-de-trois-cens-livres-damende-du-2-novembre-1751-senegal","status":"publish","type":"product","link":"https:\/\/clavreuil-wordpress.logiciel-arteo.fr\/en\/arrest-du-conseil-detat-du-roy-qui-defend-pendant-un-an-la-sortie-du-royaume-de-la-gomme-du-senegal-a-peine-de-confiscation-de-trois-cens-livres-damende-du-2-novembre-1751-senegal\/","title":{"rendered":"SENEGAL Arrest du conseil d&#8217;\u00e9tat du roy, qui..."},"content":{"rendered":"<p>Ruling prohibiting the export of Senegalese gum. &quot;The excessive quantity of Senegalese gum exported abroad could cause a shortage of this drug in the kingdom&quot;.<\/p>\n<p>Today known as gum arabic, this substance is used in the manufacture of soft drinks, in oenology, painting, photography, ceramics, etc.<\/p>\n","protected":false},"excerpt":{"rendered":"<p>Bifolium 4to (234 x 194 mm) 2 pp. Unbound<\/p>\n","protected":false},"featured_media":73358,"comment_status":"open","ping_status":"closed","template":"","meta":{"_acf_changed":false},"product_brand":[],"product_cat":[536],"product_tag":[1352,1199],"class_list":{"0":"post-73361","1":"product","2":"type-product","3":"status-publish","4":"has-post-thumbnail","6":"product_cat-right-economy","7":"product_tag-africa","8":"product_tag-fine-arts","9":"pa_auteur-senegal-2","10":"pa_type-de-livre-printed-book","12":"first","13":"instock","14":"shipping-taxable","15":"purchasable","16":"product-type-simple"},"acf":[],"yoast_head":"<!-- This site is optimized with the Yoast SEO plugin v24.3 - https:\/\/yoast.com\/wordpress\/plugins\/seo\/ -->\n<title>SENEGAL  Arrest du conseil d&#039;\u00e9tat du roy, qui d\u00e9fend, pendant un an, la sortie du royaume, de la Gomme du S\u00e9n\u00e9gal; \u00e0 peine de confiscation &amp; de trois cens livres d&#039;amende. Du 2 novembre 1751. - Libairie Clavreuil<\/title>\n<meta name=\"robots\" content=\"noindex, follow, max-snippet:-1, max-image-preview:large, max-video-preview:-1\" \/>\n<meta property=\"og:locale\" content=\"en_US\" \/>\n<meta property=\"og:type\" content=\"article\" \/>\n<meta property=\"og:title\" content=\"SENEGAL  Arrest du conseil d&#039;\u00e9tat du roy, qui d\u00e9fend, pendant un an, la sortie du royaume, de la Gomme du S\u00e9n\u00e9gal; \u00e0 peine de confiscation &amp; de trois cens livres d&#039;amende. Du 2 novembre 1751. - Libairie Clavreuil\" \/>\n<meta property=\"og:description\" content=\"Bifolium 4to (234 x 194 mm) 2 pp. Unbound\" \/>\n<meta property=\"og:url\" content=\"https:\/\/clavreuil-wordpress.logiciel-arteo.fr\/en\/arrest-du-conseil-detat-du-roy-qui-defend-pendant-un-an-la-sortie-du-royaume-de-la-gomme-du-senegal-a-peine-de-confiscation-de-trois-cens-livres-damende-du-2-novembre-1751-senegal\/\" \/>\n<meta property=\"og:site_name\" content=\"Libairie Clavreuil\" \/>\n<meta property=\"article:modified_time\" content=\"2024-04-22T13:56:55+00:00\" \/>\n<meta property=\"og:image\" content=\"https:\/\/clavreuil-wordpress.logiciel-arteo.fr\/wp-content\/uploads\/2024\/04\/senegal-arrest-du-conseil-d-etat-du-roy-qui-defend-pendant-un-an-la-sortie-du-royaume-de-la-gomme-du-senegal-a-peine-de-confiscation-de-trois-cens-liv-scaled.jpg\" \/>\n\t<meta property=\"og:image:width\" content=\"1920\" \/>\n\t<meta property=\"og:image:height\" content=\"2560\" \/>\n\t<meta property=\"og:image:type\" content=\"image\/jpeg\" \/>\n<meta name=\"twitter:card\" content=\"summary_large_image\" \/>\n<script type=\"application\/ld+json\" class=\"yoast-schema-graph\">{\"@context\":\"https:\/\/schema.org\",\"@graph\":[{\"@type\":\"WebPage\",\"@id\":\"https:\/\/clavreuil-wordpress.logiciel-arteo.fr\/en\/arrest-du-conseil-detat-du-roy-qui-defend-pendant-un-an-la-sortie-du-royaume-de-la-gomme-du-senegal-a-peine-de-confiscation-de-trois-cens-livres-damende-du-2-novembre-1751-senegal\/\",\"url\":\"https:\/\/clavreuil-wordpress.logiciel-arteo.fr\/en\/arrest-du-conseil-detat-du-roy-qui-defend-pendant-un-an-la-sortie-du-royaume-de-la-gomme-du-senegal-a-peine-de-confiscation-de-trois-cens-livres-damende-du-2-novembre-1751-senegal\/\",\"name\":\"SENEGAL Arrest du conseil d'\u00e9tat du roy, qui d\u00e9fend, pendant un an, la sortie du royaume, de la Gomme du S\u00e9n\u00e9gal; \u00e0 peine de confiscation &amp; de trois cens livres d'amende. Du 2 novembre 1751. - Libairie Clavreuil\",\"isPartOf\":{\"@id\":\"https:\/\/clavreuil-wordpress.logiciel-arteo.fr\/#website\"},\"primaryImageOfPage\":{\"@id\":\"https:\/\/clavreuil-wordpress.logiciel-arteo.fr\/en\/arrest-du-conseil-detat-du-roy-qui-defend-pendant-un-an-la-sortie-du-royaume-de-la-gomme-du-senegal-a-peine-de-confiscation-de-trois-cens-livres-damende-du-2-novembre-1751-senegal\/#primaryimage\"},\"image\":{\"@id\":\"https:\/\/clavreuil-wordpress.logiciel-arteo.fr\/en\/arrest-du-conseil-detat-du-roy-qui-defend-pendant-un-an-la-sortie-du-royaume-de-la-gomme-du-senegal-a-peine-de-confiscation-de-trois-cens-livres-damende-du-2-novembre-1751-senegal\/#primaryimage\"},\"thumbnailUrl\":\"https:\/\/clavreuil-wordpress.logiciel-arteo.fr\/wp-content\/uploads\/2024\/04\/senegal-arrest-du-conseil-d-etat-du-roy-qui-defend-pendant-un-an-la-sortie-du-royaume-de-la-gomme-du-senegal-a-peine-de-confiscation-de-trois-cens-liv-scaled.jpg\",\"datePublished\":\"2024-04-18T14:05:33+00:00\",\"dateModified\":\"2024-04-22T13:56:55+00:00\",\"breadcrumb\":{\"@id\":\"https:\/\/clavreuil-wordpress.logiciel-arteo.fr\/en\/arrest-du-conseil-detat-du-roy-qui-defend-pendant-un-an-la-sortie-du-royaume-de-la-gomme-du-senegal-a-peine-de-confiscation-de-trois-cens-livres-damende-du-2-novembre-1751-senegal\/#breadcrumb\"},\"inLanguage\":\"en-US\",\"potentialAction\":[{\"@type\":\"ReadAction\",\"target\":[\"https:\/\/clavreuil-wordpress.logiciel-arteo.fr\/en\/arrest-du-conseil-detat-du-roy-qui-defend-pendant-un-an-la-sortie-du-royaume-de-la-gomme-du-senegal-a-peine-de-confiscation-de-trois-cens-livres-damende-du-2-novembre-1751-senegal\/\"]}]},{\"@type\":\"ImageObject\",\"inLanguage\":\"en-US\",\"@id\":\"https:\/\/clavreuil-wordpress.logiciel-arteo.fr\/en\/arrest-du-conseil-detat-du-roy-qui-defend-pendant-un-an-la-sortie-du-royaume-de-la-gomme-du-senegal-a-peine-de-confiscation-de-trois-cens-livres-damende-du-2-novembre-1751-senegal\/#primaryimage\",\"url\":\"https:\/\/clavreuil-wordpress.logiciel-arteo.fr\/wp-content\/uploads\/2024\/04\/senegal-arrest-du-conseil-d-etat-du-roy-qui-defend-pendant-un-an-la-sortie-du-royaume-de-la-gomme-du-senegal-a-peine-de-confiscation-de-trois-cens-liv-scaled.jpg\",\"contentUrl\":\"https:\/\/clavreuil-wordpress.logiciel-arteo.fr\/wp-content\/uploads\/2024\/04\/senegal-arrest-du-conseil-d-etat-du-roy-qui-defend-pendant-un-an-la-sortie-du-royaume-de-la-gomme-du-senegal-a-peine-de-confiscation-de-trois-cens-liv-scaled.jpg\",\"width\":1920,\"height\":2560},{\"@type\":\"BreadcrumbList\",\"@id\":\"https:\/\/clavreuil-wordpress.logiciel-arteo.fr\/en\/arrest-du-conseil-detat-du-roy-qui-defend-pendant-un-an-la-sortie-du-royaume-de-la-gomme-du-senegal-a-peine-de-confiscation-de-trois-cens-livres-damende-du-2-novembre-1751-senegal\/#breadcrumb\",\"itemListElement\":[{\"@type\":\"ListItem\",\"position\":1,\"name\":\"Accueil\",\"item\":\"https:\/\/clavreuil-wordpress.logiciel-arteo.fr\/\"},{\"@type\":\"ListItem\",\"position\":2,\"name\":\"All our books\",\"item\":\"https:\/\/clavreuil-wordpress.logiciel-arteo.fr\/en\/all-our-books\/\"},{\"@type\":\"ListItem\",\"position\":3,\"name\":\"SENEGAL Arrest du conseil d&#8217;\u00e9tat du roy, qui...\"}]},{\"@type\":\"WebSite\",\"@id\":\"https:\/\/clavreuil-wordpress.logiciel-arteo.fr\/#website\",\"url\":\"https:\/\/clavreuil-wordpress.logiciel-arteo.fr\/\",\"name\":\"Libairie Clavreuil\",\"description\":\"\",\"publisher\":{\"@id\":\"https:\/\/clavreuil-wordpress.logiciel-arteo.fr\/#organization\"},\"potentialAction\":[{\"@type\":\"SearchAction\",\"target\":{\"@type\":\"EntryPoint\",\"urlTemplate\":\"https:\/\/clavreuil-wordpress.logiciel-arteo.fr\/?s={search_term_string}\"},\"query-input\":{\"@type\":\"PropertyValueSpecification\",\"valueRequired\":true,\"valueName\":\"search_term_string\"}}],\"inLanguage\":\"en-US\"},{\"@type\":\"Organization\",\"@id\":\"https:\/\/clavreuil-wordpress.logiciel-arteo.fr\/#organization\",\"name\":\"Libairie Clavreuil\",\"url\":\"https:\/\/clavreuil-wordpress.logiciel-arteo.fr\/\",\"logo\":{\"@type\":\"ImageObject\",\"inLanguage\":\"en-US\",\"@id\":\"https:\/\/clavreuil-wordpress.logiciel-arteo.fr\/#\/schema\/logo\/image\/\",\"url\":\"https:\/\/clavreuil-wordpress.logiciel-arteo.fr\/wp-content\/uploads\/2021\/05\/LOGO_PNG_DATE-_gold.png\",\"contentUrl\":\"https:\/\/clavreuil-wordpress.logiciel-arteo.fr\/wp-content\/uploads\/2021\/05\/LOGO_PNG_DATE-_gold.png\",\"width\":2083,\"height\":1917,\"caption\":\"Libairie Clavreuil\"},\"image\":{\"@id\":\"https:\/\/clavreuil-wordpress.logiciel-arteo.fr\/#\/schema\/logo\/image\/\"}}]}<\/script>\n<!-- \/ Yoast SEO plugin. -->","yoast_head_json":{"title":"SENEGAL  Arrest du conseil d'\u00e9tat du roy, qui d\u00e9fend, pendant un an, la sortie du royaume, de la Gomme du S\u00e9n\u00e9gal; \u00e0 peine de confiscation &amp; de trois cens livres d'amende. Du 2 novembre 1751. - Libairie Clavreuil","robots":{"index":"noindex","follow":"follow","max-snippet":"max-snippet:-1","max-image-preview":"max-image-preview:large","max-video-preview":"max-video-preview:-1"},"og_locale":"en_US","og_type":"article","og_title":"SENEGAL  Arrest du conseil d'\u00e9tat du roy, qui d\u00e9fend, pendant un an, la sortie du royaume, de la Gomme du S\u00e9n\u00e9gal; \u00e0 peine de confiscation &amp; de trois cens livres d'amende. Du 2 novembre 1751. - Libairie Clavreuil","og_description":"Bifolium 4to (234 x 194 mm) 2 pp. Unbound","og_url":"https:\/\/clavreuil-wordpress.logiciel-arteo.fr\/en\/arrest-du-conseil-detat-du-roy-qui-defend-pendant-un-an-la-sortie-du-royaume-de-la-gomme-du-senegal-a-peine-de-confiscation-de-trois-cens-livres-damende-du-2-novembre-1751-senegal\/","og_site_name":"Libairie Clavreuil","article_modified_time":"2024-04-22T13:56:55+00:00","og_image":[{"width":1920,"height":2560,"url":"https:\/\/clavreuil-wordpress.logiciel-arteo.fr\/wp-content\/uploads\/2024\/04\/senegal-arrest-du-conseil-d-etat-du-roy-qui-defend-pendant-un-an-la-sortie-du-royaume-de-la-gomme-du-senegal-a-peine-de-confiscation-de-trois-cens-liv-scaled.jpg","type":"image\/jpeg"}],"twitter_card":"summary_large_image","schema":{"@context":"https:\/\/schema.org","@graph":[{"@type":"WebPage","@id":"https:\/\/clavreuil-wordpress.logiciel-arteo.fr\/en\/arrest-du-conseil-detat-du-roy-qui-defend-pendant-un-an-la-sortie-du-royaume-de-la-gomme-du-senegal-a-peine-de-confiscation-de-trois-cens-livres-damende-du-2-novembre-1751-senegal\/","url":"https:\/\/clavreuil-wordpress.logiciel-arteo.fr\/en\/arrest-du-conseil-detat-du-roy-qui-defend-pendant-un-an-la-sortie-du-royaume-de-la-gomme-du-senegal-a-peine-de-confiscation-de-trois-cens-livres-damende-du-2-novembre-1751-senegal\/","name":"SENEGAL Arrest du conseil d'\u00e9tat du roy, qui d\u00e9fend, pendant un an, la sortie du royaume, de la Gomme du S\u00e9n\u00e9gal; \u00e0 peine de confiscation &amp; de trois cens livres d'amende. Du 2 novembre 1751. - Libairie Clavreuil","isPartOf":{"@id":"https:\/\/clavreuil-wordpress.logiciel-arteo.fr\/#website"},"primaryImageOfPage":{"@id":"https:\/\/clavreuil-wordpress.logiciel-arteo.fr\/en\/arrest-du-conseil-detat-du-roy-qui-defend-pendant-un-an-la-sortie-du-royaume-de-la-gomme-du-senegal-a-peine-de-confiscation-de-trois-cens-livres-damende-du-2-novembre-1751-senegal\/#primaryimage"},"image":{"@id":"https:\/\/clavreuil-wordpress.logiciel-arteo.fr\/en\/arrest-du-conseil-detat-du-roy-qui-defend-pendant-un-an-la-sortie-du-royaume-de-la-gomme-du-senegal-a-peine-de-confiscation-de-trois-cens-livres-damende-du-2-novembre-1751-senegal\/#primaryimage"},"thumbnailUrl":"https:\/\/clavreuil-wordpress.logiciel-arteo.fr\/wp-content\/uploads\/2024\/04\/senegal-arrest-du-conseil-d-etat-du-roy-qui-defend-pendant-un-an-la-sortie-du-royaume-de-la-gomme-du-senegal-a-peine-de-confiscation-de-trois-cens-liv-scaled.jpg","datePublished":"2024-04-18T14:05:33+00:00","dateModified":"2024-04-22T13:56:55+00:00","breadcrumb":{"@id":"https:\/\/clavreuil-wordpress.logiciel-arteo.fr\/en\/arrest-du-conseil-detat-du-roy-qui-defend-pendant-un-an-la-sortie-du-royaume-de-la-gomme-du-senegal-a-peine-de-confiscation-de-trois-cens-livres-damende-du-2-novembre-1751-senegal\/#breadcrumb"},"inLanguage":"en-US","potentialAction":[{"@type":"ReadAction","target":["https:\/\/clavreuil-wordpress.logiciel-arteo.fr\/en\/arrest-du-conseil-detat-du-roy-qui-defend-pendant-un-an-la-sortie-du-royaume-de-la-gomme-du-senegal-a-peine-de-confiscation-de-trois-cens-livres-damende-du-2-novembre-1751-senegal\/"]}]},{"@type":"ImageObject","inLanguage":"en-US","@id":"https:\/\/clavreuil-wordpress.logiciel-arteo.fr\/en\/arrest-du-conseil-detat-du-roy-qui-defend-pendant-un-an-la-sortie-du-royaume-de-la-gomme-du-senegal-a-peine-de-confiscation-de-trois-cens-livres-damende-du-2-novembre-1751-senegal\/#primaryimage","url":"https:\/\/clavreuil-wordpress.logiciel-arteo.fr\/wp-content\/uploads\/2024\/04\/senegal-arrest-du-conseil-d-etat-du-roy-qui-defend-pendant-un-an-la-sortie-du-royaume-de-la-gomme-du-senegal-a-peine-de-confiscation-de-trois-cens-liv-scaled.jpg","contentUrl":"https:\/\/clavreuil-wordpress.logiciel-arteo.fr\/wp-content\/uploads\/2024\/04\/senegal-arrest-du-conseil-d-etat-du-roy-qui-defend-pendant-un-an-la-sortie-du-royaume-de-la-gomme-du-senegal-a-peine-de-confiscation-de-trois-cens-liv-scaled.jpg","width":1920,"height":2560},{"@type":"BreadcrumbList","@id":"https:\/\/clavreuil-wordpress.logiciel-arteo.fr\/en\/arrest-du-conseil-detat-du-roy-qui-defend-pendant-un-an-la-sortie-du-royaume-de-la-gomme-du-senegal-a-peine-de-confiscation-de-trois-cens-livres-damende-du-2-novembre-1751-senegal\/#breadcrumb","itemListElement":[{"@type":"ListItem","position":1,"name":"Accueil","item":"https:\/\/clavreuil-wordpress.logiciel-arteo.fr\/"},{"@type":"ListItem","position":2,"name":"All our books","item":"https:\/\/clavreuil-wordpress.logiciel-arteo.fr\/en\/all-our-books\/"},{"@type":"ListItem","position":3,"name":"SENEGAL Arrest du conseil d&#8217;\u00e9tat du roy, qui..."}]},{"@type":"WebSite","@id":"https:\/\/clavreuil-wordpress.logiciel-arteo.fr\/#website","url":"https:\/\/clavreuil-wordpress.logiciel-arteo.fr\/","name":"Libairie Clavreuil","description":"","publisher":{"@id":"https:\/\/clavreuil-wordpress.logiciel-arteo.fr\/#organization"},"potentialAction":[{"@type":"SearchAction","target":{"@type":"EntryPoint","urlTemplate":"https:\/\/clavreuil-wordpress.logiciel-arteo.fr\/?s={search_term_string}"},"query-input":{"@type":"PropertyValueSpecification","valueRequired":true,"valueName":"search_term_string"}}],"inLanguage":"en-US"},{"@type":"Organization","@id":"https:\/\/clavreuil-wordpress.logiciel-arteo.fr\/#organization","name":"Libairie Clavreuil","url":"https:\/\/clavreuil-wordpress.logiciel-arteo.fr\/","logo":{"@type":"ImageObject","inLanguage":"en-US","@id":"https:\/\/clavreuil-wordpress.logiciel-arteo.fr\/#\/schema\/logo\/image\/","url":"https:\/\/clavreuil-wordpress.logiciel-arteo.fr\/wp-content\/uploads\/2021\/05\/LOGO_PNG_DATE-_gold.png","contentUrl":"https:\/\/clavreuil-wordpress.logiciel-arteo.fr\/wp-content\/uploads\/2021\/05\/LOGO_PNG_DATE-_gold.png","width":2083,"height":1917,"caption":"Libairie Clavreuil"},"image":{"@id":"https:\/\/clavreuil-wordpress.logiciel-arteo.fr\/#\/schema\/logo\/image\/"}}]}},"_links":{"self":[{"href":"https:\/\/clavreuil-wordpress.logiciel-arteo.fr\/en\/wp-json\/wp\/v2\/product\/73361","targetHints":{"allow":["GET"]}}],"collection":[{"href":"https:\/\/clavreuil-wordpress.logiciel-arteo.fr\/en\/wp-json\/wp\/v2\/product"}],"about":[{"href":"https:\/\/clavreuil-wordpress.logiciel-arteo.fr\/en\/wp-json\/wp\/v2\/types\/product"}],"replies":[{"embeddable":true,"href":"https:\/\/clavreuil-wordpress.logiciel-arteo.fr\/en\/wp-json\/wp\/v2\/comments?post=73361"}],"wp:featuredmedia":[{"embeddable":true,"href":"https:\/\/clavreuil-wordpress.logiciel-arteo.fr\/en\/wp-json\/wp\/v2\/media\/73358"}],"wp:attachment":[{"href":"https:\/\/clavreuil-wordpress.logiciel-arteo.fr\/en\/wp-json\/wp\/v2\/media?parent=73361"}],"wp:term":[{"taxonomy":"product_brand","embeddable":true,"href":"https:\/\/clavreuil-wordpress.logiciel-arteo.fr\/en\/wp-json\/wp\/v2\/product_brand?post=73361"},{"taxonomy":"product_cat","embeddable":true,"href":"https:\/\/clavreuil-wordpress.logiciel-arteo.fr\/en\/wp-json\/wp\/v2\/product_cat?post=73361"},{"taxonomy":"product_tag","embeddable":true,"href":"https:\/\/clavreuil-wordpress.logiciel-arteo.fr\/en\/wp-json\/wp\/v2\/product_tag?post=73361"}],"curies":[{"name":"wp","href":"https:\/\/api.w.org\/{rel}","templated":true}]}}