{"id":73365,"date":"2024-04-18T16:06:06","date_gmt":"2024-04-18T14:06:06","guid":{"rendered":"https:\/\/clavreuil-wordpress.logiciel-arteo.fr\/arret-du-conseil-detat-du-roi-qui-ordonne-la-communication-aux-departemens-des-cartes-geographiques-avant-de-les-publier-cartographie\/"},"modified":"2024-04-22T15:56:33","modified_gmt":"2024-04-22T13:56:33","slug":"arret-du-conseil-detat-du-roi-qui-ordonne-la-communication-aux-departemens-des-cartes-geographiques-avant-de-les-publier-cartographie","status":"publish","type":"product","link":"https:\/\/clavreuil-wordpress.logiciel-arteo.fr\/en\/arret-du-conseil-detat-du-roi-qui-ordonne-la-communication-aux-departemens-des-cartes-geographiques-avant-de-les-publier-cartographie\/","title":{"rendered":"CARTOGRAPHIE Arr\u00eat du conseil d&#8217;\u00e9tat du roi, qui..."},"content":{"rendered":"<p>Decree ordering, under penalty of fine, that anyone wishing to &quot;engrave, publish &amp; distribute geographical maps&quot; must obtain permission from the Garde Sceaux in order to avoid errors concerning the boundaries of possessions, as imperfect maps &quot;expose the King&#039;s subjects to the greatest dangers&quot;.<\/p>\n","protected":false},"excerpt":{"rendered":"<p>4to (270 x 210 mm) bifolium of 3pp.<\/p>\n","protected":false},"featured_media":73362,"comment_status":"open","ping_status":"closed","template":"","meta":{"_acf_changed":false},"product_brand":[],"product_cat":[536],"product_tag":[1222,1223,620],"class_list":{"0":"post-73365","1":"product","2":"type-product","3":"status-publish","4":"has-post-thumbnail","6":"product_cat-right-economy","7":"product_tag-geography","8":"product_tag-map","9":"product_tag-travel","10":"pa_auteur-cartographie-2","11":"pa_type-de-livre-printed-book","13":"first","14":"instock","15":"shipping-taxable","16":"purchasable","17":"product-type-simple"},"acf":[],"yoast_head":"<!-- This site is optimized with the Yoast SEO plugin v24.3 - https:\/\/yoast.com\/wordpress\/plugins\/seo\/ -->\n<title>CARTOGRAPHIE  Arr\u00eat du conseil d&#039;\u00e9tat du roi, qui ordonne la communication aux d\u00e9partemens, des cartes g\u00e9ographiques, avant de les publier. - Libairie Clavreuil<\/title>\n<meta name=\"robots\" content=\"noindex, follow, max-snippet:-1, max-image-preview:large, max-video-preview:-1\" \/>\n<meta property=\"og:locale\" content=\"en_US\" \/>\n<meta property=\"og:type\" content=\"article\" \/>\n<meta property=\"og:title\" content=\"CARTOGRAPHIE  Arr\u00eat du conseil d&#039;\u00e9tat du roi, qui ordonne la communication aux d\u00e9partemens, des cartes g\u00e9ographiques, avant de les publier. - Libairie Clavreuil\" \/>\n<meta property=\"og:description\" content=\"4to (270 x 210 mm) bifolium of 3pp.\" \/>\n<meta property=\"og:url\" content=\"https:\/\/clavreuil-wordpress.logiciel-arteo.fr\/en\/arret-du-conseil-detat-du-roi-qui-ordonne-la-communication-aux-departemens-des-cartes-geographiques-avant-de-les-publier-cartographie\/\" \/>\n<meta property=\"og:site_name\" content=\"Libairie Clavreuil\" \/>\n<meta property=\"article:modified_time\" content=\"2024-04-22T13:56:33+00:00\" \/>\n<meta property=\"og:image\" content=\"https:\/\/clavreuil-wordpress.logiciel-arteo.fr\/wp-content\/uploads\/2024\/04\/cartographie-arret-du-conseil-d-etat-du-roi-qui-ordonne-la-communication-aux-departemens-des-cartes-geographiques-avant-de-les-publier-7099-65b9306988-scaled.jpg\" \/>\n\t<meta property=\"og:image:width\" content=\"1985\" \/>\n\t<meta property=\"og:image:height\" content=\"2560\" \/>\n\t<meta property=\"og:image:type\" content=\"image\/jpeg\" \/>\n<meta name=\"twitter:card\" content=\"summary_large_image\" \/>\n<script type=\"application\/ld+json\" class=\"yoast-schema-graph\">{\"@context\":\"https:\/\/schema.org\",\"@graph\":[{\"@type\":\"WebPage\",\"@id\":\"https:\/\/clavreuil-wordpress.logiciel-arteo.fr\/en\/arret-du-conseil-detat-du-roi-qui-ordonne-la-communication-aux-departemens-des-cartes-geographiques-avant-de-les-publier-cartographie\/\",\"url\":\"https:\/\/clavreuil-wordpress.logiciel-arteo.fr\/en\/arret-du-conseil-detat-du-roi-qui-ordonne-la-communication-aux-departemens-des-cartes-geographiques-avant-de-les-publier-cartographie\/\",\"name\":\"CARTOGRAPHIE Arr\u00eat du conseil d'\u00e9tat du roi, qui ordonne la communication aux d\u00e9partemens, des cartes g\u00e9ographiques, avant de les publier. - Libairie Clavreuil\",\"isPartOf\":{\"@id\":\"https:\/\/clavreuil-wordpress.logiciel-arteo.fr\/#website\"},\"primaryImageOfPage\":{\"@id\":\"https:\/\/clavreuil-wordpress.logiciel-arteo.fr\/en\/arret-du-conseil-detat-du-roi-qui-ordonne-la-communication-aux-departemens-des-cartes-geographiques-avant-de-les-publier-cartographie\/#primaryimage\"},\"image\":{\"@id\":\"https:\/\/clavreuil-wordpress.logiciel-arteo.fr\/en\/arret-du-conseil-detat-du-roi-qui-ordonne-la-communication-aux-departemens-des-cartes-geographiques-avant-de-les-publier-cartographie\/#primaryimage\"},\"thumbnailUrl\":\"https:\/\/clavreuil-wordpress.logiciel-arteo.fr\/wp-content\/uploads\/2024\/04\/cartographie-arret-du-conseil-d-etat-du-roi-qui-ordonne-la-communication-aux-departemens-des-cartes-geographiques-avant-de-les-publier-7099-65b9306988-scaled.jpg\",\"datePublished\":\"2024-04-18T14:06:06+00:00\",\"dateModified\":\"2024-04-22T13:56:33+00:00\",\"breadcrumb\":{\"@id\":\"https:\/\/clavreuil-wordpress.logiciel-arteo.fr\/en\/arret-du-conseil-detat-du-roi-qui-ordonne-la-communication-aux-departemens-des-cartes-geographiques-avant-de-les-publier-cartographie\/#breadcrumb\"},\"inLanguage\":\"en-US\",\"potentialAction\":[{\"@type\":\"ReadAction\",\"target\":[\"https:\/\/clavreuil-wordpress.logiciel-arteo.fr\/en\/arret-du-conseil-detat-du-roi-qui-ordonne-la-communication-aux-departemens-des-cartes-geographiques-avant-de-les-publier-cartographie\/\"]}]},{\"@type\":\"ImageObject\",\"inLanguage\":\"en-US\",\"@id\":\"https:\/\/clavreuil-wordpress.logiciel-arteo.fr\/en\/arret-du-conseil-detat-du-roi-qui-ordonne-la-communication-aux-departemens-des-cartes-geographiques-avant-de-les-publier-cartographie\/#primaryimage\",\"url\":\"https:\/\/clavreuil-wordpress.logiciel-arteo.fr\/wp-content\/uploads\/2024\/04\/cartographie-arret-du-conseil-d-etat-du-roi-qui-ordonne-la-communication-aux-departemens-des-cartes-geographiques-avant-de-les-publier-7099-65b9306988-scaled.jpg\",\"contentUrl\":\"https:\/\/clavreuil-wordpress.logiciel-arteo.fr\/wp-content\/uploads\/2024\/04\/cartographie-arret-du-conseil-d-etat-du-roi-qui-ordonne-la-communication-aux-departemens-des-cartes-geographiques-avant-de-les-publier-7099-65b9306988-scaled.jpg\",\"width\":1985,\"height\":2560},{\"@type\":\"BreadcrumbList\",\"@id\":\"https:\/\/clavreuil-wordpress.logiciel-arteo.fr\/en\/arret-du-conseil-detat-du-roi-qui-ordonne-la-communication-aux-departemens-des-cartes-geographiques-avant-de-les-publier-cartographie\/#breadcrumb\",\"itemListElement\":[{\"@type\":\"ListItem\",\"position\":1,\"name\":\"Accueil\",\"item\":\"https:\/\/clavreuil-wordpress.logiciel-arteo.fr\/\"},{\"@type\":\"ListItem\",\"position\":2,\"name\":\"All our books\",\"item\":\"https:\/\/clavreuil-wordpress.logiciel-arteo.fr\/en\/all-our-books\/\"},{\"@type\":\"ListItem\",\"position\":3,\"name\":\"CARTOGRAPHIE Arr\u00eat du conseil d&#8217;\u00e9tat du roi, qui...\"}]},{\"@type\":\"WebSite\",\"@id\":\"https:\/\/clavreuil-wordpress.logiciel-arteo.fr\/#website\",\"url\":\"https:\/\/clavreuil-wordpress.logiciel-arteo.fr\/\",\"name\":\"Libairie Clavreuil\",\"description\":\"\",\"publisher\":{\"@id\":\"https:\/\/clavreuil-wordpress.logiciel-arteo.fr\/#organization\"},\"potentialAction\":[{\"@type\":\"SearchAction\",\"target\":{\"@type\":\"EntryPoint\",\"urlTemplate\":\"https:\/\/clavreuil-wordpress.logiciel-arteo.fr\/?s={search_term_string}\"},\"query-input\":{\"@type\":\"PropertyValueSpecification\",\"valueRequired\":true,\"valueName\":\"search_term_string\"}}],\"inLanguage\":\"en-US\"},{\"@type\":\"Organization\",\"@id\":\"https:\/\/clavreuil-wordpress.logiciel-arteo.fr\/#organization\",\"name\":\"Libairie Clavreuil\",\"url\":\"https:\/\/clavreuil-wordpress.logiciel-arteo.fr\/\",\"logo\":{\"@type\":\"ImageObject\",\"inLanguage\":\"en-US\",\"@id\":\"https:\/\/clavreuil-wordpress.logiciel-arteo.fr\/#\/schema\/logo\/image\/\",\"url\":\"https:\/\/clavreuil-wordpress.logiciel-arteo.fr\/wp-content\/uploads\/2021\/05\/LOGO_PNG_DATE-_gold.png\",\"contentUrl\":\"https:\/\/clavreuil-wordpress.logiciel-arteo.fr\/wp-content\/uploads\/2021\/05\/LOGO_PNG_DATE-_gold.png\",\"width\":2083,\"height\":1917,\"caption\":\"Libairie Clavreuil\"},\"image\":{\"@id\":\"https:\/\/clavreuil-wordpress.logiciel-arteo.fr\/#\/schema\/logo\/image\/\"}}]}<\/script>\n<!-- \/ Yoast SEO plugin. -->","yoast_head_json":{"title":"CARTOGRAPHIE  Arr\u00eat du conseil d'\u00e9tat du roi, qui ordonne la communication aux d\u00e9partemens, des cartes g\u00e9ographiques, avant de les publier. - Libairie Clavreuil","robots":{"index":"noindex","follow":"follow","max-snippet":"max-snippet:-1","max-image-preview":"max-image-preview:large","max-video-preview":"max-video-preview:-1"},"og_locale":"en_US","og_type":"article","og_title":"CARTOGRAPHIE  Arr\u00eat du conseil d'\u00e9tat du roi, qui ordonne la communication aux d\u00e9partemens, des cartes g\u00e9ographiques, avant de les publier. - Libairie Clavreuil","og_description":"4to (270 x 210 mm) bifolium of 3pp.","og_url":"https:\/\/clavreuil-wordpress.logiciel-arteo.fr\/en\/arret-du-conseil-detat-du-roi-qui-ordonne-la-communication-aux-departemens-des-cartes-geographiques-avant-de-les-publier-cartographie\/","og_site_name":"Libairie Clavreuil","article_modified_time":"2024-04-22T13:56:33+00:00","og_image":[{"width":1985,"height":2560,"url":"https:\/\/clavreuil-wordpress.logiciel-arteo.fr\/wp-content\/uploads\/2024\/04\/cartographie-arret-du-conseil-d-etat-du-roi-qui-ordonne-la-communication-aux-departemens-des-cartes-geographiques-avant-de-les-publier-7099-65b9306988-scaled.jpg","type":"image\/jpeg"}],"twitter_card":"summary_large_image","schema":{"@context":"https:\/\/schema.org","@graph":[{"@type":"WebPage","@id":"https:\/\/clavreuil-wordpress.logiciel-arteo.fr\/en\/arret-du-conseil-detat-du-roi-qui-ordonne-la-communication-aux-departemens-des-cartes-geographiques-avant-de-les-publier-cartographie\/","url":"https:\/\/clavreuil-wordpress.logiciel-arteo.fr\/en\/arret-du-conseil-detat-du-roi-qui-ordonne-la-communication-aux-departemens-des-cartes-geographiques-avant-de-les-publier-cartographie\/","name":"CARTOGRAPHIE Arr\u00eat du conseil d'\u00e9tat du roi, qui ordonne la communication aux d\u00e9partemens, des cartes g\u00e9ographiques, avant de les publier. - Libairie Clavreuil","isPartOf":{"@id":"https:\/\/clavreuil-wordpress.logiciel-arteo.fr\/#website"},"primaryImageOfPage":{"@id":"https:\/\/clavreuil-wordpress.logiciel-arteo.fr\/en\/arret-du-conseil-detat-du-roi-qui-ordonne-la-communication-aux-departemens-des-cartes-geographiques-avant-de-les-publier-cartographie\/#primaryimage"},"image":{"@id":"https:\/\/clavreuil-wordpress.logiciel-arteo.fr\/en\/arret-du-conseil-detat-du-roi-qui-ordonne-la-communication-aux-departemens-des-cartes-geographiques-avant-de-les-publier-cartographie\/#primaryimage"},"thumbnailUrl":"https:\/\/clavreuil-wordpress.logiciel-arteo.fr\/wp-content\/uploads\/2024\/04\/cartographie-arret-du-conseil-d-etat-du-roi-qui-ordonne-la-communication-aux-departemens-des-cartes-geographiques-avant-de-les-publier-7099-65b9306988-scaled.jpg","datePublished":"2024-04-18T14:06:06+00:00","dateModified":"2024-04-22T13:56:33+00:00","breadcrumb":{"@id":"https:\/\/clavreuil-wordpress.logiciel-arteo.fr\/en\/arret-du-conseil-detat-du-roi-qui-ordonne-la-communication-aux-departemens-des-cartes-geographiques-avant-de-les-publier-cartographie\/#breadcrumb"},"inLanguage":"en-US","potentialAction":[{"@type":"ReadAction","target":["https:\/\/clavreuil-wordpress.logiciel-arteo.fr\/en\/arret-du-conseil-detat-du-roi-qui-ordonne-la-communication-aux-departemens-des-cartes-geographiques-avant-de-les-publier-cartographie\/"]}]},{"@type":"ImageObject","inLanguage":"en-US","@id":"https:\/\/clavreuil-wordpress.logiciel-arteo.fr\/en\/arret-du-conseil-detat-du-roi-qui-ordonne-la-communication-aux-departemens-des-cartes-geographiques-avant-de-les-publier-cartographie\/#primaryimage","url":"https:\/\/clavreuil-wordpress.logiciel-arteo.fr\/wp-content\/uploads\/2024\/04\/cartographie-arret-du-conseil-d-etat-du-roi-qui-ordonne-la-communication-aux-departemens-des-cartes-geographiques-avant-de-les-publier-7099-65b9306988-scaled.jpg","contentUrl":"https:\/\/clavreuil-wordpress.logiciel-arteo.fr\/wp-content\/uploads\/2024\/04\/cartographie-arret-du-conseil-d-etat-du-roi-qui-ordonne-la-communication-aux-departemens-des-cartes-geographiques-avant-de-les-publier-7099-65b9306988-scaled.jpg","width":1985,"height":2560},{"@type":"BreadcrumbList","@id":"https:\/\/clavreuil-wordpress.logiciel-arteo.fr\/en\/arret-du-conseil-detat-du-roi-qui-ordonne-la-communication-aux-departemens-des-cartes-geographiques-avant-de-les-publier-cartographie\/#breadcrumb","itemListElement":[{"@type":"ListItem","position":1,"name":"Accueil","item":"https:\/\/clavreuil-wordpress.logiciel-arteo.fr\/"},{"@type":"ListItem","position":2,"name":"All our books","item":"https:\/\/clavreuil-wordpress.logiciel-arteo.fr\/en\/all-our-books\/"},{"@type":"ListItem","position":3,"name":"CARTOGRAPHIE Arr\u00eat du conseil d&#8217;\u00e9tat du roi, qui..."}]},{"@type":"WebSite","@id":"https:\/\/clavreuil-wordpress.logiciel-arteo.fr\/#website","url":"https:\/\/clavreuil-wordpress.logiciel-arteo.fr\/","name":"Libairie Clavreuil","description":"","publisher":{"@id":"https:\/\/clavreuil-wordpress.logiciel-arteo.fr\/#organization"},"potentialAction":[{"@type":"SearchAction","target":{"@type":"EntryPoint","urlTemplate":"https:\/\/clavreuil-wordpress.logiciel-arteo.fr\/?s={search_term_string}"},"query-input":{"@type":"PropertyValueSpecification","valueRequired":true,"valueName":"search_term_string"}}],"inLanguage":"en-US"},{"@type":"Organization","@id":"https:\/\/clavreuil-wordpress.logiciel-arteo.fr\/#organization","name":"Libairie Clavreuil","url":"https:\/\/clavreuil-wordpress.logiciel-arteo.fr\/","logo":{"@type":"ImageObject","inLanguage":"en-US","@id":"https:\/\/clavreuil-wordpress.logiciel-arteo.fr\/#\/schema\/logo\/image\/","url":"https:\/\/clavreuil-wordpress.logiciel-arteo.fr\/wp-content\/uploads\/2021\/05\/LOGO_PNG_DATE-_gold.png","contentUrl":"https:\/\/clavreuil-wordpress.logiciel-arteo.fr\/wp-content\/uploads\/2021\/05\/LOGO_PNG_DATE-_gold.png","width":2083,"height":1917,"caption":"Libairie Clavreuil"},"image":{"@id":"https:\/\/clavreuil-wordpress.logiciel-arteo.fr\/#\/schema\/logo\/image\/"}}]}},"_links":{"self":[{"href":"https:\/\/clavreuil-wordpress.logiciel-arteo.fr\/en\/wp-json\/wp\/v2\/product\/73365","targetHints":{"allow":["GET"]}}],"collection":[{"href":"https:\/\/clavreuil-wordpress.logiciel-arteo.fr\/en\/wp-json\/wp\/v2\/product"}],"about":[{"href":"https:\/\/clavreuil-wordpress.logiciel-arteo.fr\/en\/wp-json\/wp\/v2\/types\/product"}],"replies":[{"embeddable":true,"href":"https:\/\/clavreuil-wordpress.logiciel-arteo.fr\/en\/wp-json\/wp\/v2\/comments?post=73365"}],"wp:featuredmedia":[{"embeddable":true,"href":"https:\/\/clavreuil-wordpress.logiciel-arteo.fr\/en\/wp-json\/wp\/v2\/media\/73362"}],"wp:attachment":[{"href":"https:\/\/clavreuil-wordpress.logiciel-arteo.fr\/en\/wp-json\/wp\/v2\/media?parent=73365"}],"wp:term":[{"taxonomy":"product_brand","embeddable":true,"href":"https:\/\/clavreuil-wordpress.logiciel-arteo.fr\/en\/wp-json\/wp\/v2\/product_brand?post=73365"},{"taxonomy":"product_cat","embeddable":true,"href":"https:\/\/clavreuil-wordpress.logiciel-arteo.fr\/en\/wp-json\/wp\/v2\/product_cat?post=73365"},{"taxonomy":"product_tag","embeddable":true,"href":"https:\/\/clavreuil-wordpress.logiciel-arteo.fr\/en\/wp-json\/wp\/v2\/product_tag?post=73365"}],"curies":[{"name":"wp","href":"https:\/\/api.w.org\/{rel}","templated":true}]}}