{"id":73395,"date":"2024-04-18T16:26:23","date_gmt":"2024-04-18T14:26:23","guid":{"rendered":"https:\/\/clavreuil-wordpress.logiciel-arteo.fr\/chirurgie-traite-doperations-nouvelles-et-inventions-de-mecanique-servant-de-moyens-secondaires-pour-en-assurer-le-succes-p-dutertre\/"},"modified":"2024-04-22T15:04:46","modified_gmt":"2024-04-22T13:04:46","slug":"chirurgie-traite-doperations-nouvelles-et-inventions-de-mecanique-servant-de-moyens-secondaires-pour-en-assurer-le-succes-p-dutertre","status":"publish","type":"product","link":"https:\/\/clavreuil-wordpress.logiciel-arteo.fr\/en\/chirurgie-traite-doperations-nouvelles-et-inventions-de-mecanique-servant-de-moyens-secondaires-pour-en-assurer-le-succes-p-dutertre\/","title":{"rendered":"DUTERTRE P Chirurgie. Trait\u00e9 d&#8217;op\u00e9rations nouvelles, et inventions..."},"content":{"rendered":"<p style=\"text-align:justify\"><em>Waller, 2662; Wellcome, II, 505.<\/em><\/p>\n<p style=\"text-align:justify\">First edition.<\/p>\n<p style=\"text-align:justify\">The 3-page engraved &quot;Copie de la lettre envoy&eacute;e a M. le Docteur Dutertre &#8230;&quot; bound between pp. [8]-[9].<\/p>\n<p style=\"text-align:justify\">The first separate illustrated treatise on the orthopaedic treatment of hand injuries and deformities. Prior to the work of William Adams on Dupuytren&#039;s contracture (1879) few, if any, orthopaedic surgeons operated substantially within the hand itself. Instead, like Dutertre, they treated injured and deformed hands externally with braces, splints, etc. In this remarkable but little-known book Dutertre describes braces and splints of his own invention, which are illustrated in the plates. Dutertre is not noticed in the major surgical or orthopaedic references, nor does he appear in Hirsch.<\/p>\n<p style=\"text-align:justify\">Provenance: Inscribed and signed on the half-title by the author to &ldquo;Madame Guillotin, et Mr Sograin, son fr&egrave;re, de la part de l&rsquo;auteur, Dutertre&rdquo;. Madame Guillotin is in fact the widow of famous inventor of the machine that still bears his name.<\/p>\n","protected":false},"excerpt":{"rendered":"<p>8&deg; (235 x 148 mm) engraved portrait frontispiece, 85 pp., 21 engraved plates; stitched as issued, original publisher&rsquo;s wrappers (<em>spine broken<\/em>).<\/p>\n","protected":false},"featured_media":73388,"comment_status":"open","ping_status":"closed","template":"","meta":{"_acf_changed":false},"product_brand":[],"product_cat":[548],"product_tag":[1264,1279,1276],"class_list":{"0":"post-73395","1":"product","2":"type-product","3":"status-publish","4":"has-post-thumbnail","6":"product_cat-medicine","7":"product_tag-inscription","8":"product_tag-orthopaedics","9":"product_tag-surgery","10":"pa_auteur-p-dutertre-2","11":"pa_type-de-livre-printed-book","13":"first","14":"instock","15":"shipping-taxable","16":"purchasable","17":"product-type-simple"},"acf":[],"yoast_head":"<!-- This site is optimized with the Yoast SEO plugin v24.3 - https:\/\/yoast.com\/wordpress\/plugins\/seo\/ -->\n<title>DUTERTRE P Chirurgie. Trait\u00e9 d&#039;op\u00e9rations nouvelles, et inventions de m\u00e9canique, servant de moyens secondaires pour en assurer le succ\u00e8s. - Libairie Clavreuil<\/title>\n<meta name=\"robots\" content=\"noindex, follow, max-snippet:-1, max-image-preview:large, max-video-preview:-1\" \/>\n<meta property=\"og:locale\" content=\"en_US\" \/>\n<meta property=\"og:type\" content=\"article\" \/>\n<meta property=\"og:title\" content=\"DUTERTRE P Chirurgie. Trait\u00e9 d&#039;op\u00e9rations nouvelles, et inventions de m\u00e9canique, servant de moyens secondaires pour en assurer le succ\u00e8s. - Libairie Clavreuil\" \/>\n<meta property=\"og:description\" content=\"8&deg; (235 x 148 mm) engraved portrait frontispiece, 85 pp., 21 engraved plates; stitched as issued, original publisher&rsquo;s wrappers (spine broken).\" \/>\n<meta property=\"og:url\" content=\"https:\/\/clavreuil-wordpress.logiciel-arteo.fr\/en\/chirurgie-traite-doperations-nouvelles-et-inventions-de-mecanique-servant-de-moyens-secondaires-pour-en-assurer-le-succes-p-dutertre\/\" \/>\n<meta property=\"og:site_name\" content=\"Libairie Clavreuil\" \/>\n<meta property=\"article:modified_time\" content=\"2024-04-22T13:04:46+00:00\" \/>\n<meta property=\"og:image\" content=\"https:\/\/clavreuil-wordpress.logiciel-arteo.fr\/wp-content\/uploads\/2024\/04\/p-dutertre-chirurgie-traite-d-operations-nouvelles-et-inventions-de-mecanique-servant-de-moyens-secondaires-pour-en-assurer-le-succes-2433-65a93c3be1f-scaled.jpg\" \/>\n\t<meta property=\"og:image:width\" content=\"1920\" \/>\n\t<meta property=\"og:image:height\" content=\"2560\" \/>\n\t<meta property=\"og:image:type\" content=\"image\/jpeg\" \/>\n<meta name=\"twitter:card\" content=\"summary_large_image\" \/>\n<meta name=\"twitter:label1\" content=\"Est. reading time\" \/>\n\t<meta name=\"twitter:data1\" content=\"1 minute\" \/>\n<script type=\"application\/ld+json\" class=\"yoast-schema-graph\">{\"@context\":\"https:\/\/schema.org\",\"@graph\":[{\"@type\":\"WebPage\",\"@id\":\"https:\/\/clavreuil-wordpress.logiciel-arteo.fr\/en\/chirurgie-traite-doperations-nouvelles-et-inventions-de-mecanique-servant-de-moyens-secondaires-pour-en-assurer-le-succes-p-dutertre\/\",\"url\":\"https:\/\/clavreuil-wordpress.logiciel-arteo.fr\/en\/chirurgie-traite-doperations-nouvelles-et-inventions-de-mecanique-servant-de-moyens-secondaires-pour-en-assurer-le-succes-p-dutertre\/\",\"name\":\"DUTERTRE P Chirurgie. Trait\u00e9 d'op\u00e9rations nouvelles, et inventions de m\u00e9canique, servant de moyens secondaires pour en assurer le succ\u00e8s. - Libairie Clavreuil\",\"isPartOf\":{\"@id\":\"https:\/\/clavreuil-wordpress.logiciel-arteo.fr\/#website\"},\"primaryImageOfPage\":{\"@id\":\"https:\/\/clavreuil-wordpress.logiciel-arteo.fr\/en\/chirurgie-traite-doperations-nouvelles-et-inventions-de-mecanique-servant-de-moyens-secondaires-pour-en-assurer-le-succes-p-dutertre\/#primaryimage\"},\"image\":{\"@id\":\"https:\/\/clavreuil-wordpress.logiciel-arteo.fr\/en\/chirurgie-traite-doperations-nouvelles-et-inventions-de-mecanique-servant-de-moyens-secondaires-pour-en-assurer-le-succes-p-dutertre\/#primaryimage\"},\"thumbnailUrl\":\"https:\/\/clavreuil-wordpress.logiciel-arteo.fr\/wp-content\/uploads\/2024\/04\/p-dutertre-chirurgie-traite-d-operations-nouvelles-et-inventions-de-mecanique-servant-de-moyens-secondaires-pour-en-assurer-le-succes-2433-65a93c3be1f-scaled.jpg\",\"datePublished\":\"2024-04-18T14:26:23+00:00\",\"dateModified\":\"2024-04-22T13:04:46+00:00\",\"breadcrumb\":{\"@id\":\"https:\/\/clavreuil-wordpress.logiciel-arteo.fr\/en\/chirurgie-traite-doperations-nouvelles-et-inventions-de-mecanique-servant-de-moyens-secondaires-pour-en-assurer-le-succes-p-dutertre\/#breadcrumb\"},\"inLanguage\":\"en-US\",\"potentialAction\":[{\"@type\":\"ReadAction\",\"target\":[\"https:\/\/clavreuil-wordpress.logiciel-arteo.fr\/en\/chirurgie-traite-doperations-nouvelles-et-inventions-de-mecanique-servant-de-moyens-secondaires-pour-en-assurer-le-succes-p-dutertre\/\"]}]},{\"@type\":\"ImageObject\",\"inLanguage\":\"en-US\",\"@id\":\"https:\/\/clavreuil-wordpress.logiciel-arteo.fr\/en\/chirurgie-traite-doperations-nouvelles-et-inventions-de-mecanique-servant-de-moyens-secondaires-pour-en-assurer-le-succes-p-dutertre\/#primaryimage\",\"url\":\"https:\/\/clavreuil-wordpress.logiciel-arteo.fr\/wp-content\/uploads\/2024\/04\/p-dutertre-chirurgie-traite-d-operations-nouvelles-et-inventions-de-mecanique-servant-de-moyens-secondaires-pour-en-assurer-le-succes-2433-65a93c3be1f-scaled.jpg\",\"contentUrl\":\"https:\/\/clavreuil-wordpress.logiciel-arteo.fr\/wp-content\/uploads\/2024\/04\/p-dutertre-chirurgie-traite-d-operations-nouvelles-et-inventions-de-mecanique-servant-de-moyens-secondaires-pour-en-assurer-le-succes-2433-65a93c3be1f-scaled.jpg\",\"width\":1920,\"height\":2560},{\"@type\":\"BreadcrumbList\",\"@id\":\"https:\/\/clavreuil-wordpress.logiciel-arteo.fr\/en\/chirurgie-traite-doperations-nouvelles-et-inventions-de-mecanique-servant-de-moyens-secondaires-pour-en-assurer-le-succes-p-dutertre\/#breadcrumb\",\"itemListElement\":[{\"@type\":\"ListItem\",\"position\":1,\"name\":\"Accueil\",\"item\":\"https:\/\/clavreuil-wordpress.logiciel-arteo.fr\/\"},{\"@type\":\"ListItem\",\"position\":2,\"name\":\"All our books\",\"item\":\"https:\/\/clavreuil-wordpress.logiciel-arteo.fr\/en\/all-our-books\/\"},{\"@type\":\"ListItem\",\"position\":3,\"name\":\"DUTERTRE P Chirurgie. Trait\u00e9 d&#8217;op\u00e9rations nouvelles, et inventions...\"}]},{\"@type\":\"WebSite\",\"@id\":\"https:\/\/clavreuil-wordpress.logiciel-arteo.fr\/#website\",\"url\":\"https:\/\/clavreuil-wordpress.logiciel-arteo.fr\/\",\"name\":\"Libairie Clavreuil\",\"description\":\"\",\"publisher\":{\"@id\":\"https:\/\/clavreuil-wordpress.logiciel-arteo.fr\/#organization\"},\"potentialAction\":[{\"@type\":\"SearchAction\",\"target\":{\"@type\":\"EntryPoint\",\"urlTemplate\":\"https:\/\/clavreuil-wordpress.logiciel-arteo.fr\/?s={search_term_string}\"},\"query-input\":{\"@type\":\"PropertyValueSpecification\",\"valueRequired\":true,\"valueName\":\"search_term_string\"}}],\"inLanguage\":\"en-US\"},{\"@type\":\"Organization\",\"@id\":\"https:\/\/clavreuil-wordpress.logiciel-arteo.fr\/#organization\",\"name\":\"Libairie Clavreuil\",\"url\":\"https:\/\/clavreuil-wordpress.logiciel-arteo.fr\/\",\"logo\":{\"@type\":\"ImageObject\",\"inLanguage\":\"en-US\",\"@id\":\"https:\/\/clavreuil-wordpress.logiciel-arteo.fr\/#\/schema\/logo\/image\/\",\"url\":\"https:\/\/clavreuil-wordpress.logiciel-arteo.fr\/wp-content\/uploads\/2021\/05\/LOGO_PNG_DATE-_gold.png\",\"contentUrl\":\"https:\/\/clavreuil-wordpress.logiciel-arteo.fr\/wp-content\/uploads\/2021\/05\/LOGO_PNG_DATE-_gold.png\",\"width\":2083,\"height\":1917,\"caption\":\"Libairie Clavreuil\"},\"image\":{\"@id\":\"https:\/\/clavreuil-wordpress.logiciel-arteo.fr\/#\/schema\/logo\/image\/\"}}]}<\/script>\n<!-- \/ Yoast SEO plugin. -->","yoast_head_json":{"title":"DUTERTRE P Chirurgie. Trait\u00e9 d'op\u00e9rations nouvelles, et inventions de m\u00e9canique, servant de moyens secondaires pour en assurer le succ\u00e8s. - Libairie Clavreuil","robots":{"index":"noindex","follow":"follow","max-snippet":"max-snippet:-1","max-image-preview":"max-image-preview:large","max-video-preview":"max-video-preview:-1"},"og_locale":"en_US","og_type":"article","og_title":"DUTERTRE P Chirurgie. Trait\u00e9 d'op\u00e9rations nouvelles, et inventions de m\u00e9canique, servant de moyens secondaires pour en assurer le succ\u00e8s. - Libairie Clavreuil","og_description":"8&deg; (235 x 148 mm) engraved portrait frontispiece, 85 pp., 21 engraved plates; stitched as issued, original publisher&rsquo;s wrappers (spine broken).","og_url":"https:\/\/clavreuil-wordpress.logiciel-arteo.fr\/en\/chirurgie-traite-doperations-nouvelles-et-inventions-de-mecanique-servant-de-moyens-secondaires-pour-en-assurer-le-succes-p-dutertre\/","og_site_name":"Libairie Clavreuil","article_modified_time":"2024-04-22T13:04:46+00:00","og_image":[{"width":1920,"height":2560,"url":"https:\/\/clavreuil-wordpress.logiciel-arteo.fr\/wp-content\/uploads\/2024\/04\/p-dutertre-chirurgie-traite-d-operations-nouvelles-et-inventions-de-mecanique-servant-de-moyens-secondaires-pour-en-assurer-le-succes-2433-65a93c3be1f-scaled.jpg","type":"image\/jpeg"}],"twitter_card":"summary_large_image","twitter_misc":{"Est. reading time":"1 minute"},"schema":{"@context":"https:\/\/schema.org","@graph":[{"@type":"WebPage","@id":"https:\/\/clavreuil-wordpress.logiciel-arteo.fr\/en\/chirurgie-traite-doperations-nouvelles-et-inventions-de-mecanique-servant-de-moyens-secondaires-pour-en-assurer-le-succes-p-dutertre\/","url":"https:\/\/clavreuil-wordpress.logiciel-arteo.fr\/en\/chirurgie-traite-doperations-nouvelles-et-inventions-de-mecanique-servant-de-moyens-secondaires-pour-en-assurer-le-succes-p-dutertre\/","name":"DUTERTRE P Chirurgie. Trait\u00e9 d'op\u00e9rations nouvelles, et inventions de m\u00e9canique, servant de moyens secondaires pour en assurer le succ\u00e8s. - Libairie Clavreuil","isPartOf":{"@id":"https:\/\/clavreuil-wordpress.logiciel-arteo.fr\/#website"},"primaryImageOfPage":{"@id":"https:\/\/clavreuil-wordpress.logiciel-arteo.fr\/en\/chirurgie-traite-doperations-nouvelles-et-inventions-de-mecanique-servant-de-moyens-secondaires-pour-en-assurer-le-succes-p-dutertre\/#primaryimage"},"image":{"@id":"https:\/\/clavreuil-wordpress.logiciel-arteo.fr\/en\/chirurgie-traite-doperations-nouvelles-et-inventions-de-mecanique-servant-de-moyens-secondaires-pour-en-assurer-le-succes-p-dutertre\/#primaryimage"},"thumbnailUrl":"https:\/\/clavreuil-wordpress.logiciel-arteo.fr\/wp-content\/uploads\/2024\/04\/p-dutertre-chirurgie-traite-d-operations-nouvelles-et-inventions-de-mecanique-servant-de-moyens-secondaires-pour-en-assurer-le-succes-2433-65a93c3be1f-scaled.jpg","datePublished":"2024-04-18T14:26:23+00:00","dateModified":"2024-04-22T13:04:46+00:00","breadcrumb":{"@id":"https:\/\/clavreuil-wordpress.logiciel-arteo.fr\/en\/chirurgie-traite-doperations-nouvelles-et-inventions-de-mecanique-servant-de-moyens-secondaires-pour-en-assurer-le-succes-p-dutertre\/#breadcrumb"},"inLanguage":"en-US","potentialAction":[{"@type":"ReadAction","target":["https:\/\/clavreuil-wordpress.logiciel-arteo.fr\/en\/chirurgie-traite-doperations-nouvelles-et-inventions-de-mecanique-servant-de-moyens-secondaires-pour-en-assurer-le-succes-p-dutertre\/"]}]},{"@type":"ImageObject","inLanguage":"en-US","@id":"https:\/\/clavreuil-wordpress.logiciel-arteo.fr\/en\/chirurgie-traite-doperations-nouvelles-et-inventions-de-mecanique-servant-de-moyens-secondaires-pour-en-assurer-le-succes-p-dutertre\/#primaryimage","url":"https:\/\/clavreuil-wordpress.logiciel-arteo.fr\/wp-content\/uploads\/2024\/04\/p-dutertre-chirurgie-traite-d-operations-nouvelles-et-inventions-de-mecanique-servant-de-moyens-secondaires-pour-en-assurer-le-succes-2433-65a93c3be1f-scaled.jpg","contentUrl":"https:\/\/clavreuil-wordpress.logiciel-arteo.fr\/wp-content\/uploads\/2024\/04\/p-dutertre-chirurgie-traite-d-operations-nouvelles-et-inventions-de-mecanique-servant-de-moyens-secondaires-pour-en-assurer-le-succes-2433-65a93c3be1f-scaled.jpg","width":1920,"height":2560},{"@type":"BreadcrumbList","@id":"https:\/\/clavreuil-wordpress.logiciel-arteo.fr\/en\/chirurgie-traite-doperations-nouvelles-et-inventions-de-mecanique-servant-de-moyens-secondaires-pour-en-assurer-le-succes-p-dutertre\/#breadcrumb","itemListElement":[{"@type":"ListItem","position":1,"name":"Accueil","item":"https:\/\/clavreuil-wordpress.logiciel-arteo.fr\/"},{"@type":"ListItem","position":2,"name":"All our books","item":"https:\/\/clavreuil-wordpress.logiciel-arteo.fr\/en\/all-our-books\/"},{"@type":"ListItem","position":3,"name":"DUTERTRE P Chirurgie. Trait\u00e9 d&#8217;op\u00e9rations nouvelles, et inventions..."}]},{"@type":"WebSite","@id":"https:\/\/clavreuil-wordpress.logiciel-arteo.fr\/#website","url":"https:\/\/clavreuil-wordpress.logiciel-arteo.fr\/","name":"Libairie Clavreuil","description":"","publisher":{"@id":"https:\/\/clavreuil-wordpress.logiciel-arteo.fr\/#organization"},"potentialAction":[{"@type":"SearchAction","target":{"@type":"EntryPoint","urlTemplate":"https:\/\/clavreuil-wordpress.logiciel-arteo.fr\/?s={search_term_string}"},"query-input":{"@type":"PropertyValueSpecification","valueRequired":true,"valueName":"search_term_string"}}],"inLanguage":"en-US"},{"@type":"Organization","@id":"https:\/\/clavreuil-wordpress.logiciel-arteo.fr\/#organization","name":"Libairie Clavreuil","url":"https:\/\/clavreuil-wordpress.logiciel-arteo.fr\/","logo":{"@type":"ImageObject","inLanguage":"en-US","@id":"https:\/\/clavreuil-wordpress.logiciel-arteo.fr\/#\/schema\/logo\/image\/","url":"https:\/\/clavreuil-wordpress.logiciel-arteo.fr\/wp-content\/uploads\/2021\/05\/LOGO_PNG_DATE-_gold.png","contentUrl":"https:\/\/clavreuil-wordpress.logiciel-arteo.fr\/wp-content\/uploads\/2021\/05\/LOGO_PNG_DATE-_gold.png","width":2083,"height":1917,"caption":"Libairie Clavreuil"},"image":{"@id":"https:\/\/clavreuil-wordpress.logiciel-arteo.fr\/#\/schema\/logo\/image\/"}}]}},"_links":{"self":[{"href":"https:\/\/clavreuil-wordpress.logiciel-arteo.fr\/en\/wp-json\/wp\/v2\/product\/73395","targetHints":{"allow":["GET"]}}],"collection":[{"href":"https:\/\/clavreuil-wordpress.logiciel-arteo.fr\/en\/wp-json\/wp\/v2\/product"}],"about":[{"href":"https:\/\/clavreuil-wordpress.logiciel-arteo.fr\/en\/wp-json\/wp\/v2\/types\/product"}],"replies":[{"embeddable":true,"href":"https:\/\/clavreuil-wordpress.logiciel-arteo.fr\/en\/wp-json\/wp\/v2\/comments?post=73395"}],"wp:featuredmedia":[{"embeddable":true,"href":"https:\/\/clavreuil-wordpress.logiciel-arteo.fr\/en\/wp-json\/wp\/v2\/media\/73388"}],"wp:attachment":[{"href":"https:\/\/clavreuil-wordpress.logiciel-arteo.fr\/en\/wp-json\/wp\/v2\/media?parent=73395"}],"wp:term":[{"taxonomy":"product_brand","embeddable":true,"href":"https:\/\/clavreuil-wordpress.logiciel-arteo.fr\/en\/wp-json\/wp\/v2\/product_brand?post=73395"},{"taxonomy":"product_cat","embeddable":true,"href":"https:\/\/clavreuil-wordpress.logiciel-arteo.fr\/en\/wp-json\/wp\/v2\/product_cat?post=73395"},{"taxonomy":"product_tag","embeddable":true,"href":"https:\/\/clavreuil-wordpress.logiciel-arteo.fr\/en\/wp-json\/wp\/v2\/product_tag?post=73395"}],"curies":[{"name":"wp","href":"https:\/\/api.w.org\/{rel}","templated":true}]}}