{"id":73441,"date":"2024-04-18T16:39:28","date_gmt":"2024-04-18T14:39:28","guid":{"rendered":"https:\/\/clavreuil-wordpress.logiciel-arteo.fr\/institutions-de-chirurgie-ou-lon-traite-dans-un-ordre-clair-et-nouveau-de-tout-ce-qui-a-rapport-a-cet-art-suivi-de-du-meme-memoires-pour-servir-a-lhistoire-de-la-chirurgie-du-xviiieme-siecl\/"},"modified":"2024-04-22T14:53:56","modified_gmt":"2024-04-22T12:53:56","slug":"institutions-de-chirurgie-ou-lon-traite-dans-un-ordre-clair-et-nouveau-de-tout-ce-qui-a-rapport-a-cet-art-suivi-de-du-meme-memoires-pour-servir-a-lhistoire-de-la-chirurgie-du-xviiieme-siecl","status":"publish","type":"product","link":"https:\/\/clavreuil-wordpress.logiciel-arteo.fr\/en\/institutions-de-chirurgie-ou-lon-traite-dans-un-ordre-clair-et-nouveau-de-tout-ce-qui-a-rapport-a-cet-art-suivi-de-du-meme-memoires-pour-servir-a-lhistoire-de-la-chirurgie-du-xviiieme-siecl\/","title":{"rendered":"HEISTER Laurent Institutions de chirurgie, o\u00f9 l&#8217;on traite..."},"content":{"rendered":"<p style=\"text-align:justify\"><em>N.L.M., p.204 (only fiorst 2 volumes). See Garrison-Morton, 5576 (for the first edition in German).<\/em><\/p>\n<p style=\"text-align:justify\">First edition of this French tranlation by Paul, complete with the supplement.<\/p>\n<p style=\"text-align:justify\">&quot;Heister is the founder of scientific surgery in Germany&quot; (Garrison-Morton).<\/p>\n<p style=\"text-align:justify\">Good copy, in its contemporary binding.<\/p>\n<p style=\"text-align:justify\">Rubber stamp of the the library of Juan Carlos Ahumada on the title of the supplement.<\/p>\n","protected":false},"excerpt":{"rendered":"<p style=\"text-align:justify\">3 volumes, 4to (252 x 194 mm) engraved portrait frontispiece, 16, XLII, 627 pp., 2 nn.ll., 18 engraved and numbered plates for volume I; 1 nn.l., 639 pp., 18 nn.ll., engraved and numbered plates 19 to 40 for volume II; 2 nn.ll., XL, 136 pp., 3 nn.ll., 204 pp. (misnumbered 104), 1 nn.l., 1 engraved folding palte for the supplement. Contemporary mottled sheep, spine git with raised bands, red edges (some old restorations to hinges and spines).<\/p>\n","protected":false},"featured_media":73430,"comment_status":"open","ping_status":"closed","template":"","meta":{"_acf_changed":false},"product_brand":[],"product_cat":[548],"product_tag":[1276],"class_list":{"0":"post-73441","1":"product","2":"type-product","3":"status-publish","4":"has-post-thumbnail","6":"product_cat-medicine","7":"product_tag-surgery","8":"pa_auteur-laurent-heister-2","9":"pa_type-de-livre-printed-book","11":"first","12":"instock","13":"shipping-taxable","14":"purchasable","15":"product-type-simple"},"acf":[],"yoast_head":"<!-- This site is optimized with the Yoast SEO plugin v24.3 - https:\/\/yoast.com\/wordpress\/plugins\/seo\/ -->\n<title>HEISTER Laurent Institutions de chirurgie, o\u00f9 l&#039;on traite dans un ordre clair et nouveau de tout ce qui a rapport \u00e0 cet art. [suivi de :] DU MEME. M\u00e9moires pour servir \u00e0 l&#039;histoire de la chirurgie du XVIII\u00e8me si\u00e8cle et de suppl\u00e9ment aux Institutions chirurgicales. - Libairie Clavreuil<\/title>\n<meta name=\"robots\" content=\"noindex, follow, max-snippet:-1, max-image-preview:large, max-video-preview:-1\" \/>\n<meta property=\"og:locale\" content=\"en_US\" \/>\n<meta property=\"og:type\" content=\"article\" \/>\n<meta property=\"og:title\" content=\"HEISTER Laurent Institutions de chirurgie, o\u00f9 l&#039;on traite dans un ordre clair et nouveau de tout ce qui a rapport \u00e0 cet art. [suivi de :] DU MEME. M\u00e9moires pour servir \u00e0 l&#039;histoire de la chirurgie du XVIII\u00e8me si\u00e8cle et de suppl\u00e9ment aux Institutions chirurgicales. - Libairie Clavreuil\" \/>\n<meta property=\"og:description\" content=\"3 volumes, 4to (252 x 194 mm) engraved portrait frontispiece, 16, XLII, 627 pp., 2 nn.ll., 18 engraved and numbered plates for volume I; 1 nn.l., 639 pp., 18 nn.ll., engraved and numbered plates 19 to 40 for volume II; 2 nn.ll., XL, 136 pp., 3 nn.ll., 204 pp. (misnumbered 104), 1 nn.l., 1 engraved folding palte for the supplement. Contemporary mottled sheep, spine git with raised bands, red edges (some old restorations to hinges and spines).\" \/>\n<meta property=\"og:url\" content=\"https:\/\/clavreuil-wordpress.logiciel-arteo.fr\/en\/institutions-de-chirurgie-ou-lon-traite-dans-un-ordre-clair-et-nouveau-de-tout-ce-qui-a-rapport-a-cet-art-suivi-de-du-meme-memoires-pour-servir-a-lhistoire-de-la-chirurgie-du-xviiieme-siecl\/\" \/>\n<meta property=\"og:site_name\" content=\"Libairie Clavreuil\" \/>\n<meta property=\"article:modified_time\" content=\"2024-04-22T12:53:56+00:00\" \/>\n<meta property=\"og:image\" content=\"https:\/\/clavreuil-wordpress.logiciel-arteo.fr\/wp-content\/uploads\/2024\/04\/laurent-heister-institutions-de-chirurgie-ou-l-on-traite-dans-un-ordre-clair-et-nouveau-de-tout-ce-qui-a-rapport-a-cet-art-suivi-de-du-meme-memoires-p-scaled.jpg\" \/>\n\t<meta property=\"og:image:width\" content=\"1920\" \/>\n\t<meta property=\"og:image:height\" content=\"2560\" \/>\n\t<meta property=\"og:image:type\" content=\"image\/jpeg\" \/>\n<meta name=\"twitter:card\" content=\"summary_large_image\" \/>\n<script type=\"application\/ld+json\" class=\"yoast-schema-graph\">{\"@context\":\"https:\/\/schema.org\",\"@graph\":[{\"@type\":\"WebPage\",\"@id\":\"https:\/\/clavreuil-wordpress.logiciel-arteo.fr\/en\/institutions-de-chirurgie-ou-lon-traite-dans-un-ordre-clair-et-nouveau-de-tout-ce-qui-a-rapport-a-cet-art-suivi-de-du-meme-memoires-pour-servir-a-lhistoire-de-la-chirurgie-du-xviiieme-siecl\/\",\"url\":\"https:\/\/clavreuil-wordpress.logiciel-arteo.fr\/en\/institutions-de-chirurgie-ou-lon-traite-dans-un-ordre-clair-et-nouveau-de-tout-ce-qui-a-rapport-a-cet-art-suivi-de-du-meme-memoires-pour-servir-a-lhistoire-de-la-chirurgie-du-xviiieme-siecl\/\",\"name\":\"HEISTER Laurent Institutions de chirurgie, o\u00f9 l'on traite dans un ordre clair et nouveau de tout ce qui a rapport \u00e0 cet art. [suivi de :] DU MEME. M\u00e9moires pour servir \u00e0 l'histoire de la chirurgie du XVIII\u00e8me si\u00e8cle et de suppl\u00e9ment aux Institutions chirurgicales. - Libairie Clavreuil\",\"isPartOf\":{\"@id\":\"https:\/\/clavreuil-wordpress.logiciel-arteo.fr\/#website\"},\"primaryImageOfPage\":{\"@id\":\"https:\/\/clavreuil-wordpress.logiciel-arteo.fr\/en\/institutions-de-chirurgie-ou-lon-traite-dans-un-ordre-clair-et-nouveau-de-tout-ce-qui-a-rapport-a-cet-art-suivi-de-du-meme-memoires-pour-servir-a-lhistoire-de-la-chirurgie-du-xviiieme-siecl\/#primaryimage\"},\"image\":{\"@id\":\"https:\/\/clavreuil-wordpress.logiciel-arteo.fr\/en\/institutions-de-chirurgie-ou-lon-traite-dans-un-ordre-clair-et-nouveau-de-tout-ce-qui-a-rapport-a-cet-art-suivi-de-du-meme-memoires-pour-servir-a-lhistoire-de-la-chirurgie-du-xviiieme-siecl\/#primaryimage\"},\"thumbnailUrl\":\"https:\/\/clavreuil-wordpress.logiciel-arteo.fr\/wp-content\/uploads\/2024\/04\/laurent-heister-institutions-de-chirurgie-ou-l-on-traite-dans-un-ordre-clair-et-nouveau-de-tout-ce-qui-a-rapport-a-cet-art-suivi-de-du-meme-memoires-p-scaled.jpg\",\"datePublished\":\"2024-04-18T14:39:28+00:00\",\"dateModified\":\"2024-04-22T12:53:56+00:00\",\"breadcrumb\":{\"@id\":\"https:\/\/clavreuil-wordpress.logiciel-arteo.fr\/en\/institutions-de-chirurgie-ou-lon-traite-dans-un-ordre-clair-et-nouveau-de-tout-ce-qui-a-rapport-a-cet-art-suivi-de-du-meme-memoires-pour-servir-a-lhistoire-de-la-chirurgie-du-xviiieme-siecl\/#breadcrumb\"},\"inLanguage\":\"en-US\",\"potentialAction\":[{\"@type\":\"ReadAction\",\"target\":[\"https:\/\/clavreuil-wordpress.logiciel-arteo.fr\/en\/institutions-de-chirurgie-ou-lon-traite-dans-un-ordre-clair-et-nouveau-de-tout-ce-qui-a-rapport-a-cet-art-suivi-de-du-meme-memoires-pour-servir-a-lhistoire-de-la-chirurgie-du-xviiieme-siecl\/\"]}]},{\"@type\":\"ImageObject\",\"inLanguage\":\"en-US\",\"@id\":\"https:\/\/clavreuil-wordpress.logiciel-arteo.fr\/en\/institutions-de-chirurgie-ou-lon-traite-dans-un-ordre-clair-et-nouveau-de-tout-ce-qui-a-rapport-a-cet-art-suivi-de-du-meme-memoires-pour-servir-a-lhistoire-de-la-chirurgie-du-xviiieme-siecl\/#primaryimage\",\"url\":\"https:\/\/clavreuil-wordpress.logiciel-arteo.fr\/wp-content\/uploads\/2024\/04\/laurent-heister-institutions-de-chirurgie-ou-l-on-traite-dans-un-ordre-clair-et-nouveau-de-tout-ce-qui-a-rapport-a-cet-art-suivi-de-du-meme-memoires-p-scaled.jpg\",\"contentUrl\":\"https:\/\/clavreuil-wordpress.logiciel-arteo.fr\/wp-content\/uploads\/2024\/04\/laurent-heister-institutions-de-chirurgie-ou-l-on-traite-dans-un-ordre-clair-et-nouveau-de-tout-ce-qui-a-rapport-a-cet-art-suivi-de-du-meme-memoires-p-scaled.jpg\",\"width\":1920,\"height\":2560},{\"@type\":\"BreadcrumbList\",\"@id\":\"https:\/\/clavreuil-wordpress.logiciel-arteo.fr\/en\/institutions-de-chirurgie-ou-lon-traite-dans-un-ordre-clair-et-nouveau-de-tout-ce-qui-a-rapport-a-cet-art-suivi-de-du-meme-memoires-pour-servir-a-lhistoire-de-la-chirurgie-du-xviiieme-siecl\/#breadcrumb\",\"itemListElement\":[{\"@type\":\"ListItem\",\"position\":1,\"name\":\"Accueil\",\"item\":\"https:\/\/clavreuil-wordpress.logiciel-arteo.fr\/\"},{\"@type\":\"ListItem\",\"position\":2,\"name\":\"All our books\",\"item\":\"https:\/\/clavreuil-wordpress.logiciel-arteo.fr\/en\/all-our-books\/\"},{\"@type\":\"ListItem\",\"position\":3,\"name\":\"HEISTER Laurent Institutions de chirurgie, o\u00f9 l&#8217;on traite...\"}]},{\"@type\":\"WebSite\",\"@id\":\"https:\/\/clavreuil-wordpress.logiciel-arteo.fr\/#website\",\"url\":\"https:\/\/clavreuil-wordpress.logiciel-arteo.fr\/\",\"name\":\"Libairie Clavreuil\",\"description\":\"\",\"publisher\":{\"@id\":\"https:\/\/clavreuil-wordpress.logiciel-arteo.fr\/#organization\"},\"potentialAction\":[{\"@type\":\"SearchAction\",\"target\":{\"@type\":\"EntryPoint\",\"urlTemplate\":\"https:\/\/clavreuil-wordpress.logiciel-arteo.fr\/?s={search_term_string}\"},\"query-input\":{\"@type\":\"PropertyValueSpecification\",\"valueRequired\":true,\"valueName\":\"search_term_string\"}}],\"inLanguage\":\"en-US\"},{\"@type\":\"Organization\",\"@id\":\"https:\/\/clavreuil-wordpress.logiciel-arteo.fr\/#organization\",\"name\":\"Libairie Clavreuil\",\"url\":\"https:\/\/clavreuil-wordpress.logiciel-arteo.fr\/\",\"logo\":{\"@type\":\"ImageObject\",\"inLanguage\":\"en-US\",\"@id\":\"https:\/\/clavreuil-wordpress.logiciel-arteo.fr\/#\/schema\/logo\/image\/\",\"url\":\"https:\/\/clavreuil-wordpress.logiciel-arteo.fr\/wp-content\/uploads\/2021\/05\/LOGO_PNG_DATE-_gold.png\",\"contentUrl\":\"https:\/\/clavreuil-wordpress.logiciel-arteo.fr\/wp-content\/uploads\/2021\/05\/LOGO_PNG_DATE-_gold.png\",\"width\":2083,\"height\":1917,\"caption\":\"Libairie Clavreuil\"},\"image\":{\"@id\":\"https:\/\/clavreuil-wordpress.logiciel-arteo.fr\/#\/schema\/logo\/image\/\"}}]}<\/script>\n<!-- \/ Yoast SEO plugin. -->","yoast_head_json":{"title":"HEISTER Laurent Institutions de chirurgie, o\u00f9 l'on traite dans un ordre clair et nouveau de tout ce qui a rapport \u00e0 cet art. [suivi de :] DU MEME. M\u00e9moires pour servir \u00e0 l'histoire de la chirurgie du XVIII\u00e8me si\u00e8cle et de suppl\u00e9ment aux Institutions chirurgicales. - Libairie Clavreuil","robots":{"index":"noindex","follow":"follow","max-snippet":"max-snippet:-1","max-image-preview":"max-image-preview:large","max-video-preview":"max-video-preview:-1"},"og_locale":"en_US","og_type":"article","og_title":"HEISTER Laurent Institutions de chirurgie, o\u00f9 l'on traite dans un ordre clair et nouveau de tout ce qui a rapport \u00e0 cet art. [suivi de :] DU MEME. M\u00e9moires pour servir \u00e0 l'histoire de la chirurgie du XVIII\u00e8me si\u00e8cle et de suppl\u00e9ment aux Institutions chirurgicales. - Libairie Clavreuil","og_description":"3 volumes, 4to (252 x 194 mm) engraved portrait frontispiece, 16, XLII, 627 pp., 2 nn.ll., 18 engraved and numbered plates for volume I; 1 nn.l., 639 pp., 18 nn.ll., engraved and numbered plates 19 to 40 for volume II; 2 nn.ll., XL, 136 pp., 3 nn.ll., 204 pp. (misnumbered 104), 1 nn.l., 1 engraved folding palte for the supplement. Contemporary mottled sheep, spine git with raised bands, red edges (some old restorations to hinges and spines).","og_url":"https:\/\/clavreuil-wordpress.logiciel-arteo.fr\/en\/institutions-de-chirurgie-ou-lon-traite-dans-un-ordre-clair-et-nouveau-de-tout-ce-qui-a-rapport-a-cet-art-suivi-de-du-meme-memoires-pour-servir-a-lhistoire-de-la-chirurgie-du-xviiieme-siecl\/","og_site_name":"Libairie Clavreuil","article_modified_time":"2024-04-22T12:53:56+00:00","og_image":[{"width":1920,"height":2560,"url":"https:\/\/clavreuil-wordpress.logiciel-arteo.fr\/wp-content\/uploads\/2024\/04\/laurent-heister-institutions-de-chirurgie-ou-l-on-traite-dans-un-ordre-clair-et-nouveau-de-tout-ce-qui-a-rapport-a-cet-art-suivi-de-du-meme-memoires-p-scaled.jpg","type":"image\/jpeg"}],"twitter_card":"summary_large_image","schema":{"@context":"https:\/\/schema.org","@graph":[{"@type":"WebPage","@id":"https:\/\/clavreuil-wordpress.logiciel-arteo.fr\/en\/institutions-de-chirurgie-ou-lon-traite-dans-un-ordre-clair-et-nouveau-de-tout-ce-qui-a-rapport-a-cet-art-suivi-de-du-meme-memoires-pour-servir-a-lhistoire-de-la-chirurgie-du-xviiieme-siecl\/","url":"https:\/\/clavreuil-wordpress.logiciel-arteo.fr\/en\/institutions-de-chirurgie-ou-lon-traite-dans-un-ordre-clair-et-nouveau-de-tout-ce-qui-a-rapport-a-cet-art-suivi-de-du-meme-memoires-pour-servir-a-lhistoire-de-la-chirurgie-du-xviiieme-siecl\/","name":"HEISTER Laurent Institutions de chirurgie, o\u00f9 l'on traite dans un ordre clair et nouveau de tout ce qui a rapport \u00e0 cet art. [suivi de :] DU MEME. M\u00e9moires pour servir \u00e0 l'histoire de la chirurgie du XVIII\u00e8me si\u00e8cle et de suppl\u00e9ment aux Institutions chirurgicales. - Libairie Clavreuil","isPartOf":{"@id":"https:\/\/clavreuil-wordpress.logiciel-arteo.fr\/#website"},"primaryImageOfPage":{"@id":"https:\/\/clavreuil-wordpress.logiciel-arteo.fr\/en\/institutions-de-chirurgie-ou-lon-traite-dans-un-ordre-clair-et-nouveau-de-tout-ce-qui-a-rapport-a-cet-art-suivi-de-du-meme-memoires-pour-servir-a-lhistoire-de-la-chirurgie-du-xviiieme-siecl\/#primaryimage"},"image":{"@id":"https:\/\/clavreuil-wordpress.logiciel-arteo.fr\/en\/institutions-de-chirurgie-ou-lon-traite-dans-un-ordre-clair-et-nouveau-de-tout-ce-qui-a-rapport-a-cet-art-suivi-de-du-meme-memoires-pour-servir-a-lhistoire-de-la-chirurgie-du-xviiieme-siecl\/#primaryimage"},"thumbnailUrl":"https:\/\/clavreuil-wordpress.logiciel-arteo.fr\/wp-content\/uploads\/2024\/04\/laurent-heister-institutions-de-chirurgie-ou-l-on-traite-dans-un-ordre-clair-et-nouveau-de-tout-ce-qui-a-rapport-a-cet-art-suivi-de-du-meme-memoires-p-scaled.jpg","datePublished":"2024-04-18T14:39:28+00:00","dateModified":"2024-04-22T12:53:56+00:00","breadcrumb":{"@id":"https:\/\/clavreuil-wordpress.logiciel-arteo.fr\/en\/institutions-de-chirurgie-ou-lon-traite-dans-un-ordre-clair-et-nouveau-de-tout-ce-qui-a-rapport-a-cet-art-suivi-de-du-meme-memoires-pour-servir-a-lhistoire-de-la-chirurgie-du-xviiieme-siecl\/#breadcrumb"},"inLanguage":"en-US","potentialAction":[{"@type":"ReadAction","target":["https:\/\/clavreuil-wordpress.logiciel-arteo.fr\/en\/institutions-de-chirurgie-ou-lon-traite-dans-un-ordre-clair-et-nouveau-de-tout-ce-qui-a-rapport-a-cet-art-suivi-de-du-meme-memoires-pour-servir-a-lhistoire-de-la-chirurgie-du-xviiieme-siecl\/"]}]},{"@type":"ImageObject","inLanguage":"en-US","@id":"https:\/\/clavreuil-wordpress.logiciel-arteo.fr\/en\/institutions-de-chirurgie-ou-lon-traite-dans-un-ordre-clair-et-nouveau-de-tout-ce-qui-a-rapport-a-cet-art-suivi-de-du-meme-memoires-pour-servir-a-lhistoire-de-la-chirurgie-du-xviiieme-siecl\/#primaryimage","url":"https:\/\/clavreuil-wordpress.logiciel-arteo.fr\/wp-content\/uploads\/2024\/04\/laurent-heister-institutions-de-chirurgie-ou-l-on-traite-dans-un-ordre-clair-et-nouveau-de-tout-ce-qui-a-rapport-a-cet-art-suivi-de-du-meme-memoires-p-scaled.jpg","contentUrl":"https:\/\/clavreuil-wordpress.logiciel-arteo.fr\/wp-content\/uploads\/2024\/04\/laurent-heister-institutions-de-chirurgie-ou-l-on-traite-dans-un-ordre-clair-et-nouveau-de-tout-ce-qui-a-rapport-a-cet-art-suivi-de-du-meme-memoires-p-scaled.jpg","width":1920,"height":2560},{"@type":"BreadcrumbList","@id":"https:\/\/clavreuil-wordpress.logiciel-arteo.fr\/en\/institutions-de-chirurgie-ou-lon-traite-dans-un-ordre-clair-et-nouveau-de-tout-ce-qui-a-rapport-a-cet-art-suivi-de-du-meme-memoires-pour-servir-a-lhistoire-de-la-chirurgie-du-xviiieme-siecl\/#breadcrumb","itemListElement":[{"@type":"ListItem","position":1,"name":"Accueil","item":"https:\/\/clavreuil-wordpress.logiciel-arteo.fr\/"},{"@type":"ListItem","position":2,"name":"All our books","item":"https:\/\/clavreuil-wordpress.logiciel-arteo.fr\/en\/all-our-books\/"},{"@type":"ListItem","position":3,"name":"HEISTER Laurent Institutions de chirurgie, o\u00f9 l&#8217;on traite..."}]},{"@type":"WebSite","@id":"https:\/\/clavreuil-wordpress.logiciel-arteo.fr\/#website","url":"https:\/\/clavreuil-wordpress.logiciel-arteo.fr\/","name":"Libairie Clavreuil","description":"","publisher":{"@id":"https:\/\/clavreuil-wordpress.logiciel-arteo.fr\/#organization"},"potentialAction":[{"@type":"SearchAction","target":{"@type":"EntryPoint","urlTemplate":"https:\/\/clavreuil-wordpress.logiciel-arteo.fr\/?s={search_term_string}"},"query-input":{"@type":"PropertyValueSpecification","valueRequired":true,"valueName":"search_term_string"}}],"inLanguage":"en-US"},{"@type":"Organization","@id":"https:\/\/clavreuil-wordpress.logiciel-arteo.fr\/#organization","name":"Libairie Clavreuil","url":"https:\/\/clavreuil-wordpress.logiciel-arteo.fr\/","logo":{"@type":"ImageObject","inLanguage":"en-US","@id":"https:\/\/clavreuil-wordpress.logiciel-arteo.fr\/#\/schema\/logo\/image\/","url":"https:\/\/clavreuil-wordpress.logiciel-arteo.fr\/wp-content\/uploads\/2021\/05\/LOGO_PNG_DATE-_gold.png","contentUrl":"https:\/\/clavreuil-wordpress.logiciel-arteo.fr\/wp-content\/uploads\/2021\/05\/LOGO_PNG_DATE-_gold.png","width":2083,"height":1917,"caption":"Libairie Clavreuil"},"image":{"@id":"https:\/\/clavreuil-wordpress.logiciel-arteo.fr\/#\/schema\/logo\/image\/"}}]}},"_links":{"self":[{"href":"https:\/\/clavreuil-wordpress.logiciel-arteo.fr\/en\/wp-json\/wp\/v2\/product\/73441","targetHints":{"allow":["GET"]}}],"collection":[{"href":"https:\/\/clavreuil-wordpress.logiciel-arteo.fr\/en\/wp-json\/wp\/v2\/product"}],"about":[{"href":"https:\/\/clavreuil-wordpress.logiciel-arteo.fr\/en\/wp-json\/wp\/v2\/types\/product"}],"replies":[{"embeddable":true,"href":"https:\/\/clavreuil-wordpress.logiciel-arteo.fr\/en\/wp-json\/wp\/v2\/comments?post=73441"}],"wp:featuredmedia":[{"embeddable":true,"href":"https:\/\/clavreuil-wordpress.logiciel-arteo.fr\/en\/wp-json\/wp\/v2\/media\/73430"}],"wp:attachment":[{"href":"https:\/\/clavreuil-wordpress.logiciel-arteo.fr\/en\/wp-json\/wp\/v2\/media?parent=73441"}],"wp:term":[{"taxonomy":"product_brand","embeddable":true,"href":"https:\/\/clavreuil-wordpress.logiciel-arteo.fr\/en\/wp-json\/wp\/v2\/product_brand?post=73441"},{"taxonomy":"product_cat","embeddable":true,"href":"https:\/\/clavreuil-wordpress.logiciel-arteo.fr\/en\/wp-json\/wp\/v2\/product_cat?post=73441"},{"taxonomy":"product_tag","embeddable":true,"href":"https:\/\/clavreuil-wordpress.logiciel-arteo.fr\/en\/wp-json\/wp\/v2\/product_tag?post=73441"}],"curies":[{"name":"wp","href":"https:\/\/api.w.org\/{rel}","templated":true}]}}