{"id":73493,"date":"2024-04-18T16:50:48","date_gmt":"2024-04-18T14:50:48","guid":{"rendered":"https:\/\/clavreuil-wordpress.logiciel-arteo.fr\/chirurgie-clinique-de-montpellier-ou-observations-et-reflexions-tirees-des-travaux-de-chirurgie-clinique-de-cette-ecole-j-delpech\/"},"modified":"2024-04-22T14:56:48","modified_gmt":"2024-04-22T12:56:48","slug":"chirurgie-clinique-de-montpellier-ou-observations-et-reflexions-tirees-des-travaux-de-chirurgie-clinique-de-cette-ecole-j-delpech","status":"publish","type":"product","link":"https:\/\/clavreuil-wordpress.logiciel-arteo.fr\/en\/chirurgie-clinique-de-montpellier-ou-observations-et-reflexions-tirees-des-travaux-de-chirurgie-clinique-de-cette-ecole-j-delpech\/","title":{"rendered":"DELPECH J Chirurgie clinique de Montpellier, ou observations..."},"content":{"rendered":"<p style=\"text-align:justify\"><em>Garrison-Morton, 4312 &amp; 5741.1; Waller, 2346; not in Wellcome or Osler.<\/em><\/p>\n<p style=\"text-align:justify\">First edition, very rare. In the first volume Delpech described the beneficial effect of section of the Achilles tendon for club-foot; he performed the operation on May 9, 1816 and although not first to do so, he was the first to demonstrate the value of tenotomy in the correction of contracture deformities of the extremities. But this work is moreover important for being the first important French contribution to plastic surgery.<\/p>\n<p style=\"text-align:justify\">&quot;The first account of rhinoplasty in France. On 4 June 1823, Delpech performed the first cases of rhinoplasty by the Indian forehead flap method, and one (unsuccessful) with a flap from the arm following von Graefe (N&deg;5738). Delpech also was the first to restore the lower lip by means of a skin graft from the throat&quot; (Garrison-Morton).<\/p>\n<p style=\"text-align:justify\">Delpech also describes operations on the eyelid, on the lips, the urethra, scrotum and bladder, and proposes skin transplantation from one person to another. In regard to plastic surgery of the lips, Delpech was the first to successfully form the lips from the skin of the throat with a turn of the skin bridge and doubling of the upper border. The 37 plates (numbered 1-35, 28bis, 28ter) show a variety of pathologies and their reconstructions.<\/p>\n<p style=\"text-align:justify\">Some light foxing but a very nice copy, present in a prize binding for &quot;&Eacute;cole Pr&eacute;parat. de M&eacute;decine et de Pharmacie de Lyon&quot; (indication on front cover of volume I).<\/p>\n","protected":false},"excerpt":{"rendered":"<p style=\"text-align:justify\">2 volumes 4to (258 x 200 mm) 3 nn.ll., XVIII, 494 pp., 16 engraved plates for volume I; 3 nn.ll., XXXVII, 5 to 631 pp., 21 engraved plates (on 20 sheets; plates 27\/28 are on one single sheet) for volume II. Contemporary calf-backed boards, flat spines with spine labels in black morocco.<\/p>\n","protected":false},"featured_media":73486,"comment_status":"open","ping_status":"closed","template":"","meta":{"_acf_changed":false},"product_brand":[],"product_cat":[548],"product_tag":[1271,1277,1276],"class_list":{"0":"post-73493","1":"product","2":"type-product","3":"status-publish","4":"has-post-thumbnail","6":"product_cat-medicine","7":"product_tag-medicine","8":"product_tag-plastic-surgery","9":"product_tag-surgery","10":"pa_auteur-j-delpech-2","11":"pa_type-de-livre-printed-book","13":"first","14":"instock","15":"shipping-taxable","16":"purchasable","17":"product-type-simple"},"acf":[],"yoast_head":"<!-- This site is optimized with the Yoast SEO plugin v24.3 - https:\/\/yoast.com\/wordpress\/plugins\/seo\/ -->\n<title>DELPECH J Chirurgie clinique de Montpellier, ou observations et r\u00e9flexions tir\u00e9es des travaux de chirurgie clinique de cette \u00e9cole. - Libairie Clavreuil<\/title>\n<meta name=\"robots\" content=\"noindex, follow, max-snippet:-1, max-image-preview:large, max-video-preview:-1\" \/>\n<meta property=\"og:locale\" content=\"en_US\" \/>\n<meta property=\"og:type\" content=\"article\" \/>\n<meta property=\"og:title\" content=\"DELPECH J Chirurgie clinique de Montpellier, ou observations et r\u00e9flexions tir\u00e9es des travaux de chirurgie clinique de cette \u00e9cole. - Libairie Clavreuil\" \/>\n<meta property=\"og:description\" content=\"2 volumes 4to (258 x 200 mm) 3 nn.ll., XVIII, 494 pp., 16 engraved plates for volume I; 3 nn.ll., XXXVII, 5 to 631 pp., 21 engraved plates (on 20 sheets; plates 27\/28 are on one single sheet) for volume II. Contemporary calf-backed boards, flat spines with spine labels in black morocco.\" \/>\n<meta property=\"og:url\" content=\"https:\/\/clavreuil-wordpress.logiciel-arteo.fr\/en\/chirurgie-clinique-de-montpellier-ou-observations-et-reflexions-tirees-des-travaux-de-chirurgie-clinique-de-cette-ecole-j-delpech\/\" \/>\n<meta property=\"og:site_name\" content=\"Libairie Clavreuil\" \/>\n<meta property=\"article:modified_time\" content=\"2024-04-22T12:56:48+00:00\" \/>\n<meta property=\"og:image\" content=\"https:\/\/clavreuil-wordpress.logiciel-arteo.fr\/wp-content\/uploads\/2024\/04\/j-delpech-chirurgie-clinique-de-montpellier-ou-observations-et-reflexions-tirees-des-travaux-de-chirurgie-clinique-de-cette-ecole-1807-65a800259ea3d-scaled.jpg\" \/>\n\t<meta property=\"og:image:width\" content=\"1905\" \/>\n\t<meta property=\"og:image:height\" content=\"2560\" \/>\n\t<meta property=\"og:image:type\" content=\"image\/jpeg\" \/>\n<meta name=\"twitter:card\" content=\"summary_large_image\" \/>\n<meta name=\"twitter:label1\" content=\"Est. reading time\" \/>\n\t<meta name=\"twitter:data1\" content=\"1 minute\" \/>\n<script type=\"application\/ld+json\" class=\"yoast-schema-graph\">{\"@context\":\"https:\/\/schema.org\",\"@graph\":[{\"@type\":\"WebPage\",\"@id\":\"https:\/\/clavreuil-wordpress.logiciel-arteo.fr\/en\/chirurgie-clinique-de-montpellier-ou-observations-et-reflexions-tirees-des-travaux-de-chirurgie-clinique-de-cette-ecole-j-delpech\/\",\"url\":\"https:\/\/clavreuil-wordpress.logiciel-arteo.fr\/en\/chirurgie-clinique-de-montpellier-ou-observations-et-reflexions-tirees-des-travaux-de-chirurgie-clinique-de-cette-ecole-j-delpech\/\",\"name\":\"DELPECH J Chirurgie clinique de Montpellier, ou observations et r\u00e9flexions tir\u00e9es des travaux de chirurgie clinique de cette \u00e9cole. - Libairie Clavreuil\",\"isPartOf\":{\"@id\":\"https:\/\/clavreuil-wordpress.logiciel-arteo.fr\/#website\"},\"primaryImageOfPage\":{\"@id\":\"https:\/\/clavreuil-wordpress.logiciel-arteo.fr\/en\/chirurgie-clinique-de-montpellier-ou-observations-et-reflexions-tirees-des-travaux-de-chirurgie-clinique-de-cette-ecole-j-delpech\/#primaryimage\"},\"image\":{\"@id\":\"https:\/\/clavreuil-wordpress.logiciel-arteo.fr\/en\/chirurgie-clinique-de-montpellier-ou-observations-et-reflexions-tirees-des-travaux-de-chirurgie-clinique-de-cette-ecole-j-delpech\/#primaryimage\"},\"thumbnailUrl\":\"https:\/\/clavreuil-wordpress.logiciel-arteo.fr\/wp-content\/uploads\/2024\/04\/j-delpech-chirurgie-clinique-de-montpellier-ou-observations-et-reflexions-tirees-des-travaux-de-chirurgie-clinique-de-cette-ecole-1807-65a800259ea3d-scaled.jpg\",\"datePublished\":\"2024-04-18T14:50:48+00:00\",\"dateModified\":\"2024-04-22T12:56:48+00:00\",\"breadcrumb\":{\"@id\":\"https:\/\/clavreuil-wordpress.logiciel-arteo.fr\/en\/chirurgie-clinique-de-montpellier-ou-observations-et-reflexions-tirees-des-travaux-de-chirurgie-clinique-de-cette-ecole-j-delpech\/#breadcrumb\"},\"inLanguage\":\"en-US\",\"potentialAction\":[{\"@type\":\"ReadAction\",\"target\":[\"https:\/\/clavreuil-wordpress.logiciel-arteo.fr\/en\/chirurgie-clinique-de-montpellier-ou-observations-et-reflexions-tirees-des-travaux-de-chirurgie-clinique-de-cette-ecole-j-delpech\/\"]}]},{\"@type\":\"ImageObject\",\"inLanguage\":\"en-US\",\"@id\":\"https:\/\/clavreuil-wordpress.logiciel-arteo.fr\/en\/chirurgie-clinique-de-montpellier-ou-observations-et-reflexions-tirees-des-travaux-de-chirurgie-clinique-de-cette-ecole-j-delpech\/#primaryimage\",\"url\":\"https:\/\/clavreuil-wordpress.logiciel-arteo.fr\/wp-content\/uploads\/2024\/04\/j-delpech-chirurgie-clinique-de-montpellier-ou-observations-et-reflexions-tirees-des-travaux-de-chirurgie-clinique-de-cette-ecole-1807-65a800259ea3d-scaled.jpg\",\"contentUrl\":\"https:\/\/clavreuil-wordpress.logiciel-arteo.fr\/wp-content\/uploads\/2024\/04\/j-delpech-chirurgie-clinique-de-montpellier-ou-observations-et-reflexions-tirees-des-travaux-de-chirurgie-clinique-de-cette-ecole-1807-65a800259ea3d-scaled.jpg\",\"width\":1905,\"height\":2560},{\"@type\":\"BreadcrumbList\",\"@id\":\"https:\/\/clavreuil-wordpress.logiciel-arteo.fr\/en\/chirurgie-clinique-de-montpellier-ou-observations-et-reflexions-tirees-des-travaux-de-chirurgie-clinique-de-cette-ecole-j-delpech\/#breadcrumb\",\"itemListElement\":[{\"@type\":\"ListItem\",\"position\":1,\"name\":\"Accueil\",\"item\":\"https:\/\/clavreuil-wordpress.logiciel-arteo.fr\/\"},{\"@type\":\"ListItem\",\"position\":2,\"name\":\"All our books\",\"item\":\"https:\/\/clavreuil-wordpress.logiciel-arteo.fr\/en\/all-our-books\/\"},{\"@type\":\"ListItem\",\"position\":3,\"name\":\"DELPECH J Chirurgie clinique de Montpellier, ou observations...\"}]},{\"@type\":\"WebSite\",\"@id\":\"https:\/\/clavreuil-wordpress.logiciel-arteo.fr\/#website\",\"url\":\"https:\/\/clavreuil-wordpress.logiciel-arteo.fr\/\",\"name\":\"Libairie Clavreuil\",\"description\":\"\",\"publisher\":{\"@id\":\"https:\/\/clavreuil-wordpress.logiciel-arteo.fr\/#organization\"},\"potentialAction\":[{\"@type\":\"SearchAction\",\"target\":{\"@type\":\"EntryPoint\",\"urlTemplate\":\"https:\/\/clavreuil-wordpress.logiciel-arteo.fr\/?s={search_term_string}\"},\"query-input\":{\"@type\":\"PropertyValueSpecification\",\"valueRequired\":true,\"valueName\":\"search_term_string\"}}],\"inLanguage\":\"en-US\"},{\"@type\":\"Organization\",\"@id\":\"https:\/\/clavreuil-wordpress.logiciel-arteo.fr\/#organization\",\"name\":\"Libairie Clavreuil\",\"url\":\"https:\/\/clavreuil-wordpress.logiciel-arteo.fr\/\",\"logo\":{\"@type\":\"ImageObject\",\"inLanguage\":\"en-US\",\"@id\":\"https:\/\/clavreuil-wordpress.logiciel-arteo.fr\/#\/schema\/logo\/image\/\",\"url\":\"https:\/\/clavreuil-wordpress.logiciel-arteo.fr\/wp-content\/uploads\/2021\/05\/LOGO_PNG_DATE-_gold.png\",\"contentUrl\":\"https:\/\/clavreuil-wordpress.logiciel-arteo.fr\/wp-content\/uploads\/2021\/05\/LOGO_PNG_DATE-_gold.png\",\"width\":2083,\"height\":1917,\"caption\":\"Libairie Clavreuil\"},\"image\":{\"@id\":\"https:\/\/clavreuil-wordpress.logiciel-arteo.fr\/#\/schema\/logo\/image\/\"}}]}<\/script>\n<!-- \/ Yoast SEO plugin. -->","yoast_head_json":{"title":"DELPECH J Chirurgie clinique de Montpellier, ou observations et r\u00e9flexions tir\u00e9es des travaux de chirurgie clinique de cette \u00e9cole. - Libairie Clavreuil","robots":{"index":"noindex","follow":"follow","max-snippet":"max-snippet:-1","max-image-preview":"max-image-preview:large","max-video-preview":"max-video-preview:-1"},"og_locale":"en_US","og_type":"article","og_title":"DELPECH J Chirurgie clinique de Montpellier, ou observations et r\u00e9flexions tir\u00e9es des travaux de chirurgie clinique de cette \u00e9cole. - Libairie Clavreuil","og_description":"2 volumes 4to (258 x 200 mm) 3 nn.ll., XVIII, 494 pp., 16 engraved plates for volume I; 3 nn.ll., XXXVII, 5 to 631 pp., 21 engraved plates (on 20 sheets; plates 27\/28 are on one single sheet) for volume II. Contemporary calf-backed boards, flat spines with spine labels in black morocco.","og_url":"https:\/\/clavreuil-wordpress.logiciel-arteo.fr\/en\/chirurgie-clinique-de-montpellier-ou-observations-et-reflexions-tirees-des-travaux-de-chirurgie-clinique-de-cette-ecole-j-delpech\/","og_site_name":"Libairie Clavreuil","article_modified_time":"2024-04-22T12:56:48+00:00","og_image":[{"width":1905,"height":2560,"url":"https:\/\/clavreuil-wordpress.logiciel-arteo.fr\/wp-content\/uploads\/2024\/04\/j-delpech-chirurgie-clinique-de-montpellier-ou-observations-et-reflexions-tirees-des-travaux-de-chirurgie-clinique-de-cette-ecole-1807-65a800259ea3d-scaled.jpg","type":"image\/jpeg"}],"twitter_card":"summary_large_image","twitter_misc":{"Est. reading time":"1 minute"},"schema":{"@context":"https:\/\/schema.org","@graph":[{"@type":"WebPage","@id":"https:\/\/clavreuil-wordpress.logiciel-arteo.fr\/en\/chirurgie-clinique-de-montpellier-ou-observations-et-reflexions-tirees-des-travaux-de-chirurgie-clinique-de-cette-ecole-j-delpech\/","url":"https:\/\/clavreuil-wordpress.logiciel-arteo.fr\/en\/chirurgie-clinique-de-montpellier-ou-observations-et-reflexions-tirees-des-travaux-de-chirurgie-clinique-de-cette-ecole-j-delpech\/","name":"DELPECH J Chirurgie clinique de Montpellier, ou observations et r\u00e9flexions tir\u00e9es des travaux de chirurgie clinique de cette \u00e9cole. - Libairie Clavreuil","isPartOf":{"@id":"https:\/\/clavreuil-wordpress.logiciel-arteo.fr\/#website"},"primaryImageOfPage":{"@id":"https:\/\/clavreuil-wordpress.logiciel-arteo.fr\/en\/chirurgie-clinique-de-montpellier-ou-observations-et-reflexions-tirees-des-travaux-de-chirurgie-clinique-de-cette-ecole-j-delpech\/#primaryimage"},"image":{"@id":"https:\/\/clavreuil-wordpress.logiciel-arteo.fr\/en\/chirurgie-clinique-de-montpellier-ou-observations-et-reflexions-tirees-des-travaux-de-chirurgie-clinique-de-cette-ecole-j-delpech\/#primaryimage"},"thumbnailUrl":"https:\/\/clavreuil-wordpress.logiciel-arteo.fr\/wp-content\/uploads\/2024\/04\/j-delpech-chirurgie-clinique-de-montpellier-ou-observations-et-reflexions-tirees-des-travaux-de-chirurgie-clinique-de-cette-ecole-1807-65a800259ea3d-scaled.jpg","datePublished":"2024-04-18T14:50:48+00:00","dateModified":"2024-04-22T12:56:48+00:00","breadcrumb":{"@id":"https:\/\/clavreuil-wordpress.logiciel-arteo.fr\/en\/chirurgie-clinique-de-montpellier-ou-observations-et-reflexions-tirees-des-travaux-de-chirurgie-clinique-de-cette-ecole-j-delpech\/#breadcrumb"},"inLanguage":"en-US","potentialAction":[{"@type":"ReadAction","target":["https:\/\/clavreuil-wordpress.logiciel-arteo.fr\/en\/chirurgie-clinique-de-montpellier-ou-observations-et-reflexions-tirees-des-travaux-de-chirurgie-clinique-de-cette-ecole-j-delpech\/"]}]},{"@type":"ImageObject","inLanguage":"en-US","@id":"https:\/\/clavreuil-wordpress.logiciel-arteo.fr\/en\/chirurgie-clinique-de-montpellier-ou-observations-et-reflexions-tirees-des-travaux-de-chirurgie-clinique-de-cette-ecole-j-delpech\/#primaryimage","url":"https:\/\/clavreuil-wordpress.logiciel-arteo.fr\/wp-content\/uploads\/2024\/04\/j-delpech-chirurgie-clinique-de-montpellier-ou-observations-et-reflexions-tirees-des-travaux-de-chirurgie-clinique-de-cette-ecole-1807-65a800259ea3d-scaled.jpg","contentUrl":"https:\/\/clavreuil-wordpress.logiciel-arteo.fr\/wp-content\/uploads\/2024\/04\/j-delpech-chirurgie-clinique-de-montpellier-ou-observations-et-reflexions-tirees-des-travaux-de-chirurgie-clinique-de-cette-ecole-1807-65a800259ea3d-scaled.jpg","width":1905,"height":2560},{"@type":"BreadcrumbList","@id":"https:\/\/clavreuil-wordpress.logiciel-arteo.fr\/en\/chirurgie-clinique-de-montpellier-ou-observations-et-reflexions-tirees-des-travaux-de-chirurgie-clinique-de-cette-ecole-j-delpech\/#breadcrumb","itemListElement":[{"@type":"ListItem","position":1,"name":"Accueil","item":"https:\/\/clavreuil-wordpress.logiciel-arteo.fr\/"},{"@type":"ListItem","position":2,"name":"All our books","item":"https:\/\/clavreuil-wordpress.logiciel-arteo.fr\/en\/all-our-books\/"},{"@type":"ListItem","position":3,"name":"DELPECH J Chirurgie clinique de Montpellier, ou observations..."}]},{"@type":"WebSite","@id":"https:\/\/clavreuil-wordpress.logiciel-arteo.fr\/#website","url":"https:\/\/clavreuil-wordpress.logiciel-arteo.fr\/","name":"Libairie Clavreuil","description":"","publisher":{"@id":"https:\/\/clavreuil-wordpress.logiciel-arteo.fr\/#organization"},"potentialAction":[{"@type":"SearchAction","target":{"@type":"EntryPoint","urlTemplate":"https:\/\/clavreuil-wordpress.logiciel-arteo.fr\/?s={search_term_string}"},"query-input":{"@type":"PropertyValueSpecification","valueRequired":true,"valueName":"search_term_string"}}],"inLanguage":"en-US"},{"@type":"Organization","@id":"https:\/\/clavreuil-wordpress.logiciel-arteo.fr\/#organization","name":"Libairie Clavreuil","url":"https:\/\/clavreuil-wordpress.logiciel-arteo.fr\/","logo":{"@type":"ImageObject","inLanguage":"en-US","@id":"https:\/\/clavreuil-wordpress.logiciel-arteo.fr\/#\/schema\/logo\/image\/","url":"https:\/\/clavreuil-wordpress.logiciel-arteo.fr\/wp-content\/uploads\/2021\/05\/LOGO_PNG_DATE-_gold.png","contentUrl":"https:\/\/clavreuil-wordpress.logiciel-arteo.fr\/wp-content\/uploads\/2021\/05\/LOGO_PNG_DATE-_gold.png","width":2083,"height":1917,"caption":"Libairie Clavreuil"},"image":{"@id":"https:\/\/clavreuil-wordpress.logiciel-arteo.fr\/#\/schema\/logo\/image\/"}}]}},"_links":{"self":[{"href":"https:\/\/clavreuil-wordpress.logiciel-arteo.fr\/en\/wp-json\/wp\/v2\/product\/73493","targetHints":{"allow":["GET"]}}],"collection":[{"href":"https:\/\/clavreuil-wordpress.logiciel-arteo.fr\/en\/wp-json\/wp\/v2\/product"}],"about":[{"href":"https:\/\/clavreuil-wordpress.logiciel-arteo.fr\/en\/wp-json\/wp\/v2\/types\/product"}],"replies":[{"embeddable":true,"href":"https:\/\/clavreuil-wordpress.logiciel-arteo.fr\/en\/wp-json\/wp\/v2\/comments?post=73493"}],"wp:featuredmedia":[{"embeddable":true,"href":"https:\/\/clavreuil-wordpress.logiciel-arteo.fr\/en\/wp-json\/wp\/v2\/media\/73486"}],"wp:attachment":[{"href":"https:\/\/clavreuil-wordpress.logiciel-arteo.fr\/en\/wp-json\/wp\/v2\/media?parent=73493"}],"wp:term":[{"taxonomy":"product_brand","embeddable":true,"href":"https:\/\/clavreuil-wordpress.logiciel-arteo.fr\/en\/wp-json\/wp\/v2\/product_brand?post=73493"},{"taxonomy":"product_cat","embeddable":true,"href":"https:\/\/clavreuil-wordpress.logiciel-arteo.fr\/en\/wp-json\/wp\/v2\/product_cat?post=73493"},{"taxonomy":"product_tag","embeddable":true,"href":"https:\/\/clavreuil-wordpress.logiciel-arteo.fr\/en\/wp-json\/wp\/v2\/product_tag?post=73493"}],"curies":[{"name":"wp","href":"https:\/\/api.w.org\/{rel}","templated":true}]}}