{"id":73625,"date":"2024-04-18T18:51:10","date_gmt":"2024-04-18T16:51:10","guid":{"rendered":"https:\/\/clavreuil-wordpress.logiciel-arteo.fr\/traite-clinique-des-maladies-du-coeur-precede-de-recherches-nouvelles-sur-lanatomie-et-la-physiologie-de-cet-organe-jean-baptiste-bouillaud\/"},"modified":"2024-04-22T15:14:20","modified_gmt":"2024-04-22T13:14:20","slug":"traite-clinique-des-maladies-du-coeur-precede-de-recherches-nouvelles-sur-lanatomie-et-la-physiologie-de-cet-organe-jean-baptiste-bouillaud","status":"publish","type":"product","link":"https:\/\/clavreuil-wordpress.logiciel-arteo.fr\/en\/traite-clinique-des-maladies-du-coeur-precede-de-recherches-nouvelles-sur-lanatomie-et-la-physiologie-de-cet-organe-jean-baptiste-bouillaud\/","title":{"rendered":"BOUILLAUD Jean Baptiste Trait\u00e9 clinique des maladies du..."},"content":{"rendered":"<p style=\"text-align:justify\"><em>Garrison-Morton, 2749 ; Waller, 1530.<\/em><\/p>\n<p style=\"text-align:justify\">First edition. &quot;Although not the first to note the cardiac manifestations of acute rheumatism, Bouillaud [1796-1881] was the first to demonstrate the frequency and importance of heart disease co-incident with acute articular rheumatism. The above work includes the first description of a case of mitral disease with articular rheumatism&quot; (Garrison-Morton). Good copy.<\/p>\n","protected":false},"excerpt":{"rendered":"<p style=\"text-align:justify\">2 volumes, 8vo (205 x 125 mm) XXI pp., 1 nn.l., 534 pp., 2 engraved plates for volume I; 2 nn.ll., 632 pp., 6 engraved folding paltes for volume II. Contemporary marbled boards.<\/p>\n","protected":false},"featured_media":73616,"comment_status":"open","ping_status":"closed","template":"","meta":{"_acf_changed":false},"product_brand":[],"product_cat":[548],"product_tag":[1295],"class_list":{"0":"post-73625","1":"product","2":"type-product","3":"status-publish","4":"has-post-thumbnail","6":"product_cat-medicine","7":"product_tag-heart","8":"pa_auteur-jean-baptiste-bouillaud-2","9":"pa_type-de-livre-printed-book","11":"first","12":"instock","13":"shipping-taxable","14":"purchasable","15":"product-type-simple"},"acf":[],"yoast_head":"<!-- This site is optimized with the Yoast SEO plugin v24.3 - https:\/\/yoast.com\/wordpress\/plugins\/seo\/ -->\n<title>BOUILLAUD Jean Baptiste Trait\u00e9 clinique des maladies du c\u0153ur, pr\u00e9c\u00e9d\u00e9 de Recherches nouvelles sur l&#039;anatomie et la physiologie de cet organe. - Libairie Clavreuil<\/title>\n<meta name=\"robots\" content=\"noindex, follow, max-snippet:-1, max-image-preview:large, max-video-preview:-1\" \/>\n<meta property=\"og:locale\" content=\"en_US\" \/>\n<meta property=\"og:type\" content=\"article\" \/>\n<meta property=\"og:title\" content=\"BOUILLAUD Jean Baptiste Trait\u00e9 clinique des maladies du c\u0153ur, pr\u00e9c\u00e9d\u00e9 de Recherches nouvelles sur l&#039;anatomie et la physiologie de cet organe. - Libairie Clavreuil\" \/>\n<meta property=\"og:description\" content=\"2 volumes, 8vo (205 x 125 mm) XXI pp., 1 nn.l., 534 pp., 2 engraved plates for volume I; 2 nn.ll., 632 pp., 6 engraved folding paltes for volume II. Contemporary marbled boards.\" \/>\n<meta property=\"og:url\" content=\"https:\/\/clavreuil-wordpress.logiciel-arteo.fr\/en\/traite-clinique-des-maladies-du-coeur-precede-de-recherches-nouvelles-sur-lanatomie-et-la-physiologie-de-cet-organe-jean-baptiste-bouillaud\/\" \/>\n<meta property=\"og:site_name\" content=\"Libairie Clavreuil\" \/>\n<meta property=\"article:modified_time\" content=\"2024-04-22T13:14:20+00:00\" \/>\n<meta property=\"og:image\" content=\"https:\/\/clavreuil-wordpress.logiciel-arteo.fr\/wp-content\/uploads\/2024\/04\/jean-baptiste-bouillaud-traite-clinique-des-maladies-du-coeur-precede-de-recherches-nouvelles-sur-l-anatomie-et-la-physiologie-de-cet-organe-2927-65a9-scaled.jpg\" \/>\n\t<meta property=\"og:image:width\" content=\"1822\" \/>\n\t<meta property=\"og:image:height\" content=\"2560\" \/>\n\t<meta property=\"og:image:type\" content=\"image\/jpeg\" \/>\n<meta name=\"twitter:card\" content=\"summary_large_image\" \/>\n<script type=\"application\/ld+json\" class=\"yoast-schema-graph\">{\"@context\":\"https:\/\/schema.org\",\"@graph\":[{\"@type\":\"WebPage\",\"@id\":\"https:\/\/clavreuil-wordpress.logiciel-arteo.fr\/en\/traite-clinique-des-maladies-du-coeur-precede-de-recherches-nouvelles-sur-lanatomie-et-la-physiologie-de-cet-organe-jean-baptiste-bouillaud\/\",\"url\":\"https:\/\/clavreuil-wordpress.logiciel-arteo.fr\/en\/traite-clinique-des-maladies-du-coeur-precede-de-recherches-nouvelles-sur-lanatomie-et-la-physiologie-de-cet-organe-jean-baptiste-bouillaud\/\",\"name\":\"BOUILLAUD Jean Baptiste Trait\u00e9 clinique des maladies du c\u0153ur, pr\u00e9c\u00e9d\u00e9 de Recherches nouvelles sur l'anatomie et la physiologie de cet organe. - Libairie Clavreuil\",\"isPartOf\":{\"@id\":\"https:\/\/clavreuil-wordpress.logiciel-arteo.fr\/#website\"},\"primaryImageOfPage\":{\"@id\":\"https:\/\/clavreuil-wordpress.logiciel-arteo.fr\/en\/traite-clinique-des-maladies-du-coeur-precede-de-recherches-nouvelles-sur-lanatomie-et-la-physiologie-de-cet-organe-jean-baptiste-bouillaud\/#primaryimage\"},\"image\":{\"@id\":\"https:\/\/clavreuil-wordpress.logiciel-arteo.fr\/en\/traite-clinique-des-maladies-du-coeur-precede-de-recherches-nouvelles-sur-lanatomie-et-la-physiologie-de-cet-organe-jean-baptiste-bouillaud\/#primaryimage\"},\"thumbnailUrl\":\"https:\/\/clavreuil-wordpress.logiciel-arteo.fr\/wp-content\/uploads\/2024\/04\/jean-baptiste-bouillaud-traite-clinique-des-maladies-du-coeur-precede-de-recherches-nouvelles-sur-l-anatomie-et-la-physiologie-de-cet-organe-2927-65a9-scaled.jpg\",\"datePublished\":\"2024-04-18T16:51:10+00:00\",\"dateModified\":\"2024-04-22T13:14:20+00:00\",\"breadcrumb\":{\"@id\":\"https:\/\/clavreuil-wordpress.logiciel-arteo.fr\/en\/traite-clinique-des-maladies-du-coeur-precede-de-recherches-nouvelles-sur-lanatomie-et-la-physiologie-de-cet-organe-jean-baptiste-bouillaud\/#breadcrumb\"},\"inLanguage\":\"en-US\",\"potentialAction\":[{\"@type\":\"ReadAction\",\"target\":[\"https:\/\/clavreuil-wordpress.logiciel-arteo.fr\/en\/traite-clinique-des-maladies-du-coeur-precede-de-recherches-nouvelles-sur-lanatomie-et-la-physiologie-de-cet-organe-jean-baptiste-bouillaud\/\"]}]},{\"@type\":\"ImageObject\",\"inLanguage\":\"en-US\",\"@id\":\"https:\/\/clavreuil-wordpress.logiciel-arteo.fr\/en\/traite-clinique-des-maladies-du-coeur-precede-de-recherches-nouvelles-sur-lanatomie-et-la-physiologie-de-cet-organe-jean-baptiste-bouillaud\/#primaryimage\",\"url\":\"https:\/\/clavreuil-wordpress.logiciel-arteo.fr\/wp-content\/uploads\/2024\/04\/jean-baptiste-bouillaud-traite-clinique-des-maladies-du-coeur-precede-de-recherches-nouvelles-sur-l-anatomie-et-la-physiologie-de-cet-organe-2927-65a9-scaled.jpg\",\"contentUrl\":\"https:\/\/clavreuil-wordpress.logiciel-arteo.fr\/wp-content\/uploads\/2024\/04\/jean-baptiste-bouillaud-traite-clinique-des-maladies-du-coeur-precede-de-recherches-nouvelles-sur-l-anatomie-et-la-physiologie-de-cet-organe-2927-65a9-scaled.jpg\",\"width\":1822,\"height\":2560},{\"@type\":\"BreadcrumbList\",\"@id\":\"https:\/\/clavreuil-wordpress.logiciel-arteo.fr\/en\/traite-clinique-des-maladies-du-coeur-precede-de-recherches-nouvelles-sur-lanatomie-et-la-physiologie-de-cet-organe-jean-baptiste-bouillaud\/#breadcrumb\",\"itemListElement\":[{\"@type\":\"ListItem\",\"position\":1,\"name\":\"Accueil\",\"item\":\"https:\/\/clavreuil-wordpress.logiciel-arteo.fr\/\"},{\"@type\":\"ListItem\",\"position\":2,\"name\":\"All our books\",\"item\":\"https:\/\/clavreuil-wordpress.logiciel-arteo.fr\/en\/all-our-books\/\"},{\"@type\":\"ListItem\",\"position\":3,\"name\":\"BOUILLAUD Jean Baptiste Trait\u00e9 clinique des maladies du...\"}]},{\"@type\":\"WebSite\",\"@id\":\"https:\/\/clavreuil-wordpress.logiciel-arteo.fr\/#website\",\"url\":\"https:\/\/clavreuil-wordpress.logiciel-arteo.fr\/\",\"name\":\"Libairie Clavreuil\",\"description\":\"\",\"publisher\":{\"@id\":\"https:\/\/clavreuil-wordpress.logiciel-arteo.fr\/#organization\"},\"potentialAction\":[{\"@type\":\"SearchAction\",\"target\":{\"@type\":\"EntryPoint\",\"urlTemplate\":\"https:\/\/clavreuil-wordpress.logiciel-arteo.fr\/?s={search_term_string}\"},\"query-input\":{\"@type\":\"PropertyValueSpecification\",\"valueRequired\":true,\"valueName\":\"search_term_string\"}}],\"inLanguage\":\"en-US\"},{\"@type\":\"Organization\",\"@id\":\"https:\/\/clavreuil-wordpress.logiciel-arteo.fr\/#organization\",\"name\":\"Libairie Clavreuil\",\"url\":\"https:\/\/clavreuil-wordpress.logiciel-arteo.fr\/\",\"logo\":{\"@type\":\"ImageObject\",\"inLanguage\":\"en-US\",\"@id\":\"https:\/\/clavreuil-wordpress.logiciel-arteo.fr\/#\/schema\/logo\/image\/\",\"url\":\"https:\/\/clavreuil-wordpress.logiciel-arteo.fr\/wp-content\/uploads\/2021\/05\/LOGO_PNG_DATE-_gold.png\",\"contentUrl\":\"https:\/\/clavreuil-wordpress.logiciel-arteo.fr\/wp-content\/uploads\/2021\/05\/LOGO_PNG_DATE-_gold.png\",\"width\":2083,\"height\":1917,\"caption\":\"Libairie Clavreuil\"},\"image\":{\"@id\":\"https:\/\/clavreuil-wordpress.logiciel-arteo.fr\/#\/schema\/logo\/image\/\"}}]}<\/script>\n<!-- \/ Yoast SEO plugin. -->","yoast_head_json":{"title":"BOUILLAUD Jean Baptiste Trait\u00e9 clinique des maladies du c\u0153ur, pr\u00e9c\u00e9d\u00e9 de Recherches nouvelles sur l'anatomie et la physiologie de cet organe. - Libairie Clavreuil","robots":{"index":"noindex","follow":"follow","max-snippet":"max-snippet:-1","max-image-preview":"max-image-preview:large","max-video-preview":"max-video-preview:-1"},"og_locale":"en_US","og_type":"article","og_title":"BOUILLAUD Jean Baptiste Trait\u00e9 clinique des maladies du c\u0153ur, pr\u00e9c\u00e9d\u00e9 de Recherches nouvelles sur l'anatomie et la physiologie de cet organe. - Libairie Clavreuil","og_description":"2 volumes, 8vo (205 x 125 mm) XXI pp., 1 nn.l., 534 pp., 2 engraved plates for volume I; 2 nn.ll., 632 pp., 6 engraved folding paltes for volume II. Contemporary marbled boards.","og_url":"https:\/\/clavreuil-wordpress.logiciel-arteo.fr\/en\/traite-clinique-des-maladies-du-coeur-precede-de-recherches-nouvelles-sur-lanatomie-et-la-physiologie-de-cet-organe-jean-baptiste-bouillaud\/","og_site_name":"Libairie Clavreuil","article_modified_time":"2024-04-22T13:14:20+00:00","og_image":[{"width":1822,"height":2560,"url":"https:\/\/clavreuil-wordpress.logiciel-arteo.fr\/wp-content\/uploads\/2024\/04\/jean-baptiste-bouillaud-traite-clinique-des-maladies-du-coeur-precede-de-recherches-nouvelles-sur-l-anatomie-et-la-physiologie-de-cet-organe-2927-65a9-scaled.jpg","type":"image\/jpeg"}],"twitter_card":"summary_large_image","schema":{"@context":"https:\/\/schema.org","@graph":[{"@type":"WebPage","@id":"https:\/\/clavreuil-wordpress.logiciel-arteo.fr\/en\/traite-clinique-des-maladies-du-coeur-precede-de-recherches-nouvelles-sur-lanatomie-et-la-physiologie-de-cet-organe-jean-baptiste-bouillaud\/","url":"https:\/\/clavreuil-wordpress.logiciel-arteo.fr\/en\/traite-clinique-des-maladies-du-coeur-precede-de-recherches-nouvelles-sur-lanatomie-et-la-physiologie-de-cet-organe-jean-baptiste-bouillaud\/","name":"BOUILLAUD Jean Baptiste Trait\u00e9 clinique des maladies du c\u0153ur, pr\u00e9c\u00e9d\u00e9 de Recherches nouvelles sur l'anatomie et la physiologie de cet organe. - Libairie Clavreuil","isPartOf":{"@id":"https:\/\/clavreuil-wordpress.logiciel-arteo.fr\/#website"},"primaryImageOfPage":{"@id":"https:\/\/clavreuil-wordpress.logiciel-arteo.fr\/en\/traite-clinique-des-maladies-du-coeur-precede-de-recherches-nouvelles-sur-lanatomie-et-la-physiologie-de-cet-organe-jean-baptiste-bouillaud\/#primaryimage"},"image":{"@id":"https:\/\/clavreuil-wordpress.logiciel-arteo.fr\/en\/traite-clinique-des-maladies-du-coeur-precede-de-recherches-nouvelles-sur-lanatomie-et-la-physiologie-de-cet-organe-jean-baptiste-bouillaud\/#primaryimage"},"thumbnailUrl":"https:\/\/clavreuil-wordpress.logiciel-arteo.fr\/wp-content\/uploads\/2024\/04\/jean-baptiste-bouillaud-traite-clinique-des-maladies-du-coeur-precede-de-recherches-nouvelles-sur-l-anatomie-et-la-physiologie-de-cet-organe-2927-65a9-scaled.jpg","datePublished":"2024-04-18T16:51:10+00:00","dateModified":"2024-04-22T13:14:20+00:00","breadcrumb":{"@id":"https:\/\/clavreuil-wordpress.logiciel-arteo.fr\/en\/traite-clinique-des-maladies-du-coeur-precede-de-recherches-nouvelles-sur-lanatomie-et-la-physiologie-de-cet-organe-jean-baptiste-bouillaud\/#breadcrumb"},"inLanguage":"en-US","potentialAction":[{"@type":"ReadAction","target":["https:\/\/clavreuil-wordpress.logiciel-arteo.fr\/en\/traite-clinique-des-maladies-du-coeur-precede-de-recherches-nouvelles-sur-lanatomie-et-la-physiologie-de-cet-organe-jean-baptiste-bouillaud\/"]}]},{"@type":"ImageObject","inLanguage":"en-US","@id":"https:\/\/clavreuil-wordpress.logiciel-arteo.fr\/en\/traite-clinique-des-maladies-du-coeur-precede-de-recherches-nouvelles-sur-lanatomie-et-la-physiologie-de-cet-organe-jean-baptiste-bouillaud\/#primaryimage","url":"https:\/\/clavreuil-wordpress.logiciel-arteo.fr\/wp-content\/uploads\/2024\/04\/jean-baptiste-bouillaud-traite-clinique-des-maladies-du-coeur-precede-de-recherches-nouvelles-sur-l-anatomie-et-la-physiologie-de-cet-organe-2927-65a9-scaled.jpg","contentUrl":"https:\/\/clavreuil-wordpress.logiciel-arteo.fr\/wp-content\/uploads\/2024\/04\/jean-baptiste-bouillaud-traite-clinique-des-maladies-du-coeur-precede-de-recherches-nouvelles-sur-l-anatomie-et-la-physiologie-de-cet-organe-2927-65a9-scaled.jpg","width":1822,"height":2560},{"@type":"BreadcrumbList","@id":"https:\/\/clavreuil-wordpress.logiciel-arteo.fr\/en\/traite-clinique-des-maladies-du-coeur-precede-de-recherches-nouvelles-sur-lanatomie-et-la-physiologie-de-cet-organe-jean-baptiste-bouillaud\/#breadcrumb","itemListElement":[{"@type":"ListItem","position":1,"name":"Accueil","item":"https:\/\/clavreuil-wordpress.logiciel-arteo.fr\/"},{"@type":"ListItem","position":2,"name":"All our books","item":"https:\/\/clavreuil-wordpress.logiciel-arteo.fr\/en\/all-our-books\/"},{"@type":"ListItem","position":3,"name":"BOUILLAUD Jean Baptiste Trait\u00e9 clinique des maladies du..."}]},{"@type":"WebSite","@id":"https:\/\/clavreuil-wordpress.logiciel-arteo.fr\/#website","url":"https:\/\/clavreuil-wordpress.logiciel-arteo.fr\/","name":"Libairie Clavreuil","description":"","publisher":{"@id":"https:\/\/clavreuil-wordpress.logiciel-arteo.fr\/#organization"},"potentialAction":[{"@type":"SearchAction","target":{"@type":"EntryPoint","urlTemplate":"https:\/\/clavreuil-wordpress.logiciel-arteo.fr\/?s={search_term_string}"},"query-input":{"@type":"PropertyValueSpecification","valueRequired":true,"valueName":"search_term_string"}}],"inLanguage":"en-US"},{"@type":"Organization","@id":"https:\/\/clavreuil-wordpress.logiciel-arteo.fr\/#organization","name":"Libairie Clavreuil","url":"https:\/\/clavreuil-wordpress.logiciel-arteo.fr\/","logo":{"@type":"ImageObject","inLanguage":"en-US","@id":"https:\/\/clavreuil-wordpress.logiciel-arteo.fr\/#\/schema\/logo\/image\/","url":"https:\/\/clavreuil-wordpress.logiciel-arteo.fr\/wp-content\/uploads\/2021\/05\/LOGO_PNG_DATE-_gold.png","contentUrl":"https:\/\/clavreuil-wordpress.logiciel-arteo.fr\/wp-content\/uploads\/2021\/05\/LOGO_PNG_DATE-_gold.png","width":2083,"height":1917,"caption":"Libairie Clavreuil"},"image":{"@id":"https:\/\/clavreuil-wordpress.logiciel-arteo.fr\/#\/schema\/logo\/image\/"}}]}},"_links":{"self":[{"href":"https:\/\/clavreuil-wordpress.logiciel-arteo.fr\/en\/wp-json\/wp\/v2\/product\/73625","targetHints":{"allow":["GET"]}}],"collection":[{"href":"https:\/\/clavreuil-wordpress.logiciel-arteo.fr\/en\/wp-json\/wp\/v2\/product"}],"about":[{"href":"https:\/\/clavreuil-wordpress.logiciel-arteo.fr\/en\/wp-json\/wp\/v2\/types\/product"}],"replies":[{"embeddable":true,"href":"https:\/\/clavreuil-wordpress.logiciel-arteo.fr\/en\/wp-json\/wp\/v2\/comments?post=73625"}],"wp:featuredmedia":[{"embeddable":true,"href":"https:\/\/clavreuil-wordpress.logiciel-arteo.fr\/en\/wp-json\/wp\/v2\/media\/73616"}],"wp:attachment":[{"href":"https:\/\/clavreuil-wordpress.logiciel-arteo.fr\/en\/wp-json\/wp\/v2\/media?parent=73625"}],"wp:term":[{"taxonomy":"product_brand","embeddable":true,"href":"https:\/\/clavreuil-wordpress.logiciel-arteo.fr\/en\/wp-json\/wp\/v2\/product_brand?post=73625"},{"taxonomy":"product_cat","embeddable":true,"href":"https:\/\/clavreuil-wordpress.logiciel-arteo.fr\/en\/wp-json\/wp\/v2\/product_cat?post=73625"},{"taxonomy":"product_tag","embeddable":true,"href":"https:\/\/clavreuil-wordpress.logiciel-arteo.fr\/en\/wp-json\/wp\/v2\/product_tag?post=73625"}],"curies":[{"name":"wp","href":"https:\/\/api.w.org\/{rel}","templated":true}]}}