{"id":73660,"date":"2024-04-19T16:06:02","date_gmt":"2024-04-19T14:06:02","guid":{"rendered":"https:\/\/clavreuil-wordpress.logiciel-arteo.fr\/experiences-et-demonstrations-faites-a-lhopital-de-la-salpetriere-a-s-come-en-presence-de-lacademie-royale-de-chirurgie-pour-servir-de-suite-et-de-preuves-a-lessai-sur-les-maladies-des\/"},"modified":"2024-04-22T15:17:15","modified_gmt":"2024-04-22T13:17:15","slug":"experiences-et-demonstrations-faites-a-lhopital-de-la-salpetriere-a-s-come-en-presence-de-lacademie-royale-de-chirurgie-pour-servir-de-suite-et-de-preuves-a-lessai-sur-les-maladies-des","status":"publish","type":"product","link":"https:\/\/clavreuil-wordpress.logiciel-arteo.fr\/en\/experiences-et-demonstrations-faites-a-lhopital-de-la-salpetriere-a-s-come-en-presence-de-lacademie-royale-de-chirurgie-pour-servir-de-suite-et-de-preuves-a-lessai-sur-les-maladies-des\/","title":{"rendered":"BUNON Robert Exp\u00e9riences et d\u00e9monstrations Faites \u00e0 l&#8217;H\u00f4pital..."},"content":{"rendered":"<p style=\"text-align:justify\"><em>David, p. 46; Poletti, p. 36; Weinberger, p. 27; NLM, p.71.<\/em><\/p>\n<p style=\"text-align:justify\">First edition.<\/p>\n<p style=\"text-align:justify\">A collection of case studies which, in addition to being of strictly odontological interest, presents a panorama of the society of the time. The work also contains the first pharmacopoeia for dentists.<\/p>\n<p style=\"text-align:justify\">Some foxing, else a good copy.<\/p>\n","protected":false},"excerpt":{"rendered":"<p style=\"text-align:justify\">12mo (163 x 93 mm) XXVI, 410 pp., 3 nn.ll. Contemproary marbled calf, spine gilt with raised bands (one hinge weak).<\/p>\n","protected":false},"featured_media":73655,"comment_status":"open","ping_status":"closed","template":"","meta":{"_acf_changed":false},"product_brand":[],"product_cat":[548],"product_tag":[1296],"class_list":{"0":"post-73660","1":"product","2":"type-product","3":"status-publish","4":"has-post-thumbnail","6":"product_cat-medicine","7":"product_tag-teeth","8":"pa_auteur-robert-bunon-2","9":"pa_type-de-livre-printed-book","11":"first","12":"instock","13":"shipping-taxable","14":"purchasable","15":"product-type-simple"},"acf":[],"yoast_head":"<!-- This site is optimized with the Yoast SEO plugin v24.3 - https:\/\/yoast.com\/wordpress\/plugins\/seo\/ -->\n<title>BUNON Robert Exp\u00e9riences et d\u00e9monstrations Faites \u00e0 l&#039;H\u00f4pital de la Salp\u00eatri\u00e8re, &amp; \u00e0 S. C\u00f4me en pr\u00e9sence de l&#039;Acad\u00e9mie Royale de Chirurgie. Pour servir de suite et de preuves \u00e0 l&#039;Essai sur les maladies des dents... Et une Pharmacie odontalgique. - Libairie Clavreuil<\/title>\n<meta name=\"robots\" content=\"noindex, follow, max-snippet:-1, max-image-preview:large, max-video-preview:-1\" \/>\n<meta property=\"og:locale\" content=\"en_US\" \/>\n<meta property=\"og:type\" content=\"article\" \/>\n<meta property=\"og:title\" content=\"BUNON Robert Exp\u00e9riences et d\u00e9monstrations Faites \u00e0 l&#039;H\u00f4pital de la Salp\u00eatri\u00e8re, &amp; \u00e0 S. C\u00f4me en pr\u00e9sence de l&#039;Acad\u00e9mie Royale de Chirurgie. Pour servir de suite et de preuves \u00e0 l&#039;Essai sur les maladies des dents... Et une Pharmacie odontalgique. - Libairie Clavreuil\" \/>\n<meta property=\"og:description\" content=\"12mo (163 x 93 mm) XXVI, 410 pp., 3 nn.ll. Contemproary marbled calf, spine gilt with raised bands (one hinge weak).\" \/>\n<meta property=\"og:url\" content=\"https:\/\/clavreuil-wordpress.logiciel-arteo.fr\/en\/experiences-et-demonstrations-faites-a-lhopital-de-la-salpetriere-a-s-come-en-presence-de-lacademie-royale-de-chirurgie-pour-servir-de-suite-et-de-preuves-a-lessai-sur-les-maladies-des\/\" \/>\n<meta property=\"og:site_name\" content=\"Libairie Clavreuil\" \/>\n<meta property=\"article:modified_time\" content=\"2024-04-22T13:17:15+00:00\" \/>\n<meta property=\"og:image\" content=\"https:\/\/clavreuil-wordpress.logiciel-arteo.fr\/wp-content\/uploads\/2024\/04\/robert-bunon-experiences-et-demonstrations-faites-a-l-hopital-de-la-salpetriere-a-s-come-en-presence-de-l-academie-royale-de-chirurgie-pour-servir-de--scaled.jpg\" \/>\n\t<meta property=\"og:image:width\" content=\"1920\" \/>\n\t<meta property=\"og:image:height\" content=\"2560\" \/>\n\t<meta property=\"og:image:type\" content=\"image\/jpeg\" \/>\n<meta name=\"twitter:card\" content=\"summary_large_image\" \/>\n<script type=\"application\/ld+json\" class=\"yoast-schema-graph\">{\"@context\":\"https:\/\/schema.org\",\"@graph\":[{\"@type\":\"WebPage\",\"@id\":\"https:\/\/clavreuil-wordpress.logiciel-arteo.fr\/en\/experiences-et-demonstrations-faites-a-lhopital-de-la-salpetriere-a-s-come-en-presence-de-lacademie-royale-de-chirurgie-pour-servir-de-suite-et-de-preuves-a-lessai-sur-les-maladies-des\/\",\"url\":\"https:\/\/clavreuil-wordpress.logiciel-arteo.fr\/en\/experiences-et-demonstrations-faites-a-lhopital-de-la-salpetriere-a-s-come-en-presence-de-lacademie-royale-de-chirurgie-pour-servir-de-suite-et-de-preuves-a-lessai-sur-les-maladies-des\/\",\"name\":\"BUNON Robert Exp\u00e9riences et d\u00e9monstrations Faites \u00e0 l'H\u00f4pital de la Salp\u00eatri\u00e8re, &amp; \u00e0 S. C\u00f4me en pr\u00e9sence de l'Acad\u00e9mie Royale de Chirurgie. Pour servir de suite et de preuves \u00e0 l'Essai sur les maladies des dents... Et une Pharmacie odontalgique. - Libairie Clavreuil\",\"isPartOf\":{\"@id\":\"https:\/\/clavreuil-wordpress.logiciel-arteo.fr\/#website\"},\"primaryImageOfPage\":{\"@id\":\"https:\/\/clavreuil-wordpress.logiciel-arteo.fr\/en\/experiences-et-demonstrations-faites-a-lhopital-de-la-salpetriere-a-s-come-en-presence-de-lacademie-royale-de-chirurgie-pour-servir-de-suite-et-de-preuves-a-lessai-sur-les-maladies-des\/#primaryimage\"},\"image\":{\"@id\":\"https:\/\/clavreuil-wordpress.logiciel-arteo.fr\/en\/experiences-et-demonstrations-faites-a-lhopital-de-la-salpetriere-a-s-come-en-presence-de-lacademie-royale-de-chirurgie-pour-servir-de-suite-et-de-preuves-a-lessai-sur-les-maladies-des\/#primaryimage\"},\"thumbnailUrl\":\"https:\/\/clavreuil-wordpress.logiciel-arteo.fr\/wp-content\/uploads\/2024\/04\/robert-bunon-experiences-et-demonstrations-faites-a-l-hopital-de-la-salpetriere-a-s-come-en-presence-de-l-academie-royale-de-chirurgie-pour-servir-de--scaled.jpg\",\"datePublished\":\"2024-04-19T14:06:02+00:00\",\"dateModified\":\"2024-04-22T13:17:15+00:00\",\"breadcrumb\":{\"@id\":\"https:\/\/clavreuil-wordpress.logiciel-arteo.fr\/en\/experiences-et-demonstrations-faites-a-lhopital-de-la-salpetriere-a-s-come-en-presence-de-lacademie-royale-de-chirurgie-pour-servir-de-suite-et-de-preuves-a-lessai-sur-les-maladies-des\/#breadcrumb\"},\"inLanguage\":\"en-US\",\"potentialAction\":[{\"@type\":\"ReadAction\",\"target\":[\"https:\/\/clavreuil-wordpress.logiciel-arteo.fr\/en\/experiences-et-demonstrations-faites-a-lhopital-de-la-salpetriere-a-s-come-en-presence-de-lacademie-royale-de-chirurgie-pour-servir-de-suite-et-de-preuves-a-lessai-sur-les-maladies-des\/\"]}]},{\"@type\":\"ImageObject\",\"inLanguage\":\"en-US\",\"@id\":\"https:\/\/clavreuil-wordpress.logiciel-arteo.fr\/en\/experiences-et-demonstrations-faites-a-lhopital-de-la-salpetriere-a-s-come-en-presence-de-lacademie-royale-de-chirurgie-pour-servir-de-suite-et-de-preuves-a-lessai-sur-les-maladies-des\/#primaryimage\",\"url\":\"https:\/\/clavreuil-wordpress.logiciel-arteo.fr\/wp-content\/uploads\/2024\/04\/robert-bunon-experiences-et-demonstrations-faites-a-l-hopital-de-la-salpetriere-a-s-come-en-presence-de-l-academie-royale-de-chirurgie-pour-servir-de--scaled.jpg\",\"contentUrl\":\"https:\/\/clavreuil-wordpress.logiciel-arteo.fr\/wp-content\/uploads\/2024\/04\/robert-bunon-experiences-et-demonstrations-faites-a-l-hopital-de-la-salpetriere-a-s-come-en-presence-de-l-academie-royale-de-chirurgie-pour-servir-de--scaled.jpg\",\"width\":1920,\"height\":2560},{\"@type\":\"BreadcrumbList\",\"@id\":\"https:\/\/clavreuil-wordpress.logiciel-arteo.fr\/en\/experiences-et-demonstrations-faites-a-lhopital-de-la-salpetriere-a-s-come-en-presence-de-lacademie-royale-de-chirurgie-pour-servir-de-suite-et-de-preuves-a-lessai-sur-les-maladies-des\/#breadcrumb\",\"itemListElement\":[{\"@type\":\"ListItem\",\"position\":1,\"name\":\"Accueil\",\"item\":\"https:\/\/clavreuil-wordpress.logiciel-arteo.fr\/\"},{\"@type\":\"ListItem\",\"position\":2,\"name\":\"All our books\",\"item\":\"https:\/\/clavreuil-wordpress.logiciel-arteo.fr\/en\/all-our-books\/\"},{\"@type\":\"ListItem\",\"position\":3,\"name\":\"BUNON Robert Exp\u00e9riences et d\u00e9monstrations Faites \u00e0 l&#8217;H\u00f4pital...\"}]},{\"@type\":\"WebSite\",\"@id\":\"https:\/\/clavreuil-wordpress.logiciel-arteo.fr\/#website\",\"url\":\"https:\/\/clavreuil-wordpress.logiciel-arteo.fr\/\",\"name\":\"Libairie Clavreuil\",\"description\":\"\",\"publisher\":{\"@id\":\"https:\/\/clavreuil-wordpress.logiciel-arteo.fr\/#organization\"},\"potentialAction\":[{\"@type\":\"SearchAction\",\"target\":{\"@type\":\"EntryPoint\",\"urlTemplate\":\"https:\/\/clavreuil-wordpress.logiciel-arteo.fr\/?s={search_term_string}\"},\"query-input\":{\"@type\":\"PropertyValueSpecification\",\"valueRequired\":true,\"valueName\":\"search_term_string\"}}],\"inLanguage\":\"en-US\"},{\"@type\":\"Organization\",\"@id\":\"https:\/\/clavreuil-wordpress.logiciel-arteo.fr\/#organization\",\"name\":\"Libairie Clavreuil\",\"url\":\"https:\/\/clavreuil-wordpress.logiciel-arteo.fr\/\",\"logo\":{\"@type\":\"ImageObject\",\"inLanguage\":\"en-US\",\"@id\":\"https:\/\/clavreuil-wordpress.logiciel-arteo.fr\/#\/schema\/logo\/image\/\",\"url\":\"https:\/\/clavreuil-wordpress.logiciel-arteo.fr\/wp-content\/uploads\/2021\/05\/LOGO_PNG_DATE-_gold.png\",\"contentUrl\":\"https:\/\/clavreuil-wordpress.logiciel-arteo.fr\/wp-content\/uploads\/2021\/05\/LOGO_PNG_DATE-_gold.png\",\"width\":2083,\"height\":1917,\"caption\":\"Libairie Clavreuil\"},\"image\":{\"@id\":\"https:\/\/clavreuil-wordpress.logiciel-arteo.fr\/#\/schema\/logo\/image\/\"}}]}<\/script>\n<!-- \/ Yoast SEO plugin. -->","yoast_head_json":{"title":"BUNON Robert Exp\u00e9riences et d\u00e9monstrations Faites \u00e0 l'H\u00f4pital de la Salp\u00eatri\u00e8re, &amp; \u00e0 S. C\u00f4me en pr\u00e9sence de l'Acad\u00e9mie Royale de Chirurgie. Pour servir de suite et de preuves \u00e0 l'Essai sur les maladies des dents... Et une Pharmacie odontalgique. - Libairie Clavreuil","robots":{"index":"noindex","follow":"follow","max-snippet":"max-snippet:-1","max-image-preview":"max-image-preview:large","max-video-preview":"max-video-preview:-1"},"og_locale":"en_US","og_type":"article","og_title":"BUNON Robert Exp\u00e9riences et d\u00e9monstrations Faites \u00e0 l'H\u00f4pital de la Salp\u00eatri\u00e8re, &amp; \u00e0 S. C\u00f4me en pr\u00e9sence de l'Acad\u00e9mie Royale de Chirurgie. Pour servir de suite et de preuves \u00e0 l'Essai sur les maladies des dents... Et une Pharmacie odontalgique. - Libairie Clavreuil","og_description":"12mo (163 x 93 mm) XXVI, 410 pp., 3 nn.ll. Contemproary marbled calf, spine gilt with raised bands (one hinge weak).","og_url":"https:\/\/clavreuil-wordpress.logiciel-arteo.fr\/en\/experiences-et-demonstrations-faites-a-lhopital-de-la-salpetriere-a-s-come-en-presence-de-lacademie-royale-de-chirurgie-pour-servir-de-suite-et-de-preuves-a-lessai-sur-les-maladies-des\/","og_site_name":"Libairie Clavreuil","article_modified_time":"2024-04-22T13:17:15+00:00","og_image":[{"width":1920,"height":2560,"url":"https:\/\/clavreuil-wordpress.logiciel-arteo.fr\/wp-content\/uploads\/2024\/04\/robert-bunon-experiences-et-demonstrations-faites-a-l-hopital-de-la-salpetriere-a-s-come-en-presence-de-l-academie-royale-de-chirurgie-pour-servir-de--scaled.jpg","type":"image\/jpeg"}],"twitter_card":"summary_large_image","schema":{"@context":"https:\/\/schema.org","@graph":[{"@type":"WebPage","@id":"https:\/\/clavreuil-wordpress.logiciel-arteo.fr\/en\/experiences-et-demonstrations-faites-a-lhopital-de-la-salpetriere-a-s-come-en-presence-de-lacademie-royale-de-chirurgie-pour-servir-de-suite-et-de-preuves-a-lessai-sur-les-maladies-des\/","url":"https:\/\/clavreuil-wordpress.logiciel-arteo.fr\/en\/experiences-et-demonstrations-faites-a-lhopital-de-la-salpetriere-a-s-come-en-presence-de-lacademie-royale-de-chirurgie-pour-servir-de-suite-et-de-preuves-a-lessai-sur-les-maladies-des\/","name":"BUNON Robert Exp\u00e9riences et d\u00e9monstrations Faites \u00e0 l'H\u00f4pital de la Salp\u00eatri\u00e8re, &amp; \u00e0 S. C\u00f4me en pr\u00e9sence de l'Acad\u00e9mie Royale de Chirurgie. Pour servir de suite et de preuves \u00e0 l'Essai sur les maladies des dents... Et une Pharmacie odontalgique. - Libairie Clavreuil","isPartOf":{"@id":"https:\/\/clavreuil-wordpress.logiciel-arteo.fr\/#website"},"primaryImageOfPage":{"@id":"https:\/\/clavreuil-wordpress.logiciel-arteo.fr\/en\/experiences-et-demonstrations-faites-a-lhopital-de-la-salpetriere-a-s-come-en-presence-de-lacademie-royale-de-chirurgie-pour-servir-de-suite-et-de-preuves-a-lessai-sur-les-maladies-des\/#primaryimage"},"image":{"@id":"https:\/\/clavreuil-wordpress.logiciel-arteo.fr\/en\/experiences-et-demonstrations-faites-a-lhopital-de-la-salpetriere-a-s-come-en-presence-de-lacademie-royale-de-chirurgie-pour-servir-de-suite-et-de-preuves-a-lessai-sur-les-maladies-des\/#primaryimage"},"thumbnailUrl":"https:\/\/clavreuil-wordpress.logiciel-arteo.fr\/wp-content\/uploads\/2024\/04\/robert-bunon-experiences-et-demonstrations-faites-a-l-hopital-de-la-salpetriere-a-s-come-en-presence-de-l-academie-royale-de-chirurgie-pour-servir-de--scaled.jpg","datePublished":"2024-04-19T14:06:02+00:00","dateModified":"2024-04-22T13:17:15+00:00","breadcrumb":{"@id":"https:\/\/clavreuil-wordpress.logiciel-arteo.fr\/en\/experiences-et-demonstrations-faites-a-lhopital-de-la-salpetriere-a-s-come-en-presence-de-lacademie-royale-de-chirurgie-pour-servir-de-suite-et-de-preuves-a-lessai-sur-les-maladies-des\/#breadcrumb"},"inLanguage":"en-US","potentialAction":[{"@type":"ReadAction","target":["https:\/\/clavreuil-wordpress.logiciel-arteo.fr\/en\/experiences-et-demonstrations-faites-a-lhopital-de-la-salpetriere-a-s-come-en-presence-de-lacademie-royale-de-chirurgie-pour-servir-de-suite-et-de-preuves-a-lessai-sur-les-maladies-des\/"]}]},{"@type":"ImageObject","inLanguage":"en-US","@id":"https:\/\/clavreuil-wordpress.logiciel-arteo.fr\/en\/experiences-et-demonstrations-faites-a-lhopital-de-la-salpetriere-a-s-come-en-presence-de-lacademie-royale-de-chirurgie-pour-servir-de-suite-et-de-preuves-a-lessai-sur-les-maladies-des\/#primaryimage","url":"https:\/\/clavreuil-wordpress.logiciel-arteo.fr\/wp-content\/uploads\/2024\/04\/robert-bunon-experiences-et-demonstrations-faites-a-l-hopital-de-la-salpetriere-a-s-come-en-presence-de-l-academie-royale-de-chirurgie-pour-servir-de--scaled.jpg","contentUrl":"https:\/\/clavreuil-wordpress.logiciel-arteo.fr\/wp-content\/uploads\/2024\/04\/robert-bunon-experiences-et-demonstrations-faites-a-l-hopital-de-la-salpetriere-a-s-come-en-presence-de-l-academie-royale-de-chirurgie-pour-servir-de--scaled.jpg","width":1920,"height":2560},{"@type":"BreadcrumbList","@id":"https:\/\/clavreuil-wordpress.logiciel-arteo.fr\/en\/experiences-et-demonstrations-faites-a-lhopital-de-la-salpetriere-a-s-come-en-presence-de-lacademie-royale-de-chirurgie-pour-servir-de-suite-et-de-preuves-a-lessai-sur-les-maladies-des\/#breadcrumb","itemListElement":[{"@type":"ListItem","position":1,"name":"Accueil","item":"https:\/\/clavreuil-wordpress.logiciel-arteo.fr\/"},{"@type":"ListItem","position":2,"name":"All our books","item":"https:\/\/clavreuil-wordpress.logiciel-arteo.fr\/en\/all-our-books\/"},{"@type":"ListItem","position":3,"name":"BUNON Robert Exp\u00e9riences et d\u00e9monstrations Faites \u00e0 l&#8217;H\u00f4pital..."}]},{"@type":"WebSite","@id":"https:\/\/clavreuil-wordpress.logiciel-arteo.fr\/#website","url":"https:\/\/clavreuil-wordpress.logiciel-arteo.fr\/","name":"Libairie Clavreuil","description":"","publisher":{"@id":"https:\/\/clavreuil-wordpress.logiciel-arteo.fr\/#organization"},"potentialAction":[{"@type":"SearchAction","target":{"@type":"EntryPoint","urlTemplate":"https:\/\/clavreuil-wordpress.logiciel-arteo.fr\/?s={search_term_string}"},"query-input":{"@type":"PropertyValueSpecification","valueRequired":true,"valueName":"search_term_string"}}],"inLanguage":"en-US"},{"@type":"Organization","@id":"https:\/\/clavreuil-wordpress.logiciel-arteo.fr\/#organization","name":"Libairie Clavreuil","url":"https:\/\/clavreuil-wordpress.logiciel-arteo.fr\/","logo":{"@type":"ImageObject","inLanguage":"en-US","@id":"https:\/\/clavreuil-wordpress.logiciel-arteo.fr\/#\/schema\/logo\/image\/","url":"https:\/\/clavreuil-wordpress.logiciel-arteo.fr\/wp-content\/uploads\/2021\/05\/LOGO_PNG_DATE-_gold.png","contentUrl":"https:\/\/clavreuil-wordpress.logiciel-arteo.fr\/wp-content\/uploads\/2021\/05\/LOGO_PNG_DATE-_gold.png","width":2083,"height":1917,"caption":"Libairie Clavreuil"},"image":{"@id":"https:\/\/clavreuil-wordpress.logiciel-arteo.fr\/#\/schema\/logo\/image\/"}}]}},"_links":{"self":[{"href":"https:\/\/clavreuil-wordpress.logiciel-arteo.fr\/en\/wp-json\/wp\/v2\/product\/73660","targetHints":{"allow":["GET"]}}],"collection":[{"href":"https:\/\/clavreuil-wordpress.logiciel-arteo.fr\/en\/wp-json\/wp\/v2\/product"}],"about":[{"href":"https:\/\/clavreuil-wordpress.logiciel-arteo.fr\/en\/wp-json\/wp\/v2\/types\/product"}],"replies":[{"embeddable":true,"href":"https:\/\/clavreuil-wordpress.logiciel-arteo.fr\/en\/wp-json\/wp\/v2\/comments?post=73660"}],"wp:featuredmedia":[{"embeddable":true,"href":"https:\/\/clavreuil-wordpress.logiciel-arteo.fr\/en\/wp-json\/wp\/v2\/media\/73655"}],"wp:attachment":[{"href":"https:\/\/clavreuil-wordpress.logiciel-arteo.fr\/en\/wp-json\/wp\/v2\/media?parent=73660"}],"wp:term":[{"taxonomy":"product_brand","embeddable":true,"href":"https:\/\/clavreuil-wordpress.logiciel-arteo.fr\/en\/wp-json\/wp\/v2\/product_brand?post=73660"},{"taxonomy":"product_cat","embeddable":true,"href":"https:\/\/clavreuil-wordpress.logiciel-arteo.fr\/en\/wp-json\/wp\/v2\/product_cat?post=73660"},{"taxonomy":"product_tag","embeddable":true,"href":"https:\/\/clavreuil-wordpress.logiciel-arteo.fr\/en\/wp-json\/wp\/v2\/product_tag?post=73660"}],"curies":[{"name":"wp","href":"https:\/\/api.w.org\/{rel}","templated":true}]}}