{"id":73700,"date":"2024-04-19T16:09:18","date_gmt":"2024-04-19T14:09:18","guid":{"rendered":"https:\/\/clavreuil-wordpress.logiciel-arteo.fr\/traite-de-la-mauvaise-articulation-de-la-parole-ou-apres-avoir-fait-un-denombrement-des-differentes-especes-de-defauts-darticulation-on-rend-raison-de-chacune-par-les-principes-de-la-mechanique\/"},"modified":"2024-04-22T15:02:12","modified_gmt":"2024-04-22T13:02:12","slug":"traite-de-la-mauvaise-articulation-de-la-parole-ou-apres-avoir-fait-un-denombrement-des-differentes-especes-de-defauts-darticulation-on-rend-raison-de-chacune-par-les-principes-de-la-mechanique","status":"publish","type":"product","link":"https:\/\/clavreuil-wordpress.logiciel-arteo.fr\/en\/traite-de-la-mauvaise-articulation-de-la-parole-ou-apres-avoir-fait-un-denombrement-des-differentes-especes-de-defauts-darticulation-on-rend-raison-de-chacune-par-les-principes-de-la-mechanique\/","title":{"rendered":"LAVAUS G Trait\u00e9 de la mauvaise articulation de..."},"content":{"rendered":"<p style=\"text-align:justify\"><em>NLM, p. 686. Not in Waller nor in Wellcome.<\/em><\/p>\n<p style=\"text-align:justify\">First edition, rare, dedicated to Fagon, first surgeon to the King of France.<\/p>\n<p style=\"text-align:justify\">After having divided the difficulties of speech or pronunciation into 30 groups, the author recommends respiratory and masticatory remedies in order to enhance the flux saliva which should lead to better pronunciation.<\/p>\n<p style=\"text-align:justify\">Provenance : Pierre Chirac (his signature on the title page. Pierre Chirac (approx. 1650-1731) was first surgeon to French King Louis XV &#8211; A. Kuhnholtz-Lordat (engraved book plate).<\/p>\n<p style=\"text-align:justify\">Some overall wear.<\/p>\n","protected":false},"excerpt":{"rendered":"<p style=\"text-align:justify\">12mo (153 x 83 mm) 5 nn.ll., 151 pp., 1 nn.l. Contemporary calf, spine gilt with raised bands (some overall wear).<\/p>\n","protected":false},"featured_media":73695,"comment_status":"open","ping_status":"closed","template":"","meta":{"_acf_changed":false},"product_brand":[],"product_cat":[548],"product_tag":[1271,1294],"class_list":{"0":"post-73700","1":"product","2":"type-product","3":"status-publish","4":"has-post-thumbnail","6":"product_cat-medicine","7":"product_tag-medicine","8":"product_tag-organes-2","9":"pa_auteur-g-lavaus-2","10":"pa_type-de-livre-printed-book","12":"first","13":"instock","14":"shipping-taxable","15":"purchasable","16":"product-type-simple"},"acf":[],"yoast_head":"<!-- This site is optimized with the Yoast SEO plugin v24.3 - https:\/\/yoast.com\/wordpress\/plugins\/seo\/ -->\n<title>LAVAUS G Trait\u00e9 de la mauvaise articulation de la parole, ou apr\u00e8s avoir fait un d\u00e9nombrement des diff\u00e9rentes esp\u00e8ces de d\u00e9fauts d&#039;articulation, on rend raison de chacune par les principes de la m\u00e9chanique, &amp; l&#039;on cherche enfin les rem\u00e8des convenables \u00e0 ces d\u00e9fauts. - Libairie Clavreuil<\/title>\n<meta name=\"robots\" content=\"noindex, follow, max-snippet:-1, max-image-preview:large, max-video-preview:-1\" \/>\n<meta property=\"og:locale\" content=\"en_US\" \/>\n<meta property=\"og:type\" content=\"article\" \/>\n<meta property=\"og:title\" content=\"LAVAUS G Trait\u00e9 de la mauvaise articulation de la parole, ou apr\u00e8s avoir fait un d\u00e9nombrement des diff\u00e9rentes esp\u00e8ces de d\u00e9fauts d&#039;articulation, on rend raison de chacune par les principes de la m\u00e9chanique, &amp; l&#039;on cherche enfin les rem\u00e8des convenables \u00e0 ces d\u00e9fauts. - Libairie Clavreuil\" \/>\n<meta property=\"og:description\" content=\"12mo (153 x 83 mm) 5 nn.ll., 151 pp., 1 nn.l. Contemporary calf, spine gilt with raised bands (some overall wear).\" \/>\n<meta property=\"og:url\" content=\"https:\/\/clavreuil-wordpress.logiciel-arteo.fr\/en\/traite-de-la-mauvaise-articulation-de-la-parole-ou-apres-avoir-fait-un-denombrement-des-differentes-especes-de-defauts-darticulation-on-rend-raison-de-chacune-par-les-principes-de-la-mechanique\/\" \/>\n<meta property=\"og:site_name\" content=\"Libairie Clavreuil\" \/>\n<meta property=\"article:modified_time\" content=\"2024-04-22T13:02:12+00:00\" \/>\n<meta property=\"og:image\" content=\"https:\/\/clavreuil-wordpress.logiciel-arteo.fr\/wp-content\/uploads\/2024\/04\/g-lavaus-traite-de-la-mauvaise-articulation-de-la-parole-ou-apres-avoir-fait-un-denombrement-des-differentes-especes-de-defauts-d-articulation-on-rend.jpg\" \/>\n\t<meta property=\"og:image:width\" content=\"1650\" \/>\n\t<meta property=\"og:image:height\" content=\"2200\" \/>\n\t<meta property=\"og:image:type\" content=\"image\/jpeg\" \/>\n<meta name=\"twitter:card\" content=\"summary_large_image\" \/>\n<script type=\"application\/ld+json\" class=\"yoast-schema-graph\">{\"@context\":\"https:\/\/schema.org\",\"@graph\":[{\"@type\":\"WebPage\",\"@id\":\"https:\/\/clavreuil-wordpress.logiciel-arteo.fr\/en\/traite-de-la-mauvaise-articulation-de-la-parole-ou-apres-avoir-fait-un-denombrement-des-differentes-especes-de-defauts-darticulation-on-rend-raison-de-chacune-par-les-principes-de-la-mechanique\/\",\"url\":\"https:\/\/clavreuil-wordpress.logiciel-arteo.fr\/en\/traite-de-la-mauvaise-articulation-de-la-parole-ou-apres-avoir-fait-un-denombrement-des-differentes-especes-de-defauts-darticulation-on-rend-raison-de-chacune-par-les-principes-de-la-mechanique\/\",\"name\":\"LAVAUS G Trait\u00e9 de la mauvaise articulation de la parole, ou apr\u00e8s avoir fait un d\u00e9nombrement des diff\u00e9rentes esp\u00e8ces de d\u00e9fauts d'articulation, on rend raison de chacune par les principes de la m\u00e9chanique, &amp; l'on cherche enfin les rem\u00e8des convenables \u00e0 ces d\u00e9fauts. - Libairie Clavreuil\",\"isPartOf\":{\"@id\":\"https:\/\/clavreuil-wordpress.logiciel-arteo.fr\/#website\"},\"primaryImageOfPage\":{\"@id\":\"https:\/\/clavreuil-wordpress.logiciel-arteo.fr\/en\/traite-de-la-mauvaise-articulation-de-la-parole-ou-apres-avoir-fait-un-denombrement-des-differentes-especes-de-defauts-darticulation-on-rend-raison-de-chacune-par-les-principes-de-la-mechanique\/#primaryimage\"},\"image\":{\"@id\":\"https:\/\/clavreuil-wordpress.logiciel-arteo.fr\/en\/traite-de-la-mauvaise-articulation-de-la-parole-ou-apres-avoir-fait-un-denombrement-des-differentes-especes-de-defauts-darticulation-on-rend-raison-de-chacune-par-les-principes-de-la-mechanique\/#primaryimage\"},\"thumbnailUrl\":\"https:\/\/clavreuil-wordpress.logiciel-arteo.fr\/wp-content\/uploads\/2024\/04\/g-lavaus-traite-de-la-mauvaise-articulation-de-la-parole-ou-apres-avoir-fait-un-denombrement-des-differentes-especes-de-defauts-d-articulation-on-rend.jpg\",\"datePublished\":\"2024-04-19T14:09:18+00:00\",\"dateModified\":\"2024-04-22T13:02:12+00:00\",\"breadcrumb\":{\"@id\":\"https:\/\/clavreuil-wordpress.logiciel-arteo.fr\/en\/traite-de-la-mauvaise-articulation-de-la-parole-ou-apres-avoir-fait-un-denombrement-des-differentes-especes-de-defauts-darticulation-on-rend-raison-de-chacune-par-les-principes-de-la-mechanique\/#breadcrumb\"},\"inLanguage\":\"en-US\",\"potentialAction\":[{\"@type\":\"ReadAction\",\"target\":[\"https:\/\/clavreuil-wordpress.logiciel-arteo.fr\/en\/traite-de-la-mauvaise-articulation-de-la-parole-ou-apres-avoir-fait-un-denombrement-des-differentes-especes-de-defauts-darticulation-on-rend-raison-de-chacune-par-les-principes-de-la-mechanique\/\"]}]},{\"@type\":\"ImageObject\",\"inLanguage\":\"en-US\",\"@id\":\"https:\/\/clavreuil-wordpress.logiciel-arteo.fr\/en\/traite-de-la-mauvaise-articulation-de-la-parole-ou-apres-avoir-fait-un-denombrement-des-differentes-especes-de-defauts-darticulation-on-rend-raison-de-chacune-par-les-principes-de-la-mechanique\/#primaryimage\",\"url\":\"https:\/\/clavreuil-wordpress.logiciel-arteo.fr\/wp-content\/uploads\/2024\/04\/g-lavaus-traite-de-la-mauvaise-articulation-de-la-parole-ou-apres-avoir-fait-un-denombrement-des-differentes-especes-de-defauts-d-articulation-on-rend.jpg\",\"contentUrl\":\"https:\/\/clavreuil-wordpress.logiciel-arteo.fr\/wp-content\/uploads\/2024\/04\/g-lavaus-traite-de-la-mauvaise-articulation-de-la-parole-ou-apres-avoir-fait-un-denombrement-des-differentes-especes-de-defauts-d-articulation-on-rend.jpg\",\"width\":1650,\"height\":2200},{\"@type\":\"BreadcrumbList\",\"@id\":\"https:\/\/clavreuil-wordpress.logiciel-arteo.fr\/en\/traite-de-la-mauvaise-articulation-de-la-parole-ou-apres-avoir-fait-un-denombrement-des-differentes-especes-de-defauts-darticulation-on-rend-raison-de-chacune-par-les-principes-de-la-mechanique\/#breadcrumb\",\"itemListElement\":[{\"@type\":\"ListItem\",\"position\":1,\"name\":\"Accueil\",\"item\":\"https:\/\/clavreuil-wordpress.logiciel-arteo.fr\/\"},{\"@type\":\"ListItem\",\"position\":2,\"name\":\"All our books\",\"item\":\"https:\/\/clavreuil-wordpress.logiciel-arteo.fr\/en\/all-our-books\/\"},{\"@type\":\"ListItem\",\"position\":3,\"name\":\"LAVAUS G Trait\u00e9 de la mauvaise articulation de...\"}]},{\"@type\":\"WebSite\",\"@id\":\"https:\/\/clavreuil-wordpress.logiciel-arteo.fr\/#website\",\"url\":\"https:\/\/clavreuil-wordpress.logiciel-arteo.fr\/\",\"name\":\"Libairie Clavreuil\",\"description\":\"\",\"publisher\":{\"@id\":\"https:\/\/clavreuil-wordpress.logiciel-arteo.fr\/#organization\"},\"potentialAction\":[{\"@type\":\"SearchAction\",\"target\":{\"@type\":\"EntryPoint\",\"urlTemplate\":\"https:\/\/clavreuil-wordpress.logiciel-arteo.fr\/?s={search_term_string}\"},\"query-input\":{\"@type\":\"PropertyValueSpecification\",\"valueRequired\":true,\"valueName\":\"search_term_string\"}}],\"inLanguage\":\"en-US\"},{\"@type\":\"Organization\",\"@id\":\"https:\/\/clavreuil-wordpress.logiciel-arteo.fr\/#organization\",\"name\":\"Libairie Clavreuil\",\"url\":\"https:\/\/clavreuil-wordpress.logiciel-arteo.fr\/\",\"logo\":{\"@type\":\"ImageObject\",\"inLanguage\":\"en-US\",\"@id\":\"https:\/\/clavreuil-wordpress.logiciel-arteo.fr\/#\/schema\/logo\/image\/\",\"url\":\"https:\/\/clavreuil-wordpress.logiciel-arteo.fr\/wp-content\/uploads\/2021\/05\/LOGO_PNG_DATE-_gold.png\",\"contentUrl\":\"https:\/\/clavreuil-wordpress.logiciel-arteo.fr\/wp-content\/uploads\/2021\/05\/LOGO_PNG_DATE-_gold.png\",\"width\":2083,\"height\":1917,\"caption\":\"Libairie Clavreuil\"},\"image\":{\"@id\":\"https:\/\/clavreuil-wordpress.logiciel-arteo.fr\/#\/schema\/logo\/image\/\"}}]}<\/script>\n<!-- \/ Yoast SEO plugin. -->","yoast_head_json":{"title":"LAVAUS G Trait\u00e9 de la mauvaise articulation de la parole, ou apr\u00e8s avoir fait un d\u00e9nombrement des diff\u00e9rentes esp\u00e8ces de d\u00e9fauts d'articulation, on rend raison de chacune par les principes de la m\u00e9chanique, &amp; l'on cherche enfin les rem\u00e8des convenables \u00e0 ces d\u00e9fauts. - Libairie Clavreuil","robots":{"index":"noindex","follow":"follow","max-snippet":"max-snippet:-1","max-image-preview":"max-image-preview:large","max-video-preview":"max-video-preview:-1"},"og_locale":"en_US","og_type":"article","og_title":"LAVAUS G Trait\u00e9 de la mauvaise articulation de la parole, ou apr\u00e8s avoir fait un d\u00e9nombrement des diff\u00e9rentes esp\u00e8ces de d\u00e9fauts d'articulation, on rend raison de chacune par les principes de la m\u00e9chanique, &amp; l'on cherche enfin les rem\u00e8des convenables \u00e0 ces d\u00e9fauts. - Libairie Clavreuil","og_description":"12mo (153 x 83 mm) 5 nn.ll., 151 pp., 1 nn.l. Contemporary calf, spine gilt with raised bands (some overall wear).","og_url":"https:\/\/clavreuil-wordpress.logiciel-arteo.fr\/en\/traite-de-la-mauvaise-articulation-de-la-parole-ou-apres-avoir-fait-un-denombrement-des-differentes-especes-de-defauts-darticulation-on-rend-raison-de-chacune-par-les-principes-de-la-mechanique\/","og_site_name":"Libairie Clavreuil","article_modified_time":"2024-04-22T13:02:12+00:00","og_image":[{"width":1650,"height":2200,"url":"https:\/\/clavreuil-wordpress.logiciel-arteo.fr\/wp-content\/uploads\/2024\/04\/g-lavaus-traite-de-la-mauvaise-articulation-de-la-parole-ou-apres-avoir-fait-un-denombrement-des-differentes-especes-de-defauts-d-articulation-on-rend.jpg","type":"image\/jpeg"}],"twitter_card":"summary_large_image","schema":{"@context":"https:\/\/schema.org","@graph":[{"@type":"WebPage","@id":"https:\/\/clavreuil-wordpress.logiciel-arteo.fr\/en\/traite-de-la-mauvaise-articulation-de-la-parole-ou-apres-avoir-fait-un-denombrement-des-differentes-especes-de-defauts-darticulation-on-rend-raison-de-chacune-par-les-principes-de-la-mechanique\/","url":"https:\/\/clavreuil-wordpress.logiciel-arteo.fr\/en\/traite-de-la-mauvaise-articulation-de-la-parole-ou-apres-avoir-fait-un-denombrement-des-differentes-especes-de-defauts-darticulation-on-rend-raison-de-chacune-par-les-principes-de-la-mechanique\/","name":"LAVAUS G Trait\u00e9 de la mauvaise articulation de la parole, ou apr\u00e8s avoir fait un d\u00e9nombrement des diff\u00e9rentes esp\u00e8ces de d\u00e9fauts d'articulation, on rend raison de chacune par les principes de la m\u00e9chanique, &amp; l'on cherche enfin les rem\u00e8des convenables \u00e0 ces d\u00e9fauts. - Libairie Clavreuil","isPartOf":{"@id":"https:\/\/clavreuil-wordpress.logiciel-arteo.fr\/#website"},"primaryImageOfPage":{"@id":"https:\/\/clavreuil-wordpress.logiciel-arteo.fr\/en\/traite-de-la-mauvaise-articulation-de-la-parole-ou-apres-avoir-fait-un-denombrement-des-differentes-especes-de-defauts-darticulation-on-rend-raison-de-chacune-par-les-principes-de-la-mechanique\/#primaryimage"},"image":{"@id":"https:\/\/clavreuil-wordpress.logiciel-arteo.fr\/en\/traite-de-la-mauvaise-articulation-de-la-parole-ou-apres-avoir-fait-un-denombrement-des-differentes-especes-de-defauts-darticulation-on-rend-raison-de-chacune-par-les-principes-de-la-mechanique\/#primaryimage"},"thumbnailUrl":"https:\/\/clavreuil-wordpress.logiciel-arteo.fr\/wp-content\/uploads\/2024\/04\/g-lavaus-traite-de-la-mauvaise-articulation-de-la-parole-ou-apres-avoir-fait-un-denombrement-des-differentes-especes-de-defauts-d-articulation-on-rend.jpg","datePublished":"2024-04-19T14:09:18+00:00","dateModified":"2024-04-22T13:02:12+00:00","breadcrumb":{"@id":"https:\/\/clavreuil-wordpress.logiciel-arteo.fr\/en\/traite-de-la-mauvaise-articulation-de-la-parole-ou-apres-avoir-fait-un-denombrement-des-differentes-especes-de-defauts-darticulation-on-rend-raison-de-chacune-par-les-principes-de-la-mechanique\/#breadcrumb"},"inLanguage":"en-US","potentialAction":[{"@type":"ReadAction","target":["https:\/\/clavreuil-wordpress.logiciel-arteo.fr\/en\/traite-de-la-mauvaise-articulation-de-la-parole-ou-apres-avoir-fait-un-denombrement-des-differentes-especes-de-defauts-darticulation-on-rend-raison-de-chacune-par-les-principes-de-la-mechanique\/"]}]},{"@type":"ImageObject","inLanguage":"en-US","@id":"https:\/\/clavreuil-wordpress.logiciel-arteo.fr\/en\/traite-de-la-mauvaise-articulation-de-la-parole-ou-apres-avoir-fait-un-denombrement-des-differentes-especes-de-defauts-darticulation-on-rend-raison-de-chacune-par-les-principes-de-la-mechanique\/#primaryimage","url":"https:\/\/clavreuil-wordpress.logiciel-arteo.fr\/wp-content\/uploads\/2024\/04\/g-lavaus-traite-de-la-mauvaise-articulation-de-la-parole-ou-apres-avoir-fait-un-denombrement-des-differentes-especes-de-defauts-d-articulation-on-rend.jpg","contentUrl":"https:\/\/clavreuil-wordpress.logiciel-arteo.fr\/wp-content\/uploads\/2024\/04\/g-lavaus-traite-de-la-mauvaise-articulation-de-la-parole-ou-apres-avoir-fait-un-denombrement-des-differentes-especes-de-defauts-d-articulation-on-rend.jpg","width":1650,"height":2200},{"@type":"BreadcrumbList","@id":"https:\/\/clavreuil-wordpress.logiciel-arteo.fr\/en\/traite-de-la-mauvaise-articulation-de-la-parole-ou-apres-avoir-fait-un-denombrement-des-differentes-especes-de-defauts-darticulation-on-rend-raison-de-chacune-par-les-principes-de-la-mechanique\/#breadcrumb","itemListElement":[{"@type":"ListItem","position":1,"name":"Accueil","item":"https:\/\/clavreuil-wordpress.logiciel-arteo.fr\/"},{"@type":"ListItem","position":2,"name":"All our books","item":"https:\/\/clavreuil-wordpress.logiciel-arteo.fr\/en\/all-our-books\/"},{"@type":"ListItem","position":3,"name":"LAVAUS G Trait\u00e9 de la mauvaise articulation de..."}]},{"@type":"WebSite","@id":"https:\/\/clavreuil-wordpress.logiciel-arteo.fr\/#website","url":"https:\/\/clavreuil-wordpress.logiciel-arteo.fr\/","name":"Libairie Clavreuil","description":"","publisher":{"@id":"https:\/\/clavreuil-wordpress.logiciel-arteo.fr\/#organization"},"potentialAction":[{"@type":"SearchAction","target":{"@type":"EntryPoint","urlTemplate":"https:\/\/clavreuil-wordpress.logiciel-arteo.fr\/?s={search_term_string}"},"query-input":{"@type":"PropertyValueSpecification","valueRequired":true,"valueName":"search_term_string"}}],"inLanguage":"en-US"},{"@type":"Organization","@id":"https:\/\/clavreuil-wordpress.logiciel-arteo.fr\/#organization","name":"Libairie Clavreuil","url":"https:\/\/clavreuil-wordpress.logiciel-arteo.fr\/","logo":{"@type":"ImageObject","inLanguage":"en-US","@id":"https:\/\/clavreuil-wordpress.logiciel-arteo.fr\/#\/schema\/logo\/image\/","url":"https:\/\/clavreuil-wordpress.logiciel-arteo.fr\/wp-content\/uploads\/2021\/05\/LOGO_PNG_DATE-_gold.png","contentUrl":"https:\/\/clavreuil-wordpress.logiciel-arteo.fr\/wp-content\/uploads\/2021\/05\/LOGO_PNG_DATE-_gold.png","width":2083,"height":1917,"caption":"Libairie Clavreuil"},"image":{"@id":"https:\/\/clavreuil-wordpress.logiciel-arteo.fr\/#\/schema\/logo\/image\/"}}]}},"_links":{"self":[{"href":"https:\/\/clavreuil-wordpress.logiciel-arteo.fr\/en\/wp-json\/wp\/v2\/product\/73700","targetHints":{"allow":["GET"]}}],"collection":[{"href":"https:\/\/clavreuil-wordpress.logiciel-arteo.fr\/en\/wp-json\/wp\/v2\/product"}],"about":[{"href":"https:\/\/clavreuil-wordpress.logiciel-arteo.fr\/en\/wp-json\/wp\/v2\/types\/product"}],"replies":[{"embeddable":true,"href":"https:\/\/clavreuil-wordpress.logiciel-arteo.fr\/en\/wp-json\/wp\/v2\/comments?post=73700"}],"wp:featuredmedia":[{"embeddable":true,"href":"https:\/\/clavreuil-wordpress.logiciel-arteo.fr\/en\/wp-json\/wp\/v2\/media\/73695"}],"wp:attachment":[{"href":"https:\/\/clavreuil-wordpress.logiciel-arteo.fr\/en\/wp-json\/wp\/v2\/media?parent=73700"}],"wp:term":[{"taxonomy":"product_brand","embeddable":true,"href":"https:\/\/clavreuil-wordpress.logiciel-arteo.fr\/en\/wp-json\/wp\/v2\/product_brand?post=73700"},{"taxonomy":"product_cat","embeddable":true,"href":"https:\/\/clavreuil-wordpress.logiciel-arteo.fr\/en\/wp-json\/wp\/v2\/product_cat?post=73700"},{"taxonomy":"product_tag","embeddable":true,"href":"https:\/\/clavreuil-wordpress.logiciel-arteo.fr\/en\/wp-json\/wp\/v2\/product_tag?post=73700"}],"curies":[{"name":"wp","href":"https:\/\/api.w.org\/{rel}","templated":true}]}}