{"id":73778,"date":"2024-04-19T17:38:17","date_gmt":"2024-04-19T15:38:17","guid":{"rendered":"https:\/\/clavreuil-wordpress.logiciel-arteo.fr\/theatre-a-lusage-des-jeunes-personnes-stephanie-felicite-du-crest-comtesse-de-genlis\/"},"modified":"2024-04-22T16:07:06","modified_gmt":"2024-04-22T14:07:06","slug":"theatre-a-lusage-des-jeunes-personnes-stephanie-felicite-du-crest-comtesse-de-genlis","status":"publish","type":"product","link":"https:\/\/clavreuil-wordpress.logiciel-arteo.fr\/en\/theatre-a-lusage-des-jeunes-personnes-stephanie-felicite-du-crest-comtesse-de-genlis\/","title":{"rendered":"GENLIS St\u00e9phanie F\u00e9licit\u00e9 du Crest, comtesse de Th\u00e9\u00e2tre..."},"content":{"rendered":"<p style=\"text-align:justify\">First edition.<\/p>\n<p style=\"text-align:justify\">An important educational contribution, written by the Comtesse de Genlis (1746-1830). <em>Le Th&eacute;&acirc;tre &agrave; l&#039;usage des jeunes personnes<\/em> is a four-volume collection of 24 plays that shed light on the social, political and cultural changes that occurred in France before the French Revolution. The two plays in particular, <em>La Marchande de Modes<\/em> and <em>Le Libraire<\/em>, depict the correct behaviour of the bourgeoisie towards the aristocracy and its natural place in the world. These two plays illustrate the educational and political role of Genlis, who attempts to tame the bourgeoisie through the dual argument of correct education and effective parenting, in order to maintain the social order of the Ancien R&eacute;gime in pre-revolutionary France.<\/p>\n<p style=\"text-align:justify\">Contents : Tome I : Agar dans le d&eacute;sert ; La Belle et la b&ecirc;te ; Les Flacons ; L&#039;Isle heureuse ; L&#039;Enfant g&acirc;t&eacute; ; La Curieuse ; Les Dangers du monde. Tome II : L&#039;Aveugle de Spa ; La Colombe ; C&eacute;cile ou le sacrifice de l&#039;amiti&eacute; ; Les Ennemies g&eacute;n&eacute;reuses ; La Bonne m&egrave;re ; L&#039;Intrigante. Tome III : Le Bal d&#039;enfans ; Le Voyageur ; Vathek ; Les Faux amis ; Le Magistrat. Tome IV : La Rosi&egrave;re de Salency ; La Marchande de mode ; La Ling&egrave;re ; Le Libraire ; Le Vrai sage ; Le Portrait.<\/p>\n<p style=\"text-align:justify\">Elegantly bound.<\/p>\n<p style=\"text-align:justify\">Provenance : From the Rohan-Chabot family (armorial corner pieces).<\/p>\n","protected":false},"excerpt":{"rendered":"<p style=\"text-align:justify\">4 volumes, 8vo (190 x 120 mm) 522 pp., 1 nn.l. (approbation) for volume I; 2 nn.ll., 463 pp. for volume II; 2 nn.ll., 435 pp. for volume III; 2 nn.ll., 411 pp. for&nbsp; volume IV. Contemporay plished calf, armorial tools of the Rohan-Chabot family in the corners, flat spine, gilt, red edges (spines slightly faded, somewhat rubbed).<\/p>\n","protected":false},"featured_media":73773,"comment_status":"open","ping_status":"closed","template":"","meta":{"_acf_changed":false},"product_brand":[],"product_cat":[544],"product_tag":[1255],"class_list":{"0":"post-73778","1":"product","2":"type-product","3":"status-publish","4":"has-post-thumbnail","6":"product_cat-literature","7":"product_tag-theatre-dance","8":"pa_auteur-stephanie-felicite-du-crest-comtesse-de-genlis-2","9":"pa_type-de-livre-printed-book","11":"first","12":"instock","13":"shipping-taxable","14":"purchasable","15":"product-type-simple"},"acf":[],"yoast_head":"<!-- This site is optimized with the Yoast SEO plugin v24.3 - https:\/\/yoast.com\/wordpress\/plugins\/seo\/ -->\n<title>GENLIS St\u00e9phanie F\u00e9licit\u00e9 du Crest, comtesse de Th\u00e9\u00e2tre \u00e0 l&#039;usage des jeunes personnes. - Libairie Clavreuil<\/title>\n<meta name=\"robots\" content=\"noindex, follow, max-snippet:-1, max-image-preview:large, max-video-preview:-1\" \/>\n<meta property=\"og:locale\" content=\"en_US\" \/>\n<meta property=\"og:type\" content=\"article\" \/>\n<meta property=\"og:title\" content=\"GENLIS St\u00e9phanie F\u00e9licit\u00e9 du Crest, comtesse de Th\u00e9\u00e2tre \u00e0 l&#039;usage des jeunes personnes. - Libairie Clavreuil\" \/>\n<meta property=\"og:description\" content=\"4 volumes, 8vo (190 x 120 mm) 522 pp., 1 nn.l. (approbation) for volume I; 2 nn.ll., 463 pp. for volume II; 2 nn.ll., 435 pp. for volume III; 2 nn.ll., 411 pp. for&nbsp; volume IV. Contemporay plished calf, armorial tools of the Rohan-Chabot family in the corners, flat spine, gilt, red edges (spines slightly faded, somewhat rubbed).\" \/>\n<meta property=\"og:url\" content=\"https:\/\/clavreuil-wordpress.logiciel-arteo.fr\/en\/theatre-a-lusage-des-jeunes-personnes-stephanie-felicite-du-crest-comtesse-de-genlis\/\" \/>\n<meta property=\"og:site_name\" content=\"Libairie Clavreuil\" \/>\n<meta property=\"article:modified_time\" content=\"2024-04-22T14:07:06+00:00\" \/>\n<meta property=\"og:image\" content=\"https:\/\/clavreuil-wordpress.logiciel-arteo.fr\/wp-content\/uploads\/2024\/04\/stephanie-felicite-du-crest-comtesse-de-genlis-theatre-a-l-usage-des-jeunes-personnes-7753-65aea6a289c0b-scaled.jpg\" \/>\n\t<meta property=\"og:image:width\" content=\"1920\" \/>\n\t<meta property=\"og:image:height\" content=\"2560\" \/>\n\t<meta property=\"og:image:type\" content=\"image\/jpeg\" \/>\n<meta name=\"twitter:card\" content=\"summary_large_image\" \/>\n<meta name=\"twitter:label1\" content=\"Est. reading time\" \/>\n\t<meta name=\"twitter:data1\" content=\"1 minute\" \/>\n<script type=\"application\/ld+json\" class=\"yoast-schema-graph\">{\"@context\":\"https:\/\/schema.org\",\"@graph\":[{\"@type\":\"WebPage\",\"@id\":\"https:\/\/clavreuil-wordpress.logiciel-arteo.fr\/en\/theatre-a-lusage-des-jeunes-personnes-stephanie-felicite-du-crest-comtesse-de-genlis\/\",\"url\":\"https:\/\/clavreuil-wordpress.logiciel-arteo.fr\/en\/theatre-a-lusage-des-jeunes-personnes-stephanie-felicite-du-crest-comtesse-de-genlis\/\",\"name\":\"GENLIS St\u00e9phanie F\u00e9licit\u00e9 du Crest, comtesse de Th\u00e9\u00e2tre \u00e0 l'usage des jeunes personnes. - Libairie Clavreuil\",\"isPartOf\":{\"@id\":\"https:\/\/clavreuil-wordpress.logiciel-arteo.fr\/#website\"},\"primaryImageOfPage\":{\"@id\":\"https:\/\/clavreuil-wordpress.logiciel-arteo.fr\/en\/theatre-a-lusage-des-jeunes-personnes-stephanie-felicite-du-crest-comtesse-de-genlis\/#primaryimage\"},\"image\":{\"@id\":\"https:\/\/clavreuil-wordpress.logiciel-arteo.fr\/en\/theatre-a-lusage-des-jeunes-personnes-stephanie-felicite-du-crest-comtesse-de-genlis\/#primaryimage\"},\"thumbnailUrl\":\"https:\/\/clavreuil-wordpress.logiciel-arteo.fr\/wp-content\/uploads\/2024\/04\/stephanie-felicite-du-crest-comtesse-de-genlis-theatre-a-l-usage-des-jeunes-personnes-7753-65aea6a289c0b-scaled.jpg\",\"datePublished\":\"2024-04-19T15:38:17+00:00\",\"dateModified\":\"2024-04-22T14:07:06+00:00\",\"breadcrumb\":{\"@id\":\"https:\/\/clavreuil-wordpress.logiciel-arteo.fr\/en\/theatre-a-lusage-des-jeunes-personnes-stephanie-felicite-du-crest-comtesse-de-genlis\/#breadcrumb\"},\"inLanguage\":\"en-US\",\"potentialAction\":[{\"@type\":\"ReadAction\",\"target\":[\"https:\/\/clavreuil-wordpress.logiciel-arteo.fr\/en\/theatre-a-lusage-des-jeunes-personnes-stephanie-felicite-du-crest-comtesse-de-genlis\/\"]}]},{\"@type\":\"ImageObject\",\"inLanguage\":\"en-US\",\"@id\":\"https:\/\/clavreuil-wordpress.logiciel-arteo.fr\/en\/theatre-a-lusage-des-jeunes-personnes-stephanie-felicite-du-crest-comtesse-de-genlis\/#primaryimage\",\"url\":\"https:\/\/clavreuil-wordpress.logiciel-arteo.fr\/wp-content\/uploads\/2024\/04\/stephanie-felicite-du-crest-comtesse-de-genlis-theatre-a-l-usage-des-jeunes-personnes-7753-65aea6a289c0b-scaled.jpg\",\"contentUrl\":\"https:\/\/clavreuil-wordpress.logiciel-arteo.fr\/wp-content\/uploads\/2024\/04\/stephanie-felicite-du-crest-comtesse-de-genlis-theatre-a-l-usage-des-jeunes-personnes-7753-65aea6a289c0b-scaled.jpg\",\"width\":1920,\"height\":2560},{\"@type\":\"BreadcrumbList\",\"@id\":\"https:\/\/clavreuil-wordpress.logiciel-arteo.fr\/en\/theatre-a-lusage-des-jeunes-personnes-stephanie-felicite-du-crest-comtesse-de-genlis\/#breadcrumb\",\"itemListElement\":[{\"@type\":\"ListItem\",\"position\":1,\"name\":\"Accueil\",\"item\":\"https:\/\/clavreuil-wordpress.logiciel-arteo.fr\/\"},{\"@type\":\"ListItem\",\"position\":2,\"name\":\"All our books\",\"item\":\"https:\/\/clavreuil-wordpress.logiciel-arteo.fr\/en\/all-our-books\/\"},{\"@type\":\"ListItem\",\"position\":3,\"name\":\"GENLIS St\u00e9phanie F\u00e9licit\u00e9 du Crest, comtesse de Th\u00e9\u00e2tre...\"}]},{\"@type\":\"WebSite\",\"@id\":\"https:\/\/clavreuil-wordpress.logiciel-arteo.fr\/#website\",\"url\":\"https:\/\/clavreuil-wordpress.logiciel-arteo.fr\/\",\"name\":\"Libairie Clavreuil\",\"description\":\"\",\"publisher\":{\"@id\":\"https:\/\/clavreuil-wordpress.logiciel-arteo.fr\/#organization\"},\"potentialAction\":[{\"@type\":\"SearchAction\",\"target\":{\"@type\":\"EntryPoint\",\"urlTemplate\":\"https:\/\/clavreuil-wordpress.logiciel-arteo.fr\/?s={search_term_string}\"},\"query-input\":{\"@type\":\"PropertyValueSpecification\",\"valueRequired\":true,\"valueName\":\"search_term_string\"}}],\"inLanguage\":\"en-US\"},{\"@type\":\"Organization\",\"@id\":\"https:\/\/clavreuil-wordpress.logiciel-arteo.fr\/#organization\",\"name\":\"Libairie Clavreuil\",\"url\":\"https:\/\/clavreuil-wordpress.logiciel-arteo.fr\/\",\"logo\":{\"@type\":\"ImageObject\",\"inLanguage\":\"en-US\",\"@id\":\"https:\/\/clavreuil-wordpress.logiciel-arteo.fr\/#\/schema\/logo\/image\/\",\"url\":\"https:\/\/clavreuil-wordpress.logiciel-arteo.fr\/wp-content\/uploads\/2021\/05\/LOGO_PNG_DATE-_gold.png\",\"contentUrl\":\"https:\/\/clavreuil-wordpress.logiciel-arteo.fr\/wp-content\/uploads\/2021\/05\/LOGO_PNG_DATE-_gold.png\",\"width\":2083,\"height\":1917,\"caption\":\"Libairie Clavreuil\"},\"image\":{\"@id\":\"https:\/\/clavreuil-wordpress.logiciel-arteo.fr\/#\/schema\/logo\/image\/\"}}]}<\/script>\n<!-- \/ Yoast SEO plugin. -->","yoast_head_json":{"title":"GENLIS St\u00e9phanie F\u00e9licit\u00e9 du Crest, comtesse de Th\u00e9\u00e2tre \u00e0 l'usage des jeunes personnes. - Libairie Clavreuil","robots":{"index":"noindex","follow":"follow","max-snippet":"max-snippet:-1","max-image-preview":"max-image-preview:large","max-video-preview":"max-video-preview:-1"},"og_locale":"en_US","og_type":"article","og_title":"GENLIS St\u00e9phanie F\u00e9licit\u00e9 du Crest, comtesse de Th\u00e9\u00e2tre \u00e0 l'usage des jeunes personnes. - Libairie Clavreuil","og_description":"4 volumes, 8vo (190 x 120 mm) 522 pp., 1 nn.l. (approbation) for volume I; 2 nn.ll., 463 pp. for volume II; 2 nn.ll., 435 pp. for volume III; 2 nn.ll., 411 pp. for&nbsp; volume IV. Contemporay plished calf, armorial tools of the Rohan-Chabot family in the corners, flat spine, gilt, red edges (spines slightly faded, somewhat rubbed).","og_url":"https:\/\/clavreuil-wordpress.logiciel-arteo.fr\/en\/theatre-a-lusage-des-jeunes-personnes-stephanie-felicite-du-crest-comtesse-de-genlis\/","og_site_name":"Libairie Clavreuil","article_modified_time":"2024-04-22T14:07:06+00:00","og_image":[{"width":1920,"height":2560,"url":"https:\/\/clavreuil-wordpress.logiciel-arteo.fr\/wp-content\/uploads\/2024\/04\/stephanie-felicite-du-crest-comtesse-de-genlis-theatre-a-l-usage-des-jeunes-personnes-7753-65aea6a289c0b-scaled.jpg","type":"image\/jpeg"}],"twitter_card":"summary_large_image","twitter_misc":{"Est. reading time":"1 minute"},"schema":{"@context":"https:\/\/schema.org","@graph":[{"@type":"WebPage","@id":"https:\/\/clavreuil-wordpress.logiciel-arteo.fr\/en\/theatre-a-lusage-des-jeunes-personnes-stephanie-felicite-du-crest-comtesse-de-genlis\/","url":"https:\/\/clavreuil-wordpress.logiciel-arteo.fr\/en\/theatre-a-lusage-des-jeunes-personnes-stephanie-felicite-du-crest-comtesse-de-genlis\/","name":"GENLIS St\u00e9phanie F\u00e9licit\u00e9 du Crest, comtesse de Th\u00e9\u00e2tre \u00e0 l'usage des jeunes personnes. - Libairie Clavreuil","isPartOf":{"@id":"https:\/\/clavreuil-wordpress.logiciel-arteo.fr\/#website"},"primaryImageOfPage":{"@id":"https:\/\/clavreuil-wordpress.logiciel-arteo.fr\/en\/theatre-a-lusage-des-jeunes-personnes-stephanie-felicite-du-crest-comtesse-de-genlis\/#primaryimage"},"image":{"@id":"https:\/\/clavreuil-wordpress.logiciel-arteo.fr\/en\/theatre-a-lusage-des-jeunes-personnes-stephanie-felicite-du-crest-comtesse-de-genlis\/#primaryimage"},"thumbnailUrl":"https:\/\/clavreuil-wordpress.logiciel-arteo.fr\/wp-content\/uploads\/2024\/04\/stephanie-felicite-du-crest-comtesse-de-genlis-theatre-a-l-usage-des-jeunes-personnes-7753-65aea6a289c0b-scaled.jpg","datePublished":"2024-04-19T15:38:17+00:00","dateModified":"2024-04-22T14:07:06+00:00","breadcrumb":{"@id":"https:\/\/clavreuil-wordpress.logiciel-arteo.fr\/en\/theatre-a-lusage-des-jeunes-personnes-stephanie-felicite-du-crest-comtesse-de-genlis\/#breadcrumb"},"inLanguage":"en-US","potentialAction":[{"@type":"ReadAction","target":["https:\/\/clavreuil-wordpress.logiciel-arteo.fr\/en\/theatre-a-lusage-des-jeunes-personnes-stephanie-felicite-du-crest-comtesse-de-genlis\/"]}]},{"@type":"ImageObject","inLanguage":"en-US","@id":"https:\/\/clavreuil-wordpress.logiciel-arteo.fr\/en\/theatre-a-lusage-des-jeunes-personnes-stephanie-felicite-du-crest-comtesse-de-genlis\/#primaryimage","url":"https:\/\/clavreuil-wordpress.logiciel-arteo.fr\/wp-content\/uploads\/2024\/04\/stephanie-felicite-du-crest-comtesse-de-genlis-theatre-a-l-usage-des-jeunes-personnes-7753-65aea6a289c0b-scaled.jpg","contentUrl":"https:\/\/clavreuil-wordpress.logiciel-arteo.fr\/wp-content\/uploads\/2024\/04\/stephanie-felicite-du-crest-comtesse-de-genlis-theatre-a-l-usage-des-jeunes-personnes-7753-65aea6a289c0b-scaled.jpg","width":1920,"height":2560},{"@type":"BreadcrumbList","@id":"https:\/\/clavreuil-wordpress.logiciel-arteo.fr\/en\/theatre-a-lusage-des-jeunes-personnes-stephanie-felicite-du-crest-comtesse-de-genlis\/#breadcrumb","itemListElement":[{"@type":"ListItem","position":1,"name":"Accueil","item":"https:\/\/clavreuil-wordpress.logiciel-arteo.fr\/"},{"@type":"ListItem","position":2,"name":"All our books","item":"https:\/\/clavreuil-wordpress.logiciel-arteo.fr\/en\/all-our-books\/"},{"@type":"ListItem","position":3,"name":"GENLIS St\u00e9phanie F\u00e9licit\u00e9 du Crest, comtesse de Th\u00e9\u00e2tre..."}]},{"@type":"WebSite","@id":"https:\/\/clavreuil-wordpress.logiciel-arteo.fr\/#website","url":"https:\/\/clavreuil-wordpress.logiciel-arteo.fr\/","name":"Libairie Clavreuil","description":"","publisher":{"@id":"https:\/\/clavreuil-wordpress.logiciel-arteo.fr\/#organization"},"potentialAction":[{"@type":"SearchAction","target":{"@type":"EntryPoint","urlTemplate":"https:\/\/clavreuil-wordpress.logiciel-arteo.fr\/?s={search_term_string}"},"query-input":{"@type":"PropertyValueSpecification","valueRequired":true,"valueName":"search_term_string"}}],"inLanguage":"en-US"},{"@type":"Organization","@id":"https:\/\/clavreuil-wordpress.logiciel-arteo.fr\/#organization","name":"Libairie Clavreuil","url":"https:\/\/clavreuil-wordpress.logiciel-arteo.fr\/","logo":{"@type":"ImageObject","inLanguage":"en-US","@id":"https:\/\/clavreuil-wordpress.logiciel-arteo.fr\/#\/schema\/logo\/image\/","url":"https:\/\/clavreuil-wordpress.logiciel-arteo.fr\/wp-content\/uploads\/2021\/05\/LOGO_PNG_DATE-_gold.png","contentUrl":"https:\/\/clavreuil-wordpress.logiciel-arteo.fr\/wp-content\/uploads\/2021\/05\/LOGO_PNG_DATE-_gold.png","width":2083,"height":1917,"caption":"Libairie Clavreuil"},"image":{"@id":"https:\/\/clavreuil-wordpress.logiciel-arteo.fr\/#\/schema\/logo\/image\/"}}]}},"_links":{"self":[{"href":"https:\/\/clavreuil-wordpress.logiciel-arteo.fr\/en\/wp-json\/wp\/v2\/product\/73778","targetHints":{"allow":["GET"]}}],"collection":[{"href":"https:\/\/clavreuil-wordpress.logiciel-arteo.fr\/en\/wp-json\/wp\/v2\/product"}],"about":[{"href":"https:\/\/clavreuil-wordpress.logiciel-arteo.fr\/en\/wp-json\/wp\/v2\/types\/product"}],"replies":[{"embeddable":true,"href":"https:\/\/clavreuil-wordpress.logiciel-arteo.fr\/en\/wp-json\/wp\/v2\/comments?post=73778"}],"wp:featuredmedia":[{"embeddable":true,"href":"https:\/\/clavreuil-wordpress.logiciel-arteo.fr\/en\/wp-json\/wp\/v2\/media\/73773"}],"wp:attachment":[{"href":"https:\/\/clavreuil-wordpress.logiciel-arteo.fr\/en\/wp-json\/wp\/v2\/media?parent=73778"}],"wp:term":[{"taxonomy":"product_brand","embeddable":true,"href":"https:\/\/clavreuil-wordpress.logiciel-arteo.fr\/en\/wp-json\/wp\/v2\/product_brand?post=73778"},{"taxonomy":"product_cat","embeddable":true,"href":"https:\/\/clavreuil-wordpress.logiciel-arteo.fr\/en\/wp-json\/wp\/v2\/product_cat?post=73778"},{"taxonomy":"product_tag","embeddable":true,"href":"https:\/\/clavreuil-wordpress.logiciel-arteo.fr\/en\/wp-json\/wp\/v2\/product_tag?post=73778"}],"curies":[{"name":"wp","href":"https:\/\/api.w.org\/{rel}","templated":true}]}}