{"id":73802,"date":"2024-04-19T17:48:53","date_gmt":"2024-04-19T15:48:53","guid":{"rendered":"https:\/\/clavreuil-wordpress.logiciel-arteo.fr\/histoire-des-ordres-monastiques-religieux-et-militaires-et-des-congregations-seculiers-de-lun-de-lautre-sexe-qui-ont-ete-etablis-jusqua-present-contenant-leur-origine-leur-fondation-l\/"},"modified":"2024-04-22T16:06:23","modified_gmt":"2024-04-22T14:06:23","slug":"histoire-des-ordres-monastiques-religieux-et-militaires-et-des-congregations-seculiers-de-lun-de-lautre-sexe-qui-ont-ete-etablis-jusqua-present-contenant-leur-origine-leur-fondation-l","status":"publish","type":"product","link":"https:\/\/clavreuil-wordpress.logiciel-arteo.fr\/en\/histoire-des-ordres-monastiques-religieux-et-militaires-et-des-congregations-seculiers-de-lun-de-lautre-sexe-qui-ont-ete-etablis-jusqua-present-contenant-leur-origine-leur-fondation-l\/","title":{"rendered":"HELYOT le p\u00e8re Histoire des ordres monastiques religieux..."},"content":{"rendered":"<p><em>Brunet, III, 92 ; Colas, 1418 (mentions only 98 plates for volume VIII, otherwise the collation is consistent).<\/em><\/p>\n<p>Reissue of the original edition, richly decorated with 811 plates, all but 3 illustrating the costumes of religious and secular orders.<\/p>\n<p>&quot;Ouvrage tr&egrave;s recherch&eacute;, et dont les exemplaires bien conserv&eacute;s sont rares et chers&quot; (Brunet).<\/p>\n<p>Father Pierre Helyot entered the Franciscan Third Order of the monastery of Picpus, founded by his father Canon J&eacute;r&ocirc;me Helyot. His Histoire des ordres monastiques is the result of twenty-five years of work. The book was begun by Father H&eacute;lyot and continued by Father Bullot. Crowned with great success, the Histoire des ordres was translated into Italian in 1737, and into German in 1753. &quot;Les planches sont fort bien grav&eacute;es par Cl. Duflos, P. Giffart, de Poilly et Thomassin&quot; (Colas).<\/p>\n<p>The plate 49 of volume V is missing (Benedictine nuns of la Roseray), small worm gallery in volume VII; binding slightly rubbed, small wormholes in the spine of volume V.<\/p>\n","protected":false},"excerpt":{"rendered":"<p style=\"text-align:justify\">8 volume 4to (252 x 197 mm), LXXXVIII pp., 2 unn.l (table), 399 pp., 10 unn.l. (table and approbation), 102 engraved plates for the first volume I ; 4 l., 436 pp., 15 unn.l, 119 engraved plates for the volume II ; XVI pp., 4 unn.l., 456 pp., 24 unn.l.,120 numbered plates (1-117, 29*, 29**, 64*) and engraved for the volume III ; 4 unn.l., 464 pp., 21 unn.l., 113 numbered plates (1-112, 45*) et grav&eacute;es pour le volume IV ; 3 unn.l., 488 pp., 10 unn.l., 86 plates (on 87, the plate n&deg;49 is missing) numbered and engraved for the volume V ; 4 unn.l., 446 pp., 13 unn.l., 100 numbered and engraved plates for the volume VI ; 4 unn.l., 493 pp., 17 unn.l., 71 plates (numbered 1-71) for the volume VII ; 4 unn.l., 446 pp., 19 unn.l., 99 numbered and engraved plates for the volume VIII. Polished calf, Rohan-Chabot coat of arms on the corners, spine with raised bands, red edges (<em>contemporary binding<\/em>).<\/p>\n","protected":false},"featured_media":73789,"comment_status":"open","ping_status":"closed","template":"","meta":{"_acf_changed":false},"product_brand":[],"product_cat":[544],"product_tag":[1265,1260,1256],"class_list":{"0":"post-73802","1":"product","2":"type-product","3":"status-publish","4":"has-post-thumbnail","6":"product_cat-literature","7":"product_tag-christianity","8":"product_tag-costumes-2","9":"product_tag-protestantism","10":"pa_auteur-le-pere-helyot-2","11":"pa_type-de-livre-printed-book","13":"first","14":"instock","15":"shipping-taxable","16":"purchasable","17":"product-type-simple"},"acf":[],"yoast_head":"<!-- This site is optimized with the Yoast SEO plugin v24.3 - https:\/\/yoast.com\/wordpress\/plugins\/seo\/ -->\n<title>HELYOT le p\u00e8re Histoire des ordres monastiques religieux et militaires, et des congr\u00e9gations s\u00e9culiers de l&#039;un &amp; de l&#039;autre sexe, qui ont \u00e9t\u00e9 \u00e9tablis jusqu&#039;\u00e0 pr\u00e9sent. Contenant leur origine, leur fondation, leurs progr\u00e8s, les \u00e9v\u00e9nemens les plus consid\u00e9rables qui y sont arriv\u00e9s... - Libairie Clavreuil<\/title>\n<meta name=\"robots\" content=\"noindex, follow, max-snippet:-1, max-image-preview:large, max-video-preview:-1\" \/>\n<meta property=\"og:locale\" content=\"en_US\" \/>\n<meta property=\"og:type\" content=\"article\" \/>\n<meta property=\"og:title\" content=\"HELYOT le p\u00e8re Histoire des ordres monastiques religieux et militaires, et des congr\u00e9gations s\u00e9culiers de l&#039;un &amp; de l&#039;autre sexe, qui ont \u00e9t\u00e9 \u00e9tablis jusqu&#039;\u00e0 pr\u00e9sent. Contenant leur origine, leur fondation, leurs progr\u00e8s, les \u00e9v\u00e9nemens les plus consid\u00e9rables qui y sont arriv\u00e9s... - Libairie Clavreuil\" \/>\n<meta property=\"og:description\" content=\"8 volume 4to (252 x 197 mm), LXXXVIII pp., 2 unn.l (table), 399 pp., 10 unn.l. (table and approbation), 102 engraved plates for the first volume I ; 4 l., 436 pp., 15 unn.l, 119 engraved plates for the volume II ; XVI pp., 4 unn.l., 456 pp., 24 unn.l.,120 numbered plates (1-117, 29*, 29**, 64*) and engraved for the volume III ; 4 unn.l., 464 pp., 21 unn.l., 113 numbered plates (1-112, 45*) et grav&eacute;es pour le volume IV ; 3 unn.l., 488 pp., 10 unn.l., 86 plates (on 87, the plate n&deg;49 is missing) numbered and engraved for the volume V ; 4 unn.l., 446 pp., 13 unn.l., 100 numbered and engraved plates for the volume VI ; 4 unn.l., 493 pp., 17 unn.l., 71 plates (numbered 1-71) for the volume VII ; 4 unn.l., 446 pp., 19 unn.l., 99 numbered and engraved plates for the volume VIII. Polished calf, Rohan-Chabot coat of arms on the corners, spine with raised bands, red edges (contemporary binding).\" \/>\n<meta property=\"og:url\" content=\"https:\/\/clavreuil-wordpress.logiciel-arteo.fr\/en\/histoire-des-ordres-monastiques-religieux-et-militaires-et-des-congregations-seculiers-de-lun-de-lautre-sexe-qui-ont-ete-etablis-jusqua-present-contenant-leur-origine-leur-fondation-l\/\" \/>\n<meta property=\"og:site_name\" content=\"Libairie Clavreuil\" \/>\n<meta property=\"article:modified_time\" content=\"2024-04-22T14:06:23+00:00\" \/>\n<meta property=\"og:image\" content=\"https:\/\/clavreuil-wordpress.logiciel-arteo.fr\/wp-content\/uploads\/2024\/04\/le-pere-helyot-histoire-des-ordres-monastiques-religieux-et-militaires-et-des-congregations-seculiers-de-l-un-de-l-autre-sexe-qui-ont-ete-etablis-jusq.jpg\" \/>\n\t<meta property=\"og:image:width\" content=\"888\" \/>\n\t<meta property=\"og:image:height\" content=\"1231\" \/>\n\t<meta property=\"og:image:type\" content=\"image\/jpeg\" \/>\n<meta name=\"twitter:card\" content=\"summary_large_image\" \/>\n<meta name=\"twitter:label1\" content=\"Est. reading time\" \/>\n\t<meta name=\"twitter:data1\" content=\"1 minute\" \/>\n<script type=\"application\/ld+json\" class=\"yoast-schema-graph\">{\"@context\":\"https:\/\/schema.org\",\"@graph\":[{\"@type\":\"WebPage\",\"@id\":\"https:\/\/clavreuil-wordpress.logiciel-arteo.fr\/en\/histoire-des-ordres-monastiques-religieux-et-militaires-et-des-congregations-seculiers-de-lun-de-lautre-sexe-qui-ont-ete-etablis-jusqua-present-contenant-leur-origine-leur-fondation-l\/\",\"url\":\"https:\/\/clavreuil-wordpress.logiciel-arteo.fr\/en\/histoire-des-ordres-monastiques-religieux-et-militaires-et-des-congregations-seculiers-de-lun-de-lautre-sexe-qui-ont-ete-etablis-jusqua-present-contenant-leur-origine-leur-fondation-l\/\",\"name\":\"HELYOT le p\u00e8re Histoire des ordres monastiques religieux et militaires, et des congr\u00e9gations s\u00e9culiers de l'un &amp; de l'autre sexe, qui ont \u00e9t\u00e9 \u00e9tablis jusqu'\u00e0 pr\u00e9sent. Contenant leur origine, leur fondation, leurs progr\u00e8s, les \u00e9v\u00e9nemens les plus consid\u00e9rables qui y sont arriv\u00e9s... - Libairie Clavreuil\",\"isPartOf\":{\"@id\":\"https:\/\/clavreuil-wordpress.logiciel-arteo.fr\/#website\"},\"primaryImageOfPage\":{\"@id\":\"https:\/\/clavreuil-wordpress.logiciel-arteo.fr\/en\/histoire-des-ordres-monastiques-religieux-et-militaires-et-des-congregations-seculiers-de-lun-de-lautre-sexe-qui-ont-ete-etablis-jusqua-present-contenant-leur-origine-leur-fondation-l\/#primaryimage\"},\"image\":{\"@id\":\"https:\/\/clavreuil-wordpress.logiciel-arteo.fr\/en\/histoire-des-ordres-monastiques-religieux-et-militaires-et-des-congregations-seculiers-de-lun-de-lautre-sexe-qui-ont-ete-etablis-jusqua-present-contenant-leur-origine-leur-fondation-l\/#primaryimage\"},\"thumbnailUrl\":\"https:\/\/clavreuil-wordpress.logiciel-arteo.fr\/wp-content\/uploads\/2024\/04\/le-pere-helyot-histoire-des-ordres-monastiques-religieux-et-militaires-et-des-congregations-seculiers-de-l-un-de-l-autre-sexe-qui-ont-ete-etablis-jusq.jpg\",\"datePublished\":\"2024-04-19T15:48:53+00:00\",\"dateModified\":\"2024-04-22T14:06:23+00:00\",\"breadcrumb\":{\"@id\":\"https:\/\/clavreuil-wordpress.logiciel-arteo.fr\/en\/histoire-des-ordres-monastiques-religieux-et-militaires-et-des-congregations-seculiers-de-lun-de-lautre-sexe-qui-ont-ete-etablis-jusqua-present-contenant-leur-origine-leur-fondation-l\/#breadcrumb\"},\"inLanguage\":\"en-US\",\"potentialAction\":[{\"@type\":\"ReadAction\",\"target\":[\"https:\/\/clavreuil-wordpress.logiciel-arteo.fr\/en\/histoire-des-ordres-monastiques-religieux-et-militaires-et-des-congregations-seculiers-de-lun-de-lautre-sexe-qui-ont-ete-etablis-jusqua-present-contenant-leur-origine-leur-fondation-l\/\"]}]},{\"@type\":\"ImageObject\",\"inLanguage\":\"en-US\",\"@id\":\"https:\/\/clavreuil-wordpress.logiciel-arteo.fr\/en\/histoire-des-ordres-monastiques-religieux-et-militaires-et-des-congregations-seculiers-de-lun-de-lautre-sexe-qui-ont-ete-etablis-jusqua-present-contenant-leur-origine-leur-fondation-l\/#primaryimage\",\"url\":\"https:\/\/clavreuil-wordpress.logiciel-arteo.fr\/wp-content\/uploads\/2024\/04\/le-pere-helyot-histoire-des-ordres-monastiques-religieux-et-militaires-et-des-congregations-seculiers-de-l-un-de-l-autre-sexe-qui-ont-ete-etablis-jusq.jpg\",\"contentUrl\":\"https:\/\/clavreuil-wordpress.logiciel-arteo.fr\/wp-content\/uploads\/2024\/04\/le-pere-helyot-histoire-des-ordres-monastiques-religieux-et-militaires-et-des-congregations-seculiers-de-l-un-de-l-autre-sexe-qui-ont-ete-etablis-jusq.jpg\",\"width\":888,\"height\":1231},{\"@type\":\"BreadcrumbList\",\"@id\":\"https:\/\/clavreuil-wordpress.logiciel-arteo.fr\/en\/histoire-des-ordres-monastiques-religieux-et-militaires-et-des-congregations-seculiers-de-lun-de-lautre-sexe-qui-ont-ete-etablis-jusqua-present-contenant-leur-origine-leur-fondation-l\/#breadcrumb\",\"itemListElement\":[{\"@type\":\"ListItem\",\"position\":1,\"name\":\"Accueil\",\"item\":\"https:\/\/clavreuil-wordpress.logiciel-arteo.fr\/\"},{\"@type\":\"ListItem\",\"position\":2,\"name\":\"All our books\",\"item\":\"https:\/\/clavreuil-wordpress.logiciel-arteo.fr\/en\/all-our-books\/\"},{\"@type\":\"ListItem\",\"position\":3,\"name\":\"HELYOT le p\u00e8re Histoire des ordres monastiques religieux...\"}]},{\"@type\":\"WebSite\",\"@id\":\"https:\/\/clavreuil-wordpress.logiciel-arteo.fr\/#website\",\"url\":\"https:\/\/clavreuil-wordpress.logiciel-arteo.fr\/\",\"name\":\"Libairie Clavreuil\",\"description\":\"\",\"publisher\":{\"@id\":\"https:\/\/clavreuil-wordpress.logiciel-arteo.fr\/#organization\"},\"potentialAction\":[{\"@type\":\"SearchAction\",\"target\":{\"@type\":\"EntryPoint\",\"urlTemplate\":\"https:\/\/clavreuil-wordpress.logiciel-arteo.fr\/?s={search_term_string}\"},\"query-input\":{\"@type\":\"PropertyValueSpecification\",\"valueRequired\":true,\"valueName\":\"search_term_string\"}}],\"inLanguage\":\"en-US\"},{\"@type\":\"Organization\",\"@id\":\"https:\/\/clavreuil-wordpress.logiciel-arteo.fr\/#organization\",\"name\":\"Libairie Clavreuil\",\"url\":\"https:\/\/clavreuil-wordpress.logiciel-arteo.fr\/\",\"logo\":{\"@type\":\"ImageObject\",\"inLanguage\":\"en-US\",\"@id\":\"https:\/\/clavreuil-wordpress.logiciel-arteo.fr\/#\/schema\/logo\/image\/\",\"url\":\"https:\/\/clavreuil-wordpress.logiciel-arteo.fr\/wp-content\/uploads\/2021\/05\/LOGO_PNG_DATE-_gold.png\",\"contentUrl\":\"https:\/\/clavreuil-wordpress.logiciel-arteo.fr\/wp-content\/uploads\/2021\/05\/LOGO_PNG_DATE-_gold.png\",\"width\":2083,\"height\":1917,\"caption\":\"Libairie Clavreuil\"},\"image\":{\"@id\":\"https:\/\/clavreuil-wordpress.logiciel-arteo.fr\/#\/schema\/logo\/image\/\"}}]}<\/script>\n<!-- \/ Yoast SEO plugin. -->","yoast_head_json":{"title":"HELYOT le p\u00e8re Histoire des ordres monastiques religieux et militaires, et des congr\u00e9gations s\u00e9culiers de l'un &amp; de l'autre sexe, qui ont \u00e9t\u00e9 \u00e9tablis jusqu'\u00e0 pr\u00e9sent. Contenant leur origine, leur fondation, leurs progr\u00e8s, les \u00e9v\u00e9nemens les plus consid\u00e9rables qui y sont arriv\u00e9s... - Libairie Clavreuil","robots":{"index":"noindex","follow":"follow","max-snippet":"max-snippet:-1","max-image-preview":"max-image-preview:large","max-video-preview":"max-video-preview:-1"},"og_locale":"en_US","og_type":"article","og_title":"HELYOT le p\u00e8re Histoire des ordres monastiques religieux et militaires, et des congr\u00e9gations s\u00e9culiers de l'un &amp; de l'autre sexe, qui ont \u00e9t\u00e9 \u00e9tablis jusqu'\u00e0 pr\u00e9sent. Contenant leur origine, leur fondation, leurs progr\u00e8s, les \u00e9v\u00e9nemens les plus consid\u00e9rables qui y sont arriv\u00e9s... - Libairie Clavreuil","og_description":"8 volume 4to (252 x 197 mm), LXXXVIII pp., 2 unn.l (table), 399 pp., 10 unn.l. (table and approbation), 102 engraved plates for the first volume I ; 4 l., 436 pp., 15 unn.l, 119 engraved plates for the volume II ; XVI pp., 4 unn.l., 456 pp., 24 unn.l.,120 numbered plates (1-117, 29*, 29**, 64*) and engraved for the volume III ; 4 unn.l., 464 pp., 21 unn.l., 113 numbered plates (1-112, 45*) et grav&eacute;es pour le volume IV ; 3 unn.l., 488 pp., 10 unn.l., 86 plates (on 87, the plate n&deg;49 is missing) numbered and engraved for the volume V ; 4 unn.l., 446 pp., 13 unn.l., 100 numbered and engraved plates for the volume VI ; 4 unn.l., 493 pp., 17 unn.l., 71 plates (numbered 1-71) for the volume VII ; 4 unn.l., 446 pp., 19 unn.l., 99 numbered and engraved plates for the volume VIII. Polished calf, Rohan-Chabot coat of arms on the corners, spine with raised bands, red edges (contemporary binding).","og_url":"https:\/\/clavreuil-wordpress.logiciel-arteo.fr\/en\/histoire-des-ordres-monastiques-religieux-et-militaires-et-des-congregations-seculiers-de-lun-de-lautre-sexe-qui-ont-ete-etablis-jusqua-present-contenant-leur-origine-leur-fondation-l\/","og_site_name":"Libairie Clavreuil","article_modified_time":"2024-04-22T14:06:23+00:00","og_image":[{"width":888,"height":1231,"url":"https:\/\/clavreuil-wordpress.logiciel-arteo.fr\/wp-content\/uploads\/2024\/04\/le-pere-helyot-histoire-des-ordres-monastiques-religieux-et-militaires-et-des-congregations-seculiers-de-l-un-de-l-autre-sexe-qui-ont-ete-etablis-jusq.jpg","type":"image\/jpeg"}],"twitter_card":"summary_large_image","twitter_misc":{"Est. reading time":"1 minute"},"schema":{"@context":"https:\/\/schema.org","@graph":[{"@type":"WebPage","@id":"https:\/\/clavreuil-wordpress.logiciel-arteo.fr\/en\/histoire-des-ordres-monastiques-religieux-et-militaires-et-des-congregations-seculiers-de-lun-de-lautre-sexe-qui-ont-ete-etablis-jusqua-present-contenant-leur-origine-leur-fondation-l\/","url":"https:\/\/clavreuil-wordpress.logiciel-arteo.fr\/en\/histoire-des-ordres-monastiques-religieux-et-militaires-et-des-congregations-seculiers-de-lun-de-lautre-sexe-qui-ont-ete-etablis-jusqua-present-contenant-leur-origine-leur-fondation-l\/","name":"HELYOT le p\u00e8re Histoire des ordres monastiques religieux et militaires, et des congr\u00e9gations s\u00e9culiers de l'un &amp; de l'autre sexe, qui ont \u00e9t\u00e9 \u00e9tablis jusqu'\u00e0 pr\u00e9sent. Contenant leur origine, leur fondation, leurs progr\u00e8s, les \u00e9v\u00e9nemens les plus consid\u00e9rables qui y sont arriv\u00e9s... - Libairie Clavreuil","isPartOf":{"@id":"https:\/\/clavreuil-wordpress.logiciel-arteo.fr\/#website"},"primaryImageOfPage":{"@id":"https:\/\/clavreuil-wordpress.logiciel-arteo.fr\/en\/histoire-des-ordres-monastiques-religieux-et-militaires-et-des-congregations-seculiers-de-lun-de-lautre-sexe-qui-ont-ete-etablis-jusqua-present-contenant-leur-origine-leur-fondation-l\/#primaryimage"},"image":{"@id":"https:\/\/clavreuil-wordpress.logiciel-arteo.fr\/en\/histoire-des-ordres-monastiques-religieux-et-militaires-et-des-congregations-seculiers-de-lun-de-lautre-sexe-qui-ont-ete-etablis-jusqua-present-contenant-leur-origine-leur-fondation-l\/#primaryimage"},"thumbnailUrl":"https:\/\/clavreuil-wordpress.logiciel-arteo.fr\/wp-content\/uploads\/2024\/04\/le-pere-helyot-histoire-des-ordres-monastiques-religieux-et-militaires-et-des-congregations-seculiers-de-l-un-de-l-autre-sexe-qui-ont-ete-etablis-jusq.jpg","datePublished":"2024-04-19T15:48:53+00:00","dateModified":"2024-04-22T14:06:23+00:00","breadcrumb":{"@id":"https:\/\/clavreuil-wordpress.logiciel-arteo.fr\/en\/histoire-des-ordres-monastiques-religieux-et-militaires-et-des-congregations-seculiers-de-lun-de-lautre-sexe-qui-ont-ete-etablis-jusqua-present-contenant-leur-origine-leur-fondation-l\/#breadcrumb"},"inLanguage":"en-US","potentialAction":[{"@type":"ReadAction","target":["https:\/\/clavreuil-wordpress.logiciel-arteo.fr\/en\/histoire-des-ordres-monastiques-religieux-et-militaires-et-des-congregations-seculiers-de-lun-de-lautre-sexe-qui-ont-ete-etablis-jusqua-present-contenant-leur-origine-leur-fondation-l\/"]}]},{"@type":"ImageObject","inLanguage":"en-US","@id":"https:\/\/clavreuil-wordpress.logiciel-arteo.fr\/en\/histoire-des-ordres-monastiques-religieux-et-militaires-et-des-congregations-seculiers-de-lun-de-lautre-sexe-qui-ont-ete-etablis-jusqua-present-contenant-leur-origine-leur-fondation-l\/#primaryimage","url":"https:\/\/clavreuil-wordpress.logiciel-arteo.fr\/wp-content\/uploads\/2024\/04\/le-pere-helyot-histoire-des-ordres-monastiques-religieux-et-militaires-et-des-congregations-seculiers-de-l-un-de-l-autre-sexe-qui-ont-ete-etablis-jusq.jpg","contentUrl":"https:\/\/clavreuil-wordpress.logiciel-arteo.fr\/wp-content\/uploads\/2024\/04\/le-pere-helyot-histoire-des-ordres-monastiques-religieux-et-militaires-et-des-congregations-seculiers-de-l-un-de-l-autre-sexe-qui-ont-ete-etablis-jusq.jpg","width":888,"height":1231},{"@type":"BreadcrumbList","@id":"https:\/\/clavreuil-wordpress.logiciel-arteo.fr\/en\/histoire-des-ordres-monastiques-religieux-et-militaires-et-des-congregations-seculiers-de-lun-de-lautre-sexe-qui-ont-ete-etablis-jusqua-present-contenant-leur-origine-leur-fondation-l\/#breadcrumb","itemListElement":[{"@type":"ListItem","position":1,"name":"Accueil","item":"https:\/\/clavreuil-wordpress.logiciel-arteo.fr\/"},{"@type":"ListItem","position":2,"name":"All our books","item":"https:\/\/clavreuil-wordpress.logiciel-arteo.fr\/en\/all-our-books\/"},{"@type":"ListItem","position":3,"name":"HELYOT le p\u00e8re Histoire des ordres monastiques religieux..."}]},{"@type":"WebSite","@id":"https:\/\/clavreuil-wordpress.logiciel-arteo.fr\/#website","url":"https:\/\/clavreuil-wordpress.logiciel-arteo.fr\/","name":"Libairie Clavreuil","description":"","publisher":{"@id":"https:\/\/clavreuil-wordpress.logiciel-arteo.fr\/#organization"},"potentialAction":[{"@type":"SearchAction","target":{"@type":"EntryPoint","urlTemplate":"https:\/\/clavreuil-wordpress.logiciel-arteo.fr\/?s={search_term_string}"},"query-input":{"@type":"PropertyValueSpecification","valueRequired":true,"valueName":"search_term_string"}}],"inLanguage":"en-US"},{"@type":"Organization","@id":"https:\/\/clavreuil-wordpress.logiciel-arteo.fr\/#organization","name":"Libairie Clavreuil","url":"https:\/\/clavreuil-wordpress.logiciel-arteo.fr\/","logo":{"@type":"ImageObject","inLanguage":"en-US","@id":"https:\/\/clavreuil-wordpress.logiciel-arteo.fr\/#\/schema\/logo\/image\/","url":"https:\/\/clavreuil-wordpress.logiciel-arteo.fr\/wp-content\/uploads\/2021\/05\/LOGO_PNG_DATE-_gold.png","contentUrl":"https:\/\/clavreuil-wordpress.logiciel-arteo.fr\/wp-content\/uploads\/2021\/05\/LOGO_PNG_DATE-_gold.png","width":2083,"height":1917,"caption":"Libairie Clavreuil"},"image":{"@id":"https:\/\/clavreuil-wordpress.logiciel-arteo.fr\/#\/schema\/logo\/image\/"}}]}},"_links":{"self":[{"href":"https:\/\/clavreuil-wordpress.logiciel-arteo.fr\/en\/wp-json\/wp\/v2\/product\/73802","targetHints":{"allow":["GET"]}}],"collection":[{"href":"https:\/\/clavreuil-wordpress.logiciel-arteo.fr\/en\/wp-json\/wp\/v2\/product"}],"about":[{"href":"https:\/\/clavreuil-wordpress.logiciel-arteo.fr\/en\/wp-json\/wp\/v2\/types\/product"}],"replies":[{"embeddable":true,"href":"https:\/\/clavreuil-wordpress.logiciel-arteo.fr\/en\/wp-json\/wp\/v2\/comments?post=73802"}],"wp:featuredmedia":[{"embeddable":true,"href":"https:\/\/clavreuil-wordpress.logiciel-arteo.fr\/en\/wp-json\/wp\/v2\/media\/73789"}],"wp:attachment":[{"href":"https:\/\/clavreuil-wordpress.logiciel-arteo.fr\/en\/wp-json\/wp\/v2\/media?parent=73802"}],"wp:term":[{"taxonomy":"product_brand","embeddable":true,"href":"https:\/\/clavreuil-wordpress.logiciel-arteo.fr\/en\/wp-json\/wp\/v2\/product_brand?post=73802"},{"taxonomy":"product_cat","embeddable":true,"href":"https:\/\/clavreuil-wordpress.logiciel-arteo.fr\/en\/wp-json\/wp\/v2\/product_cat?post=73802"},{"taxonomy":"product_tag","embeddable":true,"href":"https:\/\/clavreuil-wordpress.logiciel-arteo.fr\/en\/wp-json\/wp\/v2\/product_tag?post=73802"}],"curies":[{"name":"wp","href":"https:\/\/api.w.org\/{rel}","templated":true}]}}