{"id":73814,"date":"2024-04-19T17:51:16","date_gmt":"2024-04-19T15:51:16","guid":{"rendered":"https:\/\/clavreuil-wordpress.logiciel-arteo.fr\/le-cabinet-des-fees-ou-collection-choisie-des-contes-des-fees-et-autres-contes-merveilleux-ornes-de-figures-charles-perrault\/"},"modified":"2024-04-22T16:00:52","modified_gmt":"2024-04-22T14:00:52","slug":"le-cabinet-des-fees-ou-collection-choisie-des-contes-des-fees-et-autres-contes-merveilleux-ornes-de-figures-charles-perrault","status":"publish","type":"product","link":"https:\/\/clavreuil-wordpress.logiciel-arteo.fr\/en\/le-cabinet-des-fees-ou-collection-choisie-des-contes-des-fees-et-autres-contes-merveilleux-ornes-de-figures-charles-perrault\/","title":{"rendered":"PERRAULT Charles Le Cabinet des f\u00e9es, ou Collection..."},"content":{"rendered":"<p style=\"text-align:justify\"><em>Cohen-De Ricci, 198; Ray, n&deg; 46 (pour la suite de seulement 110 planches); Brunet, I, 1440.<\/em><\/p>\n<p style=\"text-align:justify\">&nbsp;<\/p>\n<p style=\"text-align:justify\">The most important corpus of fairy tales published in the 18<sup>th<\/sup> century.<\/p>\n<p style=\"text-align:justify\">It is illustrated with 120 figures engraved after Marillier by Berthet, Biosse, Choffard, Delvaux, de Ghendt, Langlois, Legrand, de Longueil and others.<\/p>\n<p style=\"text-align:justify\">This monumental work brings together the works of some forty authors specialising in the fairytale genre, starting with Charles Perrault and Madame d&#039;Aulnoy, whose early editions had already become extremely rare by the end of the 18<sup>th<\/sup> century. In the first thirty-six volumes, published in 1785 and 1786, this monumental work brings together tales by Perrault, F&eacute;nelon, Madame d&#039;Aulnoy, Jeanne-Marie Leprince de Beaumont (<em>La Belle et la b&ecirc;te<\/em>), Mademoiselle de la Force, Mademoiselle Lheritier, Hamilton, Caylus, Jean-Jacques Rousseau, the <em>Arabian Nights<\/em> translated by Galland, and others.<\/p>\n<p style=\"text-align:justify\">This impressive work of compilation, due to the persistence of Chevalier Charles-Joseph de Mayer (1751-1825), was part of the recent fashion for fairy tales and large collections published by subscription. Beyond the commercial aspect, the compiler had two aims: to safeguard works in danger of being forgotten; and to provide future generations with models and sources of inspiration.<\/p>\n<p style=\"text-align:justify\">Mayer had initially planned to publish thirty volumes at the rate of two per month; thirty-seven were published between 1785 and 1786, to which were added, three years later, the four volumes devoted to oriental tales.<\/p>\n<p style=\"text-align:justify\">&quot;L&#039;entreprise d&#039;inventaire que constitue Le cabinet des f&eacute;es, publi&eacute; par le Chevalier de Mayer de 1785 &agrave; 1789, t&eacute;moigne non seulement du succ&egrave;s &eacute;clatant du genre mais &eacute;galement d&#039;un parti pris &eacute;ditorial en faveur de Perrault. Hi&eacute;rarchisant et organisant en 41 volumes pr&egrave;s de cent ans de contes de f&eacute;es, le Chevalier de Mayer accorde aux textes de ce dernier une place pr&eacute;pond&eacute;rante dans une anthologie paradoxalement constitu&eacute;e d&#039;une majorit&eacute; de contes &eacute;crits par des femmes, contemporaines de Perrault, qui participent &agrave; la constitution du genre dont elles exploitent les ressources nouvelles. Jusqu&#039;au d&eacute;but du XVIIe si&egrave;cle, rares sont les femmes qui prennent la plume&quot; (Esther Benureau, in: <em>Le Conte de f&eacute;es litt&eacute;raire f&eacute;minin de la fin du XVIIe si&egrave;cle,<\/em> M&eacute;moire, Montr&eacute;al 2009).<\/p>\n<p style=\"text-align:justify\">&quot;Dans sa rarissime &eacute;dition de 1785 du Cabinet des f&eacute;es, le chevalier de Mayer a rassembl&eacute; les plus c&eacute;l&egrave;bres et les plus oubli&eacute;s des contes merveilleux que l&rsquo;on racontait, depuis l&rsquo;aube du Moyen Age jusqu&rsquo;&agrave; la veille de la R&eacute;volution, aux enfants de France. Sans h&eacute;siter, il a repris tous les contes publi&eacute;s par Mme d&rsquo;Aulnoy, l&rsquo;&eacute;gale de Charles Perrault&hellip; Les contes de Mme d&rsquo;Aulnoy sont les r&ecirc;ves d&rsquo;une femme. Elle les appelera &laquo; Belle Belle &raquo;, &laquo; L&rsquo;Oranger et l&rsquo;abeille &raquo;, &laquo; Le Rameau d&rsquo;or &raquo;. A ces objets d&rsquo;encre, Mme d&rsquo;Aulnoy donnera de la chair en leur inventant des aventures. Histoires qui moussent comme du champagne, &agrave; faire perdre la t&ecirc;te, ces contes apprennent &agrave; leur lecteur qu&rsquo;il lui faut parfois d&eacute;laisser son c&oelig;ur comme on se perd dans la for&ecirc;t, tout surpris soudain de se retrouver sous les traits d&rsquo;un grillon ou d&rsquo;un sanglier&quot; (&eacute;ditions Picquier).<\/p>\n<p>The illustrations of Cl&eacute;ment-Pierre Marillier (1740-1808), one of the finest draughtsmen of his time, revolutionised the iconography of fairy tales, which with this suite &#8211; exceptional for its evocative power and finesse of execution &#8211; comes of age.<\/p>\n<p>A very good copy, complete with its 120 engraved plates (all volumes contain 3 plates, except volume 37, published without engravings, which contains the complete list of authors of the first 36 volumes).<\/p>\n","protected":false},"excerpt":{"rendered":"<p>41 volumes, 12mo (165 x 100 mm) with 120 engraved plates after Marillier.&nbsp;Half green shagreen with corners, spine gilt with raised bands, marbled edges (<em>19th century binding<\/em>).<\/p>\n","protected":false},"featured_media":73803,"comment_status":"open","ping_status":"closed","template":"","meta":{"_acf_changed":false},"product_brand":[],"product_cat":[544],"product_tag":[1240,1245],"class_list":{"0":"post-73814","1":"product","2":"type-product","3":"status-publish","4":"has-post-thumbnail","6":"product_cat-literature","7":"product_tag-18th-century-illustrations","8":"product_tag-18th-century-literature","9":"pa_auteur-charles-perrault-2","10":"pa_type-de-livre-printed-book","12":"first","13":"instock","14":"shipping-taxable","15":"purchasable","16":"product-type-simple"},"acf":[],"yoast_head":"<!-- This site is optimized with the Yoast SEO plugin v24.3 - https:\/\/yoast.com\/wordpress\/plugins\/seo\/ -->\n<title>PERRAULT Charles Le Cabinet des f\u00e9es, ou Collection choisie des contes des f\u00e9es, et autres contes merveilleux. Orn\u00e9s de figures. - Libairie Clavreuil<\/title>\n<meta name=\"robots\" content=\"noindex, follow, max-snippet:-1, max-image-preview:large, max-video-preview:-1\" \/>\n<meta property=\"og:locale\" content=\"en_US\" \/>\n<meta property=\"og:type\" content=\"article\" \/>\n<meta property=\"og:title\" content=\"PERRAULT Charles Le Cabinet des f\u00e9es, ou Collection choisie des contes des f\u00e9es, et autres contes merveilleux. Orn\u00e9s de figures. - Libairie Clavreuil\" \/>\n<meta property=\"og:description\" content=\"41 volumes, 12mo (165 x 100 mm) with 120 engraved plates after Marillier.&nbsp;Half green shagreen with corners, spine gilt with raised bands, marbled edges (19th century binding).\" \/>\n<meta property=\"og:url\" content=\"https:\/\/clavreuil-wordpress.logiciel-arteo.fr\/en\/le-cabinet-des-fees-ou-collection-choisie-des-contes-des-fees-et-autres-contes-merveilleux-ornes-de-figures-charles-perrault\/\" \/>\n<meta property=\"og:site_name\" content=\"Libairie Clavreuil\" \/>\n<meta property=\"article:modified_time\" content=\"2024-04-22T14:00:52+00:00\" \/>\n<meta property=\"og:image\" content=\"https:\/\/clavreuil-wordpress.logiciel-arteo.fr\/wp-content\/uploads\/2024\/04\/charles-perrault-le-cabinet-des-fees-ou-collection-choisie-des-contes-des-fees-et-autres-contes-merveilleux-ornes-de-figures-7263-65bd17d876a7b.jpg\" \/>\n\t<meta property=\"og:image:width\" content=\"790\" \/>\n\t<meta property=\"og:image:height\" content=\"1231\" \/>\n\t<meta property=\"og:image:type\" content=\"image\/jpeg\" \/>\n<meta name=\"twitter:card\" content=\"summary_large_image\" \/>\n<meta name=\"twitter:label1\" content=\"Est. reading time\" \/>\n\t<meta name=\"twitter:data1\" content=\"3 minutes\" \/>\n<script type=\"application\/ld+json\" class=\"yoast-schema-graph\">{\"@context\":\"https:\/\/schema.org\",\"@graph\":[{\"@type\":\"WebPage\",\"@id\":\"https:\/\/clavreuil-wordpress.logiciel-arteo.fr\/en\/le-cabinet-des-fees-ou-collection-choisie-des-contes-des-fees-et-autres-contes-merveilleux-ornes-de-figures-charles-perrault\/\",\"url\":\"https:\/\/clavreuil-wordpress.logiciel-arteo.fr\/en\/le-cabinet-des-fees-ou-collection-choisie-des-contes-des-fees-et-autres-contes-merveilleux-ornes-de-figures-charles-perrault\/\",\"name\":\"PERRAULT Charles Le Cabinet des f\u00e9es, ou Collection choisie des contes des f\u00e9es, et autres contes merveilleux. Orn\u00e9s de figures. - Libairie Clavreuil\",\"isPartOf\":{\"@id\":\"https:\/\/clavreuil-wordpress.logiciel-arteo.fr\/#website\"},\"primaryImageOfPage\":{\"@id\":\"https:\/\/clavreuil-wordpress.logiciel-arteo.fr\/en\/le-cabinet-des-fees-ou-collection-choisie-des-contes-des-fees-et-autres-contes-merveilleux-ornes-de-figures-charles-perrault\/#primaryimage\"},\"image\":{\"@id\":\"https:\/\/clavreuil-wordpress.logiciel-arteo.fr\/en\/le-cabinet-des-fees-ou-collection-choisie-des-contes-des-fees-et-autres-contes-merveilleux-ornes-de-figures-charles-perrault\/#primaryimage\"},\"thumbnailUrl\":\"https:\/\/clavreuil-wordpress.logiciel-arteo.fr\/wp-content\/uploads\/2024\/04\/charles-perrault-le-cabinet-des-fees-ou-collection-choisie-des-contes-des-fees-et-autres-contes-merveilleux-ornes-de-figures-7263-65bd17d876a7b.jpg\",\"datePublished\":\"2024-04-19T15:51:16+00:00\",\"dateModified\":\"2024-04-22T14:00:52+00:00\",\"breadcrumb\":{\"@id\":\"https:\/\/clavreuil-wordpress.logiciel-arteo.fr\/en\/le-cabinet-des-fees-ou-collection-choisie-des-contes-des-fees-et-autres-contes-merveilleux-ornes-de-figures-charles-perrault\/#breadcrumb\"},\"inLanguage\":\"en-US\",\"potentialAction\":[{\"@type\":\"ReadAction\",\"target\":[\"https:\/\/clavreuil-wordpress.logiciel-arteo.fr\/en\/le-cabinet-des-fees-ou-collection-choisie-des-contes-des-fees-et-autres-contes-merveilleux-ornes-de-figures-charles-perrault\/\"]}]},{\"@type\":\"ImageObject\",\"inLanguage\":\"en-US\",\"@id\":\"https:\/\/clavreuil-wordpress.logiciel-arteo.fr\/en\/le-cabinet-des-fees-ou-collection-choisie-des-contes-des-fees-et-autres-contes-merveilleux-ornes-de-figures-charles-perrault\/#primaryimage\",\"url\":\"https:\/\/clavreuil-wordpress.logiciel-arteo.fr\/wp-content\/uploads\/2024\/04\/charles-perrault-le-cabinet-des-fees-ou-collection-choisie-des-contes-des-fees-et-autres-contes-merveilleux-ornes-de-figures-7263-65bd17d876a7b.jpg\",\"contentUrl\":\"https:\/\/clavreuil-wordpress.logiciel-arteo.fr\/wp-content\/uploads\/2024\/04\/charles-perrault-le-cabinet-des-fees-ou-collection-choisie-des-contes-des-fees-et-autres-contes-merveilleux-ornes-de-figures-7263-65bd17d876a7b.jpg\",\"width\":790,\"height\":1231},{\"@type\":\"BreadcrumbList\",\"@id\":\"https:\/\/clavreuil-wordpress.logiciel-arteo.fr\/en\/le-cabinet-des-fees-ou-collection-choisie-des-contes-des-fees-et-autres-contes-merveilleux-ornes-de-figures-charles-perrault\/#breadcrumb\",\"itemListElement\":[{\"@type\":\"ListItem\",\"position\":1,\"name\":\"Accueil\",\"item\":\"https:\/\/clavreuil-wordpress.logiciel-arteo.fr\/\"},{\"@type\":\"ListItem\",\"position\":2,\"name\":\"All our books\",\"item\":\"https:\/\/clavreuil-wordpress.logiciel-arteo.fr\/en\/all-our-books\/\"},{\"@type\":\"ListItem\",\"position\":3,\"name\":\"PERRAULT Charles Le Cabinet des f\u00e9es, ou Collection...\"}]},{\"@type\":\"WebSite\",\"@id\":\"https:\/\/clavreuil-wordpress.logiciel-arteo.fr\/#website\",\"url\":\"https:\/\/clavreuil-wordpress.logiciel-arteo.fr\/\",\"name\":\"Libairie Clavreuil\",\"description\":\"\",\"publisher\":{\"@id\":\"https:\/\/clavreuil-wordpress.logiciel-arteo.fr\/#organization\"},\"potentialAction\":[{\"@type\":\"SearchAction\",\"target\":{\"@type\":\"EntryPoint\",\"urlTemplate\":\"https:\/\/clavreuil-wordpress.logiciel-arteo.fr\/?s={search_term_string}\"},\"query-input\":{\"@type\":\"PropertyValueSpecification\",\"valueRequired\":true,\"valueName\":\"search_term_string\"}}],\"inLanguage\":\"en-US\"},{\"@type\":\"Organization\",\"@id\":\"https:\/\/clavreuil-wordpress.logiciel-arteo.fr\/#organization\",\"name\":\"Libairie Clavreuil\",\"url\":\"https:\/\/clavreuil-wordpress.logiciel-arteo.fr\/\",\"logo\":{\"@type\":\"ImageObject\",\"inLanguage\":\"en-US\",\"@id\":\"https:\/\/clavreuil-wordpress.logiciel-arteo.fr\/#\/schema\/logo\/image\/\",\"url\":\"https:\/\/clavreuil-wordpress.logiciel-arteo.fr\/wp-content\/uploads\/2021\/05\/LOGO_PNG_DATE-_gold.png\",\"contentUrl\":\"https:\/\/clavreuil-wordpress.logiciel-arteo.fr\/wp-content\/uploads\/2021\/05\/LOGO_PNG_DATE-_gold.png\",\"width\":2083,\"height\":1917,\"caption\":\"Libairie Clavreuil\"},\"image\":{\"@id\":\"https:\/\/clavreuil-wordpress.logiciel-arteo.fr\/#\/schema\/logo\/image\/\"}}]}<\/script>\n<!-- \/ Yoast SEO plugin. -->","yoast_head_json":{"title":"PERRAULT Charles Le Cabinet des f\u00e9es, ou Collection choisie des contes des f\u00e9es, et autres contes merveilleux. Orn\u00e9s de figures. - Libairie Clavreuil","robots":{"index":"noindex","follow":"follow","max-snippet":"max-snippet:-1","max-image-preview":"max-image-preview:large","max-video-preview":"max-video-preview:-1"},"og_locale":"en_US","og_type":"article","og_title":"PERRAULT Charles Le Cabinet des f\u00e9es, ou Collection choisie des contes des f\u00e9es, et autres contes merveilleux. Orn\u00e9s de figures. - Libairie Clavreuil","og_description":"41 volumes, 12mo (165 x 100 mm) with 120 engraved plates after Marillier.&nbsp;Half green shagreen with corners, spine gilt with raised bands, marbled edges (19th century binding).","og_url":"https:\/\/clavreuil-wordpress.logiciel-arteo.fr\/en\/le-cabinet-des-fees-ou-collection-choisie-des-contes-des-fees-et-autres-contes-merveilleux-ornes-de-figures-charles-perrault\/","og_site_name":"Libairie Clavreuil","article_modified_time":"2024-04-22T14:00:52+00:00","og_image":[{"width":790,"height":1231,"url":"https:\/\/clavreuil-wordpress.logiciel-arteo.fr\/wp-content\/uploads\/2024\/04\/charles-perrault-le-cabinet-des-fees-ou-collection-choisie-des-contes-des-fees-et-autres-contes-merveilleux-ornes-de-figures-7263-65bd17d876a7b.jpg","type":"image\/jpeg"}],"twitter_card":"summary_large_image","twitter_misc":{"Est. reading time":"3 minutes"},"schema":{"@context":"https:\/\/schema.org","@graph":[{"@type":"WebPage","@id":"https:\/\/clavreuil-wordpress.logiciel-arteo.fr\/en\/le-cabinet-des-fees-ou-collection-choisie-des-contes-des-fees-et-autres-contes-merveilleux-ornes-de-figures-charles-perrault\/","url":"https:\/\/clavreuil-wordpress.logiciel-arteo.fr\/en\/le-cabinet-des-fees-ou-collection-choisie-des-contes-des-fees-et-autres-contes-merveilleux-ornes-de-figures-charles-perrault\/","name":"PERRAULT Charles Le Cabinet des f\u00e9es, ou Collection choisie des contes des f\u00e9es, et autres contes merveilleux. Orn\u00e9s de figures. - Libairie Clavreuil","isPartOf":{"@id":"https:\/\/clavreuil-wordpress.logiciel-arteo.fr\/#website"},"primaryImageOfPage":{"@id":"https:\/\/clavreuil-wordpress.logiciel-arteo.fr\/en\/le-cabinet-des-fees-ou-collection-choisie-des-contes-des-fees-et-autres-contes-merveilleux-ornes-de-figures-charles-perrault\/#primaryimage"},"image":{"@id":"https:\/\/clavreuil-wordpress.logiciel-arteo.fr\/en\/le-cabinet-des-fees-ou-collection-choisie-des-contes-des-fees-et-autres-contes-merveilleux-ornes-de-figures-charles-perrault\/#primaryimage"},"thumbnailUrl":"https:\/\/clavreuil-wordpress.logiciel-arteo.fr\/wp-content\/uploads\/2024\/04\/charles-perrault-le-cabinet-des-fees-ou-collection-choisie-des-contes-des-fees-et-autres-contes-merveilleux-ornes-de-figures-7263-65bd17d876a7b.jpg","datePublished":"2024-04-19T15:51:16+00:00","dateModified":"2024-04-22T14:00:52+00:00","breadcrumb":{"@id":"https:\/\/clavreuil-wordpress.logiciel-arteo.fr\/en\/le-cabinet-des-fees-ou-collection-choisie-des-contes-des-fees-et-autres-contes-merveilleux-ornes-de-figures-charles-perrault\/#breadcrumb"},"inLanguage":"en-US","potentialAction":[{"@type":"ReadAction","target":["https:\/\/clavreuil-wordpress.logiciel-arteo.fr\/en\/le-cabinet-des-fees-ou-collection-choisie-des-contes-des-fees-et-autres-contes-merveilleux-ornes-de-figures-charles-perrault\/"]}]},{"@type":"ImageObject","inLanguage":"en-US","@id":"https:\/\/clavreuil-wordpress.logiciel-arteo.fr\/en\/le-cabinet-des-fees-ou-collection-choisie-des-contes-des-fees-et-autres-contes-merveilleux-ornes-de-figures-charles-perrault\/#primaryimage","url":"https:\/\/clavreuil-wordpress.logiciel-arteo.fr\/wp-content\/uploads\/2024\/04\/charles-perrault-le-cabinet-des-fees-ou-collection-choisie-des-contes-des-fees-et-autres-contes-merveilleux-ornes-de-figures-7263-65bd17d876a7b.jpg","contentUrl":"https:\/\/clavreuil-wordpress.logiciel-arteo.fr\/wp-content\/uploads\/2024\/04\/charles-perrault-le-cabinet-des-fees-ou-collection-choisie-des-contes-des-fees-et-autres-contes-merveilleux-ornes-de-figures-7263-65bd17d876a7b.jpg","width":790,"height":1231},{"@type":"BreadcrumbList","@id":"https:\/\/clavreuil-wordpress.logiciel-arteo.fr\/en\/le-cabinet-des-fees-ou-collection-choisie-des-contes-des-fees-et-autres-contes-merveilleux-ornes-de-figures-charles-perrault\/#breadcrumb","itemListElement":[{"@type":"ListItem","position":1,"name":"Accueil","item":"https:\/\/clavreuil-wordpress.logiciel-arteo.fr\/"},{"@type":"ListItem","position":2,"name":"All our books","item":"https:\/\/clavreuil-wordpress.logiciel-arteo.fr\/en\/all-our-books\/"},{"@type":"ListItem","position":3,"name":"PERRAULT Charles Le Cabinet des f\u00e9es, ou Collection..."}]},{"@type":"WebSite","@id":"https:\/\/clavreuil-wordpress.logiciel-arteo.fr\/#website","url":"https:\/\/clavreuil-wordpress.logiciel-arteo.fr\/","name":"Libairie Clavreuil","description":"","publisher":{"@id":"https:\/\/clavreuil-wordpress.logiciel-arteo.fr\/#organization"},"potentialAction":[{"@type":"SearchAction","target":{"@type":"EntryPoint","urlTemplate":"https:\/\/clavreuil-wordpress.logiciel-arteo.fr\/?s={search_term_string}"},"query-input":{"@type":"PropertyValueSpecification","valueRequired":true,"valueName":"search_term_string"}}],"inLanguage":"en-US"},{"@type":"Organization","@id":"https:\/\/clavreuil-wordpress.logiciel-arteo.fr\/#organization","name":"Libairie Clavreuil","url":"https:\/\/clavreuil-wordpress.logiciel-arteo.fr\/","logo":{"@type":"ImageObject","inLanguage":"en-US","@id":"https:\/\/clavreuil-wordpress.logiciel-arteo.fr\/#\/schema\/logo\/image\/","url":"https:\/\/clavreuil-wordpress.logiciel-arteo.fr\/wp-content\/uploads\/2021\/05\/LOGO_PNG_DATE-_gold.png","contentUrl":"https:\/\/clavreuil-wordpress.logiciel-arteo.fr\/wp-content\/uploads\/2021\/05\/LOGO_PNG_DATE-_gold.png","width":2083,"height":1917,"caption":"Libairie Clavreuil"},"image":{"@id":"https:\/\/clavreuil-wordpress.logiciel-arteo.fr\/#\/schema\/logo\/image\/"}}]}},"_links":{"self":[{"href":"https:\/\/clavreuil-wordpress.logiciel-arteo.fr\/en\/wp-json\/wp\/v2\/product\/73814","targetHints":{"allow":["GET"]}}],"collection":[{"href":"https:\/\/clavreuil-wordpress.logiciel-arteo.fr\/en\/wp-json\/wp\/v2\/product"}],"about":[{"href":"https:\/\/clavreuil-wordpress.logiciel-arteo.fr\/en\/wp-json\/wp\/v2\/types\/product"}],"replies":[{"embeddable":true,"href":"https:\/\/clavreuil-wordpress.logiciel-arteo.fr\/en\/wp-json\/wp\/v2\/comments?post=73814"}],"wp:featuredmedia":[{"embeddable":true,"href":"https:\/\/clavreuil-wordpress.logiciel-arteo.fr\/en\/wp-json\/wp\/v2\/media\/73803"}],"wp:attachment":[{"href":"https:\/\/clavreuil-wordpress.logiciel-arteo.fr\/en\/wp-json\/wp\/v2\/media?parent=73814"}],"wp:term":[{"taxonomy":"product_brand","embeddable":true,"href":"https:\/\/clavreuil-wordpress.logiciel-arteo.fr\/en\/wp-json\/wp\/v2\/product_brand?post=73814"},{"taxonomy":"product_cat","embeddable":true,"href":"https:\/\/clavreuil-wordpress.logiciel-arteo.fr\/en\/wp-json\/wp\/v2\/product_cat?post=73814"},{"taxonomy":"product_tag","embeddable":true,"href":"https:\/\/clavreuil-wordpress.logiciel-arteo.fr\/en\/wp-json\/wp\/v2\/product_tag?post=73814"}],"curies":[{"name":"wp","href":"https:\/\/api.w.org\/{rel}","templated":true}]}}