{"id":73856,"date":"2024-04-19T19:07:37","date_gmt":"2024-04-19T17:07:37","guid":{"rendered":"https:\/\/clavreuil-wordpress.logiciel-arteo.fr\/les-metamorphoses-en-latin-traduites-en-francois-avec-des-remarques-et-des-explications-historiques-par-mr-labbe-banier-ovide\/"},"modified":"2024-04-22T15:53:31","modified_gmt":"2024-04-22T13:53:31","slug":"les-metamorphoses-en-latin-traduites-en-francois-avec-des-remarques-et-des-explications-historiques-par-mr-labbe-banier-ovide","status":"publish","type":"product","link":"https:\/\/clavreuil-wordpress.logiciel-arteo.fr\/en\/les-metamorphoses-en-latin-traduites-en-francois-avec-des-remarques-et-des-explications-historiques-par-mr-labbe-banier-ovide\/","title":{"rendered":"OVIDE Les M\u00e9tamorphoses, en latin, traduites en fran\u00e7ois,..."},"content":{"rendered":"<p style=\"text-align:justify\"><em>Cohen-de Ricci, 768; Brunet, IV, 285; Ray, p. 7 (note).<\/em><\/p>\n<p style=\"text-align:justify\">First edition of the important translation by Abbot Banier. This translation was to be the model for further editions. Copy printed on heavy paper.<\/p>\n<p style=\"text-align:justify\">This fine edition is illustrate with a frontispiece engraved by Bernard Picart, two floral decorations (repeated) on the titlepages, one vignette and one engraved letter in the introduction, and 130 larges vignettes (including 6 printed on three sheets and included into the pagination) after Le Brun, Leclere, Maas, Picart, Punt, J. Romain, Tosca, de Wit and Vandelaar, engraved by Martin and Pierre-Paul Bouche, Bouttats, Folkema, V. Gunst, Jungmann, Schenk and Wandelaar.<\/p>\n<p style=\"text-align:justify\">Cohen qualifies this edition as &quot;magnifique ouvrage&quot;; Brunet calls it a &quot;belle &eacute;dition, recherch&eacute;e &agrave; cause des gravures dont elle est orn&eacute;e&quot; and indicates some large paper copies &quot;quelques exemplaires en tr&egrave;s grand papier, d&#039;autant plus pr&eacute;cieux qu&#039;ils contiennent des figures de premier tirage&quot; without giving any further details. English and Dutch editions were published the same year, illustrated with the same engravings. Some occasional light toning.<\/p>\n","protected":false},"excerpt":{"rendered":"<p style=\"text-align:justify\">2 in one volume, folio (467 x 300 mm) engraved frontispiece, 6 nn.ll., 247 pp. for volume I; title, pp. 249-524, 2 nn.ll., 3 plates included into the pagination [=pp.265-269]. Contemporary French red morocco, triple gilt filet on covers, spine gilt with raised bands, marbled and gilt edges (some light expert restorations).<\/p>\n","protected":false},"featured_media":73845,"comment_status":"open","ping_status":"closed","template":"","meta":{"_acf_changed":false},"product_brand":[],"product_cat":[544],"product_tag":[1240,1245],"class_list":{"0":"post-73856","1":"product","2":"type-product","3":"status-publish","4":"has-post-thumbnail","6":"product_cat-literature","7":"product_tag-18th-century-illustrations","8":"product_tag-18th-century-literature","9":"pa_auteur-ovide-2","10":"pa_type-de-livre-printed-book","12":"first","13":"instock","14":"shipping-taxable","15":"purchasable","16":"product-type-simple"},"acf":[],"yoast_head":"<!-- This site is optimized with the Yoast SEO plugin v24.3 - https:\/\/yoast.com\/wordpress\/plugins\/seo\/ -->\n<title>OVIDE  Les M\u00e9tamorphoses, en latin, traduites en fran\u00e7ois, avec des remarques et des explications historiques par Mr. l&#039;abb\u00e9 Banier. - Libairie Clavreuil<\/title>\n<meta name=\"robots\" content=\"noindex, follow, max-snippet:-1, max-image-preview:large, max-video-preview:-1\" \/>\n<meta property=\"og:locale\" content=\"en_US\" \/>\n<meta property=\"og:type\" content=\"article\" \/>\n<meta property=\"og:title\" content=\"OVIDE  Les M\u00e9tamorphoses, en latin, traduites en fran\u00e7ois, avec des remarques et des explications historiques par Mr. l&#039;abb\u00e9 Banier. - Libairie Clavreuil\" \/>\n<meta property=\"og:description\" content=\"2 in one volume, folio (467 x 300 mm) engraved frontispiece, 6 nn.ll., 247 pp. for volume I; title, pp. 249-524, 2 nn.ll., 3 plates included into the pagination [=pp.265-269]. Contemporary French red morocco, triple gilt filet on covers, spine gilt with raised bands, marbled and gilt edges (some light expert restorations).\" \/>\n<meta property=\"og:url\" content=\"https:\/\/clavreuil-wordpress.logiciel-arteo.fr\/en\/les-metamorphoses-en-latin-traduites-en-francois-avec-des-remarques-et-des-explications-historiques-par-mr-labbe-banier-ovide\/\" \/>\n<meta property=\"og:site_name\" content=\"Libairie Clavreuil\" \/>\n<meta property=\"article:modified_time\" content=\"2024-04-22T13:53:31+00:00\" \/>\n<meta property=\"og:image\" content=\"https:\/\/clavreuil-wordpress.logiciel-arteo.fr\/wp-content\/uploads\/2024\/04\/ovide-les-metamorphoses-en-latin-traduites-en-francois-avec-des-remarques-et-des-explications-historiques-par-mr-l-abbe-banier-6524-65afde8e99dfb-scaled.jpg\" \/>\n\t<meta property=\"og:image:width\" content=\"1707\" \/>\n\t<meta property=\"og:image:height\" content=\"2560\" \/>\n\t<meta property=\"og:image:type\" content=\"image\/jpeg\" \/>\n<meta name=\"twitter:card\" content=\"summary_large_image\" \/>\n<meta name=\"twitter:label1\" content=\"Est. reading time\" \/>\n\t<meta name=\"twitter:data1\" content=\"1 minute\" \/>\n<script type=\"application\/ld+json\" class=\"yoast-schema-graph\">{\"@context\":\"https:\/\/schema.org\",\"@graph\":[{\"@type\":\"WebPage\",\"@id\":\"https:\/\/clavreuil-wordpress.logiciel-arteo.fr\/en\/les-metamorphoses-en-latin-traduites-en-francois-avec-des-remarques-et-des-explications-historiques-par-mr-labbe-banier-ovide\/\",\"url\":\"https:\/\/clavreuil-wordpress.logiciel-arteo.fr\/en\/les-metamorphoses-en-latin-traduites-en-francois-avec-des-remarques-et-des-explications-historiques-par-mr-labbe-banier-ovide\/\",\"name\":\"OVIDE Les M\u00e9tamorphoses, en latin, traduites en fran\u00e7ois, avec des remarques et des explications historiques par Mr. l'abb\u00e9 Banier. - Libairie Clavreuil\",\"isPartOf\":{\"@id\":\"https:\/\/clavreuil-wordpress.logiciel-arteo.fr\/#website\"},\"primaryImageOfPage\":{\"@id\":\"https:\/\/clavreuil-wordpress.logiciel-arteo.fr\/en\/les-metamorphoses-en-latin-traduites-en-francois-avec-des-remarques-et-des-explications-historiques-par-mr-labbe-banier-ovide\/#primaryimage\"},\"image\":{\"@id\":\"https:\/\/clavreuil-wordpress.logiciel-arteo.fr\/en\/les-metamorphoses-en-latin-traduites-en-francois-avec-des-remarques-et-des-explications-historiques-par-mr-labbe-banier-ovide\/#primaryimage\"},\"thumbnailUrl\":\"https:\/\/clavreuil-wordpress.logiciel-arteo.fr\/wp-content\/uploads\/2024\/04\/ovide-les-metamorphoses-en-latin-traduites-en-francois-avec-des-remarques-et-des-explications-historiques-par-mr-l-abbe-banier-6524-65afde8e99dfb-scaled.jpg\",\"datePublished\":\"2024-04-19T17:07:37+00:00\",\"dateModified\":\"2024-04-22T13:53:31+00:00\",\"breadcrumb\":{\"@id\":\"https:\/\/clavreuil-wordpress.logiciel-arteo.fr\/en\/les-metamorphoses-en-latin-traduites-en-francois-avec-des-remarques-et-des-explications-historiques-par-mr-labbe-banier-ovide\/#breadcrumb\"},\"inLanguage\":\"en-US\",\"potentialAction\":[{\"@type\":\"ReadAction\",\"target\":[\"https:\/\/clavreuil-wordpress.logiciel-arteo.fr\/en\/les-metamorphoses-en-latin-traduites-en-francois-avec-des-remarques-et-des-explications-historiques-par-mr-labbe-banier-ovide\/\"]}]},{\"@type\":\"ImageObject\",\"inLanguage\":\"en-US\",\"@id\":\"https:\/\/clavreuil-wordpress.logiciel-arteo.fr\/en\/les-metamorphoses-en-latin-traduites-en-francois-avec-des-remarques-et-des-explications-historiques-par-mr-labbe-banier-ovide\/#primaryimage\",\"url\":\"https:\/\/clavreuil-wordpress.logiciel-arteo.fr\/wp-content\/uploads\/2024\/04\/ovide-les-metamorphoses-en-latin-traduites-en-francois-avec-des-remarques-et-des-explications-historiques-par-mr-l-abbe-banier-6524-65afde8e99dfb-scaled.jpg\",\"contentUrl\":\"https:\/\/clavreuil-wordpress.logiciel-arteo.fr\/wp-content\/uploads\/2024\/04\/ovide-les-metamorphoses-en-latin-traduites-en-francois-avec-des-remarques-et-des-explications-historiques-par-mr-l-abbe-banier-6524-65afde8e99dfb-scaled.jpg\",\"width\":1707,\"height\":2560},{\"@type\":\"BreadcrumbList\",\"@id\":\"https:\/\/clavreuil-wordpress.logiciel-arteo.fr\/en\/les-metamorphoses-en-latin-traduites-en-francois-avec-des-remarques-et-des-explications-historiques-par-mr-labbe-banier-ovide\/#breadcrumb\",\"itemListElement\":[{\"@type\":\"ListItem\",\"position\":1,\"name\":\"Accueil\",\"item\":\"https:\/\/clavreuil-wordpress.logiciel-arteo.fr\/\"},{\"@type\":\"ListItem\",\"position\":2,\"name\":\"All our books\",\"item\":\"https:\/\/clavreuil-wordpress.logiciel-arteo.fr\/en\/all-our-books\/\"},{\"@type\":\"ListItem\",\"position\":3,\"name\":\"OVIDE Les M\u00e9tamorphoses, en latin, traduites en fran\u00e7ois,...\"}]},{\"@type\":\"WebSite\",\"@id\":\"https:\/\/clavreuil-wordpress.logiciel-arteo.fr\/#website\",\"url\":\"https:\/\/clavreuil-wordpress.logiciel-arteo.fr\/\",\"name\":\"Libairie Clavreuil\",\"description\":\"\",\"publisher\":{\"@id\":\"https:\/\/clavreuil-wordpress.logiciel-arteo.fr\/#organization\"},\"potentialAction\":[{\"@type\":\"SearchAction\",\"target\":{\"@type\":\"EntryPoint\",\"urlTemplate\":\"https:\/\/clavreuil-wordpress.logiciel-arteo.fr\/?s={search_term_string}\"},\"query-input\":{\"@type\":\"PropertyValueSpecification\",\"valueRequired\":true,\"valueName\":\"search_term_string\"}}],\"inLanguage\":\"en-US\"},{\"@type\":\"Organization\",\"@id\":\"https:\/\/clavreuil-wordpress.logiciel-arteo.fr\/#organization\",\"name\":\"Libairie Clavreuil\",\"url\":\"https:\/\/clavreuil-wordpress.logiciel-arteo.fr\/\",\"logo\":{\"@type\":\"ImageObject\",\"inLanguage\":\"en-US\",\"@id\":\"https:\/\/clavreuil-wordpress.logiciel-arteo.fr\/#\/schema\/logo\/image\/\",\"url\":\"https:\/\/clavreuil-wordpress.logiciel-arteo.fr\/wp-content\/uploads\/2021\/05\/LOGO_PNG_DATE-_gold.png\",\"contentUrl\":\"https:\/\/clavreuil-wordpress.logiciel-arteo.fr\/wp-content\/uploads\/2021\/05\/LOGO_PNG_DATE-_gold.png\",\"width\":2083,\"height\":1917,\"caption\":\"Libairie Clavreuil\"},\"image\":{\"@id\":\"https:\/\/clavreuil-wordpress.logiciel-arteo.fr\/#\/schema\/logo\/image\/\"}}]}<\/script>\n<!-- \/ Yoast SEO plugin. -->","yoast_head_json":{"title":"OVIDE  Les M\u00e9tamorphoses, en latin, traduites en fran\u00e7ois, avec des remarques et des explications historiques par Mr. l'abb\u00e9 Banier. - Libairie Clavreuil","robots":{"index":"noindex","follow":"follow","max-snippet":"max-snippet:-1","max-image-preview":"max-image-preview:large","max-video-preview":"max-video-preview:-1"},"og_locale":"en_US","og_type":"article","og_title":"OVIDE  Les M\u00e9tamorphoses, en latin, traduites en fran\u00e7ois, avec des remarques et des explications historiques par Mr. l'abb\u00e9 Banier. - Libairie Clavreuil","og_description":"2 in one volume, folio (467 x 300 mm) engraved frontispiece, 6 nn.ll., 247 pp. for volume I; title, pp. 249-524, 2 nn.ll., 3 plates included into the pagination [=pp.265-269]. Contemporary French red morocco, triple gilt filet on covers, spine gilt with raised bands, marbled and gilt edges (some light expert restorations).","og_url":"https:\/\/clavreuil-wordpress.logiciel-arteo.fr\/en\/les-metamorphoses-en-latin-traduites-en-francois-avec-des-remarques-et-des-explications-historiques-par-mr-labbe-banier-ovide\/","og_site_name":"Libairie Clavreuil","article_modified_time":"2024-04-22T13:53:31+00:00","og_image":[{"width":1707,"height":2560,"url":"https:\/\/clavreuil-wordpress.logiciel-arteo.fr\/wp-content\/uploads\/2024\/04\/ovide-les-metamorphoses-en-latin-traduites-en-francois-avec-des-remarques-et-des-explications-historiques-par-mr-l-abbe-banier-6524-65afde8e99dfb-scaled.jpg","type":"image\/jpeg"}],"twitter_card":"summary_large_image","twitter_misc":{"Est. reading time":"1 minute"},"schema":{"@context":"https:\/\/schema.org","@graph":[{"@type":"WebPage","@id":"https:\/\/clavreuil-wordpress.logiciel-arteo.fr\/en\/les-metamorphoses-en-latin-traduites-en-francois-avec-des-remarques-et-des-explications-historiques-par-mr-labbe-banier-ovide\/","url":"https:\/\/clavreuil-wordpress.logiciel-arteo.fr\/en\/les-metamorphoses-en-latin-traduites-en-francois-avec-des-remarques-et-des-explications-historiques-par-mr-labbe-banier-ovide\/","name":"OVIDE Les M\u00e9tamorphoses, en latin, traduites en fran\u00e7ois, avec des remarques et des explications historiques par Mr. l'abb\u00e9 Banier. - Libairie Clavreuil","isPartOf":{"@id":"https:\/\/clavreuil-wordpress.logiciel-arteo.fr\/#website"},"primaryImageOfPage":{"@id":"https:\/\/clavreuil-wordpress.logiciel-arteo.fr\/en\/les-metamorphoses-en-latin-traduites-en-francois-avec-des-remarques-et-des-explications-historiques-par-mr-labbe-banier-ovide\/#primaryimage"},"image":{"@id":"https:\/\/clavreuil-wordpress.logiciel-arteo.fr\/en\/les-metamorphoses-en-latin-traduites-en-francois-avec-des-remarques-et-des-explications-historiques-par-mr-labbe-banier-ovide\/#primaryimage"},"thumbnailUrl":"https:\/\/clavreuil-wordpress.logiciel-arteo.fr\/wp-content\/uploads\/2024\/04\/ovide-les-metamorphoses-en-latin-traduites-en-francois-avec-des-remarques-et-des-explications-historiques-par-mr-l-abbe-banier-6524-65afde8e99dfb-scaled.jpg","datePublished":"2024-04-19T17:07:37+00:00","dateModified":"2024-04-22T13:53:31+00:00","breadcrumb":{"@id":"https:\/\/clavreuil-wordpress.logiciel-arteo.fr\/en\/les-metamorphoses-en-latin-traduites-en-francois-avec-des-remarques-et-des-explications-historiques-par-mr-labbe-banier-ovide\/#breadcrumb"},"inLanguage":"en-US","potentialAction":[{"@type":"ReadAction","target":["https:\/\/clavreuil-wordpress.logiciel-arteo.fr\/en\/les-metamorphoses-en-latin-traduites-en-francois-avec-des-remarques-et-des-explications-historiques-par-mr-labbe-banier-ovide\/"]}]},{"@type":"ImageObject","inLanguage":"en-US","@id":"https:\/\/clavreuil-wordpress.logiciel-arteo.fr\/en\/les-metamorphoses-en-latin-traduites-en-francois-avec-des-remarques-et-des-explications-historiques-par-mr-labbe-banier-ovide\/#primaryimage","url":"https:\/\/clavreuil-wordpress.logiciel-arteo.fr\/wp-content\/uploads\/2024\/04\/ovide-les-metamorphoses-en-latin-traduites-en-francois-avec-des-remarques-et-des-explications-historiques-par-mr-l-abbe-banier-6524-65afde8e99dfb-scaled.jpg","contentUrl":"https:\/\/clavreuil-wordpress.logiciel-arteo.fr\/wp-content\/uploads\/2024\/04\/ovide-les-metamorphoses-en-latin-traduites-en-francois-avec-des-remarques-et-des-explications-historiques-par-mr-l-abbe-banier-6524-65afde8e99dfb-scaled.jpg","width":1707,"height":2560},{"@type":"BreadcrumbList","@id":"https:\/\/clavreuil-wordpress.logiciel-arteo.fr\/en\/les-metamorphoses-en-latin-traduites-en-francois-avec-des-remarques-et-des-explications-historiques-par-mr-labbe-banier-ovide\/#breadcrumb","itemListElement":[{"@type":"ListItem","position":1,"name":"Accueil","item":"https:\/\/clavreuil-wordpress.logiciel-arteo.fr\/"},{"@type":"ListItem","position":2,"name":"All our books","item":"https:\/\/clavreuil-wordpress.logiciel-arteo.fr\/en\/all-our-books\/"},{"@type":"ListItem","position":3,"name":"OVIDE Les M\u00e9tamorphoses, en latin, traduites en fran\u00e7ois,..."}]},{"@type":"WebSite","@id":"https:\/\/clavreuil-wordpress.logiciel-arteo.fr\/#website","url":"https:\/\/clavreuil-wordpress.logiciel-arteo.fr\/","name":"Libairie Clavreuil","description":"","publisher":{"@id":"https:\/\/clavreuil-wordpress.logiciel-arteo.fr\/#organization"},"potentialAction":[{"@type":"SearchAction","target":{"@type":"EntryPoint","urlTemplate":"https:\/\/clavreuil-wordpress.logiciel-arteo.fr\/?s={search_term_string}"},"query-input":{"@type":"PropertyValueSpecification","valueRequired":true,"valueName":"search_term_string"}}],"inLanguage":"en-US"},{"@type":"Organization","@id":"https:\/\/clavreuil-wordpress.logiciel-arteo.fr\/#organization","name":"Libairie Clavreuil","url":"https:\/\/clavreuil-wordpress.logiciel-arteo.fr\/","logo":{"@type":"ImageObject","inLanguage":"en-US","@id":"https:\/\/clavreuil-wordpress.logiciel-arteo.fr\/#\/schema\/logo\/image\/","url":"https:\/\/clavreuil-wordpress.logiciel-arteo.fr\/wp-content\/uploads\/2021\/05\/LOGO_PNG_DATE-_gold.png","contentUrl":"https:\/\/clavreuil-wordpress.logiciel-arteo.fr\/wp-content\/uploads\/2021\/05\/LOGO_PNG_DATE-_gold.png","width":2083,"height":1917,"caption":"Libairie Clavreuil"},"image":{"@id":"https:\/\/clavreuil-wordpress.logiciel-arteo.fr\/#\/schema\/logo\/image\/"}}]}},"_links":{"self":[{"href":"https:\/\/clavreuil-wordpress.logiciel-arteo.fr\/en\/wp-json\/wp\/v2\/product\/73856","targetHints":{"allow":["GET"]}}],"collection":[{"href":"https:\/\/clavreuil-wordpress.logiciel-arteo.fr\/en\/wp-json\/wp\/v2\/product"}],"about":[{"href":"https:\/\/clavreuil-wordpress.logiciel-arteo.fr\/en\/wp-json\/wp\/v2\/types\/product"}],"replies":[{"embeddable":true,"href":"https:\/\/clavreuil-wordpress.logiciel-arteo.fr\/en\/wp-json\/wp\/v2\/comments?post=73856"}],"wp:featuredmedia":[{"embeddable":true,"href":"https:\/\/clavreuil-wordpress.logiciel-arteo.fr\/en\/wp-json\/wp\/v2\/media\/73845"}],"wp:attachment":[{"href":"https:\/\/clavreuil-wordpress.logiciel-arteo.fr\/en\/wp-json\/wp\/v2\/media?parent=73856"}],"wp:term":[{"taxonomy":"product_brand","embeddable":true,"href":"https:\/\/clavreuil-wordpress.logiciel-arteo.fr\/en\/wp-json\/wp\/v2\/product_brand?post=73856"},{"taxonomy":"product_cat","embeddable":true,"href":"https:\/\/clavreuil-wordpress.logiciel-arteo.fr\/en\/wp-json\/wp\/v2\/product_cat?post=73856"},{"taxonomy":"product_tag","embeddable":true,"href":"https:\/\/clavreuil-wordpress.logiciel-arteo.fr\/en\/wp-json\/wp\/v2\/product_tag?post=73856"}],"curies":[{"name":"wp","href":"https:\/\/api.w.org\/{rel}","templated":true}]}}