{"id":73890,"date":"2024-04-19T19:13:30","date_gmt":"2024-04-19T17:13:30","guid":{"rendered":"https:\/\/clavreuil-wordpress.logiciel-arteo.fr\/flore-des-serres-et-des-jardins-de-paris-ou-collection-de-plantes-remarquables-pour-leur-utilite-leur-elegance-leur-eclat-ou-leur-nouveaute-consistant-en-six-cents-planches-soigneusement-lithograp\/"},"modified":"2024-04-22T15:00:49","modified_gmt":"2024-04-22T13:00:49","slug":"flore-des-serres-et-des-jardins-de-paris-ou-collection-de-plantes-remarquables-pour-leur-utilite-leur-elegance-leur-eclat-ou-leur-nouveaute-consistant-en-six-cents-planches-soigneusement-lithograp","status":"publish","type":"product","link":"https:\/\/clavreuil-wordpress.logiciel-arteo.fr\/en\/flore-des-serres-et-des-jardins-de-paris-ou-collection-de-plantes-remarquables-pour-leur-utilite-leur-elegance-leur-eclat-ou-leur-nouveaute-consistant-en-six-cents-planches-soigneusement-lithograp\/","title":{"rendered":"GEEL Pierre Corneille van FLORE DES SERRES et..."},"content":{"rendered":"<p style=\"text-align:justify\"><em>Pritzel, 10739 ; Nissen, BBI, 225 ; Great flower books, &eacute;d. 1956, 84.<\/em><\/p>\n<p style=\"text-align:justify\">Splendid publication, issued on fine wove v&eacute;lin paper, and magnificently illustrated with 600 species on 599 lithographed plates, all handcoloured (except one).<\/p>\n<p style=\"text-align:justify\">The uncoloured plate is Nelumbium Speciosum or Indian Lotus. This species has received a particular treatment and is present twice in the book: one showing the plant as such (uncoloured), the other one depicts the large blossom (coloured).<\/p>\n<p style=\"text-align:justify\">The collation of our copy is identical to the one described in the Arpad collection : &quot;The title calls for 600 plates, but less than the full number are often found&#8230; A note on p. 10 of the index explains that Uvaria chamoe and Bombax buonopozensis are separately listed, but found on the same plate [bound here in volume I]&quot; (Plesch, 278).<\/p>\n<p style=\"text-align:justify\">The plates, previously published in Brussels under the title Sertum Botanicum, are based on the fine drawings by the botanical artist G. Severeyns &#8211; the lithographer is Bruggraaff &#8211; ,who actively contributed to other eminent publications such as the Flore des serres et des jardins de l&#039;Europe.<\/p>\n<p style=\"text-align:justify\">The present publication is the very rare Paris edition and is rarely found complete with all of its wonderful, describing and showing in detail the most beautiful flowers then cultivated in Paris.<\/p>\n<p style=\"text-align:justify\">Written by a Society of Botanists the <em>Flore des Serres de Paris<\/em> constitutes one of the most impressive botanical French works of the first half of the 19th century.<\/p>\n<p style=\"text-align:justify\">Bound it a the end of the last volume is the extensive index, making the use of the publication easy as all the plates are placed in alphabetical order.<\/p>\n<p style=\"text-align:justify\">A small waterstain in the 6th volume, some wear to hinges, else a fine copy.<\/p>\n","protected":false},"excerpt":{"rendered":"<p style=\"text-align:justify\">6 volumes, folio (363 x 270 mm) 599 (respectively 106 + 118 + 90 + 95 + 103 + 87) lithographed plates, all (except one) in fine contemporary handcolouring with the respective explanatory text leaves; contemporary red half-calf, flat spines elegantly decorated, inlaid and gilt.<\/p>\n","protected":false},"featured_media":73875,"comment_status":"open","ping_status":"closed","template":"","meta":{"_acf_changed":false},"product_brand":[],"product_cat":[532],"product_tag":[576,584,1322,1321],"class_list":{"0":"post-73890","1":"product","2":"type-product","3":"status-publish","4":"has-post-thumbnail","6":"product_cat-botanical","7":"product_tag-agriculture-2","8":"product_tag-gardens","9":"product_tag-mushroom","10":"product_tag-seaweed","11":"pa_auteur-pierre-corneille-van-geel-2","12":"pa_type-de-livre-printed-book","14":"first","15":"instock","16":"shipping-taxable","17":"purchasable","18":"product-type-simple"},"acf":[],"yoast_head":"<!-- This site is optimized with the Yoast SEO plugin v24.3 - https:\/\/yoast.com\/wordpress\/plugins\/seo\/ -->\n<title>GEEL Pierre Corneille van FLORE DES SERRES et des jardins de Paris ou Collection de plantes, remarquables pour leur utilit\u00e9, leur \u00e9l\u00e9gance, leur \u00e9clat ou leur nouveaut\u00e9; consistant en six cents planches soigneusement lithographi\u00e9es et colori\u00e9es, accompagn\u00e9es d&#039;un texte particulier pour chaque plante, ses caract\u00e8res g\u00e9n\u00e9rique et sp\u00e9cifique ainsi que sa synonymie, son histoire, l&#039;\u00e9poque de sa d\u00e9couverte, celle de son introduction dans nos contr\u00e9es et dans nos jardins, ses usages, soit dans les arts, soit l&#039;\u00e9conomie domestique et la m\u00e9decine; enfin les diff\u00e9rens modes de culture qui r\u00e9ussissent le mieux dans nos climats pour lui faire parcourir compl\u00e8tement toutes les p\u00e9riodes de la vie v\u00e9g\u00e9tale... - Libairie Clavreuil<\/title>\n<meta name=\"robots\" content=\"noindex, follow, max-snippet:-1, max-image-preview:large, max-video-preview:-1\" \/>\n<meta property=\"og:locale\" content=\"en_US\" \/>\n<meta property=\"og:type\" content=\"article\" \/>\n<meta property=\"og:title\" content=\"GEEL Pierre Corneille van FLORE DES SERRES et des jardins de Paris ou Collection de plantes, remarquables pour leur utilit\u00e9, leur \u00e9l\u00e9gance, leur \u00e9clat ou leur nouveaut\u00e9; consistant en six cents planches soigneusement lithographi\u00e9es et colori\u00e9es, accompagn\u00e9es d&#039;un texte particulier pour chaque plante, ses caract\u00e8res g\u00e9n\u00e9rique et sp\u00e9cifique ainsi que sa synonymie, son histoire, l&#039;\u00e9poque de sa d\u00e9couverte, celle de son introduction dans nos contr\u00e9es et dans nos jardins, ses usages, soit dans les arts, soit l&#039;\u00e9conomie domestique et la m\u00e9decine; enfin les diff\u00e9rens modes de culture qui r\u00e9ussissent le mieux dans nos climats pour lui faire parcourir compl\u00e8tement toutes les p\u00e9riodes de la vie v\u00e9g\u00e9tale... - Libairie Clavreuil\" \/>\n<meta property=\"og:description\" content=\"6 volumes, folio (363 x 270 mm) 599 (respectively 106 + 118 + 90 + 95 + 103 + 87) lithographed plates, all (except one) in fine contemporary handcolouring with the respective explanatory text leaves; contemporary red half-calf, flat spines elegantly decorated, inlaid and gilt.\" \/>\n<meta property=\"og:url\" content=\"https:\/\/clavreuil-wordpress.logiciel-arteo.fr\/en\/flore-des-serres-et-des-jardins-de-paris-ou-collection-de-plantes-remarquables-pour-leur-utilite-leur-elegance-leur-eclat-ou-leur-nouveaute-consistant-en-six-cents-planches-soigneusement-lithograp\/\" \/>\n<meta property=\"og:site_name\" content=\"Libairie Clavreuil\" \/>\n<meta property=\"article:modified_time\" content=\"2024-04-22T13:00:49+00:00\" \/>\n<meta property=\"og:image\" content=\"https:\/\/clavreuil-wordpress.logiciel-arteo.fr\/wp-content\/uploads\/2024\/04\/pierre-corneille-van-geel-flore-des-serres-et-des-jardins-de-paris-ou-collection-de-plantes-remarquables-pour-leur-utilite-leur-elegance-leur-eclat-ou.jpg\" \/>\n\t<meta property=\"og:image:width\" content=\"1321\" \/>\n\t<meta property=\"og:image:height\" content=\"1793\" \/>\n\t<meta property=\"og:image:type\" content=\"image\/jpeg\" \/>\n<meta name=\"twitter:card\" content=\"summary_large_image\" \/>\n<meta name=\"twitter:label1\" content=\"Est. reading time\" \/>\n\t<meta name=\"twitter:data1\" content=\"1 minute\" \/>\n<script type=\"application\/ld+json\" class=\"yoast-schema-graph\">{\"@context\":\"https:\/\/schema.org\",\"@graph\":[{\"@type\":\"WebPage\",\"@id\":\"https:\/\/clavreuil-wordpress.logiciel-arteo.fr\/en\/flore-des-serres-et-des-jardins-de-paris-ou-collection-de-plantes-remarquables-pour-leur-utilite-leur-elegance-leur-eclat-ou-leur-nouveaute-consistant-en-six-cents-planches-soigneusement-lithograp\/\",\"url\":\"https:\/\/clavreuil-wordpress.logiciel-arteo.fr\/en\/flore-des-serres-et-des-jardins-de-paris-ou-collection-de-plantes-remarquables-pour-leur-utilite-leur-elegance-leur-eclat-ou-leur-nouveaute-consistant-en-six-cents-planches-soigneusement-lithograp\/\",\"name\":\"GEEL Pierre Corneille van FLORE DES SERRES et des jardins de Paris ou Collection de plantes, remarquables pour leur utilit\u00e9, leur \u00e9l\u00e9gance, leur \u00e9clat ou leur nouveaut\u00e9; consistant en six cents planches soigneusement lithographi\u00e9es et colori\u00e9es, accompagn\u00e9es d'un texte particulier pour chaque plante, ses caract\u00e8res g\u00e9n\u00e9rique et sp\u00e9cifique ainsi que sa synonymie, son histoire, l'\u00e9poque de sa d\u00e9couverte, celle de son introduction dans nos contr\u00e9es et dans nos jardins, ses usages, soit dans les arts, soit l'\u00e9conomie domestique et la m\u00e9decine; enfin les diff\u00e9rens modes de culture qui r\u00e9ussissent le mieux dans nos climats pour lui faire parcourir compl\u00e8tement toutes les p\u00e9riodes de la vie v\u00e9g\u00e9tale... - Libairie Clavreuil\",\"isPartOf\":{\"@id\":\"https:\/\/clavreuil-wordpress.logiciel-arteo.fr\/#website\"},\"primaryImageOfPage\":{\"@id\":\"https:\/\/clavreuil-wordpress.logiciel-arteo.fr\/en\/flore-des-serres-et-des-jardins-de-paris-ou-collection-de-plantes-remarquables-pour-leur-utilite-leur-elegance-leur-eclat-ou-leur-nouveaute-consistant-en-six-cents-planches-soigneusement-lithograp\/#primaryimage\"},\"image\":{\"@id\":\"https:\/\/clavreuil-wordpress.logiciel-arteo.fr\/en\/flore-des-serres-et-des-jardins-de-paris-ou-collection-de-plantes-remarquables-pour-leur-utilite-leur-elegance-leur-eclat-ou-leur-nouveaute-consistant-en-six-cents-planches-soigneusement-lithograp\/#primaryimage\"},\"thumbnailUrl\":\"https:\/\/clavreuil-wordpress.logiciel-arteo.fr\/wp-content\/uploads\/2024\/04\/pierre-corneille-van-geel-flore-des-serres-et-des-jardins-de-paris-ou-collection-de-plantes-remarquables-pour-leur-utilite-leur-elegance-leur-eclat-ou.jpg\",\"datePublished\":\"2024-04-19T17:13:30+00:00\",\"dateModified\":\"2024-04-22T13:00:49+00:00\",\"breadcrumb\":{\"@id\":\"https:\/\/clavreuil-wordpress.logiciel-arteo.fr\/en\/flore-des-serres-et-des-jardins-de-paris-ou-collection-de-plantes-remarquables-pour-leur-utilite-leur-elegance-leur-eclat-ou-leur-nouveaute-consistant-en-six-cents-planches-soigneusement-lithograp\/#breadcrumb\"},\"inLanguage\":\"en-US\",\"potentialAction\":[{\"@type\":\"ReadAction\",\"target\":[\"https:\/\/clavreuil-wordpress.logiciel-arteo.fr\/en\/flore-des-serres-et-des-jardins-de-paris-ou-collection-de-plantes-remarquables-pour-leur-utilite-leur-elegance-leur-eclat-ou-leur-nouveaute-consistant-en-six-cents-planches-soigneusement-lithograp\/\"]}]},{\"@type\":\"ImageObject\",\"inLanguage\":\"en-US\",\"@id\":\"https:\/\/clavreuil-wordpress.logiciel-arteo.fr\/en\/flore-des-serres-et-des-jardins-de-paris-ou-collection-de-plantes-remarquables-pour-leur-utilite-leur-elegance-leur-eclat-ou-leur-nouveaute-consistant-en-six-cents-planches-soigneusement-lithograp\/#primaryimage\",\"url\":\"https:\/\/clavreuil-wordpress.logiciel-arteo.fr\/wp-content\/uploads\/2024\/04\/pierre-corneille-van-geel-flore-des-serres-et-des-jardins-de-paris-ou-collection-de-plantes-remarquables-pour-leur-utilite-leur-elegance-leur-eclat-ou.jpg\",\"contentUrl\":\"https:\/\/clavreuil-wordpress.logiciel-arteo.fr\/wp-content\/uploads\/2024\/04\/pierre-corneille-van-geel-flore-des-serres-et-des-jardins-de-paris-ou-collection-de-plantes-remarquables-pour-leur-utilite-leur-elegance-leur-eclat-ou.jpg\",\"width\":1321,\"height\":1793},{\"@type\":\"BreadcrumbList\",\"@id\":\"https:\/\/clavreuil-wordpress.logiciel-arteo.fr\/en\/flore-des-serres-et-des-jardins-de-paris-ou-collection-de-plantes-remarquables-pour-leur-utilite-leur-elegance-leur-eclat-ou-leur-nouveaute-consistant-en-six-cents-planches-soigneusement-lithograp\/#breadcrumb\",\"itemListElement\":[{\"@type\":\"ListItem\",\"position\":1,\"name\":\"Accueil\",\"item\":\"https:\/\/clavreuil-wordpress.logiciel-arteo.fr\/\"},{\"@type\":\"ListItem\",\"position\":2,\"name\":\"All our books\",\"item\":\"https:\/\/clavreuil-wordpress.logiciel-arteo.fr\/en\/all-our-books\/\"},{\"@type\":\"ListItem\",\"position\":3,\"name\":\"GEEL Pierre Corneille van FLORE DES SERRES et...\"}]},{\"@type\":\"WebSite\",\"@id\":\"https:\/\/clavreuil-wordpress.logiciel-arteo.fr\/#website\",\"url\":\"https:\/\/clavreuil-wordpress.logiciel-arteo.fr\/\",\"name\":\"Libairie Clavreuil\",\"description\":\"\",\"publisher\":{\"@id\":\"https:\/\/clavreuil-wordpress.logiciel-arteo.fr\/#organization\"},\"potentialAction\":[{\"@type\":\"SearchAction\",\"target\":{\"@type\":\"EntryPoint\",\"urlTemplate\":\"https:\/\/clavreuil-wordpress.logiciel-arteo.fr\/?s={search_term_string}\"},\"query-input\":{\"@type\":\"PropertyValueSpecification\",\"valueRequired\":true,\"valueName\":\"search_term_string\"}}],\"inLanguage\":\"en-US\"},{\"@type\":\"Organization\",\"@id\":\"https:\/\/clavreuil-wordpress.logiciel-arteo.fr\/#organization\",\"name\":\"Libairie Clavreuil\",\"url\":\"https:\/\/clavreuil-wordpress.logiciel-arteo.fr\/\",\"logo\":{\"@type\":\"ImageObject\",\"inLanguage\":\"en-US\",\"@id\":\"https:\/\/clavreuil-wordpress.logiciel-arteo.fr\/#\/schema\/logo\/image\/\",\"url\":\"https:\/\/clavreuil-wordpress.logiciel-arteo.fr\/wp-content\/uploads\/2021\/05\/LOGO_PNG_DATE-_gold.png\",\"contentUrl\":\"https:\/\/clavreuil-wordpress.logiciel-arteo.fr\/wp-content\/uploads\/2021\/05\/LOGO_PNG_DATE-_gold.png\",\"width\":2083,\"height\":1917,\"caption\":\"Libairie Clavreuil\"},\"image\":{\"@id\":\"https:\/\/clavreuil-wordpress.logiciel-arteo.fr\/#\/schema\/logo\/image\/\"}}]}<\/script>\n<!-- \/ Yoast SEO plugin. -->","yoast_head_json":{"title":"GEEL Pierre Corneille van FLORE DES SERRES et des jardins de Paris ou Collection de plantes, remarquables pour leur utilit\u00e9, leur \u00e9l\u00e9gance, leur \u00e9clat ou leur nouveaut\u00e9; consistant en six cents planches soigneusement lithographi\u00e9es et colori\u00e9es, accompagn\u00e9es d'un texte particulier pour chaque plante, ses caract\u00e8res g\u00e9n\u00e9rique et sp\u00e9cifique ainsi que sa synonymie, son histoire, l'\u00e9poque de sa d\u00e9couverte, celle de son introduction dans nos contr\u00e9es et dans nos jardins, ses usages, soit dans les arts, soit l'\u00e9conomie domestique et la m\u00e9decine; enfin les diff\u00e9rens modes de culture qui r\u00e9ussissent le mieux dans nos climats pour lui faire parcourir compl\u00e8tement toutes les p\u00e9riodes de la vie v\u00e9g\u00e9tale... - Libairie Clavreuil","robots":{"index":"noindex","follow":"follow","max-snippet":"max-snippet:-1","max-image-preview":"max-image-preview:large","max-video-preview":"max-video-preview:-1"},"og_locale":"en_US","og_type":"article","og_title":"GEEL Pierre Corneille van FLORE DES SERRES et des jardins de Paris ou Collection de plantes, remarquables pour leur utilit\u00e9, leur \u00e9l\u00e9gance, leur \u00e9clat ou leur nouveaut\u00e9; consistant en six cents planches soigneusement lithographi\u00e9es et colori\u00e9es, accompagn\u00e9es d'un texte particulier pour chaque plante, ses caract\u00e8res g\u00e9n\u00e9rique et sp\u00e9cifique ainsi que sa synonymie, son histoire, l'\u00e9poque de sa d\u00e9couverte, celle de son introduction dans nos contr\u00e9es et dans nos jardins, ses usages, soit dans les arts, soit l'\u00e9conomie domestique et la m\u00e9decine; enfin les diff\u00e9rens modes de culture qui r\u00e9ussissent le mieux dans nos climats pour lui faire parcourir compl\u00e8tement toutes les p\u00e9riodes de la vie v\u00e9g\u00e9tale... - Libairie Clavreuil","og_description":"6 volumes, folio (363 x 270 mm) 599 (respectively 106 + 118 + 90 + 95 + 103 + 87) lithographed plates, all (except one) in fine contemporary handcolouring with the respective explanatory text leaves; contemporary red half-calf, flat spines elegantly decorated, inlaid and gilt.","og_url":"https:\/\/clavreuil-wordpress.logiciel-arteo.fr\/en\/flore-des-serres-et-des-jardins-de-paris-ou-collection-de-plantes-remarquables-pour-leur-utilite-leur-elegance-leur-eclat-ou-leur-nouveaute-consistant-en-six-cents-planches-soigneusement-lithograp\/","og_site_name":"Libairie Clavreuil","article_modified_time":"2024-04-22T13:00:49+00:00","og_image":[{"width":1321,"height":1793,"url":"https:\/\/clavreuil-wordpress.logiciel-arteo.fr\/wp-content\/uploads\/2024\/04\/pierre-corneille-van-geel-flore-des-serres-et-des-jardins-de-paris-ou-collection-de-plantes-remarquables-pour-leur-utilite-leur-elegance-leur-eclat-ou.jpg","type":"image\/jpeg"}],"twitter_card":"summary_large_image","twitter_misc":{"Est. reading time":"1 minute"},"schema":{"@context":"https:\/\/schema.org","@graph":[{"@type":"WebPage","@id":"https:\/\/clavreuil-wordpress.logiciel-arteo.fr\/en\/flore-des-serres-et-des-jardins-de-paris-ou-collection-de-plantes-remarquables-pour-leur-utilite-leur-elegance-leur-eclat-ou-leur-nouveaute-consistant-en-six-cents-planches-soigneusement-lithograp\/","url":"https:\/\/clavreuil-wordpress.logiciel-arteo.fr\/en\/flore-des-serres-et-des-jardins-de-paris-ou-collection-de-plantes-remarquables-pour-leur-utilite-leur-elegance-leur-eclat-ou-leur-nouveaute-consistant-en-six-cents-planches-soigneusement-lithograp\/","name":"GEEL Pierre Corneille van FLORE DES SERRES et des jardins de Paris ou Collection de plantes, remarquables pour leur utilit\u00e9, leur \u00e9l\u00e9gance, leur \u00e9clat ou leur nouveaut\u00e9; consistant en six cents planches soigneusement lithographi\u00e9es et colori\u00e9es, accompagn\u00e9es d'un texte particulier pour chaque plante, ses caract\u00e8res g\u00e9n\u00e9rique et sp\u00e9cifique ainsi que sa synonymie, son histoire, l'\u00e9poque de sa d\u00e9couverte, celle de son introduction dans nos contr\u00e9es et dans nos jardins, ses usages, soit dans les arts, soit l'\u00e9conomie domestique et la m\u00e9decine; enfin les diff\u00e9rens modes de culture qui r\u00e9ussissent le mieux dans nos climats pour lui faire parcourir compl\u00e8tement toutes les p\u00e9riodes de la vie v\u00e9g\u00e9tale... - Libairie Clavreuil","isPartOf":{"@id":"https:\/\/clavreuil-wordpress.logiciel-arteo.fr\/#website"},"primaryImageOfPage":{"@id":"https:\/\/clavreuil-wordpress.logiciel-arteo.fr\/en\/flore-des-serres-et-des-jardins-de-paris-ou-collection-de-plantes-remarquables-pour-leur-utilite-leur-elegance-leur-eclat-ou-leur-nouveaute-consistant-en-six-cents-planches-soigneusement-lithograp\/#primaryimage"},"image":{"@id":"https:\/\/clavreuil-wordpress.logiciel-arteo.fr\/en\/flore-des-serres-et-des-jardins-de-paris-ou-collection-de-plantes-remarquables-pour-leur-utilite-leur-elegance-leur-eclat-ou-leur-nouveaute-consistant-en-six-cents-planches-soigneusement-lithograp\/#primaryimage"},"thumbnailUrl":"https:\/\/clavreuil-wordpress.logiciel-arteo.fr\/wp-content\/uploads\/2024\/04\/pierre-corneille-van-geel-flore-des-serres-et-des-jardins-de-paris-ou-collection-de-plantes-remarquables-pour-leur-utilite-leur-elegance-leur-eclat-ou.jpg","datePublished":"2024-04-19T17:13:30+00:00","dateModified":"2024-04-22T13:00:49+00:00","breadcrumb":{"@id":"https:\/\/clavreuil-wordpress.logiciel-arteo.fr\/en\/flore-des-serres-et-des-jardins-de-paris-ou-collection-de-plantes-remarquables-pour-leur-utilite-leur-elegance-leur-eclat-ou-leur-nouveaute-consistant-en-six-cents-planches-soigneusement-lithograp\/#breadcrumb"},"inLanguage":"en-US","potentialAction":[{"@type":"ReadAction","target":["https:\/\/clavreuil-wordpress.logiciel-arteo.fr\/en\/flore-des-serres-et-des-jardins-de-paris-ou-collection-de-plantes-remarquables-pour-leur-utilite-leur-elegance-leur-eclat-ou-leur-nouveaute-consistant-en-six-cents-planches-soigneusement-lithograp\/"]}]},{"@type":"ImageObject","inLanguage":"en-US","@id":"https:\/\/clavreuil-wordpress.logiciel-arteo.fr\/en\/flore-des-serres-et-des-jardins-de-paris-ou-collection-de-plantes-remarquables-pour-leur-utilite-leur-elegance-leur-eclat-ou-leur-nouveaute-consistant-en-six-cents-planches-soigneusement-lithograp\/#primaryimage","url":"https:\/\/clavreuil-wordpress.logiciel-arteo.fr\/wp-content\/uploads\/2024\/04\/pierre-corneille-van-geel-flore-des-serres-et-des-jardins-de-paris-ou-collection-de-plantes-remarquables-pour-leur-utilite-leur-elegance-leur-eclat-ou.jpg","contentUrl":"https:\/\/clavreuil-wordpress.logiciel-arteo.fr\/wp-content\/uploads\/2024\/04\/pierre-corneille-van-geel-flore-des-serres-et-des-jardins-de-paris-ou-collection-de-plantes-remarquables-pour-leur-utilite-leur-elegance-leur-eclat-ou.jpg","width":1321,"height":1793},{"@type":"BreadcrumbList","@id":"https:\/\/clavreuil-wordpress.logiciel-arteo.fr\/en\/flore-des-serres-et-des-jardins-de-paris-ou-collection-de-plantes-remarquables-pour-leur-utilite-leur-elegance-leur-eclat-ou-leur-nouveaute-consistant-en-six-cents-planches-soigneusement-lithograp\/#breadcrumb","itemListElement":[{"@type":"ListItem","position":1,"name":"Accueil","item":"https:\/\/clavreuil-wordpress.logiciel-arteo.fr\/"},{"@type":"ListItem","position":2,"name":"All our books","item":"https:\/\/clavreuil-wordpress.logiciel-arteo.fr\/en\/all-our-books\/"},{"@type":"ListItem","position":3,"name":"GEEL Pierre Corneille van FLORE DES SERRES et..."}]},{"@type":"WebSite","@id":"https:\/\/clavreuil-wordpress.logiciel-arteo.fr\/#website","url":"https:\/\/clavreuil-wordpress.logiciel-arteo.fr\/","name":"Libairie Clavreuil","description":"","publisher":{"@id":"https:\/\/clavreuil-wordpress.logiciel-arteo.fr\/#organization"},"potentialAction":[{"@type":"SearchAction","target":{"@type":"EntryPoint","urlTemplate":"https:\/\/clavreuil-wordpress.logiciel-arteo.fr\/?s={search_term_string}"},"query-input":{"@type":"PropertyValueSpecification","valueRequired":true,"valueName":"search_term_string"}}],"inLanguage":"en-US"},{"@type":"Organization","@id":"https:\/\/clavreuil-wordpress.logiciel-arteo.fr\/#organization","name":"Libairie Clavreuil","url":"https:\/\/clavreuil-wordpress.logiciel-arteo.fr\/","logo":{"@type":"ImageObject","inLanguage":"en-US","@id":"https:\/\/clavreuil-wordpress.logiciel-arteo.fr\/#\/schema\/logo\/image\/","url":"https:\/\/clavreuil-wordpress.logiciel-arteo.fr\/wp-content\/uploads\/2021\/05\/LOGO_PNG_DATE-_gold.png","contentUrl":"https:\/\/clavreuil-wordpress.logiciel-arteo.fr\/wp-content\/uploads\/2021\/05\/LOGO_PNG_DATE-_gold.png","width":2083,"height":1917,"caption":"Libairie Clavreuil"},"image":{"@id":"https:\/\/clavreuil-wordpress.logiciel-arteo.fr\/#\/schema\/logo\/image\/"}}]}},"_links":{"self":[{"href":"https:\/\/clavreuil-wordpress.logiciel-arteo.fr\/en\/wp-json\/wp\/v2\/product\/73890","targetHints":{"allow":["GET"]}}],"collection":[{"href":"https:\/\/clavreuil-wordpress.logiciel-arteo.fr\/en\/wp-json\/wp\/v2\/product"}],"about":[{"href":"https:\/\/clavreuil-wordpress.logiciel-arteo.fr\/en\/wp-json\/wp\/v2\/types\/product"}],"replies":[{"embeddable":true,"href":"https:\/\/clavreuil-wordpress.logiciel-arteo.fr\/en\/wp-json\/wp\/v2\/comments?post=73890"}],"wp:featuredmedia":[{"embeddable":true,"href":"https:\/\/clavreuil-wordpress.logiciel-arteo.fr\/en\/wp-json\/wp\/v2\/media\/73875"}],"wp:attachment":[{"href":"https:\/\/clavreuil-wordpress.logiciel-arteo.fr\/en\/wp-json\/wp\/v2\/media?parent=73890"}],"wp:term":[{"taxonomy":"product_brand","embeddable":true,"href":"https:\/\/clavreuil-wordpress.logiciel-arteo.fr\/en\/wp-json\/wp\/v2\/product_brand?post=73890"},{"taxonomy":"product_cat","embeddable":true,"href":"https:\/\/clavreuil-wordpress.logiciel-arteo.fr\/en\/wp-json\/wp\/v2\/product_cat?post=73890"},{"taxonomy":"product_tag","embeddable":true,"href":"https:\/\/clavreuil-wordpress.logiciel-arteo.fr\/en\/wp-json\/wp\/v2\/product_tag?post=73890"}],"curies":[{"name":"wp","href":"https:\/\/api.w.org\/{rel}","templated":true}]}}