{"id":73906,"date":"2024-04-20T13:06:06","date_gmt":"2024-04-20T11:06:06","guid":{"rendered":"https:\/\/clavreuil-wordpress.logiciel-arteo.fr\/atala-rene-francois-rene-chateaubriand\/"},"modified":"2024-04-22T16:16:31","modified_gmt":"2024-04-22T14:16:31","slug":"atala-rene-francois-rene-chateaubriand","status":"publish","type":"product","link":"https:\/\/clavreuil-wordpress.logiciel-arteo.fr\/en\/atala-rene-francois-rene-chateaubriand\/","title":{"rendered":"CHATEAUBRIAND Fran\u00e7ois-Ren\u00e9 Atala &#8211; Ren\u00e9"},"content":{"rendered":"<p style=\"text-align:justify\"><em>Carteret, I, 161; Talvart 2-B Vicaire, II, 279-280. Cohen, 229, Chateaubriand, Le Voyageur et l&#039;homme politique, 1969, Biblioth&egrave;que nationale, n&deg;68;&nbsp;Escoffier, le Mouvement romantique, 155.&nbsp;<\/em><\/p>\n<p style=\"text-align:justify\">First collective edition of these two novels, which mark the beginning of the Romantic era.<\/p>\n<p style=\"text-align:justify\">It is decorated with 6 figures engraved by Saint-Aubin and Choffard after drawings by Garnier.<\/p>\n<p style=\"text-align:justify\">After being published separately five times in 1801, Atala took its rightful place in the <em>G&eacute;nie du Christianisme <\/em>alongside Ren&eacute; (1802). Successive editions will give rise to numerous revisions by the author until the present edition, which gives the definitive text.: <em>&laquo;J&#039;ai pass&eacute; quatre ans &agrave; revoir cet &eacute;pisode, mais aussi il est tel qu&#039;il doit rester. C&#039;est la seule Atala que je reconno&icirc;trai &agrave; l&#039;avenir &raquo; <\/em>(Pr&eacute;face). The preface in which Chateaubriand explains his work and his reaction to the criticism of these two novels is in first edition.<\/p>\n<p style=\"text-align:justify\">In 1791, Ch&acirc;teaubriand travelled to America, which inspired two literary works. The first was<em> Atala,<\/em> followed by <em>Voyage en Am&eacute;rique,<\/em> published in 1828, which retraces his journey. Ch&acirc;teaubriand was fascinated by the American landscape, with its luxuriant, wild and transcendent nature. As an amateur botanist, he did not forget to incorporate this nature into <em>Atala<\/em>, which combines his impressions of his journey with a tragic love story between Atala and Chactas.<\/p>\n<p style=\"text-align:justify\">Marginal foxing on the plates.&nbsp;<\/p>\n<p style=\"text-align:justify\">A present copy to an amateur botanist.<\/p>\n<p style=\"text-align:justify\">Chateaubriand&#039;s interest in botany is well known. It is apparent not only in his works but also in his daily life when he tended the garden at his property in the Vall&eacute;e-aux-Loups.<\/p>\n<p style=\"text-align:justify\">Although little is known about Madame Chauss&eacute;e, it is certain that she was an amateur botanist in Le Havre. She was behind the creation of the unique variegated rose in the 1820s. For a time, she was dispossessed of her creation in favour of Monsieur Caron, caretaker of the garden at Rouen town hall (Singer, Max, <em>Dictionnaire des roses<\/em>, 1885, p.335).<\/p>\n<p style=\"text-align:justify\">Although there are no historical documents linking Chateaubriand to Madame Chaus&eacute;e, we cannot ignore the fact that their lives coincided. Botany was not the only thing that linked them. They also frequented the same places. It was in Le Havre that the author disembarked after his stay in America, and he devoted several passages to the town in his <em>M&eacute;moires d&#039;Outre-tombe<\/em> (Livre VII).<\/p>\n<p style=\"text-align:justify\">Provenance: From the very fine collection of Doctor Armand Ripault (bookplate with the motto &quot;d&#039;esp&eacute;rer servira&quot;), cited in the catalogue of the Giraud-Badin sale of 24-26 January 1924 (first part, no. 239); Andr&eacute; Cade (bookplate): Professor of general pathology and therapeutics at the Faculty of Medicine in Lyon. &#8211; Correspondent at the Acad&eacute;mie de m&eacute;decine and member of the Acad&eacute;mie des sciences, belles-lettres et arts de Lyon.<\/p>\n","protected":false},"excerpt":{"rendered":"<p>12mo (166 x 93 mm), 2 unn.l, 46 pp.,1 l. (blank), 331 pp. Long-grained red morocco, flat spine gilt, gilt garland framing the covers with gilt lettering on the first &quot;SOUVENIRS D&#039;AMITI&Eacute;&quot; and on the second &quot;Mme CHAUSSEE&quot;, inner gilt roll, gilt edges (<em>contemporary binding<\/em>).<\/p>\n","protected":false},"featured_media":73897,"comment_status":"open","ping_status":"closed","template":"","meta":{"_acf_changed":false},"product_brand":[],"product_cat":[544],"product_tag":[598],"class_list":{"0":"post-73906","1":"product","2":"type-product","3":"status-publish","4":"has-post-thumbnail","6":"product_cat-literature","7":"product_tag-19th-century-literature","8":"pa_auteur-francois-rene-chateaubriand-2","9":"pa_type-de-livre-printed-book","11":"first","12":"instock","13":"shipping-taxable","14":"purchasable","15":"product-type-simple"},"acf":[],"yoast_head":"<!-- This site is optimized with the Yoast SEO plugin v24.3 - https:\/\/yoast.com\/wordpress\/plugins\/seo\/ -->\n<title>CHATEAUBRIAND Fran\u00e7ois-Ren\u00e9 Atala - Ren\u00e9 - Libairie Clavreuil<\/title>\n<meta name=\"robots\" content=\"noindex, follow, max-snippet:-1, max-image-preview:large, max-video-preview:-1\" \/>\n<meta property=\"og:locale\" content=\"en_US\" \/>\n<meta property=\"og:type\" content=\"article\" \/>\n<meta property=\"og:title\" content=\"CHATEAUBRIAND Fran\u00e7ois-Ren\u00e9 Atala - Ren\u00e9 - Libairie Clavreuil\" \/>\n<meta property=\"og:description\" content=\"12mo (166 x 93 mm), 2 unn.l, 46 pp.,1 l. (blank), 331 pp. Long-grained red morocco, flat spine gilt, gilt garland framing the covers with gilt lettering on the first &quot;SOUVENIRS D&#039;AMITI&Eacute;&quot; and on the second &quot;Mme CHAUSSEE&quot;, inner gilt roll, gilt edges (contemporary binding).\" \/>\n<meta property=\"og:url\" content=\"https:\/\/clavreuil-wordpress.logiciel-arteo.fr\/en\/atala-rene-francois-rene-chateaubriand\/\" \/>\n<meta property=\"og:site_name\" content=\"Libairie Clavreuil\" \/>\n<meta property=\"article:modified_time\" content=\"2024-04-22T14:16:31+00:00\" \/>\n<meta property=\"og:image\" content=\"https:\/\/clavreuil-wordpress.logiciel-arteo.fr\/wp-content\/uploads\/2024\/04\/francois-rene-chateaubriand-atala-rene-9399-66157627643ab-scaled.jpg\" \/>\n\t<meta property=\"og:image:width\" content=\"1835\" \/>\n\t<meta property=\"og:image:height\" content=\"2560\" \/>\n\t<meta property=\"og:image:type\" content=\"image\/jpeg\" \/>\n<meta name=\"twitter:card\" content=\"summary_large_image\" \/>\n<meta name=\"twitter:label1\" content=\"Est. reading time\" \/>\n\t<meta name=\"twitter:data1\" content=\"2 minutes\" \/>\n<script type=\"application\/ld+json\" class=\"yoast-schema-graph\">{\"@context\":\"https:\/\/schema.org\",\"@graph\":[{\"@type\":\"WebPage\",\"@id\":\"https:\/\/clavreuil-wordpress.logiciel-arteo.fr\/en\/atala-rene-francois-rene-chateaubriand\/\",\"url\":\"https:\/\/clavreuil-wordpress.logiciel-arteo.fr\/en\/atala-rene-francois-rene-chateaubriand\/\",\"name\":\"CHATEAUBRIAND Fran\u00e7ois-Ren\u00e9 Atala - Ren\u00e9 - Libairie Clavreuil\",\"isPartOf\":{\"@id\":\"https:\/\/clavreuil-wordpress.logiciel-arteo.fr\/#website\"},\"primaryImageOfPage\":{\"@id\":\"https:\/\/clavreuil-wordpress.logiciel-arteo.fr\/en\/atala-rene-francois-rene-chateaubriand\/#primaryimage\"},\"image\":{\"@id\":\"https:\/\/clavreuil-wordpress.logiciel-arteo.fr\/en\/atala-rene-francois-rene-chateaubriand\/#primaryimage\"},\"thumbnailUrl\":\"https:\/\/clavreuil-wordpress.logiciel-arteo.fr\/wp-content\/uploads\/2024\/04\/francois-rene-chateaubriand-atala-rene-9399-66157627643ab-scaled.jpg\",\"datePublished\":\"2024-04-20T11:06:06+00:00\",\"dateModified\":\"2024-04-22T14:16:31+00:00\",\"breadcrumb\":{\"@id\":\"https:\/\/clavreuil-wordpress.logiciel-arteo.fr\/en\/atala-rene-francois-rene-chateaubriand\/#breadcrumb\"},\"inLanguage\":\"en-US\",\"potentialAction\":[{\"@type\":\"ReadAction\",\"target\":[\"https:\/\/clavreuil-wordpress.logiciel-arteo.fr\/en\/atala-rene-francois-rene-chateaubriand\/\"]}]},{\"@type\":\"ImageObject\",\"inLanguage\":\"en-US\",\"@id\":\"https:\/\/clavreuil-wordpress.logiciel-arteo.fr\/en\/atala-rene-francois-rene-chateaubriand\/#primaryimage\",\"url\":\"https:\/\/clavreuil-wordpress.logiciel-arteo.fr\/wp-content\/uploads\/2024\/04\/francois-rene-chateaubriand-atala-rene-9399-66157627643ab-scaled.jpg\",\"contentUrl\":\"https:\/\/clavreuil-wordpress.logiciel-arteo.fr\/wp-content\/uploads\/2024\/04\/francois-rene-chateaubriand-atala-rene-9399-66157627643ab-scaled.jpg\",\"width\":1835,\"height\":2560},{\"@type\":\"BreadcrumbList\",\"@id\":\"https:\/\/clavreuil-wordpress.logiciel-arteo.fr\/en\/atala-rene-francois-rene-chateaubriand\/#breadcrumb\",\"itemListElement\":[{\"@type\":\"ListItem\",\"position\":1,\"name\":\"Accueil\",\"item\":\"https:\/\/clavreuil-wordpress.logiciel-arteo.fr\/\"},{\"@type\":\"ListItem\",\"position\":2,\"name\":\"All our books\",\"item\":\"https:\/\/clavreuil-wordpress.logiciel-arteo.fr\/en\/all-our-books\/\"},{\"@type\":\"ListItem\",\"position\":3,\"name\":\"CHATEAUBRIAND Fran\u00e7ois-Ren\u00e9 Atala &#8211; Ren\u00e9\"}]},{\"@type\":\"WebSite\",\"@id\":\"https:\/\/clavreuil-wordpress.logiciel-arteo.fr\/#website\",\"url\":\"https:\/\/clavreuil-wordpress.logiciel-arteo.fr\/\",\"name\":\"Libairie Clavreuil\",\"description\":\"\",\"publisher\":{\"@id\":\"https:\/\/clavreuil-wordpress.logiciel-arteo.fr\/#organization\"},\"potentialAction\":[{\"@type\":\"SearchAction\",\"target\":{\"@type\":\"EntryPoint\",\"urlTemplate\":\"https:\/\/clavreuil-wordpress.logiciel-arteo.fr\/?s={search_term_string}\"},\"query-input\":{\"@type\":\"PropertyValueSpecification\",\"valueRequired\":true,\"valueName\":\"search_term_string\"}}],\"inLanguage\":\"en-US\"},{\"@type\":\"Organization\",\"@id\":\"https:\/\/clavreuil-wordpress.logiciel-arteo.fr\/#organization\",\"name\":\"Libairie Clavreuil\",\"url\":\"https:\/\/clavreuil-wordpress.logiciel-arteo.fr\/\",\"logo\":{\"@type\":\"ImageObject\",\"inLanguage\":\"en-US\",\"@id\":\"https:\/\/clavreuil-wordpress.logiciel-arteo.fr\/#\/schema\/logo\/image\/\",\"url\":\"https:\/\/clavreuil-wordpress.logiciel-arteo.fr\/wp-content\/uploads\/2021\/05\/LOGO_PNG_DATE-_gold.png\",\"contentUrl\":\"https:\/\/clavreuil-wordpress.logiciel-arteo.fr\/wp-content\/uploads\/2021\/05\/LOGO_PNG_DATE-_gold.png\",\"width\":2083,\"height\":1917,\"caption\":\"Libairie Clavreuil\"},\"image\":{\"@id\":\"https:\/\/clavreuil-wordpress.logiciel-arteo.fr\/#\/schema\/logo\/image\/\"}}]}<\/script>\n<!-- \/ Yoast SEO plugin. -->","yoast_head_json":{"title":"CHATEAUBRIAND Fran\u00e7ois-Ren\u00e9 Atala - Ren\u00e9 - Libairie Clavreuil","robots":{"index":"noindex","follow":"follow","max-snippet":"max-snippet:-1","max-image-preview":"max-image-preview:large","max-video-preview":"max-video-preview:-1"},"og_locale":"en_US","og_type":"article","og_title":"CHATEAUBRIAND Fran\u00e7ois-Ren\u00e9 Atala - Ren\u00e9 - Libairie Clavreuil","og_description":"12mo (166 x 93 mm), 2 unn.l, 46 pp.,1 l. (blank), 331 pp. Long-grained red morocco, flat spine gilt, gilt garland framing the covers with gilt lettering on the first &quot;SOUVENIRS D&#039;AMITI&Eacute;&quot; and on the second &quot;Mme CHAUSSEE&quot;, inner gilt roll, gilt edges (contemporary binding).","og_url":"https:\/\/clavreuil-wordpress.logiciel-arteo.fr\/en\/atala-rene-francois-rene-chateaubriand\/","og_site_name":"Libairie Clavreuil","article_modified_time":"2024-04-22T14:16:31+00:00","og_image":[{"width":1835,"height":2560,"url":"https:\/\/clavreuil-wordpress.logiciel-arteo.fr\/wp-content\/uploads\/2024\/04\/francois-rene-chateaubriand-atala-rene-9399-66157627643ab-scaled.jpg","type":"image\/jpeg"}],"twitter_card":"summary_large_image","twitter_misc":{"Est. reading time":"2 minutes"},"schema":{"@context":"https:\/\/schema.org","@graph":[{"@type":"WebPage","@id":"https:\/\/clavreuil-wordpress.logiciel-arteo.fr\/en\/atala-rene-francois-rene-chateaubriand\/","url":"https:\/\/clavreuil-wordpress.logiciel-arteo.fr\/en\/atala-rene-francois-rene-chateaubriand\/","name":"CHATEAUBRIAND Fran\u00e7ois-Ren\u00e9 Atala - Ren\u00e9 - Libairie Clavreuil","isPartOf":{"@id":"https:\/\/clavreuil-wordpress.logiciel-arteo.fr\/#website"},"primaryImageOfPage":{"@id":"https:\/\/clavreuil-wordpress.logiciel-arteo.fr\/en\/atala-rene-francois-rene-chateaubriand\/#primaryimage"},"image":{"@id":"https:\/\/clavreuil-wordpress.logiciel-arteo.fr\/en\/atala-rene-francois-rene-chateaubriand\/#primaryimage"},"thumbnailUrl":"https:\/\/clavreuil-wordpress.logiciel-arteo.fr\/wp-content\/uploads\/2024\/04\/francois-rene-chateaubriand-atala-rene-9399-66157627643ab-scaled.jpg","datePublished":"2024-04-20T11:06:06+00:00","dateModified":"2024-04-22T14:16:31+00:00","breadcrumb":{"@id":"https:\/\/clavreuil-wordpress.logiciel-arteo.fr\/en\/atala-rene-francois-rene-chateaubriand\/#breadcrumb"},"inLanguage":"en-US","potentialAction":[{"@type":"ReadAction","target":["https:\/\/clavreuil-wordpress.logiciel-arteo.fr\/en\/atala-rene-francois-rene-chateaubriand\/"]}]},{"@type":"ImageObject","inLanguage":"en-US","@id":"https:\/\/clavreuil-wordpress.logiciel-arteo.fr\/en\/atala-rene-francois-rene-chateaubriand\/#primaryimage","url":"https:\/\/clavreuil-wordpress.logiciel-arteo.fr\/wp-content\/uploads\/2024\/04\/francois-rene-chateaubriand-atala-rene-9399-66157627643ab-scaled.jpg","contentUrl":"https:\/\/clavreuil-wordpress.logiciel-arteo.fr\/wp-content\/uploads\/2024\/04\/francois-rene-chateaubriand-atala-rene-9399-66157627643ab-scaled.jpg","width":1835,"height":2560},{"@type":"BreadcrumbList","@id":"https:\/\/clavreuil-wordpress.logiciel-arteo.fr\/en\/atala-rene-francois-rene-chateaubriand\/#breadcrumb","itemListElement":[{"@type":"ListItem","position":1,"name":"Accueil","item":"https:\/\/clavreuil-wordpress.logiciel-arteo.fr\/"},{"@type":"ListItem","position":2,"name":"All our books","item":"https:\/\/clavreuil-wordpress.logiciel-arteo.fr\/en\/all-our-books\/"},{"@type":"ListItem","position":3,"name":"CHATEAUBRIAND Fran\u00e7ois-Ren\u00e9 Atala &#8211; Ren\u00e9"}]},{"@type":"WebSite","@id":"https:\/\/clavreuil-wordpress.logiciel-arteo.fr\/#website","url":"https:\/\/clavreuil-wordpress.logiciel-arteo.fr\/","name":"Libairie Clavreuil","description":"","publisher":{"@id":"https:\/\/clavreuil-wordpress.logiciel-arteo.fr\/#organization"},"potentialAction":[{"@type":"SearchAction","target":{"@type":"EntryPoint","urlTemplate":"https:\/\/clavreuil-wordpress.logiciel-arteo.fr\/?s={search_term_string}"},"query-input":{"@type":"PropertyValueSpecification","valueRequired":true,"valueName":"search_term_string"}}],"inLanguage":"en-US"},{"@type":"Organization","@id":"https:\/\/clavreuil-wordpress.logiciel-arteo.fr\/#organization","name":"Libairie Clavreuil","url":"https:\/\/clavreuil-wordpress.logiciel-arteo.fr\/","logo":{"@type":"ImageObject","inLanguage":"en-US","@id":"https:\/\/clavreuil-wordpress.logiciel-arteo.fr\/#\/schema\/logo\/image\/","url":"https:\/\/clavreuil-wordpress.logiciel-arteo.fr\/wp-content\/uploads\/2021\/05\/LOGO_PNG_DATE-_gold.png","contentUrl":"https:\/\/clavreuil-wordpress.logiciel-arteo.fr\/wp-content\/uploads\/2021\/05\/LOGO_PNG_DATE-_gold.png","width":2083,"height":1917,"caption":"Libairie Clavreuil"},"image":{"@id":"https:\/\/clavreuil-wordpress.logiciel-arteo.fr\/#\/schema\/logo\/image\/"}}]}},"_links":{"self":[{"href":"https:\/\/clavreuil-wordpress.logiciel-arteo.fr\/en\/wp-json\/wp\/v2\/product\/73906","targetHints":{"allow":["GET"]}}],"collection":[{"href":"https:\/\/clavreuil-wordpress.logiciel-arteo.fr\/en\/wp-json\/wp\/v2\/product"}],"about":[{"href":"https:\/\/clavreuil-wordpress.logiciel-arteo.fr\/en\/wp-json\/wp\/v2\/types\/product"}],"replies":[{"embeddable":true,"href":"https:\/\/clavreuil-wordpress.logiciel-arteo.fr\/en\/wp-json\/wp\/v2\/comments?post=73906"}],"wp:featuredmedia":[{"embeddable":true,"href":"https:\/\/clavreuil-wordpress.logiciel-arteo.fr\/en\/wp-json\/wp\/v2\/media\/73897"}],"wp:attachment":[{"href":"https:\/\/clavreuil-wordpress.logiciel-arteo.fr\/en\/wp-json\/wp\/v2\/media?parent=73906"}],"wp:term":[{"taxonomy":"product_brand","embeddable":true,"href":"https:\/\/clavreuil-wordpress.logiciel-arteo.fr\/en\/wp-json\/wp\/v2\/product_brand?post=73906"},{"taxonomy":"product_cat","embeddable":true,"href":"https:\/\/clavreuil-wordpress.logiciel-arteo.fr\/en\/wp-json\/wp\/v2\/product_cat?post=73906"},{"taxonomy":"product_tag","embeddable":true,"href":"https:\/\/clavreuil-wordpress.logiciel-arteo.fr\/en\/wp-json\/wp\/v2\/product_tag?post=73906"}],"curies":[{"name":"wp","href":"https:\/\/api.w.org\/{rel}","templated":true}]}}