{"id":73916,"date":"2024-04-20T13:06:52","date_gmt":"2024-04-20T11:06:52","guid":{"rendered":"https:\/\/clavreuil-wordpress.logiciel-arteo.fr\/histoires-ou-contes-du-tems-passe-avec-des-moralites-nouvelle-edition-augmentee-dune-nouvelle-a-la-fin-charles-perrault\/"},"modified":"2024-04-22T15:34:42","modified_gmt":"2024-04-22T13:34:42","slug":"histoires-ou-contes-du-tems-passe-avec-des-moralites-nouvelle-edition-augmentee-dune-nouvelle-a-la-fin-charles-perrault","status":"publish","type":"product","link":"https:\/\/clavreuil-wordpress.logiciel-arteo.fr\/en\/histoires-ou-contes-du-tems-passe-avec-des-moralites-nouvelle-edition-augmentee-dune-nouvelle-a-la-fin-charles-perrault\/","title":{"rendered":"PERRAULT Charles Histoires ou Contes du tems pass\u00e9...."},"content":{"rendered":"<p style=\"text-align:justify\">Rare Colportage edition based on the 1771 Amsterdam edition by Desbordes.<\/p>\n<p style=\"text-align:justify\">It contains : Le petit chaperon rouge, Les F&eacute;es, La Barbe bleue, La Belle au bois dormant, Le Ma&icirc;tre chat ou le Chat bott&eacute;, Cendrillon, ou la Petite pantouffle de verre, Riquet &agrave; la Houpe, L&#039;Adroite princesse.<br \/>\nEach tale is illustrated with woodcuts; the frontispice is inspired by the famous one used for the first edition and depicts Mother Goose.<\/p>\n<p style=\"text-align:justify\">The text is the same as in the 1716 edition by Desbordes where Cinderella&#039;s slippers ares still made of glass and which was the first to indicate that the novel L&#039;Adroite princesse was attributed to Charles Perrault.<\/p>\n<p style=\"text-align:justify\">&quot;Le nom de Charles [Perrault] est ins&eacute;parable de l&#039;histoire de l&#039;art, de la litt&eacute;rature, du progr&egrave;s en g&eacute;n&eacute;ral de son temps. Un des quatre premiers membres de l&#039;Acad&eacute;mie des Inscriptions et Belles-Lettres, membre des plus actifs de l&#039;Acad&eacute;mie fran&ccedil;aise, membre honoraire de l&#039;Acad&eacute;mie de Peinture et de Sculpture, il est en rapport avec les grands hommes du temps, et dirige l&#039;opinion des modernes dans la grande querelle litt&eacute;raire. D&egrave;s sa jeunesse, ce novateur faisait les choses autrement que ses camarades&#8230; L&#039;art inconscient des Contes du temps pass&eacute; leur avait pr&ecirc;t&eacute; les qualit&eacute;s du grand si&egrave;cle sans leur donner la faiblesse de la pr&eacute;ciosit&eacute; qui les avait fait na&icirc;tre. Leur vraisemblance dans le merveilleux, leur simplicit&eacute; en font des chefs-d&#039;&oelig;uvre du cart&eacute;sianisme&quot; (Storer, in : Un &eacute;pisode litt&eacute;raire de la fin du XVIIe si&egrave;cle. Les mode des contes des f&eacute;es 1685-1700, pp. 76s q.)<\/p>\n<p style=\"text-align:justify\">Provenance : Piazza (19th century prize-binding) with the label indicating &quot;3eme prix d&#039;encouragement, d&eacute;cern&eacute; &agrave; Piazza, El&egrave;ve de 3eme classe, par l&#039;Inst.r Prat&quot; [last letters missing].<\/p>\n<p style=\"text-align:justify\">Paper-flaw to pages 57-58 slightly touching text, binding somewhat rubbed.<\/p>\n","protected":false},"excerpt":{"rendered":"<p style=\"text-align:justify\">12mo (164 x 98 mm) 4 nn.ll. including the frontispiece, 177 pp., 8 woodcut vignettes in the text. Nineteenth-century blue marbled boards, spine and corner in dyed green vellum, manuscript spine label.<\/p>\n","protected":false},"featured_media":73907,"comment_status":"open","ping_status":"closed","template":"","meta":{"_acf_changed":false},"product_brand":[],"product_cat":[544],"product_tag":[1245,1236],"class_list":{"0":"post-73916","1":"product","2":"type-product","3":"status-publish","4":"has-post-thumbnail","6":"product_cat-literature","7":"product_tag-18th-century-literature","8":"product_tag-illustrations-2","9":"pa_auteur-charles-perrault-2","10":"pa_type-de-livre-printed-book","12":"first","13":"instock","14":"shipping-taxable","15":"purchasable","16":"product-type-simple"},"acf":[],"yoast_head":"<!-- This site is optimized with the Yoast SEO plugin v24.3 - https:\/\/yoast.com\/wordpress\/plugins\/seo\/ -->\n<title>PERRAULT Charles Histoires ou Contes du tems pass\u00e9. Avec des moralit\u00e9s. Nouvelle \u00e9dition, augment\u00e9e d&#039;une nouvelle \u00e0 la fin. - Libairie Clavreuil<\/title>\n<meta name=\"robots\" content=\"noindex, follow, max-snippet:-1, max-image-preview:large, max-video-preview:-1\" \/>\n<meta property=\"og:locale\" content=\"en_US\" \/>\n<meta property=\"og:type\" content=\"article\" \/>\n<meta property=\"og:title\" content=\"PERRAULT Charles Histoires ou Contes du tems pass\u00e9. Avec des moralit\u00e9s. Nouvelle \u00e9dition, augment\u00e9e d&#039;une nouvelle \u00e0 la fin. - Libairie Clavreuil\" \/>\n<meta property=\"og:description\" content=\"12mo (164 x 98 mm) 4 nn.ll. including the frontispiece, 177 pp., 8 woodcut vignettes in the text. Nineteenth-century blue marbled boards, spine and corner in dyed green vellum, manuscript spine label.\" \/>\n<meta property=\"og:url\" content=\"https:\/\/clavreuil-wordpress.logiciel-arteo.fr\/en\/histoires-ou-contes-du-tems-passe-avec-des-moralites-nouvelle-edition-augmentee-dune-nouvelle-a-la-fin-charles-perrault\/\" \/>\n<meta property=\"og:site_name\" content=\"Libairie Clavreuil\" \/>\n<meta property=\"article:modified_time\" content=\"2024-04-22T13:34:42+00:00\" \/>\n<meta property=\"og:image\" content=\"https:\/\/clavreuil-wordpress.logiciel-arteo.fr\/wp-content\/uploads\/2024\/04\/charles-perrault-histoires-ou-contes-du-tems-passe-avec-des-moralites-nouvelle-edition-augmentee-d-une-nouvelle-a-la-fin-4334-6596c6d73e82a-scaled.jpg\" \/>\n\t<meta property=\"og:image:width\" content=\"1920\" \/>\n\t<meta property=\"og:image:height\" content=\"2560\" \/>\n\t<meta property=\"og:image:type\" content=\"image\/jpeg\" \/>\n<meta name=\"twitter:card\" content=\"summary_large_image\" \/>\n<meta name=\"twitter:label1\" content=\"Est. reading time\" \/>\n\t<meta name=\"twitter:data1\" content=\"2 minutes\" \/>\n<script type=\"application\/ld+json\" class=\"yoast-schema-graph\">{\"@context\":\"https:\/\/schema.org\",\"@graph\":[{\"@type\":\"WebPage\",\"@id\":\"https:\/\/clavreuil-wordpress.logiciel-arteo.fr\/en\/histoires-ou-contes-du-tems-passe-avec-des-moralites-nouvelle-edition-augmentee-dune-nouvelle-a-la-fin-charles-perrault\/\",\"url\":\"https:\/\/clavreuil-wordpress.logiciel-arteo.fr\/en\/histoires-ou-contes-du-tems-passe-avec-des-moralites-nouvelle-edition-augmentee-dune-nouvelle-a-la-fin-charles-perrault\/\",\"name\":\"PERRAULT Charles Histoires ou Contes du tems pass\u00e9. Avec des moralit\u00e9s. Nouvelle \u00e9dition, augment\u00e9e d'une nouvelle \u00e0 la fin. - Libairie Clavreuil\",\"isPartOf\":{\"@id\":\"https:\/\/clavreuil-wordpress.logiciel-arteo.fr\/#website\"},\"primaryImageOfPage\":{\"@id\":\"https:\/\/clavreuil-wordpress.logiciel-arteo.fr\/en\/histoires-ou-contes-du-tems-passe-avec-des-moralites-nouvelle-edition-augmentee-dune-nouvelle-a-la-fin-charles-perrault\/#primaryimage\"},\"image\":{\"@id\":\"https:\/\/clavreuil-wordpress.logiciel-arteo.fr\/en\/histoires-ou-contes-du-tems-passe-avec-des-moralites-nouvelle-edition-augmentee-dune-nouvelle-a-la-fin-charles-perrault\/#primaryimage\"},\"thumbnailUrl\":\"https:\/\/clavreuil-wordpress.logiciel-arteo.fr\/wp-content\/uploads\/2024\/04\/charles-perrault-histoires-ou-contes-du-tems-passe-avec-des-moralites-nouvelle-edition-augmentee-d-une-nouvelle-a-la-fin-4334-6596c6d73e82a-scaled.jpg\",\"datePublished\":\"2024-04-20T11:06:52+00:00\",\"dateModified\":\"2024-04-22T13:34:42+00:00\",\"breadcrumb\":{\"@id\":\"https:\/\/clavreuil-wordpress.logiciel-arteo.fr\/en\/histoires-ou-contes-du-tems-passe-avec-des-moralites-nouvelle-edition-augmentee-dune-nouvelle-a-la-fin-charles-perrault\/#breadcrumb\"},\"inLanguage\":\"en-US\",\"potentialAction\":[{\"@type\":\"ReadAction\",\"target\":[\"https:\/\/clavreuil-wordpress.logiciel-arteo.fr\/en\/histoires-ou-contes-du-tems-passe-avec-des-moralites-nouvelle-edition-augmentee-dune-nouvelle-a-la-fin-charles-perrault\/\"]}]},{\"@type\":\"ImageObject\",\"inLanguage\":\"en-US\",\"@id\":\"https:\/\/clavreuil-wordpress.logiciel-arteo.fr\/en\/histoires-ou-contes-du-tems-passe-avec-des-moralites-nouvelle-edition-augmentee-dune-nouvelle-a-la-fin-charles-perrault\/#primaryimage\",\"url\":\"https:\/\/clavreuil-wordpress.logiciel-arteo.fr\/wp-content\/uploads\/2024\/04\/charles-perrault-histoires-ou-contes-du-tems-passe-avec-des-moralites-nouvelle-edition-augmentee-d-une-nouvelle-a-la-fin-4334-6596c6d73e82a-scaled.jpg\",\"contentUrl\":\"https:\/\/clavreuil-wordpress.logiciel-arteo.fr\/wp-content\/uploads\/2024\/04\/charles-perrault-histoires-ou-contes-du-tems-passe-avec-des-moralites-nouvelle-edition-augmentee-d-une-nouvelle-a-la-fin-4334-6596c6d73e82a-scaled.jpg\",\"width\":1920,\"height\":2560},{\"@type\":\"BreadcrumbList\",\"@id\":\"https:\/\/clavreuil-wordpress.logiciel-arteo.fr\/en\/histoires-ou-contes-du-tems-passe-avec-des-moralites-nouvelle-edition-augmentee-dune-nouvelle-a-la-fin-charles-perrault\/#breadcrumb\",\"itemListElement\":[{\"@type\":\"ListItem\",\"position\":1,\"name\":\"Accueil\",\"item\":\"https:\/\/clavreuil-wordpress.logiciel-arteo.fr\/\"},{\"@type\":\"ListItem\",\"position\":2,\"name\":\"All our books\",\"item\":\"https:\/\/clavreuil-wordpress.logiciel-arteo.fr\/en\/all-our-books\/\"},{\"@type\":\"ListItem\",\"position\":3,\"name\":\"PERRAULT Charles Histoires ou Contes du tems pass\u00e9....\"}]},{\"@type\":\"WebSite\",\"@id\":\"https:\/\/clavreuil-wordpress.logiciel-arteo.fr\/#website\",\"url\":\"https:\/\/clavreuil-wordpress.logiciel-arteo.fr\/\",\"name\":\"Libairie Clavreuil\",\"description\":\"\",\"publisher\":{\"@id\":\"https:\/\/clavreuil-wordpress.logiciel-arteo.fr\/#organization\"},\"potentialAction\":[{\"@type\":\"SearchAction\",\"target\":{\"@type\":\"EntryPoint\",\"urlTemplate\":\"https:\/\/clavreuil-wordpress.logiciel-arteo.fr\/?s={search_term_string}\"},\"query-input\":{\"@type\":\"PropertyValueSpecification\",\"valueRequired\":true,\"valueName\":\"search_term_string\"}}],\"inLanguage\":\"en-US\"},{\"@type\":\"Organization\",\"@id\":\"https:\/\/clavreuil-wordpress.logiciel-arteo.fr\/#organization\",\"name\":\"Libairie Clavreuil\",\"url\":\"https:\/\/clavreuil-wordpress.logiciel-arteo.fr\/\",\"logo\":{\"@type\":\"ImageObject\",\"inLanguage\":\"en-US\",\"@id\":\"https:\/\/clavreuil-wordpress.logiciel-arteo.fr\/#\/schema\/logo\/image\/\",\"url\":\"https:\/\/clavreuil-wordpress.logiciel-arteo.fr\/wp-content\/uploads\/2021\/05\/LOGO_PNG_DATE-_gold.png\",\"contentUrl\":\"https:\/\/clavreuil-wordpress.logiciel-arteo.fr\/wp-content\/uploads\/2021\/05\/LOGO_PNG_DATE-_gold.png\",\"width\":2083,\"height\":1917,\"caption\":\"Libairie Clavreuil\"},\"image\":{\"@id\":\"https:\/\/clavreuil-wordpress.logiciel-arteo.fr\/#\/schema\/logo\/image\/\"}}]}<\/script>\n<!-- \/ Yoast SEO plugin. -->","yoast_head_json":{"title":"PERRAULT Charles Histoires ou Contes du tems pass\u00e9. Avec des moralit\u00e9s. Nouvelle \u00e9dition, augment\u00e9e d'une nouvelle \u00e0 la fin. - Libairie Clavreuil","robots":{"index":"noindex","follow":"follow","max-snippet":"max-snippet:-1","max-image-preview":"max-image-preview:large","max-video-preview":"max-video-preview:-1"},"og_locale":"en_US","og_type":"article","og_title":"PERRAULT Charles Histoires ou Contes du tems pass\u00e9. Avec des moralit\u00e9s. Nouvelle \u00e9dition, augment\u00e9e d'une nouvelle \u00e0 la fin. - Libairie Clavreuil","og_description":"12mo (164 x 98 mm) 4 nn.ll. including the frontispiece, 177 pp., 8 woodcut vignettes in the text. Nineteenth-century blue marbled boards, spine and corner in dyed green vellum, manuscript spine label.","og_url":"https:\/\/clavreuil-wordpress.logiciel-arteo.fr\/en\/histoires-ou-contes-du-tems-passe-avec-des-moralites-nouvelle-edition-augmentee-dune-nouvelle-a-la-fin-charles-perrault\/","og_site_name":"Libairie Clavreuil","article_modified_time":"2024-04-22T13:34:42+00:00","og_image":[{"width":1920,"height":2560,"url":"https:\/\/clavreuil-wordpress.logiciel-arteo.fr\/wp-content\/uploads\/2024\/04\/charles-perrault-histoires-ou-contes-du-tems-passe-avec-des-moralites-nouvelle-edition-augmentee-d-une-nouvelle-a-la-fin-4334-6596c6d73e82a-scaled.jpg","type":"image\/jpeg"}],"twitter_card":"summary_large_image","twitter_misc":{"Est. reading time":"2 minutes"},"schema":{"@context":"https:\/\/schema.org","@graph":[{"@type":"WebPage","@id":"https:\/\/clavreuil-wordpress.logiciel-arteo.fr\/en\/histoires-ou-contes-du-tems-passe-avec-des-moralites-nouvelle-edition-augmentee-dune-nouvelle-a-la-fin-charles-perrault\/","url":"https:\/\/clavreuil-wordpress.logiciel-arteo.fr\/en\/histoires-ou-contes-du-tems-passe-avec-des-moralites-nouvelle-edition-augmentee-dune-nouvelle-a-la-fin-charles-perrault\/","name":"PERRAULT Charles Histoires ou Contes du tems pass\u00e9. Avec des moralit\u00e9s. Nouvelle \u00e9dition, augment\u00e9e d'une nouvelle \u00e0 la fin. - Libairie Clavreuil","isPartOf":{"@id":"https:\/\/clavreuil-wordpress.logiciel-arteo.fr\/#website"},"primaryImageOfPage":{"@id":"https:\/\/clavreuil-wordpress.logiciel-arteo.fr\/en\/histoires-ou-contes-du-tems-passe-avec-des-moralites-nouvelle-edition-augmentee-dune-nouvelle-a-la-fin-charles-perrault\/#primaryimage"},"image":{"@id":"https:\/\/clavreuil-wordpress.logiciel-arteo.fr\/en\/histoires-ou-contes-du-tems-passe-avec-des-moralites-nouvelle-edition-augmentee-dune-nouvelle-a-la-fin-charles-perrault\/#primaryimage"},"thumbnailUrl":"https:\/\/clavreuil-wordpress.logiciel-arteo.fr\/wp-content\/uploads\/2024\/04\/charles-perrault-histoires-ou-contes-du-tems-passe-avec-des-moralites-nouvelle-edition-augmentee-d-une-nouvelle-a-la-fin-4334-6596c6d73e82a-scaled.jpg","datePublished":"2024-04-20T11:06:52+00:00","dateModified":"2024-04-22T13:34:42+00:00","breadcrumb":{"@id":"https:\/\/clavreuil-wordpress.logiciel-arteo.fr\/en\/histoires-ou-contes-du-tems-passe-avec-des-moralites-nouvelle-edition-augmentee-dune-nouvelle-a-la-fin-charles-perrault\/#breadcrumb"},"inLanguage":"en-US","potentialAction":[{"@type":"ReadAction","target":["https:\/\/clavreuil-wordpress.logiciel-arteo.fr\/en\/histoires-ou-contes-du-tems-passe-avec-des-moralites-nouvelle-edition-augmentee-dune-nouvelle-a-la-fin-charles-perrault\/"]}]},{"@type":"ImageObject","inLanguage":"en-US","@id":"https:\/\/clavreuil-wordpress.logiciel-arteo.fr\/en\/histoires-ou-contes-du-tems-passe-avec-des-moralites-nouvelle-edition-augmentee-dune-nouvelle-a-la-fin-charles-perrault\/#primaryimage","url":"https:\/\/clavreuil-wordpress.logiciel-arteo.fr\/wp-content\/uploads\/2024\/04\/charles-perrault-histoires-ou-contes-du-tems-passe-avec-des-moralites-nouvelle-edition-augmentee-d-une-nouvelle-a-la-fin-4334-6596c6d73e82a-scaled.jpg","contentUrl":"https:\/\/clavreuil-wordpress.logiciel-arteo.fr\/wp-content\/uploads\/2024\/04\/charles-perrault-histoires-ou-contes-du-tems-passe-avec-des-moralites-nouvelle-edition-augmentee-d-une-nouvelle-a-la-fin-4334-6596c6d73e82a-scaled.jpg","width":1920,"height":2560},{"@type":"BreadcrumbList","@id":"https:\/\/clavreuil-wordpress.logiciel-arteo.fr\/en\/histoires-ou-contes-du-tems-passe-avec-des-moralites-nouvelle-edition-augmentee-dune-nouvelle-a-la-fin-charles-perrault\/#breadcrumb","itemListElement":[{"@type":"ListItem","position":1,"name":"Accueil","item":"https:\/\/clavreuil-wordpress.logiciel-arteo.fr\/"},{"@type":"ListItem","position":2,"name":"All our books","item":"https:\/\/clavreuil-wordpress.logiciel-arteo.fr\/en\/all-our-books\/"},{"@type":"ListItem","position":3,"name":"PERRAULT Charles Histoires ou Contes du tems pass\u00e9...."}]},{"@type":"WebSite","@id":"https:\/\/clavreuil-wordpress.logiciel-arteo.fr\/#website","url":"https:\/\/clavreuil-wordpress.logiciel-arteo.fr\/","name":"Libairie Clavreuil","description":"","publisher":{"@id":"https:\/\/clavreuil-wordpress.logiciel-arteo.fr\/#organization"},"potentialAction":[{"@type":"SearchAction","target":{"@type":"EntryPoint","urlTemplate":"https:\/\/clavreuil-wordpress.logiciel-arteo.fr\/?s={search_term_string}"},"query-input":{"@type":"PropertyValueSpecification","valueRequired":true,"valueName":"search_term_string"}}],"inLanguage":"en-US"},{"@type":"Organization","@id":"https:\/\/clavreuil-wordpress.logiciel-arteo.fr\/#organization","name":"Libairie Clavreuil","url":"https:\/\/clavreuil-wordpress.logiciel-arteo.fr\/","logo":{"@type":"ImageObject","inLanguage":"en-US","@id":"https:\/\/clavreuil-wordpress.logiciel-arteo.fr\/#\/schema\/logo\/image\/","url":"https:\/\/clavreuil-wordpress.logiciel-arteo.fr\/wp-content\/uploads\/2021\/05\/LOGO_PNG_DATE-_gold.png","contentUrl":"https:\/\/clavreuil-wordpress.logiciel-arteo.fr\/wp-content\/uploads\/2021\/05\/LOGO_PNG_DATE-_gold.png","width":2083,"height":1917,"caption":"Libairie Clavreuil"},"image":{"@id":"https:\/\/clavreuil-wordpress.logiciel-arteo.fr\/#\/schema\/logo\/image\/"}}]}},"_links":{"self":[{"href":"https:\/\/clavreuil-wordpress.logiciel-arteo.fr\/en\/wp-json\/wp\/v2\/product\/73916","targetHints":{"allow":["GET"]}}],"collection":[{"href":"https:\/\/clavreuil-wordpress.logiciel-arteo.fr\/en\/wp-json\/wp\/v2\/product"}],"about":[{"href":"https:\/\/clavreuil-wordpress.logiciel-arteo.fr\/en\/wp-json\/wp\/v2\/types\/product"}],"replies":[{"embeddable":true,"href":"https:\/\/clavreuil-wordpress.logiciel-arteo.fr\/en\/wp-json\/wp\/v2\/comments?post=73916"}],"wp:featuredmedia":[{"embeddable":true,"href":"https:\/\/clavreuil-wordpress.logiciel-arteo.fr\/en\/wp-json\/wp\/v2\/media\/73907"}],"wp:attachment":[{"href":"https:\/\/clavreuil-wordpress.logiciel-arteo.fr\/en\/wp-json\/wp\/v2\/media?parent=73916"}],"wp:term":[{"taxonomy":"product_brand","embeddable":true,"href":"https:\/\/clavreuil-wordpress.logiciel-arteo.fr\/en\/wp-json\/wp\/v2\/product_brand?post=73916"},{"taxonomy":"product_cat","embeddable":true,"href":"https:\/\/clavreuil-wordpress.logiciel-arteo.fr\/en\/wp-json\/wp\/v2\/product_cat?post=73916"},{"taxonomy":"product_tag","embeddable":true,"href":"https:\/\/clavreuil-wordpress.logiciel-arteo.fr\/en\/wp-json\/wp\/v2\/product_tag?post=73916"}],"curies":[{"name":"wp","href":"https:\/\/api.w.org\/{rel}","templated":true}]}}