{"id":73932,"date":"2024-04-20T13:07:43","date_gmt":"2024-04-20T11:07:43","guid":{"rendered":"https:\/\/clavreuil-wordpress.logiciel-arteo.fr\/lastree-ou-par-plusieurs-histoires-et-souz-personnes-de-bergers-dautres-sont-deduits-les-divers-effets-de-lhonneste-amitie-honore-d-urfe\/"},"modified":"2024-04-22T15:44:55","modified_gmt":"2024-04-22T13:44:55","slug":"lastree-ou-par-plusieurs-histoires-et-souz-personnes-de-bergers-dautres-sont-deduits-les-divers-effets-de-lhonneste-amitie-honore-d-urfe","status":"publish","type":"product","link":"https:\/\/clavreuil-wordpress.logiciel-arteo.fr\/en\/lastree-ou-par-plusieurs-histoires-et-souz-personnes-de-bergers-dautres-sont-deduits-les-divers-effets-de-lhonneste-amitie-honore-d-urfe\/","title":{"rendered":"URFE Honor\u00e9 d&#8217; L&#8217;Astr\u00e9e&#8230; o\u00f9 par plusieurs histoires,..."},"content":{"rendered":"<p style=\"text-align:justify\"><em>Tchemerzine, V, 943.<\/em><\/p>\n<p style=\"text-align:justify\">Last, complete edition, of <em>Astr&eacute;e<\/em>. The printing of this edition was shared between the publishers Toussaint, Quinet, Augustin Courb&eacute; and Antoine de Sommaville. The illustrations of this edition, consisting of 74 engraved plates, are included into the pagination: 1 repeated engraved frontispiece to each volume, 12 plates per volume, one portrait of Astr&eacute;e repeated in each volume, a portrait of Urf&eacute; repeated 3 times (volume II, III, and IV), and one single portrait of Baro in volume V.<\/p>\n<p style=\"text-align:justify\">&ldquo;It is Astrea that marks [Honor&eacute; d&rsquo;Urfe&rsquo;s] place in the annals of French literary history. The novel has been characterized as baroque for its elaborate relationships, symmetry, and narrative complexity. The narrative structure incorporates poetry, prose, and songs interspersed throughout the principal and secondary plots. Astrea had an immense impact on the pr&eacute;cieuses and later on Rousseau&rdquo; (Karen L. Taylor, The Facts on File Companion to the French Novel, p. 119).<\/p>\n<p style=\"text-align:justify\">&quot;Roman pastoral de l&#039;&eacute;crivain fran&ccedil;ais Honor&eacute; d&#039;Urf&eacute;, les deux derni&egrave;res par les soins de son secr&eacute;taire, Balthazar Baro. L&#039;auteur raconte les amours du berger C&eacute;ladon, et de la berg&egrave;re Astr&eacute;e. A travers mille p&eacute;rip&eacute;ties, l&#039;action se d&eacute;roule au Ve si&egrave;cle apr&egrave;s J.-C. aux temps anciens des Gaulois et des druides, sur les rivages enchanteurs du Lignon, dans une des plus belles r&eacute;gions de la France, le Forez&#8230; L&#039;&oelig;uvre prend mod&egrave;le sur les grands exemples italiens de l&#039;Aminta du Tasse et du Pasteuer fido de Guarini, et plus directement sur Diana, roman de l&#039;Espagnol Montemayor. La d&eacute;licatesse des descriptions de la nature et la peinture des sentiments humains s&#039;y unissent &agrave; la galanterie et &agrave; l&#039;amour tels qu&#039;on les pratiquait dans la soci&eacute;t&eacute; fran&ccedil;aise. Ce roman tr&egrave;s c&eacute;l&egrave;bre pendant tout le XVIIe si&egrave;cle int&eacute;resse le savant par la peinture pr&eacute;cise de l&#039;id&eacute;al pr&eacute;cieux et mondain qu&#039;il nous donne; de plus s&#039;y affirme un go&ucirc;t exceptionnel pour la recherche psychologique qui &#8211; &agrave; travers la fiction pastoral &#8211; influa sur l&#039;esprit et sur la litt&eacute;rature du grand si&egrave;cle, et d&eacute;termina l&#039;&eacute;volution du roman psychologique&quot; (Laffont).<\/p>\n<p style=\"text-align:justify\">Fine copy, well preserved in its first binding and complete with all its illustrations. Some plates are signed on the copper plate by Daniel Rabel (1578-1637) famous miniature painter and a master of botanical illustrations. He was personal painter to Gaston of Orleans, King Henri IV son.<\/p>\n","protected":false},"excerpt":{"rendered":"<p style=\"text-align:justify\">5 stout volumes, 8vo (180 x 117 mm) 8 unn.ll. (including engraved title, printed title, dedication to the king, introduction and an engraved portrait of Astr&eacute;e) 755 pp., 2 nn.ll., 12 engraved plates for volume I; 8 nn.ll. (including engraved title, printed title, introduction, table, and the portraits of Urf&eacute; and Astr&eacute;e), 984 pp., 12 engraved plates grav&eacute;es for volume II; 12 nn.ll. (including engraved title, printed title, dedication to the king, ode to the river Lignon, and the engraved portraits of Astr&eacute;e and Urf&eacute;), 1221 pp., 1 nn.l., 12 engraved plates for volume III; 8 nn.ll. (including engraved title, printed title, dedication to Marie of Medicis, introduction to the reader, and the engraved portraits of Astr&eacute;e and Urf&eacute;), 1386 pp., 2 nn.ll., 12 engraved plates for volume IV; 16 nn.ll. (including engraved title, printed title, dedication to Spinola, dedication to Astr&eacute;e, introdcution to the reader, privilege, and the engraved portraits of Astr&eacute;e and Baro), 953 pp., 2 nn.ll. (including last blank), 12 engraved plates of which 2 are mounted. Contemporary vellum, flat spines with manuscript lettering.<\/p>\n","protected":false},"featured_media":73917,"comment_status":"open","ping_status":"closed","template":"","meta":{"_acf_changed":false},"product_brand":[],"product_cat":[544],"product_tag":[1239,1244,1236],"class_list":{"0":"post-73932","1":"product","2":"type-product","3":"status-publish","4":"has-post-thumbnail","6":"product_cat-literature","7":"product_tag-17th-century-illustrations","8":"product_tag-17th-century-literature","9":"product_tag-illustrations-2","10":"pa_auteur-honore-d-urfe-2","11":"pa_type-de-livre-printed-book","13":"first","14":"instock","15":"shipping-taxable","16":"purchasable","17":"product-type-simple"},"acf":[],"yoast_head":"<!-- This site is optimized with the Yoast SEO plugin v24.3 - https:\/\/yoast.com\/wordpress\/plugins\/seo\/ -->\n<title>URFE Honor\u00e9 d&#039; L&#039;Astr\u00e9e... o\u00f9 par plusieurs histoires, et souz personnes de Bergers, &amp; d&#039;autres, sont deduits les divers effets de l&#039;honneste amiti\u00e9. - Libairie Clavreuil<\/title>\n<meta name=\"robots\" content=\"noindex, follow, max-snippet:-1, max-image-preview:large, max-video-preview:-1\" \/>\n<meta property=\"og:locale\" content=\"en_US\" \/>\n<meta property=\"og:type\" content=\"article\" \/>\n<meta property=\"og:title\" content=\"URFE Honor\u00e9 d&#039; L&#039;Astr\u00e9e... o\u00f9 par plusieurs histoires, et souz personnes de Bergers, &amp; d&#039;autres, sont deduits les divers effets de l&#039;honneste amiti\u00e9. - Libairie Clavreuil\" \/>\n<meta property=\"og:description\" content=\"5 stout volumes, 8vo (180 x 117 mm) 8 unn.ll. (including engraved title, printed title, dedication to the king, introduction and an engraved portrait of Astr&eacute;e) 755 pp., 2 nn.ll., 12 engraved plates for volume I; 8 nn.ll. (including engraved title, printed title, introduction, table, and the portraits of Urf&eacute; and Astr&eacute;e), 984 pp., 12 engraved plates grav&eacute;es for volume II; 12 nn.ll. (including engraved title, printed title, dedication to the king, ode to the river Lignon, and the engraved portraits of Astr&eacute;e and Urf&eacute;), 1221 pp., 1 nn.l., 12 engraved plates for volume III; 8 nn.ll. (including engraved title, printed title, dedication to Marie of Medicis, introduction to the reader, and the engraved portraits of Astr&eacute;e and Urf&eacute;), 1386 pp., 2 nn.ll., 12 engraved plates for volume IV; 16 nn.ll. (including engraved title, printed title, dedication to Spinola, dedication to Astr&eacute;e, introdcution to the reader, privilege, and the engraved portraits of Astr&eacute;e and Baro), 953 pp., 2 nn.ll. (including last blank), 12 engraved plates of which 2 are mounted. Contemporary vellum, flat spines with manuscript lettering.\" \/>\n<meta property=\"og:url\" content=\"https:\/\/clavreuil-wordpress.logiciel-arteo.fr\/en\/lastree-ou-par-plusieurs-histoires-et-souz-personnes-de-bergers-dautres-sont-deduits-les-divers-effets-de-lhonneste-amitie-honore-d-urfe\/\" \/>\n<meta property=\"og:site_name\" content=\"Libairie Clavreuil\" \/>\n<meta property=\"article:modified_time\" content=\"2024-04-22T13:44:55+00:00\" \/>\n<meta property=\"og:image\" content=\"https:\/\/clavreuil-wordpress.logiciel-arteo.fr\/wp-content\/uploads\/2024\/04\/honore-d-urfe-l-astree-ou-par-plusieurs-histoires-et-souz-personnes-de-bergers-d-autres-sont-deduits-les-divers-effets-de-l-honneste-amitie-5068-65b00.jpg\" \/>\n\t<meta property=\"og:image:width\" content=\"754\" \/>\n\t<meta property=\"og:image:height\" content=\"1083\" \/>\n\t<meta property=\"og:image:type\" content=\"image\/jpeg\" \/>\n<meta name=\"twitter:card\" content=\"summary_large_image\" \/>\n<meta name=\"twitter:label1\" content=\"Est. reading time\" \/>\n\t<meta name=\"twitter:data1\" content=\"2 minutes\" \/>\n<script type=\"application\/ld+json\" class=\"yoast-schema-graph\">{\"@context\":\"https:\/\/schema.org\",\"@graph\":[{\"@type\":\"WebPage\",\"@id\":\"https:\/\/clavreuil-wordpress.logiciel-arteo.fr\/en\/lastree-ou-par-plusieurs-histoires-et-souz-personnes-de-bergers-dautres-sont-deduits-les-divers-effets-de-lhonneste-amitie-honore-d-urfe\/\",\"url\":\"https:\/\/clavreuil-wordpress.logiciel-arteo.fr\/en\/lastree-ou-par-plusieurs-histoires-et-souz-personnes-de-bergers-dautres-sont-deduits-les-divers-effets-de-lhonneste-amitie-honore-d-urfe\/\",\"name\":\"URFE Honor\u00e9 d' L'Astr\u00e9e... o\u00f9 par plusieurs histoires, et souz personnes de Bergers, &amp; d'autres, sont deduits les divers effets de l'honneste amiti\u00e9. - Libairie Clavreuil\",\"isPartOf\":{\"@id\":\"https:\/\/clavreuil-wordpress.logiciel-arteo.fr\/#website\"},\"primaryImageOfPage\":{\"@id\":\"https:\/\/clavreuil-wordpress.logiciel-arteo.fr\/en\/lastree-ou-par-plusieurs-histoires-et-souz-personnes-de-bergers-dautres-sont-deduits-les-divers-effets-de-lhonneste-amitie-honore-d-urfe\/#primaryimage\"},\"image\":{\"@id\":\"https:\/\/clavreuil-wordpress.logiciel-arteo.fr\/en\/lastree-ou-par-plusieurs-histoires-et-souz-personnes-de-bergers-dautres-sont-deduits-les-divers-effets-de-lhonneste-amitie-honore-d-urfe\/#primaryimage\"},\"thumbnailUrl\":\"https:\/\/clavreuil-wordpress.logiciel-arteo.fr\/wp-content\/uploads\/2024\/04\/honore-d-urfe-l-astree-ou-par-plusieurs-histoires-et-souz-personnes-de-bergers-d-autres-sont-deduits-les-divers-effets-de-l-honneste-amitie-5068-65b00.jpg\",\"datePublished\":\"2024-04-20T11:07:43+00:00\",\"dateModified\":\"2024-04-22T13:44:55+00:00\",\"breadcrumb\":{\"@id\":\"https:\/\/clavreuil-wordpress.logiciel-arteo.fr\/en\/lastree-ou-par-plusieurs-histoires-et-souz-personnes-de-bergers-dautres-sont-deduits-les-divers-effets-de-lhonneste-amitie-honore-d-urfe\/#breadcrumb\"},\"inLanguage\":\"en-US\",\"potentialAction\":[{\"@type\":\"ReadAction\",\"target\":[\"https:\/\/clavreuil-wordpress.logiciel-arteo.fr\/en\/lastree-ou-par-plusieurs-histoires-et-souz-personnes-de-bergers-dautres-sont-deduits-les-divers-effets-de-lhonneste-amitie-honore-d-urfe\/\"]}]},{\"@type\":\"ImageObject\",\"inLanguage\":\"en-US\",\"@id\":\"https:\/\/clavreuil-wordpress.logiciel-arteo.fr\/en\/lastree-ou-par-plusieurs-histoires-et-souz-personnes-de-bergers-dautres-sont-deduits-les-divers-effets-de-lhonneste-amitie-honore-d-urfe\/#primaryimage\",\"url\":\"https:\/\/clavreuil-wordpress.logiciel-arteo.fr\/wp-content\/uploads\/2024\/04\/honore-d-urfe-l-astree-ou-par-plusieurs-histoires-et-souz-personnes-de-bergers-d-autres-sont-deduits-les-divers-effets-de-l-honneste-amitie-5068-65b00.jpg\",\"contentUrl\":\"https:\/\/clavreuil-wordpress.logiciel-arteo.fr\/wp-content\/uploads\/2024\/04\/honore-d-urfe-l-astree-ou-par-plusieurs-histoires-et-souz-personnes-de-bergers-d-autres-sont-deduits-les-divers-effets-de-l-honneste-amitie-5068-65b00.jpg\",\"width\":754,\"height\":1083},{\"@type\":\"BreadcrumbList\",\"@id\":\"https:\/\/clavreuil-wordpress.logiciel-arteo.fr\/en\/lastree-ou-par-plusieurs-histoires-et-souz-personnes-de-bergers-dautres-sont-deduits-les-divers-effets-de-lhonneste-amitie-honore-d-urfe\/#breadcrumb\",\"itemListElement\":[{\"@type\":\"ListItem\",\"position\":1,\"name\":\"Accueil\",\"item\":\"https:\/\/clavreuil-wordpress.logiciel-arteo.fr\/\"},{\"@type\":\"ListItem\",\"position\":2,\"name\":\"All our books\",\"item\":\"https:\/\/clavreuil-wordpress.logiciel-arteo.fr\/en\/all-our-books\/\"},{\"@type\":\"ListItem\",\"position\":3,\"name\":\"URFE Honor\u00e9 d&#8217; L&#8217;Astr\u00e9e&#8230; o\u00f9 par plusieurs histoires,...\"}]},{\"@type\":\"WebSite\",\"@id\":\"https:\/\/clavreuil-wordpress.logiciel-arteo.fr\/#website\",\"url\":\"https:\/\/clavreuil-wordpress.logiciel-arteo.fr\/\",\"name\":\"Libairie Clavreuil\",\"description\":\"\",\"publisher\":{\"@id\":\"https:\/\/clavreuil-wordpress.logiciel-arteo.fr\/#organization\"},\"potentialAction\":[{\"@type\":\"SearchAction\",\"target\":{\"@type\":\"EntryPoint\",\"urlTemplate\":\"https:\/\/clavreuil-wordpress.logiciel-arteo.fr\/?s={search_term_string}\"},\"query-input\":{\"@type\":\"PropertyValueSpecification\",\"valueRequired\":true,\"valueName\":\"search_term_string\"}}],\"inLanguage\":\"en-US\"},{\"@type\":\"Organization\",\"@id\":\"https:\/\/clavreuil-wordpress.logiciel-arteo.fr\/#organization\",\"name\":\"Libairie Clavreuil\",\"url\":\"https:\/\/clavreuil-wordpress.logiciel-arteo.fr\/\",\"logo\":{\"@type\":\"ImageObject\",\"inLanguage\":\"en-US\",\"@id\":\"https:\/\/clavreuil-wordpress.logiciel-arteo.fr\/#\/schema\/logo\/image\/\",\"url\":\"https:\/\/clavreuil-wordpress.logiciel-arteo.fr\/wp-content\/uploads\/2021\/05\/LOGO_PNG_DATE-_gold.png\",\"contentUrl\":\"https:\/\/clavreuil-wordpress.logiciel-arteo.fr\/wp-content\/uploads\/2021\/05\/LOGO_PNG_DATE-_gold.png\",\"width\":2083,\"height\":1917,\"caption\":\"Libairie Clavreuil\"},\"image\":{\"@id\":\"https:\/\/clavreuil-wordpress.logiciel-arteo.fr\/#\/schema\/logo\/image\/\"}}]}<\/script>\n<!-- \/ Yoast SEO plugin. -->","yoast_head_json":{"title":"URFE Honor\u00e9 d' L'Astr\u00e9e... o\u00f9 par plusieurs histoires, et souz personnes de Bergers, &amp; d'autres, sont deduits les divers effets de l'honneste amiti\u00e9. - Libairie Clavreuil","robots":{"index":"noindex","follow":"follow","max-snippet":"max-snippet:-1","max-image-preview":"max-image-preview:large","max-video-preview":"max-video-preview:-1"},"og_locale":"en_US","og_type":"article","og_title":"URFE Honor\u00e9 d' L'Astr\u00e9e... o\u00f9 par plusieurs histoires, et souz personnes de Bergers, &amp; d'autres, sont deduits les divers effets de l'honneste amiti\u00e9. - Libairie Clavreuil","og_description":"5 stout volumes, 8vo (180 x 117 mm) 8 unn.ll. (including engraved title, printed title, dedication to the king, introduction and an engraved portrait of Astr&eacute;e) 755 pp., 2 nn.ll., 12 engraved plates for volume I; 8 nn.ll. (including engraved title, printed title, introduction, table, and the portraits of Urf&eacute; and Astr&eacute;e), 984 pp., 12 engraved plates grav&eacute;es for volume II; 12 nn.ll. (including engraved title, printed title, dedication to the king, ode to the river Lignon, and the engraved portraits of Astr&eacute;e and Urf&eacute;), 1221 pp., 1 nn.l., 12 engraved plates for volume III; 8 nn.ll. (including engraved title, printed title, dedication to Marie of Medicis, introduction to the reader, and the engraved portraits of Astr&eacute;e and Urf&eacute;), 1386 pp., 2 nn.ll., 12 engraved plates for volume IV; 16 nn.ll. (including engraved title, printed title, dedication to Spinola, dedication to Astr&eacute;e, introdcution to the reader, privilege, and the engraved portraits of Astr&eacute;e and Baro), 953 pp., 2 nn.ll. (including last blank), 12 engraved plates of which 2 are mounted. Contemporary vellum, flat spines with manuscript lettering.","og_url":"https:\/\/clavreuil-wordpress.logiciel-arteo.fr\/en\/lastree-ou-par-plusieurs-histoires-et-souz-personnes-de-bergers-dautres-sont-deduits-les-divers-effets-de-lhonneste-amitie-honore-d-urfe\/","og_site_name":"Libairie Clavreuil","article_modified_time":"2024-04-22T13:44:55+00:00","og_image":[{"width":754,"height":1083,"url":"https:\/\/clavreuil-wordpress.logiciel-arteo.fr\/wp-content\/uploads\/2024\/04\/honore-d-urfe-l-astree-ou-par-plusieurs-histoires-et-souz-personnes-de-bergers-d-autres-sont-deduits-les-divers-effets-de-l-honneste-amitie-5068-65b00.jpg","type":"image\/jpeg"}],"twitter_card":"summary_large_image","twitter_misc":{"Est. reading time":"2 minutes"},"schema":{"@context":"https:\/\/schema.org","@graph":[{"@type":"WebPage","@id":"https:\/\/clavreuil-wordpress.logiciel-arteo.fr\/en\/lastree-ou-par-plusieurs-histoires-et-souz-personnes-de-bergers-dautres-sont-deduits-les-divers-effets-de-lhonneste-amitie-honore-d-urfe\/","url":"https:\/\/clavreuil-wordpress.logiciel-arteo.fr\/en\/lastree-ou-par-plusieurs-histoires-et-souz-personnes-de-bergers-dautres-sont-deduits-les-divers-effets-de-lhonneste-amitie-honore-d-urfe\/","name":"URFE Honor\u00e9 d' L'Astr\u00e9e... o\u00f9 par plusieurs histoires, et souz personnes de Bergers, &amp; d'autres, sont deduits les divers effets de l'honneste amiti\u00e9. - Libairie Clavreuil","isPartOf":{"@id":"https:\/\/clavreuil-wordpress.logiciel-arteo.fr\/#website"},"primaryImageOfPage":{"@id":"https:\/\/clavreuil-wordpress.logiciel-arteo.fr\/en\/lastree-ou-par-plusieurs-histoires-et-souz-personnes-de-bergers-dautres-sont-deduits-les-divers-effets-de-lhonneste-amitie-honore-d-urfe\/#primaryimage"},"image":{"@id":"https:\/\/clavreuil-wordpress.logiciel-arteo.fr\/en\/lastree-ou-par-plusieurs-histoires-et-souz-personnes-de-bergers-dautres-sont-deduits-les-divers-effets-de-lhonneste-amitie-honore-d-urfe\/#primaryimage"},"thumbnailUrl":"https:\/\/clavreuil-wordpress.logiciel-arteo.fr\/wp-content\/uploads\/2024\/04\/honore-d-urfe-l-astree-ou-par-plusieurs-histoires-et-souz-personnes-de-bergers-d-autres-sont-deduits-les-divers-effets-de-l-honneste-amitie-5068-65b00.jpg","datePublished":"2024-04-20T11:07:43+00:00","dateModified":"2024-04-22T13:44:55+00:00","breadcrumb":{"@id":"https:\/\/clavreuil-wordpress.logiciel-arteo.fr\/en\/lastree-ou-par-plusieurs-histoires-et-souz-personnes-de-bergers-dautres-sont-deduits-les-divers-effets-de-lhonneste-amitie-honore-d-urfe\/#breadcrumb"},"inLanguage":"en-US","potentialAction":[{"@type":"ReadAction","target":["https:\/\/clavreuil-wordpress.logiciel-arteo.fr\/en\/lastree-ou-par-plusieurs-histoires-et-souz-personnes-de-bergers-dautres-sont-deduits-les-divers-effets-de-lhonneste-amitie-honore-d-urfe\/"]}]},{"@type":"ImageObject","inLanguage":"en-US","@id":"https:\/\/clavreuil-wordpress.logiciel-arteo.fr\/en\/lastree-ou-par-plusieurs-histoires-et-souz-personnes-de-bergers-dautres-sont-deduits-les-divers-effets-de-lhonneste-amitie-honore-d-urfe\/#primaryimage","url":"https:\/\/clavreuil-wordpress.logiciel-arteo.fr\/wp-content\/uploads\/2024\/04\/honore-d-urfe-l-astree-ou-par-plusieurs-histoires-et-souz-personnes-de-bergers-d-autres-sont-deduits-les-divers-effets-de-l-honneste-amitie-5068-65b00.jpg","contentUrl":"https:\/\/clavreuil-wordpress.logiciel-arteo.fr\/wp-content\/uploads\/2024\/04\/honore-d-urfe-l-astree-ou-par-plusieurs-histoires-et-souz-personnes-de-bergers-d-autres-sont-deduits-les-divers-effets-de-l-honneste-amitie-5068-65b00.jpg","width":754,"height":1083},{"@type":"BreadcrumbList","@id":"https:\/\/clavreuil-wordpress.logiciel-arteo.fr\/en\/lastree-ou-par-plusieurs-histoires-et-souz-personnes-de-bergers-dautres-sont-deduits-les-divers-effets-de-lhonneste-amitie-honore-d-urfe\/#breadcrumb","itemListElement":[{"@type":"ListItem","position":1,"name":"Accueil","item":"https:\/\/clavreuil-wordpress.logiciel-arteo.fr\/"},{"@type":"ListItem","position":2,"name":"All our books","item":"https:\/\/clavreuil-wordpress.logiciel-arteo.fr\/en\/all-our-books\/"},{"@type":"ListItem","position":3,"name":"URFE Honor\u00e9 d&#8217; L&#8217;Astr\u00e9e&#8230; o\u00f9 par plusieurs histoires,..."}]},{"@type":"WebSite","@id":"https:\/\/clavreuil-wordpress.logiciel-arteo.fr\/#website","url":"https:\/\/clavreuil-wordpress.logiciel-arteo.fr\/","name":"Libairie Clavreuil","description":"","publisher":{"@id":"https:\/\/clavreuil-wordpress.logiciel-arteo.fr\/#organization"},"potentialAction":[{"@type":"SearchAction","target":{"@type":"EntryPoint","urlTemplate":"https:\/\/clavreuil-wordpress.logiciel-arteo.fr\/?s={search_term_string}"},"query-input":{"@type":"PropertyValueSpecification","valueRequired":true,"valueName":"search_term_string"}}],"inLanguage":"en-US"},{"@type":"Organization","@id":"https:\/\/clavreuil-wordpress.logiciel-arteo.fr\/#organization","name":"Libairie Clavreuil","url":"https:\/\/clavreuil-wordpress.logiciel-arteo.fr\/","logo":{"@type":"ImageObject","inLanguage":"en-US","@id":"https:\/\/clavreuil-wordpress.logiciel-arteo.fr\/#\/schema\/logo\/image\/","url":"https:\/\/clavreuil-wordpress.logiciel-arteo.fr\/wp-content\/uploads\/2021\/05\/LOGO_PNG_DATE-_gold.png","contentUrl":"https:\/\/clavreuil-wordpress.logiciel-arteo.fr\/wp-content\/uploads\/2021\/05\/LOGO_PNG_DATE-_gold.png","width":2083,"height":1917,"caption":"Libairie Clavreuil"},"image":{"@id":"https:\/\/clavreuil-wordpress.logiciel-arteo.fr\/#\/schema\/logo\/image\/"}}]}},"_links":{"self":[{"href":"https:\/\/clavreuil-wordpress.logiciel-arteo.fr\/en\/wp-json\/wp\/v2\/product\/73932","targetHints":{"allow":["GET"]}}],"collection":[{"href":"https:\/\/clavreuil-wordpress.logiciel-arteo.fr\/en\/wp-json\/wp\/v2\/product"}],"about":[{"href":"https:\/\/clavreuil-wordpress.logiciel-arteo.fr\/en\/wp-json\/wp\/v2\/types\/product"}],"replies":[{"embeddable":true,"href":"https:\/\/clavreuil-wordpress.logiciel-arteo.fr\/en\/wp-json\/wp\/v2\/comments?post=73932"}],"wp:featuredmedia":[{"embeddable":true,"href":"https:\/\/clavreuil-wordpress.logiciel-arteo.fr\/en\/wp-json\/wp\/v2\/media\/73917"}],"wp:attachment":[{"href":"https:\/\/clavreuil-wordpress.logiciel-arteo.fr\/en\/wp-json\/wp\/v2\/media?parent=73932"}],"wp:term":[{"taxonomy":"product_brand","embeddable":true,"href":"https:\/\/clavreuil-wordpress.logiciel-arteo.fr\/en\/wp-json\/wp\/v2\/product_brand?post=73932"},{"taxonomy":"product_cat","embeddable":true,"href":"https:\/\/clavreuil-wordpress.logiciel-arteo.fr\/en\/wp-json\/wp\/v2\/product_cat?post=73932"},{"taxonomy":"product_tag","embeddable":true,"href":"https:\/\/clavreuil-wordpress.logiciel-arteo.fr\/en\/wp-json\/wp\/v2\/product_tag?post=73932"}],"curies":[{"name":"wp","href":"https:\/\/api.w.org\/{rel}","templated":true}]}}