{"id":73944,"date":"2024-04-20T13:08:33","date_gmt":"2024-04-20T11:08:33","guid":{"rendered":"https:\/\/clavreuil-wordpress.logiciel-arteo.fr\/les-mille-et-une-nuits-contes-arabes-traduits-en-francais-par-galland-nouvelle-edition-revue-accompagnee-de-notes-augmentee-de-plusieurs-contes-traduits-pour-la-premiere-fois-ornee-de-21-gravur\/"},"modified":"2024-04-22T16:07:31","modified_gmt":"2024-04-22T14:07:31","slug":"les-mille-et-une-nuits-contes-arabes-traduits-en-francais-par-galland-nouvelle-edition-revue-accompagnee-de-notes-augmentee-de-plusieurs-contes-traduits-pour-la-premiere-fois-ornee-de-21-gravur","status":"publish","type":"product","link":"https:\/\/clavreuil-wordpress.logiciel-arteo.fr\/en\/les-mille-et-une-nuits-contes-arabes-traduits-en-francais-par-galland-nouvelle-edition-revue-accompagnee-de-notes-augmentee-de-plusieurs-contes-traduits-pour-la-premiere-fois-ornee-de-21-gravur\/","title":{"rendered":"GAUTTIER \u00c9douard (\u00e9diteur) Les Mille et une nuits,..."},"content":{"rendered":"<p style=\"text-align:justify\">Beautifully printed edition by Didot, richly illustrated of the Arabian Nights.<\/p>\n<p style=\"text-align:justify\">Complete copy, with its 21 plates called for, engraved by Bacquoy, Delvaux, Derly, Fauchery, Godefroy, Koenig,&nbsp; Lecomte, Lejeune, Massard, Pfitzer,&nbsp; Rouargue and&nbsp; Ruhierre after drawings by Chasselat.<\/p>\n<p style=\"text-align:justify\">The last volume states that &quot;all the tales that make up this seventh volume are newly translated. Most of them had never been published in any edition of the&nbsp;Arabian Nights. Several of these new tales, extracted in part from manuscripts which we owe to the kindness of the late respectable M. Langl&egrave;s, appear for the first time in any European language&quot;.<\/p>\n<p style=\"text-align:justify\">Exceptional copy, well preserved in its contemporary and signed binding.<\/p>\n<p style=\"text-align:justify\">Volume III, quire printed in disorder and with one corner torn (not touching text), small scratch to cover of volume I.<\/p>\n","protected":false},"excerpt":{"rendered":"<p style=\"text-align:justify\">7 volumes 8vo (205 x 123 mm) XXXII, 404 pp., 3 engraved plates for volume I; 2 nn.ll., 427 pp., 3 engraved plates for volume II; 2 nn.ll., 468 pp., 3 engraved plates for volume III; 2 nn.ll., 467 pp., 3 engraved plates for volume IV; 2 nn.ll., 436 pp., 3 engraved plates for planches for volume V; VII, 425 pp., 3 engraved plates for volume VI; 2 nn.ll., 407 pp., 3 engraved plates for volume VII. Contemporary light green polished diced calf, flat spines gilt, title and lettering labels in black morocco, marbled edges (<em>signed Joyal<\/em>).<\/p>\n","protected":false},"featured_media":73933,"comment_status":"open","ping_status":"closed","template":"","meta":{"_acf_changed":false},"product_brand":[],"product_cat":[544],"product_tag":[598,1254],"class_list":{"0":"post-73944","1":"product","2":"type-product","3":"status-publish","4":"has-post-thumbnail","6":"product_cat-literature","7":"product_tag-19th-century-literature","8":"product_tag-arabic","9":"pa_auteur-edouard-editeur-gauttier-2","10":"pa_type-de-livre-printed-book","12":"first","13":"instock","14":"shipping-taxable","15":"purchasable","16":"product-type-simple"},"acf":[],"yoast_head":"<!-- This site is optimized with the Yoast SEO plugin v24.3 - https:\/\/yoast.com\/wordpress\/plugins\/seo\/ -->\n<title>GAUTTIER \u00c9douard (\u00e9diteur) Les Mille et une nuits, contes arabes, traduits en fran\u00e7ais par Galland. Nouvelle \u00e9dition, revue, accompagn\u00e9e de notes, augment\u00e9e de plusieurs contes traduits pour la premi\u00e8re fois, orn\u00e9e de 21 gravures. - Libairie Clavreuil<\/title>\n<meta name=\"robots\" content=\"noindex, follow, max-snippet:-1, max-image-preview:large, max-video-preview:-1\" \/>\n<meta property=\"og:locale\" content=\"en_US\" \/>\n<meta property=\"og:type\" content=\"article\" \/>\n<meta property=\"og:title\" content=\"GAUTTIER \u00c9douard (\u00e9diteur) Les Mille et une nuits, contes arabes, traduits en fran\u00e7ais par Galland. Nouvelle \u00e9dition, revue, accompagn\u00e9e de notes, augment\u00e9e de plusieurs contes traduits pour la premi\u00e8re fois, orn\u00e9e de 21 gravures. - Libairie Clavreuil\" \/>\n<meta property=\"og:description\" content=\"7 volumes 8vo (205 x 123 mm) XXXII, 404 pp., 3 engraved plates for volume I; 2 nn.ll., 427 pp., 3 engraved plates for volume II; 2 nn.ll., 468 pp., 3 engraved plates for volume III; 2 nn.ll., 467 pp., 3 engraved plates for volume IV; 2 nn.ll., 436 pp., 3 engraved plates for planches for volume V; VII, 425 pp., 3 engraved plates for volume VI; 2 nn.ll., 407 pp., 3 engraved plates for volume VII. Contemporary light green polished diced calf, flat spines gilt, title and lettering labels in black morocco, marbled edges (signed Joyal).\" \/>\n<meta property=\"og:url\" content=\"https:\/\/clavreuil-wordpress.logiciel-arteo.fr\/en\/les-mille-et-une-nuits-contes-arabes-traduits-en-francais-par-galland-nouvelle-edition-revue-accompagnee-de-notes-augmentee-de-plusieurs-contes-traduits-pour-la-premiere-fois-ornee-de-21-gravur\/\" \/>\n<meta property=\"og:site_name\" content=\"Libairie Clavreuil\" \/>\n<meta property=\"article:modified_time\" content=\"2024-04-22T14:07:31+00:00\" \/>\n<meta property=\"og:image\" content=\"https:\/\/clavreuil-wordpress.logiciel-arteo.fr\/wp-content\/uploads\/2024\/04\/edouard-editeur-gauttier-les-mille-et-une-nuits-contes-arabes-traduits-en-francais-par-galland-nouvelle-edition-revue-accompagnee-de-notes-augmentee-d.jpg\" \/>\n\t<meta property=\"og:image:width\" content=\"1112\" \/>\n\t<meta property=\"og:image:height\" content=\"1894\" \/>\n\t<meta property=\"og:image:type\" content=\"image\/jpeg\" \/>\n<meta name=\"twitter:card\" content=\"summary_large_image\" \/>\n<meta name=\"twitter:label1\" content=\"Est. reading time\" \/>\n\t<meta name=\"twitter:data1\" content=\"1 minute\" \/>\n<script type=\"application\/ld+json\" class=\"yoast-schema-graph\">{\"@context\":\"https:\/\/schema.org\",\"@graph\":[{\"@type\":\"WebPage\",\"@id\":\"https:\/\/clavreuil-wordpress.logiciel-arteo.fr\/en\/les-mille-et-une-nuits-contes-arabes-traduits-en-francais-par-galland-nouvelle-edition-revue-accompagnee-de-notes-augmentee-de-plusieurs-contes-traduits-pour-la-premiere-fois-ornee-de-21-gravur\/\",\"url\":\"https:\/\/clavreuil-wordpress.logiciel-arteo.fr\/en\/les-mille-et-une-nuits-contes-arabes-traduits-en-francais-par-galland-nouvelle-edition-revue-accompagnee-de-notes-augmentee-de-plusieurs-contes-traduits-pour-la-premiere-fois-ornee-de-21-gravur\/\",\"name\":\"GAUTTIER \u00c9douard (\u00e9diteur) Les Mille et une nuits, contes arabes, traduits en fran\u00e7ais par Galland. Nouvelle \u00e9dition, revue, accompagn\u00e9e de notes, augment\u00e9e de plusieurs contes traduits pour la premi\u00e8re fois, orn\u00e9e de 21 gravures. - Libairie Clavreuil\",\"isPartOf\":{\"@id\":\"https:\/\/clavreuil-wordpress.logiciel-arteo.fr\/#website\"},\"primaryImageOfPage\":{\"@id\":\"https:\/\/clavreuil-wordpress.logiciel-arteo.fr\/en\/les-mille-et-une-nuits-contes-arabes-traduits-en-francais-par-galland-nouvelle-edition-revue-accompagnee-de-notes-augmentee-de-plusieurs-contes-traduits-pour-la-premiere-fois-ornee-de-21-gravur\/#primaryimage\"},\"image\":{\"@id\":\"https:\/\/clavreuil-wordpress.logiciel-arteo.fr\/en\/les-mille-et-une-nuits-contes-arabes-traduits-en-francais-par-galland-nouvelle-edition-revue-accompagnee-de-notes-augmentee-de-plusieurs-contes-traduits-pour-la-premiere-fois-ornee-de-21-gravur\/#primaryimage\"},\"thumbnailUrl\":\"https:\/\/clavreuil-wordpress.logiciel-arteo.fr\/wp-content\/uploads\/2024\/04\/edouard-editeur-gauttier-les-mille-et-une-nuits-contes-arabes-traduits-en-francais-par-galland-nouvelle-edition-revue-accompagnee-de-notes-augmentee-d.jpg\",\"datePublished\":\"2024-04-20T11:08:33+00:00\",\"dateModified\":\"2024-04-22T14:07:31+00:00\",\"breadcrumb\":{\"@id\":\"https:\/\/clavreuil-wordpress.logiciel-arteo.fr\/en\/les-mille-et-une-nuits-contes-arabes-traduits-en-francais-par-galland-nouvelle-edition-revue-accompagnee-de-notes-augmentee-de-plusieurs-contes-traduits-pour-la-premiere-fois-ornee-de-21-gravur\/#breadcrumb\"},\"inLanguage\":\"en-US\",\"potentialAction\":[{\"@type\":\"ReadAction\",\"target\":[\"https:\/\/clavreuil-wordpress.logiciel-arteo.fr\/en\/les-mille-et-une-nuits-contes-arabes-traduits-en-francais-par-galland-nouvelle-edition-revue-accompagnee-de-notes-augmentee-de-plusieurs-contes-traduits-pour-la-premiere-fois-ornee-de-21-gravur\/\"]}]},{\"@type\":\"ImageObject\",\"inLanguage\":\"en-US\",\"@id\":\"https:\/\/clavreuil-wordpress.logiciel-arteo.fr\/en\/les-mille-et-une-nuits-contes-arabes-traduits-en-francais-par-galland-nouvelle-edition-revue-accompagnee-de-notes-augmentee-de-plusieurs-contes-traduits-pour-la-premiere-fois-ornee-de-21-gravur\/#primaryimage\",\"url\":\"https:\/\/clavreuil-wordpress.logiciel-arteo.fr\/wp-content\/uploads\/2024\/04\/edouard-editeur-gauttier-les-mille-et-une-nuits-contes-arabes-traduits-en-francais-par-galland-nouvelle-edition-revue-accompagnee-de-notes-augmentee-d.jpg\",\"contentUrl\":\"https:\/\/clavreuil-wordpress.logiciel-arteo.fr\/wp-content\/uploads\/2024\/04\/edouard-editeur-gauttier-les-mille-et-une-nuits-contes-arabes-traduits-en-francais-par-galland-nouvelle-edition-revue-accompagnee-de-notes-augmentee-d.jpg\",\"width\":1112,\"height\":1894},{\"@type\":\"BreadcrumbList\",\"@id\":\"https:\/\/clavreuil-wordpress.logiciel-arteo.fr\/en\/les-mille-et-une-nuits-contes-arabes-traduits-en-francais-par-galland-nouvelle-edition-revue-accompagnee-de-notes-augmentee-de-plusieurs-contes-traduits-pour-la-premiere-fois-ornee-de-21-gravur\/#breadcrumb\",\"itemListElement\":[{\"@type\":\"ListItem\",\"position\":1,\"name\":\"Accueil\",\"item\":\"https:\/\/clavreuil-wordpress.logiciel-arteo.fr\/\"},{\"@type\":\"ListItem\",\"position\":2,\"name\":\"All our books\",\"item\":\"https:\/\/clavreuil-wordpress.logiciel-arteo.fr\/en\/all-our-books\/\"},{\"@type\":\"ListItem\",\"position\":3,\"name\":\"GAUTTIER \u00c9douard (\u00e9diteur) Les Mille et une nuits,...\"}]},{\"@type\":\"WebSite\",\"@id\":\"https:\/\/clavreuil-wordpress.logiciel-arteo.fr\/#website\",\"url\":\"https:\/\/clavreuil-wordpress.logiciel-arteo.fr\/\",\"name\":\"Libairie Clavreuil\",\"description\":\"\",\"publisher\":{\"@id\":\"https:\/\/clavreuil-wordpress.logiciel-arteo.fr\/#organization\"},\"potentialAction\":[{\"@type\":\"SearchAction\",\"target\":{\"@type\":\"EntryPoint\",\"urlTemplate\":\"https:\/\/clavreuil-wordpress.logiciel-arteo.fr\/?s={search_term_string}\"},\"query-input\":{\"@type\":\"PropertyValueSpecification\",\"valueRequired\":true,\"valueName\":\"search_term_string\"}}],\"inLanguage\":\"en-US\"},{\"@type\":\"Organization\",\"@id\":\"https:\/\/clavreuil-wordpress.logiciel-arteo.fr\/#organization\",\"name\":\"Libairie Clavreuil\",\"url\":\"https:\/\/clavreuil-wordpress.logiciel-arteo.fr\/\",\"logo\":{\"@type\":\"ImageObject\",\"inLanguage\":\"en-US\",\"@id\":\"https:\/\/clavreuil-wordpress.logiciel-arteo.fr\/#\/schema\/logo\/image\/\",\"url\":\"https:\/\/clavreuil-wordpress.logiciel-arteo.fr\/wp-content\/uploads\/2021\/05\/LOGO_PNG_DATE-_gold.png\",\"contentUrl\":\"https:\/\/clavreuil-wordpress.logiciel-arteo.fr\/wp-content\/uploads\/2021\/05\/LOGO_PNG_DATE-_gold.png\",\"width\":2083,\"height\":1917,\"caption\":\"Libairie Clavreuil\"},\"image\":{\"@id\":\"https:\/\/clavreuil-wordpress.logiciel-arteo.fr\/#\/schema\/logo\/image\/\"}}]}<\/script>\n<!-- \/ Yoast SEO plugin. -->","yoast_head_json":{"title":"GAUTTIER \u00c9douard (\u00e9diteur) Les Mille et une nuits, contes arabes, traduits en fran\u00e7ais par Galland. Nouvelle \u00e9dition, revue, accompagn\u00e9e de notes, augment\u00e9e de plusieurs contes traduits pour la premi\u00e8re fois, orn\u00e9e de 21 gravures. - Libairie Clavreuil","robots":{"index":"noindex","follow":"follow","max-snippet":"max-snippet:-1","max-image-preview":"max-image-preview:large","max-video-preview":"max-video-preview:-1"},"og_locale":"en_US","og_type":"article","og_title":"GAUTTIER \u00c9douard (\u00e9diteur) Les Mille et une nuits, contes arabes, traduits en fran\u00e7ais par Galland. Nouvelle \u00e9dition, revue, accompagn\u00e9e de notes, augment\u00e9e de plusieurs contes traduits pour la premi\u00e8re fois, orn\u00e9e de 21 gravures. - Libairie Clavreuil","og_description":"7 volumes 8vo (205 x 123 mm) XXXII, 404 pp., 3 engraved plates for volume I; 2 nn.ll., 427 pp., 3 engraved plates for volume II; 2 nn.ll., 468 pp., 3 engraved plates for volume III; 2 nn.ll., 467 pp., 3 engraved plates for volume IV; 2 nn.ll., 436 pp., 3 engraved plates for planches for volume V; VII, 425 pp., 3 engraved plates for volume VI; 2 nn.ll., 407 pp., 3 engraved plates for volume VII. Contemporary light green polished diced calf, flat spines gilt, title and lettering labels in black morocco, marbled edges (signed Joyal).","og_url":"https:\/\/clavreuil-wordpress.logiciel-arteo.fr\/en\/les-mille-et-une-nuits-contes-arabes-traduits-en-francais-par-galland-nouvelle-edition-revue-accompagnee-de-notes-augmentee-de-plusieurs-contes-traduits-pour-la-premiere-fois-ornee-de-21-gravur\/","og_site_name":"Libairie Clavreuil","article_modified_time":"2024-04-22T14:07:31+00:00","og_image":[{"width":1112,"height":1894,"url":"https:\/\/clavreuil-wordpress.logiciel-arteo.fr\/wp-content\/uploads\/2024\/04\/edouard-editeur-gauttier-les-mille-et-une-nuits-contes-arabes-traduits-en-francais-par-galland-nouvelle-edition-revue-accompagnee-de-notes-augmentee-d.jpg","type":"image\/jpeg"}],"twitter_card":"summary_large_image","twitter_misc":{"Est. reading time":"1 minute"},"schema":{"@context":"https:\/\/schema.org","@graph":[{"@type":"WebPage","@id":"https:\/\/clavreuil-wordpress.logiciel-arteo.fr\/en\/les-mille-et-une-nuits-contes-arabes-traduits-en-francais-par-galland-nouvelle-edition-revue-accompagnee-de-notes-augmentee-de-plusieurs-contes-traduits-pour-la-premiere-fois-ornee-de-21-gravur\/","url":"https:\/\/clavreuil-wordpress.logiciel-arteo.fr\/en\/les-mille-et-une-nuits-contes-arabes-traduits-en-francais-par-galland-nouvelle-edition-revue-accompagnee-de-notes-augmentee-de-plusieurs-contes-traduits-pour-la-premiere-fois-ornee-de-21-gravur\/","name":"GAUTTIER \u00c9douard (\u00e9diteur) Les Mille et une nuits, contes arabes, traduits en fran\u00e7ais par Galland. Nouvelle \u00e9dition, revue, accompagn\u00e9e de notes, augment\u00e9e de plusieurs contes traduits pour la premi\u00e8re fois, orn\u00e9e de 21 gravures. - Libairie Clavreuil","isPartOf":{"@id":"https:\/\/clavreuil-wordpress.logiciel-arteo.fr\/#website"},"primaryImageOfPage":{"@id":"https:\/\/clavreuil-wordpress.logiciel-arteo.fr\/en\/les-mille-et-une-nuits-contes-arabes-traduits-en-francais-par-galland-nouvelle-edition-revue-accompagnee-de-notes-augmentee-de-plusieurs-contes-traduits-pour-la-premiere-fois-ornee-de-21-gravur\/#primaryimage"},"image":{"@id":"https:\/\/clavreuil-wordpress.logiciel-arteo.fr\/en\/les-mille-et-une-nuits-contes-arabes-traduits-en-francais-par-galland-nouvelle-edition-revue-accompagnee-de-notes-augmentee-de-plusieurs-contes-traduits-pour-la-premiere-fois-ornee-de-21-gravur\/#primaryimage"},"thumbnailUrl":"https:\/\/clavreuil-wordpress.logiciel-arteo.fr\/wp-content\/uploads\/2024\/04\/edouard-editeur-gauttier-les-mille-et-une-nuits-contes-arabes-traduits-en-francais-par-galland-nouvelle-edition-revue-accompagnee-de-notes-augmentee-d.jpg","datePublished":"2024-04-20T11:08:33+00:00","dateModified":"2024-04-22T14:07:31+00:00","breadcrumb":{"@id":"https:\/\/clavreuil-wordpress.logiciel-arteo.fr\/en\/les-mille-et-une-nuits-contes-arabes-traduits-en-francais-par-galland-nouvelle-edition-revue-accompagnee-de-notes-augmentee-de-plusieurs-contes-traduits-pour-la-premiere-fois-ornee-de-21-gravur\/#breadcrumb"},"inLanguage":"en-US","potentialAction":[{"@type":"ReadAction","target":["https:\/\/clavreuil-wordpress.logiciel-arteo.fr\/en\/les-mille-et-une-nuits-contes-arabes-traduits-en-francais-par-galland-nouvelle-edition-revue-accompagnee-de-notes-augmentee-de-plusieurs-contes-traduits-pour-la-premiere-fois-ornee-de-21-gravur\/"]}]},{"@type":"ImageObject","inLanguage":"en-US","@id":"https:\/\/clavreuil-wordpress.logiciel-arteo.fr\/en\/les-mille-et-une-nuits-contes-arabes-traduits-en-francais-par-galland-nouvelle-edition-revue-accompagnee-de-notes-augmentee-de-plusieurs-contes-traduits-pour-la-premiere-fois-ornee-de-21-gravur\/#primaryimage","url":"https:\/\/clavreuil-wordpress.logiciel-arteo.fr\/wp-content\/uploads\/2024\/04\/edouard-editeur-gauttier-les-mille-et-une-nuits-contes-arabes-traduits-en-francais-par-galland-nouvelle-edition-revue-accompagnee-de-notes-augmentee-d.jpg","contentUrl":"https:\/\/clavreuil-wordpress.logiciel-arteo.fr\/wp-content\/uploads\/2024\/04\/edouard-editeur-gauttier-les-mille-et-une-nuits-contes-arabes-traduits-en-francais-par-galland-nouvelle-edition-revue-accompagnee-de-notes-augmentee-d.jpg","width":1112,"height":1894},{"@type":"BreadcrumbList","@id":"https:\/\/clavreuil-wordpress.logiciel-arteo.fr\/en\/les-mille-et-une-nuits-contes-arabes-traduits-en-francais-par-galland-nouvelle-edition-revue-accompagnee-de-notes-augmentee-de-plusieurs-contes-traduits-pour-la-premiere-fois-ornee-de-21-gravur\/#breadcrumb","itemListElement":[{"@type":"ListItem","position":1,"name":"Accueil","item":"https:\/\/clavreuil-wordpress.logiciel-arteo.fr\/"},{"@type":"ListItem","position":2,"name":"All our books","item":"https:\/\/clavreuil-wordpress.logiciel-arteo.fr\/en\/all-our-books\/"},{"@type":"ListItem","position":3,"name":"GAUTTIER \u00c9douard (\u00e9diteur) Les Mille et une nuits,..."}]},{"@type":"WebSite","@id":"https:\/\/clavreuil-wordpress.logiciel-arteo.fr\/#website","url":"https:\/\/clavreuil-wordpress.logiciel-arteo.fr\/","name":"Libairie Clavreuil","description":"","publisher":{"@id":"https:\/\/clavreuil-wordpress.logiciel-arteo.fr\/#organization"},"potentialAction":[{"@type":"SearchAction","target":{"@type":"EntryPoint","urlTemplate":"https:\/\/clavreuil-wordpress.logiciel-arteo.fr\/?s={search_term_string}"},"query-input":{"@type":"PropertyValueSpecification","valueRequired":true,"valueName":"search_term_string"}}],"inLanguage":"en-US"},{"@type":"Organization","@id":"https:\/\/clavreuil-wordpress.logiciel-arteo.fr\/#organization","name":"Libairie Clavreuil","url":"https:\/\/clavreuil-wordpress.logiciel-arteo.fr\/","logo":{"@type":"ImageObject","inLanguage":"en-US","@id":"https:\/\/clavreuil-wordpress.logiciel-arteo.fr\/#\/schema\/logo\/image\/","url":"https:\/\/clavreuil-wordpress.logiciel-arteo.fr\/wp-content\/uploads\/2021\/05\/LOGO_PNG_DATE-_gold.png","contentUrl":"https:\/\/clavreuil-wordpress.logiciel-arteo.fr\/wp-content\/uploads\/2021\/05\/LOGO_PNG_DATE-_gold.png","width":2083,"height":1917,"caption":"Libairie Clavreuil"},"image":{"@id":"https:\/\/clavreuil-wordpress.logiciel-arteo.fr\/#\/schema\/logo\/image\/"}}]}},"_links":{"self":[{"href":"https:\/\/clavreuil-wordpress.logiciel-arteo.fr\/en\/wp-json\/wp\/v2\/product\/73944","targetHints":{"allow":["GET"]}}],"collection":[{"href":"https:\/\/clavreuil-wordpress.logiciel-arteo.fr\/en\/wp-json\/wp\/v2\/product"}],"about":[{"href":"https:\/\/clavreuil-wordpress.logiciel-arteo.fr\/en\/wp-json\/wp\/v2\/types\/product"}],"replies":[{"embeddable":true,"href":"https:\/\/clavreuil-wordpress.logiciel-arteo.fr\/en\/wp-json\/wp\/v2\/comments?post=73944"}],"wp:featuredmedia":[{"embeddable":true,"href":"https:\/\/clavreuil-wordpress.logiciel-arteo.fr\/en\/wp-json\/wp\/v2\/media\/73933"}],"wp:attachment":[{"href":"https:\/\/clavreuil-wordpress.logiciel-arteo.fr\/en\/wp-json\/wp\/v2\/media?parent=73944"}],"wp:term":[{"taxonomy":"product_brand","embeddable":true,"href":"https:\/\/clavreuil-wordpress.logiciel-arteo.fr\/en\/wp-json\/wp\/v2\/product_brand?post=73944"},{"taxonomy":"product_cat","embeddable":true,"href":"https:\/\/clavreuil-wordpress.logiciel-arteo.fr\/en\/wp-json\/wp\/v2\/product_cat?post=73944"},{"taxonomy":"product_tag","embeddable":true,"href":"https:\/\/clavreuil-wordpress.logiciel-arteo.fr\/en\/wp-json\/wp\/v2\/product_tag?post=73944"}],"curies":[{"name":"wp","href":"https:\/\/api.w.org\/{rel}","templated":true}]}}