{"id":73950,"date":"2024-04-20T13:09:17","date_gmt":"2024-04-20T11:09:17","guid":{"rendered":"https:\/\/clavreuil-wordpress.logiciel-arteo.fr\/nouveaux-contes-arabes-ou-supplement-aux-mille-et-une-nuits-suivies-de-melanges-de-litterature-orientale-et-de-lettres-docteur-a-guillon\/"},"modified":"2024-04-22T16:02:01","modified_gmt":"2024-04-22T14:02:01","slug":"nouveaux-contes-arabes-ou-supplement-aux-mille-et-une-nuits-suivies-de-melanges-de-litterature-orientale-et-de-lettres-docteur-a-guillon","status":"publish","type":"product","link":"https:\/\/clavreuil-wordpress.logiciel-arteo.fr\/en\/nouveaux-contes-arabes-ou-supplement-aux-mille-et-une-nuits-suivies-de-melanges-de-litterature-orientale-et-de-lettres-docteur-a-guillon\/","title":{"rendered":"GUILLON Docteur A. Nouveaux contes Arabes, ou Suppl\u00e9ment..."},"content":{"rendered":"<p style=\"text-align:justify\"><em>Barbier, III, 527.<\/em><\/p>\n<p style=\"text-align:justify\">First edition of these new Arabian tales or supplement to the Arabian Nights printed in French and Arabic. It is Guillon&rsquo;s (1759-1847) first publication. After having been educated at the Coll&egrave;ge du Plessis and the Coll&egrave;ge Louis le Grand, Guillon devoted himself to the study of eloquence, medicine, and science. In 1789 he was awarded the agr&eacute;gation de rh&eacute;torique by the University and entered the orders the same year. He was chaplain to the Princess of Lamballe until her imprisonment in 1792, when he moved to Sceaux where he practised as a medical doctor. In 1801 he was appointed honorary canon and librarian of the archbishopric of Paris. He was appointed professor of sacred eloquence at the Faculty of Theology of the Sorbonne in 1822.<\/p>\n<p style=\"text-align:justify\">This work contains, besides Arabic tales, oriental anecdotes (Le March&eacute; conclu; Belle r&eacute;ponse de Schirin; Mot qui ne plaira point &agrave; tous les rois, etc.), various essays (Baharam, Kosro&egrave;s, Mohammed, nicknamed P&eacute;helvan-Zaman), erotic fragments, spurious fragments, religious thoughts, war songs, victory songs, adages, and letters on a point of criticism relating to Arabic literature. A fine copy of this rare edition.<\/p>\n","protected":false},"excerpt":{"rendered":"<p style=\"text-align:justify\">12mo (162 x 94 mm) 3, 42 pp., 1 nn.l. (errata). Contemporary polished calf, triple gilt filet on covers, flat spine gilt, red edges (spine expertly restored).<\/p>\n","protected":false},"featured_media":73945,"comment_status":"open","ping_status":"closed","template":"","meta":{"_acf_changed":false},"product_brand":[],"product_cat":[15],"product_tag":[1254],"class_list":{"0":"post-73950","1":"product","2":"type-product","3":"status-publish","4":"has-post-thumbnail","6":"product_cat-uncategorized","7":"product_tag-arabic","8":"pa_auteur-docteur-a-guillon-2","9":"pa_type-de-livre-printed-book","11":"first","12":"instock","13":"shipping-taxable","14":"purchasable","15":"product-type-simple"},"acf":[],"yoast_head":"<!-- This site is optimized with the Yoast SEO plugin v24.3 - https:\/\/yoast.com\/wordpress\/plugins\/seo\/ -->\n<title>GUILLON Docteur A. Nouveaux contes Arabes, ou Suppl\u00e9ment aux Mille et une Nuits, suivies de m\u00e9langes de litt\u00e9rature orientale et de lettres. - Libairie Clavreuil<\/title>\n<meta name=\"robots\" content=\"noindex, follow, max-snippet:-1, max-image-preview:large, max-video-preview:-1\" \/>\n<meta property=\"og:locale\" content=\"en_US\" \/>\n<meta property=\"og:type\" content=\"article\" \/>\n<meta property=\"og:title\" content=\"GUILLON Docteur A. Nouveaux contes Arabes, ou Suppl\u00e9ment aux Mille et une Nuits, suivies de m\u00e9langes de litt\u00e9rature orientale et de lettres. - Libairie Clavreuil\" \/>\n<meta property=\"og:description\" content=\"12mo (162 x 94 mm) 3, 42 pp., 1 nn.l. (errata). Contemporary polished calf, triple gilt filet on covers, flat spine gilt, red edges (spine expertly restored).\" \/>\n<meta property=\"og:url\" content=\"https:\/\/clavreuil-wordpress.logiciel-arteo.fr\/en\/nouveaux-contes-arabes-ou-supplement-aux-mille-et-une-nuits-suivies-de-melanges-de-litterature-orientale-et-de-lettres-docteur-a-guillon\/\" \/>\n<meta property=\"og:site_name\" content=\"Libairie Clavreuil\" \/>\n<meta property=\"article:modified_time\" content=\"2024-04-22T14:02:01+00:00\" \/>\n<meta property=\"og:image\" content=\"https:\/\/clavreuil-wordpress.logiciel-arteo.fr\/wp-content\/uploads\/2024\/04\/docteur-a-guillon-nouveaux-contes-arabes-ou-supplement-aux-mille-et-une-nuits-suivies-de-melanges-de-litterature-orientale-et-de-lettres-7267-65b008c7.jpg\" \/>\n\t<meta property=\"og:image:width\" content=\"1089\" \/>\n\t<meta property=\"og:image:height\" content=\"1943\" \/>\n\t<meta property=\"og:image:type\" content=\"image\/jpeg\" \/>\n<meta name=\"twitter:card\" content=\"summary_large_image\" \/>\n<meta name=\"twitter:label1\" content=\"Est. reading time\" \/>\n\t<meta name=\"twitter:data1\" content=\"1 minute\" \/>\n<script type=\"application\/ld+json\" class=\"yoast-schema-graph\">{\"@context\":\"https:\/\/schema.org\",\"@graph\":[{\"@type\":\"WebPage\",\"@id\":\"https:\/\/clavreuil-wordpress.logiciel-arteo.fr\/en\/nouveaux-contes-arabes-ou-supplement-aux-mille-et-une-nuits-suivies-de-melanges-de-litterature-orientale-et-de-lettres-docteur-a-guillon\/\",\"url\":\"https:\/\/clavreuil-wordpress.logiciel-arteo.fr\/en\/nouveaux-contes-arabes-ou-supplement-aux-mille-et-une-nuits-suivies-de-melanges-de-litterature-orientale-et-de-lettres-docteur-a-guillon\/\",\"name\":\"GUILLON Docteur A. Nouveaux contes Arabes, ou Suppl\u00e9ment aux Mille et une Nuits, suivies de m\u00e9langes de litt\u00e9rature orientale et de lettres. - Libairie Clavreuil\",\"isPartOf\":{\"@id\":\"https:\/\/clavreuil-wordpress.logiciel-arteo.fr\/#website\"},\"primaryImageOfPage\":{\"@id\":\"https:\/\/clavreuil-wordpress.logiciel-arteo.fr\/en\/nouveaux-contes-arabes-ou-supplement-aux-mille-et-une-nuits-suivies-de-melanges-de-litterature-orientale-et-de-lettres-docteur-a-guillon\/#primaryimage\"},\"image\":{\"@id\":\"https:\/\/clavreuil-wordpress.logiciel-arteo.fr\/en\/nouveaux-contes-arabes-ou-supplement-aux-mille-et-une-nuits-suivies-de-melanges-de-litterature-orientale-et-de-lettres-docteur-a-guillon\/#primaryimage\"},\"thumbnailUrl\":\"https:\/\/clavreuil-wordpress.logiciel-arteo.fr\/wp-content\/uploads\/2024\/04\/docteur-a-guillon-nouveaux-contes-arabes-ou-supplement-aux-mille-et-une-nuits-suivies-de-melanges-de-litterature-orientale-et-de-lettres-7267-65b008c7.jpg\",\"datePublished\":\"2024-04-20T11:09:17+00:00\",\"dateModified\":\"2024-04-22T14:02:01+00:00\",\"breadcrumb\":{\"@id\":\"https:\/\/clavreuil-wordpress.logiciel-arteo.fr\/en\/nouveaux-contes-arabes-ou-supplement-aux-mille-et-une-nuits-suivies-de-melanges-de-litterature-orientale-et-de-lettres-docteur-a-guillon\/#breadcrumb\"},\"inLanguage\":\"en-US\",\"potentialAction\":[{\"@type\":\"ReadAction\",\"target\":[\"https:\/\/clavreuil-wordpress.logiciel-arteo.fr\/en\/nouveaux-contes-arabes-ou-supplement-aux-mille-et-une-nuits-suivies-de-melanges-de-litterature-orientale-et-de-lettres-docteur-a-guillon\/\"]}]},{\"@type\":\"ImageObject\",\"inLanguage\":\"en-US\",\"@id\":\"https:\/\/clavreuil-wordpress.logiciel-arteo.fr\/en\/nouveaux-contes-arabes-ou-supplement-aux-mille-et-une-nuits-suivies-de-melanges-de-litterature-orientale-et-de-lettres-docteur-a-guillon\/#primaryimage\",\"url\":\"https:\/\/clavreuil-wordpress.logiciel-arteo.fr\/wp-content\/uploads\/2024\/04\/docteur-a-guillon-nouveaux-contes-arabes-ou-supplement-aux-mille-et-une-nuits-suivies-de-melanges-de-litterature-orientale-et-de-lettres-7267-65b008c7.jpg\",\"contentUrl\":\"https:\/\/clavreuil-wordpress.logiciel-arteo.fr\/wp-content\/uploads\/2024\/04\/docteur-a-guillon-nouveaux-contes-arabes-ou-supplement-aux-mille-et-une-nuits-suivies-de-melanges-de-litterature-orientale-et-de-lettres-7267-65b008c7.jpg\",\"width\":1089,\"height\":1943},{\"@type\":\"BreadcrumbList\",\"@id\":\"https:\/\/clavreuil-wordpress.logiciel-arteo.fr\/en\/nouveaux-contes-arabes-ou-supplement-aux-mille-et-une-nuits-suivies-de-melanges-de-litterature-orientale-et-de-lettres-docteur-a-guillon\/#breadcrumb\",\"itemListElement\":[{\"@type\":\"ListItem\",\"position\":1,\"name\":\"Accueil\",\"item\":\"https:\/\/clavreuil-wordpress.logiciel-arteo.fr\/\"},{\"@type\":\"ListItem\",\"position\":2,\"name\":\"All our books\",\"item\":\"https:\/\/clavreuil-wordpress.logiciel-arteo.fr\/en\/all-our-books\/\"},{\"@type\":\"ListItem\",\"position\":3,\"name\":\"GUILLON Docteur A. Nouveaux contes Arabes, ou Suppl\u00e9ment...\"}]},{\"@type\":\"WebSite\",\"@id\":\"https:\/\/clavreuil-wordpress.logiciel-arteo.fr\/#website\",\"url\":\"https:\/\/clavreuil-wordpress.logiciel-arteo.fr\/\",\"name\":\"Libairie Clavreuil\",\"description\":\"\",\"publisher\":{\"@id\":\"https:\/\/clavreuil-wordpress.logiciel-arteo.fr\/#organization\"},\"potentialAction\":[{\"@type\":\"SearchAction\",\"target\":{\"@type\":\"EntryPoint\",\"urlTemplate\":\"https:\/\/clavreuil-wordpress.logiciel-arteo.fr\/?s={search_term_string}\"},\"query-input\":{\"@type\":\"PropertyValueSpecification\",\"valueRequired\":true,\"valueName\":\"search_term_string\"}}],\"inLanguage\":\"en-US\"},{\"@type\":\"Organization\",\"@id\":\"https:\/\/clavreuil-wordpress.logiciel-arteo.fr\/#organization\",\"name\":\"Libairie Clavreuil\",\"url\":\"https:\/\/clavreuil-wordpress.logiciel-arteo.fr\/\",\"logo\":{\"@type\":\"ImageObject\",\"inLanguage\":\"en-US\",\"@id\":\"https:\/\/clavreuil-wordpress.logiciel-arteo.fr\/#\/schema\/logo\/image\/\",\"url\":\"https:\/\/clavreuil-wordpress.logiciel-arteo.fr\/wp-content\/uploads\/2021\/05\/LOGO_PNG_DATE-_gold.png\",\"contentUrl\":\"https:\/\/clavreuil-wordpress.logiciel-arteo.fr\/wp-content\/uploads\/2021\/05\/LOGO_PNG_DATE-_gold.png\",\"width\":2083,\"height\":1917,\"caption\":\"Libairie Clavreuil\"},\"image\":{\"@id\":\"https:\/\/clavreuil-wordpress.logiciel-arteo.fr\/#\/schema\/logo\/image\/\"}}]}<\/script>\n<!-- \/ Yoast SEO plugin. -->","yoast_head_json":{"title":"GUILLON Docteur A. Nouveaux contes Arabes, ou Suppl\u00e9ment aux Mille et une Nuits, suivies de m\u00e9langes de litt\u00e9rature orientale et de lettres. - Libairie Clavreuil","robots":{"index":"noindex","follow":"follow","max-snippet":"max-snippet:-1","max-image-preview":"max-image-preview:large","max-video-preview":"max-video-preview:-1"},"og_locale":"en_US","og_type":"article","og_title":"GUILLON Docteur A. Nouveaux contes Arabes, ou Suppl\u00e9ment aux Mille et une Nuits, suivies de m\u00e9langes de litt\u00e9rature orientale et de lettres. - Libairie Clavreuil","og_description":"12mo (162 x 94 mm) 3, 42 pp., 1 nn.l. (errata). Contemporary polished calf, triple gilt filet on covers, flat spine gilt, red edges (spine expertly restored).","og_url":"https:\/\/clavreuil-wordpress.logiciel-arteo.fr\/en\/nouveaux-contes-arabes-ou-supplement-aux-mille-et-une-nuits-suivies-de-melanges-de-litterature-orientale-et-de-lettres-docteur-a-guillon\/","og_site_name":"Libairie Clavreuil","article_modified_time":"2024-04-22T14:02:01+00:00","og_image":[{"width":1089,"height":1943,"url":"https:\/\/clavreuil-wordpress.logiciel-arteo.fr\/wp-content\/uploads\/2024\/04\/docteur-a-guillon-nouveaux-contes-arabes-ou-supplement-aux-mille-et-une-nuits-suivies-de-melanges-de-litterature-orientale-et-de-lettres-7267-65b008c7.jpg","type":"image\/jpeg"}],"twitter_card":"summary_large_image","twitter_misc":{"Est. reading time":"1 minute"},"schema":{"@context":"https:\/\/schema.org","@graph":[{"@type":"WebPage","@id":"https:\/\/clavreuil-wordpress.logiciel-arteo.fr\/en\/nouveaux-contes-arabes-ou-supplement-aux-mille-et-une-nuits-suivies-de-melanges-de-litterature-orientale-et-de-lettres-docteur-a-guillon\/","url":"https:\/\/clavreuil-wordpress.logiciel-arteo.fr\/en\/nouveaux-contes-arabes-ou-supplement-aux-mille-et-une-nuits-suivies-de-melanges-de-litterature-orientale-et-de-lettres-docteur-a-guillon\/","name":"GUILLON Docteur A. Nouveaux contes Arabes, ou Suppl\u00e9ment aux Mille et une Nuits, suivies de m\u00e9langes de litt\u00e9rature orientale et de lettres. - Libairie Clavreuil","isPartOf":{"@id":"https:\/\/clavreuil-wordpress.logiciel-arteo.fr\/#website"},"primaryImageOfPage":{"@id":"https:\/\/clavreuil-wordpress.logiciel-arteo.fr\/en\/nouveaux-contes-arabes-ou-supplement-aux-mille-et-une-nuits-suivies-de-melanges-de-litterature-orientale-et-de-lettres-docteur-a-guillon\/#primaryimage"},"image":{"@id":"https:\/\/clavreuil-wordpress.logiciel-arteo.fr\/en\/nouveaux-contes-arabes-ou-supplement-aux-mille-et-une-nuits-suivies-de-melanges-de-litterature-orientale-et-de-lettres-docteur-a-guillon\/#primaryimage"},"thumbnailUrl":"https:\/\/clavreuil-wordpress.logiciel-arteo.fr\/wp-content\/uploads\/2024\/04\/docteur-a-guillon-nouveaux-contes-arabes-ou-supplement-aux-mille-et-une-nuits-suivies-de-melanges-de-litterature-orientale-et-de-lettres-7267-65b008c7.jpg","datePublished":"2024-04-20T11:09:17+00:00","dateModified":"2024-04-22T14:02:01+00:00","breadcrumb":{"@id":"https:\/\/clavreuil-wordpress.logiciel-arteo.fr\/en\/nouveaux-contes-arabes-ou-supplement-aux-mille-et-une-nuits-suivies-de-melanges-de-litterature-orientale-et-de-lettres-docteur-a-guillon\/#breadcrumb"},"inLanguage":"en-US","potentialAction":[{"@type":"ReadAction","target":["https:\/\/clavreuil-wordpress.logiciel-arteo.fr\/en\/nouveaux-contes-arabes-ou-supplement-aux-mille-et-une-nuits-suivies-de-melanges-de-litterature-orientale-et-de-lettres-docteur-a-guillon\/"]}]},{"@type":"ImageObject","inLanguage":"en-US","@id":"https:\/\/clavreuil-wordpress.logiciel-arteo.fr\/en\/nouveaux-contes-arabes-ou-supplement-aux-mille-et-une-nuits-suivies-de-melanges-de-litterature-orientale-et-de-lettres-docteur-a-guillon\/#primaryimage","url":"https:\/\/clavreuil-wordpress.logiciel-arteo.fr\/wp-content\/uploads\/2024\/04\/docteur-a-guillon-nouveaux-contes-arabes-ou-supplement-aux-mille-et-une-nuits-suivies-de-melanges-de-litterature-orientale-et-de-lettres-7267-65b008c7.jpg","contentUrl":"https:\/\/clavreuil-wordpress.logiciel-arteo.fr\/wp-content\/uploads\/2024\/04\/docteur-a-guillon-nouveaux-contes-arabes-ou-supplement-aux-mille-et-une-nuits-suivies-de-melanges-de-litterature-orientale-et-de-lettres-7267-65b008c7.jpg","width":1089,"height":1943},{"@type":"BreadcrumbList","@id":"https:\/\/clavreuil-wordpress.logiciel-arteo.fr\/en\/nouveaux-contes-arabes-ou-supplement-aux-mille-et-une-nuits-suivies-de-melanges-de-litterature-orientale-et-de-lettres-docteur-a-guillon\/#breadcrumb","itemListElement":[{"@type":"ListItem","position":1,"name":"Accueil","item":"https:\/\/clavreuil-wordpress.logiciel-arteo.fr\/"},{"@type":"ListItem","position":2,"name":"All our books","item":"https:\/\/clavreuil-wordpress.logiciel-arteo.fr\/en\/all-our-books\/"},{"@type":"ListItem","position":3,"name":"GUILLON Docteur A. Nouveaux contes Arabes, ou Suppl\u00e9ment..."}]},{"@type":"WebSite","@id":"https:\/\/clavreuil-wordpress.logiciel-arteo.fr\/#website","url":"https:\/\/clavreuil-wordpress.logiciel-arteo.fr\/","name":"Libairie Clavreuil","description":"","publisher":{"@id":"https:\/\/clavreuil-wordpress.logiciel-arteo.fr\/#organization"},"potentialAction":[{"@type":"SearchAction","target":{"@type":"EntryPoint","urlTemplate":"https:\/\/clavreuil-wordpress.logiciel-arteo.fr\/?s={search_term_string}"},"query-input":{"@type":"PropertyValueSpecification","valueRequired":true,"valueName":"search_term_string"}}],"inLanguage":"en-US"},{"@type":"Organization","@id":"https:\/\/clavreuil-wordpress.logiciel-arteo.fr\/#organization","name":"Libairie Clavreuil","url":"https:\/\/clavreuil-wordpress.logiciel-arteo.fr\/","logo":{"@type":"ImageObject","inLanguage":"en-US","@id":"https:\/\/clavreuil-wordpress.logiciel-arteo.fr\/#\/schema\/logo\/image\/","url":"https:\/\/clavreuil-wordpress.logiciel-arteo.fr\/wp-content\/uploads\/2021\/05\/LOGO_PNG_DATE-_gold.png","contentUrl":"https:\/\/clavreuil-wordpress.logiciel-arteo.fr\/wp-content\/uploads\/2021\/05\/LOGO_PNG_DATE-_gold.png","width":2083,"height":1917,"caption":"Libairie Clavreuil"},"image":{"@id":"https:\/\/clavreuil-wordpress.logiciel-arteo.fr\/#\/schema\/logo\/image\/"}}]}},"_links":{"self":[{"href":"https:\/\/clavreuil-wordpress.logiciel-arteo.fr\/en\/wp-json\/wp\/v2\/product\/73950","targetHints":{"allow":["GET"]}}],"collection":[{"href":"https:\/\/clavreuil-wordpress.logiciel-arteo.fr\/en\/wp-json\/wp\/v2\/product"}],"about":[{"href":"https:\/\/clavreuil-wordpress.logiciel-arteo.fr\/en\/wp-json\/wp\/v2\/types\/product"}],"replies":[{"embeddable":true,"href":"https:\/\/clavreuil-wordpress.logiciel-arteo.fr\/en\/wp-json\/wp\/v2\/comments?post=73950"}],"wp:featuredmedia":[{"embeddable":true,"href":"https:\/\/clavreuil-wordpress.logiciel-arteo.fr\/en\/wp-json\/wp\/v2\/media\/73945"}],"wp:attachment":[{"href":"https:\/\/clavreuil-wordpress.logiciel-arteo.fr\/en\/wp-json\/wp\/v2\/media?parent=73950"}],"wp:term":[{"taxonomy":"product_brand","embeddable":true,"href":"https:\/\/clavreuil-wordpress.logiciel-arteo.fr\/en\/wp-json\/wp\/v2\/product_brand?post=73950"},{"taxonomy":"product_cat","embeddable":true,"href":"https:\/\/clavreuil-wordpress.logiciel-arteo.fr\/en\/wp-json\/wp\/v2\/product_cat?post=73950"},{"taxonomy":"product_tag","embeddable":true,"href":"https:\/\/clavreuil-wordpress.logiciel-arteo.fr\/en\/wp-json\/wp\/v2\/product_tag?post=73950"}],"curies":[{"name":"wp","href":"https:\/\/api.w.org\/{rel}","templated":true}]}}