{"id":74276,"date":"2024-04-23T12:37:12","date_gmt":"2024-04-23T10:37:12","guid":{"rendered":"https:\/\/clavreuil-wordpress.logiciel-arteo.fr\/goncourt-edmond-et-jules-en-18-avec-une-preface-dedmond-de-goncourt-et-un-portrait-des-auteurs-grave-par-a-descaves-dapres-une-photographie-du-temps\/"},"modified":"2024-04-23T12:37:40","modified_gmt":"2024-04-23T10:37:40","slug":"goncourt-edmond-et-jules-en-18-avec-une-preface-dedmond-de-goncourt-et-un-portrait-des-auteurs-grave-par-a-descaves-dapres-une-photographie-du-temps","status":"publish","type":"product","link":"https:\/\/clavreuil-wordpress.logiciel-arteo.fr\/en\/goncourt-edmond-et-jules-en-18-avec-une-preface-dedmond-de-goncourt-et-un-portrait-des-auteurs-grave-par-a-descaves-dapres-une-photographie-du-temps\/","title":{"rendered":"GONCOURT Edmond et Jules En 18.. Avec une..."},"content":{"rendered":"<p style=\"text-align:justify\"><em>Clouzot, p. 135.<\/em><\/p>\n<p style=\"text-align:justify\">Second edition of the Goncourts&#039; first book.<\/p>\n<p style=\"text-align:justify\">It is sought-after because of the rarity of the original, published in 1851 and almost entirely destroyed, and reproduces the passages that had been removed by the censors. In fact, the initial publication was disrupted by the coup d&#039;&eacute;tat of 2 December 1851, which took place on the very day this book written by the brothere Goncourt went on sale, as Edmond de Goncourt explains in the preface to the new edition: &quot; Dans la rue, les yeux aussit&ocirc;t aux affiches &#8211; et &eacute;go&iuml;stement, nous l&#039;avouons &#8211; au milieu de tout ce papier fra&icirc;chement placard&eacute;, proclamant un changement de r&eacute;gime pour notre pays, nous cherchions &#039;la n&ocirc;tre d&#039;affiche&#039;, l&#039;affiche qui devait annoncer la publication d&#039;<em>En 18<\/em>.. et apprendre &agrave; la France et au monde les noms de deux hommes de lettres de plus : MM. Edmond et Jules de Goncourt. L&#039;affiche manquait aux murs. Et la raison en &eacute;tait ceci : Gerd&egrave;s, qui se trouvait &agrave; la fois, &ocirc; ironie ! l&#039;imprimeur de <em>La Revue des deux mondes <\/em>et d&#039;<em>En 18..<\/em>, Gerd&egrave;s dont l&#039;imprimerie avait &eacute;t&eacute; occup&eacute;e par la troupe, hant&eacute; par l&#039;id&eacute;e qu&#039;on pouvait prendre certaines phrases d&#039;un chapitre politique du livre pour des allusions &agrave; l&#039;&eacute;v&eacute;nement du jour (&#8230;) avait de son propre mouvement jet&eacute; le paquet d&#039;affiches au feu.&quot;<\/p>\n<p style=\"text-align:justify\">&quot;Les &#039;notations modernistes&#039; du texte font alors l&#039;objet d&#039;une attention particuli&egrave;re, qui mobilise habilement la r&eacute;ception (Jules Janin, notamment), les influences (Sterne, Hoffman, Nodier&#8230;), mais &eacute;galement la part documentaire de l&rsquo;&oelig;uvre, pour faire appara&icirc;tre sa dimension r&eacute;trospectivement avant-gardiste. D&eacute;crit comme une v&eacute;ritable &#039;rhapsodie&#039;, inscrite &agrave; la fois dans la tradition de l&#039;anti-roman et dans celle, plus neuve, du po&egrave;me en prose journalistique, le texte des Goncourt annonce &eacute;galement le Baudelaire du Peintre de la vie moderne, en ce qu&#039;il pr&ocirc;ne la beaut&eacute; r&eacute;solument inscrite dans l&#039;histoire.&quot; (Bertrand Marquer)<\/p>\n<p style=\"text-align:justify\">Half-title inscribed by Edmond de Goncourt (his brither Jumes had died in 1870) : &quot;&agrave; Hennique souvenir amical Edmond de Goncourt&quot;.<\/p>\n<p style=\"text-align:justify\">The naturalist writer L&eacute;on Hennique (1850-1935), who began writing in 1879, had just published <em>Les Soir&eacute;es de M&eacute;dan<\/em> with fellow writers Zola, Maupassant, Huysmans, C&eacute;ard and Alexis. Very close to Edmond de Goncourt, of whom he was executor and co-legatee with Alphonse Daudet, Hennique perpetuated the memory of his friend by leading the Acad&eacute;mie Goncourt, of which he was president from 1907 to 1912.<\/p>\n<p style=\"text-align:justify\">A touching example of literary affinity &#8211; an illustrious representative of the first realist school passing on the torch to one of the leading exponents of naturalism &#8211; in exquisite and fragile Japanese-style boards, unsigned but probably by Pierson, entirely in the spirit of the Goncourts.<\/p>\n<p style=\"text-align:justify\">Provenance: L&eacute;on Hennique (bookplate drawn by Glaize and engraved by D&eacute;t&eacute;).<\/p>\n","protected":false},"excerpt":{"rendered":"<p style=\"text-align:justify\">12mo (187 x 121 mm) 2 nn.ll., frontispiece, XII, 288 pp. Contemporary decorated boards probably by Pierson (but unsigned), pattern of birds and flowers on the covers, printed wrappers preserved (some light wear to head of spine).<\/p>\n","protected":false},"featured_media":74271,"comment_status":"open","ping_status":"closed","template":"","meta":{"_acf_changed":false},"product_brand":[],"product_cat":[544],"product_tag":[598,1267,1264],"class_list":{"0":"post-74276","1":"product","2":"type-product","3":"status-publish","4":"has-post-thumbnail","6":"product_cat-literature","7":"product_tag-19th-century-literature","8":"product_tag-binding","9":"product_tag-inscription","10":"pa_auteur-edmond-et-jules-goncourt-2","11":"pa_type-de-livre-printed-book","13":"first","14":"instock","15":"shipping-taxable","16":"purchasable","17":"product-type-simple"},"acf":[],"yoast_head":"<!-- This site is optimized with the Yoast SEO plugin v24.3 - https:\/\/yoast.com\/wordpress\/plugins\/seo\/ -->\n<title>GONCOURT Edmond et Jules En 18.. Avec une pr\u00e9face d&#039;Edmond de Goncourt et un portrait des Auteurs, grav\u00e9 par A. Descaves d&#039;apr\u00e8s une photographie du temps. - Libairie Clavreuil<\/title>\n<meta name=\"robots\" content=\"noindex, follow, max-snippet:-1, max-image-preview:large, max-video-preview:-1\" \/>\n<meta property=\"og:locale\" content=\"en_US\" \/>\n<meta property=\"og:type\" content=\"article\" \/>\n<meta property=\"og:title\" content=\"GONCOURT Edmond et Jules En 18.. Avec une pr\u00e9face d&#039;Edmond de Goncourt et un portrait des Auteurs, grav\u00e9 par A. Descaves d&#039;apr\u00e8s une photographie du temps. - Libairie Clavreuil\" \/>\n<meta property=\"og:description\" content=\"12mo (187 x 121 mm) 2 nn.ll., frontispiece, XII, 288 pp. Contemporary decorated boards probably by Pierson (but unsigned), pattern of birds and flowers on the covers, printed wrappers preserved (some light wear to head of spine).\" \/>\n<meta property=\"og:url\" content=\"https:\/\/clavreuil-wordpress.logiciel-arteo.fr\/en\/goncourt-edmond-et-jules-en-18-avec-une-preface-dedmond-de-goncourt-et-un-portrait-des-auteurs-grave-par-a-descaves-dapres-une-photographie-du-temps\/\" \/>\n<meta property=\"og:site_name\" content=\"Libairie Clavreuil\" \/>\n<meta property=\"article:modified_time\" content=\"2024-04-23T10:37:40+00:00\" \/>\n<meta property=\"og:image\" content=\"https:\/\/clavreuil-wordpress.logiciel-arteo.fr\/wp-content\/uploads\/2024\/04\/edmond-et-jules-goncourt-en-18-avec-une-preface-d-edmond-de-goncourt-et-un-portrait-des-auteurs-grave-par-a-descaves-d-apres-une-photographie-du-temps.jpg\" \/>\n\t<meta property=\"og:image:width\" content=\"1256\" \/>\n\t<meta property=\"og:image:height\" content=\"1820\" \/>\n\t<meta property=\"og:image:type\" content=\"image\/jpeg\" \/>\n<meta name=\"twitter:card\" content=\"summary_large_image\" \/>\n<meta name=\"twitter:label1\" content=\"Est. reading time\" \/>\n\t<meta name=\"twitter:data1\" content=\"3 minutes\" \/>\n<script type=\"application\/ld+json\" class=\"yoast-schema-graph\">{\"@context\":\"https:\/\/schema.org\",\"@graph\":[{\"@type\":\"WebPage\",\"@id\":\"https:\/\/clavreuil-wordpress.logiciel-arteo.fr\/en\/goncourt-edmond-et-jules-en-18-avec-une-preface-dedmond-de-goncourt-et-un-portrait-des-auteurs-grave-par-a-descaves-dapres-une-photographie-du-temps\/\",\"url\":\"https:\/\/clavreuil-wordpress.logiciel-arteo.fr\/en\/goncourt-edmond-et-jules-en-18-avec-une-preface-dedmond-de-goncourt-et-un-portrait-des-auteurs-grave-par-a-descaves-dapres-une-photographie-du-temps\/\",\"name\":\"GONCOURT Edmond et Jules En 18.. Avec une pr\u00e9face d'Edmond de Goncourt et un portrait des Auteurs, grav\u00e9 par A. Descaves d'apr\u00e8s une photographie du temps. - Libairie Clavreuil\",\"isPartOf\":{\"@id\":\"https:\/\/clavreuil-wordpress.logiciel-arteo.fr\/#website\"},\"primaryImageOfPage\":{\"@id\":\"https:\/\/clavreuil-wordpress.logiciel-arteo.fr\/en\/goncourt-edmond-et-jules-en-18-avec-une-preface-dedmond-de-goncourt-et-un-portrait-des-auteurs-grave-par-a-descaves-dapres-une-photographie-du-temps\/#primaryimage\"},\"image\":{\"@id\":\"https:\/\/clavreuil-wordpress.logiciel-arteo.fr\/en\/goncourt-edmond-et-jules-en-18-avec-une-preface-dedmond-de-goncourt-et-un-portrait-des-auteurs-grave-par-a-descaves-dapres-une-photographie-du-temps\/#primaryimage\"},\"thumbnailUrl\":\"https:\/\/clavreuil-wordpress.logiciel-arteo.fr\/wp-content\/uploads\/2024\/04\/edmond-et-jules-goncourt-en-18-avec-une-preface-d-edmond-de-goncourt-et-un-portrait-des-auteurs-grave-par-a-descaves-d-apres-une-photographie-du-temps.jpg\",\"datePublished\":\"2024-04-23T10:37:12+00:00\",\"dateModified\":\"2024-04-23T10:37:40+00:00\",\"breadcrumb\":{\"@id\":\"https:\/\/clavreuil-wordpress.logiciel-arteo.fr\/en\/goncourt-edmond-et-jules-en-18-avec-une-preface-dedmond-de-goncourt-et-un-portrait-des-auteurs-grave-par-a-descaves-dapres-une-photographie-du-temps\/#breadcrumb\"},\"inLanguage\":\"en-US\",\"potentialAction\":[{\"@type\":\"ReadAction\",\"target\":[\"https:\/\/clavreuil-wordpress.logiciel-arteo.fr\/en\/goncourt-edmond-et-jules-en-18-avec-une-preface-dedmond-de-goncourt-et-un-portrait-des-auteurs-grave-par-a-descaves-dapres-une-photographie-du-temps\/\"]}]},{\"@type\":\"ImageObject\",\"inLanguage\":\"en-US\",\"@id\":\"https:\/\/clavreuil-wordpress.logiciel-arteo.fr\/en\/goncourt-edmond-et-jules-en-18-avec-une-preface-dedmond-de-goncourt-et-un-portrait-des-auteurs-grave-par-a-descaves-dapres-une-photographie-du-temps\/#primaryimage\",\"url\":\"https:\/\/clavreuil-wordpress.logiciel-arteo.fr\/wp-content\/uploads\/2024\/04\/edmond-et-jules-goncourt-en-18-avec-une-preface-d-edmond-de-goncourt-et-un-portrait-des-auteurs-grave-par-a-descaves-d-apres-une-photographie-du-temps.jpg\",\"contentUrl\":\"https:\/\/clavreuil-wordpress.logiciel-arteo.fr\/wp-content\/uploads\/2024\/04\/edmond-et-jules-goncourt-en-18-avec-une-preface-d-edmond-de-goncourt-et-un-portrait-des-auteurs-grave-par-a-descaves-d-apres-une-photographie-du-temps.jpg\",\"width\":1256,\"height\":1820},{\"@type\":\"BreadcrumbList\",\"@id\":\"https:\/\/clavreuil-wordpress.logiciel-arteo.fr\/en\/goncourt-edmond-et-jules-en-18-avec-une-preface-dedmond-de-goncourt-et-un-portrait-des-auteurs-grave-par-a-descaves-dapres-une-photographie-du-temps\/#breadcrumb\",\"itemListElement\":[{\"@type\":\"ListItem\",\"position\":1,\"name\":\"Accueil\",\"item\":\"https:\/\/clavreuil-wordpress.logiciel-arteo.fr\/\"},{\"@type\":\"ListItem\",\"position\":2,\"name\":\"All our books\",\"item\":\"https:\/\/clavreuil-wordpress.logiciel-arteo.fr\/en\/all-our-books\/\"},{\"@type\":\"ListItem\",\"position\":3,\"name\":\"GONCOURT Edmond et Jules En 18.. Avec une...\"}]},{\"@type\":\"WebSite\",\"@id\":\"https:\/\/clavreuil-wordpress.logiciel-arteo.fr\/#website\",\"url\":\"https:\/\/clavreuil-wordpress.logiciel-arteo.fr\/\",\"name\":\"Libairie Clavreuil\",\"description\":\"\",\"publisher\":{\"@id\":\"https:\/\/clavreuil-wordpress.logiciel-arteo.fr\/#organization\"},\"potentialAction\":[{\"@type\":\"SearchAction\",\"target\":{\"@type\":\"EntryPoint\",\"urlTemplate\":\"https:\/\/clavreuil-wordpress.logiciel-arteo.fr\/?s={search_term_string}\"},\"query-input\":{\"@type\":\"PropertyValueSpecification\",\"valueRequired\":true,\"valueName\":\"search_term_string\"}}],\"inLanguage\":\"en-US\"},{\"@type\":\"Organization\",\"@id\":\"https:\/\/clavreuil-wordpress.logiciel-arteo.fr\/#organization\",\"name\":\"Libairie Clavreuil\",\"url\":\"https:\/\/clavreuil-wordpress.logiciel-arteo.fr\/\",\"logo\":{\"@type\":\"ImageObject\",\"inLanguage\":\"en-US\",\"@id\":\"https:\/\/clavreuil-wordpress.logiciel-arteo.fr\/#\/schema\/logo\/image\/\",\"url\":\"https:\/\/clavreuil-wordpress.logiciel-arteo.fr\/wp-content\/uploads\/2021\/05\/LOGO_PNG_DATE-_gold.png\",\"contentUrl\":\"https:\/\/clavreuil-wordpress.logiciel-arteo.fr\/wp-content\/uploads\/2021\/05\/LOGO_PNG_DATE-_gold.png\",\"width\":2083,\"height\":1917,\"caption\":\"Libairie Clavreuil\"},\"image\":{\"@id\":\"https:\/\/clavreuil-wordpress.logiciel-arteo.fr\/#\/schema\/logo\/image\/\"}}]}<\/script>\n<!-- \/ Yoast SEO plugin. -->","yoast_head_json":{"title":"GONCOURT Edmond et Jules En 18.. Avec une pr\u00e9face d'Edmond de Goncourt et un portrait des Auteurs, grav\u00e9 par A. Descaves d'apr\u00e8s une photographie du temps. - Libairie Clavreuil","robots":{"index":"noindex","follow":"follow","max-snippet":"max-snippet:-1","max-image-preview":"max-image-preview:large","max-video-preview":"max-video-preview:-1"},"og_locale":"en_US","og_type":"article","og_title":"GONCOURT Edmond et Jules En 18.. Avec une pr\u00e9face d'Edmond de Goncourt et un portrait des Auteurs, grav\u00e9 par A. Descaves d'apr\u00e8s une photographie du temps. - Libairie Clavreuil","og_description":"12mo (187 x 121 mm) 2 nn.ll., frontispiece, XII, 288 pp. Contemporary decorated boards probably by Pierson (but unsigned), pattern of birds and flowers on the covers, printed wrappers preserved (some light wear to head of spine).","og_url":"https:\/\/clavreuil-wordpress.logiciel-arteo.fr\/en\/goncourt-edmond-et-jules-en-18-avec-une-preface-dedmond-de-goncourt-et-un-portrait-des-auteurs-grave-par-a-descaves-dapres-une-photographie-du-temps\/","og_site_name":"Libairie Clavreuil","article_modified_time":"2024-04-23T10:37:40+00:00","og_image":[{"width":1256,"height":1820,"url":"https:\/\/clavreuil-wordpress.logiciel-arteo.fr\/wp-content\/uploads\/2024\/04\/edmond-et-jules-goncourt-en-18-avec-une-preface-d-edmond-de-goncourt-et-un-portrait-des-auteurs-grave-par-a-descaves-d-apres-une-photographie-du-temps.jpg","type":"image\/jpeg"}],"twitter_card":"summary_large_image","twitter_misc":{"Est. reading time":"3 minutes"},"schema":{"@context":"https:\/\/schema.org","@graph":[{"@type":"WebPage","@id":"https:\/\/clavreuil-wordpress.logiciel-arteo.fr\/en\/goncourt-edmond-et-jules-en-18-avec-une-preface-dedmond-de-goncourt-et-un-portrait-des-auteurs-grave-par-a-descaves-dapres-une-photographie-du-temps\/","url":"https:\/\/clavreuil-wordpress.logiciel-arteo.fr\/en\/goncourt-edmond-et-jules-en-18-avec-une-preface-dedmond-de-goncourt-et-un-portrait-des-auteurs-grave-par-a-descaves-dapres-une-photographie-du-temps\/","name":"GONCOURT Edmond et Jules En 18.. Avec une pr\u00e9face d'Edmond de Goncourt et un portrait des Auteurs, grav\u00e9 par A. Descaves d'apr\u00e8s une photographie du temps. - Libairie Clavreuil","isPartOf":{"@id":"https:\/\/clavreuil-wordpress.logiciel-arteo.fr\/#website"},"primaryImageOfPage":{"@id":"https:\/\/clavreuil-wordpress.logiciel-arteo.fr\/en\/goncourt-edmond-et-jules-en-18-avec-une-preface-dedmond-de-goncourt-et-un-portrait-des-auteurs-grave-par-a-descaves-dapres-une-photographie-du-temps\/#primaryimage"},"image":{"@id":"https:\/\/clavreuil-wordpress.logiciel-arteo.fr\/en\/goncourt-edmond-et-jules-en-18-avec-une-preface-dedmond-de-goncourt-et-un-portrait-des-auteurs-grave-par-a-descaves-dapres-une-photographie-du-temps\/#primaryimage"},"thumbnailUrl":"https:\/\/clavreuil-wordpress.logiciel-arteo.fr\/wp-content\/uploads\/2024\/04\/edmond-et-jules-goncourt-en-18-avec-une-preface-d-edmond-de-goncourt-et-un-portrait-des-auteurs-grave-par-a-descaves-d-apres-une-photographie-du-temps.jpg","datePublished":"2024-04-23T10:37:12+00:00","dateModified":"2024-04-23T10:37:40+00:00","breadcrumb":{"@id":"https:\/\/clavreuil-wordpress.logiciel-arteo.fr\/en\/goncourt-edmond-et-jules-en-18-avec-une-preface-dedmond-de-goncourt-et-un-portrait-des-auteurs-grave-par-a-descaves-dapres-une-photographie-du-temps\/#breadcrumb"},"inLanguage":"en-US","potentialAction":[{"@type":"ReadAction","target":["https:\/\/clavreuil-wordpress.logiciel-arteo.fr\/en\/goncourt-edmond-et-jules-en-18-avec-une-preface-dedmond-de-goncourt-et-un-portrait-des-auteurs-grave-par-a-descaves-dapres-une-photographie-du-temps\/"]}]},{"@type":"ImageObject","inLanguage":"en-US","@id":"https:\/\/clavreuil-wordpress.logiciel-arteo.fr\/en\/goncourt-edmond-et-jules-en-18-avec-une-preface-dedmond-de-goncourt-et-un-portrait-des-auteurs-grave-par-a-descaves-dapres-une-photographie-du-temps\/#primaryimage","url":"https:\/\/clavreuil-wordpress.logiciel-arteo.fr\/wp-content\/uploads\/2024\/04\/edmond-et-jules-goncourt-en-18-avec-une-preface-d-edmond-de-goncourt-et-un-portrait-des-auteurs-grave-par-a-descaves-d-apres-une-photographie-du-temps.jpg","contentUrl":"https:\/\/clavreuil-wordpress.logiciel-arteo.fr\/wp-content\/uploads\/2024\/04\/edmond-et-jules-goncourt-en-18-avec-une-preface-d-edmond-de-goncourt-et-un-portrait-des-auteurs-grave-par-a-descaves-d-apres-une-photographie-du-temps.jpg","width":1256,"height":1820},{"@type":"BreadcrumbList","@id":"https:\/\/clavreuil-wordpress.logiciel-arteo.fr\/en\/goncourt-edmond-et-jules-en-18-avec-une-preface-dedmond-de-goncourt-et-un-portrait-des-auteurs-grave-par-a-descaves-dapres-une-photographie-du-temps\/#breadcrumb","itemListElement":[{"@type":"ListItem","position":1,"name":"Accueil","item":"https:\/\/clavreuil-wordpress.logiciel-arteo.fr\/"},{"@type":"ListItem","position":2,"name":"All our books","item":"https:\/\/clavreuil-wordpress.logiciel-arteo.fr\/en\/all-our-books\/"},{"@type":"ListItem","position":3,"name":"GONCOURT Edmond et Jules En 18.. Avec une..."}]},{"@type":"WebSite","@id":"https:\/\/clavreuil-wordpress.logiciel-arteo.fr\/#website","url":"https:\/\/clavreuil-wordpress.logiciel-arteo.fr\/","name":"Libairie Clavreuil","description":"","publisher":{"@id":"https:\/\/clavreuil-wordpress.logiciel-arteo.fr\/#organization"},"potentialAction":[{"@type":"SearchAction","target":{"@type":"EntryPoint","urlTemplate":"https:\/\/clavreuil-wordpress.logiciel-arteo.fr\/?s={search_term_string}"},"query-input":{"@type":"PropertyValueSpecification","valueRequired":true,"valueName":"search_term_string"}}],"inLanguage":"en-US"},{"@type":"Organization","@id":"https:\/\/clavreuil-wordpress.logiciel-arteo.fr\/#organization","name":"Libairie Clavreuil","url":"https:\/\/clavreuil-wordpress.logiciel-arteo.fr\/","logo":{"@type":"ImageObject","inLanguage":"en-US","@id":"https:\/\/clavreuil-wordpress.logiciel-arteo.fr\/#\/schema\/logo\/image\/","url":"https:\/\/clavreuil-wordpress.logiciel-arteo.fr\/wp-content\/uploads\/2021\/05\/LOGO_PNG_DATE-_gold.png","contentUrl":"https:\/\/clavreuil-wordpress.logiciel-arteo.fr\/wp-content\/uploads\/2021\/05\/LOGO_PNG_DATE-_gold.png","width":2083,"height":1917,"caption":"Libairie Clavreuil"},"image":{"@id":"https:\/\/clavreuil-wordpress.logiciel-arteo.fr\/#\/schema\/logo\/image\/"}}]}},"_links":{"self":[{"href":"https:\/\/clavreuil-wordpress.logiciel-arteo.fr\/en\/wp-json\/wp\/v2\/product\/74276","targetHints":{"allow":["GET"]}}],"collection":[{"href":"https:\/\/clavreuil-wordpress.logiciel-arteo.fr\/en\/wp-json\/wp\/v2\/product"}],"about":[{"href":"https:\/\/clavreuil-wordpress.logiciel-arteo.fr\/en\/wp-json\/wp\/v2\/types\/product"}],"replies":[{"embeddable":true,"href":"https:\/\/clavreuil-wordpress.logiciel-arteo.fr\/en\/wp-json\/wp\/v2\/comments?post=74276"}],"wp:featuredmedia":[{"embeddable":true,"href":"https:\/\/clavreuil-wordpress.logiciel-arteo.fr\/en\/wp-json\/wp\/v2\/media\/74271"}],"wp:attachment":[{"href":"https:\/\/clavreuil-wordpress.logiciel-arteo.fr\/en\/wp-json\/wp\/v2\/media?parent=74276"}],"wp:term":[{"taxonomy":"product_brand","embeddable":true,"href":"https:\/\/clavreuil-wordpress.logiciel-arteo.fr\/en\/wp-json\/wp\/v2\/product_brand?post=74276"},{"taxonomy":"product_cat","embeddable":true,"href":"https:\/\/clavreuil-wordpress.logiciel-arteo.fr\/en\/wp-json\/wp\/v2\/product_cat?post=74276"},{"taxonomy":"product_tag","embeddable":true,"href":"https:\/\/clavreuil-wordpress.logiciel-arteo.fr\/en\/wp-json\/wp\/v2\/product_tag?post=74276"}],"curies":[{"name":"wp","href":"https:\/\/api.w.org\/{rel}","templated":true}]}}