{"id":74314,"date":"2024-04-23T12:39:59","date_gmt":"2024-04-23T10:39:59","guid":{"rendered":"https:\/\/clavreuil-wordpress.logiciel-arteo.fr\/sevigne-marquise-de-lettres-de-madame-de-sevigne-a-sa-fille-et-a-ses-amis\/"},"modified":"2024-04-23T12:40:52","modified_gmt":"2024-04-23T10:40:52","slug":"sevigne-marquise-de-lettres-de-madame-de-sevigne-a-sa-fille-et-a-ses-amis","status":"publish","type":"product","link":"https:\/\/clavreuil-wordpress.logiciel-arteo.fr\/en\/sevigne-marquise-de-lettres-de-madame-de-sevigne-a-sa-fille-et-a-ses-amis\/","title":{"rendered":"SEVIGNE Marquise de Lettres de Madame de S\u00e9vign\u00e9..."},"content":{"rendered":"<p style=\"text-align:justify\">Qu&eacute;rard, IX, p.103.<\/p>\n<p style=\"text-align:justify\">New &eacute;dition,&quot;plus compl&egrave;te que les pr&eacute;c&eacute;dentes et &agrave; laquelle on trouve souvent ajout&eacute;s les vingt portraits qu&#039;a publi&eacute;s M. Renouard&quot; (Qu&eacute;rard).&nbsp;<\/p>\n<p style=\"text-align:justify\">Our edition contains 35 portraits in addition to the 3 in the frontispiece. Our copy therefore includes 15 additional portraits in the text.<\/p>\n<p style=\"text-align:justify\">On the 3 first portraits,&nbsp; that of the Countess by Augustin Saint Aubin has been added to our copy.&nbsp;<\/p>\n<p style=\"text-align:justify\">The list of figures is as follows:&nbsp;<\/p>\n<p style=\"text-align:justify\">For volume I: Louis XIV as a child, Madame de La Valli&egrave;re, Mademoiselle la duchesse de Montpensier, Bourdaloue. Our copy also includes: La Bry&egrave;re, Ninon de l&#039;Enclos, Torquato Tasso, and Voltaire.&nbsp;<br \/>\nFor volume II: Bossuet, Boileau, Corneille, plus Horatius, Virgilius and P&eacute;rarque.&nbsp;<br \/>\nVolume III: Montaigne, Cardinal de Retz, Turenne, with the addition of Fl&eacute;chier for our copy.&nbsp;<br \/>\nVolume IV: Moli&egrave;re, La Fontaine, Madame de Montespan, plus Colbert in our copy.<br \/>\nVolume V: Madame de Maintenon, La Rochefaucauld, plus GA de Chauli&egrave;re and Mazarin in our copy.<br \/>\nVolume VI: Le Grand Cond&eacute; and Louis XIV.&nbsp;<br \/>\nFor volume VII: Pascal, Racine, to which is added a portrait of Bossuet after Rigaud (different from the one in volume II).&nbsp;<br \/>\nVolume VIII: F&eacute;n&eacute;lon, to which is added a second portrait of F&eacute;nelon after Vivien, plus Massillon and d&#039;Alembert.&nbsp;<\/p>\n<p style=\"text-align:justify\">Madame de S&eacute;vign&eacute;&#039;s<em> Correspondence<\/em> gives us an insight into the life of the nobility in the 17th century. The Marquise&#039;s letters offer us a dual perspective, providing us with both a panorama of the court and its leading figures, and a glimpse into daily life. Indeed, thanks to a true and feminine style of writing, the Marquise recounts her emotional and moral life.&nbsp;<\/p>\n<p style=\"text-align:justify\">Her letters were intimate and private, not intended for publication, and offer a sense of truth and sincerity.&nbsp;<\/p>\n<p style=\"text-align:justify\">A fine set, spines of volumes VI and VIII isolated, some plates of volumes II and VI foxed, first 2 leaves of volume I almost unbound.<\/p>\n","protected":false},"excerpt":{"rendered":"<p>8 volumes, 8vo (198 x 123 mm) of 7 unn.l. (half-title, portrait of Marie de Rabutin-Chantal, Marquise de S&eacute;vign&eacute; by Chasselat &nbsp;proof before landters, portrait of Madame de S&eacute;vign&eacute; by Auguste de Saint Aubin, portrait of Fran&ccedil;oise Marguerite de S&eacute;vign&eacute;, Comtesse de Grignan by Chasselat proof before landters, title, facsimile landter, notice), CLXIV pp., xxxv pp., 334 pp. and 8 engraved portraits for the volume I ; 2 unn.l. (half-title and title), 479 pp. and 6 &nbsp;engraved portraits for the volume II ; &nbsp;2 unn.l. (half-title and title), 478 pp. and 4 engraved portraits for the volume III ; &nbsp;2 unn.l. (half-title and title), 494 pp. and 4 engraved portraits for the volume IV ; &nbsp;2 unn.l. &nbsp;(half-title and title), 480 pp. and 4 engraved portraits for the volume V ; &nbsp;2 unn.l. (half-title and title), 447 pp. and 2 engraved portraits for the volume VI ; &nbsp;2 unn.l. (half-title and title), 527 pp. and 3 engraved portraits for the volume VII; &nbsp;2 unn.l. (half-title and title), 536 pp (derni&egrave;re mal chiffr&eacute;e 636), 1 l. d&#039;errata and 4 engraved portraits for the volume VIII. Long-grained red morocco, flat spine gilt, black morocco title and volume label,gilt roll framing covers, inner roll, gilt edges (<em>A.Van Rossum, Amsterdam<\/em>).<\/p>\n","protected":false},"featured_media":74301,"comment_status":"open","ping_status":"closed","template":"","meta":{"_acf_changed":false},"product_brand":[],"product_cat":[544],"product_tag":[1244,604,598,1236,1235],"class_list":{"0":"post-74314","1":"product","2":"type-product","3":"status-publish","4":"has-post-thumbnail","6":"product_cat-literature","7":"product_tag-17th-century-literature","8":"product_tag-19th-century-illustrations","9":"product_tag-19th-century-literature","10":"product_tag-illustrations-2","11":"product_tag-women","12":"pa_auteur-marquise-de-sevigne-2","13":"pa_type-de-livre-printed-book","15":"first","16":"instock","17":"shipping-taxable","18":"purchasable","19":"product-type-simple"},"acf":[],"yoast_head":"<!-- This site is optimized with the Yoast SEO plugin v24.3 - https:\/\/yoast.com\/wordpress\/plugins\/seo\/ -->\n<title>SEVIGNE Marquise de Lettres de Madame de S\u00e9vign\u00e9 \u00e0 sa fille et \u00e0 ses amis - Libairie Clavreuil<\/title>\n<meta name=\"robots\" content=\"noindex, follow, max-snippet:-1, max-image-preview:large, max-video-preview:-1\" \/>\n<meta property=\"og:locale\" content=\"en_US\" \/>\n<meta property=\"og:type\" content=\"article\" \/>\n<meta property=\"og:title\" content=\"SEVIGNE Marquise de Lettres de Madame de S\u00e9vign\u00e9 \u00e0 sa fille et \u00e0 ses amis - Libairie Clavreuil\" \/>\n<meta property=\"og:description\" content=\"8 volumes, 8vo (198 x 123 mm) of 7 unn.l. (half-title, portrait of Marie de Rabutin-Chantal, Marquise de S&eacute;vign&eacute; by Chasselat &nbsp;proof before landters, portrait of Madame de S&eacute;vign&eacute; by Auguste de Saint Aubin, portrait of Fran&ccedil;oise Marguerite de S&eacute;vign&eacute;, Comtesse de Grignan by Chasselat proof before landters, title, facsimile landter, notice), CLXIV pp., xxxv pp., 334 pp. and 8 engraved portraits for the volume I ; 2 unn.l. (half-title and title), 479 pp. and 6 &nbsp;engraved portraits for the volume II ; &nbsp;2 unn.l. (half-title and title), 478 pp. and 4 engraved portraits for the volume III ; &nbsp;2 unn.l. (half-title and title), 494 pp. and 4 engraved portraits for the volume IV ; &nbsp;2 unn.l. &nbsp;(half-title and title), 480 pp. and 4 engraved portraits for the volume V ; &nbsp;2 unn.l. (half-title and title), 447 pp. and 2 engraved portraits for the volume VI ; &nbsp;2 unn.l. (half-title and title), 527 pp. and 3 engraved portraits for the volume VII; &nbsp;2 unn.l. (half-title and title), 536 pp (derni&egrave;re mal chiffr&eacute;e 636), 1 l. d&#039;errata and 4 engraved portraits for the volume VIII. Long-grained red morocco, flat spine gilt, black morocco title and volume label,gilt roll framing covers, inner roll, gilt edges (A.Van Rossum, Amsterdam).\" \/>\n<meta property=\"og:url\" content=\"https:\/\/clavreuil-wordpress.logiciel-arteo.fr\/en\/sevigne-marquise-de-lettres-de-madame-de-sevigne-a-sa-fille-et-a-ses-amis\/\" \/>\n<meta property=\"og:site_name\" content=\"Libairie Clavreuil\" \/>\n<meta property=\"article:modified_time\" content=\"2024-04-23T10:40:52+00:00\" \/>\n<meta property=\"og:image\" content=\"https:\/\/clavreuil-wordpress.logiciel-arteo.fr\/wp-content\/uploads\/2024\/04\/marquise-de-sevigne-lettres-de-madame-de-sevigne-a-sa-fille-et-a-ses-amis-9387-6623db10009ef-scaled.jpg\" \/>\n\t<meta property=\"og:image:width\" content=\"2560\" \/>\n\t<meta property=\"og:image:height\" content=\"1741\" \/>\n\t<meta property=\"og:image:type\" content=\"image\/jpeg\" \/>\n<meta name=\"twitter:card\" content=\"summary_large_image\" \/>\n<meta name=\"twitter:label1\" content=\"Est. reading time\" \/>\n\t<meta name=\"twitter:data1\" content=\"2 minutes\" \/>\n<script type=\"application\/ld+json\" class=\"yoast-schema-graph\">{\"@context\":\"https:\/\/schema.org\",\"@graph\":[{\"@type\":\"WebPage\",\"@id\":\"https:\/\/clavreuil-wordpress.logiciel-arteo.fr\/en\/sevigne-marquise-de-lettres-de-madame-de-sevigne-a-sa-fille-et-a-ses-amis\/\",\"url\":\"https:\/\/clavreuil-wordpress.logiciel-arteo.fr\/en\/sevigne-marquise-de-lettres-de-madame-de-sevigne-a-sa-fille-et-a-ses-amis\/\",\"name\":\"SEVIGNE Marquise de Lettres de Madame de S\u00e9vign\u00e9 \u00e0 sa fille et \u00e0 ses amis - Libairie Clavreuil\",\"isPartOf\":{\"@id\":\"https:\/\/clavreuil-wordpress.logiciel-arteo.fr\/#website\"},\"primaryImageOfPage\":{\"@id\":\"https:\/\/clavreuil-wordpress.logiciel-arteo.fr\/en\/sevigne-marquise-de-lettres-de-madame-de-sevigne-a-sa-fille-et-a-ses-amis\/#primaryimage\"},\"image\":{\"@id\":\"https:\/\/clavreuil-wordpress.logiciel-arteo.fr\/en\/sevigne-marquise-de-lettres-de-madame-de-sevigne-a-sa-fille-et-a-ses-amis\/#primaryimage\"},\"thumbnailUrl\":\"https:\/\/clavreuil-wordpress.logiciel-arteo.fr\/wp-content\/uploads\/2024\/04\/marquise-de-sevigne-lettres-de-madame-de-sevigne-a-sa-fille-et-a-ses-amis-9387-6623db10009ef-scaled.jpg\",\"datePublished\":\"2024-04-23T10:39:59+00:00\",\"dateModified\":\"2024-04-23T10:40:52+00:00\",\"breadcrumb\":{\"@id\":\"https:\/\/clavreuil-wordpress.logiciel-arteo.fr\/en\/sevigne-marquise-de-lettres-de-madame-de-sevigne-a-sa-fille-et-a-ses-amis\/#breadcrumb\"},\"inLanguage\":\"en-US\",\"potentialAction\":[{\"@type\":\"ReadAction\",\"target\":[\"https:\/\/clavreuil-wordpress.logiciel-arteo.fr\/en\/sevigne-marquise-de-lettres-de-madame-de-sevigne-a-sa-fille-et-a-ses-amis\/\"]}]},{\"@type\":\"ImageObject\",\"inLanguage\":\"en-US\",\"@id\":\"https:\/\/clavreuil-wordpress.logiciel-arteo.fr\/en\/sevigne-marquise-de-lettres-de-madame-de-sevigne-a-sa-fille-et-a-ses-amis\/#primaryimage\",\"url\":\"https:\/\/clavreuil-wordpress.logiciel-arteo.fr\/wp-content\/uploads\/2024\/04\/marquise-de-sevigne-lettres-de-madame-de-sevigne-a-sa-fille-et-a-ses-amis-9387-6623db10009ef-scaled.jpg\",\"contentUrl\":\"https:\/\/clavreuil-wordpress.logiciel-arteo.fr\/wp-content\/uploads\/2024\/04\/marquise-de-sevigne-lettres-de-madame-de-sevigne-a-sa-fille-et-a-ses-amis-9387-6623db10009ef-scaled.jpg\",\"width\":2560,\"height\":1741},{\"@type\":\"BreadcrumbList\",\"@id\":\"https:\/\/clavreuil-wordpress.logiciel-arteo.fr\/en\/sevigne-marquise-de-lettres-de-madame-de-sevigne-a-sa-fille-et-a-ses-amis\/#breadcrumb\",\"itemListElement\":[{\"@type\":\"ListItem\",\"position\":1,\"name\":\"Accueil\",\"item\":\"https:\/\/clavreuil-wordpress.logiciel-arteo.fr\/\"},{\"@type\":\"ListItem\",\"position\":2,\"name\":\"All our books\",\"item\":\"https:\/\/clavreuil-wordpress.logiciel-arteo.fr\/en\/all-our-books\/\"},{\"@type\":\"ListItem\",\"position\":3,\"name\":\"SEVIGNE Marquise de Lettres de Madame de S\u00e9vign\u00e9...\"}]},{\"@type\":\"WebSite\",\"@id\":\"https:\/\/clavreuil-wordpress.logiciel-arteo.fr\/#website\",\"url\":\"https:\/\/clavreuil-wordpress.logiciel-arteo.fr\/\",\"name\":\"Libairie Clavreuil\",\"description\":\"\",\"publisher\":{\"@id\":\"https:\/\/clavreuil-wordpress.logiciel-arteo.fr\/#organization\"},\"potentialAction\":[{\"@type\":\"SearchAction\",\"target\":{\"@type\":\"EntryPoint\",\"urlTemplate\":\"https:\/\/clavreuil-wordpress.logiciel-arteo.fr\/?s={search_term_string}\"},\"query-input\":{\"@type\":\"PropertyValueSpecification\",\"valueRequired\":true,\"valueName\":\"search_term_string\"}}],\"inLanguage\":\"en-US\"},{\"@type\":\"Organization\",\"@id\":\"https:\/\/clavreuil-wordpress.logiciel-arteo.fr\/#organization\",\"name\":\"Libairie Clavreuil\",\"url\":\"https:\/\/clavreuil-wordpress.logiciel-arteo.fr\/\",\"logo\":{\"@type\":\"ImageObject\",\"inLanguage\":\"en-US\",\"@id\":\"https:\/\/clavreuil-wordpress.logiciel-arteo.fr\/#\/schema\/logo\/image\/\",\"url\":\"https:\/\/clavreuil-wordpress.logiciel-arteo.fr\/wp-content\/uploads\/2021\/05\/LOGO_PNG_DATE-_gold.png\",\"contentUrl\":\"https:\/\/clavreuil-wordpress.logiciel-arteo.fr\/wp-content\/uploads\/2021\/05\/LOGO_PNG_DATE-_gold.png\",\"width\":2083,\"height\":1917,\"caption\":\"Libairie Clavreuil\"},\"image\":{\"@id\":\"https:\/\/clavreuil-wordpress.logiciel-arteo.fr\/#\/schema\/logo\/image\/\"}}]}<\/script>\n<!-- \/ Yoast SEO plugin. -->","yoast_head_json":{"title":"SEVIGNE Marquise de Lettres de Madame de S\u00e9vign\u00e9 \u00e0 sa fille et \u00e0 ses amis - Libairie Clavreuil","robots":{"index":"noindex","follow":"follow","max-snippet":"max-snippet:-1","max-image-preview":"max-image-preview:large","max-video-preview":"max-video-preview:-1"},"og_locale":"en_US","og_type":"article","og_title":"SEVIGNE Marquise de Lettres de Madame de S\u00e9vign\u00e9 \u00e0 sa fille et \u00e0 ses amis - Libairie Clavreuil","og_description":"8 volumes, 8vo (198 x 123 mm) of 7 unn.l. (half-title, portrait of Marie de Rabutin-Chantal, Marquise de S&eacute;vign&eacute; by Chasselat &nbsp;proof before landters, portrait of Madame de S&eacute;vign&eacute; by Auguste de Saint Aubin, portrait of Fran&ccedil;oise Marguerite de S&eacute;vign&eacute;, Comtesse de Grignan by Chasselat proof before landters, title, facsimile landter, notice), CLXIV pp., xxxv pp., 334 pp. and 8 engraved portraits for the volume I ; 2 unn.l. (half-title and title), 479 pp. and 6 &nbsp;engraved portraits for the volume II ; &nbsp;2 unn.l. (half-title and title), 478 pp. and 4 engraved portraits for the volume III ; &nbsp;2 unn.l. (half-title and title), 494 pp. and 4 engraved portraits for the volume IV ; &nbsp;2 unn.l. &nbsp;(half-title and title), 480 pp. and 4 engraved portraits for the volume V ; &nbsp;2 unn.l. (half-title and title), 447 pp. and 2 engraved portraits for the volume VI ; &nbsp;2 unn.l. (half-title and title), 527 pp. and 3 engraved portraits for the volume VII; &nbsp;2 unn.l. (half-title and title), 536 pp (derni&egrave;re mal chiffr&eacute;e 636), 1 l. d&#039;errata and 4 engraved portraits for the volume VIII. Long-grained red morocco, flat spine gilt, black morocco title and volume label,gilt roll framing covers, inner roll, gilt edges (A.Van Rossum, Amsterdam).","og_url":"https:\/\/clavreuil-wordpress.logiciel-arteo.fr\/en\/sevigne-marquise-de-lettres-de-madame-de-sevigne-a-sa-fille-et-a-ses-amis\/","og_site_name":"Libairie Clavreuil","article_modified_time":"2024-04-23T10:40:52+00:00","og_image":[{"width":2560,"height":1741,"url":"https:\/\/clavreuil-wordpress.logiciel-arteo.fr\/wp-content\/uploads\/2024\/04\/marquise-de-sevigne-lettres-de-madame-de-sevigne-a-sa-fille-et-a-ses-amis-9387-6623db10009ef-scaled.jpg","type":"image\/jpeg"}],"twitter_card":"summary_large_image","twitter_misc":{"Est. reading time":"2 minutes"},"schema":{"@context":"https:\/\/schema.org","@graph":[{"@type":"WebPage","@id":"https:\/\/clavreuil-wordpress.logiciel-arteo.fr\/en\/sevigne-marquise-de-lettres-de-madame-de-sevigne-a-sa-fille-et-a-ses-amis\/","url":"https:\/\/clavreuil-wordpress.logiciel-arteo.fr\/en\/sevigne-marquise-de-lettres-de-madame-de-sevigne-a-sa-fille-et-a-ses-amis\/","name":"SEVIGNE Marquise de Lettres de Madame de S\u00e9vign\u00e9 \u00e0 sa fille et \u00e0 ses amis - Libairie Clavreuil","isPartOf":{"@id":"https:\/\/clavreuil-wordpress.logiciel-arteo.fr\/#website"},"primaryImageOfPage":{"@id":"https:\/\/clavreuil-wordpress.logiciel-arteo.fr\/en\/sevigne-marquise-de-lettres-de-madame-de-sevigne-a-sa-fille-et-a-ses-amis\/#primaryimage"},"image":{"@id":"https:\/\/clavreuil-wordpress.logiciel-arteo.fr\/en\/sevigne-marquise-de-lettres-de-madame-de-sevigne-a-sa-fille-et-a-ses-amis\/#primaryimage"},"thumbnailUrl":"https:\/\/clavreuil-wordpress.logiciel-arteo.fr\/wp-content\/uploads\/2024\/04\/marquise-de-sevigne-lettres-de-madame-de-sevigne-a-sa-fille-et-a-ses-amis-9387-6623db10009ef-scaled.jpg","datePublished":"2024-04-23T10:39:59+00:00","dateModified":"2024-04-23T10:40:52+00:00","breadcrumb":{"@id":"https:\/\/clavreuil-wordpress.logiciel-arteo.fr\/en\/sevigne-marquise-de-lettres-de-madame-de-sevigne-a-sa-fille-et-a-ses-amis\/#breadcrumb"},"inLanguage":"en-US","potentialAction":[{"@type":"ReadAction","target":["https:\/\/clavreuil-wordpress.logiciel-arteo.fr\/en\/sevigne-marquise-de-lettres-de-madame-de-sevigne-a-sa-fille-et-a-ses-amis\/"]}]},{"@type":"ImageObject","inLanguage":"en-US","@id":"https:\/\/clavreuil-wordpress.logiciel-arteo.fr\/en\/sevigne-marquise-de-lettres-de-madame-de-sevigne-a-sa-fille-et-a-ses-amis\/#primaryimage","url":"https:\/\/clavreuil-wordpress.logiciel-arteo.fr\/wp-content\/uploads\/2024\/04\/marquise-de-sevigne-lettres-de-madame-de-sevigne-a-sa-fille-et-a-ses-amis-9387-6623db10009ef-scaled.jpg","contentUrl":"https:\/\/clavreuil-wordpress.logiciel-arteo.fr\/wp-content\/uploads\/2024\/04\/marquise-de-sevigne-lettres-de-madame-de-sevigne-a-sa-fille-et-a-ses-amis-9387-6623db10009ef-scaled.jpg","width":2560,"height":1741},{"@type":"BreadcrumbList","@id":"https:\/\/clavreuil-wordpress.logiciel-arteo.fr\/en\/sevigne-marquise-de-lettres-de-madame-de-sevigne-a-sa-fille-et-a-ses-amis\/#breadcrumb","itemListElement":[{"@type":"ListItem","position":1,"name":"Accueil","item":"https:\/\/clavreuil-wordpress.logiciel-arteo.fr\/"},{"@type":"ListItem","position":2,"name":"All our books","item":"https:\/\/clavreuil-wordpress.logiciel-arteo.fr\/en\/all-our-books\/"},{"@type":"ListItem","position":3,"name":"SEVIGNE Marquise de Lettres de Madame de S\u00e9vign\u00e9..."}]},{"@type":"WebSite","@id":"https:\/\/clavreuil-wordpress.logiciel-arteo.fr\/#website","url":"https:\/\/clavreuil-wordpress.logiciel-arteo.fr\/","name":"Libairie Clavreuil","description":"","publisher":{"@id":"https:\/\/clavreuil-wordpress.logiciel-arteo.fr\/#organization"},"potentialAction":[{"@type":"SearchAction","target":{"@type":"EntryPoint","urlTemplate":"https:\/\/clavreuil-wordpress.logiciel-arteo.fr\/?s={search_term_string}"},"query-input":{"@type":"PropertyValueSpecification","valueRequired":true,"valueName":"search_term_string"}}],"inLanguage":"en-US"},{"@type":"Organization","@id":"https:\/\/clavreuil-wordpress.logiciel-arteo.fr\/#organization","name":"Libairie Clavreuil","url":"https:\/\/clavreuil-wordpress.logiciel-arteo.fr\/","logo":{"@type":"ImageObject","inLanguage":"en-US","@id":"https:\/\/clavreuil-wordpress.logiciel-arteo.fr\/#\/schema\/logo\/image\/","url":"https:\/\/clavreuil-wordpress.logiciel-arteo.fr\/wp-content\/uploads\/2021\/05\/LOGO_PNG_DATE-_gold.png","contentUrl":"https:\/\/clavreuil-wordpress.logiciel-arteo.fr\/wp-content\/uploads\/2021\/05\/LOGO_PNG_DATE-_gold.png","width":2083,"height":1917,"caption":"Libairie Clavreuil"},"image":{"@id":"https:\/\/clavreuil-wordpress.logiciel-arteo.fr\/#\/schema\/logo\/image\/"}}]}},"_links":{"self":[{"href":"https:\/\/clavreuil-wordpress.logiciel-arteo.fr\/en\/wp-json\/wp\/v2\/product\/74314","targetHints":{"allow":["GET"]}}],"collection":[{"href":"https:\/\/clavreuil-wordpress.logiciel-arteo.fr\/en\/wp-json\/wp\/v2\/product"}],"about":[{"href":"https:\/\/clavreuil-wordpress.logiciel-arteo.fr\/en\/wp-json\/wp\/v2\/types\/product"}],"replies":[{"embeddable":true,"href":"https:\/\/clavreuil-wordpress.logiciel-arteo.fr\/en\/wp-json\/wp\/v2\/comments?post=74314"}],"wp:featuredmedia":[{"embeddable":true,"href":"https:\/\/clavreuil-wordpress.logiciel-arteo.fr\/en\/wp-json\/wp\/v2\/media\/74301"}],"wp:attachment":[{"href":"https:\/\/clavreuil-wordpress.logiciel-arteo.fr\/en\/wp-json\/wp\/v2\/media?parent=74314"}],"wp:term":[{"taxonomy":"product_brand","embeddable":true,"href":"https:\/\/clavreuil-wordpress.logiciel-arteo.fr\/en\/wp-json\/wp\/v2\/product_brand?post=74314"},{"taxonomy":"product_cat","embeddable":true,"href":"https:\/\/clavreuil-wordpress.logiciel-arteo.fr\/en\/wp-json\/wp\/v2\/product_cat?post=74314"},{"taxonomy":"product_tag","embeddable":true,"href":"https:\/\/clavreuil-wordpress.logiciel-arteo.fr\/en\/wp-json\/wp\/v2\/product_tag?post=74314"}],"curies":[{"name":"wp","href":"https:\/\/api.w.org\/{rel}","templated":true}]}}