{"id":74344,"date":"2024-04-23T13:04:51","date_gmt":"2024-04-23T11:04:51","guid":{"rendered":"https:\/\/clavreuil-wordpress.logiciel-arteo.fr\/van-wicquefort-abraham-lambassadeur-et-ses-fonctions-derniere-edition-augmentee-des-reflexions-sur-les-memoires-pour-les-ambassadeurs-de-la-reponse-a-lauteur-et-du-discours-historique-de-le\/"},"modified":"2024-04-23T13:05:23","modified_gmt":"2024-04-23T11:05:23","slug":"van-wicquefort-abraham-lambassadeur-et-ses-fonctions-derniere-edition-augmentee-des-reflexions-sur-les-memoires-pour-les-ambassadeurs-de-la-reponse-a-lauteur-et-du-discours-historique-de-le","status":"publish","type":"product","link":"https:\/\/clavreuil-wordpress.logiciel-arteo.fr\/en\/van-wicquefort-abraham-lambassadeur-et-ses-fonctions-derniere-edition-augmentee-des-reflexions-sur-les-memoires-pour-les-ambassadeurs-de-la-reponse-a-lauteur-et-du-discours-historique-de-le\/","title":{"rendered":"VAN WICQUEFORT Abraham L&#8217;Ambassadeur et ses fonctions. Derni\u00e8re..."},"content":{"rendered":"<p style=\"text-align:justify\"><em>Graesse, VI, 446.<\/em><\/p>\n<p>Fine edition of this important work on diplomacy. &quot;Abraham de Wicquefort&#039;s book on L&#039;Ambassadeur et ses fonctions is still today constantly mentioned and quoted when dealing with the history of modern diplomacy and considered to be &#039;the best-known and most widely read work on diplomacy produced anywhere in early modern Europe&#039;&quot; (see M.S. Anderson, in: open edition books).<\/p>\n<p>A very good copy of this great classic.<\/p>\n","protected":false},"excerpt":{"rendered":"<p>2 volumes, 4to (255 x 188 mm) 2 nn.ll., 551 pp., 18 nn.ll. (index) for volume I; 1 nn.l., 260 pp., 6 nn.ll., 325 pp., 1 nn.l. for volume II. Contemporary speckled calf, spine gilt with raised bands, red speckled edges.<\/p>\n","protected":false},"featured_media":74339,"comment_status":"open","ping_status":"closed","template":"","meta":{"_acf_changed":false},"product_brand":[],"product_cat":[536],"product_tag":[1213,1266],"class_list":{"0":"post-74344","1":"product","2":"type-product","3":"status-publish","4":"has-post-thumbnail","6":"product_cat-right-economy","7":"product_tag-history","8":"product_tag-philosophy","9":"pa_auteur-abraham-van-wicquefort-2","10":"pa_type-de-livre-printed-book","12":"first","13":"instock","14":"shipping-taxable","15":"purchasable","16":"product-type-simple"},"acf":[],"yoast_head":"<!-- This site is optimized with the Yoast SEO plugin v24.3 - https:\/\/yoast.com\/wordpress\/plugins\/seo\/ -->\n<title>VAN WICQUEFORT Abraham L&#039;Ambassadeur et ses fonctions. Derni\u00e8re \u00e9dition, augment\u00e9e des R\u00e9flexions sur les M\u00e9moires pour les Ambassadeurs. De la r\u00e9ponse \u00e0 l&#039;auteur. Et du Discours historique de l&#039;\u00e9lection de l&#039;Empereur, &amp; des Electeurs. - Libairie Clavreuil<\/title>\n<meta name=\"robots\" content=\"noindex, follow, max-snippet:-1, max-image-preview:large, max-video-preview:-1\" \/>\n<meta property=\"og:locale\" content=\"en_US\" \/>\n<meta property=\"og:type\" content=\"article\" \/>\n<meta property=\"og:title\" content=\"VAN WICQUEFORT Abraham L&#039;Ambassadeur et ses fonctions. Derni\u00e8re \u00e9dition, augment\u00e9e des R\u00e9flexions sur les M\u00e9moires pour les Ambassadeurs. De la r\u00e9ponse \u00e0 l&#039;auteur. Et du Discours historique de l&#039;\u00e9lection de l&#039;Empereur, &amp; des Electeurs. - Libairie Clavreuil\" \/>\n<meta property=\"og:description\" content=\"2 volumes, 4to (255 x 188 mm) 2 nn.ll., 551 pp., 18 nn.ll. (index) for volume I; 1 nn.l., 260 pp., 6 nn.ll., 325 pp., 1 nn.l. for volume II. Contemporary speckled calf, spine gilt with raised bands, red speckled edges.\" \/>\n<meta property=\"og:url\" content=\"https:\/\/clavreuil-wordpress.logiciel-arteo.fr\/en\/van-wicquefort-abraham-lambassadeur-et-ses-fonctions-derniere-edition-augmentee-des-reflexions-sur-les-memoires-pour-les-ambassadeurs-de-la-reponse-a-lauteur-et-du-discours-historique-de-le\/\" \/>\n<meta property=\"og:site_name\" content=\"Libairie Clavreuil\" \/>\n<meta property=\"article:modified_time\" content=\"2024-04-23T11:05:23+00:00\" \/>\n<meta property=\"og:image\" content=\"https:\/\/clavreuil-wordpress.logiciel-arteo.fr\/wp-content\/uploads\/2024\/04\/abraham-van-wicquefort-l-ambassadeur-et-ses-fonctions-derniere-edition-augmentee-des-reflexions-sur-les-memoires-pour-les-ambassadeurs-de-la-reponse-a-scaled.jpg\" \/>\n\t<meta property=\"og:image:width\" content=\"1920\" \/>\n\t<meta property=\"og:image:height\" content=\"2560\" \/>\n\t<meta property=\"og:image:type\" content=\"image\/jpeg\" \/>\n<meta name=\"twitter:card\" content=\"summary_large_image\" \/>\n<script type=\"application\/ld+json\" class=\"yoast-schema-graph\">{\"@context\":\"https:\/\/schema.org\",\"@graph\":[{\"@type\":\"WebPage\",\"@id\":\"https:\/\/clavreuil-wordpress.logiciel-arteo.fr\/en\/van-wicquefort-abraham-lambassadeur-et-ses-fonctions-derniere-edition-augmentee-des-reflexions-sur-les-memoires-pour-les-ambassadeurs-de-la-reponse-a-lauteur-et-du-discours-historique-de-le\/\",\"url\":\"https:\/\/clavreuil-wordpress.logiciel-arteo.fr\/en\/van-wicquefort-abraham-lambassadeur-et-ses-fonctions-derniere-edition-augmentee-des-reflexions-sur-les-memoires-pour-les-ambassadeurs-de-la-reponse-a-lauteur-et-du-discours-historique-de-le\/\",\"name\":\"VAN WICQUEFORT Abraham L'Ambassadeur et ses fonctions. Derni\u00e8re \u00e9dition, augment\u00e9e des R\u00e9flexions sur les M\u00e9moires pour les Ambassadeurs. De la r\u00e9ponse \u00e0 l'auteur. Et du Discours historique de l'\u00e9lection de l'Empereur, &amp; des Electeurs. - Libairie Clavreuil\",\"isPartOf\":{\"@id\":\"https:\/\/clavreuil-wordpress.logiciel-arteo.fr\/#website\"},\"primaryImageOfPage\":{\"@id\":\"https:\/\/clavreuil-wordpress.logiciel-arteo.fr\/en\/van-wicquefort-abraham-lambassadeur-et-ses-fonctions-derniere-edition-augmentee-des-reflexions-sur-les-memoires-pour-les-ambassadeurs-de-la-reponse-a-lauteur-et-du-discours-historique-de-le\/#primaryimage\"},\"image\":{\"@id\":\"https:\/\/clavreuil-wordpress.logiciel-arteo.fr\/en\/van-wicquefort-abraham-lambassadeur-et-ses-fonctions-derniere-edition-augmentee-des-reflexions-sur-les-memoires-pour-les-ambassadeurs-de-la-reponse-a-lauteur-et-du-discours-historique-de-le\/#primaryimage\"},\"thumbnailUrl\":\"https:\/\/clavreuil-wordpress.logiciel-arteo.fr\/wp-content\/uploads\/2024\/04\/abraham-van-wicquefort-l-ambassadeur-et-ses-fonctions-derniere-edition-augmentee-des-reflexions-sur-les-memoires-pour-les-ambassadeurs-de-la-reponse-a-scaled.jpg\",\"datePublished\":\"2024-04-23T11:04:51+00:00\",\"dateModified\":\"2024-04-23T11:05:23+00:00\",\"breadcrumb\":{\"@id\":\"https:\/\/clavreuil-wordpress.logiciel-arteo.fr\/en\/van-wicquefort-abraham-lambassadeur-et-ses-fonctions-derniere-edition-augmentee-des-reflexions-sur-les-memoires-pour-les-ambassadeurs-de-la-reponse-a-lauteur-et-du-discours-historique-de-le\/#breadcrumb\"},\"inLanguage\":\"en-US\",\"potentialAction\":[{\"@type\":\"ReadAction\",\"target\":[\"https:\/\/clavreuil-wordpress.logiciel-arteo.fr\/en\/van-wicquefort-abraham-lambassadeur-et-ses-fonctions-derniere-edition-augmentee-des-reflexions-sur-les-memoires-pour-les-ambassadeurs-de-la-reponse-a-lauteur-et-du-discours-historique-de-le\/\"]}]},{\"@type\":\"ImageObject\",\"inLanguage\":\"en-US\",\"@id\":\"https:\/\/clavreuil-wordpress.logiciel-arteo.fr\/en\/van-wicquefort-abraham-lambassadeur-et-ses-fonctions-derniere-edition-augmentee-des-reflexions-sur-les-memoires-pour-les-ambassadeurs-de-la-reponse-a-lauteur-et-du-discours-historique-de-le\/#primaryimage\",\"url\":\"https:\/\/clavreuil-wordpress.logiciel-arteo.fr\/wp-content\/uploads\/2024\/04\/abraham-van-wicquefort-l-ambassadeur-et-ses-fonctions-derniere-edition-augmentee-des-reflexions-sur-les-memoires-pour-les-ambassadeurs-de-la-reponse-a-scaled.jpg\",\"contentUrl\":\"https:\/\/clavreuil-wordpress.logiciel-arteo.fr\/wp-content\/uploads\/2024\/04\/abraham-van-wicquefort-l-ambassadeur-et-ses-fonctions-derniere-edition-augmentee-des-reflexions-sur-les-memoires-pour-les-ambassadeurs-de-la-reponse-a-scaled.jpg\",\"width\":1920,\"height\":2560},{\"@type\":\"BreadcrumbList\",\"@id\":\"https:\/\/clavreuil-wordpress.logiciel-arteo.fr\/en\/van-wicquefort-abraham-lambassadeur-et-ses-fonctions-derniere-edition-augmentee-des-reflexions-sur-les-memoires-pour-les-ambassadeurs-de-la-reponse-a-lauteur-et-du-discours-historique-de-le\/#breadcrumb\",\"itemListElement\":[{\"@type\":\"ListItem\",\"position\":1,\"name\":\"Accueil\",\"item\":\"https:\/\/clavreuil-wordpress.logiciel-arteo.fr\/\"},{\"@type\":\"ListItem\",\"position\":2,\"name\":\"All our books\",\"item\":\"https:\/\/clavreuil-wordpress.logiciel-arteo.fr\/en\/all-our-books\/\"},{\"@type\":\"ListItem\",\"position\":3,\"name\":\"VAN WICQUEFORT Abraham L&#8217;Ambassadeur et ses fonctions. Derni\u00e8re...\"}]},{\"@type\":\"WebSite\",\"@id\":\"https:\/\/clavreuil-wordpress.logiciel-arteo.fr\/#website\",\"url\":\"https:\/\/clavreuil-wordpress.logiciel-arteo.fr\/\",\"name\":\"Libairie Clavreuil\",\"description\":\"\",\"publisher\":{\"@id\":\"https:\/\/clavreuil-wordpress.logiciel-arteo.fr\/#organization\"},\"potentialAction\":[{\"@type\":\"SearchAction\",\"target\":{\"@type\":\"EntryPoint\",\"urlTemplate\":\"https:\/\/clavreuil-wordpress.logiciel-arteo.fr\/?s={search_term_string}\"},\"query-input\":{\"@type\":\"PropertyValueSpecification\",\"valueRequired\":true,\"valueName\":\"search_term_string\"}}],\"inLanguage\":\"en-US\"},{\"@type\":\"Organization\",\"@id\":\"https:\/\/clavreuil-wordpress.logiciel-arteo.fr\/#organization\",\"name\":\"Libairie Clavreuil\",\"url\":\"https:\/\/clavreuil-wordpress.logiciel-arteo.fr\/\",\"logo\":{\"@type\":\"ImageObject\",\"inLanguage\":\"en-US\",\"@id\":\"https:\/\/clavreuil-wordpress.logiciel-arteo.fr\/#\/schema\/logo\/image\/\",\"url\":\"https:\/\/clavreuil-wordpress.logiciel-arteo.fr\/wp-content\/uploads\/2021\/05\/LOGO_PNG_DATE-_gold.png\",\"contentUrl\":\"https:\/\/clavreuil-wordpress.logiciel-arteo.fr\/wp-content\/uploads\/2021\/05\/LOGO_PNG_DATE-_gold.png\",\"width\":2083,\"height\":1917,\"caption\":\"Libairie Clavreuil\"},\"image\":{\"@id\":\"https:\/\/clavreuil-wordpress.logiciel-arteo.fr\/#\/schema\/logo\/image\/\"}}]}<\/script>\n<!-- \/ Yoast SEO plugin. -->","yoast_head_json":{"title":"VAN WICQUEFORT Abraham L'Ambassadeur et ses fonctions. Derni\u00e8re \u00e9dition, augment\u00e9e des R\u00e9flexions sur les M\u00e9moires pour les Ambassadeurs. De la r\u00e9ponse \u00e0 l'auteur. Et du Discours historique de l'\u00e9lection de l'Empereur, &amp; des Electeurs. - Libairie Clavreuil","robots":{"index":"noindex","follow":"follow","max-snippet":"max-snippet:-1","max-image-preview":"max-image-preview:large","max-video-preview":"max-video-preview:-1"},"og_locale":"en_US","og_type":"article","og_title":"VAN WICQUEFORT Abraham L'Ambassadeur et ses fonctions. Derni\u00e8re \u00e9dition, augment\u00e9e des R\u00e9flexions sur les M\u00e9moires pour les Ambassadeurs. De la r\u00e9ponse \u00e0 l'auteur. Et du Discours historique de l'\u00e9lection de l'Empereur, &amp; des Electeurs. - Libairie Clavreuil","og_description":"2 volumes, 4to (255 x 188 mm) 2 nn.ll., 551 pp., 18 nn.ll. (index) for volume I; 1 nn.l., 260 pp., 6 nn.ll., 325 pp., 1 nn.l. for volume II. Contemporary speckled calf, spine gilt with raised bands, red speckled edges.","og_url":"https:\/\/clavreuil-wordpress.logiciel-arteo.fr\/en\/van-wicquefort-abraham-lambassadeur-et-ses-fonctions-derniere-edition-augmentee-des-reflexions-sur-les-memoires-pour-les-ambassadeurs-de-la-reponse-a-lauteur-et-du-discours-historique-de-le\/","og_site_name":"Libairie Clavreuil","article_modified_time":"2024-04-23T11:05:23+00:00","og_image":[{"width":1920,"height":2560,"url":"https:\/\/clavreuil-wordpress.logiciel-arteo.fr\/wp-content\/uploads\/2024\/04\/abraham-van-wicquefort-l-ambassadeur-et-ses-fonctions-derniere-edition-augmentee-des-reflexions-sur-les-memoires-pour-les-ambassadeurs-de-la-reponse-a-scaled.jpg","type":"image\/jpeg"}],"twitter_card":"summary_large_image","schema":{"@context":"https:\/\/schema.org","@graph":[{"@type":"WebPage","@id":"https:\/\/clavreuil-wordpress.logiciel-arteo.fr\/en\/van-wicquefort-abraham-lambassadeur-et-ses-fonctions-derniere-edition-augmentee-des-reflexions-sur-les-memoires-pour-les-ambassadeurs-de-la-reponse-a-lauteur-et-du-discours-historique-de-le\/","url":"https:\/\/clavreuil-wordpress.logiciel-arteo.fr\/en\/van-wicquefort-abraham-lambassadeur-et-ses-fonctions-derniere-edition-augmentee-des-reflexions-sur-les-memoires-pour-les-ambassadeurs-de-la-reponse-a-lauteur-et-du-discours-historique-de-le\/","name":"VAN WICQUEFORT Abraham L'Ambassadeur et ses fonctions. Derni\u00e8re \u00e9dition, augment\u00e9e des R\u00e9flexions sur les M\u00e9moires pour les Ambassadeurs. De la r\u00e9ponse \u00e0 l'auteur. Et du Discours historique de l'\u00e9lection de l'Empereur, &amp; des Electeurs. - Libairie Clavreuil","isPartOf":{"@id":"https:\/\/clavreuil-wordpress.logiciel-arteo.fr\/#website"},"primaryImageOfPage":{"@id":"https:\/\/clavreuil-wordpress.logiciel-arteo.fr\/en\/van-wicquefort-abraham-lambassadeur-et-ses-fonctions-derniere-edition-augmentee-des-reflexions-sur-les-memoires-pour-les-ambassadeurs-de-la-reponse-a-lauteur-et-du-discours-historique-de-le\/#primaryimage"},"image":{"@id":"https:\/\/clavreuil-wordpress.logiciel-arteo.fr\/en\/van-wicquefort-abraham-lambassadeur-et-ses-fonctions-derniere-edition-augmentee-des-reflexions-sur-les-memoires-pour-les-ambassadeurs-de-la-reponse-a-lauteur-et-du-discours-historique-de-le\/#primaryimage"},"thumbnailUrl":"https:\/\/clavreuil-wordpress.logiciel-arteo.fr\/wp-content\/uploads\/2024\/04\/abraham-van-wicquefort-l-ambassadeur-et-ses-fonctions-derniere-edition-augmentee-des-reflexions-sur-les-memoires-pour-les-ambassadeurs-de-la-reponse-a-scaled.jpg","datePublished":"2024-04-23T11:04:51+00:00","dateModified":"2024-04-23T11:05:23+00:00","breadcrumb":{"@id":"https:\/\/clavreuil-wordpress.logiciel-arteo.fr\/en\/van-wicquefort-abraham-lambassadeur-et-ses-fonctions-derniere-edition-augmentee-des-reflexions-sur-les-memoires-pour-les-ambassadeurs-de-la-reponse-a-lauteur-et-du-discours-historique-de-le\/#breadcrumb"},"inLanguage":"en-US","potentialAction":[{"@type":"ReadAction","target":["https:\/\/clavreuil-wordpress.logiciel-arteo.fr\/en\/van-wicquefort-abraham-lambassadeur-et-ses-fonctions-derniere-edition-augmentee-des-reflexions-sur-les-memoires-pour-les-ambassadeurs-de-la-reponse-a-lauteur-et-du-discours-historique-de-le\/"]}]},{"@type":"ImageObject","inLanguage":"en-US","@id":"https:\/\/clavreuil-wordpress.logiciel-arteo.fr\/en\/van-wicquefort-abraham-lambassadeur-et-ses-fonctions-derniere-edition-augmentee-des-reflexions-sur-les-memoires-pour-les-ambassadeurs-de-la-reponse-a-lauteur-et-du-discours-historique-de-le\/#primaryimage","url":"https:\/\/clavreuil-wordpress.logiciel-arteo.fr\/wp-content\/uploads\/2024\/04\/abraham-van-wicquefort-l-ambassadeur-et-ses-fonctions-derniere-edition-augmentee-des-reflexions-sur-les-memoires-pour-les-ambassadeurs-de-la-reponse-a-scaled.jpg","contentUrl":"https:\/\/clavreuil-wordpress.logiciel-arteo.fr\/wp-content\/uploads\/2024\/04\/abraham-van-wicquefort-l-ambassadeur-et-ses-fonctions-derniere-edition-augmentee-des-reflexions-sur-les-memoires-pour-les-ambassadeurs-de-la-reponse-a-scaled.jpg","width":1920,"height":2560},{"@type":"BreadcrumbList","@id":"https:\/\/clavreuil-wordpress.logiciel-arteo.fr\/en\/van-wicquefort-abraham-lambassadeur-et-ses-fonctions-derniere-edition-augmentee-des-reflexions-sur-les-memoires-pour-les-ambassadeurs-de-la-reponse-a-lauteur-et-du-discours-historique-de-le\/#breadcrumb","itemListElement":[{"@type":"ListItem","position":1,"name":"Accueil","item":"https:\/\/clavreuil-wordpress.logiciel-arteo.fr\/"},{"@type":"ListItem","position":2,"name":"All our books","item":"https:\/\/clavreuil-wordpress.logiciel-arteo.fr\/en\/all-our-books\/"},{"@type":"ListItem","position":3,"name":"VAN WICQUEFORT Abraham L&#8217;Ambassadeur et ses fonctions. Derni\u00e8re..."}]},{"@type":"WebSite","@id":"https:\/\/clavreuil-wordpress.logiciel-arteo.fr\/#website","url":"https:\/\/clavreuil-wordpress.logiciel-arteo.fr\/","name":"Libairie Clavreuil","description":"","publisher":{"@id":"https:\/\/clavreuil-wordpress.logiciel-arteo.fr\/#organization"},"potentialAction":[{"@type":"SearchAction","target":{"@type":"EntryPoint","urlTemplate":"https:\/\/clavreuil-wordpress.logiciel-arteo.fr\/?s={search_term_string}"},"query-input":{"@type":"PropertyValueSpecification","valueRequired":true,"valueName":"search_term_string"}}],"inLanguage":"en-US"},{"@type":"Organization","@id":"https:\/\/clavreuil-wordpress.logiciel-arteo.fr\/#organization","name":"Libairie Clavreuil","url":"https:\/\/clavreuil-wordpress.logiciel-arteo.fr\/","logo":{"@type":"ImageObject","inLanguage":"en-US","@id":"https:\/\/clavreuil-wordpress.logiciel-arteo.fr\/#\/schema\/logo\/image\/","url":"https:\/\/clavreuil-wordpress.logiciel-arteo.fr\/wp-content\/uploads\/2021\/05\/LOGO_PNG_DATE-_gold.png","contentUrl":"https:\/\/clavreuil-wordpress.logiciel-arteo.fr\/wp-content\/uploads\/2021\/05\/LOGO_PNG_DATE-_gold.png","width":2083,"height":1917,"caption":"Libairie Clavreuil"},"image":{"@id":"https:\/\/clavreuil-wordpress.logiciel-arteo.fr\/#\/schema\/logo\/image\/"}}]}},"_links":{"self":[{"href":"https:\/\/clavreuil-wordpress.logiciel-arteo.fr\/en\/wp-json\/wp\/v2\/product\/74344","targetHints":{"allow":["GET"]}}],"collection":[{"href":"https:\/\/clavreuil-wordpress.logiciel-arteo.fr\/en\/wp-json\/wp\/v2\/product"}],"about":[{"href":"https:\/\/clavreuil-wordpress.logiciel-arteo.fr\/en\/wp-json\/wp\/v2\/types\/product"}],"replies":[{"embeddable":true,"href":"https:\/\/clavreuil-wordpress.logiciel-arteo.fr\/en\/wp-json\/wp\/v2\/comments?post=74344"}],"wp:featuredmedia":[{"embeddable":true,"href":"https:\/\/clavreuil-wordpress.logiciel-arteo.fr\/en\/wp-json\/wp\/v2\/media\/74339"}],"wp:attachment":[{"href":"https:\/\/clavreuil-wordpress.logiciel-arteo.fr\/en\/wp-json\/wp\/v2\/media?parent=74344"}],"wp:term":[{"taxonomy":"product_brand","embeddable":true,"href":"https:\/\/clavreuil-wordpress.logiciel-arteo.fr\/en\/wp-json\/wp\/v2\/product_brand?post=74344"},{"taxonomy":"product_cat","embeddable":true,"href":"https:\/\/clavreuil-wordpress.logiciel-arteo.fr\/en\/wp-json\/wp\/v2\/product_cat?post=74344"},{"taxonomy":"product_tag","embeddable":true,"href":"https:\/\/clavreuil-wordpress.logiciel-arteo.fr\/en\/wp-json\/wp\/v2\/product_tag?post=74344"}],"curies":[{"name":"wp","href":"https:\/\/api.w.org\/{rel}","templated":true}]}}