{"id":74364,"date":"2024-04-23T13:06:24","date_gmt":"2024-04-23T11:06:24","guid":{"rendered":"https:\/\/clavreuil-wordpress.logiciel-arteo.fr\/rameau-jean-philippe-traite-de-lharmonie-reduite-a-ses-principes-naturels-divise-en-quatre-livres\/"},"modified":"2024-04-23T13:06:58","modified_gmt":"2024-04-23T11:06:58","slug":"rameau-jean-philippe-traite-de-lharmonie-reduite-a-ses-principes-naturels-divise-en-quatre-livres","status":"publish","type":"product","link":"https:\/\/clavreuil-wordpress.logiciel-arteo.fr\/en\/rameau-jean-philippe-traite-de-lharmonie-reduite-a-ses-principes-naturels-divise-en-quatre-livres\/","title":{"rendered":"RAMEAU Jean Philippe Trait\u00e9 de l&#8217;harmonie r\u00e9duite \u00e0..."},"content":{"rendered":"<p style=\"text-align:justify\"><em>F&eacute;tis, VII, 169.<\/em><\/p>\n<p style=\"text-align:justify\">First edition of Rameau&#039;s first publication, establishing his reputation as an important musicologist for the following decades. His <em>Trait&eacute; de l&#039;harmonie&nbsp;<\/em>exerced a very strong influence on highly important scientists and musicians such as Euler and Tartini.<\/p>\n<p style=\"text-align:justify\">&quot;Arriving in Paris in 1721, [Rameau] took care of the publication of his Trait&eacute; de l&rsquo;harmonie which appeared the following year. This work was not understood; but the criticisms that were made of it turned to the profit of its author, by fixing on him the attention of the public&hellip;The mere thought of the possibility of a scientific theory of harmony was a stroke of genius that stirred the musical world and still exerts its influence today. The Treatise on Harmony was the origin of Euler&#039;s Tentamen, and of Tartini&#039;s system; it was the modified basso continuo system that Marpurg introduced in Germany in his Manuel de la basse continue, and in the translation of d&#039;Alembert&#039;s &Eacute;l&eacute;mens de musique&quot; (see F&eacute;tis).<\/p>\n<p style=\"text-align:justify\">Very good copy, complete with the supplement bound in at end.<\/p>\n<p style=\"text-align:justify\">From the library De Farcy de Mu&eacute; (signature on the title), probably Annibal Fran&ccedil;ois de Farcy de Mu&eacute; (Rennes 1685-1751).<\/p>\n","protected":false},"excerpt":{"rendered":"<p style=\"text-align:justify\">4to (247 x 188 mm) 4 nn.l., XXIV, 432 pp., 17 pp. of supplement. Contemporary mottled calf, spine gilt with raised bands, mottled edges (light overall wear).<\/p>\n","protected":false},"featured_media":74357,"comment_status":"open","ping_status":"closed","template":"","meta":{"_acf_changed":false},"product_brand":[],"product_cat":[544],"product_tag":[1450,568],"class_list":{"0":"post-74364","1":"product","2":"type-product","3":"status-publish","4":"has-post-thumbnail","6":"product_cat-literature","7":"product_tag-first-edition","8":"product_tag-music","9":"pa_auteur-jean-philippe-rameau-2","10":"pa_type-de-livre-printed-book","12":"first","13":"instock","14":"shipping-taxable","15":"purchasable","16":"product-type-simple"},"acf":[],"yoast_head":"<!-- This site is optimized with the Yoast SEO plugin v24.3 - https:\/\/yoast.com\/wordpress\/plugins\/seo\/ -->\n<title>RAMEAU Jean Philippe Trait\u00e9 de l&#039;harmonie r\u00e9duite \u00e0 ses principes naturels ; divis\u00e9 en quatre livres. - Libairie Clavreuil<\/title>\n<meta name=\"robots\" content=\"noindex, follow, max-snippet:-1, max-image-preview:large, max-video-preview:-1\" \/>\n<meta property=\"og:locale\" content=\"en_US\" \/>\n<meta property=\"og:type\" content=\"article\" \/>\n<meta property=\"og:title\" content=\"RAMEAU Jean Philippe Trait\u00e9 de l&#039;harmonie r\u00e9duite \u00e0 ses principes naturels ; divis\u00e9 en quatre livres. - Libairie Clavreuil\" \/>\n<meta property=\"og:description\" content=\"4to (247 x 188 mm) 4 nn.l., XXIV, 432 pp., 17 pp. of supplement. Contemporary mottled calf, spine gilt with raised bands, mottled edges (light overall wear).\" \/>\n<meta property=\"og:url\" content=\"https:\/\/clavreuil-wordpress.logiciel-arteo.fr\/en\/rameau-jean-philippe-traite-de-lharmonie-reduite-a-ses-principes-naturels-divise-en-quatre-livres\/\" \/>\n<meta property=\"og:site_name\" content=\"Libairie Clavreuil\" \/>\n<meta property=\"article:modified_time\" content=\"2024-04-23T11:06:58+00:00\" \/>\n<meta property=\"og:image\" content=\"https:\/\/clavreuil-wordpress.logiciel-arteo.fr\/wp-content\/uploads\/2024\/04\/jean-philippe-rameau-traite-de-l-harmonie-reduite-a-ses-principes-naturels-divise-en-quatre-livres-8099-65b2753f29c83-scaled.jpg\" \/>\n\t<meta property=\"og:image:width\" content=\"1920\" \/>\n\t<meta property=\"og:image:height\" content=\"2560\" \/>\n\t<meta property=\"og:image:type\" content=\"image\/jpeg\" \/>\n<meta name=\"twitter:card\" content=\"summary_large_image\" \/>\n<meta name=\"twitter:label1\" content=\"Est. reading time\" \/>\n\t<meta name=\"twitter:data1\" content=\"1 minute\" \/>\n<script type=\"application\/ld+json\" class=\"yoast-schema-graph\">{\"@context\":\"https:\/\/schema.org\",\"@graph\":[{\"@type\":\"WebPage\",\"@id\":\"https:\/\/clavreuil-wordpress.logiciel-arteo.fr\/en\/rameau-jean-philippe-traite-de-lharmonie-reduite-a-ses-principes-naturels-divise-en-quatre-livres\/\",\"url\":\"https:\/\/clavreuil-wordpress.logiciel-arteo.fr\/en\/rameau-jean-philippe-traite-de-lharmonie-reduite-a-ses-principes-naturels-divise-en-quatre-livres\/\",\"name\":\"RAMEAU Jean Philippe Trait\u00e9 de l'harmonie r\u00e9duite \u00e0 ses principes naturels ; divis\u00e9 en quatre livres. - Libairie Clavreuil\",\"isPartOf\":{\"@id\":\"https:\/\/clavreuil-wordpress.logiciel-arteo.fr\/#website\"},\"primaryImageOfPage\":{\"@id\":\"https:\/\/clavreuil-wordpress.logiciel-arteo.fr\/en\/rameau-jean-philippe-traite-de-lharmonie-reduite-a-ses-principes-naturels-divise-en-quatre-livres\/#primaryimage\"},\"image\":{\"@id\":\"https:\/\/clavreuil-wordpress.logiciel-arteo.fr\/en\/rameau-jean-philippe-traite-de-lharmonie-reduite-a-ses-principes-naturels-divise-en-quatre-livres\/#primaryimage\"},\"thumbnailUrl\":\"https:\/\/clavreuil-wordpress.logiciel-arteo.fr\/wp-content\/uploads\/2024\/04\/jean-philippe-rameau-traite-de-l-harmonie-reduite-a-ses-principes-naturels-divise-en-quatre-livres-8099-65b2753f29c83-scaled.jpg\",\"datePublished\":\"2024-04-23T11:06:24+00:00\",\"dateModified\":\"2024-04-23T11:06:58+00:00\",\"breadcrumb\":{\"@id\":\"https:\/\/clavreuil-wordpress.logiciel-arteo.fr\/en\/rameau-jean-philippe-traite-de-lharmonie-reduite-a-ses-principes-naturels-divise-en-quatre-livres\/#breadcrumb\"},\"inLanguage\":\"en-US\",\"potentialAction\":[{\"@type\":\"ReadAction\",\"target\":[\"https:\/\/clavreuil-wordpress.logiciel-arteo.fr\/en\/rameau-jean-philippe-traite-de-lharmonie-reduite-a-ses-principes-naturels-divise-en-quatre-livres\/\"]}]},{\"@type\":\"ImageObject\",\"inLanguage\":\"en-US\",\"@id\":\"https:\/\/clavreuil-wordpress.logiciel-arteo.fr\/en\/rameau-jean-philippe-traite-de-lharmonie-reduite-a-ses-principes-naturels-divise-en-quatre-livres\/#primaryimage\",\"url\":\"https:\/\/clavreuil-wordpress.logiciel-arteo.fr\/wp-content\/uploads\/2024\/04\/jean-philippe-rameau-traite-de-l-harmonie-reduite-a-ses-principes-naturels-divise-en-quatre-livres-8099-65b2753f29c83-scaled.jpg\",\"contentUrl\":\"https:\/\/clavreuil-wordpress.logiciel-arteo.fr\/wp-content\/uploads\/2024\/04\/jean-philippe-rameau-traite-de-l-harmonie-reduite-a-ses-principes-naturels-divise-en-quatre-livres-8099-65b2753f29c83-scaled.jpg\",\"width\":1920,\"height\":2560},{\"@type\":\"BreadcrumbList\",\"@id\":\"https:\/\/clavreuil-wordpress.logiciel-arteo.fr\/en\/rameau-jean-philippe-traite-de-lharmonie-reduite-a-ses-principes-naturels-divise-en-quatre-livres\/#breadcrumb\",\"itemListElement\":[{\"@type\":\"ListItem\",\"position\":1,\"name\":\"Accueil\",\"item\":\"https:\/\/clavreuil-wordpress.logiciel-arteo.fr\/\"},{\"@type\":\"ListItem\",\"position\":2,\"name\":\"All our books\",\"item\":\"https:\/\/clavreuil-wordpress.logiciel-arteo.fr\/en\/all-our-books\/\"},{\"@type\":\"ListItem\",\"position\":3,\"name\":\"RAMEAU Jean Philippe Trait\u00e9 de l&#8217;harmonie r\u00e9duite \u00e0...\"}]},{\"@type\":\"WebSite\",\"@id\":\"https:\/\/clavreuil-wordpress.logiciel-arteo.fr\/#website\",\"url\":\"https:\/\/clavreuil-wordpress.logiciel-arteo.fr\/\",\"name\":\"Libairie Clavreuil\",\"description\":\"\",\"publisher\":{\"@id\":\"https:\/\/clavreuil-wordpress.logiciel-arteo.fr\/#organization\"},\"potentialAction\":[{\"@type\":\"SearchAction\",\"target\":{\"@type\":\"EntryPoint\",\"urlTemplate\":\"https:\/\/clavreuil-wordpress.logiciel-arteo.fr\/?s={search_term_string}\"},\"query-input\":{\"@type\":\"PropertyValueSpecification\",\"valueRequired\":true,\"valueName\":\"search_term_string\"}}],\"inLanguage\":\"en-US\"},{\"@type\":\"Organization\",\"@id\":\"https:\/\/clavreuil-wordpress.logiciel-arteo.fr\/#organization\",\"name\":\"Libairie Clavreuil\",\"url\":\"https:\/\/clavreuil-wordpress.logiciel-arteo.fr\/\",\"logo\":{\"@type\":\"ImageObject\",\"inLanguage\":\"en-US\",\"@id\":\"https:\/\/clavreuil-wordpress.logiciel-arteo.fr\/#\/schema\/logo\/image\/\",\"url\":\"https:\/\/clavreuil-wordpress.logiciel-arteo.fr\/wp-content\/uploads\/2021\/05\/LOGO_PNG_DATE-_gold.png\",\"contentUrl\":\"https:\/\/clavreuil-wordpress.logiciel-arteo.fr\/wp-content\/uploads\/2021\/05\/LOGO_PNG_DATE-_gold.png\",\"width\":2083,\"height\":1917,\"caption\":\"Libairie Clavreuil\"},\"image\":{\"@id\":\"https:\/\/clavreuil-wordpress.logiciel-arteo.fr\/#\/schema\/logo\/image\/\"}}]}<\/script>\n<!-- \/ Yoast SEO plugin. -->","yoast_head_json":{"title":"RAMEAU Jean Philippe Trait\u00e9 de l'harmonie r\u00e9duite \u00e0 ses principes naturels ; divis\u00e9 en quatre livres. - Libairie Clavreuil","robots":{"index":"noindex","follow":"follow","max-snippet":"max-snippet:-1","max-image-preview":"max-image-preview:large","max-video-preview":"max-video-preview:-1"},"og_locale":"en_US","og_type":"article","og_title":"RAMEAU Jean Philippe Trait\u00e9 de l'harmonie r\u00e9duite \u00e0 ses principes naturels ; divis\u00e9 en quatre livres. - Libairie Clavreuil","og_description":"4to (247 x 188 mm) 4 nn.l., XXIV, 432 pp., 17 pp. of supplement. Contemporary mottled calf, spine gilt with raised bands, mottled edges (light overall wear).","og_url":"https:\/\/clavreuil-wordpress.logiciel-arteo.fr\/en\/rameau-jean-philippe-traite-de-lharmonie-reduite-a-ses-principes-naturels-divise-en-quatre-livres\/","og_site_name":"Libairie Clavreuil","article_modified_time":"2024-04-23T11:06:58+00:00","og_image":[{"width":1920,"height":2560,"url":"https:\/\/clavreuil-wordpress.logiciel-arteo.fr\/wp-content\/uploads\/2024\/04\/jean-philippe-rameau-traite-de-l-harmonie-reduite-a-ses-principes-naturels-divise-en-quatre-livres-8099-65b2753f29c83-scaled.jpg","type":"image\/jpeg"}],"twitter_card":"summary_large_image","twitter_misc":{"Est. reading time":"1 minute"},"schema":{"@context":"https:\/\/schema.org","@graph":[{"@type":"WebPage","@id":"https:\/\/clavreuil-wordpress.logiciel-arteo.fr\/en\/rameau-jean-philippe-traite-de-lharmonie-reduite-a-ses-principes-naturels-divise-en-quatre-livres\/","url":"https:\/\/clavreuil-wordpress.logiciel-arteo.fr\/en\/rameau-jean-philippe-traite-de-lharmonie-reduite-a-ses-principes-naturels-divise-en-quatre-livres\/","name":"RAMEAU Jean Philippe Trait\u00e9 de l'harmonie r\u00e9duite \u00e0 ses principes naturels ; divis\u00e9 en quatre livres. - Libairie Clavreuil","isPartOf":{"@id":"https:\/\/clavreuil-wordpress.logiciel-arteo.fr\/#website"},"primaryImageOfPage":{"@id":"https:\/\/clavreuil-wordpress.logiciel-arteo.fr\/en\/rameau-jean-philippe-traite-de-lharmonie-reduite-a-ses-principes-naturels-divise-en-quatre-livres\/#primaryimage"},"image":{"@id":"https:\/\/clavreuil-wordpress.logiciel-arteo.fr\/en\/rameau-jean-philippe-traite-de-lharmonie-reduite-a-ses-principes-naturels-divise-en-quatre-livres\/#primaryimage"},"thumbnailUrl":"https:\/\/clavreuil-wordpress.logiciel-arteo.fr\/wp-content\/uploads\/2024\/04\/jean-philippe-rameau-traite-de-l-harmonie-reduite-a-ses-principes-naturels-divise-en-quatre-livres-8099-65b2753f29c83-scaled.jpg","datePublished":"2024-04-23T11:06:24+00:00","dateModified":"2024-04-23T11:06:58+00:00","breadcrumb":{"@id":"https:\/\/clavreuil-wordpress.logiciel-arteo.fr\/en\/rameau-jean-philippe-traite-de-lharmonie-reduite-a-ses-principes-naturels-divise-en-quatre-livres\/#breadcrumb"},"inLanguage":"en-US","potentialAction":[{"@type":"ReadAction","target":["https:\/\/clavreuil-wordpress.logiciel-arteo.fr\/en\/rameau-jean-philippe-traite-de-lharmonie-reduite-a-ses-principes-naturels-divise-en-quatre-livres\/"]}]},{"@type":"ImageObject","inLanguage":"en-US","@id":"https:\/\/clavreuil-wordpress.logiciel-arteo.fr\/en\/rameau-jean-philippe-traite-de-lharmonie-reduite-a-ses-principes-naturels-divise-en-quatre-livres\/#primaryimage","url":"https:\/\/clavreuil-wordpress.logiciel-arteo.fr\/wp-content\/uploads\/2024\/04\/jean-philippe-rameau-traite-de-l-harmonie-reduite-a-ses-principes-naturels-divise-en-quatre-livres-8099-65b2753f29c83-scaled.jpg","contentUrl":"https:\/\/clavreuil-wordpress.logiciel-arteo.fr\/wp-content\/uploads\/2024\/04\/jean-philippe-rameau-traite-de-l-harmonie-reduite-a-ses-principes-naturels-divise-en-quatre-livres-8099-65b2753f29c83-scaled.jpg","width":1920,"height":2560},{"@type":"BreadcrumbList","@id":"https:\/\/clavreuil-wordpress.logiciel-arteo.fr\/en\/rameau-jean-philippe-traite-de-lharmonie-reduite-a-ses-principes-naturels-divise-en-quatre-livres\/#breadcrumb","itemListElement":[{"@type":"ListItem","position":1,"name":"Accueil","item":"https:\/\/clavreuil-wordpress.logiciel-arteo.fr\/"},{"@type":"ListItem","position":2,"name":"All our books","item":"https:\/\/clavreuil-wordpress.logiciel-arteo.fr\/en\/all-our-books\/"},{"@type":"ListItem","position":3,"name":"RAMEAU Jean Philippe Trait\u00e9 de l&#8217;harmonie r\u00e9duite \u00e0..."}]},{"@type":"WebSite","@id":"https:\/\/clavreuil-wordpress.logiciel-arteo.fr\/#website","url":"https:\/\/clavreuil-wordpress.logiciel-arteo.fr\/","name":"Libairie Clavreuil","description":"","publisher":{"@id":"https:\/\/clavreuil-wordpress.logiciel-arteo.fr\/#organization"},"potentialAction":[{"@type":"SearchAction","target":{"@type":"EntryPoint","urlTemplate":"https:\/\/clavreuil-wordpress.logiciel-arteo.fr\/?s={search_term_string}"},"query-input":{"@type":"PropertyValueSpecification","valueRequired":true,"valueName":"search_term_string"}}],"inLanguage":"en-US"},{"@type":"Organization","@id":"https:\/\/clavreuil-wordpress.logiciel-arteo.fr\/#organization","name":"Libairie Clavreuil","url":"https:\/\/clavreuil-wordpress.logiciel-arteo.fr\/","logo":{"@type":"ImageObject","inLanguage":"en-US","@id":"https:\/\/clavreuil-wordpress.logiciel-arteo.fr\/#\/schema\/logo\/image\/","url":"https:\/\/clavreuil-wordpress.logiciel-arteo.fr\/wp-content\/uploads\/2021\/05\/LOGO_PNG_DATE-_gold.png","contentUrl":"https:\/\/clavreuil-wordpress.logiciel-arteo.fr\/wp-content\/uploads\/2021\/05\/LOGO_PNG_DATE-_gold.png","width":2083,"height":1917,"caption":"Libairie Clavreuil"},"image":{"@id":"https:\/\/clavreuil-wordpress.logiciel-arteo.fr\/#\/schema\/logo\/image\/"}}]}},"_links":{"self":[{"href":"https:\/\/clavreuil-wordpress.logiciel-arteo.fr\/en\/wp-json\/wp\/v2\/product\/74364","targetHints":{"allow":["GET"]}}],"collection":[{"href":"https:\/\/clavreuil-wordpress.logiciel-arteo.fr\/en\/wp-json\/wp\/v2\/product"}],"about":[{"href":"https:\/\/clavreuil-wordpress.logiciel-arteo.fr\/en\/wp-json\/wp\/v2\/types\/product"}],"replies":[{"embeddable":true,"href":"https:\/\/clavreuil-wordpress.logiciel-arteo.fr\/en\/wp-json\/wp\/v2\/comments?post=74364"}],"wp:featuredmedia":[{"embeddable":true,"href":"https:\/\/clavreuil-wordpress.logiciel-arteo.fr\/en\/wp-json\/wp\/v2\/media\/74357"}],"wp:attachment":[{"href":"https:\/\/clavreuil-wordpress.logiciel-arteo.fr\/en\/wp-json\/wp\/v2\/media?parent=74364"}],"wp:term":[{"taxonomy":"product_brand","embeddable":true,"href":"https:\/\/clavreuil-wordpress.logiciel-arteo.fr\/en\/wp-json\/wp\/v2\/product_brand?post=74364"},{"taxonomy":"product_cat","embeddable":true,"href":"https:\/\/clavreuil-wordpress.logiciel-arteo.fr\/en\/wp-json\/wp\/v2\/product_cat?post=74364"},{"taxonomy":"product_tag","embeddable":true,"href":"https:\/\/clavreuil-wordpress.logiciel-arteo.fr\/en\/wp-json\/wp\/v2\/product_tag?post=74364"}],"curies":[{"name":"wp","href":"https:\/\/api.w.org\/{rel}","templated":true}]}}