{"id":74387,"date":"2024-04-23T15:04:20","date_gmt":"2024-04-23T13:04:20","guid":{"rendered":"https:\/\/clavreuil-wordpress.logiciel-arteo.fr\/delestre-gustave-annuaire-de-la-photographie-resume-des-procedes-les-meilleurs-pour-la-plaque-metallique-le-papier-sec-et-humide-la-glace-albuminee-ou-collodionnee-la-gravure-heliographique-la-l\/"},"modified":"2024-04-23T15:04:49","modified_gmt":"2024-04-23T13:04:49","slug":"delestre-gustave-annuaire-de-la-photographie-resume-des-procedes-les-meilleurs-pour-la-plaque-metallique-le-papier-sec-et-humide-la-glace-albuminee-ou-collodionnee-la-gravure-heliographique-la-l","status":"publish","type":"product","link":"https:\/\/clavreuil-wordpress.logiciel-arteo.fr\/en\/delestre-gustave-annuaire-de-la-photographie-resume-des-procedes-les-meilleurs-pour-la-plaque-metallique-le-papier-sec-et-humide-la-glace-albuminee-ou-collodionnee-la-gravure-heliographique-la-l\/","title":{"rendered":"DELESTRE Gustave Annuaire de la photographie. R\u00e9sum\u00e9 des..."},"content":{"rendered":"<p style=\"text-align:justify\">Reissue of the original 1858 edition with a renewed title without date, completed by three added supplements, not included before<\/p>\n<p style=\"text-align:justify\">A very important work in the history of photography, summarizing the different techniques starting from the beginning by Nic&eacute;phore Ni&egrave;pce (1765-1833) up to 1858.<\/p>\n<p style=\"text-align:justify\">The author gives precise information on the production and development of daguerreotypes, followed by details on prints on paper (talbotypes) and the processes applied by the photographers Baldus and Gustave Le Gray. The following chapters are devoted to positive paper, Niceotype or glass photography, collodion, and the other processes mentioned on the title page.<\/p>\n<p style=\"text-align:justify\">The main book is followed by 3 supplements written by Casimir Lefebvre, notably: &#8211; Photography on Fabrics. 2 nn.ll. &#8211; Supplement for 1861. Multiplier-Mulnier. 2 nn.ll. &#8211; Supplement for 1862. Charcoal photography [and] Porcelain photography. 2 nn.ll.<\/p>\n<p style=\"text-align:justify\">The book is notoriously rare and difficult to find in good condition. A very good copy, despite scattered foxing.<\/p>\n","protected":false},"excerpt":{"rendered":"<p>8vo (206 x 129 mm) 208 pp., one full-page illustration, 6 nn.ll. (supplements). Contemporary green buckram backed marbled boards.<\/p>\n","protected":false},"featured_media":74376,"comment_status":"open","ping_status":"closed","template":"","meta":{"_acf_changed":false},"product_brand":[],"product_cat":[550],"product_tag":[1205],"class_list":{"0":"post-74387","1":"product","2":"type-product","3":"status-publish","4":"has-post-thumbnail","6":"product_cat-science","7":"product_tag-photography","8":"pa_auteur-gustave-delestre-2","9":"pa_type-de-livre-printed-book","11":"first","12":"instock","13":"shipping-taxable","14":"purchasable","15":"product-type-simple"},"acf":[],"yoast_head":"<!-- This site is optimized with the Yoast SEO plugin v24.3 - https:\/\/yoast.com\/wordpress\/plugins\/seo\/ -->\n<title>DELESTRE Gustave Annuaire de la photographie. R\u00e9sum\u00e9 des proc\u00e9d\u00e9s les meilleurs pour la plaque m\u00e9tallique, le papier sec et humide, la glace albumin\u00e9e ou collodionn\u00e9e, la gravure h\u00e9liographique, la lithophotographie, le clich\u00e9 typographique, le st\u00e9r\u00e9oscope, l&#039;h\u00e9lioplastie, l&#039;amplification des images, la damasquinure, photographie sur tissus, collodion sur toile cir\u00e9e. Avec l&#039;indication des instruments nouveaux et la nomenclature des trait\u00e9s sp\u00e9ciaux sur chacune de ces diff\u00e9rentes mati\u00e8res. Continu\u00e9s par Casimir Lefebvre. - Libairie Clavreuil<\/title>\n<meta name=\"robots\" content=\"noindex, follow, max-snippet:-1, max-image-preview:large, max-video-preview:-1\" \/>\n<meta property=\"og:locale\" content=\"en_US\" \/>\n<meta property=\"og:type\" content=\"article\" \/>\n<meta property=\"og:title\" content=\"DELESTRE Gustave Annuaire de la photographie. R\u00e9sum\u00e9 des proc\u00e9d\u00e9s les meilleurs pour la plaque m\u00e9tallique, le papier sec et humide, la glace albumin\u00e9e ou collodionn\u00e9e, la gravure h\u00e9liographique, la lithophotographie, le clich\u00e9 typographique, le st\u00e9r\u00e9oscope, l&#039;h\u00e9lioplastie, l&#039;amplification des images, la damasquinure, photographie sur tissus, collodion sur toile cir\u00e9e. Avec l&#039;indication des instruments nouveaux et la nomenclature des trait\u00e9s sp\u00e9ciaux sur chacune de ces diff\u00e9rentes mati\u00e8res. Continu\u00e9s par Casimir Lefebvre. - Libairie Clavreuil\" \/>\n<meta property=\"og:description\" content=\"8vo (206 x 129 mm) 208 pp., one full-page illustration, 6 nn.ll. (supplements). Contemporary green buckram backed marbled boards.\" \/>\n<meta property=\"og:url\" content=\"https:\/\/clavreuil-wordpress.logiciel-arteo.fr\/en\/delestre-gustave-annuaire-de-la-photographie-resume-des-procedes-les-meilleurs-pour-la-plaque-metallique-le-papier-sec-et-humide-la-glace-albuminee-ou-collodionnee-la-gravure-heliographique-la-l\/\" \/>\n<meta property=\"og:site_name\" content=\"Libairie Clavreuil\" \/>\n<meta property=\"article:modified_time\" content=\"2024-04-23T13:04:49+00:00\" \/>\n<meta property=\"og:image\" content=\"https:\/\/clavreuil-wordpress.logiciel-arteo.fr\/wp-content\/uploads\/2024\/04\/gustave-delestre-annuaire-de-la-photographie-resume-des-procedes-les-meilleurs-pour-la-plaque-metallique-le-papier-sec-et-humide-la-glace-albuminee-ou.jpg\" \/>\n\t<meta property=\"og:image:width\" content=\"1244\" \/>\n\t<meta property=\"og:image:height\" content=\"1870\" \/>\n\t<meta property=\"og:image:type\" content=\"image\/jpeg\" \/>\n<meta name=\"twitter:card\" content=\"summary_large_image\" \/>\n<meta name=\"twitter:label1\" content=\"Est. reading time\" \/>\n\t<meta name=\"twitter:data1\" content=\"1 minute\" \/>\n<script type=\"application\/ld+json\" class=\"yoast-schema-graph\">{\"@context\":\"https:\/\/schema.org\",\"@graph\":[{\"@type\":\"WebPage\",\"@id\":\"https:\/\/clavreuil-wordpress.logiciel-arteo.fr\/en\/delestre-gustave-annuaire-de-la-photographie-resume-des-procedes-les-meilleurs-pour-la-plaque-metallique-le-papier-sec-et-humide-la-glace-albuminee-ou-collodionnee-la-gravure-heliographique-la-l\/\",\"url\":\"https:\/\/clavreuil-wordpress.logiciel-arteo.fr\/en\/delestre-gustave-annuaire-de-la-photographie-resume-des-procedes-les-meilleurs-pour-la-plaque-metallique-le-papier-sec-et-humide-la-glace-albuminee-ou-collodionnee-la-gravure-heliographique-la-l\/\",\"name\":\"DELESTRE Gustave Annuaire de la photographie. R\u00e9sum\u00e9 des proc\u00e9d\u00e9s les meilleurs pour la plaque m\u00e9tallique, le papier sec et humide, la glace albumin\u00e9e ou collodionn\u00e9e, la gravure h\u00e9liographique, la lithophotographie, le clich\u00e9 typographique, le st\u00e9r\u00e9oscope, l'h\u00e9lioplastie, l'amplification des images, la damasquinure, photographie sur tissus, collodion sur toile cir\u00e9e. Avec l'indication des instruments nouveaux et la nomenclature des trait\u00e9s sp\u00e9ciaux sur chacune de ces diff\u00e9rentes mati\u00e8res. Continu\u00e9s par Casimir Lefebvre. - Libairie Clavreuil\",\"isPartOf\":{\"@id\":\"https:\/\/clavreuil-wordpress.logiciel-arteo.fr\/#website\"},\"primaryImageOfPage\":{\"@id\":\"https:\/\/clavreuil-wordpress.logiciel-arteo.fr\/en\/delestre-gustave-annuaire-de-la-photographie-resume-des-procedes-les-meilleurs-pour-la-plaque-metallique-le-papier-sec-et-humide-la-glace-albuminee-ou-collodionnee-la-gravure-heliographique-la-l\/#primaryimage\"},\"image\":{\"@id\":\"https:\/\/clavreuil-wordpress.logiciel-arteo.fr\/en\/delestre-gustave-annuaire-de-la-photographie-resume-des-procedes-les-meilleurs-pour-la-plaque-metallique-le-papier-sec-et-humide-la-glace-albuminee-ou-collodionnee-la-gravure-heliographique-la-l\/#primaryimage\"},\"thumbnailUrl\":\"https:\/\/clavreuil-wordpress.logiciel-arteo.fr\/wp-content\/uploads\/2024\/04\/gustave-delestre-annuaire-de-la-photographie-resume-des-procedes-les-meilleurs-pour-la-plaque-metallique-le-papier-sec-et-humide-la-glace-albuminee-ou.jpg\",\"datePublished\":\"2024-04-23T13:04:20+00:00\",\"dateModified\":\"2024-04-23T13:04:49+00:00\",\"breadcrumb\":{\"@id\":\"https:\/\/clavreuil-wordpress.logiciel-arteo.fr\/en\/delestre-gustave-annuaire-de-la-photographie-resume-des-procedes-les-meilleurs-pour-la-plaque-metallique-le-papier-sec-et-humide-la-glace-albuminee-ou-collodionnee-la-gravure-heliographique-la-l\/#breadcrumb\"},\"inLanguage\":\"en-US\",\"potentialAction\":[{\"@type\":\"ReadAction\",\"target\":[\"https:\/\/clavreuil-wordpress.logiciel-arteo.fr\/en\/delestre-gustave-annuaire-de-la-photographie-resume-des-procedes-les-meilleurs-pour-la-plaque-metallique-le-papier-sec-et-humide-la-glace-albuminee-ou-collodionnee-la-gravure-heliographique-la-l\/\"]}]},{\"@type\":\"ImageObject\",\"inLanguage\":\"en-US\",\"@id\":\"https:\/\/clavreuil-wordpress.logiciel-arteo.fr\/en\/delestre-gustave-annuaire-de-la-photographie-resume-des-procedes-les-meilleurs-pour-la-plaque-metallique-le-papier-sec-et-humide-la-glace-albuminee-ou-collodionnee-la-gravure-heliographique-la-l\/#primaryimage\",\"url\":\"https:\/\/clavreuil-wordpress.logiciel-arteo.fr\/wp-content\/uploads\/2024\/04\/gustave-delestre-annuaire-de-la-photographie-resume-des-procedes-les-meilleurs-pour-la-plaque-metallique-le-papier-sec-et-humide-la-glace-albuminee-ou.jpg\",\"contentUrl\":\"https:\/\/clavreuil-wordpress.logiciel-arteo.fr\/wp-content\/uploads\/2024\/04\/gustave-delestre-annuaire-de-la-photographie-resume-des-procedes-les-meilleurs-pour-la-plaque-metallique-le-papier-sec-et-humide-la-glace-albuminee-ou.jpg\",\"width\":1244,\"height\":1870},{\"@type\":\"BreadcrumbList\",\"@id\":\"https:\/\/clavreuil-wordpress.logiciel-arteo.fr\/en\/delestre-gustave-annuaire-de-la-photographie-resume-des-procedes-les-meilleurs-pour-la-plaque-metallique-le-papier-sec-et-humide-la-glace-albuminee-ou-collodionnee-la-gravure-heliographique-la-l\/#breadcrumb\",\"itemListElement\":[{\"@type\":\"ListItem\",\"position\":1,\"name\":\"Accueil\",\"item\":\"https:\/\/clavreuil-wordpress.logiciel-arteo.fr\/\"},{\"@type\":\"ListItem\",\"position\":2,\"name\":\"All our books\",\"item\":\"https:\/\/clavreuil-wordpress.logiciel-arteo.fr\/en\/all-our-books\/\"},{\"@type\":\"ListItem\",\"position\":3,\"name\":\"DELESTRE Gustave Annuaire de la photographie. R\u00e9sum\u00e9 des...\"}]},{\"@type\":\"WebSite\",\"@id\":\"https:\/\/clavreuil-wordpress.logiciel-arteo.fr\/#website\",\"url\":\"https:\/\/clavreuil-wordpress.logiciel-arteo.fr\/\",\"name\":\"Libairie Clavreuil\",\"description\":\"\",\"publisher\":{\"@id\":\"https:\/\/clavreuil-wordpress.logiciel-arteo.fr\/#organization\"},\"potentialAction\":[{\"@type\":\"SearchAction\",\"target\":{\"@type\":\"EntryPoint\",\"urlTemplate\":\"https:\/\/clavreuil-wordpress.logiciel-arteo.fr\/?s={search_term_string}\"},\"query-input\":{\"@type\":\"PropertyValueSpecification\",\"valueRequired\":true,\"valueName\":\"search_term_string\"}}],\"inLanguage\":\"en-US\"},{\"@type\":\"Organization\",\"@id\":\"https:\/\/clavreuil-wordpress.logiciel-arteo.fr\/#organization\",\"name\":\"Libairie Clavreuil\",\"url\":\"https:\/\/clavreuil-wordpress.logiciel-arteo.fr\/\",\"logo\":{\"@type\":\"ImageObject\",\"inLanguage\":\"en-US\",\"@id\":\"https:\/\/clavreuil-wordpress.logiciel-arteo.fr\/#\/schema\/logo\/image\/\",\"url\":\"https:\/\/clavreuil-wordpress.logiciel-arteo.fr\/wp-content\/uploads\/2021\/05\/LOGO_PNG_DATE-_gold.png\",\"contentUrl\":\"https:\/\/clavreuil-wordpress.logiciel-arteo.fr\/wp-content\/uploads\/2021\/05\/LOGO_PNG_DATE-_gold.png\",\"width\":2083,\"height\":1917,\"caption\":\"Libairie Clavreuil\"},\"image\":{\"@id\":\"https:\/\/clavreuil-wordpress.logiciel-arteo.fr\/#\/schema\/logo\/image\/\"}}]}<\/script>\n<!-- \/ Yoast SEO plugin. -->","yoast_head_json":{"title":"DELESTRE Gustave Annuaire de la photographie. R\u00e9sum\u00e9 des proc\u00e9d\u00e9s les meilleurs pour la plaque m\u00e9tallique, le papier sec et humide, la glace albumin\u00e9e ou collodionn\u00e9e, la gravure h\u00e9liographique, la lithophotographie, le clich\u00e9 typographique, le st\u00e9r\u00e9oscope, l'h\u00e9lioplastie, l'amplification des images, la damasquinure, photographie sur tissus, collodion sur toile cir\u00e9e. Avec l'indication des instruments nouveaux et la nomenclature des trait\u00e9s sp\u00e9ciaux sur chacune de ces diff\u00e9rentes mati\u00e8res. Continu\u00e9s par Casimir Lefebvre. - Libairie Clavreuil","robots":{"index":"noindex","follow":"follow","max-snippet":"max-snippet:-1","max-image-preview":"max-image-preview:large","max-video-preview":"max-video-preview:-1"},"og_locale":"en_US","og_type":"article","og_title":"DELESTRE Gustave Annuaire de la photographie. R\u00e9sum\u00e9 des proc\u00e9d\u00e9s les meilleurs pour la plaque m\u00e9tallique, le papier sec et humide, la glace albumin\u00e9e ou collodionn\u00e9e, la gravure h\u00e9liographique, la lithophotographie, le clich\u00e9 typographique, le st\u00e9r\u00e9oscope, l'h\u00e9lioplastie, l'amplification des images, la damasquinure, photographie sur tissus, collodion sur toile cir\u00e9e. Avec l'indication des instruments nouveaux et la nomenclature des trait\u00e9s sp\u00e9ciaux sur chacune de ces diff\u00e9rentes mati\u00e8res. Continu\u00e9s par Casimir Lefebvre. - Libairie Clavreuil","og_description":"8vo (206 x 129 mm) 208 pp., one full-page illustration, 6 nn.ll. (supplements). Contemporary green buckram backed marbled boards.","og_url":"https:\/\/clavreuil-wordpress.logiciel-arteo.fr\/en\/delestre-gustave-annuaire-de-la-photographie-resume-des-procedes-les-meilleurs-pour-la-plaque-metallique-le-papier-sec-et-humide-la-glace-albuminee-ou-collodionnee-la-gravure-heliographique-la-l\/","og_site_name":"Libairie Clavreuil","article_modified_time":"2024-04-23T13:04:49+00:00","og_image":[{"width":1244,"height":1870,"url":"https:\/\/clavreuil-wordpress.logiciel-arteo.fr\/wp-content\/uploads\/2024\/04\/gustave-delestre-annuaire-de-la-photographie-resume-des-procedes-les-meilleurs-pour-la-plaque-metallique-le-papier-sec-et-humide-la-glace-albuminee-ou.jpg","type":"image\/jpeg"}],"twitter_card":"summary_large_image","twitter_misc":{"Est. reading time":"1 minute"},"schema":{"@context":"https:\/\/schema.org","@graph":[{"@type":"WebPage","@id":"https:\/\/clavreuil-wordpress.logiciel-arteo.fr\/en\/delestre-gustave-annuaire-de-la-photographie-resume-des-procedes-les-meilleurs-pour-la-plaque-metallique-le-papier-sec-et-humide-la-glace-albuminee-ou-collodionnee-la-gravure-heliographique-la-l\/","url":"https:\/\/clavreuil-wordpress.logiciel-arteo.fr\/en\/delestre-gustave-annuaire-de-la-photographie-resume-des-procedes-les-meilleurs-pour-la-plaque-metallique-le-papier-sec-et-humide-la-glace-albuminee-ou-collodionnee-la-gravure-heliographique-la-l\/","name":"DELESTRE Gustave Annuaire de la photographie. R\u00e9sum\u00e9 des proc\u00e9d\u00e9s les meilleurs pour la plaque m\u00e9tallique, le papier sec et humide, la glace albumin\u00e9e ou collodionn\u00e9e, la gravure h\u00e9liographique, la lithophotographie, le clich\u00e9 typographique, le st\u00e9r\u00e9oscope, l'h\u00e9lioplastie, l'amplification des images, la damasquinure, photographie sur tissus, collodion sur toile cir\u00e9e. Avec l'indication des instruments nouveaux et la nomenclature des trait\u00e9s sp\u00e9ciaux sur chacune de ces diff\u00e9rentes mati\u00e8res. Continu\u00e9s par Casimir Lefebvre. - Libairie Clavreuil","isPartOf":{"@id":"https:\/\/clavreuil-wordpress.logiciel-arteo.fr\/#website"},"primaryImageOfPage":{"@id":"https:\/\/clavreuil-wordpress.logiciel-arteo.fr\/en\/delestre-gustave-annuaire-de-la-photographie-resume-des-procedes-les-meilleurs-pour-la-plaque-metallique-le-papier-sec-et-humide-la-glace-albuminee-ou-collodionnee-la-gravure-heliographique-la-l\/#primaryimage"},"image":{"@id":"https:\/\/clavreuil-wordpress.logiciel-arteo.fr\/en\/delestre-gustave-annuaire-de-la-photographie-resume-des-procedes-les-meilleurs-pour-la-plaque-metallique-le-papier-sec-et-humide-la-glace-albuminee-ou-collodionnee-la-gravure-heliographique-la-l\/#primaryimage"},"thumbnailUrl":"https:\/\/clavreuil-wordpress.logiciel-arteo.fr\/wp-content\/uploads\/2024\/04\/gustave-delestre-annuaire-de-la-photographie-resume-des-procedes-les-meilleurs-pour-la-plaque-metallique-le-papier-sec-et-humide-la-glace-albuminee-ou.jpg","datePublished":"2024-04-23T13:04:20+00:00","dateModified":"2024-04-23T13:04:49+00:00","breadcrumb":{"@id":"https:\/\/clavreuil-wordpress.logiciel-arteo.fr\/en\/delestre-gustave-annuaire-de-la-photographie-resume-des-procedes-les-meilleurs-pour-la-plaque-metallique-le-papier-sec-et-humide-la-glace-albuminee-ou-collodionnee-la-gravure-heliographique-la-l\/#breadcrumb"},"inLanguage":"en-US","potentialAction":[{"@type":"ReadAction","target":["https:\/\/clavreuil-wordpress.logiciel-arteo.fr\/en\/delestre-gustave-annuaire-de-la-photographie-resume-des-procedes-les-meilleurs-pour-la-plaque-metallique-le-papier-sec-et-humide-la-glace-albuminee-ou-collodionnee-la-gravure-heliographique-la-l\/"]}]},{"@type":"ImageObject","inLanguage":"en-US","@id":"https:\/\/clavreuil-wordpress.logiciel-arteo.fr\/en\/delestre-gustave-annuaire-de-la-photographie-resume-des-procedes-les-meilleurs-pour-la-plaque-metallique-le-papier-sec-et-humide-la-glace-albuminee-ou-collodionnee-la-gravure-heliographique-la-l\/#primaryimage","url":"https:\/\/clavreuil-wordpress.logiciel-arteo.fr\/wp-content\/uploads\/2024\/04\/gustave-delestre-annuaire-de-la-photographie-resume-des-procedes-les-meilleurs-pour-la-plaque-metallique-le-papier-sec-et-humide-la-glace-albuminee-ou.jpg","contentUrl":"https:\/\/clavreuil-wordpress.logiciel-arteo.fr\/wp-content\/uploads\/2024\/04\/gustave-delestre-annuaire-de-la-photographie-resume-des-procedes-les-meilleurs-pour-la-plaque-metallique-le-papier-sec-et-humide-la-glace-albuminee-ou.jpg","width":1244,"height":1870},{"@type":"BreadcrumbList","@id":"https:\/\/clavreuil-wordpress.logiciel-arteo.fr\/en\/delestre-gustave-annuaire-de-la-photographie-resume-des-procedes-les-meilleurs-pour-la-plaque-metallique-le-papier-sec-et-humide-la-glace-albuminee-ou-collodionnee-la-gravure-heliographique-la-l\/#breadcrumb","itemListElement":[{"@type":"ListItem","position":1,"name":"Accueil","item":"https:\/\/clavreuil-wordpress.logiciel-arteo.fr\/"},{"@type":"ListItem","position":2,"name":"All our books","item":"https:\/\/clavreuil-wordpress.logiciel-arteo.fr\/en\/all-our-books\/"},{"@type":"ListItem","position":3,"name":"DELESTRE Gustave Annuaire de la photographie. R\u00e9sum\u00e9 des..."}]},{"@type":"WebSite","@id":"https:\/\/clavreuil-wordpress.logiciel-arteo.fr\/#website","url":"https:\/\/clavreuil-wordpress.logiciel-arteo.fr\/","name":"Libairie Clavreuil","description":"","publisher":{"@id":"https:\/\/clavreuil-wordpress.logiciel-arteo.fr\/#organization"},"potentialAction":[{"@type":"SearchAction","target":{"@type":"EntryPoint","urlTemplate":"https:\/\/clavreuil-wordpress.logiciel-arteo.fr\/?s={search_term_string}"},"query-input":{"@type":"PropertyValueSpecification","valueRequired":true,"valueName":"search_term_string"}}],"inLanguage":"en-US"},{"@type":"Organization","@id":"https:\/\/clavreuil-wordpress.logiciel-arteo.fr\/#organization","name":"Libairie Clavreuil","url":"https:\/\/clavreuil-wordpress.logiciel-arteo.fr\/","logo":{"@type":"ImageObject","inLanguage":"en-US","@id":"https:\/\/clavreuil-wordpress.logiciel-arteo.fr\/#\/schema\/logo\/image\/","url":"https:\/\/clavreuil-wordpress.logiciel-arteo.fr\/wp-content\/uploads\/2021\/05\/LOGO_PNG_DATE-_gold.png","contentUrl":"https:\/\/clavreuil-wordpress.logiciel-arteo.fr\/wp-content\/uploads\/2021\/05\/LOGO_PNG_DATE-_gold.png","width":2083,"height":1917,"caption":"Libairie Clavreuil"},"image":{"@id":"https:\/\/clavreuil-wordpress.logiciel-arteo.fr\/#\/schema\/logo\/image\/"}}]}},"_links":{"self":[{"href":"https:\/\/clavreuil-wordpress.logiciel-arteo.fr\/en\/wp-json\/wp\/v2\/product\/74387","targetHints":{"allow":["GET"]}}],"collection":[{"href":"https:\/\/clavreuil-wordpress.logiciel-arteo.fr\/en\/wp-json\/wp\/v2\/product"}],"about":[{"href":"https:\/\/clavreuil-wordpress.logiciel-arteo.fr\/en\/wp-json\/wp\/v2\/types\/product"}],"replies":[{"embeddable":true,"href":"https:\/\/clavreuil-wordpress.logiciel-arteo.fr\/en\/wp-json\/wp\/v2\/comments?post=74387"}],"wp:featuredmedia":[{"embeddable":true,"href":"https:\/\/clavreuil-wordpress.logiciel-arteo.fr\/en\/wp-json\/wp\/v2\/media\/74376"}],"wp:attachment":[{"href":"https:\/\/clavreuil-wordpress.logiciel-arteo.fr\/en\/wp-json\/wp\/v2\/media?parent=74387"}],"wp:term":[{"taxonomy":"product_brand","embeddable":true,"href":"https:\/\/clavreuil-wordpress.logiciel-arteo.fr\/en\/wp-json\/wp\/v2\/product_brand?post=74387"},{"taxonomy":"product_cat","embeddable":true,"href":"https:\/\/clavreuil-wordpress.logiciel-arteo.fr\/en\/wp-json\/wp\/v2\/product_cat?post=74387"},{"taxonomy":"product_tag","embeddable":true,"href":"https:\/\/clavreuil-wordpress.logiciel-arteo.fr\/en\/wp-json\/wp\/v2\/product_tag?post=74387"}],"curies":[{"name":"wp","href":"https:\/\/api.w.org\/{rel}","templated":true}]}}