{"id":74407,"date":"2024-04-23T15:06:35","date_gmt":"2024-04-23T13:06:35","guid":{"rendered":"https:\/\/clavreuil-wordpress.logiciel-arteo.fr\/le-mercier-de-la-riviere-pierre-paul-lordre-naturel-et-essentiel-des-societes-politiques\/"},"modified":"2024-04-23T15:07:15","modified_gmt":"2024-04-23T13:07:15","slug":"le-mercier-de-la-riviere-pierre-paul-lordre-naturel-et-essentiel-des-societes-politiques","status":"publish","type":"product","link":"https:\/\/clavreuil-wordpress.logiciel-arteo.fr\/en\/le-mercier-de-la-riviere-pierre-paul-lordre-naturel-et-essentiel-des-societes-politiques\/","title":{"rendered":"LE MERCIER DE LA RIVI\u00c8RE Pierre-Paul L&#8217;Ordre naturel..."},"content":{"rendered":"<p style=\"text-align:justify\"><em>Goldsmiths&#039;, 10269 ; Kress, 6475 ; Higgs, 3979 ; neither Einaudi nor INED cite this edition.<\/em><\/p>\n<p style=\"text-align:justify\">First edition, rare. Together with Mirabeau&#039;s <em>Philosophie rurale<\/em>, the present work is one of the most important books on the Physiocratic doctrine. Admired by Diderot, the treaty was given special care by the philosopher who recommended its lecture to his friends and followers. Provenance: &Eacute;tienne Fran&ccedil;ois, marquis d&#039;Aligre (1727-1798), first president of Parliament in Paris and member of a highly influential family during the Ancien r&eacute;gime (book plate).<\/p>\n<p style=\"text-align:justify\">An attractive copy, printed on thick paper.<\/p>\n","protected":false},"excerpt":{"rendered":"<p style=\"text-align:justify\">4to (255 x 186 mm) 1 nn.l., VII, 511 pp. Contemporary marbled calf, doublet gilt filet on covers, spines richly gilt in &#039;&agrave;-la-grotesque&#039; style, marbled and gilt edges (hinges expertly restored).<\/p>\n","protected":false},"featured_media":74402,"comment_status":"open","ping_status":"closed","template":"","meta":{"_acf_changed":false},"product_brand":[],"product_cat":[544],"product_tag":[1245,1450,1266],"class_list":{"0":"post-74407","1":"product","2":"type-product","3":"status-publish","4":"has-post-thumbnail","6":"product_cat-literature","7":"product_tag-18th-century-literature","8":"product_tag-first-edition","9":"product_tag-philosophy","10":"pa_auteur-pierre-paul-le-mercier-de-la-riviere-2","11":"pa_type-de-livre-printed-book","13":"first","14":"instock","15":"shipping-taxable","16":"purchasable","17":"product-type-simple"},"acf":[],"yoast_head":"<!-- This site is optimized with the Yoast SEO plugin v24.3 - https:\/\/yoast.com\/wordpress\/plugins\/seo\/ -->\n<title>LE MERCIER DE LA RIVI\u00c8RE Pierre-Paul L&#039;Ordre naturel et essentiel des soci\u00e9t\u00e9s politiques. - Libairie Clavreuil<\/title>\n<meta name=\"robots\" content=\"noindex, follow, max-snippet:-1, max-image-preview:large, max-video-preview:-1\" \/>\n<meta property=\"og:locale\" content=\"en_US\" \/>\n<meta property=\"og:type\" content=\"article\" \/>\n<meta property=\"og:title\" content=\"LE MERCIER DE LA RIVI\u00c8RE Pierre-Paul L&#039;Ordre naturel et essentiel des soci\u00e9t\u00e9s politiques. - Libairie Clavreuil\" \/>\n<meta property=\"og:description\" content=\"4to (255 x 186 mm) 1 nn.l., VII, 511 pp. Contemporary marbled calf, doublet gilt filet on covers, spines richly gilt in &#039;&agrave;-la-grotesque&#039; style, marbled and gilt edges (hinges expertly restored).\" \/>\n<meta property=\"og:url\" content=\"https:\/\/clavreuil-wordpress.logiciel-arteo.fr\/en\/le-mercier-de-la-riviere-pierre-paul-lordre-naturel-et-essentiel-des-societes-politiques\/\" \/>\n<meta property=\"og:site_name\" content=\"Libairie Clavreuil\" \/>\n<meta property=\"article:modified_time\" content=\"2024-04-23T13:07:15+00:00\" \/>\n<meta property=\"og:image\" content=\"https:\/\/clavreuil-wordpress.logiciel-arteo.fr\/wp-content\/uploads\/2024\/04\/pierre-paul-le-mercier-de-la-riviere-l-ordre-naturel-et-essentiel-des-societes-politiques-4422-65b92ff1f0c0b-scaled.jpg\" \/>\n\t<meta property=\"og:image:width\" content=\"1867\" \/>\n\t<meta property=\"og:image:height\" content=\"2560\" \/>\n\t<meta property=\"og:image:type\" content=\"image\/jpeg\" \/>\n<meta name=\"twitter:card\" content=\"summary_large_image\" \/>\n<script type=\"application\/ld+json\" class=\"yoast-schema-graph\">{\"@context\":\"https:\/\/schema.org\",\"@graph\":[{\"@type\":\"WebPage\",\"@id\":\"https:\/\/clavreuil-wordpress.logiciel-arteo.fr\/en\/le-mercier-de-la-riviere-pierre-paul-lordre-naturel-et-essentiel-des-societes-politiques\/\",\"url\":\"https:\/\/clavreuil-wordpress.logiciel-arteo.fr\/en\/le-mercier-de-la-riviere-pierre-paul-lordre-naturel-et-essentiel-des-societes-politiques\/\",\"name\":\"LE MERCIER DE LA RIVI\u00c8RE Pierre-Paul L'Ordre naturel et essentiel des soci\u00e9t\u00e9s politiques. - Libairie Clavreuil\",\"isPartOf\":{\"@id\":\"https:\/\/clavreuil-wordpress.logiciel-arteo.fr\/#website\"},\"primaryImageOfPage\":{\"@id\":\"https:\/\/clavreuil-wordpress.logiciel-arteo.fr\/en\/le-mercier-de-la-riviere-pierre-paul-lordre-naturel-et-essentiel-des-societes-politiques\/#primaryimage\"},\"image\":{\"@id\":\"https:\/\/clavreuil-wordpress.logiciel-arteo.fr\/en\/le-mercier-de-la-riviere-pierre-paul-lordre-naturel-et-essentiel-des-societes-politiques\/#primaryimage\"},\"thumbnailUrl\":\"https:\/\/clavreuil-wordpress.logiciel-arteo.fr\/wp-content\/uploads\/2024\/04\/pierre-paul-le-mercier-de-la-riviere-l-ordre-naturel-et-essentiel-des-societes-politiques-4422-65b92ff1f0c0b-scaled.jpg\",\"datePublished\":\"2024-04-23T13:06:35+00:00\",\"dateModified\":\"2024-04-23T13:07:15+00:00\",\"breadcrumb\":{\"@id\":\"https:\/\/clavreuil-wordpress.logiciel-arteo.fr\/en\/le-mercier-de-la-riviere-pierre-paul-lordre-naturel-et-essentiel-des-societes-politiques\/#breadcrumb\"},\"inLanguage\":\"en-US\",\"potentialAction\":[{\"@type\":\"ReadAction\",\"target\":[\"https:\/\/clavreuil-wordpress.logiciel-arteo.fr\/en\/le-mercier-de-la-riviere-pierre-paul-lordre-naturel-et-essentiel-des-societes-politiques\/\"]}]},{\"@type\":\"ImageObject\",\"inLanguage\":\"en-US\",\"@id\":\"https:\/\/clavreuil-wordpress.logiciel-arteo.fr\/en\/le-mercier-de-la-riviere-pierre-paul-lordre-naturel-et-essentiel-des-societes-politiques\/#primaryimage\",\"url\":\"https:\/\/clavreuil-wordpress.logiciel-arteo.fr\/wp-content\/uploads\/2024\/04\/pierre-paul-le-mercier-de-la-riviere-l-ordre-naturel-et-essentiel-des-societes-politiques-4422-65b92ff1f0c0b-scaled.jpg\",\"contentUrl\":\"https:\/\/clavreuil-wordpress.logiciel-arteo.fr\/wp-content\/uploads\/2024\/04\/pierre-paul-le-mercier-de-la-riviere-l-ordre-naturel-et-essentiel-des-societes-politiques-4422-65b92ff1f0c0b-scaled.jpg\",\"width\":1867,\"height\":2560},{\"@type\":\"BreadcrumbList\",\"@id\":\"https:\/\/clavreuil-wordpress.logiciel-arteo.fr\/en\/le-mercier-de-la-riviere-pierre-paul-lordre-naturel-et-essentiel-des-societes-politiques\/#breadcrumb\",\"itemListElement\":[{\"@type\":\"ListItem\",\"position\":1,\"name\":\"Accueil\",\"item\":\"https:\/\/clavreuil-wordpress.logiciel-arteo.fr\/\"},{\"@type\":\"ListItem\",\"position\":2,\"name\":\"All our books\",\"item\":\"https:\/\/clavreuil-wordpress.logiciel-arteo.fr\/en\/all-our-books\/\"},{\"@type\":\"ListItem\",\"position\":3,\"name\":\"LE MERCIER DE LA RIVI\u00c8RE Pierre-Paul L&#8217;Ordre naturel...\"}]},{\"@type\":\"WebSite\",\"@id\":\"https:\/\/clavreuil-wordpress.logiciel-arteo.fr\/#website\",\"url\":\"https:\/\/clavreuil-wordpress.logiciel-arteo.fr\/\",\"name\":\"Libairie Clavreuil\",\"description\":\"\",\"publisher\":{\"@id\":\"https:\/\/clavreuil-wordpress.logiciel-arteo.fr\/#organization\"},\"potentialAction\":[{\"@type\":\"SearchAction\",\"target\":{\"@type\":\"EntryPoint\",\"urlTemplate\":\"https:\/\/clavreuil-wordpress.logiciel-arteo.fr\/?s={search_term_string}\"},\"query-input\":{\"@type\":\"PropertyValueSpecification\",\"valueRequired\":true,\"valueName\":\"search_term_string\"}}],\"inLanguage\":\"en-US\"},{\"@type\":\"Organization\",\"@id\":\"https:\/\/clavreuil-wordpress.logiciel-arteo.fr\/#organization\",\"name\":\"Libairie Clavreuil\",\"url\":\"https:\/\/clavreuil-wordpress.logiciel-arteo.fr\/\",\"logo\":{\"@type\":\"ImageObject\",\"inLanguage\":\"en-US\",\"@id\":\"https:\/\/clavreuil-wordpress.logiciel-arteo.fr\/#\/schema\/logo\/image\/\",\"url\":\"https:\/\/clavreuil-wordpress.logiciel-arteo.fr\/wp-content\/uploads\/2021\/05\/LOGO_PNG_DATE-_gold.png\",\"contentUrl\":\"https:\/\/clavreuil-wordpress.logiciel-arteo.fr\/wp-content\/uploads\/2021\/05\/LOGO_PNG_DATE-_gold.png\",\"width\":2083,\"height\":1917,\"caption\":\"Libairie Clavreuil\"},\"image\":{\"@id\":\"https:\/\/clavreuil-wordpress.logiciel-arteo.fr\/#\/schema\/logo\/image\/\"}}]}<\/script>\n<!-- \/ Yoast SEO plugin. -->","yoast_head_json":{"title":"LE MERCIER DE LA RIVI\u00c8RE Pierre-Paul L'Ordre naturel et essentiel des soci\u00e9t\u00e9s politiques. - Libairie Clavreuil","robots":{"index":"noindex","follow":"follow","max-snippet":"max-snippet:-1","max-image-preview":"max-image-preview:large","max-video-preview":"max-video-preview:-1"},"og_locale":"en_US","og_type":"article","og_title":"LE MERCIER DE LA RIVI\u00c8RE Pierre-Paul L'Ordre naturel et essentiel des soci\u00e9t\u00e9s politiques. - Libairie Clavreuil","og_description":"4to (255 x 186 mm) 1 nn.l., VII, 511 pp. Contemporary marbled calf, doublet gilt filet on covers, spines richly gilt in &#039;&agrave;-la-grotesque&#039; style, marbled and gilt edges (hinges expertly restored).","og_url":"https:\/\/clavreuil-wordpress.logiciel-arteo.fr\/en\/le-mercier-de-la-riviere-pierre-paul-lordre-naturel-et-essentiel-des-societes-politiques\/","og_site_name":"Libairie Clavreuil","article_modified_time":"2024-04-23T13:07:15+00:00","og_image":[{"width":1867,"height":2560,"url":"https:\/\/clavreuil-wordpress.logiciel-arteo.fr\/wp-content\/uploads\/2024\/04\/pierre-paul-le-mercier-de-la-riviere-l-ordre-naturel-et-essentiel-des-societes-politiques-4422-65b92ff1f0c0b-scaled.jpg","type":"image\/jpeg"}],"twitter_card":"summary_large_image","schema":{"@context":"https:\/\/schema.org","@graph":[{"@type":"WebPage","@id":"https:\/\/clavreuil-wordpress.logiciel-arteo.fr\/en\/le-mercier-de-la-riviere-pierre-paul-lordre-naturel-et-essentiel-des-societes-politiques\/","url":"https:\/\/clavreuil-wordpress.logiciel-arteo.fr\/en\/le-mercier-de-la-riviere-pierre-paul-lordre-naturel-et-essentiel-des-societes-politiques\/","name":"LE MERCIER DE LA RIVI\u00c8RE Pierre-Paul L'Ordre naturel et essentiel des soci\u00e9t\u00e9s politiques. - Libairie Clavreuil","isPartOf":{"@id":"https:\/\/clavreuil-wordpress.logiciel-arteo.fr\/#website"},"primaryImageOfPage":{"@id":"https:\/\/clavreuil-wordpress.logiciel-arteo.fr\/en\/le-mercier-de-la-riviere-pierre-paul-lordre-naturel-et-essentiel-des-societes-politiques\/#primaryimage"},"image":{"@id":"https:\/\/clavreuil-wordpress.logiciel-arteo.fr\/en\/le-mercier-de-la-riviere-pierre-paul-lordre-naturel-et-essentiel-des-societes-politiques\/#primaryimage"},"thumbnailUrl":"https:\/\/clavreuil-wordpress.logiciel-arteo.fr\/wp-content\/uploads\/2024\/04\/pierre-paul-le-mercier-de-la-riviere-l-ordre-naturel-et-essentiel-des-societes-politiques-4422-65b92ff1f0c0b-scaled.jpg","datePublished":"2024-04-23T13:06:35+00:00","dateModified":"2024-04-23T13:07:15+00:00","breadcrumb":{"@id":"https:\/\/clavreuil-wordpress.logiciel-arteo.fr\/en\/le-mercier-de-la-riviere-pierre-paul-lordre-naturel-et-essentiel-des-societes-politiques\/#breadcrumb"},"inLanguage":"en-US","potentialAction":[{"@type":"ReadAction","target":["https:\/\/clavreuil-wordpress.logiciel-arteo.fr\/en\/le-mercier-de-la-riviere-pierre-paul-lordre-naturel-et-essentiel-des-societes-politiques\/"]}]},{"@type":"ImageObject","inLanguage":"en-US","@id":"https:\/\/clavreuil-wordpress.logiciel-arteo.fr\/en\/le-mercier-de-la-riviere-pierre-paul-lordre-naturel-et-essentiel-des-societes-politiques\/#primaryimage","url":"https:\/\/clavreuil-wordpress.logiciel-arteo.fr\/wp-content\/uploads\/2024\/04\/pierre-paul-le-mercier-de-la-riviere-l-ordre-naturel-et-essentiel-des-societes-politiques-4422-65b92ff1f0c0b-scaled.jpg","contentUrl":"https:\/\/clavreuil-wordpress.logiciel-arteo.fr\/wp-content\/uploads\/2024\/04\/pierre-paul-le-mercier-de-la-riviere-l-ordre-naturel-et-essentiel-des-societes-politiques-4422-65b92ff1f0c0b-scaled.jpg","width":1867,"height":2560},{"@type":"BreadcrumbList","@id":"https:\/\/clavreuil-wordpress.logiciel-arteo.fr\/en\/le-mercier-de-la-riviere-pierre-paul-lordre-naturel-et-essentiel-des-societes-politiques\/#breadcrumb","itemListElement":[{"@type":"ListItem","position":1,"name":"Accueil","item":"https:\/\/clavreuil-wordpress.logiciel-arteo.fr\/"},{"@type":"ListItem","position":2,"name":"All our books","item":"https:\/\/clavreuil-wordpress.logiciel-arteo.fr\/en\/all-our-books\/"},{"@type":"ListItem","position":3,"name":"LE MERCIER DE LA RIVI\u00c8RE Pierre-Paul L&#8217;Ordre naturel..."}]},{"@type":"WebSite","@id":"https:\/\/clavreuil-wordpress.logiciel-arteo.fr\/#website","url":"https:\/\/clavreuil-wordpress.logiciel-arteo.fr\/","name":"Libairie Clavreuil","description":"","publisher":{"@id":"https:\/\/clavreuil-wordpress.logiciel-arteo.fr\/#organization"},"potentialAction":[{"@type":"SearchAction","target":{"@type":"EntryPoint","urlTemplate":"https:\/\/clavreuil-wordpress.logiciel-arteo.fr\/?s={search_term_string}"},"query-input":{"@type":"PropertyValueSpecification","valueRequired":true,"valueName":"search_term_string"}}],"inLanguage":"en-US"},{"@type":"Organization","@id":"https:\/\/clavreuil-wordpress.logiciel-arteo.fr\/#organization","name":"Libairie Clavreuil","url":"https:\/\/clavreuil-wordpress.logiciel-arteo.fr\/","logo":{"@type":"ImageObject","inLanguage":"en-US","@id":"https:\/\/clavreuil-wordpress.logiciel-arteo.fr\/#\/schema\/logo\/image\/","url":"https:\/\/clavreuil-wordpress.logiciel-arteo.fr\/wp-content\/uploads\/2021\/05\/LOGO_PNG_DATE-_gold.png","contentUrl":"https:\/\/clavreuil-wordpress.logiciel-arteo.fr\/wp-content\/uploads\/2021\/05\/LOGO_PNG_DATE-_gold.png","width":2083,"height":1917,"caption":"Libairie Clavreuil"},"image":{"@id":"https:\/\/clavreuil-wordpress.logiciel-arteo.fr\/#\/schema\/logo\/image\/"}}]}},"_links":{"self":[{"href":"https:\/\/clavreuil-wordpress.logiciel-arteo.fr\/en\/wp-json\/wp\/v2\/product\/74407","targetHints":{"allow":["GET"]}}],"collection":[{"href":"https:\/\/clavreuil-wordpress.logiciel-arteo.fr\/en\/wp-json\/wp\/v2\/product"}],"about":[{"href":"https:\/\/clavreuil-wordpress.logiciel-arteo.fr\/en\/wp-json\/wp\/v2\/types\/product"}],"replies":[{"embeddable":true,"href":"https:\/\/clavreuil-wordpress.logiciel-arteo.fr\/en\/wp-json\/wp\/v2\/comments?post=74407"}],"wp:featuredmedia":[{"embeddable":true,"href":"https:\/\/clavreuil-wordpress.logiciel-arteo.fr\/en\/wp-json\/wp\/v2\/media\/74402"}],"wp:attachment":[{"href":"https:\/\/clavreuil-wordpress.logiciel-arteo.fr\/en\/wp-json\/wp\/v2\/media?parent=74407"}],"wp:term":[{"taxonomy":"product_brand","embeddable":true,"href":"https:\/\/clavreuil-wordpress.logiciel-arteo.fr\/en\/wp-json\/wp\/v2\/product_brand?post=74407"},{"taxonomy":"product_cat","embeddable":true,"href":"https:\/\/clavreuil-wordpress.logiciel-arteo.fr\/en\/wp-json\/wp\/v2\/product_cat?post=74407"},{"taxonomy":"product_tag","embeddable":true,"href":"https:\/\/clavreuil-wordpress.logiciel-arteo.fr\/en\/wp-json\/wp\/v2\/product_tag?post=74407"}],"curies":[{"name":"wp","href":"https:\/\/api.w.org\/{rel}","templated":true}]}}