{"id":74419,"date":"2024-04-23T15:07:25","date_gmt":"2024-04-23T13:07:25","guid":{"rendered":"https:\/\/clavreuil-wordpress.logiciel-arteo.fr\/marx-karl-la-capital-traduction-de-m-j-roy-entierement-revisee-par-lauteur\/"},"modified":"2024-04-23T15:07:56","modified_gmt":"2024-04-23T13:07:56","slug":"marx-karl-la-capital-traduction-de-m-j-roy-entierement-revisee-par-lauteur","status":"publish","type":"product","link":"https:\/\/clavreuil-wordpress.logiciel-arteo.fr\/en\/marx-karl-la-capital-traduction-de-m-j-roy-entierement-revisee-par-lauteur\/","title":{"rendered":"MARX Karl La Capital. Traduction de M. J...."},"content":{"rendered":"<p style=\"text-align:justify\"><em>PMM, 359 (1867 edition); BNF, Utopie, 216 ; Einaudi, 3770.<\/em><\/p>\n<p style=\"text-align:justify\">FIRST EDITION IN FRENCH OF THE FIRST VOLUME OF DAS KAPITAL, THE DEFINITIVE TEXT AS AUTHORIZED BY KARL MARX, THIS BEING THE FIRST ISSUE WITH LACH&Acirc;TRE&#039;S IMPRINT.&nbsp;<\/p>\n<p style=\"text-align:justify\">The book was published in parts from August 1872 to November 1875, here bound on completion. The first volume of Das Kapital was originally published in German in 1867. This French edition was the second translation, preceded only by the Russian translation of 1872, but Marx felt that this translation was more important than the Russian, and his extensive work on the project means &quot;Le Capital was not a mere translation, but rather an original work, relevant from a textual point of view&quot; (Books that Made Europe, p. 248). The second and third volumes of Das Kapital were published after Marx&#039;s death by Engels in 1885 and 1894 and were first published in French in 1900 and 1902.<\/p>\n<p style=\"text-align:justify\">In December 1871, while revising the text for the second German edition, Marx agreed to this French edition with the publisher Maurice Lach&acirc;tre, an anticlerical radical and friend of Proudhon, who had been exiled to Spain after the Paris Commune. Marx initially approved the translation to be undertaken by Joseph Roy, who had already translated the works of the German philosopher Ludwig Feuerbach, but &quot;in spite of the expectations, however, Roy did not render the text vivid enough and the translation proved to be too literal and unsatisfactory. At the beginning of Spring 1872, Marx started to re-write full passages to make them more appealing to the French public and continued to do so for almost two years, eating up a lot of the time intended for the drafting of his second volume of the work&quot; (Books That Made Europe, p. 248). Issued in parts and consuming much of Marx&#039;s time, it took 39 months to complete the project, but Marx&#039;s close attention and extensive revisions to the text and galley proofs as the project progressed resulted in a revised text that he felt was more definitive than the German and Russian predecessors (including the second German edition of 1872). In his notice to the reader dated 28 April 1875, Marx wrote: &quot;Quelles que soient les imperfections litt&eacute;raires de cette &eacute;dition fran&ccedil;aise, elle poss&egrave;de une valeur scientifique ind&eacute;pendante de l&#039;original et doit &ecirc;tre consult&eacute;e m&ecirc;me par les lecteurs familiers avec la langue allemande&quot; (p. 348: &quot;Whatever the literary imperfections of this French edition, it has a scientific value independent of the original and must be consulted even by readers familiar with the German language&quot;). The format of the book was also changed, divided into eight parts and 33 chapters rather than the seven parts and 25 chapters of the second German edition. Marx recommended this French text, with its revisions and new theoretical reflections, for future translations and editions, and it was used for the first English translation of 1887 and thereafter.<\/p>\n<p style=\"text-align:justify\">From certain indications found in the correspondence of Marx, it seems likely that the French government, who must have frowned upon the appearance of Das Kapital in French, tried to prevent its publication, which for a certain time was interrupted by the authorities. When the publication was finally completed, rumours abounded that its sale was to be forbidden and the publisher Lach&acirc;tre hesitated to sell copies. Unsold sheets were later reissued with the imprint of Librairie du Progr&egrave;s, with new preliminary pages removing Lach&acirc;tre&#039;s name, between 1878 and 1880; this first issue is therefore distinguished by the presence of his imprint.<br \/>\n2 vignette title pages, 1 engraved portrait frontispiece with facsimile autograph, facsimile autograph letter from Marx to the publisher, dated 18 March 1872, with Lach&acirc;tre&#039;s printed reply to verso, engraved head- and tailpieces.<\/p>\n<p style=\"text-align:justify\">\n<strong>[Bound with]<\/strong><\/p>\n<p style=\"text-align:justify\"><strong>BOUVIER, Jean-Baptiste.<\/strong> Les Myst&egrave;res du confessionnal. Prologue, manuel des confesseurs, &eacute;pilogue par le cur&eacute; X. <em>Bruxelles, imprimeur-&eacute;diteur Carlier, s.d.<\/em> 157 pp., 1 f.n.ch.&nbsp;<\/p>\n<p style=\"text-align:justify\">Bouvier (1783-1854) was bishop of Le Mans between 1834 and 1854. The title is adorned with a vignette similar to the one on the frontispiece of Le Capital.<\/p>\n<p style=\"text-align:justify\">Corners slightly bumped, otherwise a very good copy.<br \/>\n&nbsp;<\/p>\n","protected":false},"excerpt":{"rendered":"<p>4to (274 x 187 mm) 351 pp. Contemporary half-sheep, flat spine.<\/p>\n","protected":false},"featured_media":74410,"comment_status":"open","ping_status":"closed","template":"","meta":{"_acf_changed":false},"product_brand":[],"product_cat":[544],"product_tag":[598,560,1266,1210],"class_list":{"0":"post-74419","1":"product","2":"type-product","3":"status-publish","4":"has-post-thumbnail","6":"product_cat-literature","7":"product_tag-19th-century-literature","8":"product_tag-trade","9":"product_tag-philosophy","10":"product_tag-utopia","11":"pa_auteur-karl-marx-2","12":"pa_type-de-livre-printed-book","14":"first","15":"instock","16":"shipping-taxable","17":"purchasable","18":"product-type-simple"},"acf":[],"yoast_head":"<!-- This site is optimized with the Yoast SEO plugin v24.3 - https:\/\/yoast.com\/wordpress\/plugins\/seo\/ -->\n<title>MARX Karl La Capital. Traduction de M. J. Roy, enti\u00e8rement r\u00e9vis\u00e9e par l&#039;auteur. - Libairie Clavreuil<\/title>\n<meta name=\"robots\" content=\"noindex, follow, max-snippet:-1, max-image-preview:large, max-video-preview:-1\" \/>\n<meta property=\"og:locale\" content=\"en_US\" \/>\n<meta property=\"og:type\" content=\"article\" \/>\n<meta property=\"og:title\" content=\"MARX Karl La Capital. Traduction de M. J. Roy, enti\u00e8rement r\u00e9vis\u00e9e par l&#039;auteur. - Libairie Clavreuil\" \/>\n<meta property=\"og:description\" content=\"4to (274 x 187 mm) 351 pp. Contemporary half-sheep, flat spine.\" \/>\n<meta property=\"og:url\" content=\"https:\/\/clavreuil-wordpress.logiciel-arteo.fr\/en\/marx-karl-la-capital-traduction-de-m-j-roy-entierement-revisee-par-lauteur\/\" \/>\n<meta property=\"og:site_name\" content=\"Libairie Clavreuil\" \/>\n<meta property=\"article:modified_time\" content=\"2024-04-23T13:07:56+00:00\" \/>\n<meta property=\"og:image\" content=\"https:\/\/clavreuil-wordpress.logiciel-arteo.fr\/wp-content\/uploads\/2024\/04\/karl-marx-la-capital-traduction-de-m-j-roy-entierement-revisee-par-l-auteur-7825-65a2bce48f2b2.jpg\" \/>\n\t<meta property=\"og:image:width\" content=\"615\" \/>\n\t<meta property=\"og:image:height\" content=\"838\" \/>\n\t<meta property=\"og:image:type\" content=\"image\/jpeg\" \/>\n<meta name=\"twitter:card\" content=\"summary_large_image\" \/>\n<meta name=\"twitter:label1\" content=\"Est. reading time\" \/>\n\t<meta name=\"twitter:data1\" content=\"4 minutes\" \/>\n<script type=\"application\/ld+json\" class=\"yoast-schema-graph\">{\"@context\":\"https:\/\/schema.org\",\"@graph\":[{\"@type\":\"WebPage\",\"@id\":\"https:\/\/clavreuil-wordpress.logiciel-arteo.fr\/en\/marx-karl-la-capital-traduction-de-m-j-roy-entierement-revisee-par-lauteur\/\",\"url\":\"https:\/\/clavreuil-wordpress.logiciel-arteo.fr\/en\/marx-karl-la-capital-traduction-de-m-j-roy-entierement-revisee-par-lauteur\/\",\"name\":\"MARX Karl La Capital. Traduction de M. J. Roy, enti\u00e8rement r\u00e9vis\u00e9e par l'auteur. - Libairie Clavreuil\",\"isPartOf\":{\"@id\":\"https:\/\/clavreuil-wordpress.logiciel-arteo.fr\/#website\"},\"primaryImageOfPage\":{\"@id\":\"https:\/\/clavreuil-wordpress.logiciel-arteo.fr\/en\/marx-karl-la-capital-traduction-de-m-j-roy-entierement-revisee-par-lauteur\/#primaryimage\"},\"image\":{\"@id\":\"https:\/\/clavreuil-wordpress.logiciel-arteo.fr\/en\/marx-karl-la-capital-traduction-de-m-j-roy-entierement-revisee-par-lauteur\/#primaryimage\"},\"thumbnailUrl\":\"https:\/\/clavreuil-wordpress.logiciel-arteo.fr\/wp-content\/uploads\/2024\/04\/karl-marx-la-capital-traduction-de-m-j-roy-entierement-revisee-par-l-auteur-7825-65a2bce48f2b2.jpg\",\"datePublished\":\"2024-04-23T13:07:25+00:00\",\"dateModified\":\"2024-04-23T13:07:56+00:00\",\"breadcrumb\":{\"@id\":\"https:\/\/clavreuil-wordpress.logiciel-arteo.fr\/en\/marx-karl-la-capital-traduction-de-m-j-roy-entierement-revisee-par-lauteur\/#breadcrumb\"},\"inLanguage\":\"en-US\",\"potentialAction\":[{\"@type\":\"ReadAction\",\"target\":[\"https:\/\/clavreuil-wordpress.logiciel-arteo.fr\/en\/marx-karl-la-capital-traduction-de-m-j-roy-entierement-revisee-par-lauteur\/\"]}]},{\"@type\":\"ImageObject\",\"inLanguage\":\"en-US\",\"@id\":\"https:\/\/clavreuil-wordpress.logiciel-arteo.fr\/en\/marx-karl-la-capital-traduction-de-m-j-roy-entierement-revisee-par-lauteur\/#primaryimage\",\"url\":\"https:\/\/clavreuil-wordpress.logiciel-arteo.fr\/wp-content\/uploads\/2024\/04\/karl-marx-la-capital-traduction-de-m-j-roy-entierement-revisee-par-l-auteur-7825-65a2bce48f2b2.jpg\",\"contentUrl\":\"https:\/\/clavreuil-wordpress.logiciel-arteo.fr\/wp-content\/uploads\/2024\/04\/karl-marx-la-capital-traduction-de-m-j-roy-entierement-revisee-par-l-auteur-7825-65a2bce48f2b2.jpg\",\"width\":615,\"height\":838},{\"@type\":\"BreadcrumbList\",\"@id\":\"https:\/\/clavreuil-wordpress.logiciel-arteo.fr\/en\/marx-karl-la-capital-traduction-de-m-j-roy-entierement-revisee-par-lauteur\/#breadcrumb\",\"itemListElement\":[{\"@type\":\"ListItem\",\"position\":1,\"name\":\"Accueil\",\"item\":\"https:\/\/clavreuil-wordpress.logiciel-arteo.fr\/\"},{\"@type\":\"ListItem\",\"position\":2,\"name\":\"All our books\",\"item\":\"https:\/\/clavreuil-wordpress.logiciel-arteo.fr\/en\/all-our-books\/\"},{\"@type\":\"ListItem\",\"position\":3,\"name\":\"MARX Karl La Capital. Traduction de M. J....\"}]},{\"@type\":\"WebSite\",\"@id\":\"https:\/\/clavreuil-wordpress.logiciel-arteo.fr\/#website\",\"url\":\"https:\/\/clavreuil-wordpress.logiciel-arteo.fr\/\",\"name\":\"Libairie Clavreuil\",\"description\":\"\",\"publisher\":{\"@id\":\"https:\/\/clavreuil-wordpress.logiciel-arteo.fr\/#organization\"},\"potentialAction\":[{\"@type\":\"SearchAction\",\"target\":{\"@type\":\"EntryPoint\",\"urlTemplate\":\"https:\/\/clavreuil-wordpress.logiciel-arteo.fr\/?s={search_term_string}\"},\"query-input\":{\"@type\":\"PropertyValueSpecification\",\"valueRequired\":true,\"valueName\":\"search_term_string\"}}],\"inLanguage\":\"en-US\"},{\"@type\":\"Organization\",\"@id\":\"https:\/\/clavreuil-wordpress.logiciel-arteo.fr\/#organization\",\"name\":\"Libairie Clavreuil\",\"url\":\"https:\/\/clavreuil-wordpress.logiciel-arteo.fr\/\",\"logo\":{\"@type\":\"ImageObject\",\"inLanguage\":\"en-US\",\"@id\":\"https:\/\/clavreuil-wordpress.logiciel-arteo.fr\/#\/schema\/logo\/image\/\",\"url\":\"https:\/\/clavreuil-wordpress.logiciel-arteo.fr\/wp-content\/uploads\/2021\/05\/LOGO_PNG_DATE-_gold.png\",\"contentUrl\":\"https:\/\/clavreuil-wordpress.logiciel-arteo.fr\/wp-content\/uploads\/2021\/05\/LOGO_PNG_DATE-_gold.png\",\"width\":2083,\"height\":1917,\"caption\":\"Libairie Clavreuil\"},\"image\":{\"@id\":\"https:\/\/clavreuil-wordpress.logiciel-arteo.fr\/#\/schema\/logo\/image\/\"}}]}<\/script>\n<!-- \/ Yoast SEO plugin. -->","yoast_head_json":{"title":"MARX Karl La Capital. Traduction de M. J. Roy, enti\u00e8rement r\u00e9vis\u00e9e par l'auteur. - Libairie Clavreuil","robots":{"index":"noindex","follow":"follow","max-snippet":"max-snippet:-1","max-image-preview":"max-image-preview:large","max-video-preview":"max-video-preview:-1"},"og_locale":"en_US","og_type":"article","og_title":"MARX Karl La Capital. Traduction de M. J. Roy, enti\u00e8rement r\u00e9vis\u00e9e par l'auteur. - Libairie Clavreuil","og_description":"4to (274 x 187 mm) 351 pp. Contemporary half-sheep, flat spine.","og_url":"https:\/\/clavreuil-wordpress.logiciel-arteo.fr\/en\/marx-karl-la-capital-traduction-de-m-j-roy-entierement-revisee-par-lauteur\/","og_site_name":"Libairie Clavreuil","article_modified_time":"2024-04-23T13:07:56+00:00","og_image":[{"width":615,"height":838,"url":"https:\/\/clavreuil-wordpress.logiciel-arteo.fr\/wp-content\/uploads\/2024\/04\/karl-marx-la-capital-traduction-de-m-j-roy-entierement-revisee-par-l-auteur-7825-65a2bce48f2b2.jpg","type":"image\/jpeg"}],"twitter_card":"summary_large_image","twitter_misc":{"Est. reading time":"4 minutes"},"schema":{"@context":"https:\/\/schema.org","@graph":[{"@type":"WebPage","@id":"https:\/\/clavreuil-wordpress.logiciel-arteo.fr\/en\/marx-karl-la-capital-traduction-de-m-j-roy-entierement-revisee-par-lauteur\/","url":"https:\/\/clavreuil-wordpress.logiciel-arteo.fr\/en\/marx-karl-la-capital-traduction-de-m-j-roy-entierement-revisee-par-lauteur\/","name":"MARX Karl La Capital. Traduction de M. J. Roy, enti\u00e8rement r\u00e9vis\u00e9e par l'auteur. - Libairie Clavreuil","isPartOf":{"@id":"https:\/\/clavreuil-wordpress.logiciel-arteo.fr\/#website"},"primaryImageOfPage":{"@id":"https:\/\/clavreuil-wordpress.logiciel-arteo.fr\/en\/marx-karl-la-capital-traduction-de-m-j-roy-entierement-revisee-par-lauteur\/#primaryimage"},"image":{"@id":"https:\/\/clavreuil-wordpress.logiciel-arteo.fr\/en\/marx-karl-la-capital-traduction-de-m-j-roy-entierement-revisee-par-lauteur\/#primaryimage"},"thumbnailUrl":"https:\/\/clavreuil-wordpress.logiciel-arteo.fr\/wp-content\/uploads\/2024\/04\/karl-marx-la-capital-traduction-de-m-j-roy-entierement-revisee-par-l-auteur-7825-65a2bce48f2b2.jpg","datePublished":"2024-04-23T13:07:25+00:00","dateModified":"2024-04-23T13:07:56+00:00","breadcrumb":{"@id":"https:\/\/clavreuil-wordpress.logiciel-arteo.fr\/en\/marx-karl-la-capital-traduction-de-m-j-roy-entierement-revisee-par-lauteur\/#breadcrumb"},"inLanguage":"en-US","potentialAction":[{"@type":"ReadAction","target":["https:\/\/clavreuil-wordpress.logiciel-arteo.fr\/en\/marx-karl-la-capital-traduction-de-m-j-roy-entierement-revisee-par-lauteur\/"]}]},{"@type":"ImageObject","inLanguage":"en-US","@id":"https:\/\/clavreuil-wordpress.logiciel-arteo.fr\/en\/marx-karl-la-capital-traduction-de-m-j-roy-entierement-revisee-par-lauteur\/#primaryimage","url":"https:\/\/clavreuil-wordpress.logiciel-arteo.fr\/wp-content\/uploads\/2024\/04\/karl-marx-la-capital-traduction-de-m-j-roy-entierement-revisee-par-l-auteur-7825-65a2bce48f2b2.jpg","contentUrl":"https:\/\/clavreuil-wordpress.logiciel-arteo.fr\/wp-content\/uploads\/2024\/04\/karl-marx-la-capital-traduction-de-m-j-roy-entierement-revisee-par-l-auteur-7825-65a2bce48f2b2.jpg","width":615,"height":838},{"@type":"BreadcrumbList","@id":"https:\/\/clavreuil-wordpress.logiciel-arteo.fr\/en\/marx-karl-la-capital-traduction-de-m-j-roy-entierement-revisee-par-lauteur\/#breadcrumb","itemListElement":[{"@type":"ListItem","position":1,"name":"Accueil","item":"https:\/\/clavreuil-wordpress.logiciel-arteo.fr\/"},{"@type":"ListItem","position":2,"name":"All our books","item":"https:\/\/clavreuil-wordpress.logiciel-arteo.fr\/en\/all-our-books\/"},{"@type":"ListItem","position":3,"name":"MARX Karl La Capital. Traduction de M. J...."}]},{"@type":"WebSite","@id":"https:\/\/clavreuil-wordpress.logiciel-arteo.fr\/#website","url":"https:\/\/clavreuil-wordpress.logiciel-arteo.fr\/","name":"Libairie Clavreuil","description":"","publisher":{"@id":"https:\/\/clavreuil-wordpress.logiciel-arteo.fr\/#organization"},"potentialAction":[{"@type":"SearchAction","target":{"@type":"EntryPoint","urlTemplate":"https:\/\/clavreuil-wordpress.logiciel-arteo.fr\/?s={search_term_string}"},"query-input":{"@type":"PropertyValueSpecification","valueRequired":true,"valueName":"search_term_string"}}],"inLanguage":"en-US"},{"@type":"Organization","@id":"https:\/\/clavreuil-wordpress.logiciel-arteo.fr\/#organization","name":"Libairie Clavreuil","url":"https:\/\/clavreuil-wordpress.logiciel-arteo.fr\/","logo":{"@type":"ImageObject","inLanguage":"en-US","@id":"https:\/\/clavreuil-wordpress.logiciel-arteo.fr\/#\/schema\/logo\/image\/","url":"https:\/\/clavreuil-wordpress.logiciel-arteo.fr\/wp-content\/uploads\/2021\/05\/LOGO_PNG_DATE-_gold.png","contentUrl":"https:\/\/clavreuil-wordpress.logiciel-arteo.fr\/wp-content\/uploads\/2021\/05\/LOGO_PNG_DATE-_gold.png","width":2083,"height":1917,"caption":"Libairie Clavreuil"},"image":{"@id":"https:\/\/clavreuil-wordpress.logiciel-arteo.fr\/#\/schema\/logo\/image\/"}}]}},"_links":{"self":[{"href":"https:\/\/clavreuil-wordpress.logiciel-arteo.fr\/en\/wp-json\/wp\/v2\/product\/74419","targetHints":{"allow":["GET"]}}],"collection":[{"href":"https:\/\/clavreuil-wordpress.logiciel-arteo.fr\/en\/wp-json\/wp\/v2\/product"}],"about":[{"href":"https:\/\/clavreuil-wordpress.logiciel-arteo.fr\/en\/wp-json\/wp\/v2\/types\/product"}],"replies":[{"embeddable":true,"href":"https:\/\/clavreuil-wordpress.logiciel-arteo.fr\/en\/wp-json\/wp\/v2\/comments?post=74419"}],"wp:featuredmedia":[{"embeddable":true,"href":"https:\/\/clavreuil-wordpress.logiciel-arteo.fr\/en\/wp-json\/wp\/v2\/media\/74410"}],"wp:attachment":[{"href":"https:\/\/clavreuil-wordpress.logiciel-arteo.fr\/en\/wp-json\/wp\/v2\/media?parent=74419"}],"wp:term":[{"taxonomy":"product_brand","embeddable":true,"href":"https:\/\/clavreuil-wordpress.logiciel-arteo.fr\/en\/wp-json\/wp\/v2\/product_brand?post=74419"},{"taxonomy":"product_cat","embeddable":true,"href":"https:\/\/clavreuil-wordpress.logiciel-arteo.fr\/en\/wp-json\/wp\/v2\/product_cat?post=74419"},{"taxonomy":"product_tag","embeddable":true,"href":"https:\/\/clavreuil-wordpress.logiciel-arteo.fr\/en\/wp-json\/wp\/v2\/product_tag?post=74419"}],"curies":[{"name":"wp","href":"https:\/\/api.w.org\/{rel}","templated":true}]}}