{"id":74425,"date":"2024-04-23T15:08:05","date_gmt":"2024-04-23T13:08:05","guid":{"rendered":"https:\/\/clavreuil-wordpress.logiciel-arteo.fr\/genlis-stephanie-felicite-du-crest-comtesse-de-les-veillees-du-chateau-ou-cours-de-morale-a-lusage-des-enfans-par-lauteur-dadele-et-theodore\/"},"modified":"2024-04-23T15:08:41","modified_gmt":"2024-04-23T13:08:41","slug":"genlis-stephanie-felicite-du-crest-comtesse-de-les-veillees-du-chateau-ou-cours-de-morale-a-lusage-des-enfans-par-lauteur-dadele-et-theodore","status":"publish","type":"product","link":"https:\/\/clavreuil-wordpress.logiciel-arteo.fr\/en\/genlis-stephanie-felicite-du-crest-comtesse-de-les-veillees-du-chateau-ou-cours-de-morale-a-lusage-des-enfans-par-lauteur-dadele-et-theodore\/","title":{"rendered":"GENLIS St\u00e9phanie F\u00e9licit\u00e9 du Crest, comtesse de Les..."},"content":{"rendered":"<p style=\"text-align:justify\">First edition.<\/p>\n<p style=\"text-align:justify\">The Countess de Genlis was born near Autun in Burgundy on 25 February 1746. &quot;She became lady-in-waiting to the Duchess of Chartres in 1770, and was responsible for the education of the princess&#039;s daughters and, soon afterwards, the three young princes, her sons. It was during this period that she published her first works, <em>Th&eacute;&acirc;tre d&#039;&eacute;ducation<\/em> (1779), <em>Ad&egrave;le et Th&eacute;odore<\/em> (1782) and <em>Veill&eacute;es du ch&acirc;teau<\/em> (1784). The way in which she conceived and directed the education of the children of Orl&eacute;ans,&quot; said Sainte-Beuve, &quot;is extremely remarkable, and shows in the teacher a more practical sense of reality than her books would seem to indicate&quot; (see : Institut Fran&ccedil;ais de l&#039;&eacute;ducation).<\/p>\n<p>Her works published under Louis XVI, before 1789, are all directly related to education. <em>Les Veill&eacute;es du ch&acirc;teau<\/em>, despite too much romance, remains in a flowing and clear style, and is remarkable for its portraits of the society of the time.<\/p>\n<p>A very fine copy despite minor scuffing on the covers of volume III, bound at the time for the Rohan-Chabot family and decorated with their armorial pieces.<\/p>\n","protected":false},"excerpt":{"rendered":"<p>3 volumes, 8vo (199 x 125 mm) 2 nn.ll., XV, 555 pp. for volume I ; 1 nn.l., 587 pp. for volume II ; 1 nn.l. , 408 pp., 2 nn.ll. (bookseller&#039;s catalogue) for volume III. Contemporary polished calf, armorial corner pieces of the Rohan-Chabot family, spine gilt with raised bands, red edges (some light wear).<\/p>\n","protected":false},"featured_media":74420,"comment_status":"open","ping_status":"closed","template":"","meta":{"_acf_changed":false},"product_brand":[],"product_cat":[544],"product_tag":[1245,1270,1267,1450],"class_list":{"0":"post-74425","1":"product","2":"type-product","3":"status-publish","4":"has-post-thumbnail","6":"product_cat-literature","7":"product_tag-18th-century-literature","8":"product_tag-armoured","9":"product_tag-binding","10":"product_tag-first-edition","11":"pa_auteur-stephanie-felicite-du-crest-comtesse-de-genlis-2","12":"pa_type-de-livre-printed-book","14":"first","15":"instock","16":"shipping-taxable","17":"purchasable","18":"product-type-simple"},"acf":[],"yoast_head":"<!-- This site is optimized with the Yoast SEO plugin v24.3 - https:\/\/yoast.com\/wordpress\/plugins\/seo\/ -->\n<title>GENLIS St\u00e9phanie F\u00e9licit\u00e9 du Crest, comtesse de Les Veill\u00e9es du ch\u00e2teau, ou cours de morale \u00e0 l&#039;usage des enfans. Par l&#039;auteur d&#039;Ad\u00e8le et Th\u00e9odore. - Libairie Clavreuil<\/title>\n<meta name=\"robots\" content=\"noindex, follow, max-snippet:-1, max-image-preview:large, max-video-preview:-1\" \/>\n<meta property=\"og:locale\" content=\"en_US\" \/>\n<meta property=\"og:type\" content=\"article\" \/>\n<meta property=\"og:title\" content=\"GENLIS St\u00e9phanie F\u00e9licit\u00e9 du Crest, comtesse de Les Veill\u00e9es du ch\u00e2teau, ou cours de morale \u00e0 l&#039;usage des enfans. Par l&#039;auteur d&#039;Ad\u00e8le et Th\u00e9odore. - Libairie Clavreuil\" \/>\n<meta property=\"og:description\" content=\"3 volumes, 8vo (199 x 125 mm) 2 nn.ll., XV, 555 pp. for volume I ; 1 nn.l., 587 pp. for volume II ; 1 nn.l. , 408 pp., 2 nn.ll. (bookseller&#039;s catalogue) for volume III. Contemporary polished calf, armorial corner pieces of the Rohan-Chabot family, spine gilt with raised bands, red edges (some light wear).\" \/>\n<meta property=\"og:url\" content=\"https:\/\/clavreuil-wordpress.logiciel-arteo.fr\/en\/genlis-stephanie-felicite-du-crest-comtesse-de-les-veillees-du-chateau-ou-cours-de-morale-a-lusage-des-enfans-par-lauteur-dadele-et-theodore\/\" \/>\n<meta property=\"og:site_name\" content=\"Libairie Clavreuil\" \/>\n<meta property=\"article:modified_time\" content=\"2024-04-23T13:08:41+00:00\" \/>\n<meta property=\"og:image\" content=\"https:\/\/clavreuil-wordpress.logiciel-arteo.fr\/wp-content\/uploads\/2024\/04\/stephanie-felicite-du-crest-comtesse-de-genlis-les-veillees-du-chateau-ou-cours-de-morale-a-l-usage-des-enfans-par-l-auteur-d-adele-et-theodore-5055-6-scaled.jpg\" \/>\n\t<meta property=\"og:image:width\" content=\"1920\" \/>\n\t<meta property=\"og:image:height\" content=\"2560\" \/>\n\t<meta property=\"og:image:type\" content=\"image\/jpeg\" \/>\n<meta name=\"twitter:card\" content=\"summary_large_image\" \/>\n<meta name=\"twitter:label1\" content=\"Est. reading time\" \/>\n\t<meta name=\"twitter:data1\" content=\"1 minute\" \/>\n<script type=\"application\/ld+json\" class=\"yoast-schema-graph\">{\"@context\":\"https:\/\/schema.org\",\"@graph\":[{\"@type\":\"WebPage\",\"@id\":\"https:\/\/clavreuil-wordpress.logiciel-arteo.fr\/en\/genlis-stephanie-felicite-du-crest-comtesse-de-les-veillees-du-chateau-ou-cours-de-morale-a-lusage-des-enfans-par-lauteur-dadele-et-theodore\/\",\"url\":\"https:\/\/clavreuil-wordpress.logiciel-arteo.fr\/en\/genlis-stephanie-felicite-du-crest-comtesse-de-les-veillees-du-chateau-ou-cours-de-morale-a-lusage-des-enfans-par-lauteur-dadele-et-theodore\/\",\"name\":\"GENLIS St\u00e9phanie F\u00e9licit\u00e9 du Crest, comtesse de Les Veill\u00e9es du ch\u00e2teau, ou cours de morale \u00e0 l'usage des enfans. Par l'auteur d'Ad\u00e8le et Th\u00e9odore. - Libairie Clavreuil\",\"isPartOf\":{\"@id\":\"https:\/\/clavreuil-wordpress.logiciel-arteo.fr\/#website\"},\"primaryImageOfPage\":{\"@id\":\"https:\/\/clavreuil-wordpress.logiciel-arteo.fr\/en\/genlis-stephanie-felicite-du-crest-comtesse-de-les-veillees-du-chateau-ou-cours-de-morale-a-lusage-des-enfans-par-lauteur-dadele-et-theodore\/#primaryimage\"},\"image\":{\"@id\":\"https:\/\/clavreuil-wordpress.logiciel-arteo.fr\/en\/genlis-stephanie-felicite-du-crest-comtesse-de-les-veillees-du-chateau-ou-cours-de-morale-a-lusage-des-enfans-par-lauteur-dadele-et-theodore\/#primaryimage\"},\"thumbnailUrl\":\"https:\/\/clavreuil-wordpress.logiciel-arteo.fr\/wp-content\/uploads\/2024\/04\/stephanie-felicite-du-crest-comtesse-de-genlis-les-veillees-du-chateau-ou-cours-de-morale-a-l-usage-des-enfans-par-l-auteur-d-adele-et-theodore-5055-6-scaled.jpg\",\"datePublished\":\"2024-04-23T13:08:05+00:00\",\"dateModified\":\"2024-04-23T13:08:41+00:00\",\"breadcrumb\":{\"@id\":\"https:\/\/clavreuil-wordpress.logiciel-arteo.fr\/en\/genlis-stephanie-felicite-du-crest-comtesse-de-les-veillees-du-chateau-ou-cours-de-morale-a-lusage-des-enfans-par-lauteur-dadele-et-theodore\/#breadcrumb\"},\"inLanguage\":\"en-US\",\"potentialAction\":[{\"@type\":\"ReadAction\",\"target\":[\"https:\/\/clavreuil-wordpress.logiciel-arteo.fr\/en\/genlis-stephanie-felicite-du-crest-comtesse-de-les-veillees-du-chateau-ou-cours-de-morale-a-lusage-des-enfans-par-lauteur-dadele-et-theodore\/\"]}]},{\"@type\":\"ImageObject\",\"inLanguage\":\"en-US\",\"@id\":\"https:\/\/clavreuil-wordpress.logiciel-arteo.fr\/en\/genlis-stephanie-felicite-du-crest-comtesse-de-les-veillees-du-chateau-ou-cours-de-morale-a-lusage-des-enfans-par-lauteur-dadele-et-theodore\/#primaryimage\",\"url\":\"https:\/\/clavreuil-wordpress.logiciel-arteo.fr\/wp-content\/uploads\/2024\/04\/stephanie-felicite-du-crest-comtesse-de-genlis-les-veillees-du-chateau-ou-cours-de-morale-a-l-usage-des-enfans-par-l-auteur-d-adele-et-theodore-5055-6-scaled.jpg\",\"contentUrl\":\"https:\/\/clavreuil-wordpress.logiciel-arteo.fr\/wp-content\/uploads\/2024\/04\/stephanie-felicite-du-crest-comtesse-de-genlis-les-veillees-du-chateau-ou-cours-de-morale-a-l-usage-des-enfans-par-l-auteur-d-adele-et-theodore-5055-6-scaled.jpg\",\"width\":1920,\"height\":2560},{\"@type\":\"BreadcrumbList\",\"@id\":\"https:\/\/clavreuil-wordpress.logiciel-arteo.fr\/en\/genlis-stephanie-felicite-du-crest-comtesse-de-les-veillees-du-chateau-ou-cours-de-morale-a-lusage-des-enfans-par-lauteur-dadele-et-theodore\/#breadcrumb\",\"itemListElement\":[{\"@type\":\"ListItem\",\"position\":1,\"name\":\"Accueil\",\"item\":\"https:\/\/clavreuil-wordpress.logiciel-arteo.fr\/\"},{\"@type\":\"ListItem\",\"position\":2,\"name\":\"All our books\",\"item\":\"https:\/\/clavreuil-wordpress.logiciel-arteo.fr\/en\/all-our-books\/\"},{\"@type\":\"ListItem\",\"position\":3,\"name\":\"GENLIS St\u00e9phanie F\u00e9licit\u00e9 du Crest, comtesse de Les...\"}]},{\"@type\":\"WebSite\",\"@id\":\"https:\/\/clavreuil-wordpress.logiciel-arteo.fr\/#website\",\"url\":\"https:\/\/clavreuil-wordpress.logiciel-arteo.fr\/\",\"name\":\"Libairie Clavreuil\",\"description\":\"\",\"publisher\":{\"@id\":\"https:\/\/clavreuil-wordpress.logiciel-arteo.fr\/#organization\"},\"potentialAction\":[{\"@type\":\"SearchAction\",\"target\":{\"@type\":\"EntryPoint\",\"urlTemplate\":\"https:\/\/clavreuil-wordpress.logiciel-arteo.fr\/?s={search_term_string}\"},\"query-input\":{\"@type\":\"PropertyValueSpecification\",\"valueRequired\":true,\"valueName\":\"search_term_string\"}}],\"inLanguage\":\"en-US\"},{\"@type\":\"Organization\",\"@id\":\"https:\/\/clavreuil-wordpress.logiciel-arteo.fr\/#organization\",\"name\":\"Libairie Clavreuil\",\"url\":\"https:\/\/clavreuil-wordpress.logiciel-arteo.fr\/\",\"logo\":{\"@type\":\"ImageObject\",\"inLanguage\":\"en-US\",\"@id\":\"https:\/\/clavreuil-wordpress.logiciel-arteo.fr\/#\/schema\/logo\/image\/\",\"url\":\"https:\/\/clavreuil-wordpress.logiciel-arteo.fr\/wp-content\/uploads\/2021\/05\/LOGO_PNG_DATE-_gold.png\",\"contentUrl\":\"https:\/\/clavreuil-wordpress.logiciel-arteo.fr\/wp-content\/uploads\/2021\/05\/LOGO_PNG_DATE-_gold.png\",\"width\":2083,\"height\":1917,\"caption\":\"Libairie Clavreuil\"},\"image\":{\"@id\":\"https:\/\/clavreuil-wordpress.logiciel-arteo.fr\/#\/schema\/logo\/image\/\"}}]}<\/script>\n<!-- \/ Yoast SEO plugin. -->","yoast_head_json":{"title":"GENLIS St\u00e9phanie F\u00e9licit\u00e9 du Crest, comtesse de Les Veill\u00e9es du ch\u00e2teau, ou cours de morale \u00e0 l'usage des enfans. Par l'auteur d'Ad\u00e8le et Th\u00e9odore. - Libairie Clavreuil","robots":{"index":"noindex","follow":"follow","max-snippet":"max-snippet:-1","max-image-preview":"max-image-preview:large","max-video-preview":"max-video-preview:-1"},"og_locale":"en_US","og_type":"article","og_title":"GENLIS St\u00e9phanie F\u00e9licit\u00e9 du Crest, comtesse de Les Veill\u00e9es du ch\u00e2teau, ou cours de morale \u00e0 l'usage des enfans. Par l'auteur d'Ad\u00e8le et Th\u00e9odore. - Libairie Clavreuil","og_description":"3 volumes, 8vo (199 x 125 mm) 2 nn.ll., XV, 555 pp. for volume I ; 1 nn.l., 587 pp. for volume II ; 1 nn.l. , 408 pp., 2 nn.ll. (bookseller&#039;s catalogue) for volume III. Contemporary polished calf, armorial corner pieces of the Rohan-Chabot family, spine gilt with raised bands, red edges (some light wear).","og_url":"https:\/\/clavreuil-wordpress.logiciel-arteo.fr\/en\/genlis-stephanie-felicite-du-crest-comtesse-de-les-veillees-du-chateau-ou-cours-de-morale-a-lusage-des-enfans-par-lauteur-dadele-et-theodore\/","og_site_name":"Libairie Clavreuil","article_modified_time":"2024-04-23T13:08:41+00:00","og_image":[{"width":1920,"height":2560,"url":"https:\/\/clavreuil-wordpress.logiciel-arteo.fr\/wp-content\/uploads\/2024\/04\/stephanie-felicite-du-crest-comtesse-de-genlis-les-veillees-du-chateau-ou-cours-de-morale-a-l-usage-des-enfans-par-l-auteur-d-adele-et-theodore-5055-6-scaled.jpg","type":"image\/jpeg"}],"twitter_card":"summary_large_image","twitter_misc":{"Est. reading time":"1 minute"},"schema":{"@context":"https:\/\/schema.org","@graph":[{"@type":"WebPage","@id":"https:\/\/clavreuil-wordpress.logiciel-arteo.fr\/en\/genlis-stephanie-felicite-du-crest-comtesse-de-les-veillees-du-chateau-ou-cours-de-morale-a-lusage-des-enfans-par-lauteur-dadele-et-theodore\/","url":"https:\/\/clavreuil-wordpress.logiciel-arteo.fr\/en\/genlis-stephanie-felicite-du-crest-comtesse-de-les-veillees-du-chateau-ou-cours-de-morale-a-lusage-des-enfans-par-lauteur-dadele-et-theodore\/","name":"GENLIS St\u00e9phanie F\u00e9licit\u00e9 du Crest, comtesse de Les Veill\u00e9es du ch\u00e2teau, ou cours de morale \u00e0 l'usage des enfans. Par l'auteur d'Ad\u00e8le et Th\u00e9odore. - Libairie Clavreuil","isPartOf":{"@id":"https:\/\/clavreuil-wordpress.logiciel-arteo.fr\/#website"},"primaryImageOfPage":{"@id":"https:\/\/clavreuil-wordpress.logiciel-arteo.fr\/en\/genlis-stephanie-felicite-du-crest-comtesse-de-les-veillees-du-chateau-ou-cours-de-morale-a-lusage-des-enfans-par-lauteur-dadele-et-theodore\/#primaryimage"},"image":{"@id":"https:\/\/clavreuil-wordpress.logiciel-arteo.fr\/en\/genlis-stephanie-felicite-du-crest-comtesse-de-les-veillees-du-chateau-ou-cours-de-morale-a-lusage-des-enfans-par-lauteur-dadele-et-theodore\/#primaryimage"},"thumbnailUrl":"https:\/\/clavreuil-wordpress.logiciel-arteo.fr\/wp-content\/uploads\/2024\/04\/stephanie-felicite-du-crest-comtesse-de-genlis-les-veillees-du-chateau-ou-cours-de-morale-a-l-usage-des-enfans-par-l-auteur-d-adele-et-theodore-5055-6-scaled.jpg","datePublished":"2024-04-23T13:08:05+00:00","dateModified":"2024-04-23T13:08:41+00:00","breadcrumb":{"@id":"https:\/\/clavreuil-wordpress.logiciel-arteo.fr\/en\/genlis-stephanie-felicite-du-crest-comtesse-de-les-veillees-du-chateau-ou-cours-de-morale-a-lusage-des-enfans-par-lauteur-dadele-et-theodore\/#breadcrumb"},"inLanguage":"en-US","potentialAction":[{"@type":"ReadAction","target":["https:\/\/clavreuil-wordpress.logiciel-arteo.fr\/en\/genlis-stephanie-felicite-du-crest-comtesse-de-les-veillees-du-chateau-ou-cours-de-morale-a-lusage-des-enfans-par-lauteur-dadele-et-theodore\/"]}]},{"@type":"ImageObject","inLanguage":"en-US","@id":"https:\/\/clavreuil-wordpress.logiciel-arteo.fr\/en\/genlis-stephanie-felicite-du-crest-comtesse-de-les-veillees-du-chateau-ou-cours-de-morale-a-lusage-des-enfans-par-lauteur-dadele-et-theodore\/#primaryimage","url":"https:\/\/clavreuil-wordpress.logiciel-arteo.fr\/wp-content\/uploads\/2024\/04\/stephanie-felicite-du-crest-comtesse-de-genlis-les-veillees-du-chateau-ou-cours-de-morale-a-l-usage-des-enfans-par-l-auteur-d-adele-et-theodore-5055-6-scaled.jpg","contentUrl":"https:\/\/clavreuil-wordpress.logiciel-arteo.fr\/wp-content\/uploads\/2024\/04\/stephanie-felicite-du-crest-comtesse-de-genlis-les-veillees-du-chateau-ou-cours-de-morale-a-l-usage-des-enfans-par-l-auteur-d-adele-et-theodore-5055-6-scaled.jpg","width":1920,"height":2560},{"@type":"BreadcrumbList","@id":"https:\/\/clavreuil-wordpress.logiciel-arteo.fr\/en\/genlis-stephanie-felicite-du-crest-comtesse-de-les-veillees-du-chateau-ou-cours-de-morale-a-lusage-des-enfans-par-lauteur-dadele-et-theodore\/#breadcrumb","itemListElement":[{"@type":"ListItem","position":1,"name":"Accueil","item":"https:\/\/clavreuil-wordpress.logiciel-arteo.fr\/"},{"@type":"ListItem","position":2,"name":"All our books","item":"https:\/\/clavreuil-wordpress.logiciel-arteo.fr\/en\/all-our-books\/"},{"@type":"ListItem","position":3,"name":"GENLIS St\u00e9phanie F\u00e9licit\u00e9 du Crest, comtesse de Les..."}]},{"@type":"WebSite","@id":"https:\/\/clavreuil-wordpress.logiciel-arteo.fr\/#website","url":"https:\/\/clavreuil-wordpress.logiciel-arteo.fr\/","name":"Libairie Clavreuil","description":"","publisher":{"@id":"https:\/\/clavreuil-wordpress.logiciel-arteo.fr\/#organization"},"potentialAction":[{"@type":"SearchAction","target":{"@type":"EntryPoint","urlTemplate":"https:\/\/clavreuil-wordpress.logiciel-arteo.fr\/?s={search_term_string}"},"query-input":{"@type":"PropertyValueSpecification","valueRequired":true,"valueName":"search_term_string"}}],"inLanguage":"en-US"},{"@type":"Organization","@id":"https:\/\/clavreuil-wordpress.logiciel-arteo.fr\/#organization","name":"Libairie Clavreuil","url":"https:\/\/clavreuil-wordpress.logiciel-arteo.fr\/","logo":{"@type":"ImageObject","inLanguage":"en-US","@id":"https:\/\/clavreuil-wordpress.logiciel-arteo.fr\/#\/schema\/logo\/image\/","url":"https:\/\/clavreuil-wordpress.logiciel-arteo.fr\/wp-content\/uploads\/2021\/05\/LOGO_PNG_DATE-_gold.png","contentUrl":"https:\/\/clavreuil-wordpress.logiciel-arteo.fr\/wp-content\/uploads\/2021\/05\/LOGO_PNG_DATE-_gold.png","width":2083,"height":1917,"caption":"Libairie Clavreuil"},"image":{"@id":"https:\/\/clavreuil-wordpress.logiciel-arteo.fr\/#\/schema\/logo\/image\/"}}]}},"_links":{"self":[{"href":"https:\/\/clavreuil-wordpress.logiciel-arteo.fr\/en\/wp-json\/wp\/v2\/product\/74425","targetHints":{"allow":["GET"]}}],"collection":[{"href":"https:\/\/clavreuil-wordpress.logiciel-arteo.fr\/en\/wp-json\/wp\/v2\/product"}],"about":[{"href":"https:\/\/clavreuil-wordpress.logiciel-arteo.fr\/en\/wp-json\/wp\/v2\/types\/product"}],"replies":[{"embeddable":true,"href":"https:\/\/clavreuil-wordpress.logiciel-arteo.fr\/en\/wp-json\/wp\/v2\/comments?post=74425"}],"wp:featuredmedia":[{"embeddable":true,"href":"https:\/\/clavreuil-wordpress.logiciel-arteo.fr\/en\/wp-json\/wp\/v2\/media\/74420"}],"wp:attachment":[{"href":"https:\/\/clavreuil-wordpress.logiciel-arteo.fr\/en\/wp-json\/wp\/v2\/media?parent=74425"}],"wp:term":[{"taxonomy":"product_brand","embeddable":true,"href":"https:\/\/clavreuil-wordpress.logiciel-arteo.fr\/en\/wp-json\/wp\/v2\/product_brand?post=74425"},{"taxonomy":"product_cat","embeddable":true,"href":"https:\/\/clavreuil-wordpress.logiciel-arteo.fr\/en\/wp-json\/wp\/v2\/product_cat?post=74425"},{"taxonomy":"product_tag","embeddable":true,"href":"https:\/\/clavreuil-wordpress.logiciel-arteo.fr\/en\/wp-json\/wp\/v2\/product_tag?post=74425"}],"curies":[{"name":"wp","href":"https:\/\/api.w.org\/{rel}","templated":true}]}}