{"id":74433,"date":"2024-04-23T15:08:56","date_gmt":"2024-04-23T13:08:56","guid":{"rendered":"https:\/\/clavreuil-wordpress.logiciel-arteo.fr\/brebisson-alphonse-de-nouvelle-methode-photographique-sur-collodion-donnant-des-epreuves-instantanees-traite-complet-des-divers-procedes\/"},"modified":"2024-04-23T15:09:38","modified_gmt":"2024-04-23T13:09:38","slug":"brebisson-alphonse-de-nouvelle-methode-photographique-sur-collodion-donnant-des-epreuves-instantanees-traite-complet-des-divers-procedes","status":"publish","type":"product","link":"https:\/\/clavreuil-wordpress.logiciel-arteo.fr\/en\/brebisson-alphonse-de-nouvelle-methode-photographique-sur-collodion-donnant-des-epreuves-instantanees-traite-complet-des-divers-procedes\/","title":{"rendered":"BR\u00c9BISSON Alphonse de Nouvelle m\u00e9thode photographique sur collodion..."},"content":{"rendered":"<p><em>Roosens and Salu, no. 2043 ; Bellier de la Chavignerie, Manuel Bibliographique du Photographe Fran&ccedil;ais, 1863, No. 56.<\/em><\/p>\n<p>First edition, with 2 woodcut illustrations and some marginal pencil notes.<\/p>\n<p>&ldquo;The first French work describing the collodion process. Botanist Br&eacute;bisson was a founding member of the Soci&eacute;t&eacute; fran&ccedil;aise de photographie. In this pioneer work, which was soon reprinted in 1853, he illustrated his innovative method of instantaneous dry collodion. The collodion process was first invented by English artist and photographer Frederick Scott Archer in 1851. Br&eacute;bisson took part in the Exposition Universelle of London in 1862. Hundreds of his albumen and collodion prints are today kept in the French M&eacute;diath&egrave;que de l&#039;architecture et du patrimoine. &quot;Le &#039;collodion anglais&#039; [invented by Archer in 1851] ne sera disponible dans les officines parisiennes qu&#039;en janvier 1852, et le proc&eacute;d&eacute; ne commencera v&eacute;ritablement &agrave; &ecirc;tre exp&eacute;riment&eacute; par le praticiens qu&#039;&agrave; partir du mois de mai, apr&egrave;s la publication du premier trait&eacute; sur le sujet : la &lsquo;Nouvelle M&eacute;thode photographique sur collodion donnant des &eacute;preuves instantan&eacute;es,&rsquo; d&#039;Alphonse de Br&eacute;bisson&quot; (Gunthert. La Conquete de l&#039;instantan&eacute;. Arch&eacute;ologie de l&#039;imaginaire photographique en France (1841-1895), PhD dissertation, 1999).<\/p>\n<p>Only 3 copies only of the 1st edition are recorded in institutional libraries in the United States : George Eastman Museum Library (Gabriel Cromer Collection), Franklin Institute Science Museum, and University of Vermont (Billings Special Collections). Two more copies are recorded in OCLC : BNF, and the Institut de France. Brown stain to pages 75\/76.<\/p>\n<p>Provenance : Stamp of Maurice Lespiault (1821-1889) and some occasional notes. Lespiault was a French naturalist, painter and photographer, who was awarded the honourable mention for his photographic prints at the Exposition Universelle in 1855.<\/p>\n<p>[Bound with:] <strong>CHEVALIER, Charles.<\/strong> Catalogue des daguerr&eacute;otypes ou photographes perfectionn&eacute;s et construits par Charles Chevalier. <em>No place, no date, ca. 1852.<\/em> 28 pp. (without the printed selfwrappers, included in pagination). Very scarce trade catalogue on photographic equipment and various materials used by early photographers. Either unrecorded in OCLC or just 1 copy in the US, if this is the same edition as the Columbia University copy. Provenance : Lespiault (rubber stamp)<\/p>\n<p>[And :] <strong>MARTIN, Adolphe. <\/strong>Photographie nouvelle. Proc&eacute;d&eacute; pour obtenir des &eacute;preuves positives directes sur glace. M&eacute;moire d&eacute;pos&eacute; le 20 juillet 1852 au secr&eacute;tariat de la Soci&eacute;t&eacute; d&#039;Encouragement. <em>Paris, Chez Charles Chevalier, 1852.<\/em> 23 pp. First edition, very rare. Adolphe-Alexandre Martin was a pioneer of photography and the inventor of the tintype. In his variation of the wet collodion technique, Martin placed a clear protective varnish over his collodion negative, which he first applied to glass and then later onto a black varnished metal plate. He then applied a colored varnish to the negative, which not only protected the image but also chemically converted it from negative to positive. This ambrotype modification &#8211; known interchangeably as tintype or ferrotype &#8211; was typically formatted in the carte-de-visite plate size of 2-1\/2 x 4-4-1\/2 inch, but Martin&#039;s tintype plates were found to be as tiny as postage stamps. We located 3 institutional copies in the United States: NYPL, UC Riverside, and Epstean Collection of Books on Photography and Its Applications in the Graphic Arts (Columbia University. Rare Book and Manuscript Library), an two additional copies in Europe: BL and BNF.<\/p>\n<p>Provenance : Lespiault (rubber stamp).<\/p>\n","protected":false},"excerpt":{"rendered":"<p>In-12 (195 x 125 mm) de 87 pp. Later green buckram backed boards.<\/p>\n","protected":false},"featured_media":74426,"comment_status":"open","ping_status":"closed","template":"","meta":{"_acf_changed":false},"product_brand":[],"product_cat":[550],"product_tag":[1450,1205],"class_list":{"0":"post-74433","1":"product","2":"type-product","3":"status-publish","4":"has-post-thumbnail","6":"product_cat-science","7":"product_tag-first-edition","8":"product_tag-photography","9":"pa_auteur-alphonse-de-brebisson-2","10":"pa_type-de-livre-printed-book","12":"first","13":"instock","14":"shipping-taxable","15":"purchasable","16":"product-type-simple"},"acf":[],"yoast_head":"<!-- This site is optimized with the Yoast SEO plugin v24.3 - https:\/\/yoast.com\/wordpress\/plugins\/seo\/ -->\n<title>BR\u00c9BISSON Alphonse de Nouvelle m\u00e9thode photographique sur collodion donnant des \u00e9preuves instantan\u00e9es ; trait\u00e9 complet des divers proc\u00e9d\u00e9s. - Libairie Clavreuil<\/title>\n<meta name=\"robots\" content=\"noindex, follow, max-snippet:-1, max-image-preview:large, max-video-preview:-1\" \/>\n<meta property=\"og:locale\" content=\"en_US\" \/>\n<meta property=\"og:type\" content=\"article\" \/>\n<meta property=\"og:title\" content=\"BR\u00c9BISSON Alphonse de Nouvelle m\u00e9thode photographique sur collodion donnant des \u00e9preuves instantan\u00e9es ; trait\u00e9 complet des divers proc\u00e9d\u00e9s. - Libairie Clavreuil\" \/>\n<meta property=\"og:description\" content=\"In-12 (195 x 125 mm) de 87 pp. Later green buckram backed boards.\" \/>\n<meta property=\"og:url\" content=\"https:\/\/clavreuil-wordpress.logiciel-arteo.fr\/en\/brebisson-alphonse-de-nouvelle-methode-photographique-sur-collodion-donnant-des-epreuves-instantanees-traite-complet-des-divers-procedes\/\" \/>\n<meta property=\"og:site_name\" content=\"Libairie Clavreuil\" \/>\n<meta property=\"article:modified_time\" content=\"2024-04-23T13:09:38+00:00\" \/>\n<meta property=\"og:image\" content=\"https:\/\/clavreuil-wordpress.logiciel-arteo.fr\/wp-content\/uploads\/2024\/04\/alphonse-de-brebisson-nouvelle-methode-photographique-sur-collodion-donnant-des-epreuves-instantanees-traite-complet-des-divers-procedes-7821-65b93227-scaled.jpg\" \/>\n\t<meta property=\"og:image:width\" content=\"1780\" \/>\n\t<meta property=\"og:image:height\" content=\"2560\" \/>\n\t<meta property=\"og:image:type\" content=\"image\/jpeg\" \/>\n<meta name=\"twitter:card\" content=\"summary_large_image\" \/>\n<meta name=\"twitter:label1\" content=\"Est. reading time\" \/>\n\t<meta name=\"twitter:data1\" content=\"3 minutes\" \/>\n<script type=\"application\/ld+json\" class=\"yoast-schema-graph\">{\"@context\":\"https:\/\/schema.org\",\"@graph\":[{\"@type\":\"WebPage\",\"@id\":\"https:\/\/clavreuil-wordpress.logiciel-arteo.fr\/en\/brebisson-alphonse-de-nouvelle-methode-photographique-sur-collodion-donnant-des-epreuves-instantanees-traite-complet-des-divers-procedes\/\",\"url\":\"https:\/\/clavreuil-wordpress.logiciel-arteo.fr\/en\/brebisson-alphonse-de-nouvelle-methode-photographique-sur-collodion-donnant-des-epreuves-instantanees-traite-complet-des-divers-procedes\/\",\"name\":\"BR\u00c9BISSON Alphonse de Nouvelle m\u00e9thode photographique sur collodion donnant des \u00e9preuves instantan\u00e9es ; trait\u00e9 complet des divers proc\u00e9d\u00e9s. - Libairie Clavreuil\",\"isPartOf\":{\"@id\":\"https:\/\/clavreuil-wordpress.logiciel-arteo.fr\/#website\"},\"primaryImageOfPage\":{\"@id\":\"https:\/\/clavreuil-wordpress.logiciel-arteo.fr\/en\/brebisson-alphonse-de-nouvelle-methode-photographique-sur-collodion-donnant-des-epreuves-instantanees-traite-complet-des-divers-procedes\/#primaryimage\"},\"image\":{\"@id\":\"https:\/\/clavreuil-wordpress.logiciel-arteo.fr\/en\/brebisson-alphonse-de-nouvelle-methode-photographique-sur-collodion-donnant-des-epreuves-instantanees-traite-complet-des-divers-procedes\/#primaryimage\"},\"thumbnailUrl\":\"https:\/\/clavreuil-wordpress.logiciel-arteo.fr\/wp-content\/uploads\/2024\/04\/alphonse-de-brebisson-nouvelle-methode-photographique-sur-collodion-donnant-des-epreuves-instantanees-traite-complet-des-divers-procedes-7821-65b93227-scaled.jpg\",\"datePublished\":\"2024-04-23T13:08:56+00:00\",\"dateModified\":\"2024-04-23T13:09:38+00:00\",\"breadcrumb\":{\"@id\":\"https:\/\/clavreuil-wordpress.logiciel-arteo.fr\/en\/brebisson-alphonse-de-nouvelle-methode-photographique-sur-collodion-donnant-des-epreuves-instantanees-traite-complet-des-divers-procedes\/#breadcrumb\"},\"inLanguage\":\"en-US\",\"potentialAction\":[{\"@type\":\"ReadAction\",\"target\":[\"https:\/\/clavreuil-wordpress.logiciel-arteo.fr\/en\/brebisson-alphonse-de-nouvelle-methode-photographique-sur-collodion-donnant-des-epreuves-instantanees-traite-complet-des-divers-procedes\/\"]}]},{\"@type\":\"ImageObject\",\"inLanguage\":\"en-US\",\"@id\":\"https:\/\/clavreuil-wordpress.logiciel-arteo.fr\/en\/brebisson-alphonse-de-nouvelle-methode-photographique-sur-collodion-donnant-des-epreuves-instantanees-traite-complet-des-divers-procedes\/#primaryimage\",\"url\":\"https:\/\/clavreuil-wordpress.logiciel-arteo.fr\/wp-content\/uploads\/2024\/04\/alphonse-de-brebisson-nouvelle-methode-photographique-sur-collodion-donnant-des-epreuves-instantanees-traite-complet-des-divers-procedes-7821-65b93227-scaled.jpg\",\"contentUrl\":\"https:\/\/clavreuil-wordpress.logiciel-arteo.fr\/wp-content\/uploads\/2024\/04\/alphonse-de-brebisson-nouvelle-methode-photographique-sur-collodion-donnant-des-epreuves-instantanees-traite-complet-des-divers-procedes-7821-65b93227-scaled.jpg\",\"width\":1780,\"height\":2560},{\"@type\":\"BreadcrumbList\",\"@id\":\"https:\/\/clavreuil-wordpress.logiciel-arteo.fr\/en\/brebisson-alphonse-de-nouvelle-methode-photographique-sur-collodion-donnant-des-epreuves-instantanees-traite-complet-des-divers-procedes\/#breadcrumb\",\"itemListElement\":[{\"@type\":\"ListItem\",\"position\":1,\"name\":\"Accueil\",\"item\":\"https:\/\/clavreuil-wordpress.logiciel-arteo.fr\/\"},{\"@type\":\"ListItem\",\"position\":2,\"name\":\"All our books\",\"item\":\"https:\/\/clavreuil-wordpress.logiciel-arteo.fr\/en\/all-our-books\/\"},{\"@type\":\"ListItem\",\"position\":3,\"name\":\"BR\u00c9BISSON Alphonse de Nouvelle m\u00e9thode photographique sur collodion...\"}]},{\"@type\":\"WebSite\",\"@id\":\"https:\/\/clavreuil-wordpress.logiciel-arteo.fr\/#website\",\"url\":\"https:\/\/clavreuil-wordpress.logiciel-arteo.fr\/\",\"name\":\"Libairie Clavreuil\",\"description\":\"\",\"publisher\":{\"@id\":\"https:\/\/clavreuil-wordpress.logiciel-arteo.fr\/#organization\"},\"potentialAction\":[{\"@type\":\"SearchAction\",\"target\":{\"@type\":\"EntryPoint\",\"urlTemplate\":\"https:\/\/clavreuil-wordpress.logiciel-arteo.fr\/?s={search_term_string}\"},\"query-input\":{\"@type\":\"PropertyValueSpecification\",\"valueRequired\":true,\"valueName\":\"search_term_string\"}}],\"inLanguage\":\"en-US\"},{\"@type\":\"Organization\",\"@id\":\"https:\/\/clavreuil-wordpress.logiciel-arteo.fr\/#organization\",\"name\":\"Libairie Clavreuil\",\"url\":\"https:\/\/clavreuil-wordpress.logiciel-arteo.fr\/\",\"logo\":{\"@type\":\"ImageObject\",\"inLanguage\":\"en-US\",\"@id\":\"https:\/\/clavreuil-wordpress.logiciel-arteo.fr\/#\/schema\/logo\/image\/\",\"url\":\"https:\/\/clavreuil-wordpress.logiciel-arteo.fr\/wp-content\/uploads\/2021\/05\/LOGO_PNG_DATE-_gold.png\",\"contentUrl\":\"https:\/\/clavreuil-wordpress.logiciel-arteo.fr\/wp-content\/uploads\/2021\/05\/LOGO_PNG_DATE-_gold.png\",\"width\":2083,\"height\":1917,\"caption\":\"Libairie Clavreuil\"},\"image\":{\"@id\":\"https:\/\/clavreuil-wordpress.logiciel-arteo.fr\/#\/schema\/logo\/image\/\"}}]}<\/script>\n<!-- \/ Yoast SEO plugin. -->","yoast_head_json":{"title":"BR\u00c9BISSON Alphonse de Nouvelle m\u00e9thode photographique sur collodion donnant des \u00e9preuves instantan\u00e9es ; trait\u00e9 complet des divers proc\u00e9d\u00e9s. - Libairie Clavreuil","robots":{"index":"noindex","follow":"follow","max-snippet":"max-snippet:-1","max-image-preview":"max-image-preview:large","max-video-preview":"max-video-preview:-1"},"og_locale":"en_US","og_type":"article","og_title":"BR\u00c9BISSON Alphonse de Nouvelle m\u00e9thode photographique sur collodion donnant des \u00e9preuves instantan\u00e9es ; trait\u00e9 complet des divers proc\u00e9d\u00e9s. - Libairie Clavreuil","og_description":"In-12 (195 x 125 mm) de 87 pp. Later green buckram backed boards.","og_url":"https:\/\/clavreuil-wordpress.logiciel-arteo.fr\/en\/brebisson-alphonse-de-nouvelle-methode-photographique-sur-collodion-donnant-des-epreuves-instantanees-traite-complet-des-divers-procedes\/","og_site_name":"Libairie Clavreuil","article_modified_time":"2024-04-23T13:09:38+00:00","og_image":[{"width":1780,"height":2560,"url":"https:\/\/clavreuil-wordpress.logiciel-arteo.fr\/wp-content\/uploads\/2024\/04\/alphonse-de-brebisson-nouvelle-methode-photographique-sur-collodion-donnant-des-epreuves-instantanees-traite-complet-des-divers-procedes-7821-65b93227-scaled.jpg","type":"image\/jpeg"}],"twitter_card":"summary_large_image","twitter_misc":{"Est. reading time":"3 minutes"},"schema":{"@context":"https:\/\/schema.org","@graph":[{"@type":"WebPage","@id":"https:\/\/clavreuil-wordpress.logiciel-arteo.fr\/en\/brebisson-alphonse-de-nouvelle-methode-photographique-sur-collodion-donnant-des-epreuves-instantanees-traite-complet-des-divers-procedes\/","url":"https:\/\/clavreuil-wordpress.logiciel-arteo.fr\/en\/brebisson-alphonse-de-nouvelle-methode-photographique-sur-collodion-donnant-des-epreuves-instantanees-traite-complet-des-divers-procedes\/","name":"BR\u00c9BISSON Alphonse de Nouvelle m\u00e9thode photographique sur collodion donnant des \u00e9preuves instantan\u00e9es ; trait\u00e9 complet des divers proc\u00e9d\u00e9s. - Libairie Clavreuil","isPartOf":{"@id":"https:\/\/clavreuil-wordpress.logiciel-arteo.fr\/#website"},"primaryImageOfPage":{"@id":"https:\/\/clavreuil-wordpress.logiciel-arteo.fr\/en\/brebisson-alphonse-de-nouvelle-methode-photographique-sur-collodion-donnant-des-epreuves-instantanees-traite-complet-des-divers-procedes\/#primaryimage"},"image":{"@id":"https:\/\/clavreuil-wordpress.logiciel-arteo.fr\/en\/brebisson-alphonse-de-nouvelle-methode-photographique-sur-collodion-donnant-des-epreuves-instantanees-traite-complet-des-divers-procedes\/#primaryimage"},"thumbnailUrl":"https:\/\/clavreuil-wordpress.logiciel-arteo.fr\/wp-content\/uploads\/2024\/04\/alphonse-de-brebisson-nouvelle-methode-photographique-sur-collodion-donnant-des-epreuves-instantanees-traite-complet-des-divers-procedes-7821-65b93227-scaled.jpg","datePublished":"2024-04-23T13:08:56+00:00","dateModified":"2024-04-23T13:09:38+00:00","breadcrumb":{"@id":"https:\/\/clavreuil-wordpress.logiciel-arteo.fr\/en\/brebisson-alphonse-de-nouvelle-methode-photographique-sur-collodion-donnant-des-epreuves-instantanees-traite-complet-des-divers-procedes\/#breadcrumb"},"inLanguage":"en-US","potentialAction":[{"@type":"ReadAction","target":["https:\/\/clavreuil-wordpress.logiciel-arteo.fr\/en\/brebisson-alphonse-de-nouvelle-methode-photographique-sur-collodion-donnant-des-epreuves-instantanees-traite-complet-des-divers-procedes\/"]}]},{"@type":"ImageObject","inLanguage":"en-US","@id":"https:\/\/clavreuil-wordpress.logiciel-arteo.fr\/en\/brebisson-alphonse-de-nouvelle-methode-photographique-sur-collodion-donnant-des-epreuves-instantanees-traite-complet-des-divers-procedes\/#primaryimage","url":"https:\/\/clavreuil-wordpress.logiciel-arteo.fr\/wp-content\/uploads\/2024\/04\/alphonse-de-brebisson-nouvelle-methode-photographique-sur-collodion-donnant-des-epreuves-instantanees-traite-complet-des-divers-procedes-7821-65b93227-scaled.jpg","contentUrl":"https:\/\/clavreuil-wordpress.logiciel-arteo.fr\/wp-content\/uploads\/2024\/04\/alphonse-de-brebisson-nouvelle-methode-photographique-sur-collodion-donnant-des-epreuves-instantanees-traite-complet-des-divers-procedes-7821-65b93227-scaled.jpg","width":1780,"height":2560},{"@type":"BreadcrumbList","@id":"https:\/\/clavreuil-wordpress.logiciel-arteo.fr\/en\/brebisson-alphonse-de-nouvelle-methode-photographique-sur-collodion-donnant-des-epreuves-instantanees-traite-complet-des-divers-procedes\/#breadcrumb","itemListElement":[{"@type":"ListItem","position":1,"name":"Accueil","item":"https:\/\/clavreuil-wordpress.logiciel-arteo.fr\/"},{"@type":"ListItem","position":2,"name":"All our books","item":"https:\/\/clavreuil-wordpress.logiciel-arteo.fr\/en\/all-our-books\/"},{"@type":"ListItem","position":3,"name":"BR\u00c9BISSON Alphonse de Nouvelle m\u00e9thode photographique sur collodion..."}]},{"@type":"WebSite","@id":"https:\/\/clavreuil-wordpress.logiciel-arteo.fr\/#website","url":"https:\/\/clavreuil-wordpress.logiciel-arteo.fr\/","name":"Libairie Clavreuil","description":"","publisher":{"@id":"https:\/\/clavreuil-wordpress.logiciel-arteo.fr\/#organization"},"potentialAction":[{"@type":"SearchAction","target":{"@type":"EntryPoint","urlTemplate":"https:\/\/clavreuil-wordpress.logiciel-arteo.fr\/?s={search_term_string}"},"query-input":{"@type":"PropertyValueSpecification","valueRequired":true,"valueName":"search_term_string"}}],"inLanguage":"en-US"},{"@type":"Organization","@id":"https:\/\/clavreuil-wordpress.logiciel-arteo.fr\/#organization","name":"Libairie Clavreuil","url":"https:\/\/clavreuil-wordpress.logiciel-arteo.fr\/","logo":{"@type":"ImageObject","inLanguage":"en-US","@id":"https:\/\/clavreuil-wordpress.logiciel-arteo.fr\/#\/schema\/logo\/image\/","url":"https:\/\/clavreuil-wordpress.logiciel-arteo.fr\/wp-content\/uploads\/2021\/05\/LOGO_PNG_DATE-_gold.png","contentUrl":"https:\/\/clavreuil-wordpress.logiciel-arteo.fr\/wp-content\/uploads\/2021\/05\/LOGO_PNG_DATE-_gold.png","width":2083,"height":1917,"caption":"Libairie Clavreuil"},"image":{"@id":"https:\/\/clavreuil-wordpress.logiciel-arteo.fr\/#\/schema\/logo\/image\/"}}]}},"_links":{"self":[{"href":"https:\/\/clavreuil-wordpress.logiciel-arteo.fr\/en\/wp-json\/wp\/v2\/product\/74433","targetHints":{"allow":["GET"]}}],"collection":[{"href":"https:\/\/clavreuil-wordpress.logiciel-arteo.fr\/en\/wp-json\/wp\/v2\/product"}],"about":[{"href":"https:\/\/clavreuil-wordpress.logiciel-arteo.fr\/en\/wp-json\/wp\/v2\/types\/product"}],"replies":[{"embeddable":true,"href":"https:\/\/clavreuil-wordpress.logiciel-arteo.fr\/en\/wp-json\/wp\/v2\/comments?post=74433"}],"wp:featuredmedia":[{"embeddable":true,"href":"https:\/\/clavreuil-wordpress.logiciel-arteo.fr\/en\/wp-json\/wp\/v2\/media\/74426"}],"wp:attachment":[{"href":"https:\/\/clavreuil-wordpress.logiciel-arteo.fr\/en\/wp-json\/wp\/v2\/media?parent=74433"}],"wp:term":[{"taxonomy":"product_brand","embeddable":true,"href":"https:\/\/clavreuil-wordpress.logiciel-arteo.fr\/en\/wp-json\/wp\/v2\/product_brand?post=74433"},{"taxonomy":"product_cat","embeddable":true,"href":"https:\/\/clavreuil-wordpress.logiciel-arteo.fr\/en\/wp-json\/wp\/v2\/product_cat?post=74433"},{"taxonomy":"product_tag","embeddable":true,"href":"https:\/\/clavreuil-wordpress.logiciel-arteo.fr\/en\/wp-json\/wp\/v2\/product_tag?post=74433"}],"curies":[{"name":"wp","href":"https:\/\/api.w.org\/{rel}","templated":true}]}}