{"id":74447,"date":"2024-04-23T16:30:03","date_gmt":"2024-04-23T14:30:03","guid":{"rendered":"https:\/\/clavreuil-wordpress.logiciel-arteo.fr\/estienne-charles-apologie-pour-herodote-ou-traite-de-la-conformite-des-merveilles-anciennes-avec-les-modernes\/"},"modified":"2024-04-23T16:30:37","modified_gmt":"2024-04-23T14:30:37","slug":"estienne-charles-apologie-pour-herodote-ou-traite-de-la-conformite-des-merveilles-anciennes-avec-les-modernes","status":"publish","type":"product","link":"https:\/\/clavreuil-wordpress.logiciel-arteo.fr\/en\/estienne-charles-apologie-pour-herodote-ou-traite-de-la-conformite-des-merveilles-anciennes-avec-les-modernes\/","title":{"rendered":"ESTIENNE Charles Apologie pour H\u00e9rodote. Ou trait\u00e9 de..."},"content":{"rendered":"<p style=\"text-align:justify\"><em>Cohen, I, 364; Renouard, Estienne, 126:7 (note); see Schreiber, Estienne, 161 (for the first edition 1566&nbsp;: &quot;Henri Estienne&rsquo;s most popular book&nbsp;&quot;).<\/em><\/p>\n<p style=\"text-align:justify\">Henri Estienne was the son of Robert Estienne (1503-1559), Francois I&#039;s printer. As a philologist, he wrote the famous Thesaurus Graecae Linguae, published in 1572, and numerous translations of ancient authors. But he was also an ardent defender of the French language against the predominance of Latin and the invasion of Italianisms, with his Traite de la conformit&eacute; du langage francois avec le grec, published in 1569. In his Apologie pour Herodote, Estienne attempted to restore the seriousness and credibility of the historian of Halicarnassus. But, using the text by the author of L&#039;Histoire as a pretext, he also worked as a satirist, mixing in a profusion of anecdotes, sometimes &quot;cynical and bitter&quot;, about his century, and not hesitating, in particular, to make virulent attacks on Catholicism and the people of the Church, whose activities his family, supporters of the Reformation, had to endure. The author was reprimanded by the Council of Geneva for his text and forced to modify certain passages. Despite this, tradition has it that this book, which can be considered a masterpiece of sixteenth-century satirical literature, led to its author being burnt in effigy on the Place de Gr&egrave;ve in Paris. It is one of the earliest criticisms of the works of Rabelais, and Montaigne borrows from it at length in Book I of his Essais. The three allegorical frontispieces, engraved but not signed, denounce the errors of the 16th century.<\/p>\n<p style=\"text-align:justify\">According to Renouard this is the only complete edition of Henri Estienne&#039;s most popular work.<\/p>\n<p style=\"text-align:justify\">&quot;The Apologie pour H&eacute;rodote is one of the first books in which is found criticism of Rabelais&#039; work&quot; (Schreiber).<\/p>\n<p style=\"text-align:justify\">Fine copy, well preserved in it first binding.<\/p>\n","protected":false},"excerpt":{"rendered":"<p>2 in 3 volumes, 12mo (149 x 91 mm) engraved frontispiece, title, XXXVI, XLVIII, 200 pp., 24 nn.ll. for volume I; engraved frontispiece, title, pp. 201-624 for volume II; engraved frontispiece, title, 2 nn.ll., 434 pp. for volume III. Contemporary green morocco, triple gilt filet on covers, flat spines gilt, gilt edges (attributed to Derome).<\/p>\n","protected":false},"featured_media":74440,"comment_status":"open","ping_status":"closed","template":"","meta":{"_acf_changed":false},"product_brand":[],"product_cat":[544],"product_tag":[1245,1267],"class_list":{"0":"post-74447","1":"product","2":"type-product","3":"status-publish","4":"has-post-thumbnail","6":"product_cat-literature","7":"product_tag-18th-century-literature","8":"product_tag-binding","9":"pa_auteur-charles-estienne-2","10":"pa_type-de-livre-printed-book","12":"first","13":"instock","14":"shipping-taxable","15":"purchasable","16":"product-type-simple"},"acf":[],"yoast_head":"<!-- This site is optimized with the Yoast SEO plugin v24.3 - https:\/\/yoast.com\/wordpress\/plugins\/seo\/ -->\n<title>ESTIENNE Charles Apologie pour H\u00e9rodote. Ou trait\u00e9 de la conformit\u00e9 des merveilles anciennes avec les modernes. - Libairie Clavreuil<\/title>\n<meta name=\"robots\" content=\"noindex, follow, max-snippet:-1, max-image-preview:large, max-video-preview:-1\" \/>\n<meta property=\"og:locale\" content=\"en_US\" \/>\n<meta property=\"og:type\" content=\"article\" \/>\n<meta property=\"og:title\" content=\"ESTIENNE Charles Apologie pour H\u00e9rodote. Ou trait\u00e9 de la conformit\u00e9 des merveilles anciennes avec les modernes. - Libairie Clavreuil\" \/>\n<meta property=\"og:description\" content=\"2 in 3 volumes, 12mo (149 x 91 mm) engraved frontispiece, title, XXXVI, XLVIII, 200 pp., 24 nn.ll. for volume I; engraved frontispiece, title, pp. 201-624 for volume II; engraved frontispiece, title, 2 nn.ll., 434 pp. for volume III. Contemporary green morocco, triple gilt filet on covers, flat spines gilt, gilt edges (attributed to Derome).\" \/>\n<meta property=\"og:url\" content=\"https:\/\/clavreuil-wordpress.logiciel-arteo.fr\/en\/estienne-charles-apologie-pour-herodote-ou-traite-de-la-conformite-des-merveilles-anciennes-avec-les-modernes\/\" \/>\n<meta property=\"og:site_name\" content=\"Libairie Clavreuil\" \/>\n<meta property=\"article:modified_time\" content=\"2024-04-23T14:30:37+00:00\" \/>\n<meta property=\"og:image\" content=\"https:\/\/clavreuil-wordpress.logiciel-arteo.fr\/wp-content\/uploads\/2024\/04\/charles-estienne-apologie-pour-herodote-ou-traite-de-la-conformite-des-merveilles-anciennes-avec-les-modernes-4916-65ba585bddb7e-scaled.jpg\" \/>\n\t<meta property=\"og:image:width\" content=\"1920\" \/>\n\t<meta property=\"og:image:height\" content=\"2560\" \/>\n\t<meta property=\"og:image:type\" content=\"image\/jpeg\" \/>\n<meta name=\"twitter:card\" content=\"summary_large_image\" \/>\n<meta name=\"twitter:label1\" content=\"Est. reading time\" \/>\n\t<meta name=\"twitter:data1\" content=\"2 minutes\" \/>\n<script type=\"application\/ld+json\" class=\"yoast-schema-graph\">{\"@context\":\"https:\/\/schema.org\",\"@graph\":[{\"@type\":\"WebPage\",\"@id\":\"https:\/\/clavreuil-wordpress.logiciel-arteo.fr\/en\/estienne-charles-apologie-pour-herodote-ou-traite-de-la-conformite-des-merveilles-anciennes-avec-les-modernes\/\",\"url\":\"https:\/\/clavreuil-wordpress.logiciel-arteo.fr\/en\/estienne-charles-apologie-pour-herodote-ou-traite-de-la-conformite-des-merveilles-anciennes-avec-les-modernes\/\",\"name\":\"ESTIENNE Charles Apologie pour H\u00e9rodote. Ou trait\u00e9 de la conformit\u00e9 des merveilles anciennes avec les modernes. - Libairie Clavreuil\",\"isPartOf\":{\"@id\":\"https:\/\/clavreuil-wordpress.logiciel-arteo.fr\/#website\"},\"primaryImageOfPage\":{\"@id\":\"https:\/\/clavreuil-wordpress.logiciel-arteo.fr\/en\/estienne-charles-apologie-pour-herodote-ou-traite-de-la-conformite-des-merveilles-anciennes-avec-les-modernes\/#primaryimage\"},\"image\":{\"@id\":\"https:\/\/clavreuil-wordpress.logiciel-arteo.fr\/en\/estienne-charles-apologie-pour-herodote-ou-traite-de-la-conformite-des-merveilles-anciennes-avec-les-modernes\/#primaryimage\"},\"thumbnailUrl\":\"https:\/\/clavreuil-wordpress.logiciel-arteo.fr\/wp-content\/uploads\/2024\/04\/charles-estienne-apologie-pour-herodote-ou-traite-de-la-conformite-des-merveilles-anciennes-avec-les-modernes-4916-65ba585bddb7e-scaled.jpg\",\"datePublished\":\"2024-04-23T14:30:03+00:00\",\"dateModified\":\"2024-04-23T14:30:37+00:00\",\"breadcrumb\":{\"@id\":\"https:\/\/clavreuil-wordpress.logiciel-arteo.fr\/en\/estienne-charles-apologie-pour-herodote-ou-traite-de-la-conformite-des-merveilles-anciennes-avec-les-modernes\/#breadcrumb\"},\"inLanguage\":\"en-US\",\"potentialAction\":[{\"@type\":\"ReadAction\",\"target\":[\"https:\/\/clavreuil-wordpress.logiciel-arteo.fr\/en\/estienne-charles-apologie-pour-herodote-ou-traite-de-la-conformite-des-merveilles-anciennes-avec-les-modernes\/\"]}]},{\"@type\":\"ImageObject\",\"inLanguage\":\"en-US\",\"@id\":\"https:\/\/clavreuil-wordpress.logiciel-arteo.fr\/en\/estienne-charles-apologie-pour-herodote-ou-traite-de-la-conformite-des-merveilles-anciennes-avec-les-modernes\/#primaryimage\",\"url\":\"https:\/\/clavreuil-wordpress.logiciel-arteo.fr\/wp-content\/uploads\/2024\/04\/charles-estienne-apologie-pour-herodote-ou-traite-de-la-conformite-des-merveilles-anciennes-avec-les-modernes-4916-65ba585bddb7e-scaled.jpg\",\"contentUrl\":\"https:\/\/clavreuil-wordpress.logiciel-arteo.fr\/wp-content\/uploads\/2024\/04\/charles-estienne-apologie-pour-herodote-ou-traite-de-la-conformite-des-merveilles-anciennes-avec-les-modernes-4916-65ba585bddb7e-scaled.jpg\",\"width\":1920,\"height\":2560},{\"@type\":\"BreadcrumbList\",\"@id\":\"https:\/\/clavreuil-wordpress.logiciel-arteo.fr\/en\/estienne-charles-apologie-pour-herodote-ou-traite-de-la-conformite-des-merveilles-anciennes-avec-les-modernes\/#breadcrumb\",\"itemListElement\":[{\"@type\":\"ListItem\",\"position\":1,\"name\":\"Accueil\",\"item\":\"https:\/\/clavreuil-wordpress.logiciel-arteo.fr\/\"},{\"@type\":\"ListItem\",\"position\":2,\"name\":\"All our books\",\"item\":\"https:\/\/clavreuil-wordpress.logiciel-arteo.fr\/en\/all-our-books\/\"},{\"@type\":\"ListItem\",\"position\":3,\"name\":\"ESTIENNE Charles Apologie pour H\u00e9rodote. Ou trait\u00e9 de...\"}]},{\"@type\":\"WebSite\",\"@id\":\"https:\/\/clavreuil-wordpress.logiciel-arteo.fr\/#website\",\"url\":\"https:\/\/clavreuil-wordpress.logiciel-arteo.fr\/\",\"name\":\"Libairie Clavreuil\",\"description\":\"\",\"publisher\":{\"@id\":\"https:\/\/clavreuil-wordpress.logiciel-arteo.fr\/#organization\"},\"potentialAction\":[{\"@type\":\"SearchAction\",\"target\":{\"@type\":\"EntryPoint\",\"urlTemplate\":\"https:\/\/clavreuil-wordpress.logiciel-arteo.fr\/?s={search_term_string}\"},\"query-input\":{\"@type\":\"PropertyValueSpecification\",\"valueRequired\":true,\"valueName\":\"search_term_string\"}}],\"inLanguage\":\"en-US\"},{\"@type\":\"Organization\",\"@id\":\"https:\/\/clavreuil-wordpress.logiciel-arteo.fr\/#organization\",\"name\":\"Libairie Clavreuil\",\"url\":\"https:\/\/clavreuil-wordpress.logiciel-arteo.fr\/\",\"logo\":{\"@type\":\"ImageObject\",\"inLanguage\":\"en-US\",\"@id\":\"https:\/\/clavreuil-wordpress.logiciel-arteo.fr\/#\/schema\/logo\/image\/\",\"url\":\"https:\/\/clavreuil-wordpress.logiciel-arteo.fr\/wp-content\/uploads\/2021\/05\/LOGO_PNG_DATE-_gold.png\",\"contentUrl\":\"https:\/\/clavreuil-wordpress.logiciel-arteo.fr\/wp-content\/uploads\/2021\/05\/LOGO_PNG_DATE-_gold.png\",\"width\":2083,\"height\":1917,\"caption\":\"Libairie Clavreuil\"},\"image\":{\"@id\":\"https:\/\/clavreuil-wordpress.logiciel-arteo.fr\/#\/schema\/logo\/image\/\"}}]}<\/script>\n<!-- \/ Yoast SEO plugin. -->","yoast_head_json":{"title":"ESTIENNE Charles Apologie pour H\u00e9rodote. Ou trait\u00e9 de la conformit\u00e9 des merveilles anciennes avec les modernes. - Libairie Clavreuil","robots":{"index":"noindex","follow":"follow","max-snippet":"max-snippet:-1","max-image-preview":"max-image-preview:large","max-video-preview":"max-video-preview:-1"},"og_locale":"en_US","og_type":"article","og_title":"ESTIENNE Charles Apologie pour H\u00e9rodote. Ou trait\u00e9 de la conformit\u00e9 des merveilles anciennes avec les modernes. - Libairie Clavreuil","og_description":"2 in 3 volumes, 12mo (149 x 91 mm) engraved frontispiece, title, XXXVI, XLVIII, 200 pp., 24 nn.ll. for volume I; engraved frontispiece, title, pp. 201-624 for volume II; engraved frontispiece, title, 2 nn.ll., 434 pp. for volume III. Contemporary green morocco, triple gilt filet on covers, flat spines gilt, gilt edges (attributed to Derome).","og_url":"https:\/\/clavreuil-wordpress.logiciel-arteo.fr\/en\/estienne-charles-apologie-pour-herodote-ou-traite-de-la-conformite-des-merveilles-anciennes-avec-les-modernes\/","og_site_name":"Libairie Clavreuil","article_modified_time":"2024-04-23T14:30:37+00:00","og_image":[{"width":1920,"height":2560,"url":"https:\/\/clavreuil-wordpress.logiciel-arteo.fr\/wp-content\/uploads\/2024\/04\/charles-estienne-apologie-pour-herodote-ou-traite-de-la-conformite-des-merveilles-anciennes-avec-les-modernes-4916-65ba585bddb7e-scaled.jpg","type":"image\/jpeg"}],"twitter_card":"summary_large_image","twitter_misc":{"Est. reading time":"2 minutes"},"schema":{"@context":"https:\/\/schema.org","@graph":[{"@type":"WebPage","@id":"https:\/\/clavreuil-wordpress.logiciel-arteo.fr\/en\/estienne-charles-apologie-pour-herodote-ou-traite-de-la-conformite-des-merveilles-anciennes-avec-les-modernes\/","url":"https:\/\/clavreuil-wordpress.logiciel-arteo.fr\/en\/estienne-charles-apologie-pour-herodote-ou-traite-de-la-conformite-des-merveilles-anciennes-avec-les-modernes\/","name":"ESTIENNE Charles Apologie pour H\u00e9rodote. Ou trait\u00e9 de la conformit\u00e9 des merveilles anciennes avec les modernes. - Libairie Clavreuil","isPartOf":{"@id":"https:\/\/clavreuil-wordpress.logiciel-arteo.fr\/#website"},"primaryImageOfPage":{"@id":"https:\/\/clavreuil-wordpress.logiciel-arteo.fr\/en\/estienne-charles-apologie-pour-herodote-ou-traite-de-la-conformite-des-merveilles-anciennes-avec-les-modernes\/#primaryimage"},"image":{"@id":"https:\/\/clavreuil-wordpress.logiciel-arteo.fr\/en\/estienne-charles-apologie-pour-herodote-ou-traite-de-la-conformite-des-merveilles-anciennes-avec-les-modernes\/#primaryimage"},"thumbnailUrl":"https:\/\/clavreuil-wordpress.logiciel-arteo.fr\/wp-content\/uploads\/2024\/04\/charles-estienne-apologie-pour-herodote-ou-traite-de-la-conformite-des-merveilles-anciennes-avec-les-modernes-4916-65ba585bddb7e-scaled.jpg","datePublished":"2024-04-23T14:30:03+00:00","dateModified":"2024-04-23T14:30:37+00:00","breadcrumb":{"@id":"https:\/\/clavreuil-wordpress.logiciel-arteo.fr\/en\/estienne-charles-apologie-pour-herodote-ou-traite-de-la-conformite-des-merveilles-anciennes-avec-les-modernes\/#breadcrumb"},"inLanguage":"en-US","potentialAction":[{"@type":"ReadAction","target":["https:\/\/clavreuil-wordpress.logiciel-arteo.fr\/en\/estienne-charles-apologie-pour-herodote-ou-traite-de-la-conformite-des-merveilles-anciennes-avec-les-modernes\/"]}]},{"@type":"ImageObject","inLanguage":"en-US","@id":"https:\/\/clavreuil-wordpress.logiciel-arteo.fr\/en\/estienne-charles-apologie-pour-herodote-ou-traite-de-la-conformite-des-merveilles-anciennes-avec-les-modernes\/#primaryimage","url":"https:\/\/clavreuil-wordpress.logiciel-arteo.fr\/wp-content\/uploads\/2024\/04\/charles-estienne-apologie-pour-herodote-ou-traite-de-la-conformite-des-merveilles-anciennes-avec-les-modernes-4916-65ba585bddb7e-scaled.jpg","contentUrl":"https:\/\/clavreuil-wordpress.logiciel-arteo.fr\/wp-content\/uploads\/2024\/04\/charles-estienne-apologie-pour-herodote-ou-traite-de-la-conformite-des-merveilles-anciennes-avec-les-modernes-4916-65ba585bddb7e-scaled.jpg","width":1920,"height":2560},{"@type":"BreadcrumbList","@id":"https:\/\/clavreuil-wordpress.logiciel-arteo.fr\/en\/estienne-charles-apologie-pour-herodote-ou-traite-de-la-conformite-des-merveilles-anciennes-avec-les-modernes\/#breadcrumb","itemListElement":[{"@type":"ListItem","position":1,"name":"Accueil","item":"https:\/\/clavreuil-wordpress.logiciel-arteo.fr\/"},{"@type":"ListItem","position":2,"name":"All our books","item":"https:\/\/clavreuil-wordpress.logiciel-arteo.fr\/en\/all-our-books\/"},{"@type":"ListItem","position":3,"name":"ESTIENNE Charles Apologie pour H\u00e9rodote. Ou trait\u00e9 de..."}]},{"@type":"WebSite","@id":"https:\/\/clavreuil-wordpress.logiciel-arteo.fr\/#website","url":"https:\/\/clavreuil-wordpress.logiciel-arteo.fr\/","name":"Libairie Clavreuil","description":"","publisher":{"@id":"https:\/\/clavreuil-wordpress.logiciel-arteo.fr\/#organization"},"potentialAction":[{"@type":"SearchAction","target":{"@type":"EntryPoint","urlTemplate":"https:\/\/clavreuil-wordpress.logiciel-arteo.fr\/?s={search_term_string}"},"query-input":{"@type":"PropertyValueSpecification","valueRequired":true,"valueName":"search_term_string"}}],"inLanguage":"en-US"},{"@type":"Organization","@id":"https:\/\/clavreuil-wordpress.logiciel-arteo.fr\/#organization","name":"Libairie Clavreuil","url":"https:\/\/clavreuil-wordpress.logiciel-arteo.fr\/","logo":{"@type":"ImageObject","inLanguage":"en-US","@id":"https:\/\/clavreuil-wordpress.logiciel-arteo.fr\/#\/schema\/logo\/image\/","url":"https:\/\/clavreuil-wordpress.logiciel-arteo.fr\/wp-content\/uploads\/2021\/05\/LOGO_PNG_DATE-_gold.png","contentUrl":"https:\/\/clavreuil-wordpress.logiciel-arteo.fr\/wp-content\/uploads\/2021\/05\/LOGO_PNG_DATE-_gold.png","width":2083,"height":1917,"caption":"Libairie Clavreuil"},"image":{"@id":"https:\/\/clavreuil-wordpress.logiciel-arteo.fr\/#\/schema\/logo\/image\/"}}]}},"_links":{"self":[{"href":"https:\/\/clavreuil-wordpress.logiciel-arteo.fr\/en\/wp-json\/wp\/v2\/product\/74447","targetHints":{"allow":["GET"]}}],"collection":[{"href":"https:\/\/clavreuil-wordpress.logiciel-arteo.fr\/en\/wp-json\/wp\/v2\/product"}],"about":[{"href":"https:\/\/clavreuil-wordpress.logiciel-arteo.fr\/en\/wp-json\/wp\/v2\/types\/product"}],"replies":[{"embeddable":true,"href":"https:\/\/clavreuil-wordpress.logiciel-arteo.fr\/en\/wp-json\/wp\/v2\/comments?post=74447"}],"wp:featuredmedia":[{"embeddable":true,"href":"https:\/\/clavreuil-wordpress.logiciel-arteo.fr\/en\/wp-json\/wp\/v2\/media\/74440"}],"wp:attachment":[{"href":"https:\/\/clavreuil-wordpress.logiciel-arteo.fr\/en\/wp-json\/wp\/v2\/media?parent=74447"}],"wp:term":[{"taxonomy":"product_brand","embeddable":true,"href":"https:\/\/clavreuil-wordpress.logiciel-arteo.fr\/en\/wp-json\/wp\/v2\/product_brand?post=74447"},{"taxonomy":"product_cat","embeddable":true,"href":"https:\/\/clavreuil-wordpress.logiciel-arteo.fr\/en\/wp-json\/wp\/v2\/product_cat?post=74447"},{"taxonomy":"product_tag","embeddable":true,"href":"https:\/\/clavreuil-wordpress.logiciel-arteo.fr\/en\/wp-json\/wp\/v2\/product_tag?post=74447"}],"curies":[{"name":"wp","href":"https:\/\/api.w.org\/{rel}","templated":true}]}}