{"id":74473,"date":"2024-04-23T16:32:44","date_gmt":"2024-04-23T14:32:44","guid":{"rendered":"https:\/\/clavreuil-wordpress.logiciel-arteo.fr\/napoleon-lhymen-et-la-naissance-ou-poesies-en-lhonneur-de-leurs-majestes-imperiales-et-royales-recueil-de-poesies-pour-la-naissance-du-roi-de-rome\/"},"modified":"2024-04-23T16:33:16","modified_gmt":"2024-04-23T14:33:16","slug":"napoleon-lhymen-et-la-naissance-ou-poesies-en-lhonneur-de-leurs-majestes-imperiales-et-royales-recueil-de-poesies-pour-la-naissance-du-roi-de-rome","status":"publish","type":"product","link":"https:\/\/clavreuil-wordpress.logiciel-arteo.fr\/en\/napoleon-lhymen-et-la-naissance-ou-poesies-en-lhonneur-de-leurs-majestes-imperiales-et-royales-recueil-de-poesies-pour-la-naissance-du-roi-de-rome\/","title":{"rendered":"NAPOLEON L&#8217;Hymen et la naissance, ou Po\u00e9sies en..."},"content":{"rendered":"<p style=\"text-align:justify\">First collective edition of these poems composed to celebrate the marriage of Emperor Napoleon and the birth of the King of Rome.<\/p>\n<p style=\"text-align:justify\">The authors include Charles Joseph Loeillard d&rsquo;Avrigny (1760-1823), Antoine-Vincent Arnault (1766-1834), Charles-Hubert Millevoye (1782-1816), Pierre Marie Fran&ccedil;ois Louis Baour-Lormian (1770-1854), Alexandre Soumet (1788-1845), or even Casimir Delavigne (1793-1843).<\/p>\n<p style=\"text-align:justify\">A large paper copy on wove paper, complete with the two frontispieces after Anne-Louis Girodet Trioson, which are only found in copies of the deluxe issue.<\/p>\n<p style=\"text-align:justify\">The choice of Anne-Louis Girodet for the frontispiece is a logical one. In 1801, Girodet produced <em>L&#039;Apoth&eacute;ose des h&eacute;ros fran&ccedil;ais morts pour la patrie pendant la guerre de la Libert&eacute;<\/em> (The Apotheosis of French Heroes Who Died for Their Homeland During the War of Liberty). This work, commissioned by Napoleon to decorate the Ch&acirc;teau de la Malmaison, is a tribute to his generals who died during his campaigns. They are welcomed to Paradise by the mythological character Ossian, who was very much in vogue at the turn of the century. Although the design of the frontispiece is much simpler, it nevertheless invites us to contemplate the grandeur of the empire.<\/p>\n<p style=\"text-align:justify\">Napoleon appears as a Caesar, wearing a number of regalia such as a sword, a sceptre and the great orb at his feet. All of this is accompanied by a strong religious iconography, reinforced by the Chrism, the monogram of Christ placed on the altar at the centre of the illustration.<\/p>\n<p style=\"text-align:justify\">Occasional foxing, else a fine copy, well preserved in an elegant binding by Boz&eacute;rian.<\/p>\n<p style=\"text-align:justify\">Provenance : Henri Beraldi (book plate, sale III, lot 226)<\/p>\n","protected":false},"excerpt":{"rendered":"<p style=\"text-align:justify\">2 parties en un volume in-8 (224 x 141 mm) d&#039;un frontispice grav&eacute; par Laugier d&#039;apr&egrave;s Girodet, 4 ff.n.ch. dont le faux-titre et le feuillet de d&eacute;dicace au roi de Rome par Arnault, 181 pp., frontispice grav&eacute; par Laugier d&#039;apr&egrave;s Girodet, pp. [183]-377, 3 ff.n.ch. dont le dernier blanc. Maroquin bleu nuit &agrave; long grain, large roulette dor&eacute;e d&#039;encadrement, dos &agrave; nerfs orn&eacute;, frise dor&eacute;e int&eacute;rieure, tranches dor&eacute;es (<em>Rel.P.Boz&eacute;rian Jeune<\/em>).<\/p>\n","protected":false},"featured_media":74466,"comment_status":"open","ping_status":"closed","template":"","meta":{"_acf_changed":false},"product_brand":[],"product_cat":[544],"product_tag":[598,1450,1518,1478],"class_list":{"0":"post-74473","1":"product","2":"type-product","3":"status-publish","4":"has-post-thumbnail","6":"product_cat-literature","7":"product_tag-19th-century-literature","8":"product_tag-first-edition","9":"product_tag-large-paper","10":"product_tag-poetry","11":"pa_auteur-napoleon-2","12":"pa_type-de-livre-printed-book","14":"first","15":"instock","16":"shipping-taxable","17":"purchasable","18":"product-type-simple"},"acf":[],"yoast_head":"<!-- This site is optimized with the Yoast SEO plugin v24.3 - https:\/\/yoast.com\/wordpress\/plugins\/seo\/ -->\n<title>NAPOLEON  L&#039;Hymen et la naissance, ou Po\u00e9sies en l&#039;honneur de leurs majest\u00e9s imp\u00e9riales et royales.- Recueil de po\u00e9sies pour la naissance du Roi de Rome. - Libairie Clavreuil<\/title>\n<meta name=\"robots\" content=\"noindex, follow, max-snippet:-1, max-image-preview:large, max-video-preview:-1\" \/>\n<meta property=\"og:locale\" content=\"en_US\" \/>\n<meta property=\"og:type\" content=\"article\" \/>\n<meta property=\"og:title\" content=\"NAPOLEON  L&#039;Hymen et la naissance, ou Po\u00e9sies en l&#039;honneur de leurs majest\u00e9s imp\u00e9riales et royales.- Recueil de po\u00e9sies pour la naissance du Roi de Rome. - Libairie Clavreuil\" \/>\n<meta property=\"og:description\" content=\"2 parties en un volume in-8 (224 x 141 mm) d&#039;un frontispice grav&eacute; par Laugier d&#039;apr&egrave;s Girodet, 4 ff.n.ch. dont le faux-titre et le feuillet de d&eacute;dicace au roi de Rome par Arnault, 181 pp., frontispice grav&eacute; par Laugier d&#039;apr&egrave;s Girodet, pp. [183]-377, 3 ff.n.ch. dont le dernier blanc. Maroquin bleu nuit &agrave; long grain, large roulette dor&eacute;e d&#039;encadrement, dos &agrave; nerfs orn&eacute;, frise dor&eacute;e int&eacute;rieure, tranches dor&eacute;es (Rel.P.Boz&eacute;rian Jeune).\" \/>\n<meta property=\"og:url\" content=\"https:\/\/clavreuil-wordpress.logiciel-arteo.fr\/en\/napoleon-lhymen-et-la-naissance-ou-poesies-en-lhonneur-de-leurs-majestes-imperiales-et-royales-recueil-de-poesies-pour-la-naissance-du-roi-de-rome\/\" \/>\n<meta property=\"og:site_name\" content=\"Libairie Clavreuil\" \/>\n<meta property=\"article:modified_time\" content=\"2024-04-23T14:33:16+00:00\" \/>\n<meta property=\"og:image\" content=\"https:\/\/clavreuil-wordpress.logiciel-arteo.fr\/wp-content\/uploads\/2024\/04\/napoleon-l-hymen-et-la-naissance-ou-poesies-en-l-honneur-de-leurs-majestes-imperiales-et-royales-recueil-de-poesies-pour-la-naissance-du-roi-de-rome-7.jpg\" \/>\n\t<meta property=\"og:image:width\" content=\"1461\" \/>\n\t<meta property=\"og:image:height\" content=\"1943\" \/>\n\t<meta property=\"og:image:type\" content=\"image\/jpeg\" \/>\n<meta name=\"twitter:card\" content=\"summary_large_image\" \/>\n<meta name=\"twitter:label1\" content=\"Est. reading time\" \/>\n\t<meta name=\"twitter:data1\" content=\"1 minute\" \/>\n<script type=\"application\/ld+json\" class=\"yoast-schema-graph\">{\"@context\":\"https:\/\/schema.org\",\"@graph\":[{\"@type\":\"WebPage\",\"@id\":\"https:\/\/clavreuil-wordpress.logiciel-arteo.fr\/en\/napoleon-lhymen-et-la-naissance-ou-poesies-en-lhonneur-de-leurs-majestes-imperiales-et-royales-recueil-de-poesies-pour-la-naissance-du-roi-de-rome\/\",\"url\":\"https:\/\/clavreuil-wordpress.logiciel-arteo.fr\/en\/napoleon-lhymen-et-la-naissance-ou-poesies-en-lhonneur-de-leurs-majestes-imperiales-et-royales-recueil-de-poesies-pour-la-naissance-du-roi-de-rome\/\",\"name\":\"NAPOLEON L'Hymen et la naissance, ou Po\u00e9sies en l'honneur de leurs majest\u00e9s imp\u00e9riales et royales.- Recueil de po\u00e9sies pour la naissance du Roi de Rome. - Libairie Clavreuil\",\"isPartOf\":{\"@id\":\"https:\/\/clavreuil-wordpress.logiciel-arteo.fr\/#website\"},\"primaryImageOfPage\":{\"@id\":\"https:\/\/clavreuil-wordpress.logiciel-arteo.fr\/en\/napoleon-lhymen-et-la-naissance-ou-poesies-en-lhonneur-de-leurs-majestes-imperiales-et-royales-recueil-de-poesies-pour-la-naissance-du-roi-de-rome\/#primaryimage\"},\"image\":{\"@id\":\"https:\/\/clavreuil-wordpress.logiciel-arteo.fr\/en\/napoleon-lhymen-et-la-naissance-ou-poesies-en-lhonneur-de-leurs-majestes-imperiales-et-royales-recueil-de-poesies-pour-la-naissance-du-roi-de-rome\/#primaryimage\"},\"thumbnailUrl\":\"https:\/\/clavreuil-wordpress.logiciel-arteo.fr\/wp-content\/uploads\/2024\/04\/napoleon-l-hymen-et-la-naissance-ou-poesies-en-l-honneur-de-leurs-majestes-imperiales-et-royales-recueil-de-poesies-pour-la-naissance-du-roi-de-rome-7.jpg\",\"datePublished\":\"2024-04-23T14:32:44+00:00\",\"dateModified\":\"2024-04-23T14:33:16+00:00\",\"breadcrumb\":{\"@id\":\"https:\/\/clavreuil-wordpress.logiciel-arteo.fr\/en\/napoleon-lhymen-et-la-naissance-ou-poesies-en-lhonneur-de-leurs-majestes-imperiales-et-royales-recueil-de-poesies-pour-la-naissance-du-roi-de-rome\/#breadcrumb\"},\"inLanguage\":\"en-US\",\"potentialAction\":[{\"@type\":\"ReadAction\",\"target\":[\"https:\/\/clavreuil-wordpress.logiciel-arteo.fr\/en\/napoleon-lhymen-et-la-naissance-ou-poesies-en-lhonneur-de-leurs-majestes-imperiales-et-royales-recueil-de-poesies-pour-la-naissance-du-roi-de-rome\/\"]}]},{\"@type\":\"ImageObject\",\"inLanguage\":\"en-US\",\"@id\":\"https:\/\/clavreuil-wordpress.logiciel-arteo.fr\/en\/napoleon-lhymen-et-la-naissance-ou-poesies-en-lhonneur-de-leurs-majestes-imperiales-et-royales-recueil-de-poesies-pour-la-naissance-du-roi-de-rome\/#primaryimage\",\"url\":\"https:\/\/clavreuil-wordpress.logiciel-arteo.fr\/wp-content\/uploads\/2024\/04\/napoleon-l-hymen-et-la-naissance-ou-poesies-en-l-honneur-de-leurs-majestes-imperiales-et-royales-recueil-de-poesies-pour-la-naissance-du-roi-de-rome-7.jpg\",\"contentUrl\":\"https:\/\/clavreuil-wordpress.logiciel-arteo.fr\/wp-content\/uploads\/2024\/04\/napoleon-l-hymen-et-la-naissance-ou-poesies-en-l-honneur-de-leurs-majestes-imperiales-et-royales-recueil-de-poesies-pour-la-naissance-du-roi-de-rome-7.jpg\",\"width\":1461,\"height\":1943},{\"@type\":\"BreadcrumbList\",\"@id\":\"https:\/\/clavreuil-wordpress.logiciel-arteo.fr\/en\/napoleon-lhymen-et-la-naissance-ou-poesies-en-lhonneur-de-leurs-majestes-imperiales-et-royales-recueil-de-poesies-pour-la-naissance-du-roi-de-rome\/#breadcrumb\",\"itemListElement\":[{\"@type\":\"ListItem\",\"position\":1,\"name\":\"Accueil\",\"item\":\"https:\/\/clavreuil-wordpress.logiciel-arteo.fr\/\"},{\"@type\":\"ListItem\",\"position\":2,\"name\":\"All our books\",\"item\":\"https:\/\/clavreuil-wordpress.logiciel-arteo.fr\/en\/all-our-books\/\"},{\"@type\":\"ListItem\",\"position\":3,\"name\":\"NAPOLEON L&#8217;Hymen et la naissance, ou Po\u00e9sies en...\"}]},{\"@type\":\"WebSite\",\"@id\":\"https:\/\/clavreuil-wordpress.logiciel-arteo.fr\/#website\",\"url\":\"https:\/\/clavreuil-wordpress.logiciel-arteo.fr\/\",\"name\":\"Libairie Clavreuil\",\"description\":\"\",\"publisher\":{\"@id\":\"https:\/\/clavreuil-wordpress.logiciel-arteo.fr\/#organization\"},\"potentialAction\":[{\"@type\":\"SearchAction\",\"target\":{\"@type\":\"EntryPoint\",\"urlTemplate\":\"https:\/\/clavreuil-wordpress.logiciel-arteo.fr\/?s={search_term_string}\"},\"query-input\":{\"@type\":\"PropertyValueSpecification\",\"valueRequired\":true,\"valueName\":\"search_term_string\"}}],\"inLanguage\":\"en-US\"},{\"@type\":\"Organization\",\"@id\":\"https:\/\/clavreuil-wordpress.logiciel-arteo.fr\/#organization\",\"name\":\"Libairie Clavreuil\",\"url\":\"https:\/\/clavreuil-wordpress.logiciel-arteo.fr\/\",\"logo\":{\"@type\":\"ImageObject\",\"inLanguage\":\"en-US\",\"@id\":\"https:\/\/clavreuil-wordpress.logiciel-arteo.fr\/#\/schema\/logo\/image\/\",\"url\":\"https:\/\/clavreuil-wordpress.logiciel-arteo.fr\/wp-content\/uploads\/2021\/05\/LOGO_PNG_DATE-_gold.png\",\"contentUrl\":\"https:\/\/clavreuil-wordpress.logiciel-arteo.fr\/wp-content\/uploads\/2021\/05\/LOGO_PNG_DATE-_gold.png\",\"width\":2083,\"height\":1917,\"caption\":\"Libairie Clavreuil\"},\"image\":{\"@id\":\"https:\/\/clavreuil-wordpress.logiciel-arteo.fr\/#\/schema\/logo\/image\/\"}}]}<\/script>\n<!-- \/ Yoast SEO plugin. -->","yoast_head_json":{"title":"NAPOLEON  L'Hymen et la naissance, ou Po\u00e9sies en l'honneur de leurs majest\u00e9s imp\u00e9riales et royales.- Recueil de po\u00e9sies pour la naissance du Roi de Rome. - Libairie Clavreuil","robots":{"index":"noindex","follow":"follow","max-snippet":"max-snippet:-1","max-image-preview":"max-image-preview:large","max-video-preview":"max-video-preview:-1"},"og_locale":"en_US","og_type":"article","og_title":"NAPOLEON  L'Hymen et la naissance, ou Po\u00e9sies en l'honneur de leurs majest\u00e9s imp\u00e9riales et royales.- Recueil de po\u00e9sies pour la naissance du Roi de Rome. - Libairie Clavreuil","og_description":"2 parties en un volume in-8 (224 x 141 mm) d&#039;un frontispice grav&eacute; par Laugier d&#039;apr&egrave;s Girodet, 4 ff.n.ch. dont le faux-titre et le feuillet de d&eacute;dicace au roi de Rome par Arnault, 181 pp., frontispice grav&eacute; par Laugier d&#039;apr&egrave;s Girodet, pp. [183]-377, 3 ff.n.ch. dont le dernier blanc. Maroquin bleu nuit &agrave; long grain, large roulette dor&eacute;e d&#039;encadrement, dos &agrave; nerfs orn&eacute;, frise dor&eacute;e int&eacute;rieure, tranches dor&eacute;es (Rel.P.Boz&eacute;rian Jeune).","og_url":"https:\/\/clavreuil-wordpress.logiciel-arteo.fr\/en\/napoleon-lhymen-et-la-naissance-ou-poesies-en-lhonneur-de-leurs-majestes-imperiales-et-royales-recueil-de-poesies-pour-la-naissance-du-roi-de-rome\/","og_site_name":"Libairie Clavreuil","article_modified_time":"2024-04-23T14:33:16+00:00","og_image":[{"width":1461,"height":1943,"url":"https:\/\/clavreuil-wordpress.logiciel-arteo.fr\/wp-content\/uploads\/2024\/04\/napoleon-l-hymen-et-la-naissance-ou-poesies-en-l-honneur-de-leurs-majestes-imperiales-et-royales-recueil-de-poesies-pour-la-naissance-du-roi-de-rome-7.jpg","type":"image\/jpeg"}],"twitter_card":"summary_large_image","twitter_misc":{"Est. reading time":"1 minute"},"schema":{"@context":"https:\/\/schema.org","@graph":[{"@type":"WebPage","@id":"https:\/\/clavreuil-wordpress.logiciel-arteo.fr\/en\/napoleon-lhymen-et-la-naissance-ou-poesies-en-lhonneur-de-leurs-majestes-imperiales-et-royales-recueil-de-poesies-pour-la-naissance-du-roi-de-rome\/","url":"https:\/\/clavreuil-wordpress.logiciel-arteo.fr\/en\/napoleon-lhymen-et-la-naissance-ou-poesies-en-lhonneur-de-leurs-majestes-imperiales-et-royales-recueil-de-poesies-pour-la-naissance-du-roi-de-rome\/","name":"NAPOLEON L'Hymen et la naissance, ou Po\u00e9sies en l'honneur de leurs majest\u00e9s imp\u00e9riales et royales.- Recueil de po\u00e9sies pour la naissance du Roi de Rome. - Libairie Clavreuil","isPartOf":{"@id":"https:\/\/clavreuil-wordpress.logiciel-arteo.fr\/#website"},"primaryImageOfPage":{"@id":"https:\/\/clavreuil-wordpress.logiciel-arteo.fr\/en\/napoleon-lhymen-et-la-naissance-ou-poesies-en-lhonneur-de-leurs-majestes-imperiales-et-royales-recueil-de-poesies-pour-la-naissance-du-roi-de-rome\/#primaryimage"},"image":{"@id":"https:\/\/clavreuil-wordpress.logiciel-arteo.fr\/en\/napoleon-lhymen-et-la-naissance-ou-poesies-en-lhonneur-de-leurs-majestes-imperiales-et-royales-recueil-de-poesies-pour-la-naissance-du-roi-de-rome\/#primaryimage"},"thumbnailUrl":"https:\/\/clavreuil-wordpress.logiciel-arteo.fr\/wp-content\/uploads\/2024\/04\/napoleon-l-hymen-et-la-naissance-ou-poesies-en-l-honneur-de-leurs-majestes-imperiales-et-royales-recueil-de-poesies-pour-la-naissance-du-roi-de-rome-7.jpg","datePublished":"2024-04-23T14:32:44+00:00","dateModified":"2024-04-23T14:33:16+00:00","breadcrumb":{"@id":"https:\/\/clavreuil-wordpress.logiciel-arteo.fr\/en\/napoleon-lhymen-et-la-naissance-ou-poesies-en-lhonneur-de-leurs-majestes-imperiales-et-royales-recueil-de-poesies-pour-la-naissance-du-roi-de-rome\/#breadcrumb"},"inLanguage":"en-US","potentialAction":[{"@type":"ReadAction","target":["https:\/\/clavreuil-wordpress.logiciel-arteo.fr\/en\/napoleon-lhymen-et-la-naissance-ou-poesies-en-lhonneur-de-leurs-majestes-imperiales-et-royales-recueil-de-poesies-pour-la-naissance-du-roi-de-rome\/"]}]},{"@type":"ImageObject","inLanguage":"en-US","@id":"https:\/\/clavreuil-wordpress.logiciel-arteo.fr\/en\/napoleon-lhymen-et-la-naissance-ou-poesies-en-lhonneur-de-leurs-majestes-imperiales-et-royales-recueil-de-poesies-pour-la-naissance-du-roi-de-rome\/#primaryimage","url":"https:\/\/clavreuil-wordpress.logiciel-arteo.fr\/wp-content\/uploads\/2024\/04\/napoleon-l-hymen-et-la-naissance-ou-poesies-en-l-honneur-de-leurs-majestes-imperiales-et-royales-recueil-de-poesies-pour-la-naissance-du-roi-de-rome-7.jpg","contentUrl":"https:\/\/clavreuil-wordpress.logiciel-arteo.fr\/wp-content\/uploads\/2024\/04\/napoleon-l-hymen-et-la-naissance-ou-poesies-en-l-honneur-de-leurs-majestes-imperiales-et-royales-recueil-de-poesies-pour-la-naissance-du-roi-de-rome-7.jpg","width":1461,"height":1943},{"@type":"BreadcrumbList","@id":"https:\/\/clavreuil-wordpress.logiciel-arteo.fr\/en\/napoleon-lhymen-et-la-naissance-ou-poesies-en-lhonneur-de-leurs-majestes-imperiales-et-royales-recueil-de-poesies-pour-la-naissance-du-roi-de-rome\/#breadcrumb","itemListElement":[{"@type":"ListItem","position":1,"name":"Accueil","item":"https:\/\/clavreuil-wordpress.logiciel-arteo.fr\/"},{"@type":"ListItem","position":2,"name":"All our books","item":"https:\/\/clavreuil-wordpress.logiciel-arteo.fr\/en\/all-our-books\/"},{"@type":"ListItem","position":3,"name":"NAPOLEON L&#8217;Hymen et la naissance, ou Po\u00e9sies en..."}]},{"@type":"WebSite","@id":"https:\/\/clavreuil-wordpress.logiciel-arteo.fr\/#website","url":"https:\/\/clavreuil-wordpress.logiciel-arteo.fr\/","name":"Libairie Clavreuil","description":"","publisher":{"@id":"https:\/\/clavreuil-wordpress.logiciel-arteo.fr\/#organization"},"potentialAction":[{"@type":"SearchAction","target":{"@type":"EntryPoint","urlTemplate":"https:\/\/clavreuil-wordpress.logiciel-arteo.fr\/?s={search_term_string}"},"query-input":{"@type":"PropertyValueSpecification","valueRequired":true,"valueName":"search_term_string"}}],"inLanguage":"en-US"},{"@type":"Organization","@id":"https:\/\/clavreuil-wordpress.logiciel-arteo.fr\/#organization","name":"Libairie Clavreuil","url":"https:\/\/clavreuil-wordpress.logiciel-arteo.fr\/","logo":{"@type":"ImageObject","inLanguage":"en-US","@id":"https:\/\/clavreuil-wordpress.logiciel-arteo.fr\/#\/schema\/logo\/image\/","url":"https:\/\/clavreuil-wordpress.logiciel-arteo.fr\/wp-content\/uploads\/2021\/05\/LOGO_PNG_DATE-_gold.png","contentUrl":"https:\/\/clavreuil-wordpress.logiciel-arteo.fr\/wp-content\/uploads\/2021\/05\/LOGO_PNG_DATE-_gold.png","width":2083,"height":1917,"caption":"Libairie Clavreuil"},"image":{"@id":"https:\/\/clavreuil-wordpress.logiciel-arteo.fr\/#\/schema\/logo\/image\/"}}]}},"_links":{"self":[{"href":"https:\/\/clavreuil-wordpress.logiciel-arteo.fr\/en\/wp-json\/wp\/v2\/product\/74473","targetHints":{"allow":["GET"]}}],"collection":[{"href":"https:\/\/clavreuil-wordpress.logiciel-arteo.fr\/en\/wp-json\/wp\/v2\/product"}],"about":[{"href":"https:\/\/clavreuil-wordpress.logiciel-arteo.fr\/en\/wp-json\/wp\/v2\/types\/product"}],"replies":[{"embeddable":true,"href":"https:\/\/clavreuil-wordpress.logiciel-arteo.fr\/en\/wp-json\/wp\/v2\/comments?post=74473"}],"wp:featuredmedia":[{"embeddable":true,"href":"https:\/\/clavreuil-wordpress.logiciel-arteo.fr\/en\/wp-json\/wp\/v2\/media\/74466"}],"wp:attachment":[{"href":"https:\/\/clavreuil-wordpress.logiciel-arteo.fr\/en\/wp-json\/wp\/v2\/media?parent=74473"}],"wp:term":[{"taxonomy":"product_brand","embeddable":true,"href":"https:\/\/clavreuil-wordpress.logiciel-arteo.fr\/en\/wp-json\/wp\/v2\/product_brand?post=74473"},{"taxonomy":"product_cat","embeddable":true,"href":"https:\/\/clavreuil-wordpress.logiciel-arteo.fr\/en\/wp-json\/wp\/v2\/product_cat?post=74473"},{"taxonomy":"product_tag","embeddable":true,"href":"https:\/\/clavreuil-wordpress.logiciel-arteo.fr\/en\/wp-json\/wp\/v2\/product_tag?post=74473"}],"curies":[{"name":"wp","href":"https:\/\/api.w.org\/{rel}","templated":true}]}}