{"id":74479,"date":"2024-04-23T16:33:32","date_gmt":"2024-04-23T14:33:32","guid":{"rendered":"https:\/\/clavreuil-wordpress.logiciel-arteo.fr\/choderlos-de-laclos-piere-ambroise-francois-les-liaisons-dangereuses-premiere-quatrieme-partie\/"},"modified":"2024-04-23T16:34:06","modified_gmt":"2024-04-23T14:34:06","slug":"choderlos-de-laclos-piere-ambroise-francois-les-liaisons-dangereuses-premiere-quatrieme-partie","status":"publish","type":"product","link":"https:\/\/clavreuil-wordpress.logiciel-arteo.fr\/en\/choderlos-de-laclos-piere-ambroise-francois-les-liaisons-dangereuses-premiere-quatrieme-partie\/","title":{"rendered":"CHODERLOS DE LACLOS Piere-Ambroise-Fran\u00e7ois Les Liaisons dangereuses. Premi\u00e8re..."},"content":{"rendered":"<p style=\"text-align:justify\"><em>Ducup de Saint-Paul, n&deg; 2 ; Max Brun, &Eacute;tude des &eacute;ditions des Liaisons dangereuses portant le mill&eacute;sime 1782, n&deg; 3 ; En fran&ccedil;ais dans le texte, 174.<\/em><\/p>\n<p style=\"text-align:justify\">Definitive edition, called by Ducup de Saint-Paul &quot;second issue of the first edition, given by Laclos himself&quot;.<\/p>\n<p style=\"text-align:justify\">A copy corresponding to all details given by Ducup de Saint-Paul, with the corrected printing mistakes of the first edition. There is therefore no printed errata leaf for this edition.<\/p>\n<p style=\"text-align:justify\">&quot;Bible du libertinage pour certains, le livre s&#039;impose surtout comme chef-d&rsquo;&oelig;uvre du roman d&#039;analyse, comme un des romans les plus abstraits et les plus intelligents. [&hellip;] Aussi l&#039;audace des Liaisons dangereuses ne consiste-t-elle ni dans la d&eacute;bauche facile au langage cru, ni dans la perversit&eacute; au premier degr&eacute; ou la jouissance de faire le mal propre &agrave; Sade, mais dans l&#039;art de le dire ou plut&ocirc;t de l&#039;&eacute;crire [&hellip;]&quot; (Laurent Versini, En fran&ccedil;ais dans le texte).<\/p>\n<p style=\"text-align:justify\">&quot;Dans la simplicit&eacute; de sa condition, [il] conserve le roman de Laclos tel qu&rsquo;il parut au moment o&ugrave; il faisait &eacute;v&eacute;nement, et tel que l&rsquo;habitude d&rsquo;en relier les quatre parties en deux volumes en a presque enti&egrave;rement fait oublier l&rsquo;aspect originel, celui que d&eacute;crivaient les M&eacute;moires secrets de Bachaumont en 1782 [le 28 mai] : &lsquo;Les Liaisons dangereuses&hellip; tel est le titre du nouveau roman qui fait tant de bruit aujourd&rsquo;hui et qu&rsquo;on pr&eacute;tend devoir marquer dans ce si&egrave;cle : il est en quatre parties formant quatre petits volumes&lsquo;&quot; (Jean-Marc Ch&acirc;telain, catalogue d&rsquo;exposition, Chantilly, 2003-2004).<\/p>\n<p style=\"text-align:justify\">Part II, pp. 39\/40 with small marginal loss not affecting the text. Else a good copy.<\/p>\n","protected":false},"excerpt":{"rendered":"<p>4 parts in 2 volumes, 12mo (163 x 90 mm) 248 pp. for part I; 242 pp. for part II ; 231 pp. for part III ; 257 pp. for part IV. Contemporary calf, trile gilt filet on covers, flat spine gilt, gilt edges (some expert restorations), in a modern black-morocco backed clam-shell box.<\/p>\n","protected":false},"featured_media":74474,"comment_status":"open","ping_status":"closed","template":"","meta":{"_acf_changed":false},"product_brand":[],"product_cat":[544],"product_tag":[1245],"class_list":{"0":"post-74479","1":"product","2":"type-product","3":"status-publish","4":"has-post-thumbnail","6":"product_cat-literature","7":"product_tag-18th-century-literature","8":"pa_auteur-piere-ambroise-francois-choderlos-de-laclos-2","9":"pa_type-de-livre-printed-book","11":"first","12":"instock","13":"shipping-taxable","14":"purchasable","15":"product-type-simple"},"acf":[],"yoast_head":"<!-- This site is optimized with the Yoast SEO plugin v24.3 - https:\/\/yoast.com\/wordpress\/plugins\/seo\/ -->\n<title>CHODERLOS DE LACLOS Piere-Ambroise-Fran\u00e7ois Les Liaisons dangereuses. Premi\u00e8re [-quatri\u00e8me] partie. - Libairie Clavreuil<\/title>\n<meta name=\"robots\" content=\"noindex, follow, max-snippet:-1, max-image-preview:large, max-video-preview:-1\" \/>\n<meta property=\"og:locale\" content=\"en_US\" \/>\n<meta property=\"og:type\" content=\"article\" \/>\n<meta property=\"og:title\" content=\"CHODERLOS DE LACLOS Piere-Ambroise-Fran\u00e7ois Les Liaisons dangereuses. Premi\u00e8re [-quatri\u00e8me] partie. - Libairie Clavreuil\" \/>\n<meta property=\"og:description\" content=\"4 parts in 2 volumes, 12mo (163 x 90 mm) 248 pp. for part I; 242 pp. for part II ; 231 pp. for part III ; 257 pp. for part IV. Contemporary calf, trile gilt filet on covers, flat spine gilt, gilt edges (some expert restorations), in a modern black-morocco backed clam-shell box.\" \/>\n<meta property=\"og:url\" content=\"https:\/\/clavreuil-wordpress.logiciel-arteo.fr\/en\/choderlos-de-laclos-piere-ambroise-francois-les-liaisons-dangereuses-premiere-quatrieme-partie\/\" \/>\n<meta property=\"og:site_name\" content=\"Libairie Clavreuil\" \/>\n<meta property=\"article:modified_time\" content=\"2024-04-23T14:34:06+00:00\" \/>\n<meta property=\"og:image\" content=\"https:\/\/clavreuil-wordpress.logiciel-arteo.fr\/wp-content\/uploads\/2024\/04\/piere-ambroise-francois-choderlos-de-laclos-les-liaisons-dangereuses-premiere-quatrieme-partie-7764-65bba83d8717e-scaled.jpg\" \/>\n\t<meta property=\"og:image:width\" content=\"1628\" \/>\n\t<meta property=\"og:image:height\" content=\"2560\" \/>\n\t<meta property=\"og:image:type\" content=\"image\/jpeg\" \/>\n<meta name=\"twitter:card\" content=\"summary_large_image\" \/>\n<meta name=\"twitter:label1\" content=\"Est. reading time\" \/>\n\t<meta name=\"twitter:data1\" content=\"2 minutes\" \/>\n<script type=\"application\/ld+json\" class=\"yoast-schema-graph\">{\"@context\":\"https:\/\/schema.org\",\"@graph\":[{\"@type\":\"WebPage\",\"@id\":\"https:\/\/clavreuil-wordpress.logiciel-arteo.fr\/en\/choderlos-de-laclos-piere-ambroise-francois-les-liaisons-dangereuses-premiere-quatrieme-partie\/\",\"url\":\"https:\/\/clavreuil-wordpress.logiciel-arteo.fr\/en\/choderlos-de-laclos-piere-ambroise-francois-les-liaisons-dangereuses-premiere-quatrieme-partie\/\",\"name\":\"CHODERLOS DE LACLOS Piere-Ambroise-Fran\u00e7ois Les Liaisons dangereuses. Premi\u00e8re [-quatri\u00e8me] partie. - Libairie Clavreuil\",\"isPartOf\":{\"@id\":\"https:\/\/clavreuil-wordpress.logiciel-arteo.fr\/#website\"},\"primaryImageOfPage\":{\"@id\":\"https:\/\/clavreuil-wordpress.logiciel-arteo.fr\/en\/choderlos-de-laclos-piere-ambroise-francois-les-liaisons-dangereuses-premiere-quatrieme-partie\/#primaryimage\"},\"image\":{\"@id\":\"https:\/\/clavreuil-wordpress.logiciel-arteo.fr\/en\/choderlos-de-laclos-piere-ambroise-francois-les-liaisons-dangereuses-premiere-quatrieme-partie\/#primaryimage\"},\"thumbnailUrl\":\"https:\/\/clavreuil-wordpress.logiciel-arteo.fr\/wp-content\/uploads\/2024\/04\/piere-ambroise-francois-choderlos-de-laclos-les-liaisons-dangereuses-premiere-quatrieme-partie-7764-65bba83d8717e-scaled.jpg\",\"datePublished\":\"2024-04-23T14:33:32+00:00\",\"dateModified\":\"2024-04-23T14:34:06+00:00\",\"breadcrumb\":{\"@id\":\"https:\/\/clavreuil-wordpress.logiciel-arteo.fr\/en\/choderlos-de-laclos-piere-ambroise-francois-les-liaisons-dangereuses-premiere-quatrieme-partie\/#breadcrumb\"},\"inLanguage\":\"en-US\",\"potentialAction\":[{\"@type\":\"ReadAction\",\"target\":[\"https:\/\/clavreuil-wordpress.logiciel-arteo.fr\/en\/choderlos-de-laclos-piere-ambroise-francois-les-liaisons-dangereuses-premiere-quatrieme-partie\/\"]}]},{\"@type\":\"ImageObject\",\"inLanguage\":\"en-US\",\"@id\":\"https:\/\/clavreuil-wordpress.logiciel-arteo.fr\/en\/choderlos-de-laclos-piere-ambroise-francois-les-liaisons-dangereuses-premiere-quatrieme-partie\/#primaryimage\",\"url\":\"https:\/\/clavreuil-wordpress.logiciel-arteo.fr\/wp-content\/uploads\/2024\/04\/piere-ambroise-francois-choderlos-de-laclos-les-liaisons-dangereuses-premiere-quatrieme-partie-7764-65bba83d8717e-scaled.jpg\",\"contentUrl\":\"https:\/\/clavreuil-wordpress.logiciel-arteo.fr\/wp-content\/uploads\/2024\/04\/piere-ambroise-francois-choderlos-de-laclos-les-liaisons-dangereuses-premiere-quatrieme-partie-7764-65bba83d8717e-scaled.jpg\",\"width\":1628,\"height\":2560},{\"@type\":\"BreadcrumbList\",\"@id\":\"https:\/\/clavreuil-wordpress.logiciel-arteo.fr\/en\/choderlos-de-laclos-piere-ambroise-francois-les-liaisons-dangereuses-premiere-quatrieme-partie\/#breadcrumb\",\"itemListElement\":[{\"@type\":\"ListItem\",\"position\":1,\"name\":\"Accueil\",\"item\":\"https:\/\/clavreuil-wordpress.logiciel-arteo.fr\/\"},{\"@type\":\"ListItem\",\"position\":2,\"name\":\"All our books\",\"item\":\"https:\/\/clavreuil-wordpress.logiciel-arteo.fr\/en\/all-our-books\/\"},{\"@type\":\"ListItem\",\"position\":3,\"name\":\"CHODERLOS DE LACLOS Piere-Ambroise-Fran\u00e7ois Les Liaisons dangereuses. Premi\u00e8re...\"}]},{\"@type\":\"WebSite\",\"@id\":\"https:\/\/clavreuil-wordpress.logiciel-arteo.fr\/#website\",\"url\":\"https:\/\/clavreuil-wordpress.logiciel-arteo.fr\/\",\"name\":\"Libairie Clavreuil\",\"description\":\"\",\"publisher\":{\"@id\":\"https:\/\/clavreuil-wordpress.logiciel-arteo.fr\/#organization\"},\"potentialAction\":[{\"@type\":\"SearchAction\",\"target\":{\"@type\":\"EntryPoint\",\"urlTemplate\":\"https:\/\/clavreuil-wordpress.logiciel-arteo.fr\/?s={search_term_string}\"},\"query-input\":{\"@type\":\"PropertyValueSpecification\",\"valueRequired\":true,\"valueName\":\"search_term_string\"}}],\"inLanguage\":\"en-US\"},{\"@type\":\"Organization\",\"@id\":\"https:\/\/clavreuil-wordpress.logiciel-arteo.fr\/#organization\",\"name\":\"Libairie Clavreuil\",\"url\":\"https:\/\/clavreuil-wordpress.logiciel-arteo.fr\/\",\"logo\":{\"@type\":\"ImageObject\",\"inLanguage\":\"en-US\",\"@id\":\"https:\/\/clavreuil-wordpress.logiciel-arteo.fr\/#\/schema\/logo\/image\/\",\"url\":\"https:\/\/clavreuil-wordpress.logiciel-arteo.fr\/wp-content\/uploads\/2021\/05\/LOGO_PNG_DATE-_gold.png\",\"contentUrl\":\"https:\/\/clavreuil-wordpress.logiciel-arteo.fr\/wp-content\/uploads\/2021\/05\/LOGO_PNG_DATE-_gold.png\",\"width\":2083,\"height\":1917,\"caption\":\"Libairie Clavreuil\"},\"image\":{\"@id\":\"https:\/\/clavreuil-wordpress.logiciel-arteo.fr\/#\/schema\/logo\/image\/\"}}]}<\/script>\n<!-- \/ Yoast SEO plugin. -->","yoast_head_json":{"title":"CHODERLOS DE LACLOS Piere-Ambroise-Fran\u00e7ois Les Liaisons dangereuses. Premi\u00e8re [-quatri\u00e8me] partie. - Libairie Clavreuil","robots":{"index":"noindex","follow":"follow","max-snippet":"max-snippet:-1","max-image-preview":"max-image-preview:large","max-video-preview":"max-video-preview:-1"},"og_locale":"en_US","og_type":"article","og_title":"CHODERLOS DE LACLOS Piere-Ambroise-Fran\u00e7ois Les Liaisons dangereuses. Premi\u00e8re [-quatri\u00e8me] partie. - Libairie Clavreuil","og_description":"4 parts in 2 volumes, 12mo (163 x 90 mm) 248 pp. for part I; 242 pp. for part II ; 231 pp. for part III ; 257 pp. for part IV. Contemporary calf, trile gilt filet on covers, flat spine gilt, gilt edges (some expert restorations), in a modern black-morocco backed clam-shell box.","og_url":"https:\/\/clavreuil-wordpress.logiciel-arteo.fr\/en\/choderlos-de-laclos-piere-ambroise-francois-les-liaisons-dangereuses-premiere-quatrieme-partie\/","og_site_name":"Libairie Clavreuil","article_modified_time":"2024-04-23T14:34:06+00:00","og_image":[{"width":1628,"height":2560,"url":"https:\/\/clavreuil-wordpress.logiciel-arteo.fr\/wp-content\/uploads\/2024\/04\/piere-ambroise-francois-choderlos-de-laclos-les-liaisons-dangereuses-premiere-quatrieme-partie-7764-65bba83d8717e-scaled.jpg","type":"image\/jpeg"}],"twitter_card":"summary_large_image","twitter_misc":{"Est. reading time":"2 minutes"},"schema":{"@context":"https:\/\/schema.org","@graph":[{"@type":"WebPage","@id":"https:\/\/clavreuil-wordpress.logiciel-arteo.fr\/en\/choderlos-de-laclos-piere-ambroise-francois-les-liaisons-dangereuses-premiere-quatrieme-partie\/","url":"https:\/\/clavreuil-wordpress.logiciel-arteo.fr\/en\/choderlos-de-laclos-piere-ambroise-francois-les-liaisons-dangereuses-premiere-quatrieme-partie\/","name":"CHODERLOS DE LACLOS Piere-Ambroise-Fran\u00e7ois Les Liaisons dangereuses. Premi\u00e8re [-quatri\u00e8me] partie. - Libairie Clavreuil","isPartOf":{"@id":"https:\/\/clavreuil-wordpress.logiciel-arteo.fr\/#website"},"primaryImageOfPage":{"@id":"https:\/\/clavreuil-wordpress.logiciel-arteo.fr\/en\/choderlos-de-laclos-piere-ambroise-francois-les-liaisons-dangereuses-premiere-quatrieme-partie\/#primaryimage"},"image":{"@id":"https:\/\/clavreuil-wordpress.logiciel-arteo.fr\/en\/choderlos-de-laclos-piere-ambroise-francois-les-liaisons-dangereuses-premiere-quatrieme-partie\/#primaryimage"},"thumbnailUrl":"https:\/\/clavreuil-wordpress.logiciel-arteo.fr\/wp-content\/uploads\/2024\/04\/piere-ambroise-francois-choderlos-de-laclos-les-liaisons-dangereuses-premiere-quatrieme-partie-7764-65bba83d8717e-scaled.jpg","datePublished":"2024-04-23T14:33:32+00:00","dateModified":"2024-04-23T14:34:06+00:00","breadcrumb":{"@id":"https:\/\/clavreuil-wordpress.logiciel-arteo.fr\/en\/choderlos-de-laclos-piere-ambroise-francois-les-liaisons-dangereuses-premiere-quatrieme-partie\/#breadcrumb"},"inLanguage":"en-US","potentialAction":[{"@type":"ReadAction","target":["https:\/\/clavreuil-wordpress.logiciel-arteo.fr\/en\/choderlos-de-laclos-piere-ambroise-francois-les-liaisons-dangereuses-premiere-quatrieme-partie\/"]}]},{"@type":"ImageObject","inLanguage":"en-US","@id":"https:\/\/clavreuil-wordpress.logiciel-arteo.fr\/en\/choderlos-de-laclos-piere-ambroise-francois-les-liaisons-dangereuses-premiere-quatrieme-partie\/#primaryimage","url":"https:\/\/clavreuil-wordpress.logiciel-arteo.fr\/wp-content\/uploads\/2024\/04\/piere-ambroise-francois-choderlos-de-laclos-les-liaisons-dangereuses-premiere-quatrieme-partie-7764-65bba83d8717e-scaled.jpg","contentUrl":"https:\/\/clavreuil-wordpress.logiciel-arteo.fr\/wp-content\/uploads\/2024\/04\/piere-ambroise-francois-choderlos-de-laclos-les-liaisons-dangereuses-premiere-quatrieme-partie-7764-65bba83d8717e-scaled.jpg","width":1628,"height":2560},{"@type":"BreadcrumbList","@id":"https:\/\/clavreuil-wordpress.logiciel-arteo.fr\/en\/choderlos-de-laclos-piere-ambroise-francois-les-liaisons-dangereuses-premiere-quatrieme-partie\/#breadcrumb","itemListElement":[{"@type":"ListItem","position":1,"name":"Accueil","item":"https:\/\/clavreuil-wordpress.logiciel-arteo.fr\/"},{"@type":"ListItem","position":2,"name":"All our books","item":"https:\/\/clavreuil-wordpress.logiciel-arteo.fr\/en\/all-our-books\/"},{"@type":"ListItem","position":3,"name":"CHODERLOS DE LACLOS Piere-Ambroise-Fran\u00e7ois Les Liaisons dangereuses. Premi\u00e8re..."}]},{"@type":"WebSite","@id":"https:\/\/clavreuil-wordpress.logiciel-arteo.fr\/#website","url":"https:\/\/clavreuil-wordpress.logiciel-arteo.fr\/","name":"Libairie Clavreuil","description":"","publisher":{"@id":"https:\/\/clavreuil-wordpress.logiciel-arteo.fr\/#organization"},"potentialAction":[{"@type":"SearchAction","target":{"@type":"EntryPoint","urlTemplate":"https:\/\/clavreuil-wordpress.logiciel-arteo.fr\/?s={search_term_string}"},"query-input":{"@type":"PropertyValueSpecification","valueRequired":true,"valueName":"search_term_string"}}],"inLanguage":"en-US"},{"@type":"Organization","@id":"https:\/\/clavreuil-wordpress.logiciel-arteo.fr\/#organization","name":"Libairie Clavreuil","url":"https:\/\/clavreuil-wordpress.logiciel-arteo.fr\/","logo":{"@type":"ImageObject","inLanguage":"en-US","@id":"https:\/\/clavreuil-wordpress.logiciel-arteo.fr\/#\/schema\/logo\/image\/","url":"https:\/\/clavreuil-wordpress.logiciel-arteo.fr\/wp-content\/uploads\/2021\/05\/LOGO_PNG_DATE-_gold.png","contentUrl":"https:\/\/clavreuil-wordpress.logiciel-arteo.fr\/wp-content\/uploads\/2021\/05\/LOGO_PNG_DATE-_gold.png","width":2083,"height":1917,"caption":"Libairie Clavreuil"},"image":{"@id":"https:\/\/clavreuil-wordpress.logiciel-arteo.fr\/#\/schema\/logo\/image\/"}}]}},"_links":{"self":[{"href":"https:\/\/clavreuil-wordpress.logiciel-arteo.fr\/en\/wp-json\/wp\/v2\/product\/74479","targetHints":{"allow":["GET"]}}],"collection":[{"href":"https:\/\/clavreuil-wordpress.logiciel-arteo.fr\/en\/wp-json\/wp\/v2\/product"}],"about":[{"href":"https:\/\/clavreuil-wordpress.logiciel-arteo.fr\/en\/wp-json\/wp\/v2\/types\/product"}],"replies":[{"embeddable":true,"href":"https:\/\/clavreuil-wordpress.logiciel-arteo.fr\/en\/wp-json\/wp\/v2\/comments?post=74479"}],"wp:featuredmedia":[{"embeddable":true,"href":"https:\/\/clavreuil-wordpress.logiciel-arteo.fr\/en\/wp-json\/wp\/v2\/media\/74474"}],"wp:attachment":[{"href":"https:\/\/clavreuil-wordpress.logiciel-arteo.fr\/en\/wp-json\/wp\/v2\/media?parent=74479"}],"wp:term":[{"taxonomy":"product_brand","embeddable":true,"href":"https:\/\/clavreuil-wordpress.logiciel-arteo.fr\/en\/wp-json\/wp\/v2\/product_brand?post=74479"},{"taxonomy":"product_cat","embeddable":true,"href":"https:\/\/clavreuil-wordpress.logiciel-arteo.fr\/en\/wp-json\/wp\/v2\/product_cat?post=74479"},{"taxonomy":"product_tag","embeddable":true,"href":"https:\/\/clavreuil-wordpress.logiciel-arteo.fr\/en\/wp-json\/wp\/v2\/product_tag?post=74479"}],"curies":[{"name":"wp","href":"https:\/\/api.w.org\/{rel}","templated":true}]}}