{"id":74485,"date":"2024-04-23T16:34:18","date_gmt":"2024-04-23T14:34:18","guid":{"rendered":"https:\/\/clavreuil-wordpress.logiciel-arteo.fr\/mouhy-charles-de-fieux-memoires-danne-marie-de-moras-comtesse-de-courbon-ecrits-par-elle-meme-et-adressez-a-mademoiselle-de-pensionnaire-au-couvent-du-cherche-midi-premiere-quatrieme-par\/"},"modified":"2024-04-23T16:34:49","modified_gmt":"2024-04-23T14:34:49","slug":"mouhy-charles-de-fieux-memoires-danne-marie-de-moras-comtesse-de-courbon-ecrits-par-elle-meme-et-adressez-a-mademoiselle-de-pensionnaire-au-couvent-du-cherche-midi-premiere-quatrieme-par","status":"publish","type":"product","link":"https:\/\/clavreuil-wordpress.logiciel-arteo.fr\/en\/mouhy-charles-de-fieux-memoires-danne-marie-de-moras-comtesse-de-courbon-ecrits-par-elle-meme-et-adressez-a-mademoiselle-de-pensionnaire-au-couvent-du-cherche-midi-premiere-quatrieme-par\/","title":{"rendered":"MOUHY Charles de Fieux M\u00e9moires d&#8217;Anne-Marie de Moras,..."},"content":{"rendered":"<p style=\"text-align:justify\"><em>Gay-Lemonnyer, III, 114; Cioranescu, 47527.<\/em><\/p>\n<p style=\"text-align:justify\">First edition.<\/p>\n<p style=\"text-align:justify\">In 1739, the Chevalier Charles de Mouhy (1701-1784) wrote a surprisingly modern little masterpiece based on a news item that was the talk of high and good society. It was about the recent kidnapping (in 1737) of a very young 13-year-old girl from a wealthy family of financiers by a nobleman of little means.<\/p>\n<p style=\"text-align:justify\">The novelist invents an account of her adventure by the young girl, who is locked up in a convent, while her lover has fled abroad to avoid being sentenced to beheading.<\/p>\n<p style=\"text-align:justify\">&nbsp;A very fine copy, perfectly preserved.<\/p>\n<p style=\"text-align:justify\">Provenance: Rohan-Chabot library (coat of arms at the corners, and library label at the tail of the spine).<\/p>\n","protected":false},"excerpt":{"rendered":"<p>4 parts in 1 volume, 12mo (161 x 94 mm) 9 nn.ll., 79 pp. for part I; 1 nn.l., 112 pp. for part II; 1 nn.l., 107 pp. for part III; 1 nn.l., 135 pp. for part IV. Each part with an individuial title page printed in red and black and with an engraved vignette. Contempoorary polished calf, gilt armorial pieces of the Rohan-Chabot family in corners, spine gilt with raised bands, red edges (slightly rubbed).<\/p>\n","protected":false},"featured_media":74480,"comment_status":"open","ping_status":"closed","template":"","meta":{"_acf_changed":false},"product_brand":[],"product_cat":[544],"product_tag":[1245,1450],"class_list":{"0":"post-74485","1":"product","2":"type-product","3":"status-publish","4":"has-post-thumbnail","6":"product_cat-literature","7":"product_tag-18th-century-literature","8":"product_tag-first-edition","9":"pa_auteur-charles-de-fieux-mouhy-2","10":"pa_type-de-livre-printed-book","12":"first","13":"instock","14":"shipping-taxable","15":"purchasable","16":"product-type-simple"},"acf":[],"yoast_head":"<!-- This site is optimized with the Yoast SEO plugin v24.3 - https:\/\/yoast.com\/wordpress\/plugins\/seo\/ -->\n<title>MOUHY Charles de Fieux M\u00e9moires d&#039;Anne-Marie de Moras, comtesse de Courbon, \u00e9crits par elle-m\u00eame, et adressez \u00e0 mademoiselle de *** pensionnaire au couvent du Cherche-Midi. Premi\u00e8re [-quatri\u00e8me] partie. - Libairie Clavreuil<\/title>\n<meta name=\"robots\" content=\"noindex, follow, max-snippet:-1, max-image-preview:large, max-video-preview:-1\" \/>\n<meta property=\"og:locale\" content=\"en_US\" \/>\n<meta property=\"og:type\" content=\"article\" \/>\n<meta property=\"og:title\" content=\"MOUHY Charles de Fieux M\u00e9moires d&#039;Anne-Marie de Moras, comtesse de Courbon, \u00e9crits par elle-m\u00eame, et adressez \u00e0 mademoiselle de *** pensionnaire au couvent du Cherche-Midi. Premi\u00e8re [-quatri\u00e8me] partie. - Libairie Clavreuil\" \/>\n<meta property=\"og:description\" content=\"4 parts in 1 volume, 12mo (161 x 94 mm) 9 nn.ll., 79 pp. for part I; 1 nn.l., 112 pp. for part II; 1 nn.l., 107 pp. for part III; 1 nn.l., 135 pp. for part IV. Each part with an individuial title page printed in red and black and with an engraved vignette. Contempoorary polished calf, gilt armorial pieces of the Rohan-Chabot family in corners, spine gilt with raised bands, red edges (slightly rubbed).\" \/>\n<meta property=\"og:url\" content=\"https:\/\/clavreuil-wordpress.logiciel-arteo.fr\/en\/mouhy-charles-de-fieux-memoires-danne-marie-de-moras-comtesse-de-courbon-ecrits-par-elle-meme-et-adressez-a-mademoiselle-de-pensionnaire-au-couvent-du-cherche-midi-premiere-quatrieme-par\/\" \/>\n<meta property=\"og:site_name\" content=\"Libairie Clavreuil\" \/>\n<meta property=\"article:modified_time\" content=\"2024-04-23T14:34:49+00:00\" \/>\n<meta property=\"og:image\" content=\"https:\/\/clavreuil-wordpress.logiciel-arteo.fr\/wp-content\/uploads\/2024\/04\/charles-de-fieux-mouhy-memoires-d-anne-marie-de-moras-comtesse-de-courbon-ecrits-par-elle-meme-et-adressez-a-mademoiselle-de-pensionnaire-au-couvent-d.jpg\" \/>\n\t<meta property=\"og:image:width\" content=\"1909\" \/>\n\t<meta property=\"og:image:height\" content=\"2545\" \/>\n\t<meta property=\"og:image:type\" content=\"image\/jpeg\" \/>\n<meta name=\"twitter:card\" content=\"summary_large_image\" \/>\n<meta name=\"twitter:label1\" content=\"Est. reading time\" \/>\n\t<meta name=\"twitter:data1\" content=\"1 minute\" \/>\n<script type=\"application\/ld+json\" class=\"yoast-schema-graph\">{\"@context\":\"https:\/\/schema.org\",\"@graph\":[{\"@type\":\"WebPage\",\"@id\":\"https:\/\/clavreuil-wordpress.logiciel-arteo.fr\/en\/mouhy-charles-de-fieux-memoires-danne-marie-de-moras-comtesse-de-courbon-ecrits-par-elle-meme-et-adressez-a-mademoiselle-de-pensionnaire-au-couvent-du-cherche-midi-premiere-quatrieme-par\/\",\"url\":\"https:\/\/clavreuil-wordpress.logiciel-arteo.fr\/en\/mouhy-charles-de-fieux-memoires-danne-marie-de-moras-comtesse-de-courbon-ecrits-par-elle-meme-et-adressez-a-mademoiselle-de-pensionnaire-au-couvent-du-cherche-midi-premiere-quatrieme-par\/\",\"name\":\"MOUHY Charles de Fieux M\u00e9moires d'Anne-Marie de Moras, comtesse de Courbon, \u00e9crits par elle-m\u00eame, et adressez \u00e0 mademoiselle de *** pensionnaire au couvent du Cherche-Midi. Premi\u00e8re [-quatri\u00e8me] partie. - Libairie Clavreuil\",\"isPartOf\":{\"@id\":\"https:\/\/clavreuil-wordpress.logiciel-arteo.fr\/#website\"},\"primaryImageOfPage\":{\"@id\":\"https:\/\/clavreuil-wordpress.logiciel-arteo.fr\/en\/mouhy-charles-de-fieux-memoires-danne-marie-de-moras-comtesse-de-courbon-ecrits-par-elle-meme-et-adressez-a-mademoiselle-de-pensionnaire-au-couvent-du-cherche-midi-premiere-quatrieme-par\/#primaryimage\"},\"image\":{\"@id\":\"https:\/\/clavreuil-wordpress.logiciel-arteo.fr\/en\/mouhy-charles-de-fieux-memoires-danne-marie-de-moras-comtesse-de-courbon-ecrits-par-elle-meme-et-adressez-a-mademoiselle-de-pensionnaire-au-couvent-du-cherche-midi-premiere-quatrieme-par\/#primaryimage\"},\"thumbnailUrl\":\"https:\/\/clavreuil-wordpress.logiciel-arteo.fr\/wp-content\/uploads\/2024\/04\/charles-de-fieux-mouhy-memoires-d-anne-marie-de-moras-comtesse-de-courbon-ecrits-par-elle-meme-et-adressez-a-mademoiselle-de-pensionnaire-au-couvent-d.jpg\",\"datePublished\":\"2024-04-23T14:34:18+00:00\",\"dateModified\":\"2024-04-23T14:34:49+00:00\",\"breadcrumb\":{\"@id\":\"https:\/\/clavreuil-wordpress.logiciel-arteo.fr\/en\/mouhy-charles-de-fieux-memoires-danne-marie-de-moras-comtesse-de-courbon-ecrits-par-elle-meme-et-adressez-a-mademoiselle-de-pensionnaire-au-couvent-du-cherche-midi-premiere-quatrieme-par\/#breadcrumb\"},\"inLanguage\":\"en-US\",\"potentialAction\":[{\"@type\":\"ReadAction\",\"target\":[\"https:\/\/clavreuil-wordpress.logiciel-arteo.fr\/en\/mouhy-charles-de-fieux-memoires-danne-marie-de-moras-comtesse-de-courbon-ecrits-par-elle-meme-et-adressez-a-mademoiselle-de-pensionnaire-au-couvent-du-cherche-midi-premiere-quatrieme-par\/\"]}]},{\"@type\":\"ImageObject\",\"inLanguage\":\"en-US\",\"@id\":\"https:\/\/clavreuil-wordpress.logiciel-arteo.fr\/en\/mouhy-charles-de-fieux-memoires-danne-marie-de-moras-comtesse-de-courbon-ecrits-par-elle-meme-et-adressez-a-mademoiselle-de-pensionnaire-au-couvent-du-cherche-midi-premiere-quatrieme-par\/#primaryimage\",\"url\":\"https:\/\/clavreuil-wordpress.logiciel-arteo.fr\/wp-content\/uploads\/2024\/04\/charles-de-fieux-mouhy-memoires-d-anne-marie-de-moras-comtesse-de-courbon-ecrits-par-elle-meme-et-adressez-a-mademoiselle-de-pensionnaire-au-couvent-d.jpg\",\"contentUrl\":\"https:\/\/clavreuil-wordpress.logiciel-arteo.fr\/wp-content\/uploads\/2024\/04\/charles-de-fieux-mouhy-memoires-d-anne-marie-de-moras-comtesse-de-courbon-ecrits-par-elle-meme-et-adressez-a-mademoiselle-de-pensionnaire-au-couvent-d.jpg\",\"width\":1909,\"height\":2545},{\"@type\":\"BreadcrumbList\",\"@id\":\"https:\/\/clavreuil-wordpress.logiciel-arteo.fr\/en\/mouhy-charles-de-fieux-memoires-danne-marie-de-moras-comtesse-de-courbon-ecrits-par-elle-meme-et-adressez-a-mademoiselle-de-pensionnaire-au-couvent-du-cherche-midi-premiere-quatrieme-par\/#breadcrumb\",\"itemListElement\":[{\"@type\":\"ListItem\",\"position\":1,\"name\":\"Accueil\",\"item\":\"https:\/\/clavreuil-wordpress.logiciel-arteo.fr\/\"},{\"@type\":\"ListItem\",\"position\":2,\"name\":\"All our books\",\"item\":\"https:\/\/clavreuil-wordpress.logiciel-arteo.fr\/en\/all-our-books\/\"},{\"@type\":\"ListItem\",\"position\":3,\"name\":\"MOUHY Charles de Fieux M\u00e9moires d&#8217;Anne-Marie de Moras,...\"}]},{\"@type\":\"WebSite\",\"@id\":\"https:\/\/clavreuil-wordpress.logiciel-arteo.fr\/#website\",\"url\":\"https:\/\/clavreuil-wordpress.logiciel-arteo.fr\/\",\"name\":\"Libairie Clavreuil\",\"description\":\"\",\"publisher\":{\"@id\":\"https:\/\/clavreuil-wordpress.logiciel-arteo.fr\/#organization\"},\"potentialAction\":[{\"@type\":\"SearchAction\",\"target\":{\"@type\":\"EntryPoint\",\"urlTemplate\":\"https:\/\/clavreuil-wordpress.logiciel-arteo.fr\/?s={search_term_string}\"},\"query-input\":{\"@type\":\"PropertyValueSpecification\",\"valueRequired\":true,\"valueName\":\"search_term_string\"}}],\"inLanguage\":\"en-US\"},{\"@type\":\"Organization\",\"@id\":\"https:\/\/clavreuil-wordpress.logiciel-arteo.fr\/#organization\",\"name\":\"Libairie Clavreuil\",\"url\":\"https:\/\/clavreuil-wordpress.logiciel-arteo.fr\/\",\"logo\":{\"@type\":\"ImageObject\",\"inLanguage\":\"en-US\",\"@id\":\"https:\/\/clavreuil-wordpress.logiciel-arteo.fr\/#\/schema\/logo\/image\/\",\"url\":\"https:\/\/clavreuil-wordpress.logiciel-arteo.fr\/wp-content\/uploads\/2021\/05\/LOGO_PNG_DATE-_gold.png\",\"contentUrl\":\"https:\/\/clavreuil-wordpress.logiciel-arteo.fr\/wp-content\/uploads\/2021\/05\/LOGO_PNG_DATE-_gold.png\",\"width\":2083,\"height\":1917,\"caption\":\"Libairie Clavreuil\"},\"image\":{\"@id\":\"https:\/\/clavreuil-wordpress.logiciel-arteo.fr\/#\/schema\/logo\/image\/\"}}]}<\/script>\n<!-- \/ Yoast SEO plugin. -->","yoast_head_json":{"title":"MOUHY Charles de Fieux M\u00e9moires d'Anne-Marie de Moras, comtesse de Courbon, \u00e9crits par elle-m\u00eame, et adressez \u00e0 mademoiselle de *** pensionnaire au couvent du Cherche-Midi. Premi\u00e8re [-quatri\u00e8me] partie. - Libairie Clavreuil","robots":{"index":"noindex","follow":"follow","max-snippet":"max-snippet:-1","max-image-preview":"max-image-preview:large","max-video-preview":"max-video-preview:-1"},"og_locale":"en_US","og_type":"article","og_title":"MOUHY Charles de Fieux M\u00e9moires d'Anne-Marie de Moras, comtesse de Courbon, \u00e9crits par elle-m\u00eame, et adressez \u00e0 mademoiselle de *** pensionnaire au couvent du Cherche-Midi. Premi\u00e8re [-quatri\u00e8me] partie. - Libairie Clavreuil","og_description":"4 parts in 1 volume, 12mo (161 x 94 mm) 9 nn.ll., 79 pp. for part I; 1 nn.l., 112 pp. for part II; 1 nn.l., 107 pp. for part III; 1 nn.l., 135 pp. for part IV. Each part with an individuial title page printed in red and black and with an engraved vignette. Contempoorary polished calf, gilt armorial pieces of the Rohan-Chabot family in corners, spine gilt with raised bands, red edges (slightly rubbed).","og_url":"https:\/\/clavreuil-wordpress.logiciel-arteo.fr\/en\/mouhy-charles-de-fieux-memoires-danne-marie-de-moras-comtesse-de-courbon-ecrits-par-elle-meme-et-adressez-a-mademoiselle-de-pensionnaire-au-couvent-du-cherche-midi-premiere-quatrieme-par\/","og_site_name":"Libairie Clavreuil","article_modified_time":"2024-04-23T14:34:49+00:00","og_image":[{"width":1909,"height":2545,"url":"https:\/\/clavreuil-wordpress.logiciel-arteo.fr\/wp-content\/uploads\/2024\/04\/charles-de-fieux-mouhy-memoires-d-anne-marie-de-moras-comtesse-de-courbon-ecrits-par-elle-meme-et-adressez-a-mademoiselle-de-pensionnaire-au-couvent-d.jpg","type":"image\/jpeg"}],"twitter_card":"summary_large_image","twitter_misc":{"Est. reading time":"1 minute"},"schema":{"@context":"https:\/\/schema.org","@graph":[{"@type":"WebPage","@id":"https:\/\/clavreuil-wordpress.logiciel-arteo.fr\/en\/mouhy-charles-de-fieux-memoires-danne-marie-de-moras-comtesse-de-courbon-ecrits-par-elle-meme-et-adressez-a-mademoiselle-de-pensionnaire-au-couvent-du-cherche-midi-premiere-quatrieme-par\/","url":"https:\/\/clavreuil-wordpress.logiciel-arteo.fr\/en\/mouhy-charles-de-fieux-memoires-danne-marie-de-moras-comtesse-de-courbon-ecrits-par-elle-meme-et-adressez-a-mademoiselle-de-pensionnaire-au-couvent-du-cherche-midi-premiere-quatrieme-par\/","name":"MOUHY Charles de Fieux M\u00e9moires d'Anne-Marie de Moras, comtesse de Courbon, \u00e9crits par elle-m\u00eame, et adressez \u00e0 mademoiselle de *** pensionnaire au couvent du Cherche-Midi. Premi\u00e8re [-quatri\u00e8me] partie. - Libairie Clavreuil","isPartOf":{"@id":"https:\/\/clavreuil-wordpress.logiciel-arteo.fr\/#website"},"primaryImageOfPage":{"@id":"https:\/\/clavreuil-wordpress.logiciel-arteo.fr\/en\/mouhy-charles-de-fieux-memoires-danne-marie-de-moras-comtesse-de-courbon-ecrits-par-elle-meme-et-adressez-a-mademoiselle-de-pensionnaire-au-couvent-du-cherche-midi-premiere-quatrieme-par\/#primaryimage"},"image":{"@id":"https:\/\/clavreuil-wordpress.logiciel-arteo.fr\/en\/mouhy-charles-de-fieux-memoires-danne-marie-de-moras-comtesse-de-courbon-ecrits-par-elle-meme-et-adressez-a-mademoiselle-de-pensionnaire-au-couvent-du-cherche-midi-premiere-quatrieme-par\/#primaryimage"},"thumbnailUrl":"https:\/\/clavreuil-wordpress.logiciel-arteo.fr\/wp-content\/uploads\/2024\/04\/charles-de-fieux-mouhy-memoires-d-anne-marie-de-moras-comtesse-de-courbon-ecrits-par-elle-meme-et-adressez-a-mademoiselle-de-pensionnaire-au-couvent-d.jpg","datePublished":"2024-04-23T14:34:18+00:00","dateModified":"2024-04-23T14:34:49+00:00","breadcrumb":{"@id":"https:\/\/clavreuil-wordpress.logiciel-arteo.fr\/en\/mouhy-charles-de-fieux-memoires-danne-marie-de-moras-comtesse-de-courbon-ecrits-par-elle-meme-et-adressez-a-mademoiselle-de-pensionnaire-au-couvent-du-cherche-midi-premiere-quatrieme-par\/#breadcrumb"},"inLanguage":"en-US","potentialAction":[{"@type":"ReadAction","target":["https:\/\/clavreuil-wordpress.logiciel-arteo.fr\/en\/mouhy-charles-de-fieux-memoires-danne-marie-de-moras-comtesse-de-courbon-ecrits-par-elle-meme-et-adressez-a-mademoiselle-de-pensionnaire-au-couvent-du-cherche-midi-premiere-quatrieme-par\/"]}]},{"@type":"ImageObject","inLanguage":"en-US","@id":"https:\/\/clavreuil-wordpress.logiciel-arteo.fr\/en\/mouhy-charles-de-fieux-memoires-danne-marie-de-moras-comtesse-de-courbon-ecrits-par-elle-meme-et-adressez-a-mademoiselle-de-pensionnaire-au-couvent-du-cherche-midi-premiere-quatrieme-par\/#primaryimage","url":"https:\/\/clavreuil-wordpress.logiciel-arteo.fr\/wp-content\/uploads\/2024\/04\/charles-de-fieux-mouhy-memoires-d-anne-marie-de-moras-comtesse-de-courbon-ecrits-par-elle-meme-et-adressez-a-mademoiselle-de-pensionnaire-au-couvent-d.jpg","contentUrl":"https:\/\/clavreuil-wordpress.logiciel-arteo.fr\/wp-content\/uploads\/2024\/04\/charles-de-fieux-mouhy-memoires-d-anne-marie-de-moras-comtesse-de-courbon-ecrits-par-elle-meme-et-adressez-a-mademoiselle-de-pensionnaire-au-couvent-d.jpg","width":1909,"height":2545},{"@type":"BreadcrumbList","@id":"https:\/\/clavreuil-wordpress.logiciel-arteo.fr\/en\/mouhy-charles-de-fieux-memoires-danne-marie-de-moras-comtesse-de-courbon-ecrits-par-elle-meme-et-adressez-a-mademoiselle-de-pensionnaire-au-couvent-du-cherche-midi-premiere-quatrieme-par\/#breadcrumb","itemListElement":[{"@type":"ListItem","position":1,"name":"Accueil","item":"https:\/\/clavreuil-wordpress.logiciel-arteo.fr\/"},{"@type":"ListItem","position":2,"name":"All our books","item":"https:\/\/clavreuil-wordpress.logiciel-arteo.fr\/en\/all-our-books\/"},{"@type":"ListItem","position":3,"name":"MOUHY Charles de Fieux M\u00e9moires d&#8217;Anne-Marie de Moras,..."}]},{"@type":"WebSite","@id":"https:\/\/clavreuil-wordpress.logiciel-arteo.fr\/#website","url":"https:\/\/clavreuil-wordpress.logiciel-arteo.fr\/","name":"Libairie Clavreuil","description":"","publisher":{"@id":"https:\/\/clavreuil-wordpress.logiciel-arteo.fr\/#organization"},"potentialAction":[{"@type":"SearchAction","target":{"@type":"EntryPoint","urlTemplate":"https:\/\/clavreuil-wordpress.logiciel-arteo.fr\/?s={search_term_string}"},"query-input":{"@type":"PropertyValueSpecification","valueRequired":true,"valueName":"search_term_string"}}],"inLanguage":"en-US"},{"@type":"Organization","@id":"https:\/\/clavreuil-wordpress.logiciel-arteo.fr\/#organization","name":"Libairie Clavreuil","url":"https:\/\/clavreuil-wordpress.logiciel-arteo.fr\/","logo":{"@type":"ImageObject","inLanguage":"en-US","@id":"https:\/\/clavreuil-wordpress.logiciel-arteo.fr\/#\/schema\/logo\/image\/","url":"https:\/\/clavreuil-wordpress.logiciel-arteo.fr\/wp-content\/uploads\/2021\/05\/LOGO_PNG_DATE-_gold.png","contentUrl":"https:\/\/clavreuil-wordpress.logiciel-arteo.fr\/wp-content\/uploads\/2021\/05\/LOGO_PNG_DATE-_gold.png","width":2083,"height":1917,"caption":"Libairie Clavreuil"},"image":{"@id":"https:\/\/clavreuil-wordpress.logiciel-arteo.fr\/#\/schema\/logo\/image\/"}}]}},"_links":{"self":[{"href":"https:\/\/clavreuil-wordpress.logiciel-arteo.fr\/en\/wp-json\/wp\/v2\/product\/74485","targetHints":{"allow":["GET"]}}],"collection":[{"href":"https:\/\/clavreuil-wordpress.logiciel-arteo.fr\/en\/wp-json\/wp\/v2\/product"}],"about":[{"href":"https:\/\/clavreuil-wordpress.logiciel-arteo.fr\/en\/wp-json\/wp\/v2\/types\/product"}],"replies":[{"embeddable":true,"href":"https:\/\/clavreuil-wordpress.logiciel-arteo.fr\/en\/wp-json\/wp\/v2\/comments?post=74485"}],"wp:featuredmedia":[{"embeddable":true,"href":"https:\/\/clavreuil-wordpress.logiciel-arteo.fr\/en\/wp-json\/wp\/v2\/media\/74480"}],"wp:attachment":[{"href":"https:\/\/clavreuil-wordpress.logiciel-arteo.fr\/en\/wp-json\/wp\/v2\/media?parent=74485"}],"wp:term":[{"taxonomy":"product_brand","embeddable":true,"href":"https:\/\/clavreuil-wordpress.logiciel-arteo.fr\/en\/wp-json\/wp\/v2\/product_brand?post=74485"},{"taxonomy":"product_cat","embeddable":true,"href":"https:\/\/clavreuil-wordpress.logiciel-arteo.fr\/en\/wp-json\/wp\/v2\/product_cat?post=74485"},{"taxonomy":"product_tag","embeddable":true,"href":"https:\/\/clavreuil-wordpress.logiciel-arteo.fr\/en\/wp-json\/wp\/v2\/product_tag?post=74485"}],"curies":[{"name":"wp","href":"https:\/\/api.w.org\/{rel}","templated":true}]}}