{"id":74579,"date":"2024-04-23T17:40:22","date_gmt":"2024-04-23T15:40:22","guid":{"rendered":"https:\/\/clavreuil-wordpress.logiciel-arteo.fr\/carre-de-montgeron-l-b-la-verite-des-miracles-operes-a-lintersection-de-m-de-paris-et-autres-appelants-demontree-contre-m-larcheveque-de-sens-suivie-de-continuation-des-demonstrations-de-m\/"},"modified":"2024-04-23T17:41:01","modified_gmt":"2024-04-23T15:41:01","slug":"carre-de-montgeron-l-b-la-verite-des-miracles-operes-a-lintersection-de-m-de-paris-et-autres-appelants-demontree-contre-m-larcheveque-de-sens-suivie-de-continuation-des-demonstrations-de-m","status":"publish","type":"product","link":"https:\/\/clavreuil-wordpress.logiciel-arteo.fr\/en\/carre-de-montgeron-l-b-la-verite-des-miracles-operes-a-lintersection-de-m-de-paris-et-autres-appelants-demontree-contre-m-larcheveque-de-sens-suivie-de-continuation-des-demonstrations-de-m\/","title":{"rendered":"CARRE DE MONTGERON L.B La V\u00e9rit\u00e9 des miracles..."},"content":{"rendered":"<p>This is a more complete edition than the first (published in a single volume in a smaller format, for which the author was imprisoned when he presented his work to the king). It is richly decorated with 28 engraved plates illustrating the condition of the subjects before and after their miraculous recovery.<\/p>\n<p>Catherine Maire notes in her article :&quot; Parmi les &eacute;crits qui ont fait beaucoup de bruit, D&rsquo;Alembert a sans doute entendu parler du gros in-quarto de Carr&eacute; de Montgeron : La V&eacute;rit&eacute; des miracles op&eacute;r&eacute;s &agrave; l&rsquo;intercession de Monsieur de P&acirc;ris d&eacute;montr&eacute;e contre M. l&rsquo;Archev&ecirc;que de Sens, ouvrage d&eacute;di&eacute; au roi, publi&eacute; &agrave; Utrecht en 1737 et auquel son ma&icirc;tre Goujet a collabor&eacute;. L&rsquo;ouvrage pr&eacute;sente le r&eacute;cit de 7 cas de gu&eacute;risons miraculeuses par l&rsquo;intercession du diacre Paris, agr&eacute;ment&eacute;es de superbes gravures ex&eacute;cut&eacute;es d&rsquo;apr&egrave;s des dessins de Jean Restout dont les esquisses sont conserv&eacute;es au Mus&eacute;e des Granges aujourd&rsquo;hui. On y voit le miracul&eacute; avant et apr&egrave;s la gu&eacute;rison, comme dans une publicit&eacute;. Un tiers de l&rsquo;ouvrage est constitu&eacute; par des attestations de parents, de voisins, de notables, de m&eacute;decins et d&rsquo;avocats pour certifier l&rsquo;authenticit&eacute; de la d&eacute;claration. Montgeron soutient que les anges et les d&eacute;mons ne sont que de purs esprits qui n&rsquo;ont pas le pouvoir de remuer les corps&quot;.(<em>Les querelles jans&eacute;nistes de la d&eacute;cennie 1730-1740<\/em>).<\/p>\n<p>The two volumes contain the descriptions observed on 11 miracles (9+2) with their respective justifications.<\/p>\n<p>A very good copy.<\/p>\n","protected":false},"excerpt":{"rendered":"<p>2 volumes 4to (252 x 188 mm) one engraved frontispiece, title, XXII, 36, 5, 64, 38, 84, 46, 56, 34, 83, 65, 63, 34, 47, 24, 40, 18, 13, 12, 33, 23, 20 pp., 19 engraved plates for the volume I; 12, 8, 48, 28, 48, 16, 53, 20, 136, 16, 16, 100, 116, 24, 20 pp., 10 engraved plates for the volume II. Marbled calf, spine gilt with raised bands (<em>contemporary binding<\/em>).<\/p>\n","protected":false},"featured_media":74572,"comment_status":"open","ping_status":"closed","template":"","meta":{"_acf_changed":false},"product_brand":[],"product_cat":[544],"product_tag":[1240,1245,1265,1212],"class_list":{"0":"post-74579","1":"product","2":"type-product","3":"status-publish","4":"has-post-thumbnail","6":"product_cat-literature","7":"product_tag-18th-century-illustrations","8":"product_tag-18th-century-literature","9":"product_tag-christianity","10":"product_tag-esotericism-witchcraft","11":"pa_auteur-l-b-carre-de-montgeron-2","12":"pa_type-de-livre-printed-book","14":"first","15":"instock","16":"shipping-taxable","17":"purchasable","18":"product-type-simple"},"acf":[],"yoast_head":"<!-- This site is optimized with the Yoast SEO plugin v24.3 - https:\/\/yoast.com\/wordpress\/plugins\/seo\/ -->\n<title>CARRE DE MONTGERON L.B La V\u00e9rit\u00e9 des miracles op\u00e9r\u00e9s \u00e0 l&#039;intersection de M. de P\u00e2ris et autres appelants, d\u00e9montr\u00e9e contre M. l&#039;Archev\u00eaque de Sens. [Suivie de : Continuation des demonstrations de miracles...]. - Libairie Clavreuil<\/title>\n<meta name=\"robots\" content=\"noindex, follow, max-snippet:-1, max-image-preview:large, max-video-preview:-1\" \/>\n<meta property=\"og:locale\" content=\"en_US\" \/>\n<meta property=\"og:type\" content=\"article\" \/>\n<meta property=\"og:title\" content=\"CARRE DE MONTGERON L.B La V\u00e9rit\u00e9 des miracles op\u00e9r\u00e9s \u00e0 l&#039;intersection de M. de P\u00e2ris et autres appelants, d\u00e9montr\u00e9e contre M. l&#039;Archev\u00eaque de Sens. [Suivie de : Continuation des demonstrations de miracles...]. - Libairie Clavreuil\" \/>\n<meta property=\"og:description\" content=\"2 volumes 4to (252 x 188 mm) one engraved frontispiece, title, XXII, 36, 5, 64, 38, 84, 46, 56, 34, 83, 65, 63, 34, 47, 24, 40, 18, 13, 12, 33, 23, 20 pp., 19 engraved plates for the volume I; 12, 8, 48, 28, 48, 16, 53, 20, 136, 16, 16, 100, 116, 24, 20 pp., 10 engraved plates for the volume II. Marbled calf, spine gilt with raised bands (contemporary binding).\" \/>\n<meta property=\"og:url\" content=\"https:\/\/clavreuil-wordpress.logiciel-arteo.fr\/en\/carre-de-montgeron-l-b-la-verite-des-miracles-operes-a-lintersection-de-m-de-paris-et-autres-appelants-demontree-contre-m-larcheveque-de-sens-suivie-de-continuation-des-demonstrations-de-m\/\" \/>\n<meta property=\"og:site_name\" content=\"Libairie Clavreuil\" \/>\n<meta property=\"article:modified_time\" content=\"2024-04-23T15:41:01+00:00\" \/>\n<meta property=\"og:image\" content=\"https:\/\/clavreuil-wordpress.logiciel-arteo.fr\/wp-content\/uploads\/2024\/04\/l-b-carre-de-montgeron-la-verite-des-miracles-operes-a-l-intersection-de-m-de-paris-et-autres-appelants-demontree-contre-m-l-archeveque-de-sens-suivie-scaled.jpg\" \/>\n\t<meta property=\"og:image:width\" content=\"1920\" \/>\n\t<meta property=\"og:image:height\" content=\"2560\" \/>\n\t<meta property=\"og:image:type\" content=\"image\/jpeg\" \/>\n<meta name=\"twitter:card\" content=\"summary_large_image\" \/>\n<meta name=\"twitter:label1\" content=\"Est. reading time\" \/>\n\t<meta name=\"twitter:data1\" content=\"2 minutes\" \/>\n<script type=\"application\/ld+json\" class=\"yoast-schema-graph\">{\"@context\":\"https:\/\/schema.org\",\"@graph\":[{\"@type\":\"WebPage\",\"@id\":\"https:\/\/clavreuil-wordpress.logiciel-arteo.fr\/en\/carre-de-montgeron-l-b-la-verite-des-miracles-operes-a-lintersection-de-m-de-paris-et-autres-appelants-demontree-contre-m-larcheveque-de-sens-suivie-de-continuation-des-demonstrations-de-m\/\",\"url\":\"https:\/\/clavreuil-wordpress.logiciel-arteo.fr\/en\/carre-de-montgeron-l-b-la-verite-des-miracles-operes-a-lintersection-de-m-de-paris-et-autres-appelants-demontree-contre-m-larcheveque-de-sens-suivie-de-continuation-des-demonstrations-de-m\/\",\"name\":\"CARRE DE MONTGERON L.B La V\u00e9rit\u00e9 des miracles op\u00e9r\u00e9s \u00e0 l'intersection de M. de P\u00e2ris et autres appelants, d\u00e9montr\u00e9e contre M. l'Archev\u00eaque de Sens. [Suivie de : Continuation des demonstrations de miracles...]. - Libairie Clavreuil\",\"isPartOf\":{\"@id\":\"https:\/\/clavreuil-wordpress.logiciel-arteo.fr\/#website\"},\"primaryImageOfPage\":{\"@id\":\"https:\/\/clavreuil-wordpress.logiciel-arteo.fr\/en\/carre-de-montgeron-l-b-la-verite-des-miracles-operes-a-lintersection-de-m-de-paris-et-autres-appelants-demontree-contre-m-larcheveque-de-sens-suivie-de-continuation-des-demonstrations-de-m\/#primaryimage\"},\"image\":{\"@id\":\"https:\/\/clavreuil-wordpress.logiciel-arteo.fr\/en\/carre-de-montgeron-l-b-la-verite-des-miracles-operes-a-lintersection-de-m-de-paris-et-autres-appelants-demontree-contre-m-larcheveque-de-sens-suivie-de-continuation-des-demonstrations-de-m\/#primaryimage\"},\"thumbnailUrl\":\"https:\/\/clavreuil-wordpress.logiciel-arteo.fr\/wp-content\/uploads\/2024\/04\/l-b-carre-de-montgeron-la-verite-des-miracles-operes-a-l-intersection-de-m-de-paris-et-autres-appelants-demontree-contre-m-l-archeveque-de-sens-suivie-scaled.jpg\",\"datePublished\":\"2024-04-23T15:40:22+00:00\",\"dateModified\":\"2024-04-23T15:41:01+00:00\",\"breadcrumb\":{\"@id\":\"https:\/\/clavreuil-wordpress.logiciel-arteo.fr\/en\/carre-de-montgeron-l-b-la-verite-des-miracles-operes-a-lintersection-de-m-de-paris-et-autres-appelants-demontree-contre-m-larcheveque-de-sens-suivie-de-continuation-des-demonstrations-de-m\/#breadcrumb\"},\"inLanguage\":\"en-US\",\"potentialAction\":[{\"@type\":\"ReadAction\",\"target\":[\"https:\/\/clavreuil-wordpress.logiciel-arteo.fr\/en\/carre-de-montgeron-l-b-la-verite-des-miracles-operes-a-lintersection-de-m-de-paris-et-autres-appelants-demontree-contre-m-larcheveque-de-sens-suivie-de-continuation-des-demonstrations-de-m\/\"]}]},{\"@type\":\"ImageObject\",\"inLanguage\":\"en-US\",\"@id\":\"https:\/\/clavreuil-wordpress.logiciel-arteo.fr\/en\/carre-de-montgeron-l-b-la-verite-des-miracles-operes-a-lintersection-de-m-de-paris-et-autres-appelants-demontree-contre-m-larcheveque-de-sens-suivie-de-continuation-des-demonstrations-de-m\/#primaryimage\",\"url\":\"https:\/\/clavreuil-wordpress.logiciel-arteo.fr\/wp-content\/uploads\/2024\/04\/l-b-carre-de-montgeron-la-verite-des-miracles-operes-a-l-intersection-de-m-de-paris-et-autres-appelants-demontree-contre-m-l-archeveque-de-sens-suivie-scaled.jpg\",\"contentUrl\":\"https:\/\/clavreuil-wordpress.logiciel-arteo.fr\/wp-content\/uploads\/2024\/04\/l-b-carre-de-montgeron-la-verite-des-miracles-operes-a-l-intersection-de-m-de-paris-et-autres-appelants-demontree-contre-m-l-archeveque-de-sens-suivie-scaled.jpg\",\"width\":1920,\"height\":2560},{\"@type\":\"BreadcrumbList\",\"@id\":\"https:\/\/clavreuil-wordpress.logiciel-arteo.fr\/en\/carre-de-montgeron-l-b-la-verite-des-miracles-operes-a-lintersection-de-m-de-paris-et-autres-appelants-demontree-contre-m-larcheveque-de-sens-suivie-de-continuation-des-demonstrations-de-m\/#breadcrumb\",\"itemListElement\":[{\"@type\":\"ListItem\",\"position\":1,\"name\":\"Accueil\",\"item\":\"https:\/\/clavreuil-wordpress.logiciel-arteo.fr\/\"},{\"@type\":\"ListItem\",\"position\":2,\"name\":\"All our books\",\"item\":\"https:\/\/clavreuil-wordpress.logiciel-arteo.fr\/en\/all-our-books\/\"},{\"@type\":\"ListItem\",\"position\":3,\"name\":\"CARRE DE MONTGERON L.B La V\u00e9rit\u00e9 des miracles...\"}]},{\"@type\":\"WebSite\",\"@id\":\"https:\/\/clavreuil-wordpress.logiciel-arteo.fr\/#website\",\"url\":\"https:\/\/clavreuil-wordpress.logiciel-arteo.fr\/\",\"name\":\"Libairie Clavreuil\",\"description\":\"\",\"publisher\":{\"@id\":\"https:\/\/clavreuil-wordpress.logiciel-arteo.fr\/#organization\"},\"potentialAction\":[{\"@type\":\"SearchAction\",\"target\":{\"@type\":\"EntryPoint\",\"urlTemplate\":\"https:\/\/clavreuil-wordpress.logiciel-arteo.fr\/?s={search_term_string}\"},\"query-input\":{\"@type\":\"PropertyValueSpecification\",\"valueRequired\":true,\"valueName\":\"search_term_string\"}}],\"inLanguage\":\"en-US\"},{\"@type\":\"Organization\",\"@id\":\"https:\/\/clavreuil-wordpress.logiciel-arteo.fr\/#organization\",\"name\":\"Libairie Clavreuil\",\"url\":\"https:\/\/clavreuil-wordpress.logiciel-arteo.fr\/\",\"logo\":{\"@type\":\"ImageObject\",\"inLanguage\":\"en-US\",\"@id\":\"https:\/\/clavreuil-wordpress.logiciel-arteo.fr\/#\/schema\/logo\/image\/\",\"url\":\"https:\/\/clavreuil-wordpress.logiciel-arteo.fr\/wp-content\/uploads\/2021\/05\/LOGO_PNG_DATE-_gold.png\",\"contentUrl\":\"https:\/\/clavreuil-wordpress.logiciel-arteo.fr\/wp-content\/uploads\/2021\/05\/LOGO_PNG_DATE-_gold.png\",\"width\":2083,\"height\":1917,\"caption\":\"Libairie Clavreuil\"},\"image\":{\"@id\":\"https:\/\/clavreuil-wordpress.logiciel-arteo.fr\/#\/schema\/logo\/image\/\"}}]}<\/script>\n<!-- \/ Yoast SEO plugin. -->","yoast_head_json":{"title":"CARRE DE MONTGERON L.B La V\u00e9rit\u00e9 des miracles op\u00e9r\u00e9s \u00e0 l'intersection de M. de P\u00e2ris et autres appelants, d\u00e9montr\u00e9e contre M. l'Archev\u00eaque de Sens. [Suivie de : Continuation des demonstrations de miracles...]. - Libairie Clavreuil","robots":{"index":"noindex","follow":"follow","max-snippet":"max-snippet:-1","max-image-preview":"max-image-preview:large","max-video-preview":"max-video-preview:-1"},"og_locale":"en_US","og_type":"article","og_title":"CARRE DE MONTGERON L.B La V\u00e9rit\u00e9 des miracles op\u00e9r\u00e9s \u00e0 l'intersection de M. de P\u00e2ris et autres appelants, d\u00e9montr\u00e9e contre M. l'Archev\u00eaque de Sens. [Suivie de : Continuation des demonstrations de miracles...]. - Libairie Clavreuil","og_description":"2 volumes 4to (252 x 188 mm) one engraved frontispiece, title, XXII, 36, 5, 64, 38, 84, 46, 56, 34, 83, 65, 63, 34, 47, 24, 40, 18, 13, 12, 33, 23, 20 pp., 19 engraved plates for the volume I; 12, 8, 48, 28, 48, 16, 53, 20, 136, 16, 16, 100, 116, 24, 20 pp., 10 engraved plates for the volume II. Marbled calf, spine gilt with raised bands (contemporary binding).","og_url":"https:\/\/clavreuil-wordpress.logiciel-arteo.fr\/en\/carre-de-montgeron-l-b-la-verite-des-miracles-operes-a-lintersection-de-m-de-paris-et-autres-appelants-demontree-contre-m-larcheveque-de-sens-suivie-de-continuation-des-demonstrations-de-m\/","og_site_name":"Libairie Clavreuil","article_modified_time":"2024-04-23T15:41:01+00:00","og_image":[{"width":1920,"height":2560,"url":"https:\/\/clavreuil-wordpress.logiciel-arteo.fr\/wp-content\/uploads\/2024\/04\/l-b-carre-de-montgeron-la-verite-des-miracles-operes-a-l-intersection-de-m-de-paris-et-autres-appelants-demontree-contre-m-l-archeveque-de-sens-suivie-scaled.jpg","type":"image\/jpeg"}],"twitter_card":"summary_large_image","twitter_misc":{"Est. reading time":"2 minutes"},"schema":{"@context":"https:\/\/schema.org","@graph":[{"@type":"WebPage","@id":"https:\/\/clavreuil-wordpress.logiciel-arteo.fr\/en\/carre-de-montgeron-l-b-la-verite-des-miracles-operes-a-lintersection-de-m-de-paris-et-autres-appelants-demontree-contre-m-larcheveque-de-sens-suivie-de-continuation-des-demonstrations-de-m\/","url":"https:\/\/clavreuil-wordpress.logiciel-arteo.fr\/en\/carre-de-montgeron-l-b-la-verite-des-miracles-operes-a-lintersection-de-m-de-paris-et-autres-appelants-demontree-contre-m-larcheveque-de-sens-suivie-de-continuation-des-demonstrations-de-m\/","name":"CARRE DE MONTGERON L.B La V\u00e9rit\u00e9 des miracles op\u00e9r\u00e9s \u00e0 l'intersection de M. de P\u00e2ris et autres appelants, d\u00e9montr\u00e9e contre M. l'Archev\u00eaque de Sens. [Suivie de : Continuation des demonstrations de miracles...]. - Libairie Clavreuil","isPartOf":{"@id":"https:\/\/clavreuil-wordpress.logiciel-arteo.fr\/#website"},"primaryImageOfPage":{"@id":"https:\/\/clavreuil-wordpress.logiciel-arteo.fr\/en\/carre-de-montgeron-l-b-la-verite-des-miracles-operes-a-lintersection-de-m-de-paris-et-autres-appelants-demontree-contre-m-larcheveque-de-sens-suivie-de-continuation-des-demonstrations-de-m\/#primaryimage"},"image":{"@id":"https:\/\/clavreuil-wordpress.logiciel-arteo.fr\/en\/carre-de-montgeron-l-b-la-verite-des-miracles-operes-a-lintersection-de-m-de-paris-et-autres-appelants-demontree-contre-m-larcheveque-de-sens-suivie-de-continuation-des-demonstrations-de-m\/#primaryimage"},"thumbnailUrl":"https:\/\/clavreuil-wordpress.logiciel-arteo.fr\/wp-content\/uploads\/2024\/04\/l-b-carre-de-montgeron-la-verite-des-miracles-operes-a-l-intersection-de-m-de-paris-et-autres-appelants-demontree-contre-m-l-archeveque-de-sens-suivie-scaled.jpg","datePublished":"2024-04-23T15:40:22+00:00","dateModified":"2024-04-23T15:41:01+00:00","breadcrumb":{"@id":"https:\/\/clavreuil-wordpress.logiciel-arteo.fr\/en\/carre-de-montgeron-l-b-la-verite-des-miracles-operes-a-lintersection-de-m-de-paris-et-autres-appelants-demontree-contre-m-larcheveque-de-sens-suivie-de-continuation-des-demonstrations-de-m\/#breadcrumb"},"inLanguage":"en-US","potentialAction":[{"@type":"ReadAction","target":["https:\/\/clavreuil-wordpress.logiciel-arteo.fr\/en\/carre-de-montgeron-l-b-la-verite-des-miracles-operes-a-lintersection-de-m-de-paris-et-autres-appelants-demontree-contre-m-larcheveque-de-sens-suivie-de-continuation-des-demonstrations-de-m\/"]}]},{"@type":"ImageObject","inLanguage":"en-US","@id":"https:\/\/clavreuil-wordpress.logiciel-arteo.fr\/en\/carre-de-montgeron-l-b-la-verite-des-miracles-operes-a-lintersection-de-m-de-paris-et-autres-appelants-demontree-contre-m-larcheveque-de-sens-suivie-de-continuation-des-demonstrations-de-m\/#primaryimage","url":"https:\/\/clavreuil-wordpress.logiciel-arteo.fr\/wp-content\/uploads\/2024\/04\/l-b-carre-de-montgeron-la-verite-des-miracles-operes-a-l-intersection-de-m-de-paris-et-autres-appelants-demontree-contre-m-l-archeveque-de-sens-suivie-scaled.jpg","contentUrl":"https:\/\/clavreuil-wordpress.logiciel-arteo.fr\/wp-content\/uploads\/2024\/04\/l-b-carre-de-montgeron-la-verite-des-miracles-operes-a-l-intersection-de-m-de-paris-et-autres-appelants-demontree-contre-m-l-archeveque-de-sens-suivie-scaled.jpg","width":1920,"height":2560},{"@type":"BreadcrumbList","@id":"https:\/\/clavreuil-wordpress.logiciel-arteo.fr\/en\/carre-de-montgeron-l-b-la-verite-des-miracles-operes-a-lintersection-de-m-de-paris-et-autres-appelants-demontree-contre-m-larcheveque-de-sens-suivie-de-continuation-des-demonstrations-de-m\/#breadcrumb","itemListElement":[{"@type":"ListItem","position":1,"name":"Accueil","item":"https:\/\/clavreuil-wordpress.logiciel-arteo.fr\/"},{"@type":"ListItem","position":2,"name":"All our books","item":"https:\/\/clavreuil-wordpress.logiciel-arteo.fr\/en\/all-our-books\/"},{"@type":"ListItem","position":3,"name":"CARRE DE MONTGERON L.B La V\u00e9rit\u00e9 des miracles..."}]},{"@type":"WebSite","@id":"https:\/\/clavreuil-wordpress.logiciel-arteo.fr\/#website","url":"https:\/\/clavreuil-wordpress.logiciel-arteo.fr\/","name":"Libairie Clavreuil","description":"","publisher":{"@id":"https:\/\/clavreuil-wordpress.logiciel-arteo.fr\/#organization"},"potentialAction":[{"@type":"SearchAction","target":{"@type":"EntryPoint","urlTemplate":"https:\/\/clavreuil-wordpress.logiciel-arteo.fr\/?s={search_term_string}"},"query-input":{"@type":"PropertyValueSpecification","valueRequired":true,"valueName":"search_term_string"}}],"inLanguage":"en-US"},{"@type":"Organization","@id":"https:\/\/clavreuil-wordpress.logiciel-arteo.fr\/#organization","name":"Libairie Clavreuil","url":"https:\/\/clavreuil-wordpress.logiciel-arteo.fr\/","logo":{"@type":"ImageObject","inLanguage":"en-US","@id":"https:\/\/clavreuil-wordpress.logiciel-arteo.fr\/#\/schema\/logo\/image\/","url":"https:\/\/clavreuil-wordpress.logiciel-arteo.fr\/wp-content\/uploads\/2021\/05\/LOGO_PNG_DATE-_gold.png","contentUrl":"https:\/\/clavreuil-wordpress.logiciel-arteo.fr\/wp-content\/uploads\/2021\/05\/LOGO_PNG_DATE-_gold.png","width":2083,"height":1917,"caption":"Libairie Clavreuil"},"image":{"@id":"https:\/\/clavreuil-wordpress.logiciel-arteo.fr\/#\/schema\/logo\/image\/"}}]}},"_links":{"self":[{"href":"https:\/\/clavreuil-wordpress.logiciel-arteo.fr\/en\/wp-json\/wp\/v2\/product\/74579","targetHints":{"allow":["GET"]}}],"collection":[{"href":"https:\/\/clavreuil-wordpress.logiciel-arteo.fr\/en\/wp-json\/wp\/v2\/product"}],"about":[{"href":"https:\/\/clavreuil-wordpress.logiciel-arteo.fr\/en\/wp-json\/wp\/v2\/types\/product"}],"replies":[{"embeddable":true,"href":"https:\/\/clavreuil-wordpress.logiciel-arteo.fr\/en\/wp-json\/wp\/v2\/comments?post=74579"}],"wp:featuredmedia":[{"embeddable":true,"href":"https:\/\/clavreuil-wordpress.logiciel-arteo.fr\/en\/wp-json\/wp\/v2\/media\/74572"}],"wp:attachment":[{"href":"https:\/\/clavreuil-wordpress.logiciel-arteo.fr\/en\/wp-json\/wp\/v2\/media?parent=74579"}],"wp:term":[{"taxonomy":"product_brand","embeddable":true,"href":"https:\/\/clavreuil-wordpress.logiciel-arteo.fr\/en\/wp-json\/wp\/v2\/product_brand?post=74579"},{"taxonomy":"product_cat","embeddable":true,"href":"https:\/\/clavreuil-wordpress.logiciel-arteo.fr\/en\/wp-json\/wp\/v2\/product_cat?post=74579"},{"taxonomy":"product_tag","embeddable":true,"href":"https:\/\/clavreuil-wordpress.logiciel-arteo.fr\/en\/wp-json\/wp\/v2\/product_tag?post=74579"}],"curies":[{"name":"wp","href":"https:\/\/api.w.org\/{rel}","templated":true}]}}