{"id":74639,"date":"2024-04-23T17:51:51","date_gmt":"2024-04-23T15:51:51","guid":{"rendered":"https:\/\/clavreuil-wordpress.logiciel-arteo.fr\/faerno-gabriele-cent-fables-choisies-des-anciens-auteurs-mises-en-vers-latins-par-gabriel-faerne-et-traduites-par-mr-perrault-de-lacademie-francoise-avec-de-nouvelles-figures-en-taille-douce\/"},"modified":"2024-04-23T17:52:37","modified_gmt":"2024-04-23T15:52:37","slug":"faerno-gabriele-cent-fables-choisies-des-anciens-auteurs-mises-en-vers-latins-par-gabriel-faerne-et-traduites-par-mr-perrault-de-lacademie-francoise-avec-de-nouvelles-figures-en-taille-douce","status":"publish","type":"product","link":"https:\/\/clavreuil-wordpress.logiciel-arteo.fr\/en\/faerno-gabriele-cent-fables-choisies-des-anciens-auteurs-mises-en-vers-latins-par-gabriel-faerne-et-traduites-par-mr-perrault-de-lacademie-francoise-avec-de-nouvelles-figures-en-taille-douce\/","title":{"rendered":"FAERNO Gabriele Cent fables choisies des anciens auteurs,..."},"content":{"rendered":"<p style=\"text-align:justify\"><em>Praz, p. 332 : &quot;Not an emblem-book proper, but a work to be classified in the cognate genre of apologues. Included however, in this edition as well as in later ones, in some catalogues of emblems&quot; ; Cohen-De Ricci, 371.<\/em><\/p>\n<p style=\"text-align:justify\">Beautifully illustrated book on Fables close in style to Books on Emblem.<\/p>\n<p style=\"text-align:justify\">The neo-Latin poet Gabriele Faerno (Cremona, ca. 1510-1561), whose patron was Cardinal Giovanni Angelo Medici di Marignano &#8211; pope between 1559 and 1565 under the name of Pius IV &#8211; composed these fables, renowned for their elegance, the discovery of those written by Phaedra.<\/p>\n<p style=\"text-align:justify\">The first edition appeared after Faerno&#039;s death in 1564. A century later, Charles Perrault produced a French translation, published in 1699. This very carefully produced edition presents the original text followed by Perrault&#039;s version. It is illustrated with 101 copper-engraved figures, including a frontispiece signed by Claude Du Bosc showing Aesop surrounded by a great variety of animals, and 100 unsigned head vignettes (9 x 11 cm).<\/p>\n<p style=\"text-align:justify\">As Mario Praz points out, this suite is comparable to the emblematic genre, with its enigmatic character and austere elegance, softened by the graceful cut of an anonymous 18th-century artist. Charming scenes depicting nature and animal life are interspersed with some mythological compositions, or natural disasters, quickly overshadowed by peaceful genre paintings. Other cuts are devoted to hunting.<\/p>\n<p style=\"text-align:justify\">The introductory pieces include other neo-Latin poems by Faerno, as well as prefaces and epistles dedicated to the Cremonese fabulist.<\/p>\n<p style=\"text-align:justify\">A very fine copy, neatly bound; shelf-mark with manuscript at foot of spine.<\/p>\n<p style=\"text-align:justify\">The first endpaper bears the handwritten bookplate of Baron Joseph Maria Christoph von Lassberg (1770-1855), a German antiquarian, literary historian and collector who owned, in his castle of Meersburg on Lake Constance, a library of 12,000 rare books and 273 precious manuscripts, among them the famous codex of the Nibelungenlied known as the Hohenems manuscript or C manuscript. After Baron von Lassberg&#039;s death, his library was donated to his home town Donaueschingen. A very fine copy.<\/p>\n","protected":false},"excerpt":{"rendered":"<p>4to (255 x 198 mm) 13 un.l. including the engraved frontispiece, 238 pp., 2 un.l.. Contemporary stiff vellum, manuscript title on spine, red speckled edges.<\/p>\n","protected":false},"featured_media":74628,"comment_status":"open","ping_status":"closed","template":"","meta":{"_acf_changed":false},"product_brand":[],"product_cat":[544],"product_tag":[1240,1245,1249],"class_list":{"0":"post-74639","1":"product","2":"type-product","3":"status-publish","4":"has-post-thumbnail","6":"product_cat-literature","7":"product_tag-18th-century-illustrations","8":"product_tag-18th-century-literature","9":"product_tag-emblems","10":"pa_auteur-gabriele-faerno-2","11":"pa_type-de-livre-printed-book","13":"first","14":"instock","15":"shipping-taxable","16":"purchasable","17":"product-type-simple"},"acf":[],"yoast_head":"<!-- This site is optimized with the Yoast SEO plugin v24.3 - https:\/\/yoast.com\/wordpress\/plugins\/seo\/ -->\n<title>FAERNO Gabriele Cent fables choisies des anciens auteurs, mises en Vers Latins par Gabriel Faerne, et traduites par Mr. Perrault, de l&#039;Acad\u00e9mie Fran\u00e7oise. Avec de nouvelles Figures en Taille-douce [titre en latin et en fran\u00e7ais sur deux feuillets]. - Libairie Clavreuil<\/title>\n<meta name=\"robots\" content=\"noindex, follow, max-snippet:-1, max-image-preview:large, max-video-preview:-1\" \/>\n<meta property=\"og:locale\" content=\"en_US\" \/>\n<meta property=\"og:type\" content=\"article\" \/>\n<meta property=\"og:title\" content=\"FAERNO Gabriele Cent fables choisies des anciens auteurs, mises en Vers Latins par Gabriel Faerne, et traduites par Mr. Perrault, de l&#039;Acad\u00e9mie Fran\u00e7oise. Avec de nouvelles Figures en Taille-douce [titre en latin et en fran\u00e7ais sur deux feuillets]. - Libairie Clavreuil\" \/>\n<meta property=\"og:description\" content=\"4to (255 x 198 mm) 13 un.l. including the engraved frontispiece, 238 pp., 2 un.l.. Contemporary stiff vellum, manuscript title on spine, red speckled edges.\" \/>\n<meta property=\"og:url\" content=\"https:\/\/clavreuil-wordpress.logiciel-arteo.fr\/en\/faerno-gabriele-cent-fables-choisies-des-anciens-auteurs-mises-en-vers-latins-par-gabriel-faerne-et-traduites-par-mr-perrault-de-lacademie-francoise-avec-de-nouvelles-figures-en-taille-douce\/\" \/>\n<meta property=\"og:site_name\" content=\"Libairie Clavreuil\" \/>\n<meta property=\"article:modified_time\" content=\"2024-04-23T15:52:37+00:00\" \/>\n<meta property=\"og:image\" content=\"https:\/\/clavreuil-wordpress.logiciel-arteo.fr\/wp-content\/uploads\/2024\/04\/gabriele-faerno-cent-fables-choisies-des-anciens-auteurs-mises-en-vers-latins-par-gabriel-faerne-et-traduites-par-mr-perrault-de-l-academie-francoise--scaled.jpg\" \/>\n\t<meta property=\"og:image:width\" content=\"1915\" \/>\n\t<meta property=\"og:image:height\" content=\"2560\" \/>\n\t<meta property=\"og:image:type\" content=\"image\/jpeg\" \/>\n<meta name=\"twitter:card\" content=\"summary_large_image\" \/>\n<meta name=\"twitter:label1\" content=\"Est. reading time\" \/>\n\t<meta name=\"twitter:data1\" content=\"2 minutes\" \/>\n<script type=\"application\/ld+json\" class=\"yoast-schema-graph\">{\"@context\":\"https:\/\/schema.org\",\"@graph\":[{\"@type\":\"WebPage\",\"@id\":\"https:\/\/clavreuil-wordpress.logiciel-arteo.fr\/en\/faerno-gabriele-cent-fables-choisies-des-anciens-auteurs-mises-en-vers-latins-par-gabriel-faerne-et-traduites-par-mr-perrault-de-lacademie-francoise-avec-de-nouvelles-figures-en-taille-douce\/\",\"url\":\"https:\/\/clavreuil-wordpress.logiciel-arteo.fr\/en\/faerno-gabriele-cent-fables-choisies-des-anciens-auteurs-mises-en-vers-latins-par-gabriel-faerne-et-traduites-par-mr-perrault-de-lacademie-francoise-avec-de-nouvelles-figures-en-taille-douce\/\",\"name\":\"FAERNO Gabriele Cent fables choisies des anciens auteurs, mises en Vers Latins par Gabriel Faerne, et traduites par Mr. Perrault, de l'Acad\u00e9mie Fran\u00e7oise. Avec de nouvelles Figures en Taille-douce [titre en latin et en fran\u00e7ais sur deux feuillets]. - Libairie Clavreuil\",\"isPartOf\":{\"@id\":\"https:\/\/clavreuil-wordpress.logiciel-arteo.fr\/#website\"},\"primaryImageOfPage\":{\"@id\":\"https:\/\/clavreuil-wordpress.logiciel-arteo.fr\/en\/faerno-gabriele-cent-fables-choisies-des-anciens-auteurs-mises-en-vers-latins-par-gabriel-faerne-et-traduites-par-mr-perrault-de-lacademie-francoise-avec-de-nouvelles-figures-en-taille-douce\/#primaryimage\"},\"image\":{\"@id\":\"https:\/\/clavreuil-wordpress.logiciel-arteo.fr\/en\/faerno-gabriele-cent-fables-choisies-des-anciens-auteurs-mises-en-vers-latins-par-gabriel-faerne-et-traduites-par-mr-perrault-de-lacademie-francoise-avec-de-nouvelles-figures-en-taille-douce\/#primaryimage\"},\"thumbnailUrl\":\"https:\/\/clavreuil-wordpress.logiciel-arteo.fr\/wp-content\/uploads\/2024\/04\/gabriele-faerno-cent-fables-choisies-des-anciens-auteurs-mises-en-vers-latins-par-gabriel-faerne-et-traduites-par-mr-perrault-de-l-academie-francoise--scaled.jpg\",\"datePublished\":\"2024-04-23T15:51:51+00:00\",\"dateModified\":\"2024-04-23T15:52:37+00:00\",\"breadcrumb\":{\"@id\":\"https:\/\/clavreuil-wordpress.logiciel-arteo.fr\/en\/faerno-gabriele-cent-fables-choisies-des-anciens-auteurs-mises-en-vers-latins-par-gabriel-faerne-et-traduites-par-mr-perrault-de-lacademie-francoise-avec-de-nouvelles-figures-en-taille-douce\/#breadcrumb\"},\"inLanguage\":\"en-US\",\"potentialAction\":[{\"@type\":\"ReadAction\",\"target\":[\"https:\/\/clavreuil-wordpress.logiciel-arteo.fr\/en\/faerno-gabriele-cent-fables-choisies-des-anciens-auteurs-mises-en-vers-latins-par-gabriel-faerne-et-traduites-par-mr-perrault-de-lacademie-francoise-avec-de-nouvelles-figures-en-taille-douce\/\"]}]},{\"@type\":\"ImageObject\",\"inLanguage\":\"en-US\",\"@id\":\"https:\/\/clavreuil-wordpress.logiciel-arteo.fr\/en\/faerno-gabriele-cent-fables-choisies-des-anciens-auteurs-mises-en-vers-latins-par-gabriel-faerne-et-traduites-par-mr-perrault-de-lacademie-francoise-avec-de-nouvelles-figures-en-taille-douce\/#primaryimage\",\"url\":\"https:\/\/clavreuil-wordpress.logiciel-arteo.fr\/wp-content\/uploads\/2024\/04\/gabriele-faerno-cent-fables-choisies-des-anciens-auteurs-mises-en-vers-latins-par-gabriel-faerne-et-traduites-par-mr-perrault-de-l-academie-francoise--scaled.jpg\",\"contentUrl\":\"https:\/\/clavreuil-wordpress.logiciel-arteo.fr\/wp-content\/uploads\/2024\/04\/gabriele-faerno-cent-fables-choisies-des-anciens-auteurs-mises-en-vers-latins-par-gabriel-faerne-et-traduites-par-mr-perrault-de-l-academie-francoise--scaled.jpg\",\"width\":1915,\"height\":2560},{\"@type\":\"BreadcrumbList\",\"@id\":\"https:\/\/clavreuil-wordpress.logiciel-arteo.fr\/en\/faerno-gabriele-cent-fables-choisies-des-anciens-auteurs-mises-en-vers-latins-par-gabriel-faerne-et-traduites-par-mr-perrault-de-lacademie-francoise-avec-de-nouvelles-figures-en-taille-douce\/#breadcrumb\",\"itemListElement\":[{\"@type\":\"ListItem\",\"position\":1,\"name\":\"Accueil\",\"item\":\"https:\/\/clavreuil-wordpress.logiciel-arteo.fr\/\"},{\"@type\":\"ListItem\",\"position\":2,\"name\":\"All our books\",\"item\":\"https:\/\/clavreuil-wordpress.logiciel-arteo.fr\/en\/all-our-books\/\"},{\"@type\":\"ListItem\",\"position\":3,\"name\":\"FAERNO Gabriele Cent fables choisies des anciens auteurs,...\"}]},{\"@type\":\"WebSite\",\"@id\":\"https:\/\/clavreuil-wordpress.logiciel-arteo.fr\/#website\",\"url\":\"https:\/\/clavreuil-wordpress.logiciel-arteo.fr\/\",\"name\":\"Libairie Clavreuil\",\"description\":\"\",\"publisher\":{\"@id\":\"https:\/\/clavreuil-wordpress.logiciel-arteo.fr\/#organization\"},\"potentialAction\":[{\"@type\":\"SearchAction\",\"target\":{\"@type\":\"EntryPoint\",\"urlTemplate\":\"https:\/\/clavreuil-wordpress.logiciel-arteo.fr\/?s={search_term_string}\"},\"query-input\":{\"@type\":\"PropertyValueSpecification\",\"valueRequired\":true,\"valueName\":\"search_term_string\"}}],\"inLanguage\":\"en-US\"},{\"@type\":\"Organization\",\"@id\":\"https:\/\/clavreuil-wordpress.logiciel-arteo.fr\/#organization\",\"name\":\"Libairie Clavreuil\",\"url\":\"https:\/\/clavreuil-wordpress.logiciel-arteo.fr\/\",\"logo\":{\"@type\":\"ImageObject\",\"inLanguage\":\"en-US\",\"@id\":\"https:\/\/clavreuil-wordpress.logiciel-arteo.fr\/#\/schema\/logo\/image\/\",\"url\":\"https:\/\/clavreuil-wordpress.logiciel-arteo.fr\/wp-content\/uploads\/2021\/05\/LOGO_PNG_DATE-_gold.png\",\"contentUrl\":\"https:\/\/clavreuil-wordpress.logiciel-arteo.fr\/wp-content\/uploads\/2021\/05\/LOGO_PNG_DATE-_gold.png\",\"width\":2083,\"height\":1917,\"caption\":\"Libairie Clavreuil\"},\"image\":{\"@id\":\"https:\/\/clavreuil-wordpress.logiciel-arteo.fr\/#\/schema\/logo\/image\/\"}}]}<\/script>\n<!-- \/ Yoast SEO plugin. -->","yoast_head_json":{"title":"FAERNO Gabriele Cent fables choisies des anciens auteurs, mises en Vers Latins par Gabriel Faerne, et traduites par Mr. Perrault, de l'Acad\u00e9mie Fran\u00e7oise. Avec de nouvelles Figures en Taille-douce [titre en latin et en fran\u00e7ais sur deux feuillets]. - Libairie Clavreuil","robots":{"index":"noindex","follow":"follow","max-snippet":"max-snippet:-1","max-image-preview":"max-image-preview:large","max-video-preview":"max-video-preview:-1"},"og_locale":"en_US","og_type":"article","og_title":"FAERNO Gabriele Cent fables choisies des anciens auteurs, mises en Vers Latins par Gabriel Faerne, et traduites par Mr. Perrault, de l'Acad\u00e9mie Fran\u00e7oise. Avec de nouvelles Figures en Taille-douce [titre en latin et en fran\u00e7ais sur deux feuillets]. - Libairie Clavreuil","og_description":"4to (255 x 198 mm) 13 un.l. including the engraved frontispiece, 238 pp., 2 un.l.. Contemporary stiff vellum, manuscript title on spine, red speckled edges.","og_url":"https:\/\/clavreuil-wordpress.logiciel-arteo.fr\/en\/faerno-gabriele-cent-fables-choisies-des-anciens-auteurs-mises-en-vers-latins-par-gabriel-faerne-et-traduites-par-mr-perrault-de-lacademie-francoise-avec-de-nouvelles-figures-en-taille-douce\/","og_site_name":"Libairie Clavreuil","article_modified_time":"2024-04-23T15:52:37+00:00","og_image":[{"width":1915,"height":2560,"url":"https:\/\/clavreuil-wordpress.logiciel-arteo.fr\/wp-content\/uploads\/2024\/04\/gabriele-faerno-cent-fables-choisies-des-anciens-auteurs-mises-en-vers-latins-par-gabriel-faerne-et-traduites-par-mr-perrault-de-l-academie-francoise--scaled.jpg","type":"image\/jpeg"}],"twitter_card":"summary_large_image","twitter_misc":{"Est. reading time":"2 minutes"},"schema":{"@context":"https:\/\/schema.org","@graph":[{"@type":"WebPage","@id":"https:\/\/clavreuil-wordpress.logiciel-arteo.fr\/en\/faerno-gabriele-cent-fables-choisies-des-anciens-auteurs-mises-en-vers-latins-par-gabriel-faerne-et-traduites-par-mr-perrault-de-lacademie-francoise-avec-de-nouvelles-figures-en-taille-douce\/","url":"https:\/\/clavreuil-wordpress.logiciel-arteo.fr\/en\/faerno-gabriele-cent-fables-choisies-des-anciens-auteurs-mises-en-vers-latins-par-gabriel-faerne-et-traduites-par-mr-perrault-de-lacademie-francoise-avec-de-nouvelles-figures-en-taille-douce\/","name":"FAERNO Gabriele Cent fables choisies des anciens auteurs, mises en Vers Latins par Gabriel Faerne, et traduites par Mr. Perrault, de l'Acad\u00e9mie Fran\u00e7oise. Avec de nouvelles Figures en Taille-douce [titre en latin et en fran\u00e7ais sur deux feuillets]. - Libairie Clavreuil","isPartOf":{"@id":"https:\/\/clavreuil-wordpress.logiciel-arteo.fr\/#website"},"primaryImageOfPage":{"@id":"https:\/\/clavreuil-wordpress.logiciel-arteo.fr\/en\/faerno-gabriele-cent-fables-choisies-des-anciens-auteurs-mises-en-vers-latins-par-gabriel-faerne-et-traduites-par-mr-perrault-de-lacademie-francoise-avec-de-nouvelles-figures-en-taille-douce\/#primaryimage"},"image":{"@id":"https:\/\/clavreuil-wordpress.logiciel-arteo.fr\/en\/faerno-gabriele-cent-fables-choisies-des-anciens-auteurs-mises-en-vers-latins-par-gabriel-faerne-et-traduites-par-mr-perrault-de-lacademie-francoise-avec-de-nouvelles-figures-en-taille-douce\/#primaryimage"},"thumbnailUrl":"https:\/\/clavreuil-wordpress.logiciel-arteo.fr\/wp-content\/uploads\/2024\/04\/gabriele-faerno-cent-fables-choisies-des-anciens-auteurs-mises-en-vers-latins-par-gabriel-faerne-et-traduites-par-mr-perrault-de-l-academie-francoise--scaled.jpg","datePublished":"2024-04-23T15:51:51+00:00","dateModified":"2024-04-23T15:52:37+00:00","breadcrumb":{"@id":"https:\/\/clavreuil-wordpress.logiciel-arteo.fr\/en\/faerno-gabriele-cent-fables-choisies-des-anciens-auteurs-mises-en-vers-latins-par-gabriel-faerne-et-traduites-par-mr-perrault-de-lacademie-francoise-avec-de-nouvelles-figures-en-taille-douce\/#breadcrumb"},"inLanguage":"en-US","potentialAction":[{"@type":"ReadAction","target":["https:\/\/clavreuil-wordpress.logiciel-arteo.fr\/en\/faerno-gabriele-cent-fables-choisies-des-anciens-auteurs-mises-en-vers-latins-par-gabriel-faerne-et-traduites-par-mr-perrault-de-lacademie-francoise-avec-de-nouvelles-figures-en-taille-douce\/"]}]},{"@type":"ImageObject","inLanguage":"en-US","@id":"https:\/\/clavreuil-wordpress.logiciel-arteo.fr\/en\/faerno-gabriele-cent-fables-choisies-des-anciens-auteurs-mises-en-vers-latins-par-gabriel-faerne-et-traduites-par-mr-perrault-de-lacademie-francoise-avec-de-nouvelles-figures-en-taille-douce\/#primaryimage","url":"https:\/\/clavreuil-wordpress.logiciel-arteo.fr\/wp-content\/uploads\/2024\/04\/gabriele-faerno-cent-fables-choisies-des-anciens-auteurs-mises-en-vers-latins-par-gabriel-faerne-et-traduites-par-mr-perrault-de-l-academie-francoise--scaled.jpg","contentUrl":"https:\/\/clavreuil-wordpress.logiciel-arteo.fr\/wp-content\/uploads\/2024\/04\/gabriele-faerno-cent-fables-choisies-des-anciens-auteurs-mises-en-vers-latins-par-gabriel-faerne-et-traduites-par-mr-perrault-de-l-academie-francoise--scaled.jpg","width":1915,"height":2560},{"@type":"BreadcrumbList","@id":"https:\/\/clavreuil-wordpress.logiciel-arteo.fr\/en\/faerno-gabriele-cent-fables-choisies-des-anciens-auteurs-mises-en-vers-latins-par-gabriel-faerne-et-traduites-par-mr-perrault-de-lacademie-francoise-avec-de-nouvelles-figures-en-taille-douce\/#breadcrumb","itemListElement":[{"@type":"ListItem","position":1,"name":"Accueil","item":"https:\/\/clavreuil-wordpress.logiciel-arteo.fr\/"},{"@type":"ListItem","position":2,"name":"All our books","item":"https:\/\/clavreuil-wordpress.logiciel-arteo.fr\/en\/all-our-books\/"},{"@type":"ListItem","position":3,"name":"FAERNO Gabriele Cent fables choisies des anciens auteurs,..."}]},{"@type":"WebSite","@id":"https:\/\/clavreuil-wordpress.logiciel-arteo.fr\/#website","url":"https:\/\/clavreuil-wordpress.logiciel-arteo.fr\/","name":"Libairie Clavreuil","description":"","publisher":{"@id":"https:\/\/clavreuil-wordpress.logiciel-arteo.fr\/#organization"},"potentialAction":[{"@type":"SearchAction","target":{"@type":"EntryPoint","urlTemplate":"https:\/\/clavreuil-wordpress.logiciel-arteo.fr\/?s={search_term_string}"},"query-input":{"@type":"PropertyValueSpecification","valueRequired":true,"valueName":"search_term_string"}}],"inLanguage":"en-US"},{"@type":"Organization","@id":"https:\/\/clavreuil-wordpress.logiciel-arteo.fr\/#organization","name":"Libairie Clavreuil","url":"https:\/\/clavreuil-wordpress.logiciel-arteo.fr\/","logo":{"@type":"ImageObject","inLanguage":"en-US","@id":"https:\/\/clavreuil-wordpress.logiciel-arteo.fr\/#\/schema\/logo\/image\/","url":"https:\/\/clavreuil-wordpress.logiciel-arteo.fr\/wp-content\/uploads\/2021\/05\/LOGO_PNG_DATE-_gold.png","contentUrl":"https:\/\/clavreuil-wordpress.logiciel-arteo.fr\/wp-content\/uploads\/2021\/05\/LOGO_PNG_DATE-_gold.png","width":2083,"height":1917,"caption":"Libairie Clavreuil"},"image":{"@id":"https:\/\/clavreuil-wordpress.logiciel-arteo.fr\/#\/schema\/logo\/image\/"}}]}},"_links":{"self":[{"href":"https:\/\/clavreuil-wordpress.logiciel-arteo.fr\/en\/wp-json\/wp\/v2\/product\/74639","targetHints":{"allow":["GET"]}}],"collection":[{"href":"https:\/\/clavreuil-wordpress.logiciel-arteo.fr\/en\/wp-json\/wp\/v2\/product"}],"about":[{"href":"https:\/\/clavreuil-wordpress.logiciel-arteo.fr\/en\/wp-json\/wp\/v2\/types\/product"}],"replies":[{"embeddable":true,"href":"https:\/\/clavreuil-wordpress.logiciel-arteo.fr\/en\/wp-json\/wp\/v2\/comments?post=74639"}],"wp:featuredmedia":[{"embeddable":true,"href":"https:\/\/clavreuil-wordpress.logiciel-arteo.fr\/en\/wp-json\/wp\/v2\/media\/74628"}],"wp:attachment":[{"href":"https:\/\/clavreuil-wordpress.logiciel-arteo.fr\/en\/wp-json\/wp\/v2\/media?parent=74639"}],"wp:term":[{"taxonomy":"product_brand","embeddable":true,"href":"https:\/\/clavreuil-wordpress.logiciel-arteo.fr\/en\/wp-json\/wp\/v2\/product_brand?post=74639"},{"taxonomy":"product_cat","embeddable":true,"href":"https:\/\/clavreuil-wordpress.logiciel-arteo.fr\/en\/wp-json\/wp\/v2\/product_cat?post=74639"},{"taxonomy":"product_tag","embeddable":true,"href":"https:\/\/clavreuil-wordpress.logiciel-arteo.fr\/en\/wp-json\/wp\/v2\/product_tag?post=74639"}],"curies":[{"name":"wp","href":"https:\/\/api.w.org\/{rel}","templated":true}]}}