{"id":74663,"date":"2024-04-23T18:02:28","date_gmt":"2024-04-23T16:02:28","guid":{"rendered":"https:\/\/clavreuil-wordpress.logiciel-arteo.fr\/gautier-dagoty-jacques-fabien-journal-dedie-a-monsieur-frere-du-roi-table-generale-des-journaux-anciens-et-modernes-contenant-les-jugemens-des-journalistes-sur-les-principaux-ouvrages-en-tout-ge\/"},"modified":"2024-04-23T18:03:12","modified_gmt":"2024-04-23T16:03:12","slug":"gautier-dagoty-jacques-fabien-journal-dedie-a-monsieur-frere-du-roi-table-generale-des-journaux-anciens-et-modernes-contenant-les-jugemens-des-journalistes-sur-les-principaux-ouvrages-en-tout-ge","status":"publish","type":"product","link":"https:\/\/clavreuil-wordpress.logiciel-arteo.fr\/en\/gautier-dagoty-jacques-fabien-journal-dedie-a-monsieur-frere-du-roi-table-generale-des-journaux-anciens-et-modernes-contenant-les-jugemens-des-journalistes-sur-les-principaux-ouvrages-en-tout-ge\/","title":{"rendered":"GAUTIER D&#8217;AGOTY Jacques Fabien Journal d\u00e9di\u00e9 \u00e0 Monsieur,..."},"content":{"rendered":"<p>Hatin, 51 ; Sgard, Dictionnaire des journaux, II, n&deg; 674 ; see Anatomie de la couleur, BnF, 1996, p. 100 et suivantes. First series, complete with all its engravings. Very rare. A remarkable scientific 18th century journal, illustrated with engravings printed in colours. Founded and directed by the painter and engraver Jacques Fabien Gautier d&#039;Agoty (1716-1785), the color printing process is largely bases on the colour printing as invented by Jacob Christoph Le Blon. Other than extracts of &#039;old&#039; journals or magazines, this publication also contains modern contributions of scientific and literary works published more or less the same year. Complete with its 13 plates of which 12 are printed in colours. Most of the plates are of interest to natural history or anatomy; they depict cats, chameleon, crocodile, tarantula, humming-bird, a cut through the brain, and others. Two plates are of American interst: maps of New England and of Louisiana. The plate printed in outline in red are dancing instructions, while the plate printed black depicts coins. &quot;Gautier Dagoty acquiert en 1776 le privil&egrave;ge d&#039;un Journal d&eacute;di&eacute; &agrave; Monsieur, et lance le premier num&eacute;ro en septembre 1776, avec une d&eacute;dicace sign&eacute;e &laquo;&nbsp;par la Soci&eacute;t&eacute;, G**, d&#039;A**, D**, S**, M** &raquo; (Gautier d&#039;Agoty, Dessinateur de Sa Majest&eacute; ?). Il s&#039;agissait apparemment de la soci&eacute;t&eacute; familiale fond&eacute;e par Dagoty en 1746 pour exploiter le proc&eacute;d&eacute; de reproduction grav&eacute;e en couleur qu&#039;il avait mis au point (&#8230;) et qui avait d&eacute;j&agrave; &eacute;t&eacute; &agrave; la base du privil&egrave;ge des Observations sur l&#039;histoire naturelle. Comme le dit le titre d&eacute;velopp&eacute;, le Journal de Monsieur donnera lui aussi une place importante aux planches en couleurs. Toutefois, Dagoty semble avoir &eacute;t&eacute; plus soucieux d&#039;exploiter son privil&egrave;ge que de faire vivre son journal ; au bout d&#039;un an, il cherche &agrave; le revendre. Les M&eacute;moires secrets d&eacute;clarent, le 12 septembre 1778 : &laquo; On avait commenc&eacute; un Journal de Monsieur. Il a &eacute;t&eacute; interrompu un an et repara&icirc;tra au 1.10 sous les auspices de Madame la Pr&eacute;sidente d&#039;Ormoy &raquo;. Toutefois, Mme Chaumet, pr&eacute;sidente d&#039;Ormoy et romanci&egrave;re en faveur, ne r&eacute;ussit gu&egrave;re &agrave; &eacute;tendre le public du journal ; en 1781, elle dut le vendre &agrave; Royou, pour la somme de 4000 &pound; si l&#039;on en croit les M&eacute;moires secrets (2 nov. 1782)&quot;. Cf. Abderrahman Moalla, in Sgard, op. cit., p. 611. Fine copy, uncut; some wear to original boards with spines consolidated.<\/p>\n","protected":false},"excerpt":{"rendered":"<p>3 parts in 12 volumes, 12mo (185 x 110 mm), each in two volumes with individual pagination (&#039;ouvrages anciens&#039; and &#039;ouvrages modernes&#039;): 144 pp., 1 engraved folding map printed in colours, 120pp. for volume I ; pp. 145-276, 1 engraved folding map printed in colours, pp. 121-252 for volume II ; pp. 277-396, 1 engraved plate printed in colours, pp. 253-396 for volume III ; pp. 397-516, 1 engraved folding plate printed in colours, pp. 397-516 for volume IV ; 120 pp., 1 engraved folding plate printed in colours, 130 pp., 1 nn.l. for volume V ; pp. 121-240, 1 engraved folding plate printed in colours, 1 engraved folding plate printed in red in ouline, pp. 133-252 for volume VI ; pp. 241-360, 1 engraved folding plate printed in colours, pp. 253-372 for volume VII ; pp. 361-480, 1 engraved folding plate printed in colours, pp. 373-493 for volume VIII ; 120 pp., 1 engraved folding plate in black and white, 120 pp. for volume IX ; pp. 121-240, 1 engraved folding plate printed in colours, pp. 121-240 for volume X; pp. 241-360, 1 engraved folding plate printed in colours, pp. 241-360 for volume XI ; pp. 361-480, pp. 361-480, 1 engraved folding plate printed in colours for volume XII ; contemporary boards, modern blue board boxes.<\/p>\n","protected":false},"featured_media":74652,"comment_status":"open","ping_status":"closed","template":"","meta":{"_acf_changed":false},"product_brand":[],"product_cat":[540],"product_tag":[1272,1362,1274],"class_list":{"0":"post-74663","1":"product","2":"type-product","3":"status-publish","4":"has-post-thumbnail","6":"product_cat-natural-history","7":"product_tag-anatomy","8":"product_tag-north-america","9":"product_tag-physiology","10":"pa_auteur-jacques-fabien-gautier-dagoty-2","11":"pa_type-de-livre-printed-book","13":"first","14":"instock","15":"shipping-taxable","16":"purchasable","17":"product-type-simple"},"acf":[],"yoast_head":"<!-- This site is optimized with the Yoast SEO plugin v24.3 - https:\/\/yoast.com\/wordpress\/plugins\/seo\/ -->\n<title>GAUTIER D&#039;AGOTY Jacques Fabien Journal d\u00e9di\u00e9 \u00e0 Monsieur, fr\u00e8re du Roi. Table g\u00e9n\u00e9rale des journaux anciens et modernes, contenant les Jugemens des Journalistes sur les principaux Ouvrages en tout genre ; suivie d&#039;Observations impartiales, &amp; de Planches en taille-douce ou en couleurs. Par une Soci\u00e9t\u00e9 de gens de Lettres. - Libairie Clavreuil<\/title>\n<meta name=\"robots\" content=\"noindex, follow, max-snippet:-1, max-image-preview:large, max-video-preview:-1\" \/>\n<meta property=\"og:locale\" content=\"en_US\" \/>\n<meta property=\"og:type\" content=\"article\" \/>\n<meta property=\"og:title\" content=\"GAUTIER D&#039;AGOTY Jacques Fabien Journal d\u00e9di\u00e9 \u00e0 Monsieur, fr\u00e8re du Roi. Table g\u00e9n\u00e9rale des journaux anciens et modernes, contenant les Jugemens des Journalistes sur les principaux Ouvrages en tout genre ; suivie d&#039;Observations impartiales, &amp; de Planches en taille-douce ou en couleurs. Par une Soci\u00e9t\u00e9 de gens de Lettres. - Libairie Clavreuil\" \/>\n<meta property=\"og:description\" content=\"3 parts in 12 volumes, 12mo (185 x 110 mm), each in two volumes with individual pagination (&#039;ouvrages anciens&#039; and &#039;ouvrages modernes&#039;): 144 pp., 1 engraved folding map printed in colours, 120pp. for volume I ; pp. 145-276, 1 engraved folding map printed in colours, pp. 121-252 for volume II ; pp. 277-396, 1 engraved plate printed in colours, pp. 253-396 for volume III ; pp. 397-516, 1 engraved folding plate printed in colours, pp. 397-516 for volume IV ; 120 pp., 1 engraved folding plate printed in colours, 130 pp., 1 nn.l. for volume V ; pp. 121-240, 1 engraved folding plate printed in colours, 1 engraved folding plate printed in red in ouline, pp. 133-252 for volume VI ; pp. 241-360, 1 engraved folding plate printed in colours, pp. 253-372 for volume VII ; pp. 361-480, 1 engraved folding plate printed in colours, pp. 373-493 for volume VIII ; 120 pp., 1 engraved folding plate in black and white, 120 pp. for volume IX ; pp. 121-240, 1 engraved folding plate printed in colours, pp. 121-240 for volume X; pp. 241-360, 1 engraved folding plate printed in colours, pp. 241-360 for volume XI ; pp. 361-480, pp. 361-480, 1 engraved folding plate printed in colours for volume XII ; contemporary boards, modern blue board boxes.\" \/>\n<meta property=\"og:url\" content=\"https:\/\/clavreuil-wordpress.logiciel-arteo.fr\/en\/gautier-dagoty-jacques-fabien-journal-dedie-a-monsieur-frere-du-roi-table-generale-des-journaux-anciens-et-modernes-contenant-les-jugemens-des-journalistes-sur-les-principaux-ouvrages-en-tout-ge\/\" \/>\n<meta property=\"og:site_name\" content=\"Libairie Clavreuil\" \/>\n<meta property=\"article:modified_time\" content=\"2024-04-23T16:03:12+00:00\" \/>\n<meta property=\"og:image\" content=\"https:\/\/clavreuil-wordpress.logiciel-arteo.fr\/wp-content\/uploads\/2024\/04\/jacques-fabien-gautier-d-agoty-journal-dedie-a-monsieur-frere-du-roi-table-generale-des-journaux-anciens-et-modernes-contenant-les-jugemens-des-journa-scaled.jpg\" \/>\n\t<meta property=\"og:image:width\" content=\"1920\" \/>\n\t<meta property=\"og:image:height\" content=\"2560\" \/>\n\t<meta property=\"og:image:type\" content=\"image\/jpeg\" \/>\n<meta name=\"twitter:card\" content=\"summary_large_image\" \/>\n<meta name=\"twitter:label1\" content=\"Est. reading time\" \/>\n\t<meta name=\"twitter:data1\" content=\"2 minutes\" \/>\n<script type=\"application\/ld+json\" class=\"yoast-schema-graph\">{\"@context\":\"https:\/\/schema.org\",\"@graph\":[{\"@type\":\"WebPage\",\"@id\":\"https:\/\/clavreuil-wordpress.logiciel-arteo.fr\/en\/gautier-dagoty-jacques-fabien-journal-dedie-a-monsieur-frere-du-roi-table-generale-des-journaux-anciens-et-modernes-contenant-les-jugemens-des-journalistes-sur-les-principaux-ouvrages-en-tout-ge\/\",\"url\":\"https:\/\/clavreuil-wordpress.logiciel-arteo.fr\/en\/gautier-dagoty-jacques-fabien-journal-dedie-a-monsieur-frere-du-roi-table-generale-des-journaux-anciens-et-modernes-contenant-les-jugemens-des-journalistes-sur-les-principaux-ouvrages-en-tout-ge\/\",\"name\":\"GAUTIER D'AGOTY Jacques Fabien Journal d\u00e9di\u00e9 \u00e0 Monsieur, fr\u00e8re du Roi. Table g\u00e9n\u00e9rale des journaux anciens et modernes, contenant les Jugemens des Journalistes sur les principaux Ouvrages en tout genre ; suivie d'Observations impartiales, &amp; de Planches en taille-douce ou en couleurs. Par une Soci\u00e9t\u00e9 de gens de Lettres. - Libairie Clavreuil\",\"isPartOf\":{\"@id\":\"https:\/\/clavreuil-wordpress.logiciel-arteo.fr\/#website\"},\"primaryImageOfPage\":{\"@id\":\"https:\/\/clavreuil-wordpress.logiciel-arteo.fr\/en\/gautier-dagoty-jacques-fabien-journal-dedie-a-monsieur-frere-du-roi-table-generale-des-journaux-anciens-et-modernes-contenant-les-jugemens-des-journalistes-sur-les-principaux-ouvrages-en-tout-ge\/#primaryimage\"},\"image\":{\"@id\":\"https:\/\/clavreuil-wordpress.logiciel-arteo.fr\/en\/gautier-dagoty-jacques-fabien-journal-dedie-a-monsieur-frere-du-roi-table-generale-des-journaux-anciens-et-modernes-contenant-les-jugemens-des-journalistes-sur-les-principaux-ouvrages-en-tout-ge\/#primaryimage\"},\"thumbnailUrl\":\"https:\/\/clavreuil-wordpress.logiciel-arteo.fr\/wp-content\/uploads\/2024\/04\/jacques-fabien-gautier-d-agoty-journal-dedie-a-monsieur-frere-du-roi-table-generale-des-journaux-anciens-et-modernes-contenant-les-jugemens-des-journa-scaled.jpg\",\"datePublished\":\"2024-04-23T16:02:28+00:00\",\"dateModified\":\"2024-04-23T16:03:12+00:00\",\"breadcrumb\":{\"@id\":\"https:\/\/clavreuil-wordpress.logiciel-arteo.fr\/en\/gautier-dagoty-jacques-fabien-journal-dedie-a-monsieur-frere-du-roi-table-generale-des-journaux-anciens-et-modernes-contenant-les-jugemens-des-journalistes-sur-les-principaux-ouvrages-en-tout-ge\/#breadcrumb\"},\"inLanguage\":\"en-US\",\"potentialAction\":[{\"@type\":\"ReadAction\",\"target\":[\"https:\/\/clavreuil-wordpress.logiciel-arteo.fr\/en\/gautier-dagoty-jacques-fabien-journal-dedie-a-monsieur-frere-du-roi-table-generale-des-journaux-anciens-et-modernes-contenant-les-jugemens-des-journalistes-sur-les-principaux-ouvrages-en-tout-ge\/\"]}]},{\"@type\":\"ImageObject\",\"inLanguage\":\"en-US\",\"@id\":\"https:\/\/clavreuil-wordpress.logiciel-arteo.fr\/en\/gautier-dagoty-jacques-fabien-journal-dedie-a-monsieur-frere-du-roi-table-generale-des-journaux-anciens-et-modernes-contenant-les-jugemens-des-journalistes-sur-les-principaux-ouvrages-en-tout-ge\/#primaryimage\",\"url\":\"https:\/\/clavreuil-wordpress.logiciel-arteo.fr\/wp-content\/uploads\/2024\/04\/jacques-fabien-gautier-d-agoty-journal-dedie-a-monsieur-frere-du-roi-table-generale-des-journaux-anciens-et-modernes-contenant-les-jugemens-des-journa-scaled.jpg\",\"contentUrl\":\"https:\/\/clavreuil-wordpress.logiciel-arteo.fr\/wp-content\/uploads\/2024\/04\/jacques-fabien-gautier-d-agoty-journal-dedie-a-monsieur-frere-du-roi-table-generale-des-journaux-anciens-et-modernes-contenant-les-jugemens-des-journa-scaled.jpg\",\"width\":1920,\"height\":2560},{\"@type\":\"BreadcrumbList\",\"@id\":\"https:\/\/clavreuil-wordpress.logiciel-arteo.fr\/en\/gautier-dagoty-jacques-fabien-journal-dedie-a-monsieur-frere-du-roi-table-generale-des-journaux-anciens-et-modernes-contenant-les-jugemens-des-journalistes-sur-les-principaux-ouvrages-en-tout-ge\/#breadcrumb\",\"itemListElement\":[{\"@type\":\"ListItem\",\"position\":1,\"name\":\"Accueil\",\"item\":\"https:\/\/clavreuil-wordpress.logiciel-arteo.fr\/\"},{\"@type\":\"ListItem\",\"position\":2,\"name\":\"All our books\",\"item\":\"https:\/\/clavreuil-wordpress.logiciel-arteo.fr\/en\/all-our-books\/\"},{\"@type\":\"ListItem\",\"position\":3,\"name\":\"GAUTIER D&#8217;AGOTY Jacques Fabien Journal d\u00e9di\u00e9 \u00e0 Monsieur,...\"}]},{\"@type\":\"WebSite\",\"@id\":\"https:\/\/clavreuil-wordpress.logiciel-arteo.fr\/#website\",\"url\":\"https:\/\/clavreuil-wordpress.logiciel-arteo.fr\/\",\"name\":\"Libairie Clavreuil\",\"description\":\"\",\"publisher\":{\"@id\":\"https:\/\/clavreuil-wordpress.logiciel-arteo.fr\/#organization\"},\"potentialAction\":[{\"@type\":\"SearchAction\",\"target\":{\"@type\":\"EntryPoint\",\"urlTemplate\":\"https:\/\/clavreuil-wordpress.logiciel-arteo.fr\/?s={search_term_string}\"},\"query-input\":{\"@type\":\"PropertyValueSpecification\",\"valueRequired\":true,\"valueName\":\"search_term_string\"}}],\"inLanguage\":\"en-US\"},{\"@type\":\"Organization\",\"@id\":\"https:\/\/clavreuil-wordpress.logiciel-arteo.fr\/#organization\",\"name\":\"Libairie Clavreuil\",\"url\":\"https:\/\/clavreuil-wordpress.logiciel-arteo.fr\/\",\"logo\":{\"@type\":\"ImageObject\",\"inLanguage\":\"en-US\",\"@id\":\"https:\/\/clavreuil-wordpress.logiciel-arteo.fr\/#\/schema\/logo\/image\/\",\"url\":\"https:\/\/clavreuil-wordpress.logiciel-arteo.fr\/wp-content\/uploads\/2021\/05\/LOGO_PNG_DATE-_gold.png\",\"contentUrl\":\"https:\/\/clavreuil-wordpress.logiciel-arteo.fr\/wp-content\/uploads\/2021\/05\/LOGO_PNG_DATE-_gold.png\",\"width\":2083,\"height\":1917,\"caption\":\"Libairie Clavreuil\"},\"image\":{\"@id\":\"https:\/\/clavreuil-wordpress.logiciel-arteo.fr\/#\/schema\/logo\/image\/\"}}]}<\/script>\n<!-- \/ Yoast SEO plugin. -->","yoast_head_json":{"title":"GAUTIER D'AGOTY Jacques Fabien Journal d\u00e9di\u00e9 \u00e0 Monsieur, fr\u00e8re du Roi. Table g\u00e9n\u00e9rale des journaux anciens et modernes, contenant les Jugemens des Journalistes sur les principaux Ouvrages en tout genre ; suivie d'Observations impartiales, &amp; de Planches en taille-douce ou en couleurs. Par une Soci\u00e9t\u00e9 de gens de Lettres. - Libairie Clavreuil","robots":{"index":"noindex","follow":"follow","max-snippet":"max-snippet:-1","max-image-preview":"max-image-preview:large","max-video-preview":"max-video-preview:-1"},"og_locale":"en_US","og_type":"article","og_title":"GAUTIER D'AGOTY Jacques Fabien Journal d\u00e9di\u00e9 \u00e0 Monsieur, fr\u00e8re du Roi. Table g\u00e9n\u00e9rale des journaux anciens et modernes, contenant les Jugemens des Journalistes sur les principaux Ouvrages en tout genre ; suivie d'Observations impartiales, &amp; de Planches en taille-douce ou en couleurs. Par une Soci\u00e9t\u00e9 de gens de Lettres. - Libairie Clavreuil","og_description":"3 parts in 12 volumes, 12mo (185 x 110 mm), each in two volumes with individual pagination (&#039;ouvrages anciens&#039; and &#039;ouvrages modernes&#039;): 144 pp., 1 engraved folding map printed in colours, 120pp. for volume I ; pp. 145-276, 1 engraved folding map printed in colours, pp. 121-252 for volume II ; pp. 277-396, 1 engraved plate printed in colours, pp. 253-396 for volume III ; pp. 397-516, 1 engraved folding plate printed in colours, pp. 397-516 for volume IV ; 120 pp., 1 engraved folding plate printed in colours, 130 pp., 1 nn.l. for volume V ; pp. 121-240, 1 engraved folding plate printed in colours, 1 engraved folding plate printed in red in ouline, pp. 133-252 for volume VI ; pp. 241-360, 1 engraved folding plate printed in colours, pp. 253-372 for volume VII ; pp. 361-480, 1 engraved folding plate printed in colours, pp. 373-493 for volume VIII ; 120 pp., 1 engraved folding plate in black and white, 120 pp. for volume IX ; pp. 121-240, 1 engraved folding plate printed in colours, pp. 121-240 for volume X; pp. 241-360, 1 engraved folding plate printed in colours, pp. 241-360 for volume XI ; pp. 361-480, pp. 361-480, 1 engraved folding plate printed in colours for volume XII ; contemporary boards, modern blue board boxes.","og_url":"https:\/\/clavreuil-wordpress.logiciel-arteo.fr\/en\/gautier-dagoty-jacques-fabien-journal-dedie-a-monsieur-frere-du-roi-table-generale-des-journaux-anciens-et-modernes-contenant-les-jugemens-des-journalistes-sur-les-principaux-ouvrages-en-tout-ge\/","og_site_name":"Libairie Clavreuil","article_modified_time":"2024-04-23T16:03:12+00:00","og_image":[{"width":1920,"height":2560,"url":"https:\/\/clavreuil-wordpress.logiciel-arteo.fr\/wp-content\/uploads\/2024\/04\/jacques-fabien-gautier-d-agoty-journal-dedie-a-monsieur-frere-du-roi-table-generale-des-journaux-anciens-et-modernes-contenant-les-jugemens-des-journa-scaled.jpg","type":"image\/jpeg"}],"twitter_card":"summary_large_image","twitter_misc":{"Est. reading time":"2 minutes"},"schema":{"@context":"https:\/\/schema.org","@graph":[{"@type":"WebPage","@id":"https:\/\/clavreuil-wordpress.logiciel-arteo.fr\/en\/gautier-dagoty-jacques-fabien-journal-dedie-a-monsieur-frere-du-roi-table-generale-des-journaux-anciens-et-modernes-contenant-les-jugemens-des-journalistes-sur-les-principaux-ouvrages-en-tout-ge\/","url":"https:\/\/clavreuil-wordpress.logiciel-arteo.fr\/en\/gautier-dagoty-jacques-fabien-journal-dedie-a-monsieur-frere-du-roi-table-generale-des-journaux-anciens-et-modernes-contenant-les-jugemens-des-journalistes-sur-les-principaux-ouvrages-en-tout-ge\/","name":"GAUTIER D'AGOTY Jacques Fabien Journal d\u00e9di\u00e9 \u00e0 Monsieur, fr\u00e8re du Roi. Table g\u00e9n\u00e9rale des journaux anciens et modernes, contenant les Jugemens des Journalistes sur les principaux Ouvrages en tout genre ; suivie d'Observations impartiales, &amp; de Planches en taille-douce ou en couleurs. Par une Soci\u00e9t\u00e9 de gens de Lettres. - Libairie Clavreuil","isPartOf":{"@id":"https:\/\/clavreuil-wordpress.logiciel-arteo.fr\/#website"},"primaryImageOfPage":{"@id":"https:\/\/clavreuil-wordpress.logiciel-arteo.fr\/en\/gautier-dagoty-jacques-fabien-journal-dedie-a-monsieur-frere-du-roi-table-generale-des-journaux-anciens-et-modernes-contenant-les-jugemens-des-journalistes-sur-les-principaux-ouvrages-en-tout-ge\/#primaryimage"},"image":{"@id":"https:\/\/clavreuil-wordpress.logiciel-arteo.fr\/en\/gautier-dagoty-jacques-fabien-journal-dedie-a-monsieur-frere-du-roi-table-generale-des-journaux-anciens-et-modernes-contenant-les-jugemens-des-journalistes-sur-les-principaux-ouvrages-en-tout-ge\/#primaryimage"},"thumbnailUrl":"https:\/\/clavreuil-wordpress.logiciel-arteo.fr\/wp-content\/uploads\/2024\/04\/jacques-fabien-gautier-d-agoty-journal-dedie-a-monsieur-frere-du-roi-table-generale-des-journaux-anciens-et-modernes-contenant-les-jugemens-des-journa-scaled.jpg","datePublished":"2024-04-23T16:02:28+00:00","dateModified":"2024-04-23T16:03:12+00:00","breadcrumb":{"@id":"https:\/\/clavreuil-wordpress.logiciel-arteo.fr\/en\/gautier-dagoty-jacques-fabien-journal-dedie-a-monsieur-frere-du-roi-table-generale-des-journaux-anciens-et-modernes-contenant-les-jugemens-des-journalistes-sur-les-principaux-ouvrages-en-tout-ge\/#breadcrumb"},"inLanguage":"en-US","potentialAction":[{"@type":"ReadAction","target":["https:\/\/clavreuil-wordpress.logiciel-arteo.fr\/en\/gautier-dagoty-jacques-fabien-journal-dedie-a-monsieur-frere-du-roi-table-generale-des-journaux-anciens-et-modernes-contenant-les-jugemens-des-journalistes-sur-les-principaux-ouvrages-en-tout-ge\/"]}]},{"@type":"ImageObject","inLanguage":"en-US","@id":"https:\/\/clavreuil-wordpress.logiciel-arteo.fr\/en\/gautier-dagoty-jacques-fabien-journal-dedie-a-monsieur-frere-du-roi-table-generale-des-journaux-anciens-et-modernes-contenant-les-jugemens-des-journalistes-sur-les-principaux-ouvrages-en-tout-ge\/#primaryimage","url":"https:\/\/clavreuil-wordpress.logiciel-arteo.fr\/wp-content\/uploads\/2024\/04\/jacques-fabien-gautier-d-agoty-journal-dedie-a-monsieur-frere-du-roi-table-generale-des-journaux-anciens-et-modernes-contenant-les-jugemens-des-journa-scaled.jpg","contentUrl":"https:\/\/clavreuil-wordpress.logiciel-arteo.fr\/wp-content\/uploads\/2024\/04\/jacques-fabien-gautier-d-agoty-journal-dedie-a-monsieur-frere-du-roi-table-generale-des-journaux-anciens-et-modernes-contenant-les-jugemens-des-journa-scaled.jpg","width":1920,"height":2560},{"@type":"BreadcrumbList","@id":"https:\/\/clavreuil-wordpress.logiciel-arteo.fr\/en\/gautier-dagoty-jacques-fabien-journal-dedie-a-monsieur-frere-du-roi-table-generale-des-journaux-anciens-et-modernes-contenant-les-jugemens-des-journalistes-sur-les-principaux-ouvrages-en-tout-ge\/#breadcrumb","itemListElement":[{"@type":"ListItem","position":1,"name":"Accueil","item":"https:\/\/clavreuil-wordpress.logiciel-arteo.fr\/"},{"@type":"ListItem","position":2,"name":"All our books","item":"https:\/\/clavreuil-wordpress.logiciel-arteo.fr\/en\/all-our-books\/"},{"@type":"ListItem","position":3,"name":"GAUTIER D&#8217;AGOTY Jacques Fabien Journal d\u00e9di\u00e9 \u00e0 Monsieur,..."}]},{"@type":"WebSite","@id":"https:\/\/clavreuil-wordpress.logiciel-arteo.fr\/#website","url":"https:\/\/clavreuil-wordpress.logiciel-arteo.fr\/","name":"Libairie Clavreuil","description":"","publisher":{"@id":"https:\/\/clavreuil-wordpress.logiciel-arteo.fr\/#organization"},"potentialAction":[{"@type":"SearchAction","target":{"@type":"EntryPoint","urlTemplate":"https:\/\/clavreuil-wordpress.logiciel-arteo.fr\/?s={search_term_string}"},"query-input":{"@type":"PropertyValueSpecification","valueRequired":true,"valueName":"search_term_string"}}],"inLanguage":"en-US"},{"@type":"Organization","@id":"https:\/\/clavreuil-wordpress.logiciel-arteo.fr\/#organization","name":"Libairie Clavreuil","url":"https:\/\/clavreuil-wordpress.logiciel-arteo.fr\/","logo":{"@type":"ImageObject","inLanguage":"en-US","@id":"https:\/\/clavreuil-wordpress.logiciel-arteo.fr\/#\/schema\/logo\/image\/","url":"https:\/\/clavreuil-wordpress.logiciel-arteo.fr\/wp-content\/uploads\/2021\/05\/LOGO_PNG_DATE-_gold.png","contentUrl":"https:\/\/clavreuil-wordpress.logiciel-arteo.fr\/wp-content\/uploads\/2021\/05\/LOGO_PNG_DATE-_gold.png","width":2083,"height":1917,"caption":"Libairie Clavreuil"},"image":{"@id":"https:\/\/clavreuil-wordpress.logiciel-arteo.fr\/#\/schema\/logo\/image\/"}}]}},"_links":{"self":[{"href":"https:\/\/clavreuil-wordpress.logiciel-arteo.fr\/en\/wp-json\/wp\/v2\/product\/74663","targetHints":{"allow":["GET"]}}],"collection":[{"href":"https:\/\/clavreuil-wordpress.logiciel-arteo.fr\/en\/wp-json\/wp\/v2\/product"}],"about":[{"href":"https:\/\/clavreuil-wordpress.logiciel-arteo.fr\/en\/wp-json\/wp\/v2\/types\/product"}],"replies":[{"embeddable":true,"href":"https:\/\/clavreuil-wordpress.logiciel-arteo.fr\/en\/wp-json\/wp\/v2\/comments?post=74663"}],"wp:featuredmedia":[{"embeddable":true,"href":"https:\/\/clavreuil-wordpress.logiciel-arteo.fr\/en\/wp-json\/wp\/v2\/media\/74652"}],"wp:attachment":[{"href":"https:\/\/clavreuil-wordpress.logiciel-arteo.fr\/en\/wp-json\/wp\/v2\/media?parent=74663"}],"wp:term":[{"taxonomy":"product_brand","embeddable":true,"href":"https:\/\/clavreuil-wordpress.logiciel-arteo.fr\/en\/wp-json\/wp\/v2\/product_brand?post=74663"},{"taxonomy":"product_cat","embeddable":true,"href":"https:\/\/clavreuil-wordpress.logiciel-arteo.fr\/en\/wp-json\/wp\/v2\/product_cat?post=74663"},{"taxonomy":"product_tag","embeddable":true,"href":"https:\/\/clavreuil-wordpress.logiciel-arteo.fr\/en\/wp-json\/wp\/v2\/product_tag?post=74663"}],"curies":[{"name":"wp","href":"https:\/\/api.w.org\/{rel}","templated":true}]}}