{"id":74693,"date":"2024-04-23T18:19:38","date_gmt":"2024-04-23T16:19:38","guid":{"rendered":"https:\/\/clavreuil-wordpress.logiciel-arteo.fr\/tench-watkin-relation-dune-expedition-a-la-baye-botanique-situee-dans-la-nouvelle-hollande-sur-la-cote-meridionale-nommee-par-le-capitaine-cook-nouvelle-galles-meridionale-avec-des-observation\/"},"modified":"2024-04-23T18:20:06","modified_gmt":"2024-04-23T16:20:06","slug":"tench-watkin-relation-dune-expedition-a-la-baye-botanique-situee-dans-la-nouvelle-hollande-sur-la-cote-meridionale-nommee-par-le-capitaine-cook-nouvelle-galles-meridionale-avec-des-observation","status":"publish","type":"product","link":"https:\/\/clavreuil-wordpress.logiciel-arteo.fr\/en\/tench-watkin-relation-dune-expedition-a-la-baye-botanique-situee-dans-la-nouvelle-hollande-sur-la-cote-meridionale-nommee-par-le-capitaine-cook-nouvelle-galles-meridionale-avec-des-observation\/","title":{"rendered":"TENCH Watkin Relation d&#8217;une exp\u00e9dition \u00e0 la Baye..."},"content":{"rendered":"<p><em>Ferguson, 54; see Hill, 1685 (for the first edition, 1789).<\/em><\/p>\n<p>First edition of the French translation by Charles Pougens. &quot;Tench was a captain of British marines and sailed with the first convict fleet to Australia, where he resided four years. This expedition, under Governor Arthur Philip, visited the Canary Islands, Rio de Janeiro, the Cape of Good Hope, and founded the colony of New South Wales. This eminently readable book is regarded by the best authorities as the most accurate, orderly, vivacious, and valuable description of life in the colony in its first years&quot; (Hill). From the library of Prince Roland Bonaparte with his large book plate.<\/p>\n","protected":false},"excerpt":{"rendered":"<p>8vo (193 x 118 mm) 8 nn.ll., 136 pp. Contemporary marbled sheep, flat spine gilt (expertly rebacked).<\/p>\n","protected":false},"featured_media":74688,"comment_status":"open","ping_status":"closed","template":"","meta":{"_acf_changed":false},"product_brand":[],"product_cat":[552],"product_tag":[1409],"class_list":{"0":"post-74693","1":"product","2":"type-product","3":"status-publish","4":"has-post-thumbnail","6":"product_cat-travel","7":"product_tag-oceania","8":"pa_auteur-watkin-tench-2","9":"pa_type-de-livre-printed-book","11":"first","12":"instock","13":"shipping-taxable","14":"purchasable","15":"product-type-simple"},"acf":[],"yoast_head":"<!-- This site is optimized with the Yoast SEO plugin v24.3 - https:\/\/yoast.com\/wordpress\/plugins\/seo\/ -->\n<title>TENCH Watkin Relation d&#039;une exp\u00e9dition \u00e0 la Baye Botanique, situ\u00e9e dans la Nouvelle Hollande, sur la c\u00f4te M\u00e9ridionale, nomm\u00e9e par le capitaine Cook, Nouvelle Galles M\u00e9ridionale. Avec des observations sur les habitants de cette contr\u00e9e, &amp; la liste de l&#039;\u00e9tat civil &amp; militaire, au Port Jackson. - Libairie Clavreuil<\/title>\n<meta name=\"robots\" content=\"noindex, follow, max-snippet:-1, max-image-preview:large, max-video-preview:-1\" \/>\n<meta property=\"og:locale\" content=\"en_US\" \/>\n<meta property=\"og:type\" content=\"article\" \/>\n<meta property=\"og:title\" content=\"TENCH Watkin Relation d&#039;une exp\u00e9dition \u00e0 la Baye Botanique, situ\u00e9e dans la Nouvelle Hollande, sur la c\u00f4te M\u00e9ridionale, nomm\u00e9e par le capitaine Cook, Nouvelle Galles M\u00e9ridionale. Avec des observations sur les habitants de cette contr\u00e9e, &amp; la liste de l&#039;\u00e9tat civil &amp; militaire, au Port Jackson. - Libairie Clavreuil\" \/>\n<meta property=\"og:description\" content=\"8vo (193 x 118 mm) 8 nn.ll., 136 pp. Contemporary marbled sheep, flat spine gilt (expertly rebacked).\" \/>\n<meta property=\"og:url\" content=\"https:\/\/clavreuil-wordpress.logiciel-arteo.fr\/en\/tench-watkin-relation-dune-expedition-a-la-baye-botanique-situee-dans-la-nouvelle-hollande-sur-la-cote-meridionale-nommee-par-le-capitaine-cook-nouvelle-galles-meridionale-avec-des-observation\/\" \/>\n<meta property=\"og:site_name\" content=\"Libairie Clavreuil\" \/>\n<meta property=\"article:modified_time\" content=\"2024-04-23T16:20:06+00:00\" \/>\n<meta property=\"og:image\" content=\"https:\/\/clavreuil-wordpress.logiciel-arteo.fr\/wp-content\/uploads\/2024\/04\/watkin-tench-relation-d-une-expedition-a-la-baye-botanique-situee-dans-la-nouvelle-hollande-sur-la-cote-meridionale-nommee-par-le-capitaine-cook-nouve-scaled.jpg\" \/>\n\t<meta property=\"og:image:width\" content=\"1682\" \/>\n\t<meta property=\"og:image:height\" content=\"2560\" \/>\n\t<meta property=\"og:image:type\" content=\"image\/jpeg\" \/>\n<meta name=\"twitter:card\" content=\"summary_large_image\" \/>\n<meta name=\"twitter:label1\" content=\"Est. reading time\" \/>\n\t<meta name=\"twitter:data1\" content=\"1 minute\" \/>\n<script type=\"application\/ld+json\" class=\"yoast-schema-graph\">{\"@context\":\"https:\/\/schema.org\",\"@graph\":[{\"@type\":\"WebPage\",\"@id\":\"https:\/\/clavreuil-wordpress.logiciel-arteo.fr\/en\/tench-watkin-relation-dune-expedition-a-la-baye-botanique-situee-dans-la-nouvelle-hollande-sur-la-cote-meridionale-nommee-par-le-capitaine-cook-nouvelle-galles-meridionale-avec-des-observation\/\",\"url\":\"https:\/\/clavreuil-wordpress.logiciel-arteo.fr\/en\/tench-watkin-relation-dune-expedition-a-la-baye-botanique-situee-dans-la-nouvelle-hollande-sur-la-cote-meridionale-nommee-par-le-capitaine-cook-nouvelle-galles-meridionale-avec-des-observation\/\",\"name\":\"TENCH Watkin Relation d'une exp\u00e9dition \u00e0 la Baye Botanique, situ\u00e9e dans la Nouvelle Hollande, sur la c\u00f4te M\u00e9ridionale, nomm\u00e9e par le capitaine Cook, Nouvelle Galles M\u00e9ridionale. Avec des observations sur les habitants de cette contr\u00e9e, &amp; la liste de l'\u00e9tat civil &amp; militaire, au Port Jackson. - Libairie Clavreuil\",\"isPartOf\":{\"@id\":\"https:\/\/clavreuil-wordpress.logiciel-arteo.fr\/#website\"},\"primaryImageOfPage\":{\"@id\":\"https:\/\/clavreuil-wordpress.logiciel-arteo.fr\/en\/tench-watkin-relation-dune-expedition-a-la-baye-botanique-situee-dans-la-nouvelle-hollande-sur-la-cote-meridionale-nommee-par-le-capitaine-cook-nouvelle-galles-meridionale-avec-des-observation\/#primaryimage\"},\"image\":{\"@id\":\"https:\/\/clavreuil-wordpress.logiciel-arteo.fr\/en\/tench-watkin-relation-dune-expedition-a-la-baye-botanique-situee-dans-la-nouvelle-hollande-sur-la-cote-meridionale-nommee-par-le-capitaine-cook-nouvelle-galles-meridionale-avec-des-observation\/#primaryimage\"},\"thumbnailUrl\":\"https:\/\/clavreuil-wordpress.logiciel-arteo.fr\/wp-content\/uploads\/2024\/04\/watkin-tench-relation-d-une-expedition-a-la-baye-botanique-situee-dans-la-nouvelle-hollande-sur-la-cote-meridionale-nommee-par-le-capitaine-cook-nouve-scaled.jpg\",\"datePublished\":\"2024-04-23T16:19:38+00:00\",\"dateModified\":\"2024-04-23T16:20:06+00:00\",\"breadcrumb\":{\"@id\":\"https:\/\/clavreuil-wordpress.logiciel-arteo.fr\/en\/tench-watkin-relation-dune-expedition-a-la-baye-botanique-situee-dans-la-nouvelle-hollande-sur-la-cote-meridionale-nommee-par-le-capitaine-cook-nouvelle-galles-meridionale-avec-des-observation\/#breadcrumb\"},\"inLanguage\":\"en-US\",\"potentialAction\":[{\"@type\":\"ReadAction\",\"target\":[\"https:\/\/clavreuil-wordpress.logiciel-arteo.fr\/en\/tench-watkin-relation-dune-expedition-a-la-baye-botanique-situee-dans-la-nouvelle-hollande-sur-la-cote-meridionale-nommee-par-le-capitaine-cook-nouvelle-galles-meridionale-avec-des-observation\/\"]}]},{\"@type\":\"ImageObject\",\"inLanguage\":\"en-US\",\"@id\":\"https:\/\/clavreuil-wordpress.logiciel-arteo.fr\/en\/tench-watkin-relation-dune-expedition-a-la-baye-botanique-situee-dans-la-nouvelle-hollande-sur-la-cote-meridionale-nommee-par-le-capitaine-cook-nouvelle-galles-meridionale-avec-des-observation\/#primaryimage\",\"url\":\"https:\/\/clavreuil-wordpress.logiciel-arteo.fr\/wp-content\/uploads\/2024\/04\/watkin-tench-relation-d-une-expedition-a-la-baye-botanique-situee-dans-la-nouvelle-hollande-sur-la-cote-meridionale-nommee-par-le-capitaine-cook-nouve-scaled.jpg\",\"contentUrl\":\"https:\/\/clavreuil-wordpress.logiciel-arteo.fr\/wp-content\/uploads\/2024\/04\/watkin-tench-relation-d-une-expedition-a-la-baye-botanique-situee-dans-la-nouvelle-hollande-sur-la-cote-meridionale-nommee-par-le-capitaine-cook-nouve-scaled.jpg\",\"width\":1682,\"height\":2560},{\"@type\":\"BreadcrumbList\",\"@id\":\"https:\/\/clavreuil-wordpress.logiciel-arteo.fr\/en\/tench-watkin-relation-dune-expedition-a-la-baye-botanique-situee-dans-la-nouvelle-hollande-sur-la-cote-meridionale-nommee-par-le-capitaine-cook-nouvelle-galles-meridionale-avec-des-observation\/#breadcrumb\",\"itemListElement\":[{\"@type\":\"ListItem\",\"position\":1,\"name\":\"Accueil\",\"item\":\"https:\/\/clavreuil-wordpress.logiciel-arteo.fr\/\"},{\"@type\":\"ListItem\",\"position\":2,\"name\":\"All our books\",\"item\":\"https:\/\/clavreuil-wordpress.logiciel-arteo.fr\/en\/all-our-books\/\"},{\"@type\":\"ListItem\",\"position\":3,\"name\":\"TENCH Watkin Relation d&#8217;une exp\u00e9dition \u00e0 la Baye...\"}]},{\"@type\":\"WebSite\",\"@id\":\"https:\/\/clavreuil-wordpress.logiciel-arteo.fr\/#website\",\"url\":\"https:\/\/clavreuil-wordpress.logiciel-arteo.fr\/\",\"name\":\"Libairie Clavreuil\",\"description\":\"\",\"publisher\":{\"@id\":\"https:\/\/clavreuil-wordpress.logiciel-arteo.fr\/#organization\"},\"potentialAction\":[{\"@type\":\"SearchAction\",\"target\":{\"@type\":\"EntryPoint\",\"urlTemplate\":\"https:\/\/clavreuil-wordpress.logiciel-arteo.fr\/?s={search_term_string}\"},\"query-input\":{\"@type\":\"PropertyValueSpecification\",\"valueRequired\":true,\"valueName\":\"search_term_string\"}}],\"inLanguage\":\"en-US\"},{\"@type\":\"Organization\",\"@id\":\"https:\/\/clavreuil-wordpress.logiciel-arteo.fr\/#organization\",\"name\":\"Libairie Clavreuil\",\"url\":\"https:\/\/clavreuil-wordpress.logiciel-arteo.fr\/\",\"logo\":{\"@type\":\"ImageObject\",\"inLanguage\":\"en-US\",\"@id\":\"https:\/\/clavreuil-wordpress.logiciel-arteo.fr\/#\/schema\/logo\/image\/\",\"url\":\"https:\/\/clavreuil-wordpress.logiciel-arteo.fr\/wp-content\/uploads\/2021\/05\/LOGO_PNG_DATE-_gold.png\",\"contentUrl\":\"https:\/\/clavreuil-wordpress.logiciel-arteo.fr\/wp-content\/uploads\/2021\/05\/LOGO_PNG_DATE-_gold.png\",\"width\":2083,\"height\":1917,\"caption\":\"Libairie Clavreuil\"},\"image\":{\"@id\":\"https:\/\/clavreuil-wordpress.logiciel-arteo.fr\/#\/schema\/logo\/image\/\"}}]}<\/script>\n<!-- \/ Yoast SEO plugin. -->","yoast_head_json":{"title":"TENCH Watkin Relation d'une exp\u00e9dition \u00e0 la Baye Botanique, situ\u00e9e dans la Nouvelle Hollande, sur la c\u00f4te M\u00e9ridionale, nomm\u00e9e par le capitaine Cook, Nouvelle Galles M\u00e9ridionale. Avec des observations sur les habitants de cette contr\u00e9e, &amp; la liste de l'\u00e9tat civil &amp; militaire, au Port Jackson. - Libairie Clavreuil","robots":{"index":"noindex","follow":"follow","max-snippet":"max-snippet:-1","max-image-preview":"max-image-preview:large","max-video-preview":"max-video-preview:-1"},"og_locale":"en_US","og_type":"article","og_title":"TENCH Watkin Relation d'une exp\u00e9dition \u00e0 la Baye Botanique, situ\u00e9e dans la Nouvelle Hollande, sur la c\u00f4te M\u00e9ridionale, nomm\u00e9e par le capitaine Cook, Nouvelle Galles M\u00e9ridionale. Avec des observations sur les habitants de cette contr\u00e9e, &amp; la liste de l'\u00e9tat civil &amp; militaire, au Port Jackson. - Libairie Clavreuil","og_description":"8vo (193 x 118 mm) 8 nn.ll., 136 pp. Contemporary marbled sheep, flat spine gilt (expertly rebacked).","og_url":"https:\/\/clavreuil-wordpress.logiciel-arteo.fr\/en\/tench-watkin-relation-dune-expedition-a-la-baye-botanique-situee-dans-la-nouvelle-hollande-sur-la-cote-meridionale-nommee-par-le-capitaine-cook-nouvelle-galles-meridionale-avec-des-observation\/","og_site_name":"Libairie Clavreuil","article_modified_time":"2024-04-23T16:20:06+00:00","og_image":[{"width":1682,"height":2560,"url":"https:\/\/clavreuil-wordpress.logiciel-arteo.fr\/wp-content\/uploads\/2024\/04\/watkin-tench-relation-d-une-expedition-a-la-baye-botanique-situee-dans-la-nouvelle-hollande-sur-la-cote-meridionale-nommee-par-le-capitaine-cook-nouve-scaled.jpg","type":"image\/jpeg"}],"twitter_card":"summary_large_image","twitter_misc":{"Est. reading time":"1 minute"},"schema":{"@context":"https:\/\/schema.org","@graph":[{"@type":"WebPage","@id":"https:\/\/clavreuil-wordpress.logiciel-arteo.fr\/en\/tench-watkin-relation-dune-expedition-a-la-baye-botanique-situee-dans-la-nouvelle-hollande-sur-la-cote-meridionale-nommee-par-le-capitaine-cook-nouvelle-galles-meridionale-avec-des-observation\/","url":"https:\/\/clavreuil-wordpress.logiciel-arteo.fr\/en\/tench-watkin-relation-dune-expedition-a-la-baye-botanique-situee-dans-la-nouvelle-hollande-sur-la-cote-meridionale-nommee-par-le-capitaine-cook-nouvelle-galles-meridionale-avec-des-observation\/","name":"TENCH Watkin Relation d'une exp\u00e9dition \u00e0 la Baye Botanique, situ\u00e9e dans la Nouvelle Hollande, sur la c\u00f4te M\u00e9ridionale, nomm\u00e9e par le capitaine Cook, Nouvelle Galles M\u00e9ridionale. Avec des observations sur les habitants de cette contr\u00e9e, &amp; la liste de l'\u00e9tat civil &amp; militaire, au Port Jackson. - Libairie Clavreuil","isPartOf":{"@id":"https:\/\/clavreuil-wordpress.logiciel-arteo.fr\/#website"},"primaryImageOfPage":{"@id":"https:\/\/clavreuil-wordpress.logiciel-arteo.fr\/en\/tench-watkin-relation-dune-expedition-a-la-baye-botanique-situee-dans-la-nouvelle-hollande-sur-la-cote-meridionale-nommee-par-le-capitaine-cook-nouvelle-galles-meridionale-avec-des-observation\/#primaryimage"},"image":{"@id":"https:\/\/clavreuil-wordpress.logiciel-arteo.fr\/en\/tench-watkin-relation-dune-expedition-a-la-baye-botanique-situee-dans-la-nouvelle-hollande-sur-la-cote-meridionale-nommee-par-le-capitaine-cook-nouvelle-galles-meridionale-avec-des-observation\/#primaryimage"},"thumbnailUrl":"https:\/\/clavreuil-wordpress.logiciel-arteo.fr\/wp-content\/uploads\/2024\/04\/watkin-tench-relation-d-une-expedition-a-la-baye-botanique-situee-dans-la-nouvelle-hollande-sur-la-cote-meridionale-nommee-par-le-capitaine-cook-nouve-scaled.jpg","datePublished":"2024-04-23T16:19:38+00:00","dateModified":"2024-04-23T16:20:06+00:00","breadcrumb":{"@id":"https:\/\/clavreuil-wordpress.logiciel-arteo.fr\/en\/tench-watkin-relation-dune-expedition-a-la-baye-botanique-situee-dans-la-nouvelle-hollande-sur-la-cote-meridionale-nommee-par-le-capitaine-cook-nouvelle-galles-meridionale-avec-des-observation\/#breadcrumb"},"inLanguage":"en-US","potentialAction":[{"@type":"ReadAction","target":["https:\/\/clavreuil-wordpress.logiciel-arteo.fr\/en\/tench-watkin-relation-dune-expedition-a-la-baye-botanique-situee-dans-la-nouvelle-hollande-sur-la-cote-meridionale-nommee-par-le-capitaine-cook-nouvelle-galles-meridionale-avec-des-observation\/"]}]},{"@type":"ImageObject","inLanguage":"en-US","@id":"https:\/\/clavreuil-wordpress.logiciel-arteo.fr\/en\/tench-watkin-relation-dune-expedition-a-la-baye-botanique-situee-dans-la-nouvelle-hollande-sur-la-cote-meridionale-nommee-par-le-capitaine-cook-nouvelle-galles-meridionale-avec-des-observation\/#primaryimage","url":"https:\/\/clavreuil-wordpress.logiciel-arteo.fr\/wp-content\/uploads\/2024\/04\/watkin-tench-relation-d-une-expedition-a-la-baye-botanique-situee-dans-la-nouvelle-hollande-sur-la-cote-meridionale-nommee-par-le-capitaine-cook-nouve-scaled.jpg","contentUrl":"https:\/\/clavreuil-wordpress.logiciel-arteo.fr\/wp-content\/uploads\/2024\/04\/watkin-tench-relation-d-une-expedition-a-la-baye-botanique-situee-dans-la-nouvelle-hollande-sur-la-cote-meridionale-nommee-par-le-capitaine-cook-nouve-scaled.jpg","width":1682,"height":2560},{"@type":"BreadcrumbList","@id":"https:\/\/clavreuil-wordpress.logiciel-arteo.fr\/en\/tench-watkin-relation-dune-expedition-a-la-baye-botanique-situee-dans-la-nouvelle-hollande-sur-la-cote-meridionale-nommee-par-le-capitaine-cook-nouvelle-galles-meridionale-avec-des-observation\/#breadcrumb","itemListElement":[{"@type":"ListItem","position":1,"name":"Accueil","item":"https:\/\/clavreuil-wordpress.logiciel-arteo.fr\/"},{"@type":"ListItem","position":2,"name":"All our books","item":"https:\/\/clavreuil-wordpress.logiciel-arteo.fr\/en\/all-our-books\/"},{"@type":"ListItem","position":3,"name":"TENCH Watkin Relation d&#8217;une exp\u00e9dition \u00e0 la Baye..."}]},{"@type":"WebSite","@id":"https:\/\/clavreuil-wordpress.logiciel-arteo.fr\/#website","url":"https:\/\/clavreuil-wordpress.logiciel-arteo.fr\/","name":"Libairie Clavreuil","description":"","publisher":{"@id":"https:\/\/clavreuil-wordpress.logiciel-arteo.fr\/#organization"},"potentialAction":[{"@type":"SearchAction","target":{"@type":"EntryPoint","urlTemplate":"https:\/\/clavreuil-wordpress.logiciel-arteo.fr\/?s={search_term_string}"},"query-input":{"@type":"PropertyValueSpecification","valueRequired":true,"valueName":"search_term_string"}}],"inLanguage":"en-US"},{"@type":"Organization","@id":"https:\/\/clavreuil-wordpress.logiciel-arteo.fr\/#organization","name":"Libairie Clavreuil","url":"https:\/\/clavreuil-wordpress.logiciel-arteo.fr\/","logo":{"@type":"ImageObject","inLanguage":"en-US","@id":"https:\/\/clavreuil-wordpress.logiciel-arteo.fr\/#\/schema\/logo\/image\/","url":"https:\/\/clavreuil-wordpress.logiciel-arteo.fr\/wp-content\/uploads\/2021\/05\/LOGO_PNG_DATE-_gold.png","contentUrl":"https:\/\/clavreuil-wordpress.logiciel-arteo.fr\/wp-content\/uploads\/2021\/05\/LOGO_PNG_DATE-_gold.png","width":2083,"height":1917,"caption":"Libairie Clavreuil"},"image":{"@id":"https:\/\/clavreuil-wordpress.logiciel-arteo.fr\/#\/schema\/logo\/image\/"}}]}},"_links":{"self":[{"href":"https:\/\/clavreuil-wordpress.logiciel-arteo.fr\/en\/wp-json\/wp\/v2\/product\/74693","targetHints":{"allow":["GET"]}}],"collection":[{"href":"https:\/\/clavreuil-wordpress.logiciel-arteo.fr\/en\/wp-json\/wp\/v2\/product"}],"about":[{"href":"https:\/\/clavreuil-wordpress.logiciel-arteo.fr\/en\/wp-json\/wp\/v2\/types\/product"}],"replies":[{"embeddable":true,"href":"https:\/\/clavreuil-wordpress.logiciel-arteo.fr\/en\/wp-json\/wp\/v2\/comments?post=74693"}],"wp:featuredmedia":[{"embeddable":true,"href":"https:\/\/clavreuil-wordpress.logiciel-arteo.fr\/en\/wp-json\/wp\/v2\/media\/74688"}],"wp:attachment":[{"href":"https:\/\/clavreuil-wordpress.logiciel-arteo.fr\/en\/wp-json\/wp\/v2\/media?parent=74693"}],"wp:term":[{"taxonomy":"product_brand","embeddable":true,"href":"https:\/\/clavreuil-wordpress.logiciel-arteo.fr\/en\/wp-json\/wp\/v2\/product_brand?post=74693"},{"taxonomy":"product_cat","embeddable":true,"href":"https:\/\/clavreuil-wordpress.logiciel-arteo.fr\/en\/wp-json\/wp\/v2\/product_cat?post=74693"},{"taxonomy":"product_tag","embeddable":true,"href":"https:\/\/clavreuil-wordpress.logiciel-arteo.fr\/en\/wp-json\/wp\/v2\/product_tag?post=74693"}],"curies":[{"name":"wp","href":"https:\/\/api.w.org\/{rel}","templated":true}]}}