{"id":74707,"date":"2024-04-23T18:20:19","date_gmt":"2024-04-23T16:20:19","guid":{"rendered":"https:\/\/clavreuil-wordpress.logiciel-arteo.fr\/washington-george-vie-de-george-washington-general-en-chef-des-armees-americaines-durant-la-guerre-de-lindependance-et-president-des-etats-unis-damerique-composee-sur-ses-memoires-precedee\/"},"modified":"2024-04-23T18:21:12","modified_gmt":"2024-04-23T16:21:12","slug":"washington-george-vie-de-george-washington-general-en-chef-des-armees-americaines-durant-la-guerre-de-lindependance-et-president-des-etats-unis-damerique-composee-sur-ses-memoires-precedee","status":"publish","type":"product","link":"https:\/\/clavreuil-wordpress.logiciel-arteo.fr\/en\/washington-george-vie-de-george-washington-general-en-chef-des-armees-americaines-durant-la-guerre-de-lindependance-et-president-des-etats-unis-damerique-composee-sur-ses-memoires-precedee\/","title":{"rendered":"WASHINGTON George Vie de George Washington, g\u00e9n\u00e9ral en..."},"content":{"rendered":"<p><em>Sabin, 44793.<\/em><\/p>\n<p>First French language edition, translated by Henry.<\/p>\n<p>&quot;After the able, accurate, and comprehensive work of Chief Justice Marshall, it would be presumptuous to attempt a historical biography of Washington&quot; (Sabin, citing Sparks). The atlas volume contains 15 maps and plates and an engraved portrait of Washington (bound in as frontispiece to volume I). Good copy, albeit a small waterstain to the last approx. 100 leaves in volume V.<\/p>\n","protected":false},"excerpt":{"rendered":"<p>5 text volumes, 8vo (194 x 121 mm), and the atlas, 4to (315 x 240 mm). Text bound in contemporary sheep backed boards, flat spines, and in contemporary pink boards for the atlas (text somewhat rubbed).<\/p>\n","protected":false},"featured_media":74694,"comment_status":"open","ping_status":"closed","template":"","meta":{"_acf_changed":false},"product_brand":[],"product_cat":[552],"product_tag":[1364,1365,1363,1367,1368,1369,1366,1370,1371],"class_list":{"0":"post-74707","1":"product","2":"type-product","3":"status-publish","4":"has-post-thumbnail","6":"product_cat-travel","7":"product_tag-california","8":"product_tag-canada-2","9":"product_tag-caribbean","10":"product_tag-guyana","11":"product_tag-louisiana","12":"product_tag-mexico","13":"product_tag-slavery","14":"product_tag-united-states-of-america","15":"product_tag-virginia","16":"pa_auteur-george-washington-2","17":"pa_type-de-livre-printed-book","19":"first","20":"instock","21":"shipping-taxable","22":"purchasable","23":"product-type-simple"},"acf":[],"yoast_head":"<!-- This site is optimized with the Yoast SEO plugin v24.3 - https:\/\/yoast.com\/wordpress\/plugins\/seo\/ -->\n<title>WASHINGTON George Vie de George Washington, g\u00e9n\u00e9ral en chef des arm\u00e9es am\u00e9ricaines, durant la guerre de l&#039;Ind\u00e9pendance, et Pr\u00e9sident des Etats-Unis d&#039;Am\u00e9rique; compos\u00e9e sur ses m\u00e9moires... Pr\u00e9c\u00e9d\u00e9e d&#039;un Pr\u00e9cis de l&#039;histoire des Colonies fond\u00e9es par les Anglais, sur le continent de l&#039;Am\u00e9rique septentrionale. - Libairie Clavreuil<\/title>\n<meta name=\"robots\" content=\"noindex, follow, max-snippet:-1, max-image-preview:large, max-video-preview:-1\" \/>\n<meta property=\"og:locale\" content=\"en_US\" \/>\n<meta property=\"og:type\" content=\"article\" \/>\n<meta property=\"og:title\" content=\"WASHINGTON George Vie de George Washington, g\u00e9n\u00e9ral en chef des arm\u00e9es am\u00e9ricaines, durant la guerre de l&#039;Ind\u00e9pendance, et Pr\u00e9sident des Etats-Unis d&#039;Am\u00e9rique; compos\u00e9e sur ses m\u00e9moires... Pr\u00e9c\u00e9d\u00e9e d&#039;un Pr\u00e9cis de l&#039;histoire des Colonies fond\u00e9es par les Anglais, sur le continent de l&#039;Am\u00e9rique septentrionale. - Libairie Clavreuil\" \/>\n<meta property=\"og:description\" content=\"5 text volumes, 8vo (194 x 121 mm), and the atlas, 4to (315 x 240 mm). Text bound in contemporary sheep backed boards, flat spines, and in contemporary pink boards for the atlas (text somewhat rubbed).\" \/>\n<meta property=\"og:url\" content=\"https:\/\/clavreuil-wordpress.logiciel-arteo.fr\/en\/washington-george-vie-de-george-washington-general-en-chef-des-armees-americaines-durant-la-guerre-de-lindependance-et-president-des-etats-unis-damerique-composee-sur-ses-memoires-precedee\/\" \/>\n<meta property=\"og:site_name\" content=\"Libairie Clavreuil\" \/>\n<meta property=\"article:modified_time\" content=\"2024-04-23T16:21:12+00:00\" \/>\n<meta property=\"og:image\" content=\"https:\/\/clavreuil-wordpress.logiciel-arteo.fr\/wp-content\/uploads\/2024\/04\/george-washington-vie-de-george-washington-general-en-chef-des-armees-americaines-durant-la-guerre-de-l-independance-et-president-des-etats-unis-d-ame-scaled.jpg\" \/>\n\t<meta property=\"og:image:width\" content=\"1920\" \/>\n\t<meta property=\"og:image:height\" content=\"2560\" \/>\n\t<meta property=\"og:image:type\" content=\"image\/jpeg\" \/>\n<meta name=\"twitter:card\" content=\"summary_large_image\" \/>\n<script type=\"application\/ld+json\" class=\"yoast-schema-graph\">{\"@context\":\"https:\/\/schema.org\",\"@graph\":[{\"@type\":\"WebPage\",\"@id\":\"https:\/\/clavreuil-wordpress.logiciel-arteo.fr\/en\/washington-george-vie-de-george-washington-general-en-chef-des-armees-americaines-durant-la-guerre-de-lindependance-et-president-des-etats-unis-damerique-composee-sur-ses-memoires-precedee\/\",\"url\":\"https:\/\/clavreuil-wordpress.logiciel-arteo.fr\/en\/washington-george-vie-de-george-washington-general-en-chef-des-armees-americaines-durant-la-guerre-de-lindependance-et-president-des-etats-unis-damerique-composee-sur-ses-memoires-precedee\/\",\"name\":\"WASHINGTON George Vie de George Washington, g\u00e9n\u00e9ral en chef des arm\u00e9es am\u00e9ricaines, durant la guerre de l'Ind\u00e9pendance, et Pr\u00e9sident des Etats-Unis d'Am\u00e9rique; compos\u00e9e sur ses m\u00e9moires... Pr\u00e9c\u00e9d\u00e9e d'un Pr\u00e9cis de l'histoire des Colonies fond\u00e9es par les Anglais, sur le continent de l'Am\u00e9rique septentrionale. - Libairie Clavreuil\",\"isPartOf\":{\"@id\":\"https:\/\/clavreuil-wordpress.logiciel-arteo.fr\/#website\"},\"primaryImageOfPage\":{\"@id\":\"https:\/\/clavreuil-wordpress.logiciel-arteo.fr\/en\/washington-george-vie-de-george-washington-general-en-chef-des-armees-americaines-durant-la-guerre-de-lindependance-et-president-des-etats-unis-damerique-composee-sur-ses-memoires-precedee\/#primaryimage\"},\"image\":{\"@id\":\"https:\/\/clavreuil-wordpress.logiciel-arteo.fr\/en\/washington-george-vie-de-george-washington-general-en-chef-des-armees-americaines-durant-la-guerre-de-lindependance-et-president-des-etats-unis-damerique-composee-sur-ses-memoires-precedee\/#primaryimage\"},\"thumbnailUrl\":\"https:\/\/clavreuil-wordpress.logiciel-arteo.fr\/wp-content\/uploads\/2024\/04\/george-washington-vie-de-george-washington-general-en-chef-des-armees-americaines-durant-la-guerre-de-l-independance-et-president-des-etats-unis-d-ame-scaled.jpg\",\"datePublished\":\"2024-04-23T16:20:19+00:00\",\"dateModified\":\"2024-04-23T16:21:12+00:00\",\"breadcrumb\":{\"@id\":\"https:\/\/clavreuil-wordpress.logiciel-arteo.fr\/en\/washington-george-vie-de-george-washington-general-en-chef-des-armees-americaines-durant-la-guerre-de-lindependance-et-president-des-etats-unis-damerique-composee-sur-ses-memoires-precedee\/#breadcrumb\"},\"inLanguage\":\"en-US\",\"potentialAction\":[{\"@type\":\"ReadAction\",\"target\":[\"https:\/\/clavreuil-wordpress.logiciel-arteo.fr\/en\/washington-george-vie-de-george-washington-general-en-chef-des-armees-americaines-durant-la-guerre-de-lindependance-et-president-des-etats-unis-damerique-composee-sur-ses-memoires-precedee\/\"]}]},{\"@type\":\"ImageObject\",\"inLanguage\":\"en-US\",\"@id\":\"https:\/\/clavreuil-wordpress.logiciel-arteo.fr\/en\/washington-george-vie-de-george-washington-general-en-chef-des-armees-americaines-durant-la-guerre-de-lindependance-et-president-des-etats-unis-damerique-composee-sur-ses-memoires-precedee\/#primaryimage\",\"url\":\"https:\/\/clavreuil-wordpress.logiciel-arteo.fr\/wp-content\/uploads\/2024\/04\/george-washington-vie-de-george-washington-general-en-chef-des-armees-americaines-durant-la-guerre-de-l-independance-et-president-des-etats-unis-d-ame-scaled.jpg\",\"contentUrl\":\"https:\/\/clavreuil-wordpress.logiciel-arteo.fr\/wp-content\/uploads\/2024\/04\/george-washington-vie-de-george-washington-general-en-chef-des-armees-americaines-durant-la-guerre-de-l-independance-et-president-des-etats-unis-d-ame-scaled.jpg\",\"width\":1920,\"height\":2560},{\"@type\":\"BreadcrumbList\",\"@id\":\"https:\/\/clavreuil-wordpress.logiciel-arteo.fr\/en\/washington-george-vie-de-george-washington-general-en-chef-des-armees-americaines-durant-la-guerre-de-lindependance-et-president-des-etats-unis-damerique-composee-sur-ses-memoires-precedee\/#breadcrumb\",\"itemListElement\":[{\"@type\":\"ListItem\",\"position\":1,\"name\":\"Accueil\",\"item\":\"https:\/\/clavreuil-wordpress.logiciel-arteo.fr\/\"},{\"@type\":\"ListItem\",\"position\":2,\"name\":\"All our books\",\"item\":\"https:\/\/clavreuil-wordpress.logiciel-arteo.fr\/en\/all-our-books\/\"},{\"@type\":\"ListItem\",\"position\":3,\"name\":\"WASHINGTON George Vie de George Washington, g\u00e9n\u00e9ral en...\"}]},{\"@type\":\"WebSite\",\"@id\":\"https:\/\/clavreuil-wordpress.logiciel-arteo.fr\/#website\",\"url\":\"https:\/\/clavreuil-wordpress.logiciel-arteo.fr\/\",\"name\":\"Libairie Clavreuil\",\"description\":\"\",\"publisher\":{\"@id\":\"https:\/\/clavreuil-wordpress.logiciel-arteo.fr\/#organization\"},\"potentialAction\":[{\"@type\":\"SearchAction\",\"target\":{\"@type\":\"EntryPoint\",\"urlTemplate\":\"https:\/\/clavreuil-wordpress.logiciel-arteo.fr\/?s={search_term_string}\"},\"query-input\":{\"@type\":\"PropertyValueSpecification\",\"valueRequired\":true,\"valueName\":\"search_term_string\"}}],\"inLanguage\":\"en-US\"},{\"@type\":\"Organization\",\"@id\":\"https:\/\/clavreuil-wordpress.logiciel-arteo.fr\/#organization\",\"name\":\"Libairie Clavreuil\",\"url\":\"https:\/\/clavreuil-wordpress.logiciel-arteo.fr\/\",\"logo\":{\"@type\":\"ImageObject\",\"inLanguage\":\"en-US\",\"@id\":\"https:\/\/clavreuil-wordpress.logiciel-arteo.fr\/#\/schema\/logo\/image\/\",\"url\":\"https:\/\/clavreuil-wordpress.logiciel-arteo.fr\/wp-content\/uploads\/2021\/05\/LOGO_PNG_DATE-_gold.png\",\"contentUrl\":\"https:\/\/clavreuil-wordpress.logiciel-arteo.fr\/wp-content\/uploads\/2021\/05\/LOGO_PNG_DATE-_gold.png\",\"width\":2083,\"height\":1917,\"caption\":\"Libairie Clavreuil\"},\"image\":{\"@id\":\"https:\/\/clavreuil-wordpress.logiciel-arteo.fr\/#\/schema\/logo\/image\/\"}}]}<\/script>\n<!-- \/ Yoast SEO plugin. -->","yoast_head_json":{"title":"WASHINGTON George Vie de George Washington, g\u00e9n\u00e9ral en chef des arm\u00e9es am\u00e9ricaines, durant la guerre de l'Ind\u00e9pendance, et Pr\u00e9sident des Etats-Unis d'Am\u00e9rique; compos\u00e9e sur ses m\u00e9moires... Pr\u00e9c\u00e9d\u00e9e d'un Pr\u00e9cis de l'histoire des Colonies fond\u00e9es par les Anglais, sur le continent de l'Am\u00e9rique septentrionale. - Libairie Clavreuil","robots":{"index":"noindex","follow":"follow","max-snippet":"max-snippet:-1","max-image-preview":"max-image-preview:large","max-video-preview":"max-video-preview:-1"},"og_locale":"en_US","og_type":"article","og_title":"WASHINGTON George Vie de George Washington, g\u00e9n\u00e9ral en chef des arm\u00e9es am\u00e9ricaines, durant la guerre de l'Ind\u00e9pendance, et Pr\u00e9sident des Etats-Unis d'Am\u00e9rique; compos\u00e9e sur ses m\u00e9moires... Pr\u00e9c\u00e9d\u00e9e d'un Pr\u00e9cis de l'histoire des Colonies fond\u00e9es par les Anglais, sur le continent de l'Am\u00e9rique septentrionale. - Libairie Clavreuil","og_description":"5 text volumes, 8vo (194 x 121 mm), and the atlas, 4to (315 x 240 mm). Text bound in contemporary sheep backed boards, flat spines, and in contemporary pink boards for the atlas (text somewhat rubbed).","og_url":"https:\/\/clavreuil-wordpress.logiciel-arteo.fr\/en\/washington-george-vie-de-george-washington-general-en-chef-des-armees-americaines-durant-la-guerre-de-lindependance-et-president-des-etats-unis-damerique-composee-sur-ses-memoires-precedee\/","og_site_name":"Libairie Clavreuil","article_modified_time":"2024-04-23T16:21:12+00:00","og_image":[{"width":1920,"height":2560,"url":"https:\/\/clavreuil-wordpress.logiciel-arteo.fr\/wp-content\/uploads\/2024\/04\/george-washington-vie-de-george-washington-general-en-chef-des-armees-americaines-durant-la-guerre-de-l-independance-et-president-des-etats-unis-d-ame-scaled.jpg","type":"image\/jpeg"}],"twitter_card":"summary_large_image","schema":{"@context":"https:\/\/schema.org","@graph":[{"@type":"WebPage","@id":"https:\/\/clavreuil-wordpress.logiciel-arteo.fr\/en\/washington-george-vie-de-george-washington-general-en-chef-des-armees-americaines-durant-la-guerre-de-lindependance-et-president-des-etats-unis-damerique-composee-sur-ses-memoires-precedee\/","url":"https:\/\/clavreuil-wordpress.logiciel-arteo.fr\/en\/washington-george-vie-de-george-washington-general-en-chef-des-armees-americaines-durant-la-guerre-de-lindependance-et-president-des-etats-unis-damerique-composee-sur-ses-memoires-precedee\/","name":"WASHINGTON George Vie de George Washington, g\u00e9n\u00e9ral en chef des arm\u00e9es am\u00e9ricaines, durant la guerre de l'Ind\u00e9pendance, et Pr\u00e9sident des Etats-Unis d'Am\u00e9rique; compos\u00e9e sur ses m\u00e9moires... Pr\u00e9c\u00e9d\u00e9e d'un Pr\u00e9cis de l'histoire des Colonies fond\u00e9es par les Anglais, sur le continent de l'Am\u00e9rique septentrionale. - Libairie Clavreuil","isPartOf":{"@id":"https:\/\/clavreuil-wordpress.logiciel-arteo.fr\/#website"},"primaryImageOfPage":{"@id":"https:\/\/clavreuil-wordpress.logiciel-arteo.fr\/en\/washington-george-vie-de-george-washington-general-en-chef-des-armees-americaines-durant-la-guerre-de-lindependance-et-president-des-etats-unis-damerique-composee-sur-ses-memoires-precedee\/#primaryimage"},"image":{"@id":"https:\/\/clavreuil-wordpress.logiciel-arteo.fr\/en\/washington-george-vie-de-george-washington-general-en-chef-des-armees-americaines-durant-la-guerre-de-lindependance-et-president-des-etats-unis-damerique-composee-sur-ses-memoires-precedee\/#primaryimage"},"thumbnailUrl":"https:\/\/clavreuil-wordpress.logiciel-arteo.fr\/wp-content\/uploads\/2024\/04\/george-washington-vie-de-george-washington-general-en-chef-des-armees-americaines-durant-la-guerre-de-l-independance-et-president-des-etats-unis-d-ame-scaled.jpg","datePublished":"2024-04-23T16:20:19+00:00","dateModified":"2024-04-23T16:21:12+00:00","breadcrumb":{"@id":"https:\/\/clavreuil-wordpress.logiciel-arteo.fr\/en\/washington-george-vie-de-george-washington-general-en-chef-des-armees-americaines-durant-la-guerre-de-lindependance-et-president-des-etats-unis-damerique-composee-sur-ses-memoires-precedee\/#breadcrumb"},"inLanguage":"en-US","potentialAction":[{"@type":"ReadAction","target":["https:\/\/clavreuil-wordpress.logiciel-arteo.fr\/en\/washington-george-vie-de-george-washington-general-en-chef-des-armees-americaines-durant-la-guerre-de-lindependance-et-president-des-etats-unis-damerique-composee-sur-ses-memoires-precedee\/"]}]},{"@type":"ImageObject","inLanguage":"en-US","@id":"https:\/\/clavreuil-wordpress.logiciel-arteo.fr\/en\/washington-george-vie-de-george-washington-general-en-chef-des-armees-americaines-durant-la-guerre-de-lindependance-et-president-des-etats-unis-damerique-composee-sur-ses-memoires-precedee\/#primaryimage","url":"https:\/\/clavreuil-wordpress.logiciel-arteo.fr\/wp-content\/uploads\/2024\/04\/george-washington-vie-de-george-washington-general-en-chef-des-armees-americaines-durant-la-guerre-de-l-independance-et-president-des-etats-unis-d-ame-scaled.jpg","contentUrl":"https:\/\/clavreuil-wordpress.logiciel-arteo.fr\/wp-content\/uploads\/2024\/04\/george-washington-vie-de-george-washington-general-en-chef-des-armees-americaines-durant-la-guerre-de-l-independance-et-president-des-etats-unis-d-ame-scaled.jpg","width":1920,"height":2560},{"@type":"BreadcrumbList","@id":"https:\/\/clavreuil-wordpress.logiciel-arteo.fr\/en\/washington-george-vie-de-george-washington-general-en-chef-des-armees-americaines-durant-la-guerre-de-lindependance-et-president-des-etats-unis-damerique-composee-sur-ses-memoires-precedee\/#breadcrumb","itemListElement":[{"@type":"ListItem","position":1,"name":"Accueil","item":"https:\/\/clavreuil-wordpress.logiciel-arteo.fr\/"},{"@type":"ListItem","position":2,"name":"All our books","item":"https:\/\/clavreuil-wordpress.logiciel-arteo.fr\/en\/all-our-books\/"},{"@type":"ListItem","position":3,"name":"WASHINGTON George Vie de George Washington, g\u00e9n\u00e9ral en..."}]},{"@type":"WebSite","@id":"https:\/\/clavreuil-wordpress.logiciel-arteo.fr\/#website","url":"https:\/\/clavreuil-wordpress.logiciel-arteo.fr\/","name":"Libairie Clavreuil","description":"","publisher":{"@id":"https:\/\/clavreuil-wordpress.logiciel-arteo.fr\/#organization"},"potentialAction":[{"@type":"SearchAction","target":{"@type":"EntryPoint","urlTemplate":"https:\/\/clavreuil-wordpress.logiciel-arteo.fr\/?s={search_term_string}"},"query-input":{"@type":"PropertyValueSpecification","valueRequired":true,"valueName":"search_term_string"}}],"inLanguage":"en-US"},{"@type":"Organization","@id":"https:\/\/clavreuil-wordpress.logiciel-arteo.fr\/#organization","name":"Libairie Clavreuil","url":"https:\/\/clavreuil-wordpress.logiciel-arteo.fr\/","logo":{"@type":"ImageObject","inLanguage":"en-US","@id":"https:\/\/clavreuil-wordpress.logiciel-arteo.fr\/#\/schema\/logo\/image\/","url":"https:\/\/clavreuil-wordpress.logiciel-arteo.fr\/wp-content\/uploads\/2021\/05\/LOGO_PNG_DATE-_gold.png","contentUrl":"https:\/\/clavreuil-wordpress.logiciel-arteo.fr\/wp-content\/uploads\/2021\/05\/LOGO_PNG_DATE-_gold.png","width":2083,"height":1917,"caption":"Libairie Clavreuil"},"image":{"@id":"https:\/\/clavreuil-wordpress.logiciel-arteo.fr\/#\/schema\/logo\/image\/"}}]}},"_links":{"self":[{"href":"https:\/\/clavreuil-wordpress.logiciel-arteo.fr\/en\/wp-json\/wp\/v2\/product\/74707","targetHints":{"allow":["GET"]}}],"collection":[{"href":"https:\/\/clavreuil-wordpress.logiciel-arteo.fr\/en\/wp-json\/wp\/v2\/product"}],"about":[{"href":"https:\/\/clavreuil-wordpress.logiciel-arteo.fr\/en\/wp-json\/wp\/v2\/types\/product"}],"replies":[{"embeddable":true,"href":"https:\/\/clavreuil-wordpress.logiciel-arteo.fr\/en\/wp-json\/wp\/v2\/comments?post=74707"}],"wp:featuredmedia":[{"embeddable":true,"href":"https:\/\/clavreuil-wordpress.logiciel-arteo.fr\/en\/wp-json\/wp\/v2\/media\/74694"}],"wp:attachment":[{"href":"https:\/\/clavreuil-wordpress.logiciel-arteo.fr\/en\/wp-json\/wp\/v2\/media?parent=74707"}],"wp:term":[{"taxonomy":"product_brand","embeddable":true,"href":"https:\/\/clavreuil-wordpress.logiciel-arteo.fr\/en\/wp-json\/wp\/v2\/product_brand?post=74707"},{"taxonomy":"product_cat","embeddable":true,"href":"https:\/\/clavreuil-wordpress.logiciel-arteo.fr\/en\/wp-json\/wp\/v2\/product_cat?post=74707"},{"taxonomy":"product_tag","embeddable":true,"href":"https:\/\/clavreuil-wordpress.logiciel-arteo.fr\/en\/wp-json\/wp\/v2\/product_tag?post=74707"}],"curies":[{"name":"wp","href":"https:\/\/api.w.org\/{rel}","templated":true}]}}