{"id":74759,"date":"2024-04-23T18:37:43","date_gmt":"2024-04-23T16:37:43","guid":{"rendered":"https:\/\/clavreuil-wordpress.logiciel-arteo.fr\/laplace-pierre-simon-campagne-de-circumnavigation-de-la-fregate-lartemise-pendant-les-annees-1837-1838-1839-et-1840\/"},"modified":"2024-04-23T18:38:36","modified_gmt":"2024-04-23T16:38:36","slug":"laplace-pierre-simon-campagne-de-circumnavigation-de-la-fregate-lartemise-pendant-les-annees-1837-1838-1839-et-1840","status":"publish","type":"product","link":"https:\/\/clavreuil-wordpress.logiciel-arteo.fr\/en\/laplace-pierre-simon-campagne-de-circumnavigation-de-la-fregate-lartemise-pendant-les-annees-1837-1838-1839-et-1840\/","title":{"rendered":"LAPLACE Pierre Simon Campagne de Circumnavigation de la..."},"content":{"rendered":"<p><em>Sabin, 38983; Judd, 105; O&#039;Reilly &amp; Reitman, 984; not in Hill &amp; Ferguson.<\/em><\/p>\n<p>First edition of Laplace&#039;s second voyage of circumnavigation, of the greatest importance in the consolidation of French interests in the Pacific.<\/p>\n<p>Begun five years after his earlier voyage in the <em>Favorite<\/em>, the objectives here were to advance wherever possible French political and commercial interests in the Pacific, particularly with respects to Tahiti and Hawa&iuml;. The map of the voyage shows the route travelled by both this and Laplace&#039;s earlier voyage on the Favorite 1830-32. John Dunmore, in French Exploration in the Pacific discusses this voyage at length and concludes: &quot;The importance of the expeditions of the <em>Venus<\/em>, the <em>Art&eacute;mise<\/em> and the <em>Heroine<\/em> in laying the foundations for the subsequent sharing-out of Oceania should never be overlooked.&quot;<\/p>\n<p>A visit was made to Tasmania where the captain, who had been instructed to look for possible sites for a penal colony, examined the prison system. A lengthy account is included of the stop at Sydney. The set is complete with the rare sixth volume, which is often lacking. It gives the account of the <em>Art&eacute;mise&#039;s<\/em> visit to California, includes stops at San Francisco and Monterey, and is illustrated with a fine view of the mission of San Carlos at Monterey.<\/p>\n<p>&quot;Laplace re&ccedil;oit en 1835 le commandement de l&#039;<em>Art&eacute;mise<\/em> pour une deuxi&egrave;me circumnavigation. Dans son &eacute;tat major, on rencontre le lieutenant de vaisseau P&acirc;ris (qui en est &agrave; son troisi&egrave;me tour du monde!) et trois jeunes officiers, futurs ministres de la Marine : Dompierre d&#039;Hormoy, Montaignac, et Fourichon. Parti de Toulon, Laplace se rend d&#039;abord &agrave; New York pour une mission diplomatique. Il gagne ensuite l&#039;Oc&eacute;an Indien pour compl&eacute;ter son pr&eacute;c&eacute;dent voyage. Il fait escale &agrave; Moka dans la Mer Rouge, &agrave; Mascate, &agrave; Pondich&eacute;ry, &agrave; Ceylan et gagne l&#039;Extr&ecirc;me-Orient par Singapour. Il navigue le long des c&ocirc;tes de l&#039;Annam, de la Chine m&eacute;ridionale, rel&acirc;che &agrave; Manille, &agrave; Batavia, &agrave; Port Jackson, puis traverse le Pacifique du sud au nord vers Tahiti et les &icirc;les Sandwich. A Hawa&iuml;, Laplace signe avec le roi Kamehameha III une convention commerciale. L&#039;<em>Art&eacute;mise<\/em> longe ensuite les c&ocirc;tes am&eacute;ricaines de San Francisco &agrave; Valparaiso, s&eacute;journe &agrave; Rio et regagne Lorient an avril 1840. Tr&egrave;s riche au point de vue g&eacute;ographique et &eacute;conomique, le voyage de l&#039;<em>Art&eacute;mise<\/em> a permis de signer des trait&eacute;s d&#039;amiti&eacute; avec les souverains de Tahiti et d&#039;Hawa&iuml;. Il a ainsi pr&eacute;par&eacute; l&#039;oeuvre de Dupetit Thouars&quot; (Numa Broc).<\/p>\n<p>This important book is illustrated with 31 plates includes views of Port Arthur, Tasmania, Honolulu, Manilla, Macao, Calcutta, Bombay and various places in Indo-China. Other points of interest are the details on commerce of the Arabian Peninsula (Muskat, al-Muka, and Banda-Abbas) as well on trade with Iran. Some wear to corners and light spotting on some leaves, some views toned, but a very fine set in its original publisher&#039;s boards.<\/p>\n","protected":false},"excerpt":{"rendered":"<p>6 volumes, 8vo (237 x 153 mm) XXXIX, 343 pp. 1 unn.l., 1 large folding map, 7 engraved plates for volume I ; 2 unn.ll., 467 pp., 2 unn.ll., 1 large folding plate, 5 engraved plates for volume II ; 2 unn.ll., 548 pp., 1 unn.l., 6 plates for volume III ; 2 unn.ll., 464 pp., 2 unn.ll., 5 engraved plates for volume IV ; 2 unn.ll., III, 542 pp., 1 unn.l., 4 engraved plates for volume V ; 2 unn.ll., 400 pp., 4 engraved plates for volume VI. Original printed green publisher&rsquo;s boards (some light wear or foxing).<\/p>\n","protected":false},"featured_media":74750,"comment_status":"open","ping_status":"closed","template":"","meta":{"_acf_changed":false},"product_brand":[],"product_cat":[552],"product_tag":[1407,1450,1409],"class_list":{"0":"post-74759","1":"product","2":"type-product","3":"status-publish","4":"has-post-thumbnail","6":"product_cat-travel","7":"product_tag-circum-2","8":"product_tag-first-edition","9":"product_tag-oceania","10":"pa_auteur-pierre-simon-laplace-2","11":"pa_type-de-livre-printed-book","13":"first","14":"instock","15":"shipping-taxable","16":"purchasable","17":"product-type-simple"},"acf":[],"yoast_head":"<!-- This site is optimized with the Yoast SEO plugin v24.3 - https:\/\/yoast.com\/wordpress\/plugins\/seo\/ -->\n<title>LAPLACE Pierre Simon Campagne de Circumnavigation de la fr\u00e9gate l&#039;Art\u00e9mise pendant les ann\u00e9es 1837, 1838, 1839 ET 1840. - Libairie Clavreuil<\/title>\n<meta name=\"robots\" content=\"noindex, follow, max-snippet:-1, max-image-preview:large, max-video-preview:-1\" \/>\n<meta property=\"og:locale\" content=\"en_US\" \/>\n<meta property=\"og:type\" content=\"article\" \/>\n<meta property=\"og:title\" content=\"LAPLACE Pierre Simon Campagne de Circumnavigation de la fr\u00e9gate l&#039;Art\u00e9mise pendant les ann\u00e9es 1837, 1838, 1839 ET 1840. - Libairie Clavreuil\" \/>\n<meta property=\"og:description\" content=\"6 volumes, 8vo (237 x 153 mm) XXXIX, 343 pp. 1 unn.l., 1 large folding map, 7 engraved plates for volume I ; 2 unn.ll., 467 pp., 2 unn.ll., 1 large folding plate, 5 engraved plates for volume II ; 2 unn.ll., 548 pp., 1 unn.l., 6 plates for volume III ; 2 unn.ll., 464 pp., 2 unn.ll., 5 engraved plates for volume IV ; 2 unn.ll., III, 542 pp., 1 unn.l., 4 engraved plates for volume V ; 2 unn.ll., 400 pp., 4 engraved plates for volume VI. Original printed green publisher&rsquo;s boards (some light wear or foxing).\" \/>\n<meta property=\"og:url\" content=\"https:\/\/clavreuil-wordpress.logiciel-arteo.fr\/en\/laplace-pierre-simon-campagne-de-circumnavigation-de-la-fregate-lartemise-pendant-les-annees-1837-1838-1839-et-1840\/\" \/>\n<meta property=\"og:site_name\" content=\"Libairie Clavreuil\" \/>\n<meta property=\"article:modified_time\" content=\"2024-04-23T16:38:36+00:00\" \/>\n<meta property=\"og:image\" content=\"https:\/\/clavreuil-wordpress.logiciel-arteo.fr\/wp-content\/uploads\/2024\/04\/pierre-simon-laplace-campagne-de-circumnavigation-de-la-fregate-l-artemise-pendant-les-annees-1837-1838-1839-et-1840-7474-65e5fbe3b71a4-scaled.jpg\" \/>\n\t<meta property=\"og:image:width\" content=\"2309\" \/>\n\t<meta property=\"og:image:height\" content=\"2560\" \/>\n\t<meta property=\"og:image:type\" content=\"image\/jpeg\" \/>\n<meta name=\"twitter:card\" content=\"summary_large_image\" \/>\n<meta name=\"twitter:label1\" content=\"Est. reading time\" \/>\n\t<meta name=\"twitter:data1\" content=\"3 minutes\" \/>\n<script type=\"application\/ld+json\" class=\"yoast-schema-graph\">{\"@context\":\"https:\/\/schema.org\",\"@graph\":[{\"@type\":\"WebPage\",\"@id\":\"https:\/\/clavreuil-wordpress.logiciel-arteo.fr\/en\/laplace-pierre-simon-campagne-de-circumnavigation-de-la-fregate-lartemise-pendant-les-annees-1837-1838-1839-et-1840\/\",\"url\":\"https:\/\/clavreuil-wordpress.logiciel-arteo.fr\/en\/laplace-pierre-simon-campagne-de-circumnavigation-de-la-fregate-lartemise-pendant-les-annees-1837-1838-1839-et-1840\/\",\"name\":\"LAPLACE Pierre Simon Campagne de Circumnavigation de la fr\u00e9gate l'Art\u00e9mise pendant les ann\u00e9es 1837, 1838, 1839 ET 1840. - Libairie Clavreuil\",\"isPartOf\":{\"@id\":\"https:\/\/clavreuil-wordpress.logiciel-arteo.fr\/#website\"},\"primaryImageOfPage\":{\"@id\":\"https:\/\/clavreuil-wordpress.logiciel-arteo.fr\/en\/laplace-pierre-simon-campagne-de-circumnavigation-de-la-fregate-lartemise-pendant-les-annees-1837-1838-1839-et-1840\/#primaryimage\"},\"image\":{\"@id\":\"https:\/\/clavreuil-wordpress.logiciel-arteo.fr\/en\/laplace-pierre-simon-campagne-de-circumnavigation-de-la-fregate-lartemise-pendant-les-annees-1837-1838-1839-et-1840\/#primaryimage\"},\"thumbnailUrl\":\"https:\/\/clavreuil-wordpress.logiciel-arteo.fr\/wp-content\/uploads\/2024\/04\/pierre-simon-laplace-campagne-de-circumnavigation-de-la-fregate-l-artemise-pendant-les-annees-1837-1838-1839-et-1840-7474-65e5fbe3b71a4-scaled.jpg\",\"datePublished\":\"2024-04-23T16:37:43+00:00\",\"dateModified\":\"2024-04-23T16:38:36+00:00\",\"breadcrumb\":{\"@id\":\"https:\/\/clavreuil-wordpress.logiciel-arteo.fr\/en\/laplace-pierre-simon-campagne-de-circumnavigation-de-la-fregate-lartemise-pendant-les-annees-1837-1838-1839-et-1840\/#breadcrumb\"},\"inLanguage\":\"en-US\",\"potentialAction\":[{\"@type\":\"ReadAction\",\"target\":[\"https:\/\/clavreuil-wordpress.logiciel-arteo.fr\/en\/laplace-pierre-simon-campagne-de-circumnavigation-de-la-fregate-lartemise-pendant-les-annees-1837-1838-1839-et-1840\/\"]}]},{\"@type\":\"ImageObject\",\"inLanguage\":\"en-US\",\"@id\":\"https:\/\/clavreuil-wordpress.logiciel-arteo.fr\/en\/laplace-pierre-simon-campagne-de-circumnavigation-de-la-fregate-lartemise-pendant-les-annees-1837-1838-1839-et-1840\/#primaryimage\",\"url\":\"https:\/\/clavreuil-wordpress.logiciel-arteo.fr\/wp-content\/uploads\/2024\/04\/pierre-simon-laplace-campagne-de-circumnavigation-de-la-fregate-l-artemise-pendant-les-annees-1837-1838-1839-et-1840-7474-65e5fbe3b71a4-scaled.jpg\",\"contentUrl\":\"https:\/\/clavreuil-wordpress.logiciel-arteo.fr\/wp-content\/uploads\/2024\/04\/pierre-simon-laplace-campagne-de-circumnavigation-de-la-fregate-l-artemise-pendant-les-annees-1837-1838-1839-et-1840-7474-65e5fbe3b71a4-scaled.jpg\",\"width\":2309,\"height\":2560},{\"@type\":\"BreadcrumbList\",\"@id\":\"https:\/\/clavreuil-wordpress.logiciel-arteo.fr\/en\/laplace-pierre-simon-campagne-de-circumnavigation-de-la-fregate-lartemise-pendant-les-annees-1837-1838-1839-et-1840\/#breadcrumb\",\"itemListElement\":[{\"@type\":\"ListItem\",\"position\":1,\"name\":\"Accueil\",\"item\":\"https:\/\/clavreuil-wordpress.logiciel-arteo.fr\/\"},{\"@type\":\"ListItem\",\"position\":2,\"name\":\"All our books\",\"item\":\"https:\/\/clavreuil-wordpress.logiciel-arteo.fr\/en\/all-our-books\/\"},{\"@type\":\"ListItem\",\"position\":3,\"name\":\"LAPLACE Pierre Simon Campagne de Circumnavigation de la...\"}]},{\"@type\":\"WebSite\",\"@id\":\"https:\/\/clavreuil-wordpress.logiciel-arteo.fr\/#website\",\"url\":\"https:\/\/clavreuil-wordpress.logiciel-arteo.fr\/\",\"name\":\"Libairie Clavreuil\",\"description\":\"\",\"publisher\":{\"@id\":\"https:\/\/clavreuil-wordpress.logiciel-arteo.fr\/#organization\"},\"potentialAction\":[{\"@type\":\"SearchAction\",\"target\":{\"@type\":\"EntryPoint\",\"urlTemplate\":\"https:\/\/clavreuil-wordpress.logiciel-arteo.fr\/?s={search_term_string}\"},\"query-input\":{\"@type\":\"PropertyValueSpecification\",\"valueRequired\":true,\"valueName\":\"search_term_string\"}}],\"inLanguage\":\"en-US\"},{\"@type\":\"Organization\",\"@id\":\"https:\/\/clavreuil-wordpress.logiciel-arteo.fr\/#organization\",\"name\":\"Libairie Clavreuil\",\"url\":\"https:\/\/clavreuil-wordpress.logiciel-arteo.fr\/\",\"logo\":{\"@type\":\"ImageObject\",\"inLanguage\":\"en-US\",\"@id\":\"https:\/\/clavreuil-wordpress.logiciel-arteo.fr\/#\/schema\/logo\/image\/\",\"url\":\"https:\/\/clavreuil-wordpress.logiciel-arteo.fr\/wp-content\/uploads\/2021\/05\/LOGO_PNG_DATE-_gold.png\",\"contentUrl\":\"https:\/\/clavreuil-wordpress.logiciel-arteo.fr\/wp-content\/uploads\/2021\/05\/LOGO_PNG_DATE-_gold.png\",\"width\":2083,\"height\":1917,\"caption\":\"Libairie Clavreuil\"},\"image\":{\"@id\":\"https:\/\/clavreuil-wordpress.logiciel-arteo.fr\/#\/schema\/logo\/image\/\"}}]}<\/script>\n<!-- \/ Yoast SEO plugin. -->","yoast_head_json":{"title":"LAPLACE Pierre Simon Campagne de Circumnavigation de la fr\u00e9gate l'Art\u00e9mise pendant les ann\u00e9es 1837, 1838, 1839 ET 1840. - Libairie Clavreuil","robots":{"index":"noindex","follow":"follow","max-snippet":"max-snippet:-1","max-image-preview":"max-image-preview:large","max-video-preview":"max-video-preview:-1"},"og_locale":"en_US","og_type":"article","og_title":"LAPLACE Pierre Simon Campagne de Circumnavigation de la fr\u00e9gate l'Art\u00e9mise pendant les ann\u00e9es 1837, 1838, 1839 ET 1840. - Libairie Clavreuil","og_description":"6 volumes, 8vo (237 x 153 mm) XXXIX, 343 pp. 1 unn.l., 1 large folding map, 7 engraved plates for volume I ; 2 unn.ll., 467 pp., 2 unn.ll., 1 large folding plate, 5 engraved plates for volume II ; 2 unn.ll., 548 pp., 1 unn.l., 6 plates for volume III ; 2 unn.ll., 464 pp., 2 unn.ll., 5 engraved plates for volume IV ; 2 unn.ll., III, 542 pp., 1 unn.l., 4 engraved plates for volume V ; 2 unn.ll., 400 pp., 4 engraved plates for volume VI. Original printed green publisher&rsquo;s boards (some light wear or foxing).","og_url":"https:\/\/clavreuil-wordpress.logiciel-arteo.fr\/en\/laplace-pierre-simon-campagne-de-circumnavigation-de-la-fregate-lartemise-pendant-les-annees-1837-1838-1839-et-1840\/","og_site_name":"Libairie Clavreuil","article_modified_time":"2024-04-23T16:38:36+00:00","og_image":[{"width":2309,"height":2560,"url":"https:\/\/clavreuil-wordpress.logiciel-arteo.fr\/wp-content\/uploads\/2024\/04\/pierre-simon-laplace-campagne-de-circumnavigation-de-la-fregate-l-artemise-pendant-les-annees-1837-1838-1839-et-1840-7474-65e5fbe3b71a4-scaled.jpg","type":"image\/jpeg"}],"twitter_card":"summary_large_image","twitter_misc":{"Est. reading time":"3 minutes"},"schema":{"@context":"https:\/\/schema.org","@graph":[{"@type":"WebPage","@id":"https:\/\/clavreuil-wordpress.logiciel-arteo.fr\/en\/laplace-pierre-simon-campagne-de-circumnavigation-de-la-fregate-lartemise-pendant-les-annees-1837-1838-1839-et-1840\/","url":"https:\/\/clavreuil-wordpress.logiciel-arteo.fr\/en\/laplace-pierre-simon-campagne-de-circumnavigation-de-la-fregate-lartemise-pendant-les-annees-1837-1838-1839-et-1840\/","name":"LAPLACE Pierre Simon Campagne de Circumnavigation de la fr\u00e9gate l'Art\u00e9mise pendant les ann\u00e9es 1837, 1838, 1839 ET 1840. - Libairie Clavreuil","isPartOf":{"@id":"https:\/\/clavreuil-wordpress.logiciel-arteo.fr\/#website"},"primaryImageOfPage":{"@id":"https:\/\/clavreuil-wordpress.logiciel-arteo.fr\/en\/laplace-pierre-simon-campagne-de-circumnavigation-de-la-fregate-lartemise-pendant-les-annees-1837-1838-1839-et-1840\/#primaryimage"},"image":{"@id":"https:\/\/clavreuil-wordpress.logiciel-arteo.fr\/en\/laplace-pierre-simon-campagne-de-circumnavigation-de-la-fregate-lartemise-pendant-les-annees-1837-1838-1839-et-1840\/#primaryimage"},"thumbnailUrl":"https:\/\/clavreuil-wordpress.logiciel-arteo.fr\/wp-content\/uploads\/2024\/04\/pierre-simon-laplace-campagne-de-circumnavigation-de-la-fregate-l-artemise-pendant-les-annees-1837-1838-1839-et-1840-7474-65e5fbe3b71a4-scaled.jpg","datePublished":"2024-04-23T16:37:43+00:00","dateModified":"2024-04-23T16:38:36+00:00","breadcrumb":{"@id":"https:\/\/clavreuil-wordpress.logiciel-arteo.fr\/en\/laplace-pierre-simon-campagne-de-circumnavigation-de-la-fregate-lartemise-pendant-les-annees-1837-1838-1839-et-1840\/#breadcrumb"},"inLanguage":"en-US","potentialAction":[{"@type":"ReadAction","target":["https:\/\/clavreuil-wordpress.logiciel-arteo.fr\/en\/laplace-pierre-simon-campagne-de-circumnavigation-de-la-fregate-lartemise-pendant-les-annees-1837-1838-1839-et-1840\/"]}]},{"@type":"ImageObject","inLanguage":"en-US","@id":"https:\/\/clavreuil-wordpress.logiciel-arteo.fr\/en\/laplace-pierre-simon-campagne-de-circumnavigation-de-la-fregate-lartemise-pendant-les-annees-1837-1838-1839-et-1840\/#primaryimage","url":"https:\/\/clavreuil-wordpress.logiciel-arteo.fr\/wp-content\/uploads\/2024\/04\/pierre-simon-laplace-campagne-de-circumnavigation-de-la-fregate-l-artemise-pendant-les-annees-1837-1838-1839-et-1840-7474-65e5fbe3b71a4-scaled.jpg","contentUrl":"https:\/\/clavreuil-wordpress.logiciel-arteo.fr\/wp-content\/uploads\/2024\/04\/pierre-simon-laplace-campagne-de-circumnavigation-de-la-fregate-l-artemise-pendant-les-annees-1837-1838-1839-et-1840-7474-65e5fbe3b71a4-scaled.jpg","width":2309,"height":2560},{"@type":"BreadcrumbList","@id":"https:\/\/clavreuil-wordpress.logiciel-arteo.fr\/en\/laplace-pierre-simon-campagne-de-circumnavigation-de-la-fregate-lartemise-pendant-les-annees-1837-1838-1839-et-1840\/#breadcrumb","itemListElement":[{"@type":"ListItem","position":1,"name":"Accueil","item":"https:\/\/clavreuil-wordpress.logiciel-arteo.fr\/"},{"@type":"ListItem","position":2,"name":"All our books","item":"https:\/\/clavreuil-wordpress.logiciel-arteo.fr\/en\/all-our-books\/"},{"@type":"ListItem","position":3,"name":"LAPLACE Pierre Simon Campagne de Circumnavigation de la..."}]},{"@type":"WebSite","@id":"https:\/\/clavreuil-wordpress.logiciel-arteo.fr\/#website","url":"https:\/\/clavreuil-wordpress.logiciel-arteo.fr\/","name":"Libairie Clavreuil","description":"","publisher":{"@id":"https:\/\/clavreuil-wordpress.logiciel-arteo.fr\/#organization"},"potentialAction":[{"@type":"SearchAction","target":{"@type":"EntryPoint","urlTemplate":"https:\/\/clavreuil-wordpress.logiciel-arteo.fr\/?s={search_term_string}"},"query-input":{"@type":"PropertyValueSpecification","valueRequired":true,"valueName":"search_term_string"}}],"inLanguage":"en-US"},{"@type":"Organization","@id":"https:\/\/clavreuil-wordpress.logiciel-arteo.fr\/#organization","name":"Libairie Clavreuil","url":"https:\/\/clavreuil-wordpress.logiciel-arteo.fr\/","logo":{"@type":"ImageObject","inLanguage":"en-US","@id":"https:\/\/clavreuil-wordpress.logiciel-arteo.fr\/#\/schema\/logo\/image\/","url":"https:\/\/clavreuil-wordpress.logiciel-arteo.fr\/wp-content\/uploads\/2021\/05\/LOGO_PNG_DATE-_gold.png","contentUrl":"https:\/\/clavreuil-wordpress.logiciel-arteo.fr\/wp-content\/uploads\/2021\/05\/LOGO_PNG_DATE-_gold.png","width":2083,"height":1917,"caption":"Libairie Clavreuil"},"image":{"@id":"https:\/\/clavreuil-wordpress.logiciel-arteo.fr\/#\/schema\/logo\/image\/"}}]}},"_links":{"self":[{"href":"https:\/\/clavreuil-wordpress.logiciel-arteo.fr\/en\/wp-json\/wp\/v2\/product\/74759","targetHints":{"allow":["GET"]}}],"collection":[{"href":"https:\/\/clavreuil-wordpress.logiciel-arteo.fr\/en\/wp-json\/wp\/v2\/product"}],"about":[{"href":"https:\/\/clavreuil-wordpress.logiciel-arteo.fr\/en\/wp-json\/wp\/v2\/types\/product"}],"replies":[{"embeddable":true,"href":"https:\/\/clavreuil-wordpress.logiciel-arteo.fr\/en\/wp-json\/wp\/v2\/comments?post=74759"}],"wp:featuredmedia":[{"embeddable":true,"href":"https:\/\/clavreuil-wordpress.logiciel-arteo.fr\/en\/wp-json\/wp\/v2\/media\/74750"}],"wp:attachment":[{"href":"https:\/\/clavreuil-wordpress.logiciel-arteo.fr\/en\/wp-json\/wp\/v2\/media?parent=74759"}],"wp:term":[{"taxonomy":"product_brand","embeddable":true,"href":"https:\/\/clavreuil-wordpress.logiciel-arteo.fr\/en\/wp-json\/wp\/v2\/product_brand?post=74759"},{"taxonomy":"product_cat","embeddable":true,"href":"https:\/\/clavreuil-wordpress.logiciel-arteo.fr\/en\/wp-json\/wp\/v2\/product_cat?post=74759"},{"taxonomy":"product_tag","embeddable":true,"href":"https:\/\/clavreuil-wordpress.logiciel-arteo.fr\/en\/wp-json\/wp\/v2\/product_tag?post=74759"}],"curies":[{"name":"wp","href":"https:\/\/api.w.org\/{rel}","templated":true}]}}