{"id":74775,"date":"2024-04-23T18:39:38","date_gmt":"2024-04-23T16:39:38","guid":{"rendered":"https:\/\/clavreuil-wordpress.logiciel-arteo.fr\/arago-francois-promenade-autour-du-monde-pendant-les-annees-1817-1818-1819-et-1820-sur-les-corvettes-du-roi-luranie-et-la-physicienne-commandees-par-m-freycinet\/"},"modified":"2024-04-23T18:40:11","modified_gmt":"2024-04-23T16:40:11","slug":"arago-francois-promenade-autour-du-monde-pendant-les-annees-1817-1818-1819-et-1820-sur-les-corvettes-du-roi-luranie-et-la-physicienne-commandees-par-m-freycinet","status":"publish","type":"product","link":"https:\/\/clavreuil-wordpress.logiciel-arteo.fr\/en\/arago-francois-promenade-autour-du-monde-pendant-les-annees-1817-1818-1819-et-1820-sur-les-corvettes-du-roi-luranie-et-la-physicienne-commandees-par-m-freycinet\/","title":{"rendered":"ARAGO Fran\u00e7ois Promenade autour du monde, pendant les..."},"content":{"rendered":"<p style=\"text-align:justify\"><em>Ferguson, 850 ; Forbes, Hawa&iuml;an National bibliography, 537 (&quot;atlas frequently lacking&quot;); Chadenat, 6 ; Hill, 28; Sabin, 1867 ; Brunet, I, 372.<\/em><\/p>\n<p style=\"text-align:justify\">First edition, first issue (wiht the title pages dated, the atlas complete with title-page en index leaf) of this important relation of the circumnavigation by Freycinet with notes on Hawaii, Australia, and the Sandwich Islands.<\/p>\n<p style=\"text-align:justify\">&quot;An informal account by the official artist of the Freycinet voyage to the Pacific, 1817-1820, written in the form of letters to a friend and deliberately omitting the &#039;eternal repetition of winds, currents, longitude and latitude&#039;. The Hawaiian portion of the text, contained on more than 150 pages, records impressions of the artists&rsquo; stops on Hawaii, Maui, and Oahu. Extensive portions of the text also record Arago&#039;s impressions of Australia, Guam, and the Marianas Islands. The artist&#039;s main interest (as reflected by the plate subjects) are of peoples encountered. Several of the plates record somewhat gruesome aspects of Hawaiian culture&quot; (Forbes).<\/p>\n<p style=\"text-align:justify\">The 26 plates of the atlas include a world map, a view of the church of La Gloria (Rio de Janeiro), depictions of anthropophagi, the King and Queen of the Carolinas, a depiction of a tiger hunt, as well as details on Hawaii, the Sandwich Islands and Australia (plates 16 to 24).<\/p>\n<p style=\"text-align:justify\">Small waterstain at the beginning of text volume I, else a fine and complete copy of the first issue.<\/p>\n","protected":false},"excerpt":{"rendered":"<p>2 volumes of text 8vo (202 x 120 mm), and the atlas small folio (354 x 248 mm). Text : 2 nn.ll., XXX, 452 pp. for volume I; 2 nn.ll., 506 pp. for volume II. Atlas : 2 nn.ll.. (title and table), 26 lithographed plates including a worldmap. Contemporary sheep-backed boards over marbled boards for the text (atlas bound in matching style), flat spines gilt, spine labels in red and green morocco (expert restorations to spines).<\/p>\n","protected":false},"featured_media":74770,"comment_status":"open","ping_status":"closed","template":"","meta":{"_acf_changed":false},"product_brand":[],"product_cat":[552],"product_tag":[1407,1450,1409],"class_list":{"0":"post-74775","1":"product","2":"type-product","3":"status-publish","4":"has-post-thumbnail","6":"product_cat-travel","7":"product_tag-circum-2","8":"product_tag-first-edition","9":"product_tag-oceania","10":"pa_auteur-francois-arago-2","11":"pa_type-de-livre-printed-book","13":"first","14":"instock","15":"shipping-taxable","16":"purchasable","17":"product-type-simple"},"acf":[],"yoast_head":"<!-- This site is optimized with the Yoast SEO plugin v24.3 - https:\/\/yoast.com\/wordpress\/plugins\/seo\/ -->\n<title>ARAGO Fran\u00e7ois Promenade autour du monde, pendant les ann\u00e9es 1817, 1818, 1819 et 1820, sur les corvettes du roi l&#039;Uranie et la Physicienne, command\u00e9es par M. Freycinet. - Libairie Clavreuil<\/title>\n<meta name=\"robots\" content=\"noindex, follow, max-snippet:-1, max-image-preview:large, max-video-preview:-1\" \/>\n<meta property=\"og:locale\" content=\"en_US\" \/>\n<meta property=\"og:type\" content=\"article\" \/>\n<meta property=\"og:title\" content=\"ARAGO Fran\u00e7ois Promenade autour du monde, pendant les ann\u00e9es 1817, 1818, 1819 et 1820, sur les corvettes du roi l&#039;Uranie et la Physicienne, command\u00e9es par M. Freycinet. - Libairie Clavreuil\" \/>\n<meta property=\"og:description\" content=\"2 volumes of text 8vo (202 x 120 mm), and the atlas small folio (354 x 248 mm). Text : 2 nn.ll., XXX, 452 pp. for volume I; 2 nn.ll., 506 pp. for volume II. Atlas : 2 nn.ll.. (title and table), 26 lithographed plates including a worldmap. Contemporary sheep-backed boards over marbled boards for the text (atlas bound in matching style), flat spines gilt, spine labels in red and green morocco (expert restorations to spines).\" \/>\n<meta property=\"og:url\" content=\"https:\/\/clavreuil-wordpress.logiciel-arteo.fr\/en\/arago-francois-promenade-autour-du-monde-pendant-les-annees-1817-1818-1819-et-1820-sur-les-corvettes-du-roi-luranie-et-la-physicienne-commandees-par-m-freycinet\/\" \/>\n<meta property=\"og:site_name\" content=\"Libairie Clavreuil\" \/>\n<meta property=\"article:modified_time\" content=\"2024-04-23T16:40:11+00:00\" \/>\n<meta property=\"og:image\" content=\"https:\/\/clavreuil-wordpress.logiciel-arteo.fr\/wp-content\/uploads\/2024\/04\/francois-arago-promenade-autour-du-monde-pendant-les-annees-1817-1818-1819-et-1820-sur-les-corvettes-du-roi-l-uranie-et-la-physicienne-commandees-par--scaled.jpg\" \/>\n\t<meta property=\"og:image:width\" content=\"1723\" \/>\n\t<meta property=\"og:image:height\" content=\"2560\" \/>\n\t<meta property=\"og:image:type\" content=\"image\/jpeg\" \/>\n<meta name=\"twitter:card\" content=\"summary_large_image\" \/>\n<meta name=\"twitter:label1\" content=\"Est. reading time\" \/>\n\t<meta name=\"twitter:data1\" content=\"1 minute\" \/>\n<script type=\"application\/ld+json\" class=\"yoast-schema-graph\">{\"@context\":\"https:\/\/schema.org\",\"@graph\":[{\"@type\":\"WebPage\",\"@id\":\"https:\/\/clavreuil-wordpress.logiciel-arteo.fr\/en\/arago-francois-promenade-autour-du-monde-pendant-les-annees-1817-1818-1819-et-1820-sur-les-corvettes-du-roi-luranie-et-la-physicienne-commandees-par-m-freycinet\/\",\"url\":\"https:\/\/clavreuil-wordpress.logiciel-arteo.fr\/en\/arago-francois-promenade-autour-du-monde-pendant-les-annees-1817-1818-1819-et-1820-sur-les-corvettes-du-roi-luranie-et-la-physicienne-commandees-par-m-freycinet\/\",\"name\":\"ARAGO Fran\u00e7ois Promenade autour du monde, pendant les ann\u00e9es 1817, 1818, 1819 et 1820, sur les corvettes du roi l'Uranie et la Physicienne, command\u00e9es par M. Freycinet. - Libairie Clavreuil\",\"isPartOf\":{\"@id\":\"https:\/\/clavreuil-wordpress.logiciel-arteo.fr\/#website\"},\"primaryImageOfPage\":{\"@id\":\"https:\/\/clavreuil-wordpress.logiciel-arteo.fr\/en\/arago-francois-promenade-autour-du-monde-pendant-les-annees-1817-1818-1819-et-1820-sur-les-corvettes-du-roi-luranie-et-la-physicienne-commandees-par-m-freycinet\/#primaryimage\"},\"image\":{\"@id\":\"https:\/\/clavreuil-wordpress.logiciel-arteo.fr\/en\/arago-francois-promenade-autour-du-monde-pendant-les-annees-1817-1818-1819-et-1820-sur-les-corvettes-du-roi-luranie-et-la-physicienne-commandees-par-m-freycinet\/#primaryimage\"},\"thumbnailUrl\":\"https:\/\/clavreuil-wordpress.logiciel-arteo.fr\/wp-content\/uploads\/2024\/04\/francois-arago-promenade-autour-du-monde-pendant-les-annees-1817-1818-1819-et-1820-sur-les-corvettes-du-roi-l-uranie-et-la-physicienne-commandees-par--scaled.jpg\",\"datePublished\":\"2024-04-23T16:39:38+00:00\",\"dateModified\":\"2024-04-23T16:40:11+00:00\",\"breadcrumb\":{\"@id\":\"https:\/\/clavreuil-wordpress.logiciel-arteo.fr\/en\/arago-francois-promenade-autour-du-monde-pendant-les-annees-1817-1818-1819-et-1820-sur-les-corvettes-du-roi-luranie-et-la-physicienne-commandees-par-m-freycinet\/#breadcrumb\"},\"inLanguage\":\"en-US\",\"potentialAction\":[{\"@type\":\"ReadAction\",\"target\":[\"https:\/\/clavreuil-wordpress.logiciel-arteo.fr\/en\/arago-francois-promenade-autour-du-monde-pendant-les-annees-1817-1818-1819-et-1820-sur-les-corvettes-du-roi-luranie-et-la-physicienne-commandees-par-m-freycinet\/\"]}]},{\"@type\":\"ImageObject\",\"inLanguage\":\"en-US\",\"@id\":\"https:\/\/clavreuil-wordpress.logiciel-arteo.fr\/en\/arago-francois-promenade-autour-du-monde-pendant-les-annees-1817-1818-1819-et-1820-sur-les-corvettes-du-roi-luranie-et-la-physicienne-commandees-par-m-freycinet\/#primaryimage\",\"url\":\"https:\/\/clavreuil-wordpress.logiciel-arteo.fr\/wp-content\/uploads\/2024\/04\/francois-arago-promenade-autour-du-monde-pendant-les-annees-1817-1818-1819-et-1820-sur-les-corvettes-du-roi-l-uranie-et-la-physicienne-commandees-par--scaled.jpg\",\"contentUrl\":\"https:\/\/clavreuil-wordpress.logiciel-arteo.fr\/wp-content\/uploads\/2024\/04\/francois-arago-promenade-autour-du-monde-pendant-les-annees-1817-1818-1819-et-1820-sur-les-corvettes-du-roi-l-uranie-et-la-physicienne-commandees-par--scaled.jpg\",\"width\":1723,\"height\":2560},{\"@type\":\"BreadcrumbList\",\"@id\":\"https:\/\/clavreuil-wordpress.logiciel-arteo.fr\/en\/arago-francois-promenade-autour-du-monde-pendant-les-annees-1817-1818-1819-et-1820-sur-les-corvettes-du-roi-luranie-et-la-physicienne-commandees-par-m-freycinet\/#breadcrumb\",\"itemListElement\":[{\"@type\":\"ListItem\",\"position\":1,\"name\":\"Accueil\",\"item\":\"https:\/\/clavreuil-wordpress.logiciel-arteo.fr\/\"},{\"@type\":\"ListItem\",\"position\":2,\"name\":\"All our books\",\"item\":\"https:\/\/clavreuil-wordpress.logiciel-arteo.fr\/en\/all-our-books\/\"},{\"@type\":\"ListItem\",\"position\":3,\"name\":\"ARAGO Fran\u00e7ois Promenade autour du monde, pendant les...\"}]},{\"@type\":\"WebSite\",\"@id\":\"https:\/\/clavreuil-wordpress.logiciel-arteo.fr\/#website\",\"url\":\"https:\/\/clavreuil-wordpress.logiciel-arteo.fr\/\",\"name\":\"Libairie Clavreuil\",\"description\":\"\",\"publisher\":{\"@id\":\"https:\/\/clavreuil-wordpress.logiciel-arteo.fr\/#organization\"},\"potentialAction\":[{\"@type\":\"SearchAction\",\"target\":{\"@type\":\"EntryPoint\",\"urlTemplate\":\"https:\/\/clavreuil-wordpress.logiciel-arteo.fr\/?s={search_term_string}\"},\"query-input\":{\"@type\":\"PropertyValueSpecification\",\"valueRequired\":true,\"valueName\":\"search_term_string\"}}],\"inLanguage\":\"en-US\"},{\"@type\":\"Organization\",\"@id\":\"https:\/\/clavreuil-wordpress.logiciel-arteo.fr\/#organization\",\"name\":\"Libairie Clavreuil\",\"url\":\"https:\/\/clavreuil-wordpress.logiciel-arteo.fr\/\",\"logo\":{\"@type\":\"ImageObject\",\"inLanguage\":\"en-US\",\"@id\":\"https:\/\/clavreuil-wordpress.logiciel-arteo.fr\/#\/schema\/logo\/image\/\",\"url\":\"https:\/\/clavreuil-wordpress.logiciel-arteo.fr\/wp-content\/uploads\/2021\/05\/LOGO_PNG_DATE-_gold.png\",\"contentUrl\":\"https:\/\/clavreuil-wordpress.logiciel-arteo.fr\/wp-content\/uploads\/2021\/05\/LOGO_PNG_DATE-_gold.png\",\"width\":2083,\"height\":1917,\"caption\":\"Libairie Clavreuil\"},\"image\":{\"@id\":\"https:\/\/clavreuil-wordpress.logiciel-arteo.fr\/#\/schema\/logo\/image\/\"}}]}<\/script>\n<!-- \/ Yoast SEO plugin. -->","yoast_head_json":{"title":"ARAGO Fran\u00e7ois Promenade autour du monde, pendant les ann\u00e9es 1817, 1818, 1819 et 1820, sur les corvettes du roi l'Uranie et la Physicienne, command\u00e9es par M. Freycinet. - Libairie Clavreuil","robots":{"index":"noindex","follow":"follow","max-snippet":"max-snippet:-1","max-image-preview":"max-image-preview:large","max-video-preview":"max-video-preview:-1"},"og_locale":"en_US","og_type":"article","og_title":"ARAGO Fran\u00e7ois Promenade autour du monde, pendant les ann\u00e9es 1817, 1818, 1819 et 1820, sur les corvettes du roi l'Uranie et la Physicienne, command\u00e9es par M. Freycinet. - Libairie Clavreuil","og_description":"2 volumes of text 8vo (202 x 120 mm), and the atlas small folio (354 x 248 mm). Text : 2 nn.ll., XXX, 452 pp. for volume I; 2 nn.ll., 506 pp. for volume II. Atlas : 2 nn.ll.. (title and table), 26 lithographed plates including a worldmap. Contemporary sheep-backed boards over marbled boards for the text (atlas bound in matching style), flat spines gilt, spine labels in red and green morocco (expert restorations to spines).","og_url":"https:\/\/clavreuil-wordpress.logiciel-arteo.fr\/en\/arago-francois-promenade-autour-du-monde-pendant-les-annees-1817-1818-1819-et-1820-sur-les-corvettes-du-roi-luranie-et-la-physicienne-commandees-par-m-freycinet\/","og_site_name":"Libairie Clavreuil","article_modified_time":"2024-04-23T16:40:11+00:00","og_image":[{"width":1723,"height":2560,"url":"https:\/\/clavreuil-wordpress.logiciel-arteo.fr\/wp-content\/uploads\/2024\/04\/francois-arago-promenade-autour-du-monde-pendant-les-annees-1817-1818-1819-et-1820-sur-les-corvettes-du-roi-l-uranie-et-la-physicienne-commandees-par--scaled.jpg","type":"image\/jpeg"}],"twitter_card":"summary_large_image","twitter_misc":{"Est. reading time":"1 minute"},"schema":{"@context":"https:\/\/schema.org","@graph":[{"@type":"WebPage","@id":"https:\/\/clavreuil-wordpress.logiciel-arteo.fr\/en\/arago-francois-promenade-autour-du-monde-pendant-les-annees-1817-1818-1819-et-1820-sur-les-corvettes-du-roi-luranie-et-la-physicienne-commandees-par-m-freycinet\/","url":"https:\/\/clavreuil-wordpress.logiciel-arteo.fr\/en\/arago-francois-promenade-autour-du-monde-pendant-les-annees-1817-1818-1819-et-1820-sur-les-corvettes-du-roi-luranie-et-la-physicienne-commandees-par-m-freycinet\/","name":"ARAGO Fran\u00e7ois Promenade autour du monde, pendant les ann\u00e9es 1817, 1818, 1819 et 1820, sur les corvettes du roi l'Uranie et la Physicienne, command\u00e9es par M. Freycinet. - Libairie Clavreuil","isPartOf":{"@id":"https:\/\/clavreuil-wordpress.logiciel-arteo.fr\/#website"},"primaryImageOfPage":{"@id":"https:\/\/clavreuil-wordpress.logiciel-arteo.fr\/en\/arago-francois-promenade-autour-du-monde-pendant-les-annees-1817-1818-1819-et-1820-sur-les-corvettes-du-roi-luranie-et-la-physicienne-commandees-par-m-freycinet\/#primaryimage"},"image":{"@id":"https:\/\/clavreuil-wordpress.logiciel-arteo.fr\/en\/arago-francois-promenade-autour-du-monde-pendant-les-annees-1817-1818-1819-et-1820-sur-les-corvettes-du-roi-luranie-et-la-physicienne-commandees-par-m-freycinet\/#primaryimage"},"thumbnailUrl":"https:\/\/clavreuil-wordpress.logiciel-arteo.fr\/wp-content\/uploads\/2024\/04\/francois-arago-promenade-autour-du-monde-pendant-les-annees-1817-1818-1819-et-1820-sur-les-corvettes-du-roi-l-uranie-et-la-physicienne-commandees-par--scaled.jpg","datePublished":"2024-04-23T16:39:38+00:00","dateModified":"2024-04-23T16:40:11+00:00","breadcrumb":{"@id":"https:\/\/clavreuil-wordpress.logiciel-arteo.fr\/en\/arago-francois-promenade-autour-du-monde-pendant-les-annees-1817-1818-1819-et-1820-sur-les-corvettes-du-roi-luranie-et-la-physicienne-commandees-par-m-freycinet\/#breadcrumb"},"inLanguage":"en-US","potentialAction":[{"@type":"ReadAction","target":["https:\/\/clavreuil-wordpress.logiciel-arteo.fr\/en\/arago-francois-promenade-autour-du-monde-pendant-les-annees-1817-1818-1819-et-1820-sur-les-corvettes-du-roi-luranie-et-la-physicienne-commandees-par-m-freycinet\/"]}]},{"@type":"ImageObject","inLanguage":"en-US","@id":"https:\/\/clavreuil-wordpress.logiciel-arteo.fr\/en\/arago-francois-promenade-autour-du-monde-pendant-les-annees-1817-1818-1819-et-1820-sur-les-corvettes-du-roi-luranie-et-la-physicienne-commandees-par-m-freycinet\/#primaryimage","url":"https:\/\/clavreuil-wordpress.logiciel-arteo.fr\/wp-content\/uploads\/2024\/04\/francois-arago-promenade-autour-du-monde-pendant-les-annees-1817-1818-1819-et-1820-sur-les-corvettes-du-roi-l-uranie-et-la-physicienne-commandees-par--scaled.jpg","contentUrl":"https:\/\/clavreuil-wordpress.logiciel-arteo.fr\/wp-content\/uploads\/2024\/04\/francois-arago-promenade-autour-du-monde-pendant-les-annees-1817-1818-1819-et-1820-sur-les-corvettes-du-roi-l-uranie-et-la-physicienne-commandees-par--scaled.jpg","width":1723,"height":2560},{"@type":"BreadcrumbList","@id":"https:\/\/clavreuil-wordpress.logiciel-arteo.fr\/en\/arago-francois-promenade-autour-du-monde-pendant-les-annees-1817-1818-1819-et-1820-sur-les-corvettes-du-roi-luranie-et-la-physicienne-commandees-par-m-freycinet\/#breadcrumb","itemListElement":[{"@type":"ListItem","position":1,"name":"Accueil","item":"https:\/\/clavreuil-wordpress.logiciel-arteo.fr\/"},{"@type":"ListItem","position":2,"name":"All our books","item":"https:\/\/clavreuil-wordpress.logiciel-arteo.fr\/en\/all-our-books\/"},{"@type":"ListItem","position":3,"name":"ARAGO Fran\u00e7ois Promenade autour du monde, pendant les..."}]},{"@type":"WebSite","@id":"https:\/\/clavreuil-wordpress.logiciel-arteo.fr\/#website","url":"https:\/\/clavreuil-wordpress.logiciel-arteo.fr\/","name":"Libairie Clavreuil","description":"","publisher":{"@id":"https:\/\/clavreuil-wordpress.logiciel-arteo.fr\/#organization"},"potentialAction":[{"@type":"SearchAction","target":{"@type":"EntryPoint","urlTemplate":"https:\/\/clavreuil-wordpress.logiciel-arteo.fr\/?s={search_term_string}"},"query-input":{"@type":"PropertyValueSpecification","valueRequired":true,"valueName":"search_term_string"}}],"inLanguage":"en-US"},{"@type":"Organization","@id":"https:\/\/clavreuil-wordpress.logiciel-arteo.fr\/#organization","name":"Libairie Clavreuil","url":"https:\/\/clavreuil-wordpress.logiciel-arteo.fr\/","logo":{"@type":"ImageObject","inLanguage":"en-US","@id":"https:\/\/clavreuil-wordpress.logiciel-arteo.fr\/#\/schema\/logo\/image\/","url":"https:\/\/clavreuil-wordpress.logiciel-arteo.fr\/wp-content\/uploads\/2021\/05\/LOGO_PNG_DATE-_gold.png","contentUrl":"https:\/\/clavreuil-wordpress.logiciel-arteo.fr\/wp-content\/uploads\/2021\/05\/LOGO_PNG_DATE-_gold.png","width":2083,"height":1917,"caption":"Libairie Clavreuil"},"image":{"@id":"https:\/\/clavreuil-wordpress.logiciel-arteo.fr\/#\/schema\/logo\/image\/"}}]}},"_links":{"self":[{"href":"https:\/\/clavreuil-wordpress.logiciel-arteo.fr\/en\/wp-json\/wp\/v2\/product\/74775","targetHints":{"allow":["GET"]}}],"collection":[{"href":"https:\/\/clavreuil-wordpress.logiciel-arteo.fr\/en\/wp-json\/wp\/v2\/product"}],"about":[{"href":"https:\/\/clavreuil-wordpress.logiciel-arteo.fr\/en\/wp-json\/wp\/v2\/types\/product"}],"replies":[{"embeddable":true,"href":"https:\/\/clavreuil-wordpress.logiciel-arteo.fr\/en\/wp-json\/wp\/v2\/comments?post=74775"}],"wp:featuredmedia":[{"embeddable":true,"href":"https:\/\/clavreuil-wordpress.logiciel-arteo.fr\/en\/wp-json\/wp\/v2\/media\/74770"}],"wp:attachment":[{"href":"https:\/\/clavreuil-wordpress.logiciel-arteo.fr\/en\/wp-json\/wp\/v2\/media?parent=74775"}],"wp:term":[{"taxonomy":"product_brand","embeddable":true,"href":"https:\/\/clavreuil-wordpress.logiciel-arteo.fr\/en\/wp-json\/wp\/v2\/product_brand?post=74775"},{"taxonomy":"product_cat","embeddable":true,"href":"https:\/\/clavreuil-wordpress.logiciel-arteo.fr\/en\/wp-json\/wp\/v2\/product_cat?post=74775"},{"taxonomy":"product_tag","embeddable":true,"href":"https:\/\/clavreuil-wordpress.logiciel-arteo.fr\/en\/wp-json\/wp\/v2\/product_tag?post=74775"}],"curies":[{"name":"wp","href":"https:\/\/api.w.org\/{rel}","templated":true}]}}