{"id":74783,"date":"2024-04-23T18:40:24","date_gmt":"2024-04-23T16:40:24","guid":{"rendered":"https:\/\/clavreuil-wordpress.logiciel-arteo.fr\/jaubert-abbe-pierre-voyage-en-armenie-et-en-perse-fait-dans-les-annees-1805-et-1806-accompagne-dune-carte-des-pays-compris-entre-constantinople-et-teheran-dressee-par-lapie-suivi-dune-no\/"},"modified":"2024-04-23T18:41:03","modified_gmt":"2024-04-23T16:41:03","slug":"jaubert-abbe-pierre-voyage-en-armenie-et-en-perse-fait-dans-les-annees-1805-et-1806-accompagne-dune-carte-des-pays-compris-entre-constantinople-et-teheran-dressee-par-lapie-suivi-dune-no","status":"publish","type":"product","link":"https:\/\/clavreuil-wordpress.logiciel-arteo.fr\/en\/jaubert-abbe-pierre-voyage-en-armenie-et-en-perse-fait-dans-les-annees-1805-et-1806-accompagne-dune-carte-des-pays-compris-entre-constantinople-et-teheran-dressee-par-lapie-suivi-dune-no\/","title":{"rendered":"JAUBERT Abb\u00e9 Pierre Voyage en Arm\u00e9nie et en..."},"content":{"rendered":"<p><em>Atabey, 613.<\/em><\/p>\n<p>First edition. Jaubert, who had studied oriental languages, was chosen as an interpreter attached to the Egyptian army. Returning to France with Bonaparte, he was sent to Constantinople, then to Persia, &quot;where he reached Tehran with difficulty after being arrested by Bayazid&#039;s pasha and thrown into a dry cistern where he remained for three months&quot; (see Tulard).<\/p>\n<p>His work is illustrated with a fine map and charming lithographs. A pleasantly bound copy, with a few rare brown spots. Map with skilfully restored tear.<\/p>\n","protected":false},"excerpt":{"rendered":"<p>8vo (213 x 135 mm) 2 nn.ll., XII, 506 pp., 1 n.l. 1 folding map, 10 lithographed plates. Contemporary pink half-calf, flat spine gilt.<\/p>\n","protected":false},"featured_media":74776,"comment_status":"open","ping_status":"closed","template":"","meta":{"_acf_changed":false},"product_brand":[],"product_cat":[552],"product_tag":[1450,1400],"class_list":{"0":"post-74783","1":"product","2":"type-product","3":"status-publish","4":"has-post-thumbnail","6":"product_cat-travel","7":"product_tag-first-edition","8":"product_tag-persia","9":"pa_auteur-abbe-pierre-jaubert-2","10":"pa_type-de-livre-printed-book","12":"first","13":"instock","14":"shipping-taxable","15":"purchasable","16":"product-type-simple"},"acf":[],"yoast_head":"<!-- This site is optimized with the Yoast SEO plugin v24.3 - https:\/\/yoast.com\/wordpress\/plugins\/seo\/ -->\n<title>JAUBERT Abb\u00e9 Pierre Voyage en Arm\u00e9nie et en Perse, fait dans les ann\u00e9es 1805 et 1806... accompagn\u00e9 d&#039;une carte des pays compris entre Constantinople et T\u00e9h\u00e9ran, dress\u00e9e par... Lapie, suivi d&#039;une notice sur le Ghilan et le Mazenderan par M. le colonel Trezel. - Libairie Clavreuil<\/title>\n<meta name=\"robots\" content=\"noindex, follow, max-snippet:-1, max-image-preview:large, max-video-preview:-1\" \/>\n<meta property=\"og:locale\" content=\"en_US\" \/>\n<meta property=\"og:type\" content=\"article\" \/>\n<meta property=\"og:title\" content=\"JAUBERT Abb\u00e9 Pierre Voyage en Arm\u00e9nie et en Perse, fait dans les ann\u00e9es 1805 et 1806... accompagn\u00e9 d&#039;une carte des pays compris entre Constantinople et T\u00e9h\u00e9ran, dress\u00e9e par... Lapie, suivi d&#039;une notice sur le Ghilan et le Mazenderan par M. le colonel Trezel. - Libairie Clavreuil\" \/>\n<meta property=\"og:description\" content=\"8vo (213 x 135 mm) 2 nn.ll., XII, 506 pp., 1 n.l. 1 folding map, 10 lithographed plates. Contemporary pink half-calf, flat spine gilt.\" \/>\n<meta property=\"og:url\" content=\"https:\/\/clavreuil-wordpress.logiciel-arteo.fr\/en\/jaubert-abbe-pierre-voyage-en-armenie-et-en-perse-fait-dans-les-annees-1805-et-1806-accompagne-dune-carte-des-pays-compris-entre-constantinople-et-teheran-dressee-par-lapie-suivi-dune-no\/\" \/>\n<meta property=\"og:site_name\" content=\"Libairie Clavreuil\" \/>\n<meta property=\"article:modified_time\" content=\"2024-04-23T16:41:03+00:00\" \/>\n<meta property=\"og:image\" content=\"https:\/\/clavreuil-wordpress.logiciel-arteo.fr\/wp-content\/uploads\/2024\/04\/abbe-pierre-jaubert-voyage-en-armenie-et-en-perse-fait-dans-les-annees-1805-et-1806-accompagne-d-une-carte-des-pays-compris-entre-constantinople-et-te-scaled.jpg\" \/>\n\t<meta property=\"og:image:width\" content=\"1886\" \/>\n\t<meta property=\"og:image:height\" content=\"2560\" \/>\n\t<meta property=\"og:image:type\" content=\"image\/jpeg\" \/>\n<meta name=\"twitter:card\" content=\"summary_large_image\" \/>\n<script type=\"application\/ld+json\" class=\"yoast-schema-graph\">{\"@context\":\"https:\/\/schema.org\",\"@graph\":[{\"@type\":\"WebPage\",\"@id\":\"https:\/\/clavreuil-wordpress.logiciel-arteo.fr\/en\/jaubert-abbe-pierre-voyage-en-armenie-et-en-perse-fait-dans-les-annees-1805-et-1806-accompagne-dune-carte-des-pays-compris-entre-constantinople-et-teheran-dressee-par-lapie-suivi-dune-no\/\",\"url\":\"https:\/\/clavreuil-wordpress.logiciel-arteo.fr\/en\/jaubert-abbe-pierre-voyage-en-armenie-et-en-perse-fait-dans-les-annees-1805-et-1806-accompagne-dune-carte-des-pays-compris-entre-constantinople-et-teheran-dressee-par-lapie-suivi-dune-no\/\",\"name\":\"JAUBERT Abb\u00e9 Pierre Voyage en Arm\u00e9nie et en Perse, fait dans les ann\u00e9es 1805 et 1806... accompagn\u00e9 d'une carte des pays compris entre Constantinople et T\u00e9h\u00e9ran, dress\u00e9e par... Lapie, suivi d'une notice sur le Ghilan et le Mazenderan par M. le colonel Trezel. - Libairie Clavreuil\",\"isPartOf\":{\"@id\":\"https:\/\/clavreuil-wordpress.logiciel-arteo.fr\/#website\"},\"primaryImageOfPage\":{\"@id\":\"https:\/\/clavreuil-wordpress.logiciel-arteo.fr\/en\/jaubert-abbe-pierre-voyage-en-armenie-et-en-perse-fait-dans-les-annees-1805-et-1806-accompagne-dune-carte-des-pays-compris-entre-constantinople-et-teheran-dressee-par-lapie-suivi-dune-no\/#primaryimage\"},\"image\":{\"@id\":\"https:\/\/clavreuil-wordpress.logiciel-arteo.fr\/en\/jaubert-abbe-pierre-voyage-en-armenie-et-en-perse-fait-dans-les-annees-1805-et-1806-accompagne-dune-carte-des-pays-compris-entre-constantinople-et-teheran-dressee-par-lapie-suivi-dune-no\/#primaryimage\"},\"thumbnailUrl\":\"https:\/\/clavreuil-wordpress.logiciel-arteo.fr\/wp-content\/uploads\/2024\/04\/abbe-pierre-jaubert-voyage-en-armenie-et-en-perse-fait-dans-les-annees-1805-et-1806-accompagne-d-une-carte-des-pays-compris-entre-constantinople-et-te-scaled.jpg\",\"datePublished\":\"2024-04-23T16:40:24+00:00\",\"dateModified\":\"2024-04-23T16:41:03+00:00\",\"breadcrumb\":{\"@id\":\"https:\/\/clavreuil-wordpress.logiciel-arteo.fr\/en\/jaubert-abbe-pierre-voyage-en-armenie-et-en-perse-fait-dans-les-annees-1805-et-1806-accompagne-dune-carte-des-pays-compris-entre-constantinople-et-teheran-dressee-par-lapie-suivi-dune-no\/#breadcrumb\"},\"inLanguage\":\"en-US\",\"potentialAction\":[{\"@type\":\"ReadAction\",\"target\":[\"https:\/\/clavreuil-wordpress.logiciel-arteo.fr\/en\/jaubert-abbe-pierre-voyage-en-armenie-et-en-perse-fait-dans-les-annees-1805-et-1806-accompagne-dune-carte-des-pays-compris-entre-constantinople-et-teheran-dressee-par-lapie-suivi-dune-no\/\"]}]},{\"@type\":\"ImageObject\",\"inLanguage\":\"en-US\",\"@id\":\"https:\/\/clavreuil-wordpress.logiciel-arteo.fr\/en\/jaubert-abbe-pierre-voyage-en-armenie-et-en-perse-fait-dans-les-annees-1805-et-1806-accompagne-dune-carte-des-pays-compris-entre-constantinople-et-teheran-dressee-par-lapie-suivi-dune-no\/#primaryimage\",\"url\":\"https:\/\/clavreuil-wordpress.logiciel-arteo.fr\/wp-content\/uploads\/2024\/04\/abbe-pierre-jaubert-voyage-en-armenie-et-en-perse-fait-dans-les-annees-1805-et-1806-accompagne-d-une-carte-des-pays-compris-entre-constantinople-et-te-scaled.jpg\",\"contentUrl\":\"https:\/\/clavreuil-wordpress.logiciel-arteo.fr\/wp-content\/uploads\/2024\/04\/abbe-pierre-jaubert-voyage-en-armenie-et-en-perse-fait-dans-les-annees-1805-et-1806-accompagne-d-une-carte-des-pays-compris-entre-constantinople-et-te-scaled.jpg\",\"width\":1886,\"height\":2560},{\"@type\":\"BreadcrumbList\",\"@id\":\"https:\/\/clavreuil-wordpress.logiciel-arteo.fr\/en\/jaubert-abbe-pierre-voyage-en-armenie-et-en-perse-fait-dans-les-annees-1805-et-1806-accompagne-dune-carte-des-pays-compris-entre-constantinople-et-teheran-dressee-par-lapie-suivi-dune-no\/#breadcrumb\",\"itemListElement\":[{\"@type\":\"ListItem\",\"position\":1,\"name\":\"Accueil\",\"item\":\"https:\/\/clavreuil-wordpress.logiciel-arteo.fr\/\"},{\"@type\":\"ListItem\",\"position\":2,\"name\":\"All our books\",\"item\":\"https:\/\/clavreuil-wordpress.logiciel-arteo.fr\/en\/all-our-books\/\"},{\"@type\":\"ListItem\",\"position\":3,\"name\":\"JAUBERT Abb\u00e9 Pierre Voyage en Arm\u00e9nie et en...\"}]},{\"@type\":\"WebSite\",\"@id\":\"https:\/\/clavreuil-wordpress.logiciel-arteo.fr\/#website\",\"url\":\"https:\/\/clavreuil-wordpress.logiciel-arteo.fr\/\",\"name\":\"Libairie Clavreuil\",\"description\":\"\",\"publisher\":{\"@id\":\"https:\/\/clavreuil-wordpress.logiciel-arteo.fr\/#organization\"},\"potentialAction\":[{\"@type\":\"SearchAction\",\"target\":{\"@type\":\"EntryPoint\",\"urlTemplate\":\"https:\/\/clavreuil-wordpress.logiciel-arteo.fr\/?s={search_term_string}\"},\"query-input\":{\"@type\":\"PropertyValueSpecification\",\"valueRequired\":true,\"valueName\":\"search_term_string\"}}],\"inLanguage\":\"en-US\"},{\"@type\":\"Organization\",\"@id\":\"https:\/\/clavreuil-wordpress.logiciel-arteo.fr\/#organization\",\"name\":\"Libairie Clavreuil\",\"url\":\"https:\/\/clavreuil-wordpress.logiciel-arteo.fr\/\",\"logo\":{\"@type\":\"ImageObject\",\"inLanguage\":\"en-US\",\"@id\":\"https:\/\/clavreuil-wordpress.logiciel-arteo.fr\/#\/schema\/logo\/image\/\",\"url\":\"https:\/\/clavreuil-wordpress.logiciel-arteo.fr\/wp-content\/uploads\/2021\/05\/LOGO_PNG_DATE-_gold.png\",\"contentUrl\":\"https:\/\/clavreuil-wordpress.logiciel-arteo.fr\/wp-content\/uploads\/2021\/05\/LOGO_PNG_DATE-_gold.png\",\"width\":2083,\"height\":1917,\"caption\":\"Libairie Clavreuil\"},\"image\":{\"@id\":\"https:\/\/clavreuil-wordpress.logiciel-arteo.fr\/#\/schema\/logo\/image\/\"}}]}<\/script>\n<!-- \/ Yoast SEO plugin. -->","yoast_head_json":{"title":"JAUBERT Abb\u00e9 Pierre Voyage en Arm\u00e9nie et en Perse, fait dans les ann\u00e9es 1805 et 1806... accompagn\u00e9 d'une carte des pays compris entre Constantinople et T\u00e9h\u00e9ran, dress\u00e9e par... Lapie, suivi d'une notice sur le Ghilan et le Mazenderan par M. le colonel Trezel. - Libairie Clavreuil","robots":{"index":"noindex","follow":"follow","max-snippet":"max-snippet:-1","max-image-preview":"max-image-preview:large","max-video-preview":"max-video-preview:-1"},"og_locale":"en_US","og_type":"article","og_title":"JAUBERT Abb\u00e9 Pierre Voyage en Arm\u00e9nie et en Perse, fait dans les ann\u00e9es 1805 et 1806... accompagn\u00e9 d'une carte des pays compris entre Constantinople et T\u00e9h\u00e9ran, dress\u00e9e par... Lapie, suivi d'une notice sur le Ghilan et le Mazenderan par M. le colonel Trezel. - Libairie Clavreuil","og_description":"8vo (213 x 135 mm) 2 nn.ll., XII, 506 pp., 1 n.l. 1 folding map, 10 lithographed plates. Contemporary pink half-calf, flat spine gilt.","og_url":"https:\/\/clavreuil-wordpress.logiciel-arteo.fr\/en\/jaubert-abbe-pierre-voyage-en-armenie-et-en-perse-fait-dans-les-annees-1805-et-1806-accompagne-dune-carte-des-pays-compris-entre-constantinople-et-teheran-dressee-par-lapie-suivi-dune-no\/","og_site_name":"Libairie Clavreuil","article_modified_time":"2024-04-23T16:41:03+00:00","og_image":[{"width":1886,"height":2560,"url":"https:\/\/clavreuil-wordpress.logiciel-arteo.fr\/wp-content\/uploads\/2024\/04\/abbe-pierre-jaubert-voyage-en-armenie-et-en-perse-fait-dans-les-annees-1805-et-1806-accompagne-d-une-carte-des-pays-compris-entre-constantinople-et-te-scaled.jpg","type":"image\/jpeg"}],"twitter_card":"summary_large_image","schema":{"@context":"https:\/\/schema.org","@graph":[{"@type":"WebPage","@id":"https:\/\/clavreuil-wordpress.logiciel-arteo.fr\/en\/jaubert-abbe-pierre-voyage-en-armenie-et-en-perse-fait-dans-les-annees-1805-et-1806-accompagne-dune-carte-des-pays-compris-entre-constantinople-et-teheran-dressee-par-lapie-suivi-dune-no\/","url":"https:\/\/clavreuil-wordpress.logiciel-arteo.fr\/en\/jaubert-abbe-pierre-voyage-en-armenie-et-en-perse-fait-dans-les-annees-1805-et-1806-accompagne-dune-carte-des-pays-compris-entre-constantinople-et-teheran-dressee-par-lapie-suivi-dune-no\/","name":"JAUBERT Abb\u00e9 Pierre Voyage en Arm\u00e9nie et en Perse, fait dans les ann\u00e9es 1805 et 1806... accompagn\u00e9 d'une carte des pays compris entre Constantinople et T\u00e9h\u00e9ran, dress\u00e9e par... Lapie, suivi d'une notice sur le Ghilan et le Mazenderan par M. le colonel Trezel. - Libairie Clavreuil","isPartOf":{"@id":"https:\/\/clavreuil-wordpress.logiciel-arteo.fr\/#website"},"primaryImageOfPage":{"@id":"https:\/\/clavreuil-wordpress.logiciel-arteo.fr\/en\/jaubert-abbe-pierre-voyage-en-armenie-et-en-perse-fait-dans-les-annees-1805-et-1806-accompagne-dune-carte-des-pays-compris-entre-constantinople-et-teheran-dressee-par-lapie-suivi-dune-no\/#primaryimage"},"image":{"@id":"https:\/\/clavreuil-wordpress.logiciel-arteo.fr\/en\/jaubert-abbe-pierre-voyage-en-armenie-et-en-perse-fait-dans-les-annees-1805-et-1806-accompagne-dune-carte-des-pays-compris-entre-constantinople-et-teheran-dressee-par-lapie-suivi-dune-no\/#primaryimage"},"thumbnailUrl":"https:\/\/clavreuil-wordpress.logiciel-arteo.fr\/wp-content\/uploads\/2024\/04\/abbe-pierre-jaubert-voyage-en-armenie-et-en-perse-fait-dans-les-annees-1805-et-1806-accompagne-d-une-carte-des-pays-compris-entre-constantinople-et-te-scaled.jpg","datePublished":"2024-04-23T16:40:24+00:00","dateModified":"2024-04-23T16:41:03+00:00","breadcrumb":{"@id":"https:\/\/clavreuil-wordpress.logiciel-arteo.fr\/en\/jaubert-abbe-pierre-voyage-en-armenie-et-en-perse-fait-dans-les-annees-1805-et-1806-accompagne-dune-carte-des-pays-compris-entre-constantinople-et-teheran-dressee-par-lapie-suivi-dune-no\/#breadcrumb"},"inLanguage":"en-US","potentialAction":[{"@type":"ReadAction","target":["https:\/\/clavreuil-wordpress.logiciel-arteo.fr\/en\/jaubert-abbe-pierre-voyage-en-armenie-et-en-perse-fait-dans-les-annees-1805-et-1806-accompagne-dune-carte-des-pays-compris-entre-constantinople-et-teheran-dressee-par-lapie-suivi-dune-no\/"]}]},{"@type":"ImageObject","inLanguage":"en-US","@id":"https:\/\/clavreuil-wordpress.logiciel-arteo.fr\/en\/jaubert-abbe-pierre-voyage-en-armenie-et-en-perse-fait-dans-les-annees-1805-et-1806-accompagne-dune-carte-des-pays-compris-entre-constantinople-et-teheran-dressee-par-lapie-suivi-dune-no\/#primaryimage","url":"https:\/\/clavreuil-wordpress.logiciel-arteo.fr\/wp-content\/uploads\/2024\/04\/abbe-pierre-jaubert-voyage-en-armenie-et-en-perse-fait-dans-les-annees-1805-et-1806-accompagne-d-une-carte-des-pays-compris-entre-constantinople-et-te-scaled.jpg","contentUrl":"https:\/\/clavreuil-wordpress.logiciel-arteo.fr\/wp-content\/uploads\/2024\/04\/abbe-pierre-jaubert-voyage-en-armenie-et-en-perse-fait-dans-les-annees-1805-et-1806-accompagne-d-une-carte-des-pays-compris-entre-constantinople-et-te-scaled.jpg","width":1886,"height":2560},{"@type":"BreadcrumbList","@id":"https:\/\/clavreuil-wordpress.logiciel-arteo.fr\/en\/jaubert-abbe-pierre-voyage-en-armenie-et-en-perse-fait-dans-les-annees-1805-et-1806-accompagne-dune-carte-des-pays-compris-entre-constantinople-et-teheran-dressee-par-lapie-suivi-dune-no\/#breadcrumb","itemListElement":[{"@type":"ListItem","position":1,"name":"Accueil","item":"https:\/\/clavreuil-wordpress.logiciel-arteo.fr\/"},{"@type":"ListItem","position":2,"name":"All our books","item":"https:\/\/clavreuil-wordpress.logiciel-arteo.fr\/en\/all-our-books\/"},{"@type":"ListItem","position":3,"name":"JAUBERT Abb\u00e9 Pierre Voyage en Arm\u00e9nie et en..."}]},{"@type":"WebSite","@id":"https:\/\/clavreuil-wordpress.logiciel-arteo.fr\/#website","url":"https:\/\/clavreuil-wordpress.logiciel-arteo.fr\/","name":"Libairie Clavreuil","description":"","publisher":{"@id":"https:\/\/clavreuil-wordpress.logiciel-arteo.fr\/#organization"},"potentialAction":[{"@type":"SearchAction","target":{"@type":"EntryPoint","urlTemplate":"https:\/\/clavreuil-wordpress.logiciel-arteo.fr\/?s={search_term_string}"},"query-input":{"@type":"PropertyValueSpecification","valueRequired":true,"valueName":"search_term_string"}}],"inLanguage":"en-US"},{"@type":"Organization","@id":"https:\/\/clavreuil-wordpress.logiciel-arteo.fr\/#organization","name":"Libairie Clavreuil","url":"https:\/\/clavreuil-wordpress.logiciel-arteo.fr\/","logo":{"@type":"ImageObject","inLanguage":"en-US","@id":"https:\/\/clavreuil-wordpress.logiciel-arteo.fr\/#\/schema\/logo\/image\/","url":"https:\/\/clavreuil-wordpress.logiciel-arteo.fr\/wp-content\/uploads\/2021\/05\/LOGO_PNG_DATE-_gold.png","contentUrl":"https:\/\/clavreuil-wordpress.logiciel-arteo.fr\/wp-content\/uploads\/2021\/05\/LOGO_PNG_DATE-_gold.png","width":2083,"height":1917,"caption":"Libairie Clavreuil"},"image":{"@id":"https:\/\/clavreuil-wordpress.logiciel-arteo.fr\/#\/schema\/logo\/image\/"}}]}},"_links":{"self":[{"href":"https:\/\/clavreuil-wordpress.logiciel-arteo.fr\/en\/wp-json\/wp\/v2\/product\/74783","targetHints":{"allow":["GET"]}}],"collection":[{"href":"https:\/\/clavreuil-wordpress.logiciel-arteo.fr\/en\/wp-json\/wp\/v2\/product"}],"about":[{"href":"https:\/\/clavreuil-wordpress.logiciel-arteo.fr\/en\/wp-json\/wp\/v2\/types\/product"}],"replies":[{"embeddable":true,"href":"https:\/\/clavreuil-wordpress.logiciel-arteo.fr\/en\/wp-json\/wp\/v2\/comments?post=74783"}],"wp:featuredmedia":[{"embeddable":true,"href":"https:\/\/clavreuil-wordpress.logiciel-arteo.fr\/en\/wp-json\/wp\/v2\/media\/74776"}],"wp:attachment":[{"href":"https:\/\/clavreuil-wordpress.logiciel-arteo.fr\/en\/wp-json\/wp\/v2\/media?parent=74783"}],"wp:term":[{"taxonomy":"product_brand","embeddable":true,"href":"https:\/\/clavreuil-wordpress.logiciel-arteo.fr\/en\/wp-json\/wp\/v2\/product_brand?post=74783"},{"taxonomy":"product_cat","embeddable":true,"href":"https:\/\/clavreuil-wordpress.logiciel-arteo.fr\/en\/wp-json\/wp\/v2\/product_cat?post=74783"},{"taxonomy":"product_tag","embeddable":true,"href":"https:\/\/clavreuil-wordpress.logiciel-arteo.fr\/en\/wp-json\/wp\/v2\/product_tag?post=74783"}],"curies":[{"name":"wp","href":"https:\/\/api.w.org\/{rel}","templated":true}]}}