{"id":74817,"date":"2024-04-23T19:12:25","date_gmt":"2024-04-23T17:12:25","guid":{"rendered":"https:\/\/clavreuil-wordpress.logiciel-arteo.fr\/brosses-charles-de-histoire-des-navigations-aux-terres-australes-contenant-ce-que-lon-scait-des-moeurs-et-des-productions-des-contrees-decouvertes-jusqua-ce-jour-ou-il-est-traite-de-luti\/"},"modified":"2024-04-23T19:12:56","modified_gmt":"2024-04-23T17:12:56","slug":"brosses-charles-de-histoire-des-navigations-aux-terres-australes-contenant-ce-que-lon-scait-des-moeurs-et-des-productions-des-contrees-decouvertes-jusqua-ce-jour-ou-il-est-traite-de-luti","status":"publish","type":"product","link":"https:\/\/clavreuil-wordpress.logiciel-arteo.fr\/en\/brosses-charles-de-histoire-des-navigations-aux-terres-australes-contenant-ce-que-lon-scait-des-moeurs-et-des-productions-des-contrees-decouvertes-jusqua-ce-jour-ou-il-est-traite-de-luti\/","title":{"rendered":"BROSSES Charles de Histoire des Navigations aux Terres..."},"content":{"rendered":"<p><em>Sabin, 8388; O&#039;Reilly, 93; Hill, pp.34-35.<\/em><\/p>\n<p>First edition, the preferred illustrated second issue.<\/p>\n<p>This book is one of the most important general works dealing with early voyages to the Pacific, which aimed to stimulate French discovery and colonisation of the South Seas. It contains an account of all voyages to the South, begining with the second Vespucci expedition of 1502 and going up to 1747, including the voyages of Magellan, Drake, Schouten, Tasman and others.<\/p>\n<p>&quot;This is an extremely important and thorough collection of voyages, and one of the outstanding works relating to the early history of Australasia. It contains an account of all voyages, beginning with the second expedition of Vespucci in 1502 and ending in 1747, in which navigators touched upon the supposed southern continent of Magellania, which is now represented by Australia and some scattered islands in the Antarctic regions. It also contains the voyages of Magellan, Drake, Hawkins, the Nodals, Schouten, Tasman, and others. Seven interesting maps, done by Sur Robert de Vaugondy of the Acad&eacute;mie Royale des Sciences et Belles Lettres de Nancy, are inserted at the end of the second volume. The work, originally published anonymously, is divided into three principal parts &#8211; Magellanie, Australasie, and Polynesie &#8211; and is of special importance because in it de Brosses proposes that France should settle Australia with her foundlings, beggars, and criminals&quot; (Hill).<\/p>\n<p>Copy complete with the often lacking supplementary leaves 437* to 450* in the first volume entitled &quot;Decouvertes des Hollandais dans l&#039;Astralasie&quot;. Illustrated with 7 large folding maps. A fine copy but without the errata leaf mentioned by O&#039;Reilly.<\/p>\n","protected":false},"excerpt":{"rendered":"<p>2 volumes, 4to (248 x 188 mm) title, XIV, 463, 437*-450*pp. for volume I; title, 513 pp., 7 engraved folding plates for volume II. Contemporary calf, gilt filets on sides, spine gilt, marbled edges (skilfully rebacked retaingin old spine).<\/p>\n","protected":false},"featured_media":74810,"comment_status":"open","ping_status":"closed","template":"","meta":{"_acf_changed":false},"product_brand":[],"product_cat":[552],"product_tag":[1450,1409],"class_list":{"0":"post-74817","1":"product","2":"type-product","3":"status-publish","4":"has-post-thumbnail","6":"product_cat-travel","7":"product_tag-first-edition","8":"product_tag-oceania","9":"pa_auteur-charles-de-brosses-2","10":"pa_type-de-livre-printed-book","12":"first","13":"instock","14":"shipping-taxable","15":"purchasable","16":"product-type-simple"},"acf":[],"yoast_head":"<!-- This site is optimized with the Yoast SEO plugin v24.3 - https:\/\/yoast.com\/wordpress\/plugins\/seo\/ -->\n<title>BROSSES Charles de Histoire des Navigations aux Terres Australes contenant ce que l&#039;on s\u00e7ait des m\u0153urs et des productions des Contr\u00e9es d\u00e9couvertes jusqu&#039;\u00e0 ce jour; &amp; o\u00f9 il est trait\u00e9 de l&#039;utilit\u00e9 d&#039;y faire de plus amples d\u00e9couvertes &amp; des moyens d&#039;y former un \u00e9tablissement. - Libairie Clavreuil<\/title>\n<meta name=\"robots\" content=\"noindex, follow, max-snippet:-1, max-image-preview:large, max-video-preview:-1\" \/>\n<meta property=\"og:locale\" content=\"en_US\" \/>\n<meta property=\"og:type\" content=\"article\" \/>\n<meta property=\"og:title\" content=\"BROSSES Charles de Histoire des Navigations aux Terres Australes contenant ce que l&#039;on s\u00e7ait des m\u0153urs et des productions des Contr\u00e9es d\u00e9couvertes jusqu&#039;\u00e0 ce jour; &amp; o\u00f9 il est trait\u00e9 de l&#039;utilit\u00e9 d&#039;y faire de plus amples d\u00e9couvertes &amp; des moyens d&#039;y former un \u00e9tablissement. - Libairie Clavreuil\" \/>\n<meta property=\"og:description\" content=\"2 volumes, 4to (248 x 188 mm) title, XIV, 463, 437*-450*pp. for volume I; title, 513 pp., 7 engraved folding plates for volume II. Contemporary calf, gilt filets on sides, spine gilt, marbled edges (skilfully rebacked retaingin old spine).\" \/>\n<meta property=\"og:url\" content=\"https:\/\/clavreuil-wordpress.logiciel-arteo.fr\/en\/brosses-charles-de-histoire-des-navigations-aux-terres-australes-contenant-ce-que-lon-scait-des-moeurs-et-des-productions-des-contrees-decouvertes-jusqua-ce-jour-ou-il-est-traite-de-luti\/\" \/>\n<meta property=\"og:site_name\" content=\"Libairie Clavreuil\" \/>\n<meta property=\"article:modified_time\" content=\"2024-04-23T17:12:56+00:00\" \/>\n<meta property=\"og:image\" content=\"https:\/\/clavreuil-wordpress.logiciel-arteo.fr\/wp-content\/uploads\/2024\/04\/charles-de-brosses-histoire-des-navigations-aux-terres-australes-contenant-ce-que-l-on-scait-des-moeurs-et-des-productions-des-contrees-decouvertes-ju-scaled.jpg\" \/>\n\t<meta property=\"og:image:width\" content=\"1920\" \/>\n\t<meta property=\"og:image:height\" content=\"2560\" \/>\n\t<meta property=\"og:image:type\" content=\"image\/jpeg\" \/>\n<meta name=\"twitter:card\" content=\"summary_large_image\" \/>\n<meta name=\"twitter:label1\" content=\"Est. reading time\" \/>\n\t<meta name=\"twitter:data1\" content=\"1 minute\" \/>\n<script type=\"application\/ld+json\" class=\"yoast-schema-graph\">{\"@context\":\"https:\/\/schema.org\",\"@graph\":[{\"@type\":\"WebPage\",\"@id\":\"https:\/\/clavreuil-wordpress.logiciel-arteo.fr\/en\/brosses-charles-de-histoire-des-navigations-aux-terres-australes-contenant-ce-que-lon-scait-des-moeurs-et-des-productions-des-contrees-decouvertes-jusqua-ce-jour-ou-il-est-traite-de-luti\/\",\"url\":\"https:\/\/clavreuil-wordpress.logiciel-arteo.fr\/en\/brosses-charles-de-histoire-des-navigations-aux-terres-australes-contenant-ce-que-lon-scait-des-moeurs-et-des-productions-des-contrees-decouvertes-jusqua-ce-jour-ou-il-est-traite-de-luti\/\",\"name\":\"BROSSES Charles de Histoire des Navigations aux Terres Australes contenant ce que l'on s\u00e7ait des m\u0153urs et des productions des Contr\u00e9es d\u00e9couvertes jusqu'\u00e0 ce jour; &amp; o\u00f9 il est trait\u00e9 de l'utilit\u00e9 d'y faire de plus amples d\u00e9couvertes &amp; des moyens d'y former un \u00e9tablissement. - Libairie Clavreuil\",\"isPartOf\":{\"@id\":\"https:\/\/clavreuil-wordpress.logiciel-arteo.fr\/#website\"},\"primaryImageOfPage\":{\"@id\":\"https:\/\/clavreuil-wordpress.logiciel-arteo.fr\/en\/brosses-charles-de-histoire-des-navigations-aux-terres-australes-contenant-ce-que-lon-scait-des-moeurs-et-des-productions-des-contrees-decouvertes-jusqua-ce-jour-ou-il-est-traite-de-luti\/#primaryimage\"},\"image\":{\"@id\":\"https:\/\/clavreuil-wordpress.logiciel-arteo.fr\/en\/brosses-charles-de-histoire-des-navigations-aux-terres-australes-contenant-ce-que-lon-scait-des-moeurs-et-des-productions-des-contrees-decouvertes-jusqua-ce-jour-ou-il-est-traite-de-luti\/#primaryimage\"},\"thumbnailUrl\":\"https:\/\/clavreuil-wordpress.logiciel-arteo.fr\/wp-content\/uploads\/2024\/04\/charles-de-brosses-histoire-des-navigations-aux-terres-australes-contenant-ce-que-l-on-scait-des-moeurs-et-des-productions-des-contrees-decouvertes-ju-scaled.jpg\",\"datePublished\":\"2024-04-23T17:12:25+00:00\",\"dateModified\":\"2024-04-23T17:12:56+00:00\",\"breadcrumb\":{\"@id\":\"https:\/\/clavreuil-wordpress.logiciel-arteo.fr\/en\/brosses-charles-de-histoire-des-navigations-aux-terres-australes-contenant-ce-que-lon-scait-des-moeurs-et-des-productions-des-contrees-decouvertes-jusqua-ce-jour-ou-il-est-traite-de-luti\/#breadcrumb\"},\"inLanguage\":\"en-US\",\"potentialAction\":[{\"@type\":\"ReadAction\",\"target\":[\"https:\/\/clavreuil-wordpress.logiciel-arteo.fr\/en\/brosses-charles-de-histoire-des-navigations-aux-terres-australes-contenant-ce-que-lon-scait-des-moeurs-et-des-productions-des-contrees-decouvertes-jusqua-ce-jour-ou-il-est-traite-de-luti\/\"]}]},{\"@type\":\"ImageObject\",\"inLanguage\":\"en-US\",\"@id\":\"https:\/\/clavreuil-wordpress.logiciel-arteo.fr\/en\/brosses-charles-de-histoire-des-navigations-aux-terres-australes-contenant-ce-que-lon-scait-des-moeurs-et-des-productions-des-contrees-decouvertes-jusqua-ce-jour-ou-il-est-traite-de-luti\/#primaryimage\",\"url\":\"https:\/\/clavreuil-wordpress.logiciel-arteo.fr\/wp-content\/uploads\/2024\/04\/charles-de-brosses-histoire-des-navigations-aux-terres-australes-contenant-ce-que-l-on-scait-des-moeurs-et-des-productions-des-contrees-decouvertes-ju-scaled.jpg\",\"contentUrl\":\"https:\/\/clavreuil-wordpress.logiciel-arteo.fr\/wp-content\/uploads\/2024\/04\/charles-de-brosses-histoire-des-navigations-aux-terres-australes-contenant-ce-que-l-on-scait-des-moeurs-et-des-productions-des-contrees-decouvertes-ju-scaled.jpg\",\"width\":1920,\"height\":2560},{\"@type\":\"BreadcrumbList\",\"@id\":\"https:\/\/clavreuil-wordpress.logiciel-arteo.fr\/en\/brosses-charles-de-histoire-des-navigations-aux-terres-australes-contenant-ce-que-lon-scait-des-moeurs-et-des-productions-des-contrees-decouvertes-jusqua-ce-jour-ou-il-est-traite-de-luti\/#breadcrumb\",\"itemListElement\":[{\"@type\":\"ListItem\",\"position\":1,\"name\":\"Accueil\",\"item\":\"https:\/\/clavreuil-wordpress.logiciel-arteo.fr\/\"},{\"@type\":\"ListItem\",\"position\":2,\"name\":\"All our books\",\"item\":\"https:\/\/clavreuil-wordpress.logiciel-arteo.fr\/en\/all-our-books\/\"},{\"@type\":\"ListItem\",\"position\":3,\"name\":\"BROSSES Charles de Histoire des Navigations aux Terres...\"}]},{\"@type\":\"WebSite\",\"@id\":\"https:\/\/clavreuil-wordpress.logiciel-arteo.fr\/#website\",\"url\":\"https:\/\/clavreuil-wordpress.logiciel-arteo.fr\/\",\"name\":\"Libairie Clavreuil\",\"description\":\"\",\"publisher\":{\"@id\":\"https:\/\/clavreuil-wordpress.logiciel-arteo.fr\/#organization\"},\"potentialAction\":[{\"@type\":\"SearchAction\",\"target\":{\"@type\":\"EntryPoint\",\"urlTemplate\":\"https:\/\/clavreuil-wordpress.logiciel-arteo.fr\/?s={search_term_string}\"},\"query-input\":{\"@type\":\"PropertyValueSpecification\",\"valueRequired\":true,\"valueName\":\"search_term_string\"}}],\"inLanguage\":\"en-US\"},{\"@type\":\"Organization\",\"@id\":\"https:\/\/clavreuil-wordpress.logiciel-arteo.fr\/#organization\",\"name\":\"Libairie Clavreuil\",\"url\":\"https:\/\/clavreuil-wordpress.logiciel-arteo.fr\/\",\"logo\":{\"@type\":\"ImageObject\",\"inLanguage\":\"en-US\",\"@id\":\"https:\/\/clavreuil-wordpress.logiciel-arteo.fr\/#\/schema\/logo\/image\/\",\"url\":\"https:\/\/clavreuil-wordpress.logiciel-arteo.fr\/wp-content\/uploads\/2021\/05\/LOGO_PNG_DATE-_gold.png\",\"contentUrl\":\"https:\/\/clavreuil-wordpress.logiciel-arteo.fr\/wp-content\/uploads\/2021\/05\/LOGO_PNG_DATE-_gold.png\",\"width\":2083,\"height\":1917,\"caption\":\"Libairie Clavreuil\"},\"image\":{\"@id\":\"https:\/\/clavreuil-wordpress.logiciel-arteo.fr\/#\/schema\/logo\/image\/\"}}]}<\/script>\n<!-- \/ Yoast SEO plugin. -->","yoast_head_json":{"title":"BROSSES Charles de Histoire des Navigations aux Terres Australes contenant ce que l'on s\u00e7ait des m\u0153urs et des productions des Contr\u00e9es d\u00e9couvertes jusqu'\u00e0 ce jour; &amp; o\u00f9 il est trait\u00e9 de l'utilit\u00e9 d'y faire de plus amples d\u00e9couvertes &amp; des moyens d'y former un \u00e9tablissement. - Libairie Clavreuil","robots":{"index":"noindex","follow":"follow","max-snippet":"max-snippet:-1","max-image-preview":"max-image-preview:large","max-video-preview":"max-video-preview:-1"},"og_locale":"en_US","og_type":"article","og_title":"BROSSES Charles de Histoire des Navigations aux Terres Australes contenant ce que l'on s\u00e7ait des m\u0153urs et des productions des Contr\u00e9es d\u00e9couvertes jusqu'\u00e0 ce jour; &amp; o\u00f9 il est trait\u00e9 de l'utilit\u00e9 d'y faire de plus amples d\u00e9couvertes &amp; des moyens d'y former un \u00e9tablissement. - Libairie Clavreuil","og_description":"2 volumes, 4to (248 x 188 mm) title, XIV, 463, 437*-450*pp. for volume I; title, 513 pp., 7 engraved folding plates for volume II. Contemporary calf, gilt filets on sides, spine gilt, marbled edges (skilfully rebacked retaingin old spine).","og_url":"https:\/\/clavreuil-wordpress.logiciel-arteo.fr\/en\/brosses-charles-de-histoire-des-navigations-aux-terres-australes-contenant-ce-que-lon-scait-des-moeurs-et-des-productions-des-contrees-decouvertes-jusqua-ce-jour-ou-il-est-traite-de-luti\/","og_site_name":"Libairie Clavreuil","article_modified_time":"2024-04-23T17:12:56+00:00","og_image":[{"width":1920,"height":2560,"url":"https:\/\/clavreuil-wordpress.logiciel-arteo.fr\/wp-content\/uploads\/2024\/04\/charles-de-brosses-histoire-des-navigations-aux-terres-australes-contenant-ce-que-l-on-scait-des-moeurs-et-des-productions-des-contrees-decouvertes-ju-scaled.jpg","type":"image\/jpeg"}],"twitter_card":"summary_large_image","twitter_misc":{"Est. reading time":"1 minute"},"schema":{"@context":"https:\/\/schema.org","@graph":[{"@type":"WebPage","@id":"https:\/\/clavreuil-wordpress.logiciel-arteo.fr\/en\/brosses-charles-de-histoire-des-navigations-aux-terres-australes-contenant-ce-que-lon-scait-des-moeurs-et-des-productions-des-contrees-decouvertes-jusqua-ce-jour-ou-il-est-traite-de-luti\/","url":"https:\/\/clavreuil-wordpress.logiciel-arteo.fr\/en\/brosses-charles-de-histoire-des-navigations-aux-terres-australes-contenant-ce-que-lon-scait-des-moeurs-et-des-productions-des-contrees-decouvertes-jusqua-ce-jour-ou-il-est-traite-de-luti\/","name":"BROSSES Charles de Histoire des Navigations aux Terres Australes contenant ce que l'on s\u00e7ait des m\u0153urs et des productions des Contr\u00e9es d\u00e9couvertes jusqu'\u00e0 ce jour; &amp; o\u00f9 il est trait\u00e9 de l'utilit\u00e9 d'y faire de plus amples d\u00e9couvertes &amp; des moyens d'y former un \u00e9tablissement. - Libairie Clavreuil","isPartOf":{"@id":"https:\/\/clavreuil-wordpress.logiciel-arteo.fr\/#website"},"primaryImageOfPage":{"@id":"https:\/\/clavreuil-wordpress.logiciel-arteo.fr\/en\/brosses-charles-de-histoire-des-navigations-aux-terres-australes-contenant-ce-que-lon-scait-des-moeurs-et-des-productions-des-contrees-decouvertes-jusqua-ce-jour-ou-il-est-traite-de-luti\/#primaryimage"},"image":{"@id":"https:\/\/clavreuil-wordpress.logiciel-arteo.fr\/en\/brosses-charles-de-histoire-des-navigations-aux-terres-australes-contenant-ce-que-lon-scait-des-moeurs-et-des-productions-des-contrees-decouvertes-jusqua-ce-jour-ou-il-est-traite-de-luti\/#primaryimage"},"thumbnailUrl":"https:\/\/clavreuil-wordpress.logiciel-arteo.fr\/wp-content\/uploads\/2024\/04\/charles-de-brosses-histoire-des-navigations-aux-terres-australes-contenant-ce-que-l-on-scait-des-moeurs-et-des-productions-des-contrees-decouvertes-ju-scaled.jpg","datePublished":"2024-04-23T17:12:25+00:00","dateModified":"2024-04-23T17:12:56+00:00","breadcrumb":{"@id":"https:\/\/clavreuil-wordpress.logiciel-arteo.fr\/en\/brosses-charles-de-histoire-des-navigations-aux-terres-australes-contenant-ce-que-lon-scait-des-moeurs-et-des-productions-des-contrees-decouvertes-jusqua-ce-jour-ou-il-est-traite-de-luti\/#breadcrumb"},"inLanguage":"en-US","potentialAction":[{"@type":"ReadAction","target":["https:\/\/clavreuil-wordpress.logiciel-arteo.fr\/en\/brosses-charles-de-histoire-des-navigations-aux-terres-australes-contenant-ce-que-lon-scait-des-moeurs-et-des-productions-des-contrees-decouvertes-jusqua-ce-jour-ou-il-est-traite-de-luti\/"]}]},{"@type":"ImageObject","inLanguage":"en-US","@id":"https:\/\/clavreuil-wordpress.logiciel-arteo.fr\/en\/brosses-charles-de-histoire-des-navigations-aux-terres-australes-contenant-ce-que-lon-scait-des-moeurs-et-des-productions-des-contrees-decouvertes-jusqua-ce-jour-ou-il-est-traite-de-luti\/#primaryimage","url":"https:\/\/clavreuil-wordpress.logiciel-arteo.fr\/wp-content\/uploads\/2024\/04\/charles-de-brosses-histoire-des-navigations-aux-terres-australes-contenant-ce-que-l-on-scait-des-moeurs-et-des-productions-des-contrees-decouvertes-ju-scaled.jpg","contentUrl":"https:\/\/clavreuil-wordpress.logiciel-arteo.fr\/wp-content\/uploads\/2024\/04\/charles-de-brosses-histoire-des-navigations-aux-terres-australes-contenant-ce-que-l-on-scait-des-moeurs-et-des-productions-des-contrees-decouvertes-ju-scaled.jpg","width":1920,"height":2560},{"@type":"BreadcrumbList","@id":"https:\/\/clavreuil-wordpress.logiciel-arteo.fr\/en\/brosses-charles-de-histoire-des-navigations-aux-terres-australes-contenant-ce-que-lon-scait-des-moeurs-et-des-productions-des-contrees-decouvertes-jusqua-ce-jour-ou-il-est-traite-de-luti\/#breadcrumb","itemListElement":[{"@type":"ListItem","position":1,"name":"Accueil","item":"https:\/\/clavreuil-wordpress.logiciel-arteo.fr\/"},{"@type":"ListItem","position":2,"name":"All our books","item":"https:\/\/clavreuil-wordpress.logiciel-arteo.fr\/en\/all-our-books\/"},{"@type":"ListItem","position":3,"name":"BROSSES Charles de Histoire des Navigations aux Terres..."}]},{"@type":"WebSite","@id":"https:\/\/clavreuil-wordpress.logiciel-arteo.fr\/#website","url":"https:\/\/clavreuil-wordpress.logiciel-arteo.fr\/","name":"Libairie Clavreuil","description":"","publisher":{"@id":"https:\/\/clavreuil-wordpress.logiciel-arteo.fr\/#organization"},"potentialAction":[{"@type":"SearchAction","target":{"@type":"EntryPoint","urlTemplate":"https:\/\/clavreuil-wordpress.logiciel-arteo.fr\/?s={search_term_string}"},"query-input":{"@type":"PropertyValueSpecification","valueRequired":true,"valueName":"search_term_string"}}],"inLanguage":"en-US"},{"@type":"Organization","@id":"https:\/\/clavreuil-wordpress.logiciel-arteo.fr\/#organization","name":"Libairie Clavreuil","url":"https:\/\/clavreuil-wordpress.logiciel-arteo.fr\/","logo":{"@type":"ImageObject","inLanguage":"en-US","@id":"https:\/\/clavreuil-wordpress.logiciel-arteo.fr\/#\/schema\/logo\/image\/","url":"https:\/\/clavreuil-wordpress.logiciel-arteo.fr\/wp-content\/uploads\/2021\/05\/LOGO_PNG_DATE-_gold.png","contentUrl":"https:\/\/clavreuil-wordpress.logiciel-arteo.fr\/wp-content\/uploads\/2021\/05\/LOGO_PNG_DATE-_gold.png","width":2083,"height":1917,"caption":"Libairie Clavreuil"},"image":{"@id":"https:\/\/clavreuil-wordpress.logiciel-arteo.fr\/#\/schema\/logo\/image\/"}}]}},"_links":{"self":[{"href":"https:\/\/clavreuil-wordpress.logiciel-arteo.fr\/en\/wp-json\/wp\/v2\/product\/74817","targetHints":{"allow":["GET"]}}],"collection":[{"href":"https:\/\/clavreuil-wordpress.logiciel-arteo.fr\/en\/wp-json\/wp\/v2\/product"}],"about":[{"href":"https:\/\/clavreuil-wordpress.logiciel-arteo.fr\/en\/wp-json\/wp\/v2\/types\/product"}],"replies":[{"embeddable":true,"href":"https:\/\/clavreuil-wordpress.logiciel-arteo.fr\/en\/wp-json\/wp\/v2\/comments?post=74817"}],"wp:featuredmedia":[{"embeddable":true,"href":"https:\/\/clavreuil-wordpress.logiciel-arteo.fr\/en\/wp-json\/wp\/v2\/media\/74810"}],"wp:attachment":[{"href":"https:\/\/clavreuil-wordpress.logiciel-arteo.fr\/en\/wp-json\/wp\/v2\/media?parent=74817"}],"wp:term":[{"taxonomy":"product_brand","embeddable":true,"href":"https:\/\/clavreuil-wordpress.logiciel-arteo.fr\/en\/wp-json\/wp\/v2\/product_brand?post=74817"},{"taxonomy":"product_cat","embeddable":true,"href":"https:\/\/clavreuil-wordpress.logiciel-arteo.fr\/en\/wp-json\/wp\/v2\/product_cat?post=74817"},{"taxonomy":"product_tag","embeddable":true,"href":"https:\/\/clavreuil-wordpress.logiciel-arteo.fr\/en\/wp-json\/wp\/v2\/product_tag?post=74817"}],"curies":[{"name":"wp","href":"https:\/\/api.w.org\/{rel}","templated":true}]}}