{"id":74823,"date":"2024-04-23T19:13:08","date_gmt":"2024-04-23T17:13:08","guid":{"rendered":"https:\/\/clavreuil-wordpress.logiciel-arteo.fr\/marini-jean-ambroise-histoire-nouvelle-et-curieuse-des-royaumes-de-tunquin-et-de-lao-contenant-une-description-exacte-de-leur-origine-grandeur-etendu-de-leurs-richesses-de-leurs-forc\/"},"modified":"2024-04-23T19:13:38","modified_gmt":"2024-04-23T17:13:38","slug":"marini-jean-ambroise-histoire-nouvelle-et-curieuse-des-royaumes-de-tunquin-et-de-lao-contenant-une-description-exacte-de-leur-origine-grandeur-etendu-de-leurs-richesses-de-leurs-forc","status":"publish","type":"product","link":"https:\/\/clavreuil-wordpress.logiciel-arteo.fr\/en\/marini-jean-ambroise-histoire-nouvelle-et-curieuse-des-royaumes-de-tunquin-et-de-lao-contenant-une-description-exacte-de-leur-origine-grandeur-etendu-de-leurs-richesses-de-leurs-forc\/","title":{"rendered":"MARINI Jean-Ambroise Histoire nouvelle et curieuse des royaumes..."},"content":{"rendered":"<p><em>Cordier, B.I. p. 1046 ; Sommervogel, p. 582.<\/em><\/p>\n<p>First edition. Important first hand account of this jesuit missionary priest who preached in Tonking for fourteen years.<\/p>\n<p>&quot;La <em>Relation nouvelle et curieuse<\/em> du p&egrave;re Marini s&rsquo;ins&egrave;re dans une s&eacute;rie de tableaux descriptifs et de r&eacute;cits de voyage portant sur le Vietnam, et sur ses chr&eacute;tient&eacute;s, qui commence &agrave; la fin de la premi&egrave;re moiti&eacute; du XVIIe si&egrave;cle et se poursuit, &agrave; des rythmes divers, jusqu&rsquo;au c&oelig;ur du XIXe si&egrave;cle. Avant lui, les grands pr&eacute;curseurs que furent Giuliano Baldinotti, Christoforo Borri et Alexandre de Rhodes avaient d&eacute;j&agrave; fray&eacute; la voie en t&eacute;moignant de ce qu&rsquo;ils avaient vu et appris au Vietnam. Aussi, au moment o&ugrave; il met en forme ses notes, autour des ann&eacute;es 1660-1662, Filippo de Marini dispose-t-il, sur sa table de travail et sous forme de livres, d&eacute;j&agrave; connus du public, d&rsquo;un corpus solide de connaissances et d&rsquo;impressions, d&rsquo;anecdotes et de v&eacute;rit&eacute;s, de faits av&eacute;r&eacute;s et d&rsquo;id&eacute;es re&ccedil;ues qui ont cours, qui sont bien &eacute;tablis et qu&rsquo;il ne peut n&eacute;gliger. Ses affirmations, fond&eacute;es sur une longue observation et une longue enqu&ecirc;te, puisqu&rsquo;il a v&eacute;cu onze ans au nord du Vietnam, avec quelques interruptions, se glissent dans ce moule pr&eacute;existant. D&rsquo;autre part, et il faut s&rsquo;en souvenir lorsqu&rsquo;on les lit, Marini et ses semblables n&rsquo;&eacute;crivent pas pour le seul plaisir&nbsp;de faire d&eacute;couvrir un pays et ses habitants ; ils accomplissent en r&eacute;alit&eacute; une mission pros&eacute;lyte, laquelle succ&egrave;de &agrave; leur mission sur le terrain mais se tourne cette fois en direction de l&rsquo;opinion lettr&eacute;e europ&eacute;enne et, plus encore, en direction des relais de l&rsquo;autorit&eacute; politique en Europe&quot; (Nguyen Tan Hung, in : Giovanni FIlippo de Marini, Relation nouvelle et curieuse, &eacute;dition Ouaknine, 2013).<\/p>\n<p>Good, complete copy.<\/p>\n","protected":false},"excerpt":{"rendered":"<p>4to (230 x 168 mm) 2 nn.ll., 436 pp., 3 nn.ll. Contemporary calf, spine gilt with raised bands (spine expertly renewed).<\/p>\n","protected":false},"featured_media":74818,"comment_status":"open","ping_status":"closed","template":"","meta":{"_acf_changed":false},"product_brand":[],"product_cat":[552],"product_tag":[1382,1450,1388],"class_list":{"0":"post-74823","1":"product","2":"type-product","3":"status-publish","4":"has-post-thumbnail","6":"product_cat-travel","7":"product_tag-asia","8":"product_tag-first-edition","9":"product_tag-vietnam-cambodia","10":"pa_auteur-jean-ambroise-marini-2","11":"pa_type-de-livre-printed-book","13":"first","14":"instock","15":"shipping-taxable","16":"purchasable","17":"product-type-simple"},"acf":[],"yoast_head":"<!-- This site is optimized with the Yoast SEO plugin v24.3 - https:\/\/yoast.com\/wordpress\/plugins\/seo\/ -->\n<title>MARINI Jean-Ambroise Histoire nouvelle et curieuse des royaumes de Tunquin et de Lao. Contenant une description exacte de leur Origine, Grandeur &amp; Etend\u00fc ; de leurs Richesses, &amp; de leurs Forces ; des Moeurs, &amp; du naturel de leurs Habitans ; de la fertilit\u00e9 de ces contr\u00e9es, &amp; des rivi\u00e8res qui les arrosent de tous costez, &amp; de plusieurs autres circonstances utiles &amp; necessaires pour une plus grande intelligence de la G\u00e9ographie. - Libairie Clavreuil<\/title>\n<meta name=\"robots\" content=\"noindex, follow, max-snippet:-1, max-image-preview:large, max-video-preview:-1\" \/>\n<meta property=\"og:locale\" content=\"en_US\" \/>\n<meta property=\"og:type\" content=\"article\" \/>\n<meta property=\"og:title\" content=\"MARINI Jean-Ambroise Histoire nouvelle et curieuse des royaumes de Tunquin et de Lao. Contenant une description exacte de leur Origine, Grandeur &amp; Etend\u00fc ; de leurs Richesses, &amp; de leurs Forces ; des Moeurs, &amp; du naturel de leurs Habitans ; de la fertilit\u00e9 de ces contr\u00e9es, &amp; des rivi\u00e8res qui les arrosent de tous costez, &amp; de plusieurs autres circonstances utiles &amp; necessaires pour une plus grande intelligence de la G\u00e9ographie. - Libairie Clavreuil\" \/>\n<meta property=\"og:description\" content=\"4to (230 x 168 mm) 2 nn.ll., 436 pp., 3 nn.ll. Contemporary calf, spine gilt with raised bands (spine expertly renewed).\" \/>\n<meta property=\"og:url\" content=\"https:\/\/clavreuil-wordpress.logiciel-arteo.fr\/en\/marini-jean-ambroise-histoire-nouvelle-et-curieuse-des-royaumes-de-tunquin-et-de-lao-contenant-une-description-exacte-de-leur-origine-grandeur-etendu-de-leurs-richesses-de-leurs-forc\/\" \/>\n<meta property=\"og:site_name\" content=\"Libairie Clavreuil\" \/>\n<meta property=\"article:modified_time\" content=\"2024-04-23T17:13:38+00:00\" \/>\n<meta property=\"og:image\" content=\"https:\/\/clavreuil-wordpress.logiciel-arteo.fr\/wp-content\/uploads\/2024\/04\/jean-ambroise-marini-histoire-nouvelle-et-curieuse-des-royaumes-de-tunquin-et-de-lao-contenant-une-description-exacte-de-leur-origine-grandeur-etendue-scaled.jpg\" \/>\n\t<meta property=\"og:image:width\" content=\"1920\" \/>\n\t<meta property=\"og:image:height\" content=\"2560\" \/>\n\t<meta property=\"og:image:type\" content=\"image\/jpeg\" \/>\n<meta name=\"twitter:card\" content=\"summary_large_image\" \/>\n<meta name=\"twitter:label1\" content=\"Est. reading time\" \/>\n\t<meta name=\"twitter:data1\" content=\"2 minutes\" \/>\n<script type=\"application\/ld+json\" class=\"yoast-schema-graph\">{\"@context\":\"https:\/\/schema.org\",\"@graph\":[{\"@type\":\"WebPage\",\"@id\":\"https:\/\/clavreuil-wordpress.logiciel-arteo.fr\/en\/marini-jean-ambroise-histoire-nouvelle-et-curieuse-des-royaumes-de-tunquin-et-de-lao-contenant-une-description-exacte-de-leur-origine-grandeur-etendu-de-leurs-richesses-de-leurs-forc\/\",\"url\":\"https:\/\/clavreuil-wordpress.logiciel-arteo.fr\/en\/marini-jean-ambroise-histoire-nouvelle-et-curieuse-des-royaumes-de-tunquin-et-de-lao-contenant-une-description-exacte-de-leur-origine-grandeur-etendu-de-leurs-richesses-de-leurs-forc\/\",\"name\":\"MARINI Jean-Ambroise Histoire nouvelle et curieuse des royaumes de Tunquin et de Lao. Contenant une description exacte de leur Origine, Grandeur &amp; Etend\u00fc ; de leurs Richesses, &amp; de leurs Forces ; des Moeurs, &amp; du naturel de leurs Habitans ; de la fertilit\u00e9 de ces contr\u00e9es, &amp; des rivi\u00e8res qui les arrosent de tous costez, &amp; de plusieurs autres circonstances utiles &amp; necessaires pour une plus grande intelligence de la G\u00e9ographie. - Libairie Clavreuil\",\"isPartOf\":{\"@id\":\"https:\/\/clavreuil-wordpress.logiciel-arteo.fr\/#website\"},\"primaryImageOfPage\":{\"@id\":\"https:\/\/clavreuil-wordpress.logiciel-arteo.fr\/en\/marini-jean-ambroise-histoire-nouvelle-et-curieuse-des-royaumes-de-tunquin-et-de-lao-contenant-une-description-exacte-de-leur-origine-grandeur-etendu-de-leurs-richesses-de-leurs-forc\/#primaryimage\"},\"image\":{\"@id\":\"https:\/\/clavreuil-wordpress.logiciel-arteo.fr\/en\/marini-jean-ambroise-histoire-nouvelle-et-curieuse-des-royaumes-de-tunquin-et-de-lao-contenant-une-description-exacte-de-leur-origine-grandeur-etendu-de-leurs-richesses-de-leurs-forc\/#primaryimage\"},\"thumbnailUrl\":\"https:\/\/clavreuil-wordpress.logiciel-arteo.fr\/wp-content\/uploads\/2024\/04\/jean-ambroise-marini-histoire-nouvelle-et-curieuse-des-royaumes-de-tunquin-et-de-lao-contenant-une-description-exacte-de-leur-origine-grandeur-etendue-scaled.jpg\",\"datePublished\":\"2024-04-23T17:13:08+00:00\",\"dateModified\":\"2024-04-23T17:13:38+00:00\",\"breadcrumb\":{\"@id\":\"https:\/\/clavreuil-wordpress.logiciel-arteo.fr\/en\/marini-jean-ambroise-histoire-nouvelle-et-curieuse-des-royaumes-de-tunquin-et-de-lao-contenant-une-description-exacte-de-leur-origine-grandeur-etendu-de-leurs-richesses-de-leurs-forc\/#breadcrumb\"},\"inLanguage\":\"en-US\",\"potentialAction\":[{\"@type\":\"ReadAction\",\"target\":[\"https:\/\/clavreuil-wordpress.logiciel-arteo.fr\/en\/marini-jean-ambroise-histoire-nouvelle-et-curieuse-des-royaumes-de-tunquin-et-de-lao-contenant-une-description-exacte-de-leur-origine-grandeur-etendu-de-leurs-richesses-de-leurs-forc\/\"]}]},{\"@type\":\"ImageObject\",\"inLanguage\":\"en-US\",\"@id\":\"https:\/\/clavreuil-wordpress.logiciel-arteo.fr\/en\/marini-jean-ambroise-histoire-nouvelle-et-curieuse-des-royaumes-de-tunquin-et-de-lao-contenant-une-description-exacte-de-leur-origine-grandeur-etendu-de-leurs-richesses-de-leurs-forc\/#primaryimage\",\"url\":\"https:\/\/clavreuil-wordpress.logiciel-arteo.fr\/wp-content\/uploads\/2024\/04\/jean-ambroise-marini-histoire-nouvelle-et-curieuse-des-royaumes-de-tunquin-et-de-lao-contenant-une-description-exacte-de-leur-origine-grandeur-etendue-scaled.jpg\",\"contentUrl\":\"https:\/\/clavreuil-wordpress.logiciel-arteo.fr\/wp-content\/uploads\/2024\/04\/jean-ambroise-marini-histoire-nouvelle-et-curieuse-des-royaumes-de-tunquin-et-de-lao-contenant-une-description-exacte-de-leur-origine-grandeur-etendue-scaled.jpg\",\"width\":1920,\"height\":2560},{\"@type\":\"BreadcrumbList\",\"@id\":\"https:\/\/clavreuil-wordpress.logiciel-arteo.fr\/en\/marini-jean-ambroise-histoire-nouvelle-et-curieuse-des-royaumes-de-tunquin-et-de-lao-contenant-une-description-exacte-de-leur-origine-grandeur-etendu-de-leurs-richesses-de-leurs-forc\/#breadcrumb\",\"itemListElement\":[{\"@type\":\"ListItem\",\"position\":1,\"name\":\"Accueil\",\"item\":\"https:\/\/clavreuil-wordpress.logiciel-arteo.fr\/\"},{\"@type\":\"ListItem\",\"position\":2,\"name\":\"All our books\",\"item\":\"https:\/\/clavreuil-wordpress.logiciel-arteo.fr\/en\/all-our-books\/\"},{\"@type\":\"ListItem\",\"position\":3,\"name\":\"MARINI Jean-Ambroise Histoire nouvelle et curieuse des royaumes...\"}]},{\"@type\":\"WebSite\",\"@id\":\"https:\/\/clavreuil-wordpress.logiciel-arteo.fr\/#website\",\"url\":\"https:\/\/clavreuil-wordpress.logiciel-arteo.fr\/\",\"name\":\"Libairie Clavreuil\",\"description\":\"\",\"publisher\":{\"@id\":\"https:\/\/clavreuil-wordpress.logiciel-arteo.fr\/#organization\"},\"potentialAction\":[{\"@type\":\"SearchAction\",\"target\":{\"@type\":\"EntryPoint\",\"urlTemplate\":\"https:\/\/clavreuil-wordpress.logiciel-arteo.fr\/?s={search_term_string}\"},\"query-input\":{\"@type\":\"PropertyValueSpecification\",\"valueRequired\":true,\"valueName\":\"search_term_string\"}}],\"inLanguage\":\"en-US\"},{\"@type\":\"Organization\",\"@id\":\"https:\/\/clavreuil-wordpress.logiciel-arteo.fr\/#organization\",\"name\":\"Libairie Clavreuil\",\"url\":\"https:\/\/clavreuil-wordpress.logiciel-arteo.fr\/\",\"logo\":{\"@type\":\"ImageObject\",\"inLanguage\":\"en-US\",\"@id\":\"https:\/\/clavreuil-wordpress.logiciel-arteo.fr\/#\/schema\/logo\/image\/\",\"url\":\"https:\/\/clavreuil-wordpress.logiciel-arteo.fr\/wp-content\/uploads\/2021\/05\/LOGO_PNG_DATE-_gold.png\",\"contentUrl\":\"https:\/\/clavreuil-wordpress.logiciel-arteo.fr\/wp-content\/uploads\/2021\/05\/LOGO_PNG_DATE-_gold.png\",\"width\":2083,\"height\":1917,\"caption\":\"Libairie Clavreuil\"},\"image\":{\"@id\":\"https:\/\/clavreuil-wordpress.logiciel-arteo.fr\/#\/schema\/logo\/image\/\"}}]}<\/script>\n<!-- \/ Yoast SEO plugin. -->","yoast_head_json":{"title":"MARINI Jean-Ambroise Histoire nouvelle et curieuse des royaumes de Tunquin et de Lao. Contenant une description exacte de leur Origine, Grandeur &amp; Etend\u00fc ; de leurs Richesses, &amp; de leurs Forces ; des Moeurs, &amp; du naturel de leurs Habitans ; de la fertilit\u00e9 de ces contr\u00e9es, &amp; des rivi\u00e8res qui les arrosent de tous costez, &amp; de plusieurs autres circonstances utiles &amp; necessaires pour une plus grande intelligence de la G\u00e9ographie. - Libairie Clavreuil","robots":{"index":"noindex","follow":"follow","max-snippet":"max-snippet:-1","max-image-preview":"max-image-preview:large","max-video-preview":"max-video-preview:-1"},"og_locale":"en_US","og_type":"article","og_title":"MARINI Jean-Ambroise Histoire nouvelle et curieuse des royaumes de Tunquin et de Lao. Contenant une description exacte de leur Origine, Grandeur &amp; Etend\u00fc ; de leurs Richesses, &amp; de leurs Forces ; des Moeurs, &amp; du naturel de leurs Habitans ; de la fertilit\u00e9 de ces contr\u00e9es, &amp; des rivi\u00e8res qui les arrosent de tous costez, &amp; de plusieurs autres circonstances utiles &amp; necessaires pour une plus grande intelligence de la G\u00e9ographie. - Libairie Clavreuil","og_description":"4to (230 x 168 mm) 2 nn.ll., 436 pp., 3 nn.ll. Contemporary calf, spine gilt with raised bands (spine expertly renewed).","og_url":"https:\/\/clavreuil-wordpress.logiciel-arteo.fr\/en\/marini-jean-ambroise-histoire-nouvelle-et-curieuse-des-royaumes-de-tunquin-et-de-lao-contenant-une-description-exacte-de-leur-origine-grandeur-etendu-de-leurs-richesses-de-leurs-forc\/","og_site_name":"Libairie Clavreuil","article_modified_time":"2024-04-23T17:13:38+00:00","og_image":[{"width":1920,"height":2560,"url":"https:\/\/clavreuil-wordpress.logiciel-arteo.fr\/wp-content\/uploads\/2024\/04\/jean-ambroise-marini-histoire-nouvelle-et-curieuse-des-royaumes-de-tunquin-et-de-lao-contenant-une-description-exacte-de-leur-origine-grandeur-etendue-scaled.jpg","type":"image\/jpeg"}],"twitter_card":"summary_large_image","twitter_misc":{"Est. reading time":"2 minutes"},"schema":{"@context":"https:\/\/schema.org","@graph":[{"@type":"WebPage","@id":"https:\/\/clavreuil-wordpress.logiciel-arteo.fr\/en\/marini-jean-ambroise-histoire-nouvelle-et-curieuse-des-royaumes-de-tunquin-et-de-lao-contenant-une-description-exacte-de-leur-origine-grandeur-etendu-de-leurs-richesses-de-leurs-forc\/","url":"https:\/\/clavreuil-wordpress.logiciel-arteo.fr\/en\/marini-jean-ambroise-histoire-nouvelle-et-curieuse-des-royaumes-de-tunquin-et-de-lao-contenant-une-description-exacte-de-leur-origine-grandeur-etendu-de-leurs-richesses-de-leurs-forc\/","name":"MARINI Jean-Ambroise Histoire nouvelle et curieuse des royaumes de Tunquin et de Lao. Contenant une description exacte de leur Origine, Grandeur &amp; Etend\u00fc ; de leurs Richesses, &amp; de leurs Forces ; des Moeurs, &amp; du naturel de leurs Habitans ; de la fertilit\u00e9 de ces contr\u00e9es, &amp; des rivi\u00e8res qui les arrosent de tous costez, &amp; de plusieurs autres circonstances utiles &amp; necessaires pour une plus grande intelligence de la G\u00e9ographie. - Libairie Clavreuil","isPartOf":{"@id":"https:\/\/clavreuil-wordpress.logiciel-arteo.fr\/#website"},"primaryImageOfPage":{"@id":"https:\/\/clavreuil-wordpress.logiciel-arteo.fr\/en\/marini-jean-ambroise-histoire-nouvelle-et-curieuse-des-royaumes-de-tunquin-et-de-lao-contenant-une-description-exacte-de-leur-origine-grandeur-etendu-de-leurs-richesses-de-leurs-forc\/#primaryimage"},"image":{"@id":"https:\/\/clavreuil-wordpress.logiciel-arteo.fr\/en\/marini-jean-ambroise-histoire-nouvelle-et-curieuse-des-royaumes-de-tunquin-et-de-lao-contenant-une-description-exacte-de-leur-origine-grandeur-etendu-de-leurs-richesses-de-leurs-forc\/#primaryimage"},"thumbnailUrl":"https:\/\/clavreuil-wordpress.logiciel-arteo.fr\/wp-content\/uploads\/2024\/04\/jean-ambroise-marini-histoire-nouvelle-et-curieuse-des-royaumes-de-tunquin-et-de-lao-contenant-une-description-exacte-de-leur-origine-grandeur-etendue-scaled.jpg","datePublished":"2024-04-23T17:13:08+00:00","dateModified":"2024-04-23T17:13:38+00:00","breadcrumb":{"@id":"https:\/\/clavreuil-wordpress.logiciel-arteo.fr\/en\/marini-jean-ambroise-histoire-nouvelle-et-curieuse-des-royaumes-de-tunquin-et-de-lao-contenant-une-description-exacte-de-leur-origine-grandeur-etendu-de-leurs-richesses-de-leurs-forc\/#breadcrumb"},"inLanguage":"en-US","potentialAction":[{"@type":"ReadAction","target":["https:\/\/clavreuil-wordpress.logiciel-arteo.fr\/en\/marini-jean-ambroise-histoire-nouvelle-et-curieuse-des-royaumes-de-tunquin-et-de-lao-contenant-une-description-exacte-de-leur-origine-grandeur-etendu-de-leurs-richesses-de-leurs-forc\/"]}]},{"@type":"ImageObject","inLanguage":"en-US","@id":"https:\/\/clavreuil-wordpress.logiciel-arteo.fr\/en\/marini-jean-ambroise-histoire-nouvelle-et-curieuse-des-royaumes-de-tunquin-et-de-lao-contenant-une-description-exacte-de-leur-origine-grandeur-etendu-de-leurs-richesses-de-leurs-forc\/#primaryimage","url":"https:\/\/clavreuil-wordpress.logiciel-arteo.fr\/wp-content\/uploads\/2024\/04\/jean-ambroise-marini-histoire-nouvelle-et-curieuse-des-royaumes-de-tunquin-et-de-lao-contenant-une-description-exacte-de-leur-origine-grandeur-etendue-scaled.jpg","contentUrl":"https:\/\/clavreuil-wordpress.logiciel-arteo.fr\/wp-content\/uploads\/2024\/04\/jean-ambroise-marini-histoire-nouvelle-et-curieuse-des-royaumes-de-tunquin-et-de-lao-contenant-une-description-exacte-de-leur-origine-grandeur-etendue-scaled.jpg","width":1920,"height":2560},{"@type":"BreadcrumbList","@id":"https:\/\/clavreuil-wordpress.logiciel-arteo.fr\/en\/marini-jean-ambroise-histoire-nouvelle-et-curieuse-des-royaumes-de-tunquin-et-de-lao-contenant-une-description-exacte-de-leur-origine-grandeur-etendu-de-leurs-richesses-de-leurs-forc\/#breadcrumb","itemListElement":[{"@type":"ListItem","position":1,"name":"Accueil","item":"https:\/\/clavreuil-wordpress.logiciel-arteo.fr\/"},{"@type":"ListItem","position":2,"name":"All our books","item":"https:\/\/clavreuil-wordpress.logiciel-arteo.fr\/en\/all-our-books\/"},{"@type":"ListItem","position":3,"name":"MARINI Jean-Ambroise Histoire nouvelle et curieuse des royaumes..."}]},{"@type":"WebSite","@id":"https:\/\/clavreuil-wordpress.logiciel-arteo.fr\/#website","url":"https:\/\/clavreuil-wordpress.logiciel-arteo.fr\/","name":"Libairie Clavreuil","description":"","publisher":{"@id":"https:\/\/clavreuil-wordpress.logiciel-arteo.fr\/#organization"},"potentialAction":[{"@type":"SearchAction","target":{"@type":"EntryPoint","urlTemplate":"https:\/\/clavreuil-wordpress.logiciel-arteo.fr\/?s={search_term_string}"},"query-input":{"@type":"PropertyValueSpecification","valueRequired":true,"valueName":"search_term_string"}}],"inLanguage":"en-US"},{"@type":"Organization","@id":"https:\/\/clavreuil-wordpress.logiciel-arteo.fr\/#organization","name":"Libairie Clavreuil","url":"https:\/\/clavreuil-wordpress.logiciel-arteo.fr\/","logo":{"@type":"ImageObject","inLanguage":"en-US","@id":"https:\/\/clavreuil-wordpress.logiciel-arteo.fr\/#\/schema\/logo\/image\/","url":"https:\/\/clavreuil-wordpress.logiciel-arteo.fr\/wp-content\/uploads\/2021\/05\/LOGO_PNG_DATE-_gold.png","contentUrl":"https:\/\/clavreuil-wordpress.logiciel-arteo.fr\/wp-content\/uploads\/2021\/05\/LOGO_PNG_DATE-_gold.png","width":2083,"height":1917,"caption":"Libairie Clavreuil"},"image":{"@id":"https:\/\/clavreuil-wordpress.logiciel-arteo.fr\/#\/schema\/logo\/image\/"}}]}},"_links":{"self":[{"href":"https:\/\/clavreuil-wordpress.logiciel-arteo.fr\/en\/wp-json\/wp\/v2\/product\/74823","targetHints":{"allow":["GET"]}}],"collection":[{"href":"https:\/\/clavreuil-wordpress.logiciel-arteo.fr\/en\/wp-json\/wp\/v2\/product"}],"about":[{"href":"https:\/\/clavreuil-wordpress.logiciel-arteo.fr\/en\/wp-json\/wp\/v2\/types\/product"}],"replies":[{"embeddable":true,"href":"https:\/\/clavreuil-wordpress.logiciel-arteo.fr\/en\/wp-json\/wp\/v2\/comments?post=74823"}],"wp:featuredmedia":[{"embeddable":true,"href":"https:\/\/clavreuil-wordpress.logiciel-arteo.fr\/en\/wp-json\/wp\/v2\/media\/74818"}],"wp:attachment":[{"href":"https:\/\/clavreuil-wordpress.logiciel-arteo.fr\/en\/wp-json\/wp\/v2\/media?parent=74823"}],"wp:term":[{"taxonomy":"product_brand","embeddable":true,"href":"https:\/\/clavreuil-wordpress.logiciel-arteo.fr\/en\/wp-json\/wp\/v2\/product_brand?post=74823"},{"taxonomy":"product_cat","embeddable":true,"href":"https:\/\/clavreuil-wordpress.logiciel-arteo.fr\/en\/wp-json\/wp\/v2\/product_cat?post=74823"},{"taxonomy":"product_tag","embeddable":true,"href":"https:\/\/clavreuil-wordpress.logiciel-arteo.fr\/en\/wp-json\/wp\/v2\/product_tag?post=74823"}],"curies":[{"name":"wp","href":"https:\/\/api.w.org\/{rel}","templated":true}]}}