{"id":74839,"date":"2024-04-23T19:14:32","date_gmt":"2024-04-23T17:14:32","guid":{"rendered":"https:\/\/clavreuil-wordpress.logiciel-arteo.fr\/espinosa-jose-ygnacio-memoria-que-en-el-cumplimiento-del-articulo-120-de-la-constitucion-federal-de-los-estados-unidos-mexicanos-leyo-el-secretario-de-estado-y-del-despacho-universal-de-justicia-y-n\/"},"modified":"2024-04-23T19:15:20","modified_gmt":"2024-04-23T17:15:20","slug":"espinosa-jose-ygnacio-memoria-que-en-el-cumplimiento-del-articulo-120-de-la-constitucion-federal-de-los-estados-unidos-mexicanos-leyo-el-secretario-de-estado-y-del-despacho-universal-de-justicia-y-n","status":"publish","type":"product","link":"https:\/\/clavreuil-wordpress.logiciel-arteo.fr\/en\/espinosa-jose-ygnacio-memoria-que-en-el-cumplimiento-del-articulo-120-de-la-constitucion-federal-de-los-estados-unidos-mexicanos-leyo-el-secretario-de-estado-y-del-despacho-universal-de-justicia-y-n\/","title":{"rendered":"ESPINOSA Jos\u00e9 Ygnacio Memoria que en el cumplimiento..."},"content":{"rendered":"<p><em>Manuel Ferrer Mu&ntilde;oz, La Formaci&oacute;n de un estado nacional en M&eacute;xico. El Imperio y la Republica federal : 1821-1835, Mexico, 1995, p. 366.<\/em><\/p>\n<p>Interesting document printed in Mexico. The work contains the speech held by the liberal polititian Jos&eacute; Ygnacio de Espinosa, held before the Chamber of Deputies of the young Mexican Republic. Minister of Justice and of Religion under the presidency of Anatolio Bustamante, Espinosa had to retire from his post in 1832 at the arrival of General Antonio L&oacute;pez de Santa Anna. The text contains many references on prison, jurisdiction in the various districts, the status of Missions (Zacatecas, Tarahumaras, Chihuahua, Monterrey, Durango, etc.), births, status of California, and others.<\/p>\n<p>Beautiful specimen of Mexican craftsmanship.<\/p>\n","protected":false},"excerpt":{"rendered":"<p>4to (266 x 187 mm) 1 nn.l., 15 pp., 1 nn.l., 12 tables including 3 folding. Contemporary Mexican red morocco binding, richly gilt, flat spine gilt, inner covers with three bands in differnt colours (green, red and beige) inspired by the Mexican flag, divided by a special tool, pink silk endpapers.<\/p>\n","protected":false},"featured_media":74830,"comment_status":"open","ping_status":"closed","template":"","meta":{"_acf_changed":false},"product_brand":[],"product_cat":[530],"product_tag":[1267,1369],"class_list":{"0":"post-74839","1":"product","2":"type-product","3":"status-publish","4":"has-post-thumbnail","6":"product_cat-binding","7":"product_tag-binding","8":"product_tag-mexico","9":"pa_auteur-jose-ygnacio-espinosa-2","10":"pa_type-de-livre-printed-book","12":"first","13":"instock","14":"shipping-taxable","15":"purchasable","16":"product-type-simple"},"acf":[],"yoast_head":"<!-- This site is optimized with the Yoast SEO plugin v24.3 - https:\/\/yoast.com\/wordpress\/plugins\/seo\/ -->\n<title>ESPINOSA Jos\u00e9 Ygnacio Memoria que en el cumplimiento del articulo 120 de la constitucion federal de los Estados-Unidos Mexicanos, ley\u00f3 el Secretario de Estado y del Despacho universal de Justicia y Negocios Ecclesi\u00e1sticos en la C\u00e1mara de Diputados el dia 8 y en la de Senadores el dia 11 de Enero del ano del 1831, sobre los ramos del Ministerio de su cargo. - Libairie Clavreuil<\/title>\n<meta name=\"robots\" content=\"noindex, follow, max-snippet:-1, max-image-preview:large, max-video-preview:-1\" \/>\n<meta property=\"og:locale\" content=\"en_US\" \/>\n<meta property=\"og:type\" content=\"article\" \/>\n<meta property=\"og:title\" content=\"ESPINOSA Jos\u00e9 Ygnacio Memoria que en el cumplimiento del articulo 120 de la constitucion federal de los Estados-Unidos Mexicanos, ley\u00f3 el Secretario de Estado y del Despacho universal de Justicia y Negocios Ecclesi\u00e1sticos en la C\u00e1mara de Diputados el dia 8 y en la de Senadores el dia 11 de Enero del ano del 1831, sobre los ramos del Ministerio de su cargo. - Libairie Clavreuil\" \/>\n<meta property=\"og:description\" content=\"4to (266 x 187 mm) 1 nn.l., 15 pp., 1 nn.l., 12 tables including 3 folding. Contemporary Mexican red morocco binding, richly gilt, flat spine gilt, inner covers with three bands in differnt colours (green, red and beige) inspired by the Mexican flag, divided by a special tool, pink silk endpapers.\" \/>\n<meta property=\"og:url\" content=\"https:\/\/clavreuil-wordpress.logiciel-arteo.fr\/en\/espinosa-jose-ygnacio-memoria-que-en-el-cumplimiento-del-articulo-120-de-la-constitucion-federal-de-los-estados-unidos-mexicanos-leyo-el-secretario-de-estado-y-del-despacho-universal-de-justicia-y-n\/\" \/>\n<meta property=\"og:site_name\" content=\"Libairie Clavreuil\" \/>\n<meta property=\"article:modified_time\" content=\"2024-04-23T17:15:20+00:00\" \/>\n<meta property=\"og:image\" content=\"https:\/\/clavreuil-wordpress.logiciel-arteo.fr\/wp-content\/uploads\/2024\/04\/jose-ygnacio-espinosa-memoria-que-en-el-cumplimiento-del-articulo-120-de-la-constitucion-federal-de-los-estados-unidos-mexicanos-leyo-el-secretario-de-scaled.jpg\" \/>\n\t<meta property=\"og:image:width\" content=\"1810\" \/>\n\t<meta property=\"og:image:height\" content=\"2560\" \/>\n\t<meta property=\"og:image:type\" content=\"image\/jpeg\" \/>\n<meta name=\"twitter:card\" content=\"summary_large_image\" \/>\n<meta name=\"twitter:label1\" content=\"Est. reading time\" \/>\n\t<meta name=\"twitter:data1\" content=\"1 minute\" \/>\n<script type=\"application\/ld+json\" class=\"yoast-schema-graph\">{\"@context\":\"https:\/\/schema.org\",\"@graph\":[{\"@type\":\"WebPage\",\"@id\":\"https:\/\/clavreuil-wordpress.logiciel-arteo.fr\/en\/espinosa-jose-ygnacio-memoria-que-en-el-cumplimiento-del-articulo-120-de-la-constitucion-federal-de-los-estados-unidos-mexicanos-leyo-el-secretario-de-estado-y-del-despacho-universal-de-justicia-y-n\/\",\"url\":\"https:\/\/clavreuil-wordpress.logiciel-arteo.fr\/en\/espinosa-jose-ygnacio-memoria-que-en-el-cumplimiento-del-articulo-120-de-la-constitucion-federal-de-los-estados-unidos-mexicanos-leyo-el-secretario-de-estado-y-del-despacho-universal-de-justicia-y-n\/\",\"name\":\"ESPINOSA Jos\u00e9 Ygnacio Memoria que en el cumplimiento del articulo 120 de la constitucion federal de los Estados-Unidos Mexicanos, ley\u00f3 el Secretario de Estado y del Despacho universal de Justicia y Negocios Ecclesi\u00e1sticos en la C\u00e1mara de Diputados el dia 8 y en la de Senadores el dia 11 de Enero del ano del 1831, sobre los ramos del Ministerio de su cargo. - Libairie Clavreuil\",\"isPartOf\":{\"@id\":\"https:\/\/clavreuil-wordpress.logiciel-arteo.fr\/#website\"},\"primaryImageOfPage\":{\"@id\":\"https:\/\/clavreuil-wordpress.logiciel-arteo.fr\/en\/espinosa-jose-ygnacio-memoria-que-en-el-cumplimiento-del-articulo-120-de-la-constitucion-federal-de-los-estados-unidos-mexicanos-leyo-el-secretario-de-estado-y-del-despacho-universal-de-justicia-y-n\/#primaryimage\"},\"image\":{\"@id\":\"https:\/\/clavreuil-wordpress.logiciel-arteo.fr\/en\/espinosa-jose-ygnacio-memoria-que-en-el-cumplimiento-del-articulo-120-de-la-constitucion-federal-de-los-estados-unidos-mexicanos-leyo-el-secretario-de-estado-y-del-despacho-universal-de-justicia-y-n\/#primaryimage\"},\"thumbnailUrl\":\"https:\/\/clavreuil-wordpress.logiciel-arteo.fr\/wp-content\/uploads\/2024\/04\/jose-ygnacio-espinosa-memoria-que-en-el-cumplimiento-del-articulo-120-de-la-constitucion-federal-de-los-estados-unidos-mexicanos-leyo-el-secretario-de-scaled.jpg\",\"datePublished\":\"2024-04-23T17:14:32+00:00\",\"dateModified\":\"2024-04-23T17:15:20+00:00\",\"breadcrumb\":{\"@id\":\"https:\/\/clavreuil-wordpress.logiciel-arteo.fr\/en\/espinosa-jose-ygnacio-memoria-que-en-el-cumplimiento-del-articulo-120-de-la-constitucion-federal-de-los-estados-unidos-mexicanos-leyo-el-secretario-de-estado-y-del-despacho-universal-de-justicia-y-n\/#breadcrumb\"},\"inLanguage\":\"en-US\",\"potentialAction\":[{\"@type\":\"ReadAction\",\"target\":[\"https:\/\/clavreuil-wordpress.logiciel-arteo.fr\/en\/espinosa-jose-ygnacio-memoria-que-en-el-cumplimiento-del-articulo-120-de-la-constitucion-federal-de-los-estados-unidos-mexicanos-leyo-el-secretario-de-estado-y-del-despacho-universal-de-justicia-y-n\/\"]}]},{\"@type\":\"ImageObject\",\"inLanguage\":\"en-US\",\"@id\":\"https:\/\/clavreuil-wordpress.logiciel-arteo.fr\/en\/espinosa-jose-ygnacio-memoria-que-en-el-cumplimiento-del-articulo-120-de-la-constitucion-federal-de-los-estados-unidos-mexicanos-leyo-el-secretario-de-estado-y-del-despacho-universal-de-justicia-y-n\/#primaryimage\",\"url\":\"https:\/\/clavreuil-wordpress.logiciel-arteo.fr\/wp-content\/uploads\/2024\/04\/jose-ygnacio-espinosa-memoria-que-en-el-cumplimiento-del-articulo-120-de-la-constitucion-federal-de-los-estados-unidos-mexicanos-leyo-el-secretario-de-scaled.jpg\",\"contentUrl\":\"https:\/\/clavreuil-wordpress.logiciel-arteo.fr\/wp-content\/uploads\/2024\/04\/jose-ygnacio-espinosa-memoria-que-en-el-cumplimiento-del-articulo-120-de-la-constitucion-federal-de-los-estados-unidos-mexicanos-leyo-el-secretario-de-scaled.jpg\",\"width\":1810,\"height\":2560},{\"@type\":\"BreadcrumbList\",\"@id\":\"https:\/\/clavreuil-wordpress.logiciel-arteo.fr\/en\/espinosa-jose-ygnacio-memoria-que-en-el-cumplimiento-del-articulo-120-de-la-constitucion-federal-de-los-estados-unidos-mexicanos-leyo-el-secretario-de-estado-y-del-despacho-universal-de-justicia-y-n\/#breadcrumb\",\"itemListElement\":[{\"@type\":\"ListItem\",\"position\":1,\"name\":\"Accueil\",\"item\":\"https:\/\/clavreuil-wordpress.logiciel-arteo.fr\/\"},{\"@type\":\"ListItem\",\"position\":2,\"name\":\"All our books\",\"item\":\"https:\/\/clavreuil-wordpress.logiciel-arteo.fr\/en\/all-our-books\/\"},{\"@type\":\"ListItem\",\"position\":3,\"name\":\"ESPINOSA Jos\u00e9 Ygnacio Memoria que en el cumplimiento...\"}]},{\"@type\":\"WebSite\",\"@id\":\"https:\/\/clavreuil-wordpress.logiciel-arteo.fr\/#website\",\"url\":\"https:\/\/clavreuil-wordpress.logiciel-arteo.fr\/\",\"name\":\"Libairie Clavreuil\",\"description\":\"\",\"publisher\":{\"@id\":\"https:\/\/clavreuil-wordpress.logiciel-arteo.fr\/#organization\"},\"potentialAction\":[{\"@type\":\"SearchAction\",\"target\":{\"@type\":\"EntryPoint\",\"urlTemplate\":\"https:\/\/clavreuil-wordpress.logiciel-arteo.fr\/?s={search_term_string}\"},\"query-input\":{\"@type\":\"PropertyValueSpecification\",\"valueRequired\":true,\"valueName\":\"search_term_string\"}}],\"inLanguage\":\"en-US\"},{\"@type\":\"Organization\",\"@id\":\"https:\/\/clavreuil-wordpress.logiciel-arteo.fr\/#organization\",\"name\":\"Libairie Clavreuil\",\"url\":\"https:\/\/clavreuil-wordpress.logiciel-arteo.fr\/\",\"logo\":{\"@type\":\"ImageObject\",\"inLanguage\":\"en-US\",\"@id\":\"https:\/\/clavreuil-wordpress.logiciel-arteo.fr\/#\/schema\/logo\/image\/\",\"url\":\"https:\/\/clavreuil-wordpress.logiciel-arteo.fr\/wp-content\/uploads\/2021\/05\/LOGO_PNG_DATE-_gold.png\",\"contentUrl\":\"https:\/\/clavreuil-wordpress.logiciel-arteo.fr\/wp-content\/uploads\/2021\/05\/LOGO_PNG_DATE-_gold.png\",\"width\":2083,\"height\":1917,\"caption\":\"Libairie Clavreuil\"},\"image\":{\"@id\":\"https:\/\/clavreuil-wordpress.logiciel-arteo.fr\/#\/schema\/logo\/image\/\"}}]}<\/script>\n<!-- \/ Yoast SEO plugin. -->","yoast_head_json":{"title":"ESPINOSA Jos\u00e9 Ygnacio Memoria que en el cumplimiento del articulo 120 de la constitucion federal de los Estados-Unidos Mexicanos, ley\u00f3 el Secretario de Estado y del Despacho universal de Justicia y Negocios Ecclesi\u00e1sticos en la C\u00e1mara de Diputados el dia 8 y en la de Senadores el dia 11 de Enero del ano del 1831, sobre los ramos del Ministerio de su cargo. - Libairie Clavreuil","robots":{"index":"noindex","follow":"follow","max-snippet":"max-snippet:-1","max-image-preview":"max-image-preview:large","max-video-preview":"max-video-preview:-1"},"og_locale":"en_US","og_type":"article","og_title":"ESPINOSA Jos\u00e9 Ygnacio Memoria que en el cumplimiento del articulo 120 de la constitucion federal de los Estados-Unidos Mexicanos, ley\u00f3 el Secretario de Estado y del Despacho universal de Justicia y Negocios Ecclesi\u00e1sticos en la C\u00e1mara de Diputados el dia 8 y en la de Senadores el dia 11 de Enero del ano del 1831, sobre los ramos del Ministerio de su cargo. - Libairie Clavreuil","og_description":"4to (266 x 187 mm) 1 nn.l., 15 pp., 1 nn.l., 12 tables including 3 folding. Contemporary Mexican red morocco binding, richly gilt, flat spine gilt, inner covers with three bands in differnt colours (green, red and beige) inspired by the Mexican flag, divided by a special tool, pink silk endpapers.","og_url":"https:\/\/clavreuil-wordpress.logiciel-arteo.fr\/en\/espinosa-jose-ygnacio-memoria-que-en-el-cumplimiento-del-articulo-120-de-la-constitucion-federal-de-los-estados-unidos-mexicanos-leyo-el-secretario-de-estado-y-del-despacho-universal-de-justicia-y-n\/","og_site_name":"Libairie Clavreuil","article_modified_time":"2024-04-23T17:15:20+00:00","og_image":[{"width":1810,"height":2560,"url":"https:\/\/clavreuil-wordpress.logiciel-arteo.fr\/wp-content\/uploads\/2024\/04\/jose-ygnacio-espinosa-memoria-que-en-el-cumplimiento-del-articulo-120-de-la-constitucion-federal-de-los-estados-unidos-mexicanos-leyo-el-secretario-de-scaled.jpg","type":"image\/jpeg"}],"twitter_card":"summary_large_image","twitter_misc":{"Est. reading time":"1 minute"},"schema":{"@context":"https:\/\/schema.org","@graph":[{"@type":"WebPage","@id":"https:\/\/clavreuil-wordpress.logiciel-arteo.fr\/en\/espinosa-jose-ygnacio-memoria-que-en-el-cumplimiento-del-articulo-120-de-la-constitucion-federal-de-los-estados-unidos-mexicanos-leyo-el-secretario-de-estado-y-del-despacho-universal-de-justicia-y-n\/","url":"https:\/\/clavreuil-wordpress.logiciel-arteo.fr\/en\/espinosa-jose-ygnacio-memoria-que-en-el-cumplimiento-del-articulo-120-de-la-constitucion-federal-de-los-estados-unidos-mexicanos-leyo-el-secretario-de-estado-y-del-despacho-universal-de-justicia-y-n\/","name":"ESPINOSA Jos\u00e9 Ygnacio Memoria que en el cumplimiento del articulo 120 de la constitucion federal de los Estados-Unidos Mexicanos, ley\u00f3 el Secretario de Estado y del Despacho universal de Justicia y Negocios Ecclesi\u00e1sticos en la C\u00e1mara de Diputados el dia 8 y en la de Senadores el dia 11 de Enero del ano del 1831, sobre los ramos del Ministerio de su cargo. - Libairie Clavreuil","isPartOf":{"@id":"https:\/\/clavreuil-wordpress.logiciel-arteo.fr\/#website"},"primaryImageOfPage":{"@id":"https:\/\/clavreuil-wordpress.logiciel-arteo.fr\/en\/espinosa-jose-ygnacio-memoria-que-en-el-cumplimiento-del-articulo-120-de-la-constitucion-federal-de-los-estados-unidos-mexicanos-leyo-el-secretario-de-estado-y-del-despacho-universal-de-justicia-y-n\/#primaryimage"},"image":{"@id":"https:\/\/clavreuil-wordpress.logiciel-arteo.fr\/en\/espinosa-jose-ygnacio-memoria-que-en-el-cumplimiento-del-articulo-120-de-la-constitucion-federal-de-los-estados-unidos-mexicanos-leyo-el-secretario-de-estado-y-del-despacho-universal-de-justicia-y-n\/#primaryimage"},"thumbnailUrl":"https:\/\/clavreuil-wordpress.logiciel-arteo.fr\/wp-content\/uploads\/2024\/04\/jose-ygnacio-espinosa-memoria-que-en-el-cumplimiento-del-articulo-120-de-la-constitucion-federal-de-los-estados-unidos-mexicanos-leyo-el-secretario-de-scaled.jpg","datePublished":"2024-04-23T17:14:32+00:00","dateModified":"2024-04-23T17:15:20+00:00","breadcrumb":{"@id":"https:\/\/clavreuil-wordpress.logiciel-arteo.fr\/en\/espinosa-jose-ygnacio-memoria-que-en-el-cumplimiento-del-articulo-120-de-la-constitucion-federal-de-los-estados-unidos-mexicanos-leyo-el-secretario-de-estado-y-del-despacho-universal-de-justicia-y-n\/#breadcrumb"},"inLanguage":"en-US","potentialAction":[{"@type":"ReadAction","target":["https:\/\/clavreuil-wordpress.logiciel-arteo.fr\/en\/espinosa-jose-ygnacio-memoria-que-en-el-cumplimiento-del-articulo-120-de-la-constitucion-federal-de-los-estados-unidos-mexicanos-leyo-el-secretario-de-estado-y-del-despacho-universal-de-justicia-y-n\/"]}]},{"@type":"ImageObject","inLanguage":"en-US","@id":"https:\/\/clavreuil-wordpress.logiciel-arteo.fr\/en\/espinosa-jose-ygnacio-memoria-que-en-el-cumplimiento-del-articulo-120-de-la-constitucion-federal-de-los-estados-unidos-mexicanos-leyo-el-secretario-de-estado-y-del-despacho-universal-de-justicia-y-n\/#primaryimage","url":"https:\/\/clavreuil-wordpress.logiciel-arteo.fr\/wp-content\/uploads\/2024\/04\/jose-ygnacio-espinosa-memoria-que-en-el-cumplimiento-del-articulo-120-de-la-constitucion-federal-de-los-estados-unidos-mexicanos-leyo-el-secretario-de-scaled.jpg","contentUrl":"https:\/\/clavreuil-wordpress.logiciel-arteo.fr\/wp-content\/uploads\/2024\/04\/jose-ygnacio-espinosa-memoria-que-en-el-cumplimiento-del-articulo-120-de-la-constitucion-federal-de-los-estados-unidos-mexicanos-leyo-el-secretario-de-scaled.jpg","width":1810,"height":2560},{"@type":"BreadcrumbList","@id":"https:\/\/clavreuil-wordpress.logiciel-arteo.fr\/en\/espinosa-jose-ygnacio-memoria-que-en-el-cumplimiento-del-articulo-120-de-la-constitucion-federal-de-los-estados-unidos-mexicanos-leyo-el-secretario-de-estado-y-del-despacho-universal-de-justicia-y-n\/#breadcrumb","itemListElement":[{"@type":"ListItem","position":1,"name":"Accueil","item":"https:\/\/clavreuil-wordpress.logiciel-arteo.fr\/"},{"@type":"ListItem","position":2,"name":"All our books","item":"https:\/\/clavreuil-wordpress.logiciel-arteo.fr\/en\/all-our-books\/"},{"@type":"ListItem","position":3,"name":"ESPINOSA Jos\u00e9 Ygnacio Memoria que en el cumplimiento..."}]},{"@type":"WebSite","@id":"https:\/\/clavreuil-wordpress.logiciel-arteo.fr\/#website","url":"https:\/\/clavreuil-wordpress.logiciel-arteo.fr\/","name":"Libairie Clavreuil","description":"","publisher":{"@id":"https:\/\/clavreuil-wordpress.logiciel-arteo.fr\/#organization"},"potentialAction":[{"@type":"SearchAction","target":{"@type":"EntryPoint","urlTemplate":"https:\/\/clavreuil-wordpress.logiciel-arteo.fr\/?s={search_term_string}"},"query-input":{"@type":"PropertyValueSpecification","valueRequired":true,"valueName":"search_term_string"}}],"inLanguage":"en-US"},{"@type":"Organization","@id":"https:\/\/clavreuil-wordpress.logiciel-arteo.fr\/#organization","name":"Libairie Clavreuil","url":"https:\/\/clavreuil-wordpress.logiciel-arteo.fr\/","logo":{"@type":"ImageObject","inLanguage":"en-US","@id":"https:\/\/clavreuil-wordpress.logiciel-arteo.fr\/#\/schema\/logo\/image\/","url":"https:\/\/clavreuil-wordpress.logiciel-arteo.fr\/wp-content\/uploads\/2021\/05\/LOGO_PNG_DATE-_gold.png","contentUrl":"https:\/\/clavreuil-wordpress.logiciel-arteo.fr\/wp-content\/uploads\/2021\/05\/LOGO_PNG_DATE-_gold.png","width":2083,"height":1917,"caption":"Libairie Clavreuil"},"image":{"@id":"https:\/\/clavreuil-wordpress.logiciel-arteo.fr\/#\/schema\/logo\/image\/"}}]}},"_links":{"self":[{"href":"https:\/\/clavreuil-wordpress.logiciel-arteo.fr\/en\/wp-json\/wp\/v2\/product\/74839","targetHints":{"allow":["GET"]}}],"collection":[{"href":"https:\/\/clavreuil-wordpress.logiciel-arteo.fr\/en\/wp-json\/wp\/v2\/product"}],"about":[{"href":"https:\/\/clavreuil-wordpress.logiciel-arteo.fr\/en\/wp-json\/wp\/v2\/types\/product"}],"replies":[{"embeddable":true,"href":"https:\/\/clavreuil-wordpress.logiciel-arteo.fr\/en\/wp-json\/wp\/v2\/comments?post=74839"}],"wp:featuredmedia":[{"embeddable":true,"href":"https:\/\/clavreuil-wordpress.logiciel-arteo.fr\/en\/wp-json\/wp\/v2\/media\/74830"}],"wp:attachment":[{"href":"https:\/\/clavreuil-wordpress.logiciel-arteo.fr\/en\/wp-json\/wp\/v2\/media?parent=74839"}],"wp:term":[{"taxonomy":"product_brand","embeddable":true,"href":"https:\/\/clavreuil-wordpress.logiciel-arteo.fr\/en\/wp-json\/wp\/v2\/product_brand?post=74839"},{"taxonomy":"product_cat","embeddable":true,"href":"https:\/\/clavreuil-wordpress.logiciel-arteo.fr\/en\/wp-json\/wp\/v2\/product_cat?post=74839"},{"taxonomy":"product_tag","embeddable":true,"href":"https:\/\/clavreuil-wordpress.logiciel-arteo.fr\/en\/wp-json\/wp\/v2\/product_tag?post=74839"}],"curies":[{"name":"wp","href":"https:\/\/api.w.org\/{rel}","templated":true}]}}