{"id":74857,"date":"2024-04-23T19:16:24","date_gmt":"2024-04-23T17:16:24","guid":{"rendered":"https:\/\/clavreuil-wordpress.logiciel-arteo.fr\/forrest-thomas-voyage-aux-moluques-et-a-la-nouvelle-guinee-fait-sur-la-galere-la-tartare-en-1774-1775-1776-par-ordre-de-la-compagnie-angloise\/"},"modified":"2024-04-23T19:16:57","modified_gmt":"2024-04-23T17:16:57","slug":"forrest-thomas-voyage-aux-moluques-et-a-la-nouvelle-guinee-fait-sur-la-galere-la-tartare-en-1774-1775-1776-par-ordre-de-la-compagnie-angloise","status":"publish","type":"product","link":"https:\/\/clavreuil-wordpress.logiciel-arteo.fr\/en\/forrest-thomas-voyage-aux-moluques-et-a-la-nouvelle-guinee-fait-sur-la-galere-la-tartare-en-1774-1775-1776-par-ordre-de-la-compagnie-angloise\/","title":{"rendered":"FORREST Thomas Voyage aux Moluques et \u00e0 la..."},"content":{"rendered":"<p><em>Chadenat, 571; Howgego, F60 ; voir Hill, 623 (for the first edition 1779).<\/em><\/p>\n<p>First edition of the French translation of the famous journey to the Moluccas by Thomas Forrest (1729?-1802?). Pages 443 to 458 with a vocabulary of the Magindano language in the Philippines. Sailor and hydrographer Forrest was employed by the English East India Company and served under Admiral Pocock during the confrontations between the English and French in Bengal.<\/p>\n<p>&quot;In 1770 [Forrest] pioneered the settlement of Balembangan, an island at the northern tip of Borneo. On 9.12.74, Forrest set out from Balembangan, sailing in a native prahu renamed the Tartar, with two companions, towards the Moluccas. I his unlikely craft he pushed further east than any of his company predecessors, eventually reaching Geelvinks Bay on the north coast of New Guinea (=Irian Jaya). There he found one of the few nutmeg forests not under the control of the Dutch. After exploring the Gilolo Pasage between New Guinea and the Moluccas, he sailed to Mindanao&#8230; On his return to Borneo, Forrest had discovered that the Balembangan settlers had moved after losing their island. he therefore proceeded to the Malay peninsula, where at Kedah, in 1776, the 4000-mile odyssey of the Tartar ended&quot; (Howgego).<\/p>\n<p>Good copy.<\/p>\n","protected":false},"excerpt":{"rendered":"<p>4to (254 x 194 mm) 3 nn.ll., 470 pp., 1 nn.l. (approbation), 1 large engraved folding map, 28 engraved plates (numbered 1-27, 5bis, 13bis, 18bis; plates 20\/21 &amp; 25\/26 respectively printed on a single sheet). Contemporary marbled calf, triple blind stamped filet on covers, spine gilt with raised bands, marbled edges (expertly rebacked).<\/p>\n","protected":false},"featured_media":74850,"comment_status":"open","ping_status":"closed","template":"","meta":{"_acf_changed":false},"product_brand":[],"product_cat":[552],"product_tag":[1409],"class_list":{"0":"post-74857","1":"product","2":"type-product","3":"status-publish","4":"has-post-thumbnail","6":"product_cat-travel","7":"product_tag-oceania","8":"pa_auteur-thomas-forrest-2","9":"pa_type-de-livre-printed-book","11":"first","12":"instock","13":"shipping-taxable","14":"purchasable","15":"product-type-simple"},"acf":[],"yoast_head":"<!-- This site is optimized with the Yoast SEO plugin v24.3 - https:\/\/yoast.com\/wordpress\/plugins\/seo\/ -->\n<title>FORREST Thomas Voyage aux Moluques et \u00e0 la Nouvelle Guin\u00e9e, fait sur la gal\u00e8re la Tartare en 1774, 1775 &amp; 1776, par ordre de la compagnie angloise. - Libairie Clavreuil<\/title>\n<meta name=\"robots\" content=\"noindex, follow, max-snippet:-1, max-image-preview:large, max-video-preview:-1\" \/>\n<meta property=\"og:locale\" content=\"en_US\" \/>\n<meta property=\"og:type\" content=\"article\" \/>\n<meta property=\"og:title\" content=\"FORREST Thomas Voyage aux Moluques et \u00e0 la Nouvelle Guin\u00e9e, fait sur la gal\u00e8re la Tartare en 1774, 1775 &amp; 1776, par ordre de la compagnie angloise. - Libairie Clavreuil\" \/>\n<meta property=\"og:description\" content=\"4to (254 x 194 mm) 3 nn.ll., 470 pp., 1 nn.l. (approbation), 1 large engraved folding map, 28 engraved plates (numbered 1-27, 5bis, 13bis, 18bis; plates 20\/21 &amp; 25\/26 respectively printed on a single sheet). Contemporary marbled calf, triple blind stamped filet on covers, spine gilt with raised bands, marbled edges (expertly rebacked).\" \/>\n<meta property=\"og:url\" content=\"https:\/\/clavreuil-wordpress.logiciel-arteo.fr\/en\/forrest-thomas-voyage-aux-moluques-et-a-la-nouvelle-guinee-fait-sur-la-galere-la-tartare-en-1774-1775-1776-par-ordre-de-la-compagnie-angloise\/\" \/>\n<meta property=\"og:site_name\" content=\"Libairie Clavreuil\" \/>\n<meta property=\"article:modified_time\" content=\"2024-04-23T17:16:57+00:00\" \/>\n<meta property=\"og:image\" content=\"https:\/\/clavreuil-wordpress.logiciel-arteo.fr\/wp-content\/uploads\/2024\/04\/thomas-forrest-voyage-aux-moluques-et-a-la-nouvelle-guinee-fait-sur-la-galere-la-tartare-en-1774-1775-1776-par-ordre-de-la-compagnie-angloise-8236-65e-scaled.jpg\" \/>\n\t<meta property=\"og:image:width\" content=\"1920\" \/>\n\t<meta property=\"og:image:height\" content=\"2560\" \/>\n\t<meta property=\"og:image:type\" content=\"image\/jpeg\" \/>\n<meta name=\"twitter:card\" content=\"summary_large_image\" \/>\n<meta name=\"twitter:label1\" content=\"Est. reading time\" \/>\n\t<meta name=\"twitter:data1\" content=\"1 minute\" \/>\n<script type=\"application\/ld+json\" class=\"yoast-schema-graph\">{\"@context\":\"https:\/\/schema.org\",\"@graph\":[{\"@type\":\"WebPage\",\"@id\":\"https:\/\/clavreuil-wordpress.logiciel-arteo.fr\/en\/forrest-thomas-voyage-aux-moluques-et-a-la-nouvelle-guinee-fait-sur-la-galere-la-tartare-en-1774-1775-1776-par-ordre-de-la-compagnie-angloise\/\",\"url\":\"https:\/\/clavreuil-wordpress.logiciel-arteo.fr\/en\/forrest-thomas-voyage-aux-moluques-et-a-la-nouvelle-guinee-fait-sur-la-galere-la-tartare-en-1774-1775-1776-par-ordre-de-la-compagnie-angloise\/\",\"name\":\"FORREST Thomas Voyage aux Moluques et \u00e0 la Nouvelle Guin\u00e9e, fait sur la gal\u00e8re la Tartare en 1774, 1775 &amp; 1776, par ordre de la compagnie angloise. - Libairie Clavreuil\",\"isPartOf\":{\"@id\":\"https:\/\/clavreuil-wordpress.logiciel-arteo.fr\/#website\"},\"primaryImageOfPage\":{\"@id\":\"https:\/\/clavreuil-wordpress.logiciel-arteo.fr\/en\/forrest-thomas-voyage-aux-moluques-et-a-la-nouvelle-guinee-fait-sur-la-galere-la-tartare-en-1774-1775-1776-par-ordre-de-la-compagnie-angloise\/#primaryimage\"},\"image\":{\"@id\":\"https:\/\/clavreuil-wordpress.logiciel-arteo.fr\/en\/forrest-thomas-voyage-aux-moluques-et-a-la-nouvelle-guinee-fait-sur-la-galere-la-tartare-en-1774-1775-1776-par-ordre-de-la-compagnie-angloise\/#primaryimage\"},\"thumbnailUrl\":\"https:\/\/clavreuil-wordpress.logiciel-arteo.fr\/wp-content\/uploads\/2024\/04\/thomas-forrest-voyage-aux-moluques-et-a-la-nouvelle-guinee-fait-sur-la-galere-la-tartare-en-1774-1775-1776-par-ordre-de-la-compagnie-angloise-8236-65e-scaled.jpg\",\"datePublished\":\"2024-04-23T17:16:24+00:00\",\"dateModified\":\"2024-04-23T17:16:57+00:00\",\"breadcrumb\":{\"@id\":\"https:\/\/clavreuil-wordpress.logiciel-arteo.fr\/en\/forrest-thomas-voyage-aux-moluques-et-a-la-nouvelle-guinee-fait-sur-la-galere-la-tartare-en-1774-1775-1776-par-ordre-de-la-compagnie-angloise\/#breadcrumb\"},\"inLanguage\":\"en-US\",\"potentialAction\":[{\"@type\":\"ReadAction\",\"target\":[\"https:\/\/clavreuil-wordpress.logiciel-arteo.fr\/en\/forrest-thomas-voyage-aux-moluques-et-a-la-nouvelle-guinee-fait-sur-la-galere-la-tartare-en-1774-1775-1776-par-ordre-de-la-compagnie-angloise\/\"]}]},{\"@type\":\"ImageObject\",\"inLanguage\":\"en-US\",\"@id\":\"https:\/\/clavreuil-wordpress.logiciel-arteo.fr\/en\/forrest-thomas-voyage-aux-moluques-et-a-la-nouvelle-guinee-fait-sur-la-galere-la-tartare-en-1774-1775-1776-par-ordre-de-la-compagnie-angloise\/#primaryimage\",\"url\":\"https:\/\/clavreuil-wordpress.logiciel-arteo.fr\/wp-content\/uploads\/2024\/04\/thomas-forrest-voyage-aux-moluques-et-a-la-nouvelle-guinee-fait-sur-la-galere-la-tartare-en-1774-1775-1776-par-ordre-de-la-compagnie-angloise-8236-65e-scaled.jpg\",\"contentUrl\":\"https:\/\/clavreuil-wordpress.logiciel-arteo.fr\/wp-content\/uploads\/2024\/04\/thomas-forrest-voyage-aux-moluques-et-a-la-nouvelle-guinee-fait-sur-la-galere-la-tartare-en-1774-1775-1776-par-ordre-de-la-compagnie-angloise-8236-65e-scaled.jpg\",\"width\":1920,\"height\":2560},{\"@type\":\"BreadcrumbList\",\"@id\":\"https:\/\/clavreuil-wordpress.logiciel-arteo.fr\/en\/forrest-thomas-voyage-aux-moluques-et-a-la-nouvelle-guinee-fait-sur-la-galere-la-tartare-en-1774-1775-1776-par-ordre-de-la-compagnie-angloise\/#breadcrumb\",\"itemListElement\":[{\"@type\":\"ListItem\",\"position\":1,\"name\":\"Accueil\",\"item\":\"https:\/\/clavreuil-wordpress.logiciel-arteo.fr\/\"},{\"@type\":\"ListItem\",\"position\":2,\"name\":\"All our books\",\"item\":\"https:\/\/clavreuil-wordpress.logiciel-arteo.fr\/en\/all-our-books\/\"},{\"@type\":\"ListItem\",\"position\":3,\"name\":\"FORREST Thomas Voyage aux Moluques et \u00e0 la...\"}]},{\"@type\":\"WebSite\",\"@id\":\"https:\/\/clavreuil-wordpress.logiciel-arteo.fr\/#website\",\"url\":\"https:\/\/clavreuil-wordpress.logiciel-arteo.fr\/\",\"name\":\"Libairie Clavreuil\",\"description\":\"\",\"publisher\":{\"@id\":\"https:\/\/clavreuil-wordpress.logiciel-arteo.fr\/#organization\"},\"potentialAction\":[{\"@type\":\"SearchAction\",\"target\":{\"@type\":\"EntryPoint\",\"urlTemplate\":\"https:\/\/clavreuil-wordpress.logiciel-arteo.fr\/?s={search_term_string}\"},\"query-input\":{\"@type\":\"PropertyValueSpecification\",\"valueRequired\":true,\"valueName\":\"search_term_string\"}}],\"inLanguage\":\"en-US\"},{\"@type\":\"Organization\",\"@id\":\"https:\/\/clavreuil-wordpress.logiciel-arteo.fr\/#organization\",\"name\":\"Libairie Clavreuil\",\"url\":\"https:\/\/clavreuil-wordpress.logiciel-arteo.fr\/\",\"logo\":{\"@type\":\"ImageObject\",\"inLanguage\":\"en-US\",\"@id\":\"https:\/\/clavreuil-wordpress.logiciel-arteo.fr\/#\/schema\/logo\/image\/\",\"url\":\"https:\/\/clavreuil-wordpress.logiciel-arteo.fr\/wp-content\/uploads\/2021\/05\/LOGO_PNG_DATE-_gold.png\",\"contentUrl\":\"https:\/\/clavreuil-wordpress.logiciel-arteo.fr\/wp-content\/uploads\/2021\/05\/LOGO_PNG_DATE-_gold.png\",\"width\":2083,\"height\":1917,\"caption\":\"Libairie Clavreuil\"},\"image\":{\"@id\":\"https:\/\/clavreuil-wordpress.logiciel-arteo.fr\/#\/schema\/logo\/image\/\"}}]}<\/script>\n<!-- \/ Yoast SEO plugin. -->","yoast_head_json":{"title":"FORREST Thomas Voyage aux Moluques et \u00e0 la Nouvelle Guin\u00e9e, fait sur la gal\u00e8re la Tartare en 1774, 1775 &amp; 1776, par ordre de la compagnie angloise. - Libairie Clavreuil","robots":{"index":"noindex","follow":"follow","max-snippet":"max-snippet:-1","max-image-preview":"max-image-preview:large","max-video-preview":"max-video-preview:-1"},"og_locale":"en_US","og_type":"article","og_title":"FORREST Thomas Voyage aux Moluques et \u00e0 la Nouvelle Guin\u00e9e, fait sur la gal\u00e8re la Tartare en 1774, 1775 &amp; 1776, par ordre de la compagnie angloise. - Libairie Clavreuil","og_description":"4to (254 x 194 mm) 3 nn.ll., 470 pp., 1 nn.l. (approbation), 1 large engraved folding map, 28 engraved plates (numbered 1-27, 5bis, 13bis, 18bis; plates 20\/21 &amp; 25\/26 respectively printed on a single sheet). Contemporary marbled calf, triple blind stamped filet on covers, spine gilt with raised bands, marbled edges (expertly rebacked).","og_url":"https:\/\/clavreuil-wordpress.logiciel-arteo.fr\/en\/forrest-thomas-voyage-aux-moluques-et-a-la-nouvelle-guinee-fait-sur-la-galere-la-tartare-en-1774-1775-1776-par-ordre-de-la-compagnie-angloise\/","og_site_name":"Libairie Clavreuil","article_modified_time":"2024-04-23T17:16:57+00:00","og_image":[{"width":1920,"height":2560,"url":"https:\/\/clavreuil-wordpress.logiciel-arteo.fr\/wp-content\/uploads\/2024\/04\/thomas-forrest-voyage-aux-moluques-et-a-la-nouvelle-guinee-fait-sur-la-galere-la-tartare-en-1774-1775-1776-par-ordre-de-la-compagnie-angloise-8236-65e-scaled.jpg","type":"image\/jpeg"}],"twitter_card":"summary_large_image","twitter_misc":{"Est. reading time":"1 minute"},"schema":{"@context":"https:\/\/schema.org","@graph":[{"@type":"WebPage","@id":"https:\/\/clavreuil-wordpress.logiciel-arteo.fr\/en\/forrest-thomas-voyage-aux-moluques-et-a-la-nouvelle-guinee-fait-sur-la-galere-la-tartare-en-1774-1775-1776-par-ordre-de-la-compagnie-angloise\/","url":"https:\/\/clavreuil-wordpress.logiciel-arteo.fr\/en\/forrest-thomas-voyage-aux-moluques-et-a-la-nouvelle-guinee-fait-sur-la-galere-la-tartare-en-1774-1775-1776-par-ordre-de-la-compagnie-angloise\/","name":"FORREST Thomas Voyage aux Moluques et \u00e0 la Nouvelle Guin\u00e9e, fait sur la gal\u00e8re la Tartare en 1774, 1775 &amp; 1776, par ordre de la compagnie angloise. - Libairie Clavreuil","isPartOf":{"@id":"https:\/\/clavreuil-wordpress.logiciel-arteo.fr\/#website"},"primaryImageOfPage":{"@id":"https:\/\/clavreuil-wordpress.logiciel-arteo.fr\/en\/forrest-thomas-voyage-aux-moluques-et-a-la-nouvelle-guinee-fait-sur-la-galere-la-tartare-en-1774-1775-1776-par-ordre-de-la-compagnie-angloise\/#primaryimage"},"image":{"@id":"https:\/\/clavreuil-wordpress.logiciel-arteo.fr\/en\/forrest-thomas-voyage-aux-moluques-et-a-la-nouvelle-guinee-fait-sur-la-galere-la-tartare-en-1774-1775-1776-par-ordre-de-la-compagnie-angloise\/#primaryimage"},"thumbnailUrl":"https:\/\/clavreuil-wordpress.logiciel-arteo.fr\/wp-content\/uploads\/2024\/04\/thomas-forrest-voyage-aux-moluques-et-a-la-nouvelle-guinee-fait-sur-la-galere-la-tartare-en-1774-1775-1776-par-ordre-de-la-compagnie-angloise-8236-65e-scaled.jpg","datePublished":"2024-04-23T17:16:24+00:00","dateModified":"2024-04-23T17:16:57+00:00","breadcrumb":{"@id":"https:\/\/clavreuil-wordpress.logiciel-arteo.fr\/en\/forrest-thomas-voyage-aux-moluques-et-a-la-nouvelle-guinee-fait-sur-la-galere-la-tartare-en-1774-1775-1776-par-ordre-de-la-compagnie-angloise\/#breadcrumb"},"inLanguage":"en-US","potentialAction":[{"@type":"ReadAction","target":["https:\/\/clavreuil-wordpress.logiciel-arteo.fr\/en\/forrest-thomas-voyage-aux-moluques-et-a-la-nouvelle-guinee-fait-sur-la-galere-la-tartare-en-1774-1775-1776-par-ordre-de-la-compagnie-angloise\/"]}]},{"@type":"ImageObject","inLanguage":"en-US","@id":"https:\/\/clavreuil-wordpress.logiciel-arteo.fr\/en\/forrest-thomas-voyage-aux-moluques-et-a-la-nouvelle-guinee-fait-sur-la-galere-la-tartare-en-1774-1775-1776-par-ordre-de-la-compagnie-angloise\/#primaryimage","url":"https:\/\/clavreuil-wordpress.logiciel-arteo.fr\/wp-content\/uploads\/2024\/04\/thomas-forrest-voyage-aux-moluques-et-a-la-nouvelle-guinee-fait-sur-la-galere-la-tartare-en-1774-1775-1776-par-ordre-de-la-compagnie-angloise-8236-65e-scaled.jpg","contentUrl":"https:\/\/clavreuil-wordpress.logiciel-arteo.fr\/wp-content\/uploads\/2024\/04\/thomas-forrest-voyage-aux-moluques-et-a-la-nouvelle-guinee-fait-sur-la-galere-la-tartare-en-1774-1775-1776-par-ordre-de-la-compagnie-angloise-8236-65e-scaled.jpg","width":1920,"height":2560},{"@type":"BreadcrumbList","@id":"https:\/\/clavreuil-wordpress.logiciel-arteo.fr\/en\/forrest-thomas-voyage-aux-moluques-et-a-la-nouvelle-guinee-fait-sur-la-galere-la-tartare-en-1774-1775-1776-par-ordre-de-la-compagnie-angloise\/#breadcrumb","itemListElement":[{"@type":"ListItem","position":1,"name":"Accueil","item":"https:\/\/clavreuil-wordpress.logiciel-arteo.fr\/"},{"@type":"ListItem","position":2,"name":"All our books","item":"https:\/\/clavreuil-wordpress.logiciel-arteo.fr\/en\/all-our-books\/"},{"@type":"ListItem","position":3,"name":"FORREST Thomas Voyage aux Moluques et \u00e0 la..."}]},{"@type":"WebSite","@id":"https:\/\/clavreuil-wordpress.logiciel-arteo.fr\/#website","url":"https:\/\/clavreuil-wordpress.logiciel-arteo.fr\/","name":"Libairie Clavreuil","description":"","publisher":{"@id":"https:\/\/clavreuil-wordpress.logiciel-arteo.fr\/#organization"},"potentialAction":[{"@type":"SearchAction","target":{"@type":"EntryPoint","urlTemplate":"https:\/\/clavreuil-wordpress.logiciel-arteo.fr\/?s={search_term_string}"},"query-input":{"@type":"PropertyValueSpecification","valueRequired":true,"valueName":"search_term_string"}}],"inLanguage":"en-US"},{"@type":"Organization","@id":"https:\/\/clavreuil-wordpress.logiciel-arteo.fr\/#organization","name":"Libairie Clavreuil","url":"https:\/\/clavreuil-wordpress.logiciel-arteo.fr\/","logo":{"@type":"ImageObject","inLanguage":"en-US","@id":"https:\/\/clavreuil-wordpress.logiciel-arteo.fr\/#\/schema\/logo\/image\/","url":"https:\/\/clavreuil-wordpress.logiciel-arteo.fr\/wp-content\/uploads\/2021\/05\/LOGO_PNG_DATE-_gold.png","contentUrl":"https:\/\/clavreuil-wordpress.logiciel-arteo.fr\/wp-content\/uploads\/2021\/05\/LOGO_PNG_DATE-_gold.png","width":2083,"height":1917,"caption":"Libairie Clavreuil"},"image":{"@id":"https:\/\/clavreuil-wordpress.logiciel-arteo.fr\/#\/schema\/logo\/image\/"}}]}},"_links":{"self":[{"href":"https:\/\/clavreuil-wordpress.logiciel-arteo.fr\/en\/wp-json\/wp\/v2\/product\/74857","targetHints":{"allow":["GET"]}}],"collection":[{"href":"https:\/\/clavreuil-wordpress.logiciel-arteo.fr\/en\/wp-json\/wp\/v2\/product"}],"about":[{"href":"https:\/\/clavreuil-wordpress.logiciel-arteo.fr\/en\/wp-json\/wp\/v2\/types\/product"}],"replies":[{"embeddable":true,"href":"https:\/\/clavreuil-wordpress.logiciel-arteo.fr\/en\/wp-json\/wp\/v2\/comments?post=74857"}],"wp:featuredmedia":[{"embeddable":true,"href":"https:\/\/clavreuil-wordpress.logiciel-arteo.fr\/en\/wp-json\/wp\/v2\/media\/74850"}],"wp:attachment":[{"href":"https:\/\/clavreuil-wordpress.logiciel-arteo.fr\/en\/wp-json\/wp\/v2\/media?parent=74857"}],"wp:term":[{"taxonomy":"product_brand","embeddable":true,"href":"https:\/\/clavreuil-wordpress.logiciel-arteo.fr\/en\/wp-json\/wp\/v2\/product_brand?post=74857"},{"taxonomy":"product_cat","embeddable":true,"href":"https:\/\/clavreuil-wordpress.logiciel-arteo.fr\/en\/wp-json\/wp\/v2\/product_cat?post=74857"},{"taxonomy":"product_tag","embeddable":true,"href":"https:\/\/clavreuil-wordpress.logiciel-arteo.fr\/en\/wp-json\/wp\/v2\/product_tag?post=74857"}],"curies":[{"name":"wp","href":"https:\/\/api.w.org\/{rel}","templated":true}]}}