{"id":74907,"date":"2024-04-24T11:09:42","date_gmt":"2024-04-24T09:09:42","guid":{"rendered":"https:\/\/clavreuil-wordpress.logiciel-arteo.fr\/bernardin-de-saint-pierre-henri-voyage-a-lisle-de-france-a-lisle-de-bourbon-au-cap-de-bonne-esperance-c-avec-des-observations-nouvelles-sur-les-hommes\/"},"modified":"2024-04-24T11:10:21","modified_gmt":"2024-04-24T09:10:21","slug":"bernardin-de-saint-pierre-henri-voyage-a-lisle-de-france-a-lisle-de-bourbon-au-cap-de-bonne-esperance-c-avec-des-observations-nouvelles-sur-les-hommes","status":"publish","type":"product","link":"https:\/\/clavreuil-wordpress.logiciel-arteo.fr\/en\/bernardin-de-saint-pierre-henri-voyage-a-lisle-de-france-a-lisle-de-bourbon-au-cap-de-bonne-esperance-c-avec-des-observations-nouvelles-sur-les-hommes\/","title":{"rendered":"BERNARDIN DE SAINT PIERRE Henri Voyage \u00e0 l&#8217;Isle..."},"content":{"rendered":"<p><em>Cohen, 934 ; Gay, 3264.<\/em><\/p>\n<p>First edition. It is illsutrated with 6 engraved plats including 3 after drawings by Moreau.<\/p>\n<p>Bernardin de Saint-Pierre travelled to Mauritius as an engineer between 1768 and 1771. He had to convince the island&#039;s governor that the primary forests and careful management of agricultural development were necessary to preserve the island&#039;s rich soil and climate, and that the island could only develop sustainably if the environment was respected. In doing so, he founded one of the first nature conservation programmes (now known as ecosystem services). He tried in vain to seduce Fran&ccedil;oise Robin, the young wife of Pierre Poivre, the first intendant of the islands of France and Bourbon. The account of his stay provides interesting observations on the geography, natural history and people of the island&nbsp;: &quot;je croirai avoir &eacute;t&eacute; utile, si le faible tableau du sort des malheureux Noirs peut leur &eacute;pargner un seul coup de fouet, et si les Europ&eacute;ens qui crient en Europe contre la tyrannie &amp; qui font de si beaux trait&eacute;s de morale, cessent d&#039;&ecirc;tre aux Indes des tyrans barbares&quot; (avant-propos).<\/p>\n<p>Good copy.<\/p>\n","protected":false},"excerpt":{"rendered":"<p>2 volumes, 8vo (190 x 118 mm) 2 nn.ll., 328 pp., 4 engraved plates, 8 folding pp. of nautical instructions between pp.100-101 for volume I; 2 nn.ll., 278 pp., 2 engraved folding plates for volume II. Contemporary polished calf, spine gilt with raised bands, gilt cipher &#039;LCH&#039; at foot of spine.<\/p>\n","protected":false},"featured_media":74900,"comment_status":"open","ping_status":"closed","template":"","meta":{"_acf_changed":false},"product_brand":[],"product_cat":[552],"product_tag":[1450,1361],"class_list":{"0":"post-74907","1":"product","2":"type-product","3":"status-publish","4":"has-post-thumbnail","6":"product_cat-travel","7":"product_tag-first-edition","8":"product_tag-mauritius","9":"pa_auteur-henri-bernardin-de-saint-pierre-2","10":"pa_type-de-livre-printed-book","12":"first","13":"instock","14":"shipping-taxable","15":"purchasable","16":"product-type-simple"},"acf":[],"yoast_head":"<!-- This site is optimized with the Yoast SEO plugin v24.3 - https:\/\/yoast.com\/wordpress\/plugins\/seo\/ -->\n<title>BERNARDIN DE SAINT PIERRE Henri Voyage \u00e0 l&#039;Isle de France, \u00e0 l&#039;Isle de Bourbon, au Cap de Bonne-Esp\u00e9rance, &amp;c. avec des observations nouvelles sur les hommes. - Libairie Clavreuil<\/title>\n<meta name=\"robots\" content=\"noindex, follow, max-snippet:-1, max-image-preview:large, max-video-preview:-1\" \/>\n<meta property=\"og:locale\" content=\"en_US\" \/>\n<meta property=\"og:type\" content=\"article\" \/>\n<meta property=\"og:title\" content=\"BERNARDIN DE SAINT PIERRE Henri Voyage \u00e0 l&#039;Isle de France, \u00e0 l&#039;Isle de Bourbon, au Cap de Bonne-Esp\u00e9rance, &amp;c. avec des observations nouvelles sur les hommes. - Libairie Clavreuil\" \/>\n<meta property=\"og:description\" content=\"2 volumes, 8vo (190 x 118 mm) 2 nn.ll., 328 pp., 4 engraved plates, 8 folding pp. of nautical instructions between pp.100-101 for volume I; 2 nn.ll., 278 pp., 2 engraved folding plates for volume II. Contemporary polished calf, spine gilt with raised bands, gilt cipher &#039;LCH&#039; at foot of spine.\" \/>\n<meta property=\"og:url\" content=\"https:\/\/clavreuil-wordpress.logiciel-arteo.fr\/en\/bernardin-de-saint-pierre-henri-voyage-a-lisle-de-france-a-lisle-de-bourbon-au-cap-de-bonne-esperance-c-avec-des-observations-nouvelles-sur-les-hommes\/\" \/>\n<meta property=\"og:site_name\" content=\"Libairie Clavreuil\" \/>\n<meta property=\"article:modified_time\" content=\"2024-04-24T09:10:21+00:00\" \/>\n<meta property=\"og:image\" content=\"https:\/\/clavreuil-wordpress.logiciel-arteo.fr\/wp-content\/uploads\/2024\/04\/henri-bernardin-de-saint-pierre-voyage-a-l-isle-de-france-a-l-isle-de-bourbon-au-cap-de-bonne-esperance-c-avec-des-observations-nouvelles-sur-les-homm-scaled.jpg\" \/>\n\t<meta property=\"og:image:width\" content=\"1920\" \/>\n\t<meta property=\"og:image:height\" content=\"2560\" \/>\n\t<meta property=\"og:image:type\" content=\"image\/jpeg\" \/>\n<meta name=\"twitter:card\" content=\"summary_large_image\" \/>\n<meta name=\"twitter:label1\" content=\"Est. reading time\" \/>\n\t<meta name=\"twitter:data1\" content=\"1 minute\" \/>\n<script type=\"application\/ld+json\" class=\"yoast-schema-graph\">{\"@context\":\"https:\/\/schema.org\",\"@graph\":[{\"@type\":\"WebPage\",\"@id\":\"https:\/\/clavreuil-wordpress.logiciel-arteo.fr\/en\/bernardin-de-saint-pierre-henri-voyage-a-lisle-de-france-a-lisle-de-bourbon-au-cap-de-bonne-esperance-c-avec-des-observations-nouvelles-sur-les-hommes\/\",\"url\":\"https:\/\/clavreuil-wordpress.logiciel-arteo.fr\/en\/bernardin-de-saint-pierre-henri-voyage-a-lisle-de-france-a-lisle-de-bourbon-au-cap-de-bonne-esperance-c-avec-des-observations-nouvelles-sur-les-hommes\/\",\"name\":\"BERNARDIN DE SAINT PIERRE Henri Voyage \u00e0 l'Isle de France, \u00e0 l'Isle de Bourbon, au Cap de Bonne-Esp\u00e9rance, &amp;c. avec des observations nouvelles sur les hommes. - Libairie Clavreuil\",\"isPartOf\":{\"@id\":\"https:\/\/clavreuil-wordpress.logiciel-arteo.fr\/#website\"},\"primaryImageOfPage\":{\"@id\":\"https:\/\/clavreuil-wordpress.logiciel-arteo.fr\/en\/bernardin-de-saint-pierre-henri-voyage-a-lisle-de-france-a-lisle-de-bourbon-au-cap-de-bonne-esperance-c-avec-des-observations-nouvelles-sur-les-hommes\/#primaryimage\"},\"image\":{\"@id\":\"https:\/\/clavreuil-wordpress.logiciel-arteo.fr\/en\/bernardin-de-saint-pierre-henri-voyage-a-lisle-de-france-a-lisle-de-bourbon-au-cap-de-bonne-esperance-c-avec-des-observations-nouvelles-sur-les-hommes\/#primaryimage\"},\"thumbnailUrl\":\"https:\/\/clavreuil-wordpress.logiciel-arteo.fr\/wp-content\/uploads\/2024\/04\/henri-bernardin-de-saint-pierre-voyage-a-l-isle-de-france-a-l-isle-de-bourbon-au-cap-de-bonne-esperance-c-avec-des-observations-nouvelles-sur-les-homm-scaled.jpg\",\"datePublished\":\"2024-04-24T09:09:42+00:00\",\"dateModified\":\"2024-04-24T09:10:21+00:00\",\"breadcrumb\":{\"@id\":\"https:\/\/clavreuil-wordpress.logiciel-arteo.fr\/en\/bernardin-de-saint-pierre-henri-voyage-a-lisle-de-france-a-lisle-de-bourbon-au-cap-de-bonne-esperance-c-avec-des-observations-nouvelles-sur-les-hommes\/#breadcrumb\"},\"inLanguage\":\"en-US\",\"potentialAction\":[{\"@type\":\"ReadAction\",\"target\":[\"https:\/\/clavreuil-wordpress.logiciel-arteo.fr\/en\/bernardin-de-saint-pierre-henri-voyage-a-lisle-de-france-a-lisle-de-bourbon-au-cap-de-bonne-esperance-c-avec-des-observations-nouvelles-sur-les-hommes\/\"]}]},{\"@type\":\"ImageObject\",\"inLanguage\":\"en-US\",\"@id\":\"https:\/\/clavreuil-wordpress.logiciel-arteo.fr\/en\/bernardin-de-saint-pierre-henri-voyage-a-lisle-de-france-a-lisle-de-bourbon-au-cap-de-bonne-esperance-c-avec-des-observations-nouvelles-sur-les-hommes\/#primaryimage\",\"url\":\"https:\/\/clavreuil-wordpress.logiciel-arteo.fr\/wp-content\/uploads\/2024\/04\/henri-bernardin-de-saint-pierre-voyage-a-l-isle-de-france-a-l-isle-de-bourbon-au-cap-de-bonne-esperance-c-avec-des-observations-nouvelles-sur-les-homm-scaled.jpg\",\"contentUrl\":\"https:\/\/clavreuil-wordpress.logiciel-arteo.fr\/wp-content\/uploads\/2024\/04\/henri-bernardin-de-saint-pierre-voyage-a-l-isle-de-france-a-l-isle-de-bourbon-au-cap-de-bonne-esperance-c-avec-des-observations-nouvelles-sur-les-homm-scaled.jpg\",\"width\":1920,\"height\":2560},{\"@type\":\"BreadcrumbList\",\"@id\":\"https:\/\/clavreuil-wordpress.logiciel-arteo.fr\/en\/bernardin-de-saint-pierre-henri-voyage-a-lisle-de-france-a-lisle-de-bourbon-au-cap-de-bonne-esperance-c-avec-des-observations-nouvelles-sur-les-hommes\/#breadcrumb\",\"itemListElement\":[{\"@type\":\"ListItem\",\"position\":1,\"name\":\"Accueil\",\"item\":\"https:\/\/clavreuil-wordpress.logiciel-arteo.fr\/\"},{\"@type\":\"ListItem\",\"position\":2,\"name\":\"All our books\",\"item\":\"https:\/\/clavreuil-wordpress.logiciel-arteo.fr\/en\/all-our-books\/\"},{\"@type\":\"ListItem\",\"position\":3,\"name\":\"BERNARDIN DE SAINT PIERRE Henri Voyage \u00e0 l&#8217;Isle...\"}]},{\"@type\":\"WebSite\",\"@id\":\"https:\/\/clavreuil-wordpress.logiciel-arteo.fr\/#website\",\"url\":\"https:\/\/clavreuil-wordpress.logiciel-arteo.fr\/\",\"name\":\"Libairie Clavreuil\",\"description\":\"\",\"publisher\":{\"@id\":\"https:\/\/clavreuil-wordpress.logiciel-arteo.fr\/#organization\"},\"potentialAction\":[{\"@type\":\"SearchAction\",\"target\":{\"@type\":\"EntryPoint\",\"urlTemplate\":\"https:\/\/clavreuil-wordpress.logiciel-arteo.fr\/?s={search_term_string}\"},\"query-input\":{\"@type\":\"PropertyValueSpecification\",\"valueRequired\":true,\"valueName\":\"search_term_string\"}}],\"inLanguage\":\"en-US\"},{\"@type\":\"Organization\",\"@id\":\"https:\/\/clavreuil-wordpress.logiciel-arteo.fr\/#organization\",\"name\":\"Libairie Clavreuil\",\"url\":\"https:\/\/clavreuil-wordpress.logiciel-arteo.fr\/\",\"logo\":{\"@type\":\"ImageObject\",\"inLanguage\":\"en-US\",\"@id\":\"https:\/\/clavreuil-wordpress.logiciel-arteo.fr\/#\/schema\/logo\/image\/\",\"url\":\"https:\/\/clavreuil-wordpress.logiciel-arteo.fr\/wp-content\/uploads\/2021\/05\/LOGO_PNG_DATE-_gold.png\",\"contentUrl\":\"https:\/\/clavreuil-wordpress.logiciel-arteo.fr\/wp-content\/uploads\/2021\/05\/LOGO_PNG_DATE-_gold.png\",\"width\":2083,\"height\":1917,\"caption\":\"Libairie Clavreuil\"},\"image\":{\"@id\":\"https:\/\/clavreuil-wordpress.logiciel-arteo.fr\/#\/schema\/logo\/image\/\"}}]}<\/script>\n<!-- \/ Yoast SEO plugin. -->","yoast_head_json":{"title":"BERNARDIN DE SAINT PIERRE Henri Voyage \u00e0 l'Isle de France, \u00e0 l'Isle de Bourbon, au Cap de Bonne-Esp\u00e9rance, &amp;c. avec des observations nouvelles sur les hommes. - Libairie Clavreuil","robots":{"index":"noindex","follow":"follow","max-snippet":"max-snippet:-1","max-image-preview":"max-image-preview:large","max-video-preview":"max-video-preview:-1"},"og_locale":"en_US","og_type":"article","og_title":"BERNARDIN DE SAINT PIERRE Henri Voyage \u00e0 l'Isle de France, \u00e0 l'Isle de Bourbon, au Cap de Bonne-Esp\u00e9rance, &amp;c. avec des observations nouvelles sur les hommes. - Libairie Clavreuil","og_description":"2 volumes, 8vo (190 x 118 mm) 2 nn.ll., 328 pp., 4 engraved plates, 8 folding pp. of nautical instructions between pp.100-101 for volume I; 2 nn.ll., 278 pp., 2 engraved folding plates for volume II. Contemporary polished calf, spine gilt with raised bands, gilt cipher &#039;LCH&#039; at foot of spine.","og_url":"https:\/\/clavreuil-wordpress.logiciel-arteo.fr\/en\/bernardin-de-saint-pierre-henri-voyage-a-lisle-de-france-a-lisle-de-bourbon-au-cap-de-bonne-esperance-c-avec-des-observations-nouvelles-sur-les-hommes\/","og_site_name":"Libairie Clavreuil","article_modified_time":"2024-04-24T09:10:21+00:00","og_image":[{"width":1920,"height":2560,"url":"https:\/\/clavreuil-wordpress.logiciel-arteo.fr\/wp-content\/uploads\/2024\/04\/henri-bernardin-de-saint-pierre-voyage-a-l-isle-de-france-a-l-isle-de-bourbon-au-cap-de-bonne-esperance-c-avec-des-observations-nouvelles-sur-les-homm-scaled.jpg","type":"image\/jpeg"}],"twitter_card":"summary_large_image","twitter_misc":{"Est. reading time":"1 minute"},"schema":{"@context":"https:\/\/schema.org","@graph":[{"@type":"WebPage","@id":"https:\/\/clavreuil-wordpress.logiciel-arteo.fr\/en\/bernardin-de-saint-pierre-henri-voyage-a-lisle-de-france-a-lisle-de-bourbon-au-cap-de-bonne-esperance-c-avec-des-observations-nouvelles-sur-les-hommes\/","url":"https:\/\/clavreuil-wordpress.logiciel-arteo.fr\/en\/bernardin-de-saint-pierre-henri-voyage-a-lisle-de-france-a-lisle-de-bourbon-au-cap-de-bonne-esperance-c-avec-des-observations-nouvelles-sur-les-hommes\/","name":"BERNARDIN DE SAINT PIERRE Henri Voyage \u00e0 l'Isle de France, \u00e0 l'Isle de Bourbon, au Cap de Bonne-Esp\u00e9rance, &amp;c. avec des observations nouvelles sur les hommes. - Libairie Clavreuil","isPartOf":{"@id":"https:\/\/clavreuil-wordpress.logiciel-arteo.fr\/#website"},"primaryImageOfPage":{"@id":"https:\/\/clavreuil-wordpress.logiciel-arteo.fr\/en\/bernardin-de-saint-pierre-henri-voyage-a-lisle-de-france-a-lisle-de-bourbon-au-cap-de-bonne-esperance-c-avec-des-observations-nouvelles-sur-les-hommes\/#primaryimage"},"image":{"@id":"https:\/\/clavreuil-wordpress.logiciel-arteo.fr\/en\/bernardin-de-saint-pierre-henri-voyage-a-lisle-de-france-a-lisle-de-bourbon-au-cap-de-bonne-esperance-c-avec-des-observations-nouvelles-sur-les-hommes\/#primaryimage"},"thumbnailUrl":"https:\/\/clavreuil-wordpress.logiciel-arteo.fr\/wp-content\/uploads\/2024\/04\/henri-bernardin-de-saint-pierre-voyage-a-l-isle-de-france-a-l-isle-de-bourbon-au-cap-de-bonne-esperance-c-avec-des-observations-nouvelles-sur-les-homm-scaled.jpg","datePublished":"2024-04-24T09:09:42+00:00","dateModified":"2024-04-24T09:10:21+00:00","breadcrumb":{"@id":"https:\/\/clavreuil-wordpress.logiciel-arteo.fr\/en\/bernardin-de-saint-pierre-henri-voyage-a-lisle-de-france-a-lisle-de-bourbon-au-cap-de-bonne-esperance-c-avec-des-observations-nouvelles-sur-les-hommes\/#breadcrumb"},"inLanguage":"en-US","potentialAction":[{"@type":"ReadAction","target":["https:\/\/clavreuil-wordpress.logiciel-arteo.fr\/en\/bernardin-de-saint-pierre-henri-voyage-a-lisle-de-france-a-lisle-de-bourbon-au-cap-de-bonne-esperance-c-avec-des-observations-nouvelles-sur-les-hommes\/"]}]},{"@type":"ImageObject","inLanguage":"en-US","@id":"https:\/\/clavreuil-wordpress.logiciel-arteo.fr\/en\/bernardin-de-saint-pierre-henri-voyage-a-lisle-de-france-a-lisle-de-bourbon-au-cap-de-bonne-esperance-c-avec-des-observations-nouvelles-sur-les-hommes\/#primaryimage","url":"https:\/\/clavreuil-wordpress.logiciel-arteo.fr\/wp-content\/uploads\/2024\/04\/henri-bernardin-de-saint-pierre-voyage-a-l-isle-de-france-a-l-isle-de-bourbon-au-cap-de-bonne-esperance-c-avec-des-observations-nouvelles-sur-les-homm-scaled.jpg","contentUrl":"https:\/\/clavreuil-wordpress.logiciel-arteo.fr\/wp-content\/uploads\/2024\/04\/henri-bernardin-de-saint-pierre-voyage-a-l-isle-de-france-a-l-isle-de-bourbon-au-cap-de-bonne-esperance-c-avec-des-observations-nouvelles-sur-les-homm-scaled.jpg","width":1920,"height":2560},{"@type":"BreadcrumbList","@id":"https:\/\/clavreuil-wordpress.logiciel-arteo.fr\/en\/bernardin-de-saint-pierre-henri-voyage-a-lisle-de-france-a-lisle-de-bourbon-au-cap-de-bonne-esperance-c-avec-des-observations-nouvelles-sur-les-hommes\/#breadcrumb","itemListElement":[{"@type":"ListItem","position":1,"name":"Accueil","item":"https:\/\/clavreuil-wordpress.logiciel-arteo.fr\/"},{"@type":"ListItem","position":2,"name":"All our books","item":"https:\/\/clavreuil-wordpress.logiciel-arteo.fr\/en\/all-our-books\/"},{"@type":"ListItem","position":3,"name":"BERNARDIN DE SAINT PIERRE Henri Voyage \u00e0 l&#8217;Isle..."}]},{"@type":"WebSite","@id":"https:\/\/clavreuil-wordpress.logiciel-arteo.fr\/#website","url":"https:\/\/clavreuil-wordpress.logiciel-arteo.fr\/","name":"Libairie Clavreuil","description":"","publisher":{"@id":"https:\/\/clavreuil-wordpress.logiciel-arteo.fr\/#organization"},"potentialAction":[{"@type":"SearchAction","target":{"@type":"EntryPoint","urlTemplate":"https:\/\/clavreuil-wordpress.logiciel-arteo.fr\/?s={search_term_string}"},"query-input":{"@type":"PropertyValueSpecification","valueRequired":true,"valueName":"search_term_string"}}],"inLanguage":"en-US"},{"@type":"Organization","@id":"https:\/\/clavreuil-wordpress.logiciel-arteo.fr\/#organization","name":"Libairie Clavreuil","url":"https:\/\/clavreuil-wordpress.logiciel-arteo.fr\/","logo":{"@type":"ImageObject","inLanguage":"en-US","@id":"https:\/\/clavreuil-wordpress.logiciel-arteo.fr\/#\/schema\/logo\/image\/","url":"https:\/\/clavreuil-wordpress.logiciel-arteo.fr\/wp-content\/uploads\/2021\/05\/LOGO_PNG_DATE-_gold.png","contentUrl":"https:\/\/clavreuil-wordpress.logiciel-arteo.fr\/wp-content\/uploads\/2021\/05\/LOGO_PNG_DATE-_gold.png","width":2083,"height":1917,"caption":"Libairie Clavreuil"},"image":{"@id":"https:\/\/clavreuil-wordpress.logiciel-arteo.fr\/#\/schema\/logo\/image\/"}}]}},"_links":{"self":[{"href":"https:\/\/clavreuil-wordpress.logiciel-arteo.fr\/en\/wp-json\/wp\/v2\/product\/74907","targetHints":{"allow":["GET"]}}],"collection":[{"href":"https:\/\/clavreuil-wordpress.logiciel-arteo.fr\/en\/wp-json\/wp\/v2\/product"}],"about":[{"href":"https:\/\/clavreuil-wordpress.logiciel-arteo.fr\/en\/wp-json\/wp\/v2\/types\/product"}],"replies":[{"embeddable":true,"href":"https:\/\/clavreuil-wordpress.logiciel-arteo.fr\/en\/wp-json\/wp\/v2\/comments?post=74907"}],"wp:featuredmedia":[{"embeddable":true,"href":"https:\/\/clavreuil-wordpress.logiciel-arteo.fr\/en\/wp-json\/wp\/v2\/media\/74900"}],"wp:attachment":[{"href":"https:\/\/clavreuil-wordpress.logiciel-arteo.fr\/en\/wp-json\/wp\/v2\/media?parent=74907"}],"wp:term":[{"taxonomy":"product_brand","embeddable":true,"href":"https:\/\/clavreuil-wordpress.logiciel-arteo.fr\/en\/wp-json\/wp\/v2\/product_brand?post=74907"},{"taxonomy":"product_cat","embeddable":true,"href":"https:\/\/clavreuil-wordpress.logiciel-arteo.fr\/en\/wp-json\/wp\/v2\/product_cat?post=74907"},{"taxonomy":"product_tag","embeddable":true,"href":"https:\/\/clavreuil-wordpress.logiciel-arteo.fr\/en\/wp-json\/wp\/v2\/product_tag?post=74907"}],"curies":[{"name":"wp","href":"https:\/\/api.w.org\/{rel}","templated":true}]}}