{"id":74928,"date":"2024-04-24T11:11:37","date_gmt":"2024-04-24T09:11:37","guid":{"rendered":"https:\/\/clavreuil-wordpress.logiciel-arteo.fr\/pages-pierre-marie-francois-de-voyages-autour-du-monde-et-vers-les-deux-poles-par-terre-et-par-mer-pendant-les-annees-1767-1768-1769-1770-1771-1773-1774-1776\/"},"modified":"2024-04-24T11:12:19","modified_gmt":"2024-04-24T09:12:19","slug":"pages-pierre-marie-francois-de-voyages-autour-du-monde-et-vers-les-deux-poles-par-terre-et-par-mer-pendant-les-annees-1767-1768-1769-1770-1771-1773-1774-1776","status":"publish","type":"product","link":"https:\/\/clavreuil-wordpress.logiciel-arteo.fr\/en\/pages-pierre-marie-francois-de-voyages-autour-du-monde-et-vers-les-deux-poles-par-terre-et-par-mer-pendant-les-annees-1767-1768-1769-1770-1771-1773-1774-1776\/","title":{"rendered":"PAGES Pierre-Marie Fran\u00e7ois de Voyages autour du monde,..."},"content":{"rendered":"<p style=\"text-align:justify\"><em>Chadenat, 655 ; Howgego, P7 ; voir Hill, 1285 (for the English translation of 1791-1792) ; Taillemite, dictionnaire des marins fran&ccedil;ais, p. 257-258.<\/em><\/p>\n<p style=\"text-align:justify\">First edition.<\/p>\n<p style=\"text-align:justify\">Fran&ccedil;ois de Pag&egrave;s (1740-1792), officer, sailor and adventurer, joined the Marine Guards in 1757 where he served on the Triton in the Mediterranean. He moved to the Souverain in 1759, and in 1765 was on the Gracieuse, where he took part in the bombardment of Larache against privateers. He was struck off the lists in 1767 for having disembarked without permission.<\/p>\n<p style=\"text-align:justify\">Viscount Pag&egrave;s then decided to sail around the world. The first volume contains the account of this expedition, first through Louisiana, to New Orleans, on the Mississippi, to Natchitoches, then Mexico, via San Antonio, the R&iacute;o Bravo, Sartille, Mexico, Chilpancingo ; From Acapulco, he reached the Philippines and Indonesia, visiting Manila, Java and Batavia (Jakarta), then Bombay and Surat in India; he continued through Happy Arabia, Desert Arabia, Persia, Basra, Damascus and Lebanon, before crossing the Mediterranean from Saint-Jean d&#039;Acre to Marseille, stopping off at Rhodes, Malta, Tunis and Sardinia. The second volume tells the story of his polar voyage under the command of Kergueulen to the South Pole in 1773-1774, followed by the second to the North Pole in 1776. One of the plates, drawn by Fossier, shows the butchering of a whale.<\/p>\n<p style=\"text-align:justify\">&quot;Son Voyage autour du monde pr&eacute;sente un int&eacute;r&ecirc;t tout particulier en ce qu&#039;il r&eacute;v&egrave;le un voyageur cherchant &agrave; s&#039;ins&eacute;rer dans les soci&eacute;t&eacute;s qu&#039;il visite et annon&ccedil;ant ainsi les ethnologues modernes&quot; (Taillemite). &quot;Pag&egrave;s&#039; Voyage autour du monde also contains an account of his adventures with the unsuccessful second voyage of Yves-Joseph de Kerguelen-Tremarec toward the South Pole in search of &#039;Terra Australis Incognita&#039;, as well as his experiences on an expedition of a Dutch whaler to Spitzbergen, with a detailed account of whaling and the natural history of the whale&quot; (Howgego).<\/p>\n<p style=\"text-align:justify\">&quot;The first is Pag&egrave;s&rsquo;s account of his adventures during Yves-Joseph Kergu&eacute;len-Tr&eacute;marec&rsquo;s unsuccessful second voyage to the South Pole in search of Terra Australis Incongnita. On his return to France, Kergu&eacute;len was dismissed and imprisoned. Pag&egrave;s was careful not to mention the name of the captain in his text. In the second narrative, Pag&egrave;s relates his experiences while on an expedition of a Dutch whaler to Spitzbergen, including a detailed account of whaling and the natural history of the whale&quot; (Hill).<\/p>\n<p style=\"text-align:justify\">A good, complete copy. Fine restoration to spines.<\/p>\n","protected":false},"excerpt":{"rendered":"<p>2 volumes, 8vo (200 x 123 mm) of 432 pp. for volume I; 272 pp, 10 folding engraved plates (numbered 1 to 9, and one without number) for volume II. Green half calf, spine gilt with raised bands, marbled edges (<em>19th century binding<\/em>).<\/p>\n","protected":false},"featured_media":74921,"comment_status":"open","ping_status":"closed","template":"","meta":{"_acf_changed":false},"product_brand":[],"product_cat":[552],"product_tag":[1407,1450,1380,1384,1372],"class_list":{"0":"post-74928","1":"product","2":"type-product","3":"status-publish","4":"has-post-thumbnail","6":"product_cat-travel","7":"product_tag-circum-2","8":"product_tag-first-edition","9":"product_tag-general-south-america","10":"product_tag-india","11":"product_tag-general-north-america","12":"pa_auteur-pierre-marie-francois-de-pages-2","13":"pa_type-de-livre-printed-book","15":"first","16":"instock","17":"shipping-taxable","18":"purchasable","19":"product-type-simple"},"acf":[],"yoast_head":"<!-- This site is optimized with the Yoast SEO plugin v24.3 - https:\/\/yoast.com\/wordpress\/plugins\/seo\/ -->\n<title>PAGES Pierre-Marie Fran\u00e7ois de Voyages autour du monde, et vers les deux p\u00f4les, par terre et par mer, pendant les ann\u00e9es, 1767, 1768, 1769, 1770, 1771, 1773, 1774 &amp; 1776. - Libairie Clavreuil<\/title>\n<meta name=\"robots\" content=\"noindex, follow, max-snippet:-1, max-image-preview:large, max-video-preview:-1\" \/>\n<meta property=\"og:locale\" content=\"en_US\" \/>\n<meta property=\"og:type\" content=\"article\" \/>\n<meta property=\"og:title\" content=\"PAGES Pierre-Marie Fran\u00e7ois de Voyages autour du monde, et vers les deux p\u00f4les, par terre et par mer, pendant les ann\u00e9es, 1767, 1768, 1769, 1770, 1771, 1773, 1774 &amp; 1776. - Libairie Clavreuil\" \/>\n<meta property=\"og:description\" content=\"2 volumes, 8vo (200 x 123 mm) of 432 pp. for volume I; 272 pp, 10 folding engraved plates (numbered 1 to 9, and one without number) for volume II. Green half calf, spine gilt with raised bands, marbled edges (19th century binding).\" \/>\n<meta property=\"og:url\" content=\"https:\/\/clavreuil-wordpress.logiciel-arteo.fr\/en\/pages-pierre-marie-francois-de-voyages-autour-du-monde-et-vers-les-deux-poles-par-terre-et-par-mer-pendant-les-annees-1767-1768-1769-1770-1771-1773-1774-1776\/\" \/>\n<meta property=\"og:site_name\" content=\"Libairie Clavreuil\" \/>\n<meta property=\"article:modified_time\" content=\"2024-04-24T09:12:19+00:00\" \/>\n<meta property=\"og:image\" content=\"https:\/\/clavreuil-wordpress.logiciel-arteo.fr\/wp-content\/uploads\/2024\/04\/pierre-marie-francois-de-pages-voyages-autour-du-monde-et-vers-les-deux-poles-par-terre-et-par-mer-pendant-les-annees-1767-1768-1769-1770-1771-1773-17-1024x732.jpg\" \/>\n\t<meta property=\"og:image:width\" content=\"1024\" \/>\n\t<meta property=\"og:image:height\" content=\"732\" \/>\n\t<meta property=\"og:image:type\" content=\"image\/jpeg\" \/>\n<meta name=\"twitter:card\" content=\"summary_large_image\" \/>\n<meta name=\"twitter:label1\" content=\"Est. reading time\" \/>\n\t<meta name=\"twitter:data1\" content=\"2 minutes\" \/>\n<script type=\"application\/ld+json\" class=\"yoast-schema-graph\">{\"@context\":\"https:\/\/schema.org\",\"@graph\":[{\"@type\":\"WebPage\",\"@id\":\"https:\/\/clavreuil-wordpress.logiciel-arteo.fr\/en\/pages-pierre-marie-francois-de-voyages-autour-du-monde-et-vers-les-deux-poles-par-terre-et-par-mer-pendant-les-annees-1767-1768-1769-1770-1771-1773-1774-1776\/\",\"url\":\"https:\/\/clavreuil-wordpress.logiciel-arteo.fr\/en\/pages-pierre-marie-francois-de-voyages-autour-du-monde-et-vers-les-deux-poles-par-terre-et-par-mer-pendant-les-annees-1767-1768-1769-1770-1771-1773-1774-1776\/\",\"name\":\"PAGES Pierre-Marie Fran\u00e7ois de Voyages autour du monde, et vers les deux p\u00f4les, par terre et par mer, pendant les ann\u00e9es, 1767, 1768, 1769, 1770, 1771, 1773, 1774 &amp; 1776. - Libairie Clavreuil\",\"isPartOf\":{\"@id\":\"https:\/\/clavreuil-wordpress.logiciel-arteo.fr\/#website\"},\"primaryImageOfPage\":{\"@id\":\"https:\/\/clavreuil-wordpress.logiciel-arteo.fr\/en\/pages-pierre-marie-francois-de-voyages-autour-du-monde-et-vers-les-deux-poles-par-terre-et-par-mer-pendant-les-annees-1767-1768-1769-1770-1771-1773-1774-1776\/#primaryimage\"},\"image\":{\"@id\":\"https:\/\/clavreuil-wordpress.logiciel-arteo.fr\/en\/pages-pierre-marie-francois-de-voyages-autour-du-monde-et-vers-les-deux-poles-par-terre-et-par-mer-pendant-les-annees-1767-1768-1769-1770-1771-1773-1774-1776\/#primaryimage\"},\"thumbnailUrl\":\"https:\/\/clavreuil-wordpress.logiciel-arteo.fr\/wp-content\/uploads\/2024\/04\/pierre-marie-francois-de-pages-voyages-autour-du-monde-et-vers-les-deux-poles-par-terre-et-par-mer-pendant-les-annees-1767-1768-1769-1770-1771-1773-17.jpg\",\"datePublished\":\"2024-04-24T09:11:37+00:00\",\"dateModified\":\"2024-04-24T09:12:19+00:00\",\"breadcrumb\":{\"@id\":\"https:\/\/clavreuil-wordpress.logiciel-arteo.fr\/en\/pages-pierre-marie-francois-de-voyages-autour-du-monde-et-vers-les-deux-poles-par-terre-et-par-mer-pendant-les-annees-1767-1768-1769-1770-1771-1773-1774-1776\/#breadcrumb\"},\"inLanguage\":\"en-US\",\"potentialAction\":[{\"@type\":\"ReadAction\",\"target\":[\"https:\/\/clavreuil-wordpress.logiciel-arteo.fr\/en\/pages-pierre-marie-francois-de-voyages-autour-du-monde-et-vers-les-deux-poles-par-terre-et-par-mer-pendant-les-annees-1767-1768-1769-1770-1771-1773-1774-1776\/\"]}]},{\"@type\":\"ImageObject\",\"inLanguage\":\"en-US\",\"@id\":\"https:\/\/clavreuil-wordpress.logiciel-arteo.fr\/en\/pages-pierre-marie-francois-de-voyages-autour-du-monde-et-vers-les-deux-poles-par-terre-et-par-mer-pendant-les-annees-1767-1768-1769-1770-1771-1773-1774-1776\/#primaryimage\",\"url\":\"https:\/\/clavreuil-wordpress.logiciel-arteo.fr\/wp-content\/uploads\/2024\/04\/pierre-marie-francois-de-pages-voyages-autour-du-monde-et-vers-les-deux-poles-par-terre-et-par-mer-pendant-les-annees-1767-1768-1769-1770-1771-1773-17.jpg\",\"contentUrl\":\"https:\/\/clavreuil-wordpress.logiciel-arteo.fr\/wp-content\/uploads\/2024\/04\/pierre-marie-francois-de-pages-voyages-autour-du-monde-et-vers-les-deux-poles-par-terre-et-par-mer-pendant-les-annees-1767-1768-1769-1770-1771-1773-17.jpg\",\"width\":2314,\"height\":1655},{\"@type\":\"BreadcrumbList\",\"@id\":\"https:\/\/clavreuil-wordpress.logiciel-arteo.fr\/en\/pages-pierre-marie-francois-de-voyages-autour-du-monde-et-vers-les-deux-poles-par-terre-et-par-mer-pendant-les-annees-1767-1768-1769-1770-1771-1773-1774-1776\/#breadcrumb\",\"itemListElement\":[{\"@type\":\"ListItem\",\"position\":1,\"name\":\"Accueil\",\"item\":\"https:\/\/clavreuil-wordpress.logiciel-arteo.fr\/\"},{\"@type\":\"ListItem\",\"position\":2,\"name\":\"All our books\",\"item\":\"https:\/\/clavreuil-wordpress.logiciel-arteo.fr\/en\/all-our-books\/\"},{\"@type\":\"ListItem\",\"position\":3,\"name\":\"PAGES Pierre-Marie Fran\u00e7ois de Voyages autour du monde,...\"}]},{\"@type\":\"WebSite\",\"@id\":\"https:\/\/clavreuil-wordpress.logiciel-arteo.fr\/#website\",\"url\":\"https:\/\/clavreuil-wordpress.logiciel-arteo.fr\/\",\"name\":\"Libairie Clavreuil\",\"description\":\"\",\"publisher\":{\"@id\":\"https:\/\/clavreuil-wordpress.logiciel-arteo.fr\/#organization\"},\"potentialAction\":[{\"@type\":\"SearchAction\",\"target\":{\"@type\":\"EntryPoint\",\"urlTemplate\":\"https:\/\/clavreuil-wordpress.logiciel-arteo.fr\/?s={search_term_string}\"},\"query-input\":{\"@type\":\"PropertyValueSpecification\",\"valueRequired\":true,\"valueName\":\"search_term_string\"}}],\"inLanguage\":\"en-US\"},{\"@type\":\"Organization\",\"@id\":\"https:\/\/clavreuil-wordpress.logiciel-arteo.fr\/#organization\",\"name\":\"Libairie Clavreuil\",\"url\":\"https:\/\/clavreuil-wordpress.logiciel-arteo.fr\/\",\"logo\":{\"@type\":\"ImageObject\",\"inLanguage\":\"en-US\",\"@id\":\"https:\/\/clavreuil-wordpress.logiciel-arteo.fr\/#\/schema\/logo\/image\/\",\"url\":\"https:\/\/clavreuil-wordpress.logiciel-arteo.fr\/wp-content\/uploads\/2021\/05\/LOGO_PNG_DATE-_gold.png\",\"contentUrl\":\"https:\/\/clavreuil-wordpress.logiciel-arteo.fr\/wp-content\/uploads\/2021\/05\/LOGO_PNG_DATE-_gold.png\",\"width\":2083,\"height\":1917,\"caption\":\"Libairie Clavreuil\"},\"image\":{\"@id\":\"https:\/\/clavreuil-wordpress.logiciel-arteo.fr\/#\/schema\/logo\/image\/\"}}]}<\/script>\n<!-- \/ Yoast SEO plugin. -->","yoast_head_json":{"title":"PAGES Pierre-Marie Fran\u00e7ois de Voyages autour du monde, et vers les deux p\u00f4les, par terre et par mer, pendant les ann\u00e9es, 1767, 1768, 1769, 1770, 1771, 1773, 1774 &amp; 1776. - Libairie Clavreuil","robots":{"index":"noindex","follow":"follow","max-snippet":"max-snippet:-1","max-image-preview":"max-image-preview:large","max-video-preview":"max-video-preview:-1"},"og_locale":"en_US","og_type":"article","og_title":"PAGES Pierre-Marie Fran\u00e7ois de Voyages autour du monde, et vers les deux p\u00f4les, par terre et par mer, pendant les ann\u00e9es, 1767, 1768, 1769, 1770, 1771, 1773, 1774 &amp; 1776. - Libairie Clavreuil","og_description":"2 volumes, 8vo (200 x 123 mm) of 432 pp. for volume I; 272 pp, 10 folding engraved plates (numbered 1 to 9, and one without number) for volume II. Green half calf, spine gilt with raised bands, marbled edges (19th century binding).","og_url":"https:\/\/clavreuil-wordpress.logiciel-arteo.fr\/en\/pages-pierre-marie-francois-de-voyages-autour-du-monde-et-vers-les-deux-poles-par-terre-et-par-mer-pendant-les-annees-1767-1768-1769-1770-1771-1773-1774-1776\/","og_site_name":"Libairie Clavreuil","article_modified_time":"2024-04-24T09:12:19+00:00","og_image":[{"width":1024,"height":732,"url":"https:\/\/clavreuil-wordpress.logiciel-arteo.fr\/wp-content\/uploads\/2024\/04\/pierre-marie-francois-de-pages-voyages-autour-du-monde-et-vers-les-deux-poles-par-terre-et-par-mer-pendant-les-annees-1767-1768-1769-1770-1771-1773-17-1024x732.jpg","type":"image\/jpeg"}],"twitter_card":"summary_large_image","twitter_misc":{"Est. reading time":"2 minutes"},"schema":{"@context":"https:\/\/schema.org","@graph":[{"@type":"WebPage","@id":"https:\/\/clavreuil-wordpress.logiciel-arteo.fr\/en\/pages-pierre-marie-francois-de-voyages-autour-du-monde-et-vers-les-deux-poles-par-terre-et-par-mer-pendant-les-annees-1767-1768-1769-1770-1771-1773-1774-1776\/","url":"https:\/\/clavreuil-wordpress.logiciel-arteo.fr\/en\/pages-pierre-marie-francois-de-voyages-autour-du-monde-et-vers-les-deux-poles-par-terre-et-par-mer-pendant-les-annees-1767-1768-1769-1770-1771-1773-1774-1776\/","name":"PAGES Pierre-Marie Fran\u00e7ois de Voyages autour du monde, et vers les deux p\u00f4les, par terre et par mer, pendant les ann\u00e9es, 1767, 1768, 1769, 1770, 1771, 1773, 1774 &amp; 1776. - Libairie Clavreuil","isPartOf":{"@id":"https:\/\/clavreuil-wordpress.logiciel-arteo.fr\/#website"},"primaryImageOfPage":{"@id":"https:\/\/clavreuil-wordpress.logiciel-arteo.fr\/en\/pages-pierre-marie-francois-de-voyages-autour-du-monde-et-vers-les-deux-poles-par-terre-et-par-mer-pendant-les-annees-1767-1768-1769-1770-1771-1773-1774-1776\/#primaryimage"},"image":{"@id":"https:\/\/clavreuil-wordpress.logiciel-arteo.fr\/en\/pages-pierre-marie-francois-de-voyages-autour-du-monde-et-vers-les-deux-poles-par-terre-et-par-mer-pendant-les-annees-1767-1768-1769-1770-1771-1773-1774-1776\/#primaryimage"},"thumbnailUrl":"https:\/\/clavreuil-wordpress.logiciel-arteo.fr\/wp-content\/uploads\/2024\/04\/pierre-marie-francois-de-pages-voyages-autour-du-monde-et-vers-les-deux-poles-par-terre-et-par-mer-pendant-les-annees-1767-1768-1769-1770-1771-1773-17.jpg","datePublished":"2024-04-24T09:11:37+00:00","dateModified":"2024-04-24T09:12:19+00:00","breadcrumb":{"@id":"https:\/\/clavreuil-wordpress.logiciel-arteo.fr\/en\/pages-pierre-marie-francois-de-voyages-autour-du-monde-et-vers-les-deux-poles-par-terre-et-par-mer-pendant-les-annees-1767-1768-1769-1770-1771-1773-1774-1776\/#breadcrumb"},"inLanguage":"en-US","potentialAction":[{"@type":"ReadAction","target":["https:\/\/clavreuil-wordpress.logiciel-arteo.fr\/en\/pages-pierre-marie-francois-de-voyages-autour-du-monde-et-vers-les-deux-poles-par-terre-et-par-mer-pendant-les-annees-1767-1768-1769-1770-1771-1773-1774-1776\/"]}]},{"@type":"ImageObject","inLanguage":"en-US","@id":"https:\/\/clavreuil-wordpress.logiciel-arteo.fr\/en\/pages-pierre-marie-francois-de-voyages-autour-du-monde-et-vers-les-deux-poles-par-terre-et-par-mer-pendant-les-annees-1767-1768-1769-1770-1771-1773-1774-1776\/#primaryimage","url":"https:\/\/clavreuil-wordpress.logiciel-arteo.fr\/wp-content\/uploads\/2024\/04\/pierre-marie-francois-de-pages-voyages-autour-du-monde-et-vers-les-deux-poles-par-terre-et-par-mer-pendant-les-annees-1767-1768-1769-1770-1771-1773-17.jpg","contentUrl":"https:\/\/clavreuil-wordpress.logiciel-arteo.fr\/wp-content\/uploads\/2024\/04\/pierre-marie-francois-de-pages-voyages-autour-du-monde-et-vers-les-deux-poles-par-terre-et-par-mer-pendant-les-annees-1767-1768-1769-1770-1771-1773-17.jpg","width":2314,"height":1655},{"@type":"BreadcrumbList","@id":"https:\/\/clavreuil-wordpress.logiciel-arteo.fr\/en\/pages-pierre-marie-francois-de-voyages-autour-du-monde-et-vers-les-deux-poles-par-terre-et-par-mer-pendant-les-annees-1767-1768-1769-1770-1771-1773-1774-1776\/#breadcrumb","itemListElement":[{"@type":"ListItem","position":1,"name":"Accueil","item":"https:\/\/clavreuil-wordpress.logiciel-arteo.fr\/"},{"@type":"ListItem","position":2,"name":"All our books","item":"https:\/\/clavreuil-wordpress.logiciel-arteo.fr\/en\/all-our-books\/"},{"@type":"ListItem","position":3,"name":"PAGES Pierre-Marie Fran\u00e7ois de Voyages autour du monde,..."}]},{"@type":"WebSite","@id":"https:\/\/clavreuil-wordpress.logiciel-arteo.fr\/#website","url":"https:\/\/clavreuil-wordpress.logiciel-arteo.fr\/","name":"Libairie Clavreuil","description":"","publisher":{"@id":"https:\/\/clavreuil-wordpress.logiciel-arteo.fr\/#organization"},"potentialAction":[{"@type":"SearchAction","target":{"@type":"EntryPoint","urlTemplate":"https:\/\/clavreuil-wordpress.logiciel-arteo.fr\/?s={search_term_string}"},"query-input":{"@type":"PropertyValueSpecification","valueRequired":true,"valueName":"search_term_string"}}],"inLanguage":"en-US"},{"@type":"Organization","@id":"https:\/\/clavreuil-wordpress.logiciel-arteo.fr\/#organization","name":"Libairie Clavreuil","url":"https:\/\/clavreuil-wordpress.logiciel-arteo.fr\/","logo":{"@type":"ImageObject","inLanguage":"en-US","@id":"https:\/\/clavreuil-wordpress.logiciel-arteo.fr\/#\/schema\/logo\/image\/","url":"https:\/\/clavreuil-wordpress.logiciel-arteo.fr\/wp-content\/uploads\/2021\/05\/LOGO_PNG_DATE-_gold.png","contentUrl":"https:\/\/clavreuil-wordpress.logiciel-arteo.fr\/wp-content\/uploads\/2021\/05\/LOGO_PNG_DATE-_gold.png","width":2083,"height":1917,"caption":"Libairie Clavreuil"},"image":{"@id":"https:\/\/clavreuil-wordpress.logiciel-arteo.fr\/#\/schema\/logo\/image\/"}}]}},"_links":{"self":[{"href":"https:\/\/clavreuil-wordpress.logiciel-arteo.fr\/en\/wp-json\/wp\/v2\/product\/74928","targetHints":{"allow":["GET"]}}],"collection":[{"href":"https:\/\/clavreuil-wordpress.logiciel-arteo.fr\/en\/wp-json\/wp\/v2\/product"}],"about":[{"href":"https:\/\/clavreuil-wordpress.logiciel-arteo.fr\/en\/wp-json\/wp\/v2\/types\/product"}],"replies":[{"embeddable":true,"href":"https:\/\/clavreuil-wordpress.logiciel-arteo.fr\/en\/wp-json\/wp\/v2\/comments?post=74928"}],"wp:featuredmedia":[{"embeddable":true,"href":"https:\/\/clavreuil-wordpress.logiciel-arteo.fr\/en\/wp-json\/wp\/v2\/media\/74921"}],"wp:attachment":[{"href":"https:\/\/clavreuil-wordpress.logiciel-arteo.fr\/en\/wp-json\/wp\/v2\/media?parent=74928"}],"wp:term":[{"taxonomy":"product_brand","embeddable":true,"href":"https:\/\/clavreuil-wordpress.logiciel-arteo.fr\/en\/wp-json\/wp\/v2\/product_brand?post=74928"},{"taxonomy":"product_cat","embeddable":true,"href":"https:\/\/clavreuil-wordpress.logiciel-arteo.fr\/en\/wp-json\/wp\/v2\/product_cat?post=74928"},{"taxonomy":"product_tag","embeddable":true,"href":"https:\/\/clavreuil-wordpress.logiciel-arteo.fr\/en\/wp-json\/wp\/v2\/product_tag?post=74928"}],"curies":[{"name":"wp","href":"https:\/\/api.w.org\/{rel}","templated":true}]}}