{"id":74938,"date":"2024-04-24T11:12:38","date_gmt":"2024-04-24T09:12:38","guid":{"rendered":"https:\/\/clavreuil-wordpress.logiciel-arteo.fr\/meares-john-voyages-de-la-chine-a-la-cote-nord-ouest-damerique-faits-dans-les-annees-1788-et-1789-precedes-de-la-relation-dun-autre-voyage-execute-en-1786-sur-le-vaisseau-nootka-parti-du-benga\/"},"modified":"2024-04-24T11:13:32","modified_gmt":"2024-04-24T09:13:32","slug":"meares-john-voyages-de-la-chine-a-la-cote-nord-ouest-damerique-faits-dans-les-annees-1788-et-1789-precedes-de-la-relation-dun-autre-voyage-execute-en-1786-sur-le-vaisseau-nootka-parti-du-benga","status":"publish","type":"product","link":"https:\/\/clavreuil-wordpress.logiciel-arteo.fr\/en\/meares-john-voyages-de-la-chine-a-la-cote-nord-ouest-damerique-faits-dans-les-annees-1788-et-1789-precedes-de-la-relation-dun-autre-voyage-execute-en-1786-sur-le-vaisseau-nootka-parti-du-benga\/","title":{"rendered":"MEARES John Voyages de la Chine \u00e0 la..."},"content":{"rendered":"<p style=\"text-align:justify\"><em>Sabin, 47262; Leclerc, 953 (lacking the atlas); Cordier, B.S., 2104. See Hill, 1126 (first edition 1790).<\/em><\/p>\n<p style=\"text-align:justify\">First edition of the French translation by Billecocq.<\/p>\n<p style=\"text-align:justify\">John Meares (1756-1809) was a navigator, explorer and maritime fur trader. His role during the Nootka Crisis which opposed the Spanish and the English Crown almost brought the two super powers to war. Not only had he sailed on ships registered in Macau in order to evade the British East India Company, he also claimed to have acquired land in the Nootka Sound making his fur trade legal. The disagreement was eventually settled by the first Nootka Convention, signed on 28 October 1790.<\/p>\n<p style=\"text-align:justify\">&quot;This important narrative&#8230; gives a very full account of the Indian nations of Northwest America, describing their villages, languages, manners and customs. It also contains a separate account of the voyage of the Iphigenia Nubiana, commanded by Captain William Douglas, which visited the Sandwich Islands as well as Nootka Sound&quot; (Hill).<\/p>\n<p style=\"text-align:justify\">Fine copy, preserved as issued, with full margins and entirely uncut; plates of the atlas on stubbs.<\/p>\n","protected":false},"excerpt":{"rendered":"<p>3 volumes, 8vo (214 x 140 mm) and an atlas volume, 4to (287 x 222 mm) XXIV, 391 pp. for volume I; 2 nn.ll., 386 pp. for volume II; 2 nn.ll., 371 pp. for volume III; 2 nn.ll., 28 engraved maps and plates for the atlas; original wrappers, stitched as issued, in modern calf-backed boxes.<\/p>\n","protected":false},"featured_media":74929,"comment_status":"open","ping_status":"closed","template":"","meta":{"_acf_changed":false},"product_brand":[],"product_cat":[552],"product_tag":[1383],"class_list":{"0":"post-74938","1":"product","2":"type-product","3":"status-publish","4":"has-post-thumbnail","6":"product_cat-travel","7":"product_tag-china","8":"pa_auteur-john-meares-2","9":"pa_type-de-livre-printed-book","11":"first","12":"instock","13":"shipping-taxable","14":"purchasable","15":"product-type-simple"},"acf":[],"yoast_head":"<!-- This site is optimized with the Yoast SEO plugin v24.3 - https:\/\/yoast.com\/wordpress\/plugins\/seo\/ -->\n<title>MEARES John Voyages de la Chine \u00e0 la c\u00f4te nord-ouest d&#039;Am\u00e9rique, faits dans les ann\u00e9es 1788 et 1789. Pr\u00e9c\u00e9d\u00e9s de la relation d&#039;un autre Voyage ex\u00e9cut\u00e9 en 1786 sur le vaisseau Nootka, parti du Bengale; d&#039;un Recueil d&#039;Observations sur la Probabilit\u00e9 d&#039;un Passage Nord-Ouest; et d&#039;un Trait\u00e9 abr\u00e9g\u00e9 du Commerce entre la c\u00f4te Nord-Ouest de la Chine, etc. - Libairie Clavreuil<\/title>\n<meta name=\"robots\" content=\"noindex, follow, max-snippet:-1, max-image-preview:large, max-video-preview:-1\" \/>\n<meta property=\"og:locale\" content=\"en_US\" \/>\n<meta property=\"og:type\" content=\"article\" \/>\n<meta property=\"og:title\" content=\"MEARES John Voyages de la Chine \u00e0 la c\u00f4te nord-ouest d&#039;Am\u00e9rique, faits dans les ann\u00e9es 1788 et 1789. Pr\u00e9c\u00e9d\u00e9s de la relation d&#039;un autre Voyage ex\u00e9cut\u00e9 en 1786 sur le vaisseau Nootka, parti du Bengale; d&#039;un Recueil d&#039;Observations sur la Probabilit\u00e9 d&#039;un Passage Nord-Ouest; et d&#039;un Trait\u00e9 abr\u00e9g\u00e9 du Commerce entre la c\u00f4te Nord-Ouest de la Chine, etc. - Libairie Clavreuil\" \/>\n<meta property=\"og:description\" content=\"3 volumes, 8vo (214 x 140 mm) and an atlas volume, 4to (287 x 222 mm) XXIV, 391 pp. for volume I; 2 nn.ll., 386 pp. for volume II; 2 nn.ll., 371 pp. for volume III; 2 nn.ll., 28 engraved maps and plates for the atlas; original wrappers, stitched as issued, in modern calf-backed boxes.\" \/>\n<meta property=\"og:url\" content=\"https:\/\/clavreuil-wordpress.logiciel-arteo.fr\/en\/meares-john-voyages-de-la-chine-a-la-cote-nord-ouest-damerique-faits-dans-les-annees-1788-et-1789-precedes-de-la-relation-dun-autre-voyage-execute-en-1786-sur-le-vaisseau-nootka-parti-du-benga\/\" \/>\n<meta property=\"og:site_name\" content=\"Libairie Clavreuil\" \/>\n<meta property=\"article:modified_time\" content=\"2024-04-24T09:13:32+00:00\" \/>\n<meta property=\"og:image\" content=\"https:\/\/clavreuil-wordpress.logiciel-arteo.fr\/wp-content\/uploads\/2024\/04\/john-meares-voyages-de-la-chine-a-la-cote-nord-ouest-d-amerique-faits-dans-les-annees-1788-et-1789-precedes-de-la-relation-d-un-autre-voyage-execute-e-scaled.jpg\" \/>\n\t<meta property=\"og:image:width\" content=\"2560\" \/>\n\t<meta property=\"og:image:height\" content=\"1707\" \/>\n\t<meta property=\"og:image:type\" content=\"image\/jpeg\" \/>\n<meta name=\"twitter:card\" content=\"summary_large_image\" \/>\n<meta name=\"twitter:label1\" content=\"Est. reading time\" \/>\n\t<meta name=\"twitter:data1\" content=\"1 minute\" \/>\n<script type=\"application\/ld+json\" class=\"yoast-schema-graph\">{\"@context\":\"https:\/\/schema.org\",\"@graph\":[{\"@type\":\"WebPage\",\"@id\":\"https:\/\/clavreuil-wordpress.logiciel-arteo.fr\/en\/meares-john-voyages-de-la-chine-a-la-cote-nord-ouest-damerique-faits-dans-les-annees-1788-et-1789-precedes-de-la-relation-dun-autre-voyage-execute-en-1786-sur-le-vaisseau-nootka-parti-du-benga\/\",\"url\":\"https:\/\/clavreuil-wordpress.logiciel-arteo.fr\/en\/meares-john-voyages-de-la-chine-a-la-cote-nord-ouest-damerique-faits-dans-les-annees-1788-et-1789-precedes-de-la-relation-dun-autre-voyage-execute-en-1786-sur-le-vaisseau-nootka-parti-du-benga\/\",\"name\":\"MEARES John Voyages de la Chine \u00e0 la c\u00f4te nord-ouest d'Am\u00e9rique, faits dans les ann\u00e9es 1788 et 1789. Pr\u00e9c\u00e9d\u00e9s de la relation d'un autre Voyage ex\u00e9cut\u00e9 en 1786 sur le vaisseau Nootka, parti du Bengale; d'un Recueil d'Observations sur la Probabilit\u00e9 d'un Passage Nord-Ouest; et d'un Trait\u00e9 abr\u00e9g\u00e9 du Commerce entre la c\u00f4te Nord-Ouest de la Chine, etc. - Libairie Clavreuil\",\"isPartOf\":{\"@id\":\"https:\/\/clavreuil-wordpress.logiciel-arteo.fr\/#website\"},\"primaryImageOfPage\":{\"@id\":\"https:\/\/clavreuil-wordpress.logiciel-arteo.fr\/en\/meares-john-voyages-de-la-chine-a-la-cote-nord-ouest-damerique-faits-dans-les-annees-1788-et-1789-precedes-de-la-relation-dun-autre-voyage-execute-en-1786-sur-le-vaisseau-nootka-parti-du-benga\/#primaryimage\"},\"image\":{\"@id\":\"https:\/\/clavreuil-wordpress.logiciel-arteo.fr\/en\/meares-john-voyages-de-la-chine-a-la-cote-nord-ouest-damerique-faits-dans-les-annees-1788-et-1789-precedes-de-la-relation-dun-autre-voyage-execute-en-1786-sur-le-vaisseau-nootka-parti-du-benga\/#primaryimage\"},\"thumbnailUrl\":\"https:\/\/clavreuil-wordpress.logiciel-arteo.fr\/wp-content\/uploads\/2024\/04\/john-meares-voyages-de-la-chine-a-la-cote-nord-ouest-d-amerique-faits-dans-les-annees-1788-et-1789-precedes-de-la-relation-d-un-autre-voyage-execute-e-scaled.jpg\",\"datePublished\":\"2024-04-24T09:12:38+00:00\",\"dateModified\":\"2024-04-24T09:13:32+00:00\",\"breadcrumb\":{\"@id\":\"https:\/\/clavreuil-wordpress.logiciel-arteo.fr\/en\/meares-john-voyages-de-la-chine-a-la-cote-nord-ouest-damerique-faits-dans-les-annees-1788-et-1789-precedes-de-la-relation-dun-autre-voyage-execute-en-1786-sur-le-vaisseau-nootka-parti-du-benga\/#breadcrumb\"},\"inLanguage\":\"en-US\",\"potentialAction\":[{\"@type\":\"ReadAction\",\"target\":[\"https:\/\/clavreuil-wordpress.logiciel-arteo.fr\/en\/meares-john-voyages-de-la-chine-a-la-cote-nord-ouest-damerique-faits-dans-les-annees-1788-et-1789-precedes-de-la-relation-dun-autre-voyage-execute-en-1786-sur-le-vaisseau-nootka-parti-du-benga\/\"]}]},{\"@type\":\"ImageObject\",\"inLanguage\":\"en-US\",\"@id\":\"https:\/\/clavreuil-wordpress.logiciel-arteo.fr\/en\/meares-john-voyages-de-la-chine-a-la-cote-nord-ouest-damerique-faits-dans-les-annees-1788-et-1789-precedes-de-la-relation-dun-autre-voyage-execute-en-1786-sur-le-vaisseau-nootka-parti-du-benga\/#primaryimage\",\"url\":\"https:\/\/clavreuil-wordpress.logiciel-arteo.fr\/wp-content\/uploads\/2024\/04\/john-meares-voyages-de-la-chine-a-la-cote-nord-ouest-d-amerique-faits-dans-les-annees-1788-et-1789-precedes-de-la-relation-d-un-autre-voyage-execute-e-scaled.jpg\",\"contentUrl\":\"https:\/\/clavreuil-wordpress.logiciel-arteo.fr\/wp-content\/uploads\/2024\/04\/john-meares-voyages-de-la-chine-a-la-cote-nord-ouest-d-amerique-faits-dans-les-annees-1788-et-1789-precedes-de-la-relation-d-un-autre-voyage-execute-e-scaled.jpg\",\"width\":2560,\"height\":1707},{\"@type\":\"BreadcrumbList\",\"@id\":\"https:\/\/clavreuil-wordpress.logiciel-arteo.fr\/en\/meares-john-voyages-de-la-chine-a-la-cote-nord-ouest-damerique-faits-dans-les-annees-1788-et-1789-precedes-de-la-relation-dun-autre-voyage-execute-en-1786-sur-le-vaisseau-nootka-parti-du-benga\/#breadcrumb\",\"itemListElement\":[{\"@type\":\"ListItem\",\"position\":1,\"name\":\"Accueil\",\"item\":\"https:\/\/clavreuil-wordpress.logiciel-arteo.fr\/\"},{\"@type\":\"ListItem\",\"position\":2,\"name\":\"All our books\",\"item\":\"https:\/\/clavreuil-wordpress.logiciel-arteo.fr\/en\/all-our-books\/\"},{\"@type\":\"ListItem\",\"position\":3,\"name\":\"MEARES John Voyages de la Chine \u00e0 la...\"}]},{\"@type\":\"WebSite\",\"@id\":\"https:\/\/clavreuil-wordpress.logiciel-arteo.fr\/#website\",\"url\":\"https:\/\/clavreuil-wordpress.logiciel-arteo.fr\/\",\"name\":\"Libairie Clavreuil\",\"description\":\"\",\"publisher\":{\"@id\":\"https:\/\/clavreuil-wordpress.logiciel-arteo.fr\/#organization\"},\"potentialAction\":[{\"@type\":\"SearchAction\",\"target\":{\"@type\":\"EntryPoint\",\"urlTemplate\":\"https:\/\/clavreuil-wordpress.logiciel-arteo.fr\/?s={search_term_string}\"},\"query-input\":{\"@type\":\"PropertyValueSpecification\",\"valueRequired\":true,\"valueName\":\"search_term_string\"}}],\"inLanguage\":\"en-US\"},{\"@type\":\"Organization\",\"@id\":\"https:\/\/clavreuil-wordpress.logiciel-arteo.fr\/#organization\",\"name\":\"Libairie Clavreuil\",\"url\":\"https:\/\/clavreuil-wordpress.logiciel-arteo.fr\/\",\"logo\":{\"@type\":\"ImageObject\",\"inLanguage\":\"en-US\",\"@id\":\"https:\/\/clavreuil-wordpress.logiciel-arteo.fr\/#\/schema\/logo\/image\/\",\"url\":\"https:\/\/clavreuil-wordpress.logiciel-arteo.fr\/wp-content\/uploads\/2021\/05\/LOGO_PNG_DATE-_gold.png\",\"contentUrl\":\"https:\/\/clavreuil-wordpress.logiciel-arteo.fr\/wp-content\/uploads\/2021\/05\/LOGO_PNG_DATE-_gold.png\",\"width\":2083,\"height\":1917,\"caption\":\"Libairie Clavreuil\"},\"image\":{\"@id\":\"https:\/\/clavreuil-wordpress.logiciel-arteo.fr\/#\/schema\/logo\/image\/\"}}]}<\/script>\n<!-- \/ Yoast SEO plugin. -->","yoast_head_json":{"title":"MEARES John Voyages de la Chine \u00e0 la c\u00f4te nord-ouest d'Am\u00e9rique, faits dans les ann\u00e9es 1788 et 1789. Pr\u00e9c\u00e9d\u00e9s de la relation d'un autre Voyage ex\u00e9cut\u00e9 en 1786 sur le vaisseau Nootka, parti du Bengale; d'un Recueil d'Observations sur la Probabilit\u00e9 d'un Passage Nord-Ouest; et d'un Trait\u00e9 abr\u00e9g\u00e9 du Commerce entre la c\u00f4te Nord-Ouest de la Chine, etc. - Libairie Clavreuil","robots":{"index":"noindex","follow":"follow","max-snippet":"max-snippet:-1","max-image-preview":"max-image-preview:large","max-video-preview":"max-video-preview:-1"},"og_locale":"en_US","og_type":"article","og_title":"MEARES John Voyages de la Chine \u00e0 la c\u00f4te nord-ouest d'Am\u00e9rique, faits dans les ann\u00e9es 1788 et 1789. Pr\u00e9c\u00e9d\u00e9s de la relation d'un autre Voyage ex\u00e9cut\u00e9 en 1786 sur le vaisseau Nootka, parti du Bengale; d'un Recueil d'Observations sur la Probabilit\u00e9 d'un Passage Nord-Ouest; et d'un Trait\u00e9 abr\u00e9g\u00e9 du Commerce entre la c\u00f4te Nord-Ouest de la Chine, etc. - Libairie Clavreuil","og_description":"3 volumes, 8vo (214 x 140 mm) and an atlas volume, 4to (287 x 222 mm) XXIV, 391 pp. for volume I; 2 nn.ll., 386 pp. for volume II; 2 nn.ll., 371 pp. for volume III; 2 nn.ll., 28 engraved maps and plates for the atlas; original wrappers, stitched as issued, in modern calf-backed boxes.","og_url":"https:\/\/clavreuil-wordpress.logiciel-arteo.fr\/en\/meares-john-voyages-de-la-chine-a-la-cote-nord-ouest-damerique-faits-dans-les-annees-1788-et-1789-precedes-de-la-relation-dun-autre-voyage-execute-en-1786-sur-le-vaisseau-nootka-parti-du-benga\/","og_site_name":"Libairie Clavreuil","article_modified_time":"2024-04-24T09:13:32+00:00","og_image":[{"width":2560,"height":1707,"url":"https:\/\/clavreuil-wordpress.logiciel-arteo.fr\/wp-content\/uploads\/2024\/04\/john-meares-voyages-de-la-chine-a-la-cote-nord-ouest-d-amerique-faits-dans-les-annees-1788-et-1789-precedes-de-la-relation-d-un-autre-voyage-execute-e-scaled.jpg","type":"image\/jpeg"}],"twitter_card":"summary_large_image","twitter_misc":{"Est. reading time":"1 minute"},"schema":{"@context":"https:\/\/schema.org","@graph":[{"@type":"WebPage","@id":"https:\/\/clavreuil-wordpress.logiciel-arteo.fr\/en\/meares-john-voyages-de-la-chine-a-la-cote-nord-ouest-damerique-faits-dans-les-annees-1788-et-1789-precedes-de-la-relation-dun-autre-voyage-execute-en-1786-sur-le-vaisseau-nootka-parti-du-benga\/","url":"https:\/\/clavreuil-wordpress.logiciel-arteo.fr\/en\/meares-john-voyages-de-la-chine-a-la-cote-nord-ouest-damerique-faits-dans-les-annees-1788-et-1789-precedes-de-la-relation-dun-autre-voyage-execute-en-1786-sur-le-vaisseau-nootka-parti-du-benga\/","name":"MEARES John Voyages de la Chine \u00e0 la c\u00f4te nord-ouest d'Am\u00e9rique, faits dans les ann\u00e9es 1788 et 1789. Pr\u00e9c\u00e9d\u00e9s de la relation d'un autre Voyage ex\u00e9cut\u00e9 en 1786 sur le vaisseau Nootka, parti du Bengale; d'un Recueil d'Observations sur la Probabilit\u00e9 d'un Passage Nord-Ouest; et d'un Trait\u00e9 abr\u00e9g\u00e9 du Commerce entre la c\u00f4te Nord-Ouest de la Chine, etc. - Libairie Clavreuil","isPartOf":{"@id":"https:\/\/clavreuil-wordpress.logiciel-arteo.fr\/#website"},"primaryImageOfPage":{"@id":"https:\/\/clavreuil-wordpress.logiciel-arteo.fr\/en\/meares-john-voyages-de-la-chine-a-la-cote-nord-ouest-damerique-faits-dans-les-annees-1788-et-1789-precedes-de-la-relation-dun-autre-voyage-execute-en-1786-sur-le-vaisseau-nootka-parti-du-benga\/#primaryimage"},"image":{"@id":"https:\/\/clavreuil-wordpress.logiciel-arteo.fr\/en\/meares-john-voyages-de-la-chine-a-la-cote-nord-ouest-damerique-faits-dans-les-annees-1788-et-1789-precedes-de-la-relation-dun-autre-voyage-execute-en-1786-sur-le-vaisseau-nootka-parti-du-benga\/#primaryimage"},"thumbnailUrl":"https:\/\/clavreuil-wordpress.logiciel-arteo.fr\/wp-content\/uploads\/2024\/04\/john-meares-voyages-de-la-chine-a-la-cote-nord-ouest-d-amerique-faits-dans-les-annees-1788-et-1789-precedes-de-la-relation-d-un-autre-voyage-execute-e-scaled.jpg","datePublished":"2024-04-24T09:12:38+00:00","dateModified":"2024-04-24T09:13:32+00:00","breadcrumb":{"@id":"https:\/\/clavreuil-wordpress.logiciel-arteo.fr\/en\/meares-john-voyages-de-la-chine-a-la-cote-nord-ouest-damerique-faits-dans-les-annees-1788-et-1789-precedes-de-la-relation-dun-autre-voyage-execute-en-1786-sur-le-vaisseau-nootka-parti-du-benga\/#breadcrumb"},"inLanguage":"en-US","potentialAction":[{"@type":"ReadAction","target":["https:\/\/clavreuil-wordpress.logiciel-arteo.fr\/en\/meares-john-voyages-de-la-chine-a-la-cote-nord-ouest-damerique-faits-dans-les-annees-1788-et-1789-precedes-de-la-relation-dun-autre-voyage-execute-en-1786-sur-le-vaisseau-nootka-parti-du-benga\/"]}]},{"@type":"ImageObject","inLanguage":"en-US","@id":"https:\/\/clavreuil-wordpress.logiciel-arteo.fr\/en\/meares-john-voyages-de-la-chine-a-la-cote-nord-ouest-damerique-faits-dans-les-annees-1788-et-1789-precedes-de-la-relation-dun-autre-voyage-execute-en-1786-sur-le-vaisseau-nootka-parti-du-benga\/#primaryimage","url":"https:\/\/clavreuil-wordpress.logiciel-arteo.fr\/wp-content\/uploads\/2024\/04\/john-meares-voyages-de-la-chine-a-la-cote-nord-ouest-d-amerique-faits-dans-les-annees-1788-et-1789-precedes-de-la-relation-d-un-autre-voyage-execute-e-scaled.jpg","contentUrl":"https:\/\/clavreuil-wordpress.logiciel-arteo.fr\/wp-content\/uploads\/2024\/04\/john-meares-voyages-de-la-chine-a-la-cote-nord-ouest-d-amerique-faits-dans-les-annees-1788-et-1789-precedes-de-la-relation-d-un-autre-voyage-execute-e-scaled.jpg","width":2560,"height":1707},{"@type":"BreadcrumbList","@id":"https:\/\/clavreuil-wordpress.logiciel-arteo.fr\/en\/meares-john-voyages-de-la-chine-a-la-cote-nord-ouest-damerique-faits-dans-les-annees-1788-et-1789-precedes-de-la-relation-dun-autre-voyage-execute-en-1786-sur-le-vaisseau-nootka-parti-du-benga\/#breadcrumb","itemListElement":[{"@type":"ListItem","position":1,"name":"Accueil","item":"https:\/\/clavreuil-wordpress.logiciel-arteo.fr\/"},{"@type":"ListItem","position":2,"name":"All our books","item":"https:\/\/clavreuil-wordpress.logiciel-arteo.fr\/en\/all-our-books\/"},{"@type":"ListItem","position":3,"name":"MEARES John Voyages de la Chine \u00e0 la..."}]},{"@type":"WebSite","@id":"https:\/\/clavreuil-wordpress.logiciel-arteo.fr\/#website","url":"https:\/\/clavreuil-wordpress.logiciel-arteo.fr\/","name":"Libairie Clavreuil","description":"","publisher":{"@id":"https:\/\/clavreuil-wordpress.logiciel-arteo.fr\/#organization"},"potentialAction":[{"@type":"SearchAction","target":{"@type":"EntryPoint","urlTemplate":"https:\/\/clavreuil-wordpress.logiciel-arteo.fr\/?s={search_term_string}"},"query-input":{"@type":"PropertyValueSpecification","valueRequired":true,"valueName":"search_term_string"}}],"inLanguage":"en-US"},{"@type":"Organization","@id":"https:\/\/clavreuil-wordpress.logiciel-arteo.fr\/#organization","name":"Libairie Clavreuil","url":"https:\/\/clavreuil-wordpress.logiciel-arteo.fr\/","logo":{"@type":"ImageObject","inLanguage":"en-US","@id":"https:\/\/clavreuil-wordpress.logiciel-arteo.fr\/#\/schema\/logo\/image\/","url":"https:\/\/clavreuil-wordpress.logiciel-arteo.fr\/wp-content\/uploads\/2021\/05\/LOGO_PNG_DATE-_gold.png","contentUrl":"https:\/\/clavreuil-wordpress.logiciel-arteo.fr\/wp-content\/uploads\/2021\/05\/LOGO_PNG_DATE-_gold.png","width":2083,"height":1917,"caption":"Libairie Clavreuil"},"image":{"@id":"https:\/\/clavreuil-wordpress.logiciel-arteo.fr\/#\/schema\/logo\/image\/"}}]}},"_links":{"self":[{"href":"https:\/\/clavreuil-wordpress.logiciel-arteo.fr\/en\/wp-json\/wp\/v2\/product\/74938","targetHints":{"allow":["GET"]}}],"collection":[{"href":"https:\/\/clavreuil-wordpress.logiciel-arteo.fr\/en\/wp-json\/wp\/v2\/product"}],"about":[{"href":"https:\/\/clavreuil-wordpress.logiciel-arteo.fr\/en\/wp-json\/wp\/v2\/types\/product"}],"replies":[{"embeddable":true,"href":"https:\/\/clavreuil-wordpress.logiciel-arteo.fr\/en\/wp-json\/wp\/v2\/comments?post=74938"}],"wp:featuredmedia":[{"embeddable":true,"href":"https:\/\/clavreuil-wordpress.logiciel-arteo.fr\/en\/wp-json\/wp\/v2\/media\/74929"}],"wp:attachment":[{"href":"https:\/\/clavreuil-wordpress.logiciel-arteo.fr\/en\/wp-json\/wp\/v2\/media?parent=74938"}],"wp:term":[{"taxonomy":"product_brand","embeddable":true,"href":"https:\/\/clavreuil-wordpress.logiciel-arteo.fr\/en\/wp-json\/wp\/v2\/product_brand?post=74938"},{"taxonomy":"product_cat","embeddable":true,"href":"https:\/\/clavreuil-wordpress.logiciel-arteo.fr\/en\/wp-json\/wp\/v2\/product_cat?post=74938"},{"taxonomy":"product_tag","embeddable":true,"href":"https:\/\/clavreuil-wordpress.logiciel-arteo.fr\/en\/wp-json\/wp\/v2\/product_tag?post=74938"}],"curies":[{"name":"wp","href":"https:\/\/api.w.org\/{rel}","templated":true}]}}