{"id":74971,"date":"2024-04-24T11:51:59","date_gmt":"2024-04-24T09:51:59","guid":{"rendered":"https:\/\/clavreuil-wordpress.logiciel-arteo.fr\/le-gobien-charles-histoire-des-isles-marianes-nouvellement-converties-a-la-religion-chrestienne-la-mort-glorieuse-des-premiers-missionnaires-qui-y-ont-preche-la-foy\/"},"modified":"2024-04-24T11:52:38","modified_gmt":"2024-04-24T09:52:38","slug":"le-gobien-charles-histoire-des-isles-marianes-nouvellement-converties-a-la-religion-chrestienne-la-mort-glorieuse-des-premiers-missionnaires-qui-y-ont-preche-la-foy","status":"publish","type":"product","link":"https:\/\/clavreuil-wordpress.logiciel-arteo.fr\/en\/le-gobien-charles-histoire-des-isles-marianes-nouvellement-converties-a-la-religion-chrestienne-la-mort-glorieuse-des-premiers-missionnaires-qui-y-ont-preche-la-foy\/","title":{"rendered":"LE GOBIEN Charles Histoire des isles Marianes, nouvellement..."},"content":{"rendered":"<p><em>Hill, 1000 ; Brunet, 28230.<\/em><\/p>\n<p>First edition.<\/p>\n<p>It contains the history of the Christian missions in the Mariana Islands or Ladrones in the north-west Pacific, the main island of which is Guam. Several letters from the first missionaries (Medina, Clain, Sanvitores, etc.) are reproduced in the text. The Jesuit mission there was established by Diego Luis de Sanvitores. Father Le Gobien never visited the Mariana Islands, but based his account mainly on missionaries&#039; reports and letters sent to him from Rome, Spain, the Netherlands, etc. A letter from P. Clain (pp. 395 ff.) on the discovery of the Caroline Islands is reproduced.<\/p>\n<p>Charles Le Gobien (1652-1708) was a French Jesuit writer and the founder of <em>Lettres &eacute;difiantes et curieuses<\/em>, a collection of reports by Jesuit missionaries in China. It is a major source of information for the history of the Catholic missions and life in China at the time. Le Gobien, born in Saint-Malo in Brittany, entered the Society of Jesus on 25 November 1671. As a professor of philosophy and above all as procurator of the Franco-Chinese mission, he sought in a series of articles to arouse interest in the work of Christianising East Asia. In 1697, his <em>Lettres sur les progr&egrave;s de la religion &agrave; la Chine<\/em> was published in Paris.<\/p>\n<p>In connection with the controversy over Chinese rites, he published, among other works, <em>Histoire de l&#039;&eacute;dit de l&#039;empereur de la Chine en faveur de la religion chr&eacute;tienne avec un &eacute;claircissement sur les honneurs que les Chinois rendent &agrave; Confucius et aux morts<\/em> (Paris, 1698); and in 1700, <em>Lettre &agrave; un Docteur de la Facult&eacute; de Paris sur les propositions d&eacute;f&eacute;r&eacute;es en Sorbonne par M. Prioux<\/em>. The same year saw the publication in Paris of <em>Histoire des Isles Mariannes nouvellement converties &agrave; la religion chr&eacute;tienne<\/em>. The second part, translated into Spanish by J. Delgado, can be found in the latter&#039;s <em>Historia General de Filipinas<\/em> (Manila, 1892). In 1702, Father Le Gobien published <em>Lettres de quelques missionnaires de la Compagnie de J&eacute;sus, &eacute;crites de la Chine et des Indes Orientales<\/em> (Letters from some missionaries of the Society of Jesus, written from China and the East Indies); this was the beginning of the collection that was soon to become famous under the title<em> Lettres &eacute;difiantes et curieuses &eacute;crites des missions &eacute;trang&egrave;res par quelques missionnaires de la Compagnie de J&eacute;sus<\/em>.<\/p>\n<p>&quot;The present book contains numerous accounts of Jesuit attempts to convert the natives of the Marianas to Catholicism and is one of the first detailed works on these islands&quot; (Hill).<\/p>\n<p>Copy complete with its 2 engraved folding maps depicting the Mariana Islands and Guam.<\/p>\n<p>Provenance : M. L. de Becdeli&egrave;vre (signature sur le feuillet de d&eacute;dicace).<\/p>\n","protected":false},"excerpt":{"rendered":"<p>12mo (159 x 88 mm) 12 nn.ll., 433 pp., 6 nn.ll., 2 engraved folding plates. Contemporary calf, spine gilt with raised bands, red speckled edges (spines slightly restroed).<\/p>\n","protected":false},"featured_media":74964,"comment_status":"open","ping_status":"closed","template":"","meta":{"_acf_changed":false},"product_brand":[],"product_cat":[552],"product_tag":[1382,1450,1387],"class_list":{"0":"post-74971","1":"product","2":"type-product","3":"status-publish","4":"has-post-thumbnail","6":"product_cat-travel","7":"product_tag-asia","8":"product_tag-first-edition","9":"product_tag-philippines-2","10":"pa_auteur-charles-le-gobien-2","11":"pa_type-de-livre-printed-book","13":"first","14":"instock","15":"shipping-taxable","16":"purchasable","17":"product-type-simple"},"acf":[],"yoast_head":"<!-- This site is optimized with the Yoast SEO plugin v24.3 - https:\/\/yoast.com\/wordpress\/plugins\/seo\/ -->\n<title>LE GOBIEN Charles Histoire des isles Marianes, nouvellement converties \u00e0 la religion Chrestienne ; &amp; la mort glorieuse des premiers missionnaires qui y ont pr\u00each\u00e9 la foy. - Libairie Clavreuil<\/title>\n<meta name=\"robots\" content=\"noindex, follow, max-snippet:-1, max-image-preview:large, max-video-preview:-1\" \/>\n<meta property=\"og:locale\" content=\"en_US\" \/>\n<meta property=\"og:type\" content=\"article\" \/>\n<meta property=\"og:title\" content=\"LE GOBIEN Charles Histoire des isles Marianes, nouvellement converties \u00e0 la religion Chrestienne ; &amp; la mort glorieuse des premiers missionnaires qui y ont pr\u00each\u00e9 la foy. - Libairie Clavreuil\" \/>\n<meta property=\"og:description\" content=\"12mo (159 x 88 mm) 12 nn.ll., 433 pp., 6 nn.ll., 2 engraved folding plates. Contemporary calf, spine gilt with raised bands, red speckled edges (spines slightly restroed).\" \/>\n<meta property=\"og:url\" content=\"https:\/\/clavreuil-wordpress.logiciel-arteo.fr\/en\/le-gobien-charles-histoire-des-isles-marianes-nouvellement-converties-a-la-religion-chrestienne-la-mort-glorieuse-des-premiers-missionnaires-qui-y-ont-preche-la-foy\/\" \/>\n<meta property=\"og:site_name\" content=\"Libairie Clavreuil\" \/>\n<meta property=\"article:modified_time\" content=\"2024-04-24T09:52:38+00:00\" \/>\n<meta property=\"og:image\" content=\"https:\/\/clavreuil-wordpress.logiciel-arteo.fr\/wp-content\/uploads\/2024\/04\/charles-le-gobien-histoire-des-isles-marianes-nouvellement-converties-a-la-religion-chrestienne-la-mort-glorieuse-des-premiers-missionnaires-qui-y-ont.jpg\" \/>\n\t<meta property=\"og:image:width\" content=\"1444\" \/>\n\t<meta property=\"og:image:height\" content=\"2441\" \/>\n\t<meta property=\"og:image:type\" content=\"image\/jpeg\" \/>\n<meta name=\"twitter:card\" content=\"summary_large_image\" \/>\n<meta name=\"twitter:label1\" content=\"Est. reading time\" \/>\n\t<meta name=\"twitter:data1\" content=\"2 minutes\" \/>\n<script type=\"application\/ld+json\" class=\"yoast-schema-graph\">{\"@context\":\"https:\/\/schema.org\",\"@graph\":[{\"@type\":\"WebPage\",\"@id\":\"https:\/\/clavreuil-wordpress.logiciel-arteo.fr\/en\/le-gobien-charles-histoire-des-isles-marianes-nouvellement-converties-a-la-religion-chrestienne-la-mort-glorieuse-des-premiers-missionnaires-qui-y-ont-preche-la-foy\/\",\"url\":\"https:\/\/clavreuil-wordpress.logiciel-arteo.fr\/en\/le-gobien-charles-histoire-des-isles-marianes-nouvellement-converties-a-la-religion-chrestienne-la-mort-glorieuse-des-premiers-missionnaires-qui-y-ont-preche-la-foy\/\",\"name\":\"LE GOBIEN Charles Histoire des isles Marianes, nouvellement converties \u00e0 la religion Chrestienne ; &amp; la mort glorieuse des premiers missionnaires qui y ont pr\u00each\u00e9 la foy. - Libairie Clavreuil\",\"isPartOf\":{\"@id\":\"https:\/\/clavreuil-wordpress.logiciel-arteo.fr\/#website\"},\"primaryImageOfPage\":{\"@id\":\"https:\/\/clavreuil-wordpress.logiciel-arteo.fr\/en\/le-gobien-charles-histoire-des-isles-marianes-nouvellement-converties-a-la-religion-chrestienne-la-mort-glorieuse-des-premiers-missionnaires-qui-y-ont-preche-la-foy\/#primaryimage\"},\"image\":{\"@id\":\"https:\/\/clavreuil-wordpress.logiciel-arteo.fr\/en\/le-gobien-charles-histoire-des-isles-marianes-nouvellement-converties-a-la-religion-chrestienne-la-mort-glorieuse-des-premiers-missionnaires-qui-y-ont-preche-la-foy\/#primaryimage\"},\"thumbnailUrl\":\"https:\/\/clavreuil-wordpress.logiciel-arteo.fr\/wp-content\/uploads\/2024\/04\/charles-le-gobien-histoire-des-isles-marianes-nouvellement-converties-a-la-religion-chrestienne-la-mort-glorieuse-des-premiers-missionnaires-qui-y-ont.jpg\",\"datePublished\":\"2024-04-24T09:51:59+00:00\",\"dateModified\":\"2024-04-24T09:52:38+00:00\",\"breadcrumb\":{\"@id\":\"https:\/\/clavreuil-wordpress.logiciel-arteo.fr\/en\/le-gobien-charles-histoire-des-isles-marianes-nouvellement-converties-a-la-religion-chrestienne-la-mort-glorieuse-des-premiers-missionnaires-qui-y-ont-preche-la-foy\/#breadcrumb\"},\"inLanguage\":\"en-US\",\"potentialAction\":[{\"@type\":\"ReadAction\",\"target\":[\"https:\/\/clavreuil-wordpress.logiciel-arteo.fr\/en\/le-gobien-charles-histoire-des-isles-marianes-nouvellement-converties-a-la-religion-chrestienne-la-mort-glorieuse-des-premiers-missionnaires-qui-y-ont-preche-la-foy\/\"]}]},{\"@type\":\"ImageObject\",\"inLanguage\":\"en-US\",\"@id\":\"https:\/\/clavreuil-wordpress.logiciel-arteo.fr\/en\/le-gobien-charles-histoire-des-isles-marianes-nouvellement-converties-a-la-religion-chrestienne-la-mort-glorieuse-des-premiers-missionnaires-qui-y-ont-preche-la-foy\/#primaryimage\",\"url\":\"https:\/\/clavreuil-wordpress.logiciel-arteo.fr\/wp-content\/uploads\/2024\/04\/charles-le-gobien-histoire-des-isles-marianes-nouvellement-converties-a-la-religion-chrestienne-la-mort-glorieuse-des-premiers-missionnaires-qui-y-ont.jpg\",\"contentUrl\":\"https:\/\/clavreuil-wordpress.logiciel-arteo.fr\/wp-content\/uploads\/2024\/04\/charles-le-gobien-histoire-des-isles-marianes-nouvellement-converties-a-la-religion-chrestienne-la-mort-glorieuse-des-premiers-missionnaires-qui-y-ont.jpg\",\"width\":1444,\"height\":2441},{\"@type\":\"BreadcrumbList\",\"@id\":\"https:\/\/clavreuil-wordpress.logiciel-arteo.fr\/en\/le-gobien-charles-histoire-des-isles-marianes-nouvellement-converties-a-la-religion-chrestienne-la-mort-glorieuse-des-premiers-missionnaires-qui-y-ont-preche-la-foy\/#breadcrumb\",\"itemListElement\":[{\"@type\":\"ListItem\",\"position\":1,\"name\":\"Accueil\",\"item\":\"https:\/\/clavreuil-wordpress.logiciel-arteo.fr\/\"},{\"@type\":\"ListItem\",\"position\":2,\"name\":\"All our books\",\"item\":\"https:\/\/clavreuil-wordpress.logiciel-arteo.fr\/en\/all-our-books\/\"},{\"@type\":\"ListItem\",\"position\":3,\"name\":\"LE GOBIEN Charles Histoire des isles Marianes, nouvellement...\"}]},{\"@type\":\"WebSite\",\"@id\":\"https:\/\/clavreuil-wordpress.logiciel-arteo.fr\/#website\",\"url\":\"https:\/\/clavreuil-wordpress.logiciel-arteo.fr\/\",\"name\":\"Libairie Clavreuil\",\"description\":\"\",\"publisher\":{\"@id\":\"https:\/\/clavreuil-wordpress.logiciel-arteo.fr\/#organization\"},\"potentialAction\":[{\"@type\":\"SearchAction\",\"target\":{\"@type\":\"EntryPoint\",\"urlTemplate\":\"https:\/\/clavreuil-wordpress.logiciel-arteo.fr\/?s={search_term_string}\"},\"query-input\":{\"@type\":\"PropertyValueSpecification\",\"valueRequired\":true,\"valueName\":\"search_term_string\"}}],\"inLanguage\":\"en-US\"},{\"@type\":\"Organization\",\"@id\":\"https:\/\/clavreuil-wordpress.logiciel-arteo.fr\/#organization\",\"name\":\"Libairie Clavreuil\",\"url\":\"https:\/\/clavreuil-wordpress.logiciel-arteo.fr\/\",\"logo\":{\"@type\":\"ImageObject\",\"inLanguage\":\"en-US\",\"@id\":\"https:\/\/clavreuil-wordpress.logiciel-arteo.fr\/#\/schema\/logo\/image\/\",\"url\":\"https:\/\/clavreuil-wordpress.logiciel-arteo.fr\/wp-content\/uploads\/2021\/05\/LOGO_PNG_DATE-_gold.png\",\"contentUrl\":\"https:\/\/clavreuil-wordpress.logiciel-arteo.fr\/wp-content\/uploads\/2021\/05\/LOGO_PNG_DATE-_gold.png\",\"width\":2083,\"height\":1917,\"caption\":\"Libairie Clavreuil\"},\"image\":{\"@id\":\"https:\/\/clavreuil-wordpress.logiciel-arteo.fr\/#\/schema\/logo\/image\/\"}}]}<\/script>\n<!-- \/ Yoast SEO plugin. -->","yoast_head_json":{"title":"LE GOBIEN Charles Histoire des isles Marianes, nouvellement converties \u00e0 la religion Chrestienne ; &amp; la mort glorieuse des premiers missionnaires qui y ont pr\u00each\u00e9 la foy. - Libairie Clavreuil","robots":{"index":"noindex","follow":"follow","max-snippet":"max-snippet:-1","max-image-preview":"max-image-preview:large","max-video-preview":"max-video-preview:-1"},"og_locale":"en_US","og_type":"article","og_title":"LE GOBIEN Charles Histoire des isles Marianes, nouvellement converties \u00e0 la religion Chrestienne ; &amp; la mort glorieuse des premiers missionnaires qui y ont pr\u00each\u00e9 la foy. - Libairie Clavreuil","og_description":"12mo (159 x 88 mm) 12 nn.ll., 433 pp., 6 nn.ll., 2 engraved folding plates. Contemporary calf, spine gilt with raised bands, red speckled edges (spines slightly restroed).","og_url":"https:\/\/clavreuil-wordpress.logiciel-arteo.fr\/en\/le-gobien-charles-histoire-des-isles-marianes-nouvellement-converties-a-la-religion-chrestienne-la-mort-glorieuse-des-premiers-missionnaires-qui-y-ont-preche-la-foy\/","og_site_name":"Libairie Clavreuil","article_modified_time":"2024-04-24T09:52:38+00:00","og_image":[{"width":1444,"height":2441,"url":"https:\/\/clavreuil-wordpress.logiciel-arteo.fr\/wp-content\/uploads\/2024\/04\/charles-le-gobien-histoire-des-isles-marianes-nouvellement-converties-a-la-religion-chrestienne-la-mort-glorieuse-des-premiers-missionnaires-qui-y-ont.jpg","type":"image\/jpeg"}],"twitter_card":"summary_large_image","twitter_misc":{"Est. reading time":"2 minutes"},"schema":{"@context":"https:\/\/schema.org","@graph":[{"@type":"WebPage","@id":"https:\/\/clavreuil-wordpress.logiciel-arteo.fr\/en\/le-gobien-charles-histoire-des-isles-marianes-nouvellement-converties-a-la-religion-chrestienne-la-mort-glorieuse-des-premiers-missionnaires-qui-y-ont-preche-la-foy\/","url":"https:\/\/clavreuil-wordpress.logiciel-arteo.fr\/en\/le-gobien-charles-histoire-des-isles-marianes-nouvellement-converties-a-la-religion-chrestienne-la-mort-glorieuse-des-premiers-missionnaires-qui-y-ont-preche-la-foy\/","name":"LE GOBIEN Charles Histoire des isles Marianes, nouvellement converties \u00e0 la religion Chrestienne ; &amp; la mort glorieuse des premiers missionnaires qui y ont pr\u00each\u00e9 la foy. - Libairie Clavreuil","isPartOf":{"@id":"https:\/\/clavreuil-wordpress.logiciel-arteo.fr\/#website"},"primaryImageOfPage":{"@id":"https:\/\/clavreuil-wordpress.logiciel-arteo.fr\/en\/le-gobien-charles-histoire-des-isles-marianes-nouvellement-converties-a-la-religion-chrestienne-la-mort-glorieuse-des-premiers-missionnaires-qui-y-ont-preche-la-foy\/#primaryimage"},"image":{"@id":"https:\/\/clavreuil-wordpress.logiciel-arteo.fr\/en\/le-gobien-charles-histoire-des-isles-marianes-nouvellement-converties-a-la-religion-chrestienne-la-mort-glorieuse-des-premiers-missionnaires-qui-y-ont-preche-la-foy\/#primaryimage"},"thumbnailUrl":"https:\/\/clavreuil-wordpress.logiciel-arteo.fr\/wp-content\/uploads\/2024\/04\/charles-le-gobien-histoire-des-isles-marianes-nouvellement-converties-a-la-religion-chrestienne-la-mort-glorieuse-des-premiers-missionnaires-qui-y-ont.jpg","datePublished":"2024-04-24T09:51:59+00:00","dateModified":"2024-04-24T09:52:38+00:00","breadcrumb":{"@id":"https:\/\/clavreuil-wordpress.logiciel-arteo.fr\/en\/le-gobien-charles-histoire-des-isles-marianes-nouvellement-converties-a-la-religion-chrestienne-la-mort-glorieuse-des-premiers-missionnaires-qui-y-ont-preche-la-foy\/#breadcrumb"},"inLanguage":"en-US","potentialAction":[{"@type":"ReadAction","target":["https:\/\/clavreuil-wordpress.logiciel-arteo.fr\/en\/le-gobien-charles-histoire-des-isles-marianes-nouvellement-converties-a-la-religion-chrestienne-la-mort-glorieuse-des-premiers-missionnaires-qui-y-ont-preche-la-foy\/"]}]},{"@type":"ImageObject","inLanguage":"en-US","@id":"https:\/\/clavreuil-wordpress.logiciel-arteo.fr\/en\/le-gobien-charles-histoire-des-isles-marianes-nouvellement-converties-a-la-religion-chrestienne-la-mort-glorieuse-des-premiers-missionnaires-qui-y-ont-preche-la-foy\/#primaryimage","url":"https:\/\/clavreuil-wordpress.logiciel-arteo.fr\/wp-content\/uploads\/2024\/04\/charles-le-gobien-histoire-des-isles-marianes-nouvellement-converties-a-la-religion-chrestienne-la-mort-glorieuse-des-premiers-missionnaires-qui-y-ont.jpg","contentUrl":"https:\/\/clavreuil-wordpress.logiciel-arteo.fr\/wp-content\/uploads\/2024\/04\/charles-le-gobien-histoire-des-isles-marianes-nouvellement-converties-a-la-religion-chrestienne-la-mort-glorieuse-des-premiers-missionnaires-qui-y-ont.jpg","width":1444,"height":2441},{"@type":"BreadcrumbList","@id":"https:\/\/clavreuil-wordpress.logiciel-arteo.fr\/en\/le-gobien-charles-histoire-des-isles-marianes-nouvellement-converties-a-la-religion-chrestienne-la-mort-glorieuse-des-premiers-missionnaires-qui-y-ont-preche-la-foy\/#breadcrumb","itemListElement":[{"@type":"ListItem","position":1,"name":"Accueil","item":"https:\/\/clavreuil-wordpress.logiciel-arteo.fr\/"},{"@type":"ListItem","position":2,"name":"All our books","item":"https:\/\/clavreuil-wordpress.logiciel-arteo.fr\/en\/all-our-books\/"},{"@type":"ListItem","position":3,"name":"LE GOBIEN Charles Histoire des isles Marianes, nouvellement..."}]},{"@type":"WebSite","@id":"https:\/\/clavreuil-wordpress.logiciel-arteo.fr\/#website","url":"https:\/\/clavreuil-wordpress.logiciel-arteo.fr\/","name":"Libairie Clavreuil","description":"","publisher":{"@id":"https:\/\/clavreuil-wordpress.logiciel-arteo.fr\/#organization"},"potentialAction":[{"@type":"SearchAction","target":{"@type":"EntryPoint","urlTemplate":"https:\/\/clavreuil-wordpress.logiciel-arteo.fr\/?s={search_term_string}"},"query-input":{"@type":"PropertyValueSpecification","valueRequired":true,"valueName":"search_term_string"}}],"inLanguage":"en-US"},{"@type":"Organization","@id":"https:\/\/clavreuil-wordpress.logiciel-arteo.fr\/#organization","name":"Libairie Clavreuil","url":"https:\/\/clavreuil-wordpress.logiciel-arteo.fr\/","logo":{"@type":"ImageObject","inLanguage":"en-US","@id":"https:\/\/clavreuil-wordpress.logiciel-arteo.fr\/#\/schema\/logo\/image\/","url":"https:\/\/clavreuil-wordpress.logiciel-arteo.fr\/wp-content\/uploads\/2021\/05\/LOGO_PNG_DATE-_gold.png","contentUrl":"https:\/\/clavreuil-wordpress.logiciel-arteo.fr\/wp-content\/uploads\/2021\/05\/LOGO_PNG_DATE-_gold.png","width":2083,"height":1917,"caption":"Libairie Clavreuil"},"image":{"@id":"https:\/\/clavreuil-wordpress.logiciel-arteo.fr\/#\/schema\/logo\/image\/"}}]}},"_links":{"self":[{"href":"https:\/\/clavreuil-wordpress.logiciel-arteo.fr\/en\/wp-json\/wp\/v2\/product\/74971","targetHints":{"allow":["GET"]}}],"collection":[{"href":"https:\/\/clavreuil-wordpress.logiciel-arteo.fr\/en\/wp-json\/wp\/v2\/product"}],"about":[{"href":"https:\/\/clavreuil-wordpress.logiciel-arteo.fr\/en\/wp-json\/wp\/v2\/types\/product"}],"replies":[{"embeddable":true,"href":"https:\/\/clavreuil-wordpress.logiciel-arteo.fr\/en\/wp-json\/wp\/v2\/comments?post=74971"}],"wp:featuredmedia":[{"embeddable":true,"href":"https:\/\/clavreuil-wordpress.logiciel-arteo.fr\/en\/wp-json\/wp\/v2\/media\/74964"}],"wp:attachment":[{"href":"https:\/\/clavreuil-wordpress.logiciel-arteo.fr\/en\/wp-json\/wp\/v2\/media?parent=74971"}],"wp:term":[{"taxonomy":"product_brand","embeddable":true,"href":"https:\/\/clavreuil-wordpress.logiciel-arteo.fr\/en\/wp-json\/wp\/v2\/product_brand?post=74971"},{"taxonomy":"product_cat","embeddable":true,"href":"https:\/\/clavreuil-wordpress.logiciel-arteo.fr\/en\/wp-json\/wp\/v2\/product_cat?post=74971"},{"taxonomy":"product_tag","embeddable":true,"href":"https:\/\/clavreuil-wordpress.logiciel-arteo.fr\/en\/wp-json\/wp\/v2\/product_tag?post=74971"}],"curies":[{"name":"wp","href":"https:\/\/api.w.org\/{rel}","templated":true}]}}